{"id":1555,"date":"2024-09-02T14:00:33","date_gmt":"2024-09-02T14:00:33","guid":{"rendered":"https:\/\/www.peanutoem.com\/?post_type=product&#038;p=1555"},"modified":"2024-09-28T04:44:51","modified_gmt":"2024-09-28T04:44:51","slug":"roasted-peanut-kernels-in-split","status":"publish","type":"product","link":"https:\/\/www.peanutoem.com\/et\/manufacturer\/roasted-peanut-kernels-in-split\/","title":{"rendered":"R\u00f6stitud maap\u00e4hklituumad Splitis | Viilutatud r\u00f6stitud maap\u00e4hkli tuumad"},"content":{"rendered":"<h3>Mis on r\u00f6stitud maap\u00e4hklituumad Splitis?<\/h3>\n<p>R\u00f6stitud maap\u00e4hklituumad Splitis ehk r\u00f6stitud poolitatud maap\u00e4hklituumad on maap\u00e4hklid, mis on hoolikalt t\u00e4iuslikkuseni r\u00f6stitud ja seej\u00e4rel hoolikalt pooleks jagatud. Need on tuntud oma rikkaliku aroomi, kr\u00f5beda maitse ja laialdase kasutuse poolest suupistetes, k\u00fcpsetistes ja mitmesugustes toitudes. R\u00f6stimisprotsess mitte ainult ei paranda maap\u00e4hklite loomulikku maitset, vaid muudab need ka ideaalseks valikuks toidutootjatele, suupistebr\u00e4ndidele ja tarbijatele, kes j\u00e4rgivad tervislikumat toitumist.<\/p>\n<h3>Alternatiivsed nimed r\u00f6stitud maap\u00e4hkli tuumadele Splitis<\/h3>\n<p>Spliti r\u00f6stitud maap\u00e4hklituumadele viidatakse s\u00f5ltuvalt piirkonnast v\u00f5i turust ka muude nimetustega, sealhulgas:<\/p>\n<ul>\n<li>T\u00fckeldatud r\u00f6stitud maap\u00e4hklid<\/li>\n<li>R\u00f6stitud maap\u00e4hklipoolikud<\/li>\n<li>T\u00fckeldatud r\u00f6stitud maap\u00e4hkli tuumad<\/li>\n<li>Maap\u00e4hkli l\u00f5heneb<\/li>\n<\/ul>\n<h3>Asjakohased kuumad teemad<\/h3>\n<ol>\n<li><strong>R\u00f6stitud maap\u00e4hklituumade tervisega seotud eelised<\/strong>: R\u00f6stitud maap\u00e4hklituumad on rikkalik valgu, tervislike rasvade ja oluliste vitamiinide allikas. Need on toitev suupiste v\u00f5i koostisosa erinevatest tervisele suunatud toodetest.<\/li>\n<li><strong>Kasvav n\u00f5udlus maap\u00e4hklip\u00f5histe suupistete j\u00e4rele:<\/strong> R\u00f6stitud maap\u00e4hklituumad poolitatud kujul koguvad populaarsust tervislike suupistete n\u00f5udluse kasvu t\u00f5ttu.<\/li>\n<li><strong>Toiduohutus ja kvaliteedikontroll maap\u00e4hkli t\u00f6\u00f6tlemisel:<\/strong> K\u00f5rgete tootmis- ja k\u00e4itlemisstandardite s\u00e4ilitamine on toote terviklikkuse ja toiduohutuse eeskirjade j\u00e4rgimise jaoks \u00fclioluline.<\/li>\n<li><strong>Private Label maap\u00e4hklitooted:<\/strong> Paljud kaubam\u00e4rgid valivad meie privaatsete kaubam\u00e4rkide teenused, et pakkuda oma kaubam\u00e4rgi all esmaklassilisi viilutatud r\u00f6stitud maap\u00e4hkli tuumasid.<\/li>\n<\/ol>\n<p><img loading=\"lazy\" decoding=\"async\" class=\"alignnone wp-image-1720 size-large\" src=\"https:\/\/www.peanutoem.com\/wp-content\/uploads\/2024\/09\/Roasted-Peanut-Power-in-Carton-1024x908.webp\" alt=\"R\u00f6stitud maap\u00e4hkli v\u00f5imsus karbis\" width=\"1020\" height=\"904\" srcset=\"https:\/\/www.peanutoem.com\/wp-content\/uploads\/2024\/09\/Roasted-Peanut-Power-in-Carton-1024x908.webp 1024w, https:\/\/www.peanutoem.com\/wp-content\/uploads\/2024\/09\/Roasted-Peanut-Power-in-Carton-300x266.webp 300w, https:\/\/www.peanutoem.com\/wp-content\/uploads\/2024\/09\/Roasted-Peanut-Power-in-Carton-768x681.webp 768w, https:\/\/www.peanutoem.com\/wp-content\/uploads\/2024\/09\/Roasted-Peanut-Power-in-Carton-1536x1362.webp 1536w, https:\/\/www.peanutoem.com\/wp-content\/uploads\/2024\/09\/Roasted-Peanut-Power-in-Carton-2048x1816.webp 2048w, https:\/\/www.peanutoem.com\/wp-content\/uploads\/2024\/09\/Roasted-Peanut-Power-in-Carton-14x12.webp 14w, https:\/\/www.peanutoem.com\/wp-content\/uploads\/2024\/09\/Roasted-Peanut-Power-in-Carton-600x532.webp 600w\" sizes=\"auto, (max-width: 1020px) 100vw, 1020px\" \/><\/p>\n<hr \/>\n<h3>Miks valida meid viilutatud r\u00f6stitud maap\u00e4hklituumade tarnijaks?<\/h3>\n<p>Oleme r\u00f6stitud maap\u00e4hklituumade usaldusv\u00e4\u00e4rne tarnija Splitis mitmel m\u00f5juval p\u00f5hjusel:<\/p>\n<ul>\n<li><strong>T\u00e4iustatud tootmisrajatised:<\/strong> Meie tehas kasutab tipptasemel r\u00f6stimis- ja l\u00f5ikamisprotsesside jaoks USA tipptasemel tootmisliine.<\/li>\n<li><strong>Range kvaliteedi tagamine:<\/strong> Teostame oma laboris p\u00f5hjalikke katseid, et tagada iga partii vastavus \u00fclemaailmsetele standarditele.<\/li>\n<li><strong>\u00dclemaailmsed sertifikaadid:<\/strong> Meie r\u00f6stitud maap\u00e4hklituumad on kvaliteedi ja ohutuse tagamiseks sertifitseeritud HACCP, BRCGS, Kosher, Halal ja EU Organic poolt.<\/li>\n<li><strong>Usaldusv\u00e4\u00e4rne tarneahel:<\/strong> Meie suur p\u00fcsiva temperatuuriga ladu tagab toote kvaliteedi ja tarne stabiilsuse aastaringselt.<\/li>\n<li><strong>Kohandatud teenused:<\/strong> Pakume oma kaubam\u00e4rkide lahendusi, mis on kohandatud vastama kaubam\u00e4rkide ja importijate erivajadustele kogu maailmas.<\/li>\n<li><strong>S\u00e4\u00e4stev areng:<\/strong> Keskendume j\u00e4tkusuutlikele tavadele ja teeme vastastikuse heaolu nimel koost\u00f6\u00f6d tuntud supermarketite kettidega.<\/li>\n<\/ul>\n<h3>K\u00fcsimused ja vastused viilutatud r\u00f6stitud maap\u00e4hkli tuumade kohta<\/h3>\n<p><strong>K: Mis teeb teist r\u00f6stitud maap\u00e4hklituumade juhtiva tarnija?<\/strong><br \/>\n<strong>V:<\/strong> Meie t\u00e4iustatud tootmisrajatised, range kvaliteedi tagamine ja \u00fclemaailmsed sertifikaadid tagavad, et tarnime pidevalt k\u00f5rge kvaliteediga tooteid.<\/p>\n<p><strong>K: Kas ma saan oma kaubam\u00e4rgi all olevat pakendit kohandada?<\/strong><br \/>\n<strong>V:<\/strong> Jah, pakume jaem\u00fc\u00fcgiteenuseid, v\u00f5imaldades pakendit ja kaubam\u00e4rki t\u00e4ielikult kohandada vastavalt teie turu vajadustele.<\/p>\n<p><strong>K: Millised sertifikaadid on teie r\u00f6stitud maap\u00e4hkli tuumadel?<\/strong><br \/>\n<strong>V:<\/strong> Meie tooted on sertifitseeritud HACCP, BRC, Halal, Kosher, EU Organic ja muude \u00fclemaailmsete standardite j\u00e4rgi, tagades kvaliteedi ja ohutuse.<\/p>\n<p><strong>K: Kuidas tagate v\u00e4rskuse ja kvaliteedi?<\/strong><br \/>\n<strong>V:<\/strong> Meie suur p\u00fcsitemperatuuri hoidla s\u00e4ilitab optimaalsed tingimused, s\u00e4ilitades v\u00e4rskuse ja kvaliteedi kuni tarnimiseni.<\/p>\n<p><strong>K: Kas pakute rahvusvaheliste saadetiste hulgitellimusi?<\/strong><br \/>\n<strong>V:<\/strong> Jah, oleme spetsialiseerunud hulgitellimustele ja rahvusvahelistele saadetistele, tagades \u00fclemaailmsetele klientidele sujuva tarneahela.<\/p>\n<p><strong>K: Mis kasu on poolitatud kujul r\u00f6stitud maap\u00e4hklituumade valimisel?<\/strong><br \/>\n<strong>V:<\/strong> T\u00fckeldatud r\u00f6stitud maap\u00e4hklituumad pakuvad t\u00e4iustatud maitse ja tekstuuriga kasutusvalmis toodet, mis sobib ideaalselt suupistete ja lisanditega.<\/p>\n<p><strong>K: Kas teie r\u00f6stitud maap\u00e4hkli tuumades on lisaaineid?<\/strong><br \/>\n<strong>V:<\/strong> Ei, meie r\u00f6stitud maap\u00e4hklituumad ei sisalda lisaaineid ega s\u00e4ilitusaineid, mis tagab loodusliku toote.<\/p>\n<p><strong>K: Kas ma saan taotleda konkreetseid r\u00f6stimistasemeid?<\/strong><br \/>\n<strong>V:<\/strong> Jah, me saame kohandada r\u00f6stimise taset vastavalt teie spetsifikatsioonidele, olenemata sellest, kas eelistate heledat, keskmist v\u00f5i tumedat r\u00f6sti.<\/p>\n<p><strong>K: Kuidas ma saan proovi taotleda?<\/strong><br \/>\n<strong>V:<\/strong> <a href=\"mailto:globepeanut@gmail.com\" target=\"_blank\" rel=\"noopener\">V\u00f5tke \u00fchendust <\/a>meie m\u00fc\u00fcgimeeskond, et taotleda n\u00e4idist ja arutada teie konkreetseid vajadusi.<\/p>\n<p><strong>K: Millistele turgudele tarnite?<\/strong><br \/>\n<strong>V:<\/strong> Tarnime tugevate t\u00f6\u00f6stuspartnerlustega r\u00f6stitud maap\u00e4hklituumasid erinevatele turgudele \u00fcle maailma, sealhulgas P\u00f5hja-Ameerikas, Euroopas, Aasias ja L\u00e4his-Idas.<\/p>\n<a href=\"mailto:globepeanut@gmail.com\" class=\"button primary is-primary is-medium\"  >\n    <span>Saatke meile e-kiri<\/span>\n  <\/a>","protected":false},"excerpt":{"rendered":"<p>Oleme viilutatud r\u00f6stitud maap\u00e4hkli tuumade tootja ja tarnija Hiinas<\/p>\n<p>- MOQ: 1 tonn<br \/>\n- Pakutakse OEM\/ODM-teenust<br \/>\n- Saadaval on tasuta n\u00e4idis<br \/>\n- N\u00f5ustuge kohandamisega (spetsifikatsioonid, suurused, v\u00e4rv, disain jne)<br \/>\n- Tehnilised andmed (3-5 silma, 4-7 v\u00f5rgusilma, 5-8 silma, 6-10 v\u00f5rgusilma, 8-14 silma v\u00f5i vastavalt teie n\u00f5udele)<\/p>\n<p>Kui soovite saada r\u00f6stitud maap\u00e4hkli tuumasid t\u00fckeldatud v\u00f5i viilutatud r\u00f6stitud maap\u00e4hkli tuumades, v\u00f5tke meiega \u00fchendust.<\/p>","protected":false},"featured_media":1712,"comment_status":"open","ping_status":"closed","template":"","meta":[],"product_cat":[37],"product_tag":[],"class_list":{"0":"post-1555","1":"product","2":"type-product","3":"status-publish","4":"has-post-thumbnail","6":"product_cat-roasted-peanut","8":"first","9":"instock","10":"shipping-taxable","11":"product-type-simple"},"yoast_head":"<!-- This site is optimized with the Yoast SEO plugin v24.9 - https:\/\/yoast.com\/wordpress\/plugins\/seo\/ -->\n<title>Roasted Peanut Kernels in Split | Sliced Roasted Peanut Kernels - Peanut Butter Factory<\/title>\n<meta name=\"description\" content=\"We are leading OEM manufacturer, supplier, and exporter of high-quality Roasted Peanut Kernels in Split. Private label services and global brands partner.\" \/>\n<meta name=\"robots\" content=\"index, follow, max-snippet:-1, max-image-preview:large, max-video-preview:-1\" \/>\n<link rel=\"canonical\" href=\"https:\/\/www.peanutoem.com\/et\/manufacturer\/roasted-peanut-kernels-in-split\/\" \/>\n<meta property=\"og:locale\" content=\"et_EE\" \/>\n<meta property=\"og:type\" content=\"article\" \/>\n<meta property=\"og:title\" content=\"Roasted Peanut Kernels in Split | Sliced Roasted Peanut Kernels - Peanut Butter Factory\" \/>\n<meta property=\"og:description\" content=\"We are leading OEM manufacturer, supplier, and exporter of high-quality Roasted Peanut Kernels in Split. Private label services and global brands partner.\" \/>\n<meta property=\"og:url\" content=\"https:\/\/www.peanutoem.com\/et\/manufacturer\/roasted-peanut-kernels-in-split\/\" \/>\n<meta property=\"og:site_name\" content=\"Peanut Butter Factory\" \/>\n<meta property=\"article:modified_time\" content=\"2024-09-28T04:44:51+00:00\" \/>\n<meta property=\"og:image\" content=\"https:\/\/www.peanutoem.com\/wp-content\/uploads\/2024\/09\/4-6mm-roasted-peanut-kernels-scaled.webp\" \/>\n\t<meta property=\"og:image:width\" content=\"1920\" \/>\n\t<meta property=\"og:image:height\" content=\"2560\" \/>\n\t<meta property=\"og:image:type\" content=\"image\/webp\" \/>\n<meta name=\"twitter:card\" content=\"summary_large_image\" \/>\n<meta name=\"twitter:label1\" content=\"Est. reading time\" \/>\n\t<meta name=\"twitter:data1\" content=\"4 minutit\" \/>\n<script type=\"application\/ld+json\" class=\"yoast-schema-graph\">{\"@context\":\"https:\/\/schema.org\",\"@graph\":[{\"@type\":\"WebPage\",\"@id\":\"https:\/\/www.peanutoem.com\/manufacturer\/roasted-peanut-kernels-in-split\/\",\"url\":\"https:\/\/www.peanutoem.com\/manufacturer\/roasted-peanut-kernels-in-split\/\",\"name\":\"Roasted Peanut Kernels in Split | Sliced Roasted Peanut Kernels - Peanut Butter Factory\",\"isPartOf\":{\"@id\":\"https:\/\/www.peanutoem.com\/#website\"},\"primaryImageOfPage\":{\"@id\":\"https:\/\/www.peanutoem.com\/manufacturer\/roasted-peanut-kernels-in-split\/#primaryimage\"},\"image\":{\"@id\":\"https:\/\/www.peanutoem.com\/manufacturer\/roasted-peanut-kernels-in-split\/#primaryimage\"},\"thumbnailUrl\":\"https:\/\/www.peanutoem.com\/wp-content\/uploads\/2024\/09\/4-6mm-roasted-peanut-kernels-scaled.webp\",\"datePublished\":\"2024-09-02T14:00:33+00:00\",\"dateModified\":\"2024-09-28T04:44:51+00:00\",\"description\":\"We are leading OEM manufacturer, supplier, and exporter of high-quality Roasted Peanut Kernels in Split. Private label services and global brands partner.\",\"breadcrumb\":{\"@id\":\"https:\/\/www.peanutoem.com\/manufacturer\/roasted-peanut-kernels-in-split\/#breadcrumb\"},\"inLanguage\":\"et\",\"potentialAction\":[{\"@type\":\"ReadAction\",\"target\":[\"https:\/\/www.peanutoem.com\/manufacturer\/roasted-peanut-kernels-in-split\/\"]}]},{\"@type\":\"ImageObject\",\"inLanguage\":\"et\",\"@id\":\"https:\/\/www.peanutoem.com\/manufacturer\/roasted-peanut-kernels-in-split\/#primaryimage\",\"url\":\"https:\/\/www.peanutoem.com\/wp-content\/uploads\/2024\/09\/4-6mm-roasted-peanut-kernels-scaled.webp\",\"contentUrl\":\"https:\/\/www.peanutoem.com\/wp-content\/uploads\/2024\/09\/4-6mm-roasted-peanut-kernels-scaled.webp\",\"width\":1920,\"height\":2560,\"caption\":\"4-6mm roasted peanut kernels\"},{\"@type\":\"BreadcrumbList\",\"@id\":\"https:\/\/www.peanutoem.com\/manufacturer\/roasted-peanut-kernels-in-split\/#breadcrumb\",\"itemListElement\":[{\"@type\":\"ListItem\",\"position\":1,\"name\":\"Home\",\"item\":\"https:\/\/www.peanutoem.com\/\"},{\"@type\":\"ListItem\",\"position\":2,\"name\":\"Products\",\"item\":\"https:\/\/www.peanutoem.com\/shop\/\"},{\"@type\":\"ListItem\",\"position\":3,\"name\":\"Roasted Peanut Kernels in Split | Sliced Roasted Peanut Kernels\"}]},{\"@type\":\"WebSite\",\"@id\":\"https:\/\/www.peanutoem.com\/#website\",\"url\":\"https:\/\/www.peanutoem.com\/\",\"name\":\"Peanut Butter Factory\",\"description\":\"Peanut Butter Manufacturer and Roast Peanut OEM Factory | Peanut Private Label China Supplier\",\"publisher\":{\"@id\":\"https:\/\/www.peanutoem.com\/#organization\"},\"alternateName\":\"Peanut Butter OEM and Wholesale\",\"potentialAction\":[{\"@type\":\"SearchAction\",\"target\":{\"@type\":\"EntryPoint\",\"urlTemplate\":\"https:\/\/www.peanutoem.com\/?s={search_term_string}\"},\"query-input\":{\"@type\":\"PropertyValueSpecification\",\"valueRequired\":true,\"valueName\":\"search_term_string\"}}],\"inLanguage\":\"et\"},{\"@type\":\"Organization\",\"@id\":\"https:\/\/www.peanutoem.com\/#organization\",\"name\":\"Peanut Butter Factory\",\"alternateName\":\"JuFeng Group\",\"url\":\"https:\/\/www.peanutoem.com\/\",\"logo\":{\"@type\":\"ImageObject\",\"inLanguage\":\"et\",\"@id\":\"https:\/\/www.peanutoem.com\/#\/schema\/logo\/image\/\",\"url\":\"https:\/\/www.peanutoem.com\/wp-content\/uploads\/2024\/09\/JUFENG-LOGO.png\",\"contentUrl\":\"https:\/\/www.peanutoem.com\/wp-content\/uploads\/2024\/09\/JUFENG-LOGO.png\",\"width\":600,\"height\":170,\"caption\":\"Peanut Butter Factory\"},\"image\":{\"@id\":\"https:\/\/www.peanutoem.com\/#\/schema\/logo\/image\/\"}}]}<\/script>\n<!-- \/ Yoast SEO plugin. -->","yoast_head_json":{"title":"Roasted Peanut Kernels in Split | Sliced Roasted Peanut Kernels - Peanut Butter Factory","description":"We are leading OEM manufacturer, supplier, and exporter of high-quality Roasted Peanut Kernels in Split. Private label services and global brands partner.","robots":{"index":"index","follow":"follow","max-snippet":"max-snippet:-1","max-image-preview":"max-image-preview:large","max-video-preview":"max-video-preview:-1"},"canonical":"https:\/\/www.peanutoem.com\/et\/manufacturer\/roasted-peanut-kernels-in-split\/","og_locale":"et_EE","og_type":"article","og_title":"Roasted Peanut Kernels in Split | Sliced Roasted Peanut Kernels - Peanut Butter Factory","og_description":"We are leading OEM manufacturer, supplier, and exporter of high-quality Roasted Peanut Kernels in Split. Private label services and global brands partner.","og_url":"https:\/\/www.peanutoem.com\/et\/manufacturer\/roasted-peanut-kernels-in-split\/","og_site_name":"Peanut Butter Factory","article_modified_time":"2024-09-28T04:44:51+00:00","og_image":[{"width":1920,"height":2560,"url":"https:\/\/www.peanutoem.com\/wp-content\/uploads\/2024\/09\/4-6mm-roasted-peanut-kernels-scaled.webp","type":"image\/webp"}],"twitter_card":"summary_large_image","twitter_misc":{"Est. reading time":"4 minutit"},"schema":{"@context":"https:\/\/schema.org","@graph":[{"@type":"WebPage","@id":"https:\/\/www.peanutoem.com\/manufacturer\/roasted-peanut-kernels-in-split\/","url":"https:\/\/www.peanutoem.com\/manufacturer\/roasted-peanut-kernels-in-split\/","name":"Roasted Peanut Kernels in Split | Sliced Roasted Peanut Kernels - Peanut Butter Factory","isPartOf":{"@id":"https:\/\/www.peanutoem.com\/#website"},"primaryImageOfPage":{"@id":"https:\/\/www.peanutoem.com\/manufacturer\/roasted-peanut-kernels-in-split\/#primaryimage"},"image":{"@id":"https:\/\/www.peanutoem.com\/manufacturer\/roasted-peanut-kernels-in-split\/#primaryimage"},"thumbnailUrl":"https:\/\/www.peanutoem.com\/wp-content\/uploads\/2024\/09\/4-6mm-roasted-peanut-kernels-scaled.webp","datePublished":"2024-09-02T14:00:33+00:00","dateModified":"2024-09-28T04:44:51+00:00","description":"We are leading OEM manufacturer, supplier, and exporter of high-quality Roasted Peanut Kernels in Split. Private label services and global brands partner.","breadcrumb":{"@id":"https:\/\/www.peanutoem.com\/manufacturer\/roasted-peanut-kernels-in-split\/#breadcrumb"},"inLanguage":"et","potentialAction":[{"@type":"ReadAction","target":["https:\/\/www.peanutoem.com\/manufacturer\/roasted-peanut-kernels-in-split\/"]}]},{"@type":"ImageObject","inLanguage":"et","@id":"https:\/\/www.peanutoem.com\/manufacturer\/roasted-peanut-kernels-in-split\/#primaryimage","url":"https:\/\/www.peanutoem.com\/wp-content\/uploads\/2024\/09\/4-6mm-roasted-peanut-kernels-scaled.webp","contentUrl":"https:\/\/www.peanutoem.com\/wp-content\/uploads\/2024\/09\/4-6mm-roasted-peanut-kernels-scaled.webp","width":1920,"height":2560,"caption":"4-6mm roasted peanut kernels"},{"@type":"BreadcrumbList","@id":"https:\/\/www.peanutoem.com\/manufacturer\/roasted-peanut-kernels-in-split\/#breadcrumb","itemListElement":[{"@type":"ListItem","position":1,"name":"Home","item":"https:\/\/www.peanutoem.com\/"},{"@type":"ListItem","position":2,"name":"Products","item":"https:\/\/www.peanutoem.com\/shop\/"},{"@type":"ListItem","position":3,"name":"Roasted Peanut Kernels in Split | Sliced Roasted Peanut Kernels"}]},{"@type":"WebSite","@id":"https:\/\/www.peanutoem.com\/#website","url":"https:\/\/www.peanutoem.com\/","name":"Peanut Butter Factory","description":"Peanut Butter Manufacturer and Roast Peanut OEM Factory | Peanut Private Label China Supplier","publisher":{"@id":"https:\/\/www.peanutoem.com\/#organization"},"alternateName":"Peanut Butter OEM and Wholesale","potentialAction":[{"@type":"SearchAction","target":{"@type":"EntryPoint","urlTemplate":"https:\/\/www.peanutoem.com\/?s={search_term_string}"},"query-input":{"@type":"PropertyValueSpecification","valueRequired":true,"valueName":"search_term_string"}}],"inLanguage":"et"},{"@type":"Organization","@id":"https:\/\/www.peanutoem.com\/#organization","name":"Peanut Butter Factory","alternateName":"JuFeng Group","url":"https:\/\/www.peanutoem.com\/","logo":{"@type":"ImageObject","inLanguage":"et","@id":"https:\/\/www.peanutoem.com\/#\/schema\/logo\/image\/","url":"https:\/\/www.peanutoem.com\/wp-content\/uploads\/2024\/09\/JUFENG-LOGO.png","contentUrl":"https:\/\/www.peanutoem.com\/wp-content\/uploads\/2024\/09\/JUFENG-LOGO.png","width":600,"height":170,"caption":"Peanut Butter Factory"},"image":{"@id":"https:\/\/www.peanutoem.com\/#\/schema\/logo\/image\/"}}]}},"_links":{"self":[{"href":"https:\/\/www.peanutoem.com\/et\/wp-json\/wp\/v2\/product\/1555","targetHints":{"allow":["GET"]}}],"collection":[{"href":"https:\/\/www.peanutoem.com\/et\/wp-json\/wp\/v2\/product"}],"about":[{"href":"https:\/\/www.peanutoem.com\/et\/wp-json\/wp\/v2\/types\/product"}],"replies":[{"embeddable":true,"href":"https:\/\/www.peanutoem.com\/et\/wp-json\/wp\/v2\/comments?post=1555"}],"wp:featuredmedia":[{"embeddable":true,"href":"https:\/\/www.peanutoem.com\/et\/wp-json\/wp\/v2\/media\/1712"}],"wp:attachment":[{"href":"https:\/\/www.peanutoem.com\/et\/wp-json\/wp\/v2\/media?parent=1555"}],"wp:term":[{"taxonomy":"product_cat","embeddable":true,"href":"https:\/\/www.peanutoem.com\/et\/wp-json\/wp\/v2\/product_cat?post=1555"},{"taxonomy":"product_tag","embeddable":true,"href":"https:\/\/www.peanutoem.com\/et\/wp-json\/wp\/v2\/product_tag?post=1555"}],"curies":[{"name":"wp","href":"https:\/\/api.w.org\/{rel}","templated":true}]}}