{"id":1556,"date":"2024-09-02T14:00:57","date_gmt":"2024-09-02T14:00:57","guid":{"rendered":"https:\/\/www.peanutoem.com\/?post_type=product&#038;p=1556"},"modified":"2024-09-28T04:23:49","modified_gmt":"2024-09-28T04:23:49","slug":"roasted-peanut-powder","status":"publish","type":"product","link":"https:\/\/www.peanutoem.com\/et\/manufacturer\/roasted-peanut-powder\/","title":{"rendered":"R\u00f6stitud maap\u00e4hklipulber"},"content":{"rendered":"<h3>Mis on r\u00f6stitud maap\u00e4hklipulber?<\/h3>\n<p>R\u00f6stitud maap\u00e4hklipulber valmistatakse maap\u00e4hklite peeneks jahvatamisel ja nende loomuliku maitse tugevdamisel l\u00e4bi a <a href=\"https:\/\/en.wikipedia.org\/wiki\/Roasting\" target=\"_blank\" rel=\"noopener\">r\u00f6stimine<\/a> protsessi. See mitmek\u00fclgne koostisosa on toiduainet\u00f6\u00f6stuses populaarne, toimides maap\u00e4hklisuupistete, k\u00fcpsetiste, kastmete ja valgupulbrite esmaklassilise komponendina. R\u00f6stimisprotsess suurendab m\u00e4rkimisv\u00e4\u00e4rselt maap\u00e4hklite p\u00e4hklite aroomi, muutes need eelistatud materjaliks rikkalikku maap\u00e4hklimaitset otsivatele toiduainetootjatele. Selle pulbri kujul on seda lihtne lisada erinevatesse retseptidesse, tuues toitudele rikkalikku maitset, ilma et oleks vaja t\u00e4iendavat vett.<\/p>\n<h3><img loading=\"lazy\" decoding=\"async\" class=\"alignnone wp-image-1719 size-full\" src=\"https:\/\/www.peanutoem.com\/wp-content\/uploads\/2024\/09\/Roasted-Peanut-Powder-in-Pouch.webp\" alt=\"R\u00f6stitud maap\u00e4hklipulber kotis\" width=\"912\" height=\"1128\" srcset=\"https:\/\/www.peanutoem.com\/wp-content\/uploads\/2024\/09\/Roasted-Peanut-Powder-in-Pouch.webp 912w, https:\/\/www.peanutoem.com\/wp-content\/uploads\/2024\/09\/Roasted-Peanut-Powder-in-Pouch-243x300.webp 243w, https:\/\/www.peanutoem.com\/wp-content\/uploads\/2024\/09\/Roasted-Peanut-Powder-in-Pouch-828x1024.webp 828w, https:\/\/www.peanutoem.com\/wp-content\/uploads\/2024\/09\/Roasted-Peanut-Powder-in-Pouch-768x950.webp 768w, https:\/\/www.peanutoem.com\/wp-content\/uploads\/2024\/09\/Roasted-Peanut-Powder-in-Pouch-10x12.webp 10w, https:\/\/www.peanutoem.com\/wp-content\/uploads\/2024\/09\/Roasted-Peanut-Powder-in-Pouch-600x742.webp 600w\" sizes=\"auto, (max-width: 912px) 100vw, 912px\" \/><\/h3>\n<h3>R\u00f6stitud maap\u00e4hklipulbri alternatiivsed nimetused<\/h3>\n<p>R\u00f6stitud maap\u00e4hklipulbrit tuntakse turul erinevate nimede all. M\u00f5ned levinumad alternatiivid h\u00f5lmavad j\u00e4rgmist:<\/p>\n<ul>\n<li>Maap\u00e4hklijahu<\/li>\n<li>R\u00f6stitud jahvatatud maap\u00e4hklipulber<\/li>\n<li>Maap\u00e4hkli eine<\/li>\n<li>R\u00f6stitud maap\u00e4hklitolm<\/li>\n<li>Rasvatustatud maap\u00e4hklipulber<\/li>\n<\/ul>\n<div class=\"group\/conversation-turn relative flex w-full min-w-0 flex-col agent-turn\">\n<div class=\"flex-col gap-1 md:gap-3\">\n<h3>Asjakohased kuumad teemad r\u00f6stitud maap\u00e4hklipulbri kohta<\/h3>\n<ul>\n<li data-pm-slice=\"0 0 []\"><strong>Gluteenivaba k\u00fcpsetamise rakendused:<\/strong> Rohkem pagareid kasutab r\u00f6stitud maap\u00e4hklipulbrit gluteenivabades retseptides jahuasendajana, parandades nii maitset kui ka toitumist.<\/li>\n<li><strong>Kasu tervisele:<\/strong> Tervisteadlikud tarbijad peavad r\u00f6stitud maap\u00e4hklipulbrit ahvatlevaks selle k\u00f5rge valgu-, kiudaine- ja tervisliku rasvasisalduse t\u00f5ttu.<\/li>\n<li><strong>Kasvav n\u00f5udlus taimsete valkude j\u00e4rele:<\/strong> Taimse toitumise kasvades muutub r\u00f6stitud maap\u00e4hklipulber veganite ja taimetoitlaste jaoks eelistatud valguallikaks.<\/li>\n<li><strong>Gluteenivaba k\u00fcpsetamise rakendused:<\/strong> Pagarid valivad \u00fcha enam r\u00f6stitud maap\u00e4hklipulbrit gluteenivabade retseptide jahuasendajana, mis suurendab maitset ja toitumist.<\/li>\n<li><strong>Uuenduslikud kasutusalad toiduainet\u00f6\u00f6stuses:<\/strong> See mitmek\u00fclgne koostisosa t\u00e4iustab erinevate toodete maitset ja tekstuuri, alates energiabatoonidest kuni kastmeteni.<\/li>\n<li><strong>Privaatsete kaubam\u00e4rkide v\u00f5imalused:<\/strong> Paljud kaubam\u00e4rgid valivad oma kaubam\u00e4rgiga maap\u00e4hklitooted, pakkudes meie kui usaldusv\u00e4\u00e4rse originaalseadmete tootja partnerina kohandatud r\u00f6stitud maap\u00e4hklipulbri lahendusi.<\/li>\n<\/ul>\n<h3 class=\"flex max-w-full flex-col flex-grow\"><span style=\"font-size: 20.16px;\">Usaldusv\u00e4\u00e4rse juhina maap\u00e4hklit\u00f6\u00f6tlemist\u00f6\u00f6stuses pakume kvaliteetset r\u00f6stitud maap\u00e4hklipulbrit erinevateks rakendusteks. Siin on, kuidas me silma paistame:<\/span><\/h3>\n<ul>\n<li><strong>Tipptasemel toodang:<\/strong> Meie t\u00e4iustatud tootmisliinid tagavad \u00fchtlase osakeste suuruse ja maitsega kvaliteetse r\u00f6stitud maap\u00e4hklipulbri.<\/li>\n<li><strong>Kohandatud lahendused:<\/strong> OEM-tootjana pakume teie ainulaadsete vajaduste rahuldamiseks jaem\u00fc\u00fcgiteenuseid, kohandatud r\u00f6stimistasemeid ja paindlikke pakendamisv\u00f5imalusi.<\/li>\n<li><strong>Range kvaliteedikontroll:<\/strong> J\u00e4rgime k\u00f5rgeimaid tootestandardeid rangete sensoorsete, keemiliste ja mikroobsete testide kaudu meie tipptasemel laborites.<\/li>\n<li><strong>Sertifikaadid ja vastavus:<\/strong> Meie sertifikaadid \u2013 BRCGS, HACCP, Halal, Kosher ja EU Organic \u2013 kinnitavad, et j\u00e4rgime rangeid kvaliteedi- ja ohutusstandardeid.<\/li>\n<li><strong>\u00dclemaailmsed ekspordieksperdid:<\/strong> Omades laialdasi kogemusi rahvusvahelises logistikas, garanteerime sujuva ja usaldusv\u00e4\u00e4rse ekspordiprotsessi turgudele \u00fcle maailma.<\/li>\n<li><strong>J\u00e4tkusuutlikkuse kohustus:<\/strong> Peame prioriteediks s\u00e4\u00e4stvat hankimist ja keskkonnas\u00f5bralikke tootmistavasid, aidates kaasa maap\u00e4hklit\u00f6\u00f6stuse paremasse tulevikku.<\/li>\n<\/ul>\n<h3>Miks valida meid?<\/h3>\n<ul>\n<li><strong>Parim valik:<\/strong> Meie tipptehnoloogia, kohandamisv\u00f5imalused ja \u00fclemaailmsed sertifikaadid teevad meist juhtiva tarnija.<\/li>\n<li><strong>Kohandatud pakend:<\/strong> Pakume privaatsete kaubam\u00e4rkide teenuseid, et kohandada teie pakendit ja kaubam\u00e4rki teie spetsifikatsioonidele vastavaks.<\/li>\n<li><strong>V\u00e4rskuse tagamine:<\/strong> Meie kontrollitud temperatuuriga hoiuruumid s\u00e4ilitavad toote v\u00e4rskuse ladustamise ja saatmise ajal.<\/li>\n<li><strong>R\u00f6stimise tasemed:<\/strong> Nautige kohandatavaid r\u00f6stimistasemeid heledast tumedani, mis on kujundatud vastavalt teie maitse-eelistustele.<\/li>\n<li><strong>Hulgitellimused:<\/strong> V\u00f5tke \u00fchendust meie m\u00fc\u00fcgimeeskonnaga, et h\u00f5lpsasti arutada ja t\u00e4ita oma hulgitellimuste vajadusi.<\/li>\n<li><strong>T\u00f6\u00f6stuslikud rakendused:<\/strong> Meie r\u00f6stitud maap\u00e4hklipulber on populaarne k\u00fcpsetamisel, suupistete valmistamisel, valgulisandites, kastmetes ja maitseainetes.<\/li>\n<li><strong>Gluteenivaba:<\/strong> Looduslikult gluteenivaba, see on suurep\u00e4rane valik gluteenivabade toiduainete jaoks.<\/li>\n<li><strong>N\u00e4idised saadaval:<\/strong> Pakume potentsiaalsetele klientidele n\u00e4idiseid, et hinnata meie toote kvaliteeti ja sobivust.<\/li>\n<li><strong>Globaalne katvus:<\/strong> Ekspordime P\u00f5hja-Ameerika, Euroopa, Aasia ja L\u00e4his-Ida turgudele, tagades tugeva rahvusvahelise tarnev\u00f5rgu.<\/li>\n<\/ul>\n<a href=\"mailto:globepeanut@gmail.com\" class=\"button primary is-primary is-medium\"  >\n    <span>Saatke meile e-kiri<\/span>\n  <\/a>\n\n<\/div>\n<\/div>","protected":false},"excerpt":{"rendered":"<p>Oleme r\u00f6stitud maap\u00e4hklipulbri tootja ja tarnija Hiinas<\/p>\n<p>- MOQ: 1 tonn<br \/>\n- Pakutakse OEM\/ODM-teenust<br \/>\n- Saadaval on tasuta n\u00e4idis<br \/>\n- N\u00f5ustuge kohandamisega (spetsifikatsioonid, suurused, v\u00e4rv, disain jne)<br \/>\n- Tehnilised andmed (14 v\u00f5rgusilma v\u00e4iksem v\u00f5i vastavalt teie n\u00f5udele)<\/p>\n<p>Kui soovite saada r\u00f6stitud maap\u00e4hklipulbrit, v\u00f5tke meiega \u00fchendust.<\/p>","protected":false},"featured_media":1714,"comment_status":"open","ping_status":"closed","template":"","meta":[],"product_cat":[37],"product_tag":[],"class_list":{"0":"post-1556","1":"product","2":"type-product","3":"status-publish","4":"has-post-thumbnail","6":"product_cat-roasted-peanut","8":"first","9":"instock","10":"shipping-taxable","11":"product-type-simple"},"yoast_head":"<!-- This site is optimized with the Yoast SEO plugin v24.9 - https:\/\/yoast.com\/wordpress\/plugins\/seo\/ -->\n<title>Roasted Peanut Powder Manufacturer - Peanut Butter Factory<\/title>\n<meta name=\"description\" content=\"We are a top OEM, private label manufacturer, and exporter of premium Roasted Peanut Powder, offering quality solutions globally.\" \/>\n<meta name=\"robots\" content=\"index, follow, max-snippet:-1, max-image-preview:large, max-video-preview:-1\" \/>\n<link rel=\"canonical\" href=\"https:\/\/www.peanutoem.com\/et\/manufacturer\/roasted-peanut-powder\/\" \/>\n<meta property=\"og:locale\" content=\"et_EE\" \/>\n<meta property=\"og:type\" content=\"article\" \/>\n<meta property=\"og:title\" content=\"Roasted Peanut Powder Manufacturer - Peanut Butter Factory\" \/>\n<meta property=\"og:description\" content=\"We are a top OEM, private label manufacturer, and exporter of premium Roasted Peanut Powder, offering quality solutions globally.\" \/>\n<meta property=\"og:url\" content=\"https:\/\/www.peanutoem.com\/et\/manufacturer\/roasted-peanut-powder\/\" \/>\n<meta property=\"og:site_name\" content=\"Peanut Butter Factory\" \/>\n<meta property=\"article:modified_time\" content=\"2024-09-28T04:23:49+00:00\" \/>\n<meta property=\"og:image\" content=\"https:\/\/www.peanutoem.com\/wp-content\/uploads\/2024\/09\/Roasted-Peanut-Powder.webp\" \/>\n\t<meta property=\"og:image:width\" content=\"551\" \/>\n\t<meta property=\"og:image:height\" content=\"472\" \/>\n\t<meta property=\"og:image:type\" content=\"image\/webp\" \/>\n<meta name=\"twitter:card\" content=\"summary_large_image\" \/>\n<meta name=\"twitter:label1\" content=\"Est. reading time\" \/>\n\t<meta name=\"twitter:data1\" content=\"3 minutit\" \/>\n<script type=\"application\/ld+json\" class=\"yoast-schema-graph\">{\"@context\":\"https:\/\/schema.org\",\"@graph\":[{\"@type\":\"WebPage\",\"@id\":\"https:\/\/www.peanutoem.com\/manufacturer\/roasted-peanut-powder\/\",\"url\":\"https:\/\/www.peanutoem.com\/manufacturer\/roasted-peanut-powder\/\",\"name\":\"Roasted Peanut Powder Manufacturer - Peanut Butter Factory\",\"isPartOf\":{\"@id\":\"https:\/\/www.peanutoem.com\/#website\"},\"primaryImageOfPage\":{\"@id\":\"https:\/\/www.peanutoem.com\/manufacturer\/roasted-peanut-powder\/#primaryimage\"},\"image\":{\"@id\":\"https:\/\/www.peanutoem.com\/manufacturer\/roasted-peanut-powder\/#primaryimage\"},\"thumbnailUrl\":\"https:\/\/www.peanutoem.com\/wp-content\/uploads\/2024\/09\/Roasted-Peanut-Powder.webp\",\"datePublished\":\"2024-09-02T14:00:57+00:00\",\"dateModified\":\"2024-09-28T04:23:49+00:00\",\"description\":\"We are a top OEM, private label manufacturer, and exporter of premium Roasted Peanut Powder, offering quality solutions globally.\",\"breadcrumb\":{\"@id\":\"https:\/\/www.peanutoem.com\/manufacturer\/roasted-peanut-powder\/#breadcrumb\"},\"inLanguage\":\"et\",\"potentialAction\":[{\"@type\":\"ReadAction\",\"target\":[\"https:\/\/www.peanutoem.com\/manufacturer\/roasted-peanut-powder\/\"]}]},{\"@type\":\"ImageObject\",\"inLanguage\":\"et\",\"@id\":\"https:\/\/www.peanutoem.com\/manufacturer\/roasted-peanut-powder\/#primaryimage\",\"url\":\"https:\/\/www.peanutoem.com\/wp-content\/uploads\/2024\/09\/Roasted-Peanut-Powder.webp\",\"contentUrl\":\"https:\/\/www.peanutoem.com\/wp-content\/uploads\/2024\/09\/Roasted-Peanut-Powder.webp\",\"width\":551,\"height\":472,\"caption\":\"Roasted Peanut Powder\"},{\"@type\":\"BreadcrumbList\",\"@id\":\"https:\/\/www.peanutoem.com\/manufacturer\/roasted-peanut-powder\/#breadcrumb\",\"itemListElement\":[{\"@type\":\"ListItem\",\"position\":1,\"name\":\"Home\",\"item\":\"https:\/\/www.peanutoem.com\/\"},{\"@type\":\"ListItem\",\"position\":2,\"name\":\"Products\",\"item\":\"https:\/\/www.peanutoem.com\/shop\/\"},{\"@type\":\"ListItem\",\"position\":3,\"name\":\"Roasted Peanut Powder\"}]},{\"@type\":\"WebSite\",\"@id\":\"https:\/\/www.peanutoem.com\/#website\",\"url\":\"https:\/\/www.peanutoem.com\/\",\"name\":\"Peanut Butter Factory\",\"description\":\"Peanut Butter Manufacturer and Roast Peanut OEM Factory | Peanut Private Label China Supplier\",\"publisher\":{\"@id\":\"https:\/\/www.peanutoem.com\/#organization\"},\"alternateName\":\"Peanut Butter OEM and Wholesale\",\"potentialAction\":[{\"@type\":\"SearchAction\",\"target\":{\"@type\":\"EntryPoint\",\"urlTemplate\":\"https:\/\/www.peanutoem.com\/?s={search_term_string}\"},\"query-input\":{\"@type\":\"PropertyValueSpecification\",\"valueRequired\":true,\"valueName\":\"search_term_string\"}}],\"inLanguage\":\"et\"},{\"@type\":\"Organization\",\"@id\":\"https:\/\/www.peanutoem.com\/#organization\",\"name\":\"Peanut Butter Factory\",\"alternateName\":\"JuFeng Group\",\"url\":\"https:\/\/www.peanutoem.com\/\",\"logo\":{\"@type\":\"ImageObject\",\"inLanguage\":\"et\",\"@id\":\"https:\/\/www.peanutoem.com\/#\/schema\/logo\/image\/\",\"url\":\"https:\/\/www.peanutoem.com\/wp-content\/uploads\/2024\/09\/JUFENG-LOGO.png\",\"contentUrl\":\"https:\/\/www.peanutoem.com\/wp-content\/uploads\/2024\/09\/JUFENG-LOGO.png\",\"width\":600,\"height\":170,\"caption\":\"Peanut Butter Factory\"},\"image\":{\"@id\":\"https:\/\/www.peanutoem.com\/#\/schema\/logo\/image\/\"}}]}<\/script>\n<!-- \/ Yoast SEO plugin. -->","yoast_head_json":{"title":"Roasted Peanut Powder Manufacturer - Peanut Butter Factory","description":"We are a top OEM, private label manufacturer, and exporter of premium Roasted Peanut Powder, offering quality solutions globally.","robots":{"index":"index","follow":"follow","max-snippet":"max-snippet:-1","max-image-preview":"max-image-preview:large","max-video-preview":"max-video-preview:-1"},"canonical":"https:\/\/www.peanutoem.com\/et\/manufacturer\/roasted-peanut-powder\/","og_locale":"et_EE","og_type":"article","og_title":"Roasted Peanut Powder Manufacturer - Peanut Butter Factory","og_description":"We are a top OEM, private label manufacturer, and exporter of premium Roasted Peanut Powder, offering quality solutions globally.","og_url":"https:\/\/www.peanutoem.com\/et\/manufacturer\/roasted-peanut-powder\/","og_site_name":"Peanut Butter Factory","article_modified_time":"2024-09-28T04:23:49+00:00","og_image":[{"width":551,"height":472,"url":"https:\/\/www.peanutoem.com\/wp-content\/uploads\/2024\/09\/Roasted-Peanut-Powder.webp","type":"image\/webp"}],"twitter_card":"summary_large_image","twitter_misc":{"Est. reading time":"3 minutit"},"schema":{"@context":"https:\/\/schema.org","@graph":[{"@type":"WebPage","@id":"https:\/\/www.peanutoem.com\/manufacturer\/roasted-peanut-powder\/","url":"https:\/\/www.peanutoem.com\/manufacturer\/roasted-peanut-powder\/","name":"Roasted Peanut Powder Manufacturer - Peanut Butter Factory","isPartOf":{"@id":"https:\/\/www.peanutoem.com\/#website"},"primaryImageOfPage":{"@id":"https:\/\/www.peanutoem.com\/manufacturer\/roasted-peanut-powder\/#primaryimage"},"image":{"@id":"https:\/\/www.peanutoem.com\/manufacturer\/roasted-peanut-powder\/#primaryimage"},"thumbnailUrl":"https:\/\/www.peanutoem.com\/wp-content\/uploads\/2024\/09\/Roasted-Peanut-Powder.webp","datePublished":"2024-09-02T14:00:57+00:00","dateModified":"2024-09-28T04:23:49+00:00","description":"We are a top OEM, private label manufacturer, and exporter of premium Roasted Peanut Powder, offering quality solutions globally.","breadcrumb":{"@id":"https:\/\/www.peanutoem.com\/manufacturer\/roasted-peanut-powder\/#breadcrumb"},"inLanguage":"et","potentialAction":[{"@type":"ReadAction","target":["https:\/\/www.peanutoem.com\/manufacturer\/roasted-peanut-powder\/"]}]},{"@type":"ImageObject","inLanguage":"et","@id":"https:\/\/www.peanutoem.com\/manufacturer\/roasted-peanut-powder\/#primaryimage","url":"https:\/\/www.peanutoem.com\/wp-content\/uploads\/2024\/09\/Roasted-Peanut-Powder.webp","contentUrl":"https:\/\/www.peanutoem.com\/wp-content\/uploads\/2024\/09\/Roasted-Peanut-Powder.webp","width":551,"height":472,"caption":"Roasted Peanut Powder"},{"@type":"BreadcrumbList","@id":"https:\/\/www.peanutoem.com\/manufacturer\/roasted-peanut-powder\/#breadcrumb","itemListElement":[{"@type":"ListItem","position":1,"name":"Home","item":"https:\/\/www.peanutoem.com\/"},{"@type":"ListItem","position":2,"name":"Products","item":"https:\/\/www.peanutoem.com\/shop\/"},{"@type":"ListItem","position":3,"name":"Roasted Peanut Powder"}]},{"@type":"WebSite","@id":"https:\/\/www.peanutoem.com\/#website","url":"https:\/\/www.peanutoem.com\/","name":"Peanut Butter Factory","description":"Peanut Butter Manufacturer and Roast Peanut OEM Factory | Peanut Private Label China Supplier","publisher":{"@id":"https:\/\/www.peanutoem.com\/#organization"},"alternateName":"Peanut Butter OEM and Wholesale","potentialAction":[{"@type":"SearchAction","target":{"@type":"EntryPoint","urlTemplate":"https:\/\/www.peanutoem.com\/?s={search_term_string}"},"query-input":{"@type":"PropertyValueSpecification","valueRequired":true,"valueName":"search_term_string"}}],"inLanguage":"et"},{"@type":"Organization","@id":"https:\/\/www.peanutoem.com\/#organization","name":"Peanut Butter Factory","alternateName":"JuFeng Group","url":"https:\/\/www.peanutoem.com\/","logo":{"@type":"ImageObject","inLanguage":"et","@id":"https:\/\/www.peanutoem.com\/#\/schema\/logo\/image\/","url":"https:\/\/www.peanutoem.com\/wp-content\/uploads\/2024\/09\/JUFENG-LOGO.png","contentUrl":"https:\/\/www.peanutoem.com\/wp-content\/uploads\/2024\/09\/JUFENG-LOGO.png","width":600,"height":170,"caption":"Peanut Butter Factory"},"image":{"@id":"https:\/\/www.peanutoem.com\/#\/schema\/logo\/image\/"}}]}},"_links":{"self":[{"href":"https:\/\/www.peanutoem.com\/et\/wp-json\/wp\/v2\/product\/1556","targetHints":{"allow":["GET"]}}],"collection":[{"href":"https:\/\/www.peanutoem.com\/et\/wp-json\/wp\/v2\/product"}],"about":[{"href":"https:\/\/www.peanutoem.com\/et\/wp-json\/wp\/v2\/types\/product"}],"replies":[{"embeddable":true,"href":"https:\/\/www.peanutoem.com\/et\/wp-json\/wp\/v2\/comments?post=1556"}],"wp:featuredmedia":[{"embeddable":true,"href":"https:\/\/www.peanutoem.com\/et\/wp-json\/wp\/v2\/media\/1714"}],"wp:attachment":[{"href":"https:\/\/www.peanutoem.com\/et\/wp-json\/wp\/v2\/media?parent=1556"}],"wp:term":[{"taxonomy":"product_cat","embeddable":true,"href":"https:\/\/www.peanutoem.com\/et\/wp-json\/wp\/v2\/product_cat?post=1556"},{"taxonomy":"product_tag","embeddable":true,"href":"https:\/\/www.peanutoem.com\/et\/wp-json\/wp\/v2\/product_tag?post=1556"}],"curies":[{"name":"wp","href":"https:\/\/api.w.org\/{rel}","templated":true}]}}