{"id":1637,"date":"2024-09-10T12:28:30","date_gmt":"2024-09-10T12:28:30","guid":{"rendered":"https:\/\/www.peanutoem.com\/?post_type=product&#038;p=1637"},"modified":"2024-10-06T09:58:03","modified_gmt":"2024-10-06T09:58:03","slug":"spicy-peanut-butter","status":"publish","type":"product","link":"https:\/\/www.peanutoem.com\/et\/manufacturer\/spicy-peanut-butter\/","title":{"rendered":"V\u00fcrtsikas maap\u00e4hkliv\u00f5i"},"content":{"rendered":"<h3>Mis on v\u00fcrtsikas maap\u00e4hkliv\u00f5i?<\/h3>\n<p>V\u00fcrtsikas maap\u00e4hkliv\u00f5i on traditsioonilise maap\u00e4hkliv\u00f5i maitsekas p\u00f6\u00f6re, mis \u00fchendab maap\u00e4hklite kreemja v\u00f5i kr\u00f5mpsuva tekstuuri ja v\u00fcrtside, nagu n\u00e4iteks, kuumuse. <a href=\"https:\/\/en.wikipedia.org\/wiki\/Chili\" target=\"_blank\" rel=\"noopener\">t\u0161illi<\/a>, paprika v\u00f5i cayenne. See sobib suurep\u00e4raselt neile, kes naudivad magusate ja v\u00fcrtsikate maitsete segamist, suupistete, v\u00f5ileibade ja retseptide p\u00f5nevat lisamist. V\u00fcrtsikas maap\u00e4hkliv\u00f5i on muutumas toiduhuviliste seas populaarseks valikuks olenemata sellest, kas seda kasutatakse dipikastmena, m\u00e4\u00e4rdena v\u00f5i koostisosana.<\/p>\n<p><img loading=\"lazy\" decoding=\"async\" class=\"alignnone wp-image-1675 size-full\" src=\"https:\/\/www.peanutoem.com\/wp-content\/uploads\/2024\/09\/Spicy-Peanut-Butter-on-Table.webp\" alt=\"V\u00fcrtsikas maap\u00e4hkliv\u00f5i laual\" width=\"912\" height=\"1144\" srcset=\"https:\/\/www.peanutoem.com\/wp-content\/uploads\/2024\/09\/Spicy-Peanut-Butter-on-Table.webp 912w, https:\/\/www.peanutoem.com\/wp-content\/uploads\/2024\/09\/Spicy-Peanut-Butter-on-Table-239x300.webp 239w, https:\/\/www.peanutoem.com\/wp-content\/uploads\/2024\/09\/Spicy-Peanut-Butter-on-Table-816x1024.webp 816w, https:\/\/www.peanutoem.com\/wp-content\/uploads\/2024\/09\/Spicy-Peanut-Butter-on-Table-768x963.webp 768w, https:\/\/www.peanutoem.com\/wp-content\/uploads\/2024\/09\/Spicy-Peanut-Butter-on-Table-10x12.webp 10w, https:\/\/www.peanutoem.com\/wp-content\/uploads\/2024\/09\/Spicy-Peanut-Butter-on-Table-600x753.webp 600w\" sizes=\"auto, (max-width: 912px) 100vw, 912px\" \/><\/p>\n<h3>Millised on v\u00fcrtsika maap\u00e4hkliv\u00f5i muud nimed?<\/h3>\n<p>V\u00fcrtsikas maap\u00e4hkliv\u00f5i v\u00f5ib s\u00f5ltuvalt piirkonnast ja maitseprofiilidest kanda erinevaid nimetusi. Need nimed t\u00f5stavad esile soojuskomponenti, muutes maailma tarbijatel selle ainulaadse veetluse m\u00f5istmise lihtsamaks. M\u00f5ned alternatiivsed nimed h\u00f5lmavad j\u00e4rgmist:<\/p>\n<ul>\n<li>Kuum maap\u00e4hkliv\u00f5i<\/li>\n<li>T\u0161illiga maitsestatud maap\u00e4hkliv\u00f5i<\/li>\n<li>Tuline maap\u00e4hkliv\u00f5im\u00e4\u00e4re<\/li>\n<li>V\u00fcrtsikas p\u00e4hkliv\u00f5i<\/li>\n<li>V\u00fcrtsiga maap\u00e4hklim\u00e4\u00e4re<\/li>\n<\/ul>\n<p><span style=\"font-size: 20.16px;\">Kuumad teemad<\/span><\/p>\n<ul>\n<li><strong>V\u00fcrtsika maap\u00e4hkliv\u00f5i retseptide uurimine<\/strong><br \/>\nV\u00fcrtsikas maap\u00e4hkliv\u00f5i on k\u00f6\u00f6gis loominguline j\u00f5uallikas, mis ei toimi mitte ainult maitsva kastmena, vaid s\u00e4rab ka erinevates roogades. See lisab Aasia friikartulitele tulist s\u00e4rtsu, t\u00e4iustab praetud toitude ja grill-liha maitset ning toimib marinaadina, mis lisab koostisosadele meeldivaid \u00fcllatusi. Alates maitsvast r\u00f6stsaiast hommikus\u00f6\u00f6gil ja l\u00f5petades soolaste nuudlitega \u00f5htus\u00f6\u00f6gil \u2013 iga roog kiirgab t\u00e4nu sellele koostisosale ainulaadset v\u00f5lu.<\/li>\n<li><strong>Maitse taga peituv kasu tervisele<\/strong><br \/>\nSee maitsev m\u00e4\u00e4rdem\u00e4\u00e4re on ka toitumise aare. Selle k\u00f5rge valgusisaldus ja tervislikud rasvad toidavad keha, samas kui kapsaitsiin stimuleerib suulagi ja soodustab seedimist. Lisaks toetab see ainevahetust ja s\u00fcdame tervist, \u00fchendades t\u00f5husalt maitse ja heaolu.<\/li>\n<li><strong>Selle lisamine igap\u00e4evastesse toidukordadesse<\/strong><br \/>\nV\u00fcrtsika maap\u00e4hkliv\u00f5i integreerimine oma igap\u00e4evasesse dieeti on \u00fchtaegu lihtne ja nauditav. See on ideaalne partner hommikus\u00f6\u00f6gi r\u00f6stsaia jaoks, lisab maitset p\u00e4rastl\u00f5unastele smuutidele ja t\u00e4iustab \u00f5htus\u00f6\u00f6gi burritot, tuues igasse s\u00f6\u00f6gikorda v\u00e4rske p\u00f6\u00f6rde.<\/li>\n<li><strong>\u00dclemaailmne t\u00f5usutrend<\/strong><br \/>\nV\u00fcrtsikas maap\u00e4hkliv\u00f5i on kiiresti t\u00f5usmas piiri\u00fclese t\u00e4hena. Kuna s\u00f6\u00f6jate maitsed muutuvad mitmekesisemaks, \u00fcletab see piirkondlikke piire, lummades f\u00e4nne kogu maailmas. See levik on teejuhiks maitse uurimisel, meelitades ligi seiklushimulisi s\u00f6\u00f6jaid, kes soovivad proovida midagi uut.<\/li>\n<\/ul>\n<hr \/>\n<h3>V\u00fcrtsikas maap\u00e4hkliv\u00f5i KKK<\/h3>\n<ol>\n<li><strong>Miks valida just meid oma v\u00fcrtsika maap\u00e4hkliv\u00f5i vajaduste jaoks?<\/strong><br \/>\nPakume k\u00f5ikeh\u00f5lmavaid OEM-teenuseid koos t\u00e4ielike kohandamisv\u00f5imalustega, tagades, et iga toode sobib ideaalselt teie kaubam\u00e4rgi visiooni ja turun\u00f5uetega.<\/li>\n<li><strong>Kas saate reguleerida v\u00fcrtsikuse taset ja luua patenteeritud valemi?<\/strong><br \/>\nAbsoluutselt! Me saame kohandada v\u00fcrtsikust mahedast kuni eriti kuumani ja t\u00f6\u00f6tada v\u00e4lja ainulaadsed koostised ainult teie kaubam\u00e4rgi jaoks.<\/li>\n<li><strong>Milliseid pakendamis- ja sertifitseerimisv\u00f5imalusi te pakute?<\/strong><br \/>\nPakume laias valikus pakkelahendusi \u2013 purke, pudeleid, karpe, t\u00fcnnid, \u00e4mbrid, pigistatavad kotid ja puistekonteinerid \u2013 k\u00f5ik on kohandatavad vastavalt teie kaubam\u00e4rgile. Lisaks omame selliseid sertifikaate nagu HACCP, Kosher, Halal ja BRCGS, mis tagavad meie toodete vastavuse rahvusvahelistele standarditele.<\/li>\n<li><strong>Kas pakute orgaanilist v\u00fcrtsikat maap\u00e4hkliv\u00f5id ja proovipartiisid?<\/strong><br \/>\nJah, me toodame ELi orgaanilise sertifikaadiga v\u00fcrtsikat maap\u00e4hkliv\u00f5id, mis on valmistatud looduslikest koostisosadest terviseteadlikele tarbijatele. Lisaks pakume proovipartiisid, et saaksite toodet enne suure tellimuse esitamist testida.<\/li>\n<li><strong>Kuidas tagate kvaliteedi ja millised on teie teostusajad?<\/strong><br \/>\nMeie range testimine meie ettev\u00f5ttesiseses laboris koos t\u00f5husa logistikaga tagab \u00fchtlase kvaliteedi. Samuti tagame tellimuse mahust ja sihtkohast l\u00e4htuvalt kiired t\u00f6\u00f6tlemisajad.<\/li>\n<li><strong>Kas ekspordite \u00fclemaailmselt?<\/strong><br \/>\nJah, meil on laialdased kogemused \u00fclemaailmsel ekspordil, kogu vajaliku paberimajanduse ja eeskirjade haldamine, et tagada sujuv kohaletoimetamine.<\/li>\n<\/ol>\n<hr \/>\n<h3><img loading=\"lazy\" decoding=\"async\" class=\"alignnone wp-image-1677 size-full\" src=\"https:\/\/www.peanutoem.com\/wp-content\/uploads\/2024\/09\/Spicy-Peanut-Butter-Spread-on-Food.webp\" alt=\"V\u00fcrtsikas maap\u00e4hkliv\u00f5i m\u00e4\u00e4rimine toidule\" width=\"896\" height=\"1152\" srcset=\"https:\/\/www.peanutoem.com\/wp-content\/uploads\/2024\/09\/Spicy-Peanut-Butter-Spread-on-Food.webp 896w, https:\/\/www.peanutoem.com\/wp-content\/uploads\/2024\/09\/Spicy-Peanut-Butter-Spread-on-Food-233x300.webp 233w, https:\/\/www.peanutoem.com\/wp-content\/uploads\/2024\/09\/Spicy-Peanut-Butter-Spread-on-Food-796x1024.webp 796w, https:\/\/www.peanutoem.com\/wp-content\/uploads\/2024\/09\/Spicy-Peanut-Butter-Spread-on-Food-768x987.webp 768w, https:\/\/www.peanutoem.com\/wp-content\/uploads\/2024\/09\/Spicy-Peanut-Butter-Spread-on-Food-9x12.webp 9w, https:\/\/www.peanutoem.com\/wp-content\/uploads\/2024\/09\/Spicy-Peanut-Butter-Spread-on-Food-600x771.webp 600w\" sizes=\"auto, (max-width: 896px) 100vw, 896px\" \/><\/h3>\n<a href=\"mailto:globepeanut@gmail.com\" class=\"button primary is-primary is-medium\"  >\n    <span>Saatke meile e-kiri<\/span>\n  <\/a>","protected":false},"excerpt":{"rendered":"<table width=\"564\">\n<tbody>\n<tr>\n<td width=\"113\"><strong>Toote nimi<\/strong><\/td>\n<td width=\"402\">V\u00fcrtsikas maap\u00e4hkliv\u00f5i<\/td>\n<\/tr>\n<tr>\n<td width=\"113\"><strong>Tehnilised andmed<\/strong><\/td>\n<td width=\"402\">200 g x 36, 227 g x 24, 340 g x 12, 375 g x 12, 500 g x 12, 510 g x 12, 1 kg x 12, 10 kg x 1, 20 kg x 1, 220 kg x 1<\/td>\n<\/tr>\n<tr>\n<td width=\"113\"><strong>Pakkimisvorm<\/strong><\/td>\n<td width=\"402\">Purk, \u00e4mber, doy pakk, kott, karp, plekk, t\u00fcnn, purk, pudel jne<\/td>\n<\/tr>\n<tr>\n<td width=\"113\"><strong>Tarneaeg<\/strong><\/td>\n<td width=\"402\">7-20 p\u00e4eva p\u00e4rast tellimust<\/td>\n<\/tr>\n<tr>\n<td width=\"113\"><strong>MOQ<\/strong><\/td>\n<td width=\"402\">\u00dcks tonn<\/td>\n<\/tr>\n<tr>\n<td width=\"113\"><strong>N\u00e4idis<\/strong><\/td>\n<td width=\"402\">Saadaval tasuta n\u00e4idis<\/td>\n<\/tr>\n<tr>\n<td width=\"113\"><strong>OEM<\/strong><\/td>\n<td width=\"402\">Ostja silt aktsepteeritud<\/td>\n<\/tr>\n<\/tbody>\n<\/table>","protected":false},"featured_media":1668,"comment_status":"open","ping_status":"closed","template":"","meta":[],"product_cat":[15],"product_tag":[],"class_list":{"0":"post-1637","1":"product","2":"type-product","3":"status-publish","4":"has-post-thumbnail","6":"product_cat-peanut-butter","8":"first","9":"instock","10":"shipping-taxable","11":"product-type-simple"},"yoast_head":"<!-- This site is optimized with the Yoast SEO plugin v24.9 - https:\/\/yoast.com\/wordpress\/plugins\/seo\/ -->\n<title>Spicy Peanut Butter China Manufacturer OEM - Peanut Butter Factory<\/title>\n<meta name=\"description\" content=\"Leading spicy peanut butter OEM private label manufacturer and exporter. Order your premium quality, custom-made spicy peanut butter.\" \/>\n<meta name=\"robots\" content=\"index, follow, max-snippet:-1, max-image-preview:large, max-video-preview:-1\" \/>\n<link rel=\"canonical\" href=\"https:\/\/www.peanutoem.com\/et\/manufacturer\/spicy-peanut-butter\/\" \/>\n<meta property=\"og:locale\" content=\"et_EE\" \/>\n<meta property=\"og:type\" content=\"article\" \/>\n<meta property=\"og:title\" content=\"Spicy Peanut Butter China Manufacturer OEM - Peanut Butter Factory\" \/>\n<meta property=\"og:description\" content=\"Leading spicy peanut butter OEM private label manufacturer and exporter. Order your premium quality, custom-made spicy peanut butter.\" \/>\n<meta property=\"og:url\" content=\"https:\/\/www.peanutoem.com\/et\/manufacturer\/spicy-peanut-butter\/\" \/>\n<meta property=\"og:site_name\" content=\"Peanut Butter Factory\" \/>\n<meta property=\"article:modified_time\" content=\"2024-10-06T09:58:03+00:00\" \/>\n<meta property=\"og:image\" content=\"https:\/\/www.peanutoem.com\/wp-content\/uploads\/2024\/09\/Spicy-Peanut-Butter.webp\" \/>\n\t<meta property=\"og:image:width\" content=\"1000\" \/>\n\t<meta property=\"og:image:height\" content=\"1000\" \/>\n\t<meta property=\"og:image:type\" content=\"image\/webp\" \/>\n<meta name=\"twitter:card\" content=\"summary_large_image\" \/>\n<meta name=\"twitter:label1\" content=\"Est. reading time\" \/>\n\t<meta name=\"twitter:data1\" content=\"4 minutit\" \/>\n<script type=\"application\/ld+json\" class=\"yoast-schema-graph\">{\"@context\":\"https:\/\/schema.org\",\"@graph\":[{\"@type\":\"WebPage\",\"@id\":\"https:\/\/www.peanutoem.com\/manufacturer\/spicy-peanut-butter\/\",\"url\":\"https:\/\/www.peanutoem.com\/manufacturer\/spicy-peanut-butter\/\",\"name\":\"Spicy Peanut Butter China Manufacturer OEM - Peanut Butter Factory\",\"isPartOf\":{\"@id\":\"https:\/\/www.peanutoem.com\/#website\"},\"primaryImageOfPage\":{\"@id\":\"https:\/\/www.peanutoem.com\/manufacturer\/spicy-peanut-butter\/#primaryimage\"},\"image\":{\"@id\":\"https:\/\/www.peanutoem.com\/manufacturer\/spicy-peanut-butter\/#primaryimage\"},\"thumbnailUrl\":\"https:\/\/www.peanutoem.com\/wp-content\/uploads\/2024\/09\/Spicy-Peanut-Butter.webp\",\"datePublished\":\"2024-09-10T12:28:30+00:00\",\"dateModified\":\"2024-10-06T09:58:03+00:00\",\"description\":\"Leading spicy peanut butter OEM private label manufacturer and exporter. Order your premium quality, custom-made spicy peanut butter.\",\"breadcrumb\":{\"@id\":\"https:\/\/www.peanutoem.com\/manufacturer\/spicy-peanut-butter\/#breadcrumb\"},\"inLanguage\":\"et\",\"potentialAction\":[{\"@type\":\"ReadAction\",\"target\":[\"https:\/\/www.peanutoem.com\/manufacturer\/spicy-peanut-butter\/\"]}]},{\"@type\":\"ImageObject\",\"inLanguage\":\"et\",\"@id\":\"https:\/\/www.peanutoem.com\/manufacturer\/spicy-peanut-butter\/#primaryimage\",\"url\":\"https:\/\/www.peanutoem.com\/wp-content\/uploads\/2024\/09\/Spicy-Peanut-Butter.webp\",\"contentUrl\":\"https:\/\/www.peanutoem.com\/wp-content\/uploads\/2024\/09\/Spicy-Peanut-Butter.webp\",\"width\":1000,\"height\":1000,\"caption\":\"Spicy Peanut Butter\"},{\"@type\":\"BreadcrumbList\",\"@id\":\"https:\/\/www.peanutoem.com\/manufacturer\/spicy-peanut-butter\/#breadcrumb\",\"itemListElement\":[{\"@type\":\"ListItem\",\"position\":1,\"name\":\"Home\",\"item\":\"https:\/\/www.peanutoem.com\/\"},{\"@type\":\"ListItem\",\"position\":2,\"name\":\"Products\",\"item\":\"https:\/\/www.peanutoem.com\/shop\/\"},{\"@type\":\"ListItem\",\"position\":3,\"name\":\"Spicy Peanut Butter\"}]},{\"@type\":\"WebSite\",\"@id\":\"https:\/\/www.peanutoem.com\/#website\",\"url\":\"https:\/\/www.peanutoem.com\/\",\"name\":\"Peanut Butter Factory\",\"description\":\"Peanut Butter Manufacturer and Roast Peanut OEM Factory | Peanut Private Label China Supplier\",\"publisher\":{\"@id\":\"https:\/\/www.peanutoem.com\/#organization\"},\"alternateName\":\"Peanut Butter OEM and Wholesale\",\"potentialAction\":[{\"@type\":\"SearchAction\",\"target\":{\"@type\":\"EntryPoint\",\"urlTemplate\":\"https:\/\/www.peanutoem.com\/?s={search_term_string}\"},\"query-input\":{\"@type\":\"PropertyValueSpecification\",\"valueRequired\":true,\"valueName\":\"search_term_string\"}}],\"inLanguage\":\"et\"},{\"@type\":\"Organization\",\"@id\":\"https:\/\/www.peanutoem.com\/#organization\",\"name\":\"Peanut Butter Factory\",\"alternateName\":\"JuFeng Group\",\"url\":\"https:\/\/www.peanutoem.com\/\",\"logo\":{\"@type\":\"ImageObject\",\"inLanguage\":\"et\",\"@id\":\"https:\/\/www.peanutoem.com\/#\/schema\/logo\/image\/\",\"url\":\"https:\/\/www.peanutoem.com\/wp-content\/uploads\/2024\/09\/JUFENG-LOGO.png\",\"contentUrl\":\"https:\/\/www.peanutoem.com\/wp-content\/uploads\/2024\/09\/JUFENG-LOGO.png\",\"width\":600,\"height\":170,\"caption\":\"Peanut Butter Factory\"},\"image\":{\"@id\":\"https:\/\/www.peanutoem.com\/#\/schema\/logo\/image\/\"}}]}<\/script>\n<!-- \/ Yoast SEO plugin. -->","yoast_head_json":{"title":"Spicy Peanut Butter China Manufacturer OEM - Peanut Butter Factory","description":"Leading spicy peanut butter OEM private label manufacturer and exporter. Order your premium quality, custom-made spicy peanut butter.","robots":{"index":"index","follow":"follow","max-snippet":"max-snippet:-1","max-image-preview":"max-image-preview:large","max-video-preview":"max-video-preview:-1"},"canonical":"https:\/\/www.peanutoem.com\/et\/manufacturer\/spicy-peanut-butter\/","og_locale":"et_EE","og_type":"article","og_title":"Spicy Peanut Butter China Manufacturer OEM - Peanut Butter Factory","og_description":"Leading spicy peanut butter OEM private label manufacturer and exporter. Order your premium quality, custom-made spicy peanut butter.","og_url":"https:\/\/www.peanutoem.com\/et\/manufacturer\/spicy-peanut-butter\/","og_site_name":"Peanut Butter Factory","article_modified_time":"2024-10-06T09:58:03+00:00","og_image":[{"width":1000,"height":1000,"url":"https:\/\/www.peanutoem.com\/wp-content\/uploads\/2024\/09\/Spicy-Peanut-Butter.webp","type":"image\/webp"}],"twitter_card":"summary_large_image","twitter_misc":{"Est. reading time":"4 minutit"},"schema":{"@context":"https:\/\/schema.org","@graph":[{"@type":"WebPage","@id":"https:\/\/www.peanutoem.com\/manufacturer\/spicy-peanut-butter\/","url":"https:\/\/www.peanutoem.com\/manufacturer\/spicy-peanut-butter\/","name":"Spicy Peanut Butter China Manufacturer OEM - Peanut Butter Factory","isPartOf":{"@id":"https:\/\/www.peanutoem.com\/#website"},"primaryImageOfPage":{"@id":"https:\/\/www.peanutoem.com\/manufacturer\/spicy-peanut-butter\/#primaryimage"},"image":{"@id":"https:\/\/www.peanutoem.com\/manufacturer\/spicy-peanut-butter\/#primaryimage"},"thumbnailUrl":"https:\/\/www.peanutoem.com\/wp-content\/uploads\/2024\/09\/Spicy-Peanut-Butter.webp","datePublished":"2024-09-10T12:28:30+00:00","dateModified":"2024-10-06T09:58:03+00:00","description":"Leading spicy peanut butter OEM private label manufacturer and exporter. Order your premium quality, custom-made spicy peanut butter.","breadcrumb":{"@id":"https:\/\/www.peanutoem.com\/manufacturer\/spicy-peanut-butter\/#breadcrumb"},"inLanguage":"et","potentialAction":[{"@type":"ReadAction","target":["https:\/\/www.peanutoem.com\/manufacturer\/spicy-peanut-butter\/"]}]},{"@type":"ImageObject","inLanguage":"et","@id":"https:\/\/www.peanutoem.com\/manufacturer\/spicy-peanut-butter\/#primaryimage","url":"https:\/\/www.peanutoem.com\/wp-content\/uploads\/2024\/09\/Spicy-Peanut-Butter.webp","contentUrl":"https:\/\/www.peanutoem.com\/wp-content\/uploads\/2024\/09\/Spicy-Peanut-Butter.webp","width":1000,"height":1000,"caption":"Spicy Peanut Butter"},{"@type":"BreadcrumbList","@id":"https:\/\/www.peanutoem.com\/manufacturer\/spicy-peanut-butter\/#breadcrumb","itemListElement":[{"@type":"ListItem","position":1,"name":"Home","item":"https:\/\/www.peanutoem.com\/"},{"@type":"ListItem","position":2,"name":"Products","item":"https:\/\/www.peanutoem.com\/shop\/"},{"@type":"ListItem","position":3,"name":"Spicy Peanut Butter"}]},{"@type":"WebSite","@id":"https:\/\/www.peanutoem.com\/#website","url":"https:\/\/www.peanutoem.com\/","name":"Peanut Butter Factory","description":"Peanut Butter Manufacturer and Roast Peanut OEM Factory | Peanut Private Label China Supplier","publisher":{"@id":"https:\/\/www.peanutoem.com\/#organization"},"alternateName":"Peanut Butter OEM and Wholesale","potentialAction":[{"@type":"SearchAction","target":{"@type":"EntryPoint","urlTemplate":"https:\/\/www.peanutoem.com\/?s={search_term_string}"},"query-input":{"@type":"PropertyValueSpecification","valueRequired":true,"valueName":"search_term_string"}}],"inLanguage":"et"},{"@type":"Organization","@id":"https:\/\/www.peanutoem.com\/#organization","name":"Peanut Butter Factory","alternateName":"JuFeng Group","url":"https:\/\/www.peanutoem.com\/","logo":{"@type":"ImageObject","inLanguage":"et","@id":"https:\/\/www.peanutoem.com\/#\/schema\/logo\/image\/","url":"https:\/\/www.peanutoem.com\/wp-content\/uploads\/2024\/09\/JUFENG-LOGO.png","contentUrl":"https:\/\/www.peanutoem.com\/wp-content\/uploads\/2024\/09\/JUFENG-LOGO.png","width":600,"height":170,"caption":"Peanut Butter Factory"},"image":{"@id":"https:\/\/www.peanutoem.com\/#\/schema\/logo\/image\/"}}]}},"_links":{"self":[{"href":"https:\/\/www.peanutoem.com\/et\/wp-json\/wp\/v2\/product\/1637","targetHints":{"allow":["GET"]}}],"collection":[{"href":"https:\/\/www.peanutoem.com\/et\/wp-json\/wp\/v2\/product"}],"about":[{"href":"https:\/\/www.peanutoem.com\/et\/wp-json\/wp\/v2\/types\/product"}],"replies":[{"embeddable":true,"href":"https:\/\/www.peanutoem.com\/et\/wp-json\/wp\/v2\/comments?post=1637"}],"wp:featuredmedia":[{"embeddable":true,"href":"https:\/\/www.peanutoem.com\/et\/wp-json\/wp\/v2\/media\/1668"}],"wp:attachment":[{"href":"https:\/\/www.peanutoem.com\/et\/wp-json\/wp\/v2\/media?parent=1637"}],"wp:term":[{"taxonomy":"product_cat","embeddable":true,"href":"https:\/\/www.peanutoem.com\/et\/wp-json\/wp\/v2\/product_cat?post=1637"},{"taxonomy":"product_tag","embeddable":true,"href":"https:\/\/www.peanutoem.com\/et\/wp-json\/wp\/v2\/product_tag?post=1637"}],"curies":[{"name":"wp","href":"https:\/\/api.w.org\/{rel}","templated":true}]}}