{"id":1638,"date":"2024-09-10T12:30:11","date_gmt":"2024-09-10T12:30:11","guid":{"rendered":"https:\/\/www.peanutoem.com\/?post_type=product&#038;p=1638"},"modified":"2024-10-06T09:55:00","modified_gmt":"2024-10-06T09:55:00","slug":"chocolate-peanut-butter","status":"publish","type":"product","link":"https:\/\/www.peanutoem.com\/et\/manufacturer\/chocolate-peanut-butter\/","title":{"rendered":"\u0160okolaad maap\u00e4hkliv\u00f5i"},"content":{"rendered":"<h3>Mis on \u0161okolaadi-maap\u00e4hkliv\u00f5i?<\/h3>\n<p>\u0160okolaadi-maap\u00e4hkliv\u00f5i on kreemja maap\u00e4hkliv\u00f5i ja rikkaliku maitse sulam <a href=\"https:\/\/en.wikipedia.org\/wiki\/Chocolate\" target=\"_blank\" rel=\"noopener\">\u0161okolaadi<\/a>, luues magusa ja soolase v\u00f5ide, mis meeldib paljudele maitse-eelistustele. See maitsev segu sobib suurep\u00e4raselt leivale m\u00e4\u00e4rimiseks, magustoitudes kasutamiseks v\u00f5i lihtsalt lusikat\u00e4ie kaupa nautimiseks. Maap\u00e4hklite ja \u0161okolaadi kombinatsioon pakub tasakaalustatud maiust, mis rahuldab nii p\u00e4hkliv\u00f5ihuvilisi kui \u0161okolaadis\u00f5pru.<\/p>\n<h3>Millised on muud nimetused \u0161okolaadi jaoks maap\u00e4hkliv\u00f5is?<\/h3>\n<p>\u0160okolaadi-maap\u00e4hkliv\u00f5ile viidatakse selle maitse ja kasutuse p\u00f5hjal sageli erinevate nimetustega. M\u00f5ned alternatiivsed nimed h\u00f5lmavad j\u00e4rgmist:<\/p>\n<ul>\n<li>\u0160okolaadimaitseline maap\u00e4hkliv\u00f5i<\/li>\n<li>Kakao-maap\u00e4hkliv\u00f5im\u00e4\u00e4re<\/li>\n<li>Kakao-maap\u00e4hkliv\u00f5i<\/li>\n<li>\u0160okolaadi-maap\u00e4hklim\u00e4\u00e4re<\/li>\n<li>Maap\u00e4hkliv\u00f5i \u0161okolaadiga<\/li>\n<li>P\u00e4hkline \u0161okolaadim\u00e4\u00e4re<\/li>\n<li>\u0160okolaadiga infundeeritud maap\u00e4hkliv\u00f5i<\/li>\n<li>P\u00e4hkline \u0161okolaadim\u00e4\u00e4re<\/li>\n<\/ul>\n<p>Need nimed t\u00f5stavad esile \u0161okolaadi ja maap\u00e4hkliv\u00f5i veetleva segu, muutes selle erinevatel turgudel tarbijatele atraktiivseks.<\/p>\n<h3><img loading=\"lazy\" decoding=\"async\" class=\"alignnone wp-image-1682 size-full\" src=\"https:\/\/www.peanutoem.com\/wp-content\/uploads\/2024\/09\/Chocolate-Peanut-Butter-on-Bread.webp\" alt=\"\u0160okolaadi-maap\u00e4hkliv\u00f5i leival\" width=\"912\" height=\"1144\" srcset=\"https:\/\/www.peanutoem.com\/wp-content\/uploads\/2024\/09\/Chocolate-Peanut-Butter-on-Bread.webp 912w, https:\/\/www.peanutoem.com\/wp-content\/uploads\/2024\/09\/Chocolate-Peanut-Butter-on-Bread-239x300.webp 239w, https:\/\/www.peanutoem.com\/wp-content\/uploads\/2024\/09\/Chocolate-Peanut-Butter-on-Bread-816x1024.webp 816w, https:\/\/www.peanutoem.com\/wp-content\/uploads\/2024\/09\/Chocolate-Peanut-Butter-on-Bread-768x963.webp 768w, https:\/\/www.peanutoem.com\/wp-content\/uploads\/2024\/09\/Chocolate-Peanut-Butter-on-Bread-10x12.webp 10w, https:\/\/www.peanutoem.com\/wp-content\/uploads\/2024\/09\/Chocolate-Peanut-Butter-on-Bread-600x753.webp 600w\" sizes=\"auto, (max-width: 912px) 100vw, 912px\" \/><\/h3>\n<h3>Miks valida meid oma partnertarnijaks?<\/h3>\n<p>Oleme juhtiv OEM-i omam\u00e4rgistusega \u0161okolaadi-maap\u00e4hkliv\u00f5i tootja ja eksportija.<\/p>\n<ul>\n<li><strong>Kohandamise ekspertiis:<\/strong> Pakume t\u00e4ielikult kohandatud koostisi, mis vastavad teie konkreetsele maitsele, tekstuurile ja pakendin\u00f5uetele.<\/li>\n<li><strong>Premium koostisosad:<\/strong> Kasutades ainult parima kvaliteediga maap\u00e4hkleid ja \u0161okolaadi.<\/li>\n<li><strong>T\u00e4iustatud tootmine:<\/strong> Meie tipptasemel rajatised on varustatud tipptasemel USA tootmisliinidega, tagades iga partii \u00fchtlase kvaliteedi ja t\u00f5hususe.<\/li>\n<li><strong>Sertifikaadid ja kvaliteedi tagamine:<\/strong> Meil on mitmesuguseid sertifikaate, sealhulgas BRCGS, Kosher, Halal ja HACCP, mis tagavad vastavuse rahvusvahelistele ohutus- ja kvaliteedistandarditele.<\/li>\n<li><strong>\u00dclemaailmne levitamine:<\/strong> Omades tohutuid kogemusi rahvusvahelises kaubanduses, ekspordime \u0161okolaadi-maap\u00e4hkliv\u00f5id turgudele \u00fcle maailma, tagades sujuva logistika ja \u00f5igeaegsed tarned.<\/li>\n<\/ul>\n<h3>Kuumad teemad<\/h3>\n<div class=\"group\/conversation-turn relative flex w-full min-w-0 flex-col agent-turn\">\n<div class=\"flex-col gap-1 md:gap-3\">\n<div class=\"flex max-w-full flex-col flex-grow\">\n<div class=\"min-h-8 text-message flex w-full flex-col items-end gap-2 whitespace-normal break-words [.text-message+&amp;]:mt-5\" dir=\"auto\" data-message-author-role=\"assistant\" data-message-id=\"61c5f9c1-377c-4081-b461-888734723e68\">\n<div class=\"flex w-full flex-col gap-1 empty:hidden first:pt-[3px]\">\n<div class=\"markdown prose w-full break-words dark:prose-invert dark\">\n<ul>\n<li><span style=\"color: #282828;\"><strong>Magustoitudes<\/strong><\/span><br \/>\n<span style=\"color: #282828;\">Maap\u00e4hkliv\u00f5i \u0161okolaadiga toimib mitmek\u00fclgse koostisosana, mis parandab oluliselt magustoitude, nagu koogid, k\u00fcpsised ja j\u00e4\u00e4tised, kvaliteeti ja maitset. Selle kreemjas tekstuur ja rikkalik maitse muudavad selle suurep\u00e4raseks kaaslaseks k\u00fcpsetistele ja maiustustele.<\/span><\/li>\n<li><span style=\"color: #282828;\"><strong>Kasu tervisele<\/strong><\/span><br \/>\n<span style=\"color: #282828;\">Lisaks vastupandamatule maitsele on see v\u00f5ide rikas valkude, tervislike rasvade ja kiudainete poolest, pakkudes kehale toitev\u00e4\u00e4rtust. Kui see on valmistatud tumeda \u0161okolaadiga, lisab see antioks\u00fcdantseid omadusi, andes tootele tervisliku v\u00e4limuse, mis meelitab ligi terviseteadlikke tarbijaid.<\/span><\/li>\n<li><span style=\"color: #282828;\"><strong>\u00dclemaailmne populaarsus<\/strong><\/span><br \/>\n<span style=\"color: #282828;\">Kuna tarbijad otsivad \u00fcha enam suupisteid, mis rahuldaksid nende maitsemeeli, olles samas ka toitvad, on \u0161okolaadi-maap\u00e4hkliv\u00f5i saavutanud \u00fclemaailmsel turul tohutu populaarsuse. See \u00fchendab edukalt maitse ja toitumise, p\u00e4lvides nii laste kui ka t\u00e4iskasvanute laialdast imetlust.<\/span><\/li>\n<li><span style=\"color: #282828;\"><strong>Loominguline kasutus<\/strong><\/span><br \/>\n<span style=\"color: #282828;\">Lisaks traditsioonilistele paaridele, nagu r\u00f6stsai v\u00f5i v\u00f5ileivad, saab seda koostisosa loominguliselt lisada smuutidesse, energiabatoonides v\u00f5i k\u00fcpsetiste t\u00e4idisena. Selle ainulaadne maitse kohandatavus v\u00f5imaldab sellel s\u00e4rada nii magusate kui ka soolaste roogade puhul, muutes selle paljudes koduk\u00f6\u00f6kides p\u00f5hiliseks.<\/span><\/li>\n<\/ul>\n<\/div>\n<\/div>\n<\/div>\n<\/div>\n<\/div>\n<\/div>\n<hr \/>\n<h3><img loading=\"lazy\" decoding=\"async\" class=\"alignnone wp-image-1683 size-full\" src=\"https:\/\/www.peanutoem.com\/wp-content\/uploads\/2024\/09\/Chocolate-Peanut-Butter-Served.webp\" alt=\"Serveeritud \u0161okolaadi-maap\u00e4hkliv\u00f5i\" width=\"896\" height=\"1152\" srcset=\"https:\/\/www.peanutoem.com\/wp-content\/uploads\/2024\/09\/Chocolate-Peanut-Butter-Served.webp 896w, https:\/\/www.peanutoem.com\/wp-content\/uploads\/2024\/09\/Chocolate-Peanut-Butter-Served-233x300.webp 233w, https:\/\/www.peanutoem.com\/wp-content\/uploads\/2024\/09\/Chocolate-Peanut-Butter-Served-796x1024.webp 796w, https:\/\/www.peanutoem.com\/wp-content\/uploads\/2024\/09\/Chocolate-Peanut-Butter-Served-768x987.webp 768w, https:\/\/www.peanutoem.com\/wp-content\/uploads\/2024\/09\/Chocolate-Peanut-Butter-Served-9x12.webp 9w, https:\/\/www.peanutoem.com\/wp-content\/uploads\/2024\/09\/Chocolate-Peanut-Butter-Served-600x771.webp 600w\" sizes=\"auto, (max-width: 896px) 100vw, 896px\" \/><\/h3>\n<h3>\u0160okolaadi-maap\u00e4hkliv\u00f5i KKK<\/h3>\n<ol>\n<li><strong>Mis on teie kui juhtiva OEM-tootja peamine konkurentsieelis?<\/strong><br \/>\nPaistame silma, kuna pakume erinevaid kohandamisteenuseid, valime kvaliteetseid koostisosi ja kasutame t\u00e4iustatud tootmistehnoloogiat. See tagab, et iga maap\u00e4hkliv\u00f5i partii on turul silmapaistev ja vastab meie klientide ainulaadsetele vajadustele.<\/li>\n<li><strong>Kas saate kohandada \u0161okolaadi ja maap\u00e4hkli suhet vastavalt minu spetsifikatsioonidele ja luua minu kaubam\u00e4rgi jaoks kohandatud valemi?<\/strong><br \/>\nAbsoluutselt! Pakume k\u00f5ikeh\u00f5lmavaid maitse kohandamise teenuseid, mis aitavad teil leida ideaalse tasakaalu \u0161okolaadi ja maap\u00e4hklite vahel, t\u00f6\u00f6tades samal ajal v\u00e4lja ainulaadse valemi, mis suurendab teie kaubam\u00e4rgi turu konkurentsiv\u00f5imet.<\/li>\n<li><strong>Milliseid pakendamisv\u00f5imalusi pakute?<\/strong><br \/>\nPakume erinevaid pakkimislahendusi, sealhulgas elegantseid purke, mugavaid pigistatavaid kotikesi ja suuremahuliseks ladustamiseks sobivaid puistekonteinereid. K\u00f5iki pakendeid saab isikup\u00e4rastada, et kajastada teie br\u00e4ndi identiteeti ja turundusstrateegiat.<\/li>\n<li><strong>Kas pakute orgaanilist \u0161okolaadi maap\u00e4hkliv\u00f5id ja kuidas tagate toote kvaliteedi?<\/strong><br \/>\nJah, me toodame EU Organic Certified maap\u00e4hkliv\u00f5id, mis on valmistatud mahestandarditele vastavatest koostisosadest. Lisaks oleme loonud range kvaliteedijuhtimiss\u00fcsteemi, sealhulgas ettev\u00f5ttesisesed laboritestid, et tagada iga partii vastavus k\u00f5rgeimatele maitse-, tekstuuri- ja ohutusstandarditele.<\/li>\n<li><strong>Kas ma saan enne suure tellimuse tegemist degusteerimiseks proove taotleda ja kas toetate \u00fclemaailmset eksporti?<\/strong><br \/>\nKindlasti! Meil on hea meel pakkuda proovipartiisid teie hindamiseks enne t\u00e4ielikku tootmist. Lisaks on meil laialdased kogemused \u00fclemaailmses ekspordis, tagades, et teie tooted j\u00f5uavad k\u00f5ikjal maailmas ohutult ja \u00f5igeaegselt.<\/li>\n<\/ol>\n<a href=\"mailto:globepeanut@gmail.com\" class=\"button primary is-primary is-medium\"  >\n    <span>Saatke meile e-kiri<\/span>\n  <\/a>","protected":false},"excerpt":{"rendered":"<table width=\"564\">\n<tbody>\n<tr>\n<td width=\"113\"><strong>Toote nimi<\/strong><\/td>\n<td width=\"402\">\u0160okolaad maap\u00e4hkliv\u00f5i<\/td>\n<\/tr>\n<tr>\n<td width=\"113\"><strong>Tehnilised andmed<\/strong><\/td>\n<td width=\"402\">200 g x 36, 227 g x 24, 340 g x 12, 375 g x 12, 500 g x 12, 510 g x 12, 1 kg x 12, 10 kg x 1, 20 kg x 1, 220 kg x 1<\/td>\n<\/tr>\n<tr>\n<td width=\"113\"><strong>Pakkimisvorm<\/strong><\/td>\n<td width=\"402\">Purk, \u00e4mber, doy pakk, kott, karp, plekk, t\u00fcnn, purk, pudel jne<\/td>\n<\/tr>\n<tr>\n<td width=\"113\"><strong>Tarneaeg<\/strong><\/td>\n<td width=\"402\">7-20 p\u00e4eva p\u00e4rast tellimust<\/td>\n<\/tr>\n<tr>\n<td width=\"113\"><strong>MOQ<\/strong><\/td>\n<td width=\"402\">\u00dcks tonn<\/td>\n<\/tr>\n<tr>\n<td width=\"113\"><strong>N\u00e4idis<\/strong><\/td>\n<td width=\"402\">Saadaval tasuta n\u00e4idis<\/td>\n<\/tr>\n<tr>\n<td width=\"113\"><strong>OEM<\/strong><\/td>\n<td width=\"402\">Ostja silt aktsepteeritud<\/td>\n<\/tr>\n<\/tbody>\n<\/table>\n<p>&nbsp;<\/p>","protected":false},"featured_media":1671,"comment_status":"open","ping_status":"closed","template":"","meta":[],"product_cat":[15],"product_tag":[],"class_list":{"0":"post-1638","1":"product","2":"type-product","3":"status-publish","4":"has-post-thumbnail","6":"product_cat-peanut-butter","8":"first","9":"instock","10":"shipping-taxable","11":"product-type-simple"},"yoast_head":"<!-- This site is optimized with the Yoast SEO plugin v24.9 - https:\/\/yoast.com\/wordpress\/plugins\/seo\/ -->\n<title>Chocolate Peanut Butter Manufacturer OEM - China Peanut Butter Factory<\/title>\n<meta name=\"description\" content=\"Leading chocolate peanut butter OEM private label manufacturer and exporter. Discover premium, customized chocolate peanut butter from us.\" \/>\n<meta name=\"robots\" content=\"index, follow, max-snippet:-1, max-image-preview:large, max-video-preview:-1\" \/>\n<link rel=\"canonical\" href=\"https:\/\/www.peanutoem.com\/et\/manufacturer\/chocolate-peanut-butter\/\" \/>\n<meta property=\"og:locale\" content=\"et_EE\" \/>\n<meta property=\"og:type\" content=\"article\" \/>\n<meta property=\"og:title\" content=\"Chocolate Peanut Butter Manufacturer OEM - China Peanut Butter Factory\" \/>\n<meta property=\"og:description\" content=\"Leading chocolate peanut butter OEM private label manufacturer and exporter. Discover premium, customized chocolate peanut butter from us.\" \/>\n<meta property=\"og:url\" content=\"https:\/\/www.peanutoem.com\/et\/manufacturer\/chocolate-peanut-butter\/\" \/>\n<meta property=\"og:site_name\" content=\"Peanut Butter Factory\" \/>\n<meta property=\"article:modified_time\" content=\"2024-10-06T09:55:00+00:00\" \/>\n<meta property=\"og:image\" content=\"https:\/\/www.peanutoem.com\/wp-content\/uploads\/2024\/09\/Peanut-Butter-Chocolate-Flavor.webp\" \/>\n\t<meta property=\"og:image:width\" content=\"819\" \/>\n\t<meta property=\"og:image:height\" content=\"975\" \/>\n\t<meta property=\"og:image:type\" content=\"image\/webp\" \/>\n<meta name=\"twitter:card\" content=\"summary_large_image\" \/>\n<meta name=\"twitter:label1\" content=\"Est. reading time\" \/>\n\t<meta name=\"twitter:data1\" content=\"4 minutit\" \/>\n<script type=\"application\/ld+json\" class=\"yoast-schema-graph\">{\"@context\":\"https:\/\/schema.org\",\"@graph\":[{\"@type\":\"WebPage\",\"@id\":\"https:\/\/www.peanutoem.com\/manufacturer\/chocolate-peanut-butter\/\",\"url\":\"https:\/\/www.peanutoem.com\/manufacturer\/chocolate-peanut-butter\/\",\"name\":\"Chocolate Peanut Butter Manufacturer OEM - China Peanut Butter Factory\",\"isPartOf\":{\"@id\":\"https:\/\/www.peanutoem.com\/#website\"},\"primaryImageOfPage\":{\"@id\":\"https:\/\/www.peanutoem.com\/manufacturer\/chocolate-peanut-butter\/#primaryimage\"},\"image\":{\"@id\":\"https:\/\/www.peanutoem.com\/manufacturer\/chocolate-peanut-butter\/#primaryimage\"},\"thumbnailUrl\":\"https:\/\/www.peanutoem.com\/wp-content\/uploads\/2024\/09\/Peanut-Butter-Chocolate-Flavor.webp\",\"datePublished\":\"2024-09-10T12:30:11+00:00\",\"dateModified\":\"2024-10-06T09:55:00+00:00\",\"description\":\"Leading chocolate peanut butter OEM private label manufacturer and exporter. Discover premium, customized chocolate peanut butter from us.\",\"breadcrumb\":{\"@id\":\"https:\/\/www.peanutoem.com\/manufacturer\/chocolate-peanut-butter\/#breadcrumb\"},\"inLanguage\":\"et\",\"potentialAction\":[{\"@type\":\"ReadAction\",\"target\":[\"https:\/\/www.peanutoem.com\/manufacturer\/chocolate-peanut-butter\/\"]}]},{\"@type\":\"ImageObject\",\"inLanguage\":\"et\",\"@id\":\"https:\/\/www.peanutoem.com\/manufacturer\/chocolate-peanut-butter\/#primaryimage\",\"url\":\"https:\/\/www.peanutoem.com\/wp-content\/uploads\/2024\/09\/Peanut-Butter-Chocolate-Flavor.webp\",\"contentUrl\":\"https:\/\/www.peanutoem.com\/wp-content\/uploads\/2024\/09\/Peanut-Butter-Chocolate-Flavor.webp\",\"width\":819,\"height\":975,\"caption\":\"Peanut Butter Chocolate Flavor\"},{\"@type\":\"BreadcrumbList\",\"@id\":\"https:\/\/www.peanutoem.com\/manufacturer\/chocolate-peanut-butter\/#breadcrumb\",\"itemListElement\":[{\"@type\":\"ListItem\",\"position\":1,\"name\":\"Home\",\"item\":\"https:\/\/www.peanutoem.com\/\"},{\"@type\":\"ListItem\",\"position\":2,\"name\":\"Products\",\"item\":\"https:\/\/www.peanutoem.com\/shop\/\"},{\"@type\":\"ListItem\",\"position\":3,\"name\":\"Chocolate Peanut Butter\"}]},{\"@type\":\"WebSite\",\"@id\":\"https:\/\/www.peanutoem.com\/#website\",\"url\":\"https:\/\/www.peanutoem.com\/\",\"name\":\"Peanut Butter Factory\",\"description\":\"Peanut Butter Manufacturer and Roast Peanut OEM Factory | Peanut Private Label China Supplier\",\"publisher\":{\"@id\":\"https:\/\/www.peanutoem.com\/#organization\"},\"alternateName\":\"Peanut Butter OEM and Wholesale\",\"potentialAction\":[{\"@type\":\"SearchAction\",\"target\":{\"@type\":\"EntryPoint\",\"urlTemplate\":\"https:\/\/www.peanutoem.com\/?s={search_term_string}\"},\"query-input\":{\"@type\":\"PropertyValueSpecification\",\"valueRequired\":true,\"valueName\":\"search_term_string\"}}],\"inLanguage\":\"et\"},{\"@type\":\"Organization\",\"@id\":\"https:\/\/www.peanutoem.com\/#organization\",\"name\":\"Peanut Butter Factory\",\"alternateName\":\"JuFeng Group\",\"url\":\"https:\/\/www.peanutoem.com\/\",\"logo\":{\"@type\":\"ImageObject\",\"inLanguage\":\"et\",\"@id\":\"https:\/\/www.peanutoem.com\/#\/schema\/logo\/image\/\",\"url\":\"https:\/\/www.peanutoem.com\/wp-content\/uploads\/2024\/09\/JUFENG-LOGO.png\",\"contentUrl\":\"https:\/\/www.peanutoem.com\/wp-content\/uploads\/2024\/09\/JUFENG-LOGO.png\",\"width\":600,\"height\":170,\"caption\":\"Peanut Butter Factory\"},\"image\":{\"@id\":\"https:\/\/www.peanutoem.com\/#\/schema\/logo\/image\/\"}}]}<\/script>\n<!-- \/ Yoast SEO plugin. -->","yoast_head_json":{"title":"Chocolate Peanut Butter Manufacturer OEM - China Peanut Butter Factory","description":"Leading chocolate peanut butter OEM private label manufacturer and exporter. Discover premium, customized chocolate peanut butter from us.","robots":{"index":"index","follow":"follow","max-snippet":"max-snippet:-1","max-image-preview":"max-image-preview:large","max-video-preview":"max-video-preview:-1"},"canonical":"https:\/\/www.peanutoem.com\/et\/manufacturer\/chocolate-peanut-butter\/","og_locale":"et_EE","og_type":"article","og_title":"Chocolate Peanut Butter Manufacturer OEM - China Peanut Butter Factory","og_description":"Leading chocolate peanut butter OEM private label manufacturer and exporter. Discover premium, customized chocolate peanut butter from us.","og_url":"https:\/\/www.peanutoem.com\/et\/manufacturer\/chocolate-peanut-butter\/","og_site_name":"Peanut Butter Factory","article_modified_time":"2024-10-06T09:55:00+00:00","og_image":[{"width":819,"height":975,"url":"https:\/\/www.peanutoem.com\/wp-content\/uploads\/2024\/09\/Peanut-Butter-Chocolate-Flavor.webp","type":"image\/webp"}],"twitter_card":"summary_large_image","twitter_misc":{"Est. reading time":"4 minutit"},"schema":{"@context":"https:\/\/schema.org","@graph":[{"@type":"WebPage","@id":"https:\/\/www.peanutoem.com\/manufacturer\/chocolate-peanut-butter\/","url":"https:\/\/www.peanutoem.com\/manufacturer\/chocolate-peanut-butter\/","name":"Chocolate Peanut Butter Manufacturer OEM - China Peanut Butter Factory","isPartOf":{"@id":"https:\/\/www.peanutoem.com\/#website"},"primaryImageOfPage":{"@id":"https:\/\/www.peanutoem.com\/manufacturer\/chocolate-peanut-butter\/#primaryimage"},"image":{"@id":"https:\/\/www.peanutoem.com\/manufacturer\/chocolate-peanut-butter\/#primaryimage"},"thumbnailUrl":"https:\/\/www.peanutoem.com\/wp-content\/uploads\/2024\/09\/Peanut-Butter-Chocolate-Flavor.webp","datePublished":"2024-09-10T12:30:11+00:00","dateModified":"2024-10-06T09:55:00+00:00","description":"Leading chocolate peanut butter OEM private label manufacturer and exporter. Discover premium, customized chocolate peanut butter from us.","breadcrumb":{"@id":"https:\/\/www.peanutoem.com\/manufacturer\/chocolate-peanut-butter\/#breadcrumb"},"inLanguage":"et","potentialAction":[{"@type":"ReadAction","target":["https:\/\/www.peanutoem.com\/manufacturer\/chocolate-peanut-butter\/"]}]},{"@type":"ImageObject","inLanguage":"et","@id":"https:\/\/www.peanutoem.com\/manufacturer\/chocolate-peanut-butter\/#primaryimage","url":"https:\/\/www.peanutoem.com\/wp-content\/uploads\/2024\/09\/Peanut-Butter-Chocolate-Flavor.webp","contentUrl":"https:\/\/www.peanutoem.com\/wp-content\/uploads\/2024\/09\/Peanut-Butter-Chocolate-Flavor.webp","width":819,"height":975,"caption":"Peanut Butter Chocolate Flavor"},{"@type":"BreadcrumbList","@id":"https:\/\/www.peanutoem.com\/manufacturer\/chocolate-peanut-butter\/#breadcrumb","itemListElement":[{"@type":"ListItem","position":1,"name":"Home","item":"https:\/\/www.peanutoem.com\/"},{"@type":"ListItem","position":2,"name":"Products","item":"https:\/\/www.peanutoem.com\/shop\/"},{"@type":"ListItem","position":3,"name":"Chocolate Peanut Butter"}]},{"@type":"WebSite","@id":"https:\/\/www.peanutoem.com\/#website","url":"https:\/\/www.peanutoem.com\/","name":"Peanut Butter Factory","description":"Peanut Butter Manufacturer and Roast Peanut OEM Factory | Peanut Private Label China Supplier","publisher":{"@id":"https:\/\/www.peanutoem.com\/#organization"},"alternateName":"Peanut Butter OEM and Wholesale","potentialAction":[{"@type":"SearchAction","target":{"@type":"EntryPoint","urlTemplate":"https:\/\/www.peanutoem.com\/?s={search_term_string}"},"query-input":{"@type":"PropertyValueSpecification","valueRequired":true,"valueName":"search_term_string"}}],"inLanguage":"et"},{"@type":"Organization","@id":"https:\/\/www.peanutoem.com\/#organization","name":"Peanut Butter Factory","alternateName":"JuFeng Group","url":"https:\/\/www.peanutoem.com\/","logo":{"@type":"ImageObject","inLanguage":"et","@id":"https:\/\/www.peanutoem.com\/#\/schema\/logo\/image\/","url":"https:\/\/www.peanutoem.com\/wp-content\/uploads\/2024\/09\/JUFENG-LOGO.png","contentUrl":"https:\/\/www.peanutoem.com\/wp-content\/uploads\/2024\/09\/JUFENG-LOGO.png","width":600,"height":170,"caption":"Peanut Butter Factory"},"image":{"@id":"https:\/\/www.peanutoem.com\/#\/schema\/logo\/image\/"}}]}},"_links":{"self":[{"href":"https:\/\/www.peanutoem.com\/et\/wp-json\/wp\/v2\/product\/1638","targetHints":{"allow":["GET"]}}],"collection":[{"href":"https:\/\/www.peanutoem.com\/et\/wp-json\/wp\/v2\/product"}],"about":[{"href":"https:\/\/www.peanutoem.com\/et\/wp-json\/wp\/v2\/types\/product"}],"replies":[{"embeddable":true,"href":"https:\/\/www.peanutoem.com\/et\/wp-json\/wp\/v2\/comments?post=1638"}],"wp:featuredmedia":[{"embeddable":true,"href":"https:\/\/www.peanutoem.com\/et\/wp-json\/wp\/v2\/media\/1671"}],"wp:attachment":[{"href":"https:\/\/www.peanutoem.com\/et\/wp-json\/wp\/v2\/media?parent=1638"}],"wp:term":[{"taxonomy":"product_cat","embeddable":true,"href":"https:\/\/www.peanutoem.com\/et\/wp-json\/wp\/v2\/product_cat?post=1638"},{"taxonomy":"product_tag","embeddable":true,"href":"https:\/\/www.peanutoem.com\/et\/wp-json\/wp\/v2\/product_tag?post=1638"}],"curies":[{"name":"wp","href":"https:\/\/api.w.org\/{rel}","templated":true}]}}