{"id":1393,"date":"2023-06-08T07:38:38","date_gmt":"2023-06-08T07:38:38","guid":{"rendered":"https:\/\/www.peanutoem.com\/?post_type=product&#038;p=1393"},"modified":"2024-10-09T12:10:08","modified_gmt":"2024-10-09T12:10:08","slug":"salty-peanut-butter","status":"publish","type":"product","link":"https:\/\/www.peanutoem.com\/fi\/manufacturer\/salty-peanut-butter\/","title":{"rendered":"Suolainen maap\u00e4hkin\u00e4voi"},"content":{"rendered":"<h3>Saltyn johtava OEM-toimittaja ja yksityisten merkkien valmistaja <a href=\"https:\/\/www.peanutoem.com\/fi\/Wholesale\/peanut-butter\/\" target=\"_blank\" rel=\"noopener\">Maap\u00e4hkin\u00e4voi<\/a><\/h3>\n<p>Tarjoamme ylpe\u00e4n\u00e4 korkealaatuista suolaista maap\u00e4hkin\u00e4voita luotettavana OEM-toimittajana, omien merkkien valmistajana ja maailmanlaajuisena viej\u00e4n\u00e4. Valmistettu t\u00e4ydellisess\u00e4 tasapainossa paahdettuja maap\u00e4hkin\u00f6it\u00e4 ja <a href=\"https:\/\/en.wikipedia.org\/wiki\/Salt\" target=\"_blank\" rel=\"noopener\">suolaa<\/a>, se tarjoaa suolaisen maun, joka on ihanteellinen v\u00e4lipaloille ja ruoanlaittoon. T\u00e4ysin r\u00e4\u00e4t\u00e4l\u00f6idyt tuotantoratkaisumme antavat br\u00e4ndille mahdollisuuden luoda ainutlaatuisia muunnelmia joustavilla pakkauksilla ja tilauskooilla.<\/p>\n<h3>Mik\u00e4 on suolainen maap\u00e4hkin\u00e4voi?<\/h3>\n<p>Suolainen maap\u00e4hkin\u00e4voi on maukas muunnelma perinteisest\u00e4 maap\u00e4hkin\u00e4voita, joka tarjoaa suolaisen k\u00e4\u00e4nteen suolalla. T\u00e4m\u00e4ntyyppinen maap\u00e4hkin\u00e4voi vetoaa kuluttajiin, jotka etsiv\u00e4t rohkeampaa, v\u00e4hemm\u00e4n makeaa vaihtoehtoa. Suola lis\u00e4\u00e4 maap\u00e4hkin\u00f6iden luonnollista p\u00e4hkin\u00e4isyytt\u00e4 ja tekee siit\u00e4 suosikin suolaisissa resepteiss\u00e4, levitteiss\u00e4 ja v\u00e4lipaloissa.<\/p>\n<p><img loading=\"lazy\" decoding=\"async\" class=\"alignnone wp-image-1970 size-large\" src=\"https:\/\/www.peanutoem.com\/wp-content\/uploads\/2023\/06\/Seasalt-Peanut-Butter-200g-1-1024x461.webp\" alt=\"Merisuolaa maap\u00e4hkin\u00e4voita 200g\" width=\"1020\" height=\"459\" srcset=\"https:\/\/www.peanutoem.com\/wp-content\/uploads\/2023\/06\/Seasalt-Peanut-Butter-200g-1-1024x461.webp 1024w, https:\/\/www.peanutoem.com\/wp-content\/uploads\/2023\/06\/Seasalt-Peanut-Butter-200g-1-300x135.webp 300w, https:\/\/www.peanutoem.com\/wp-content\/uploads\/2023\/06\/Seasalt-Peanut-Butter-200g-1-768x346.webp 768w, https:\/\/www.peanutoem.com\/wp-content\/uploads\/2023\/06\/Seasalt-Peanut-Butter-200g-1-1536x691.webp 1536w, https:\/\/www.peanutoem.com\/wp-content\/uploads\/2023\/06\/Seasalt-Peanut-Butter-200g-1-2048x922.webp 2048w, https:\/\/www.peanutoem.com\/wp-content\/uploads\/2023\/06\/Seasalt-Peanut-Butter-200g-1-18x8.webp 18w, https:\/\/www.peanutoem.com\/wp-content\/uploads\/2023\/06\/Seasalt-Peanut-Butter-200g-1-600x270.webp 600w\" sizes=\"auto, (max-width: 1020px) 100vw, 1020px\" \/><\/p>\n<h3>Mit\u00e4 ovat muut nimet?<\/h3>\n<p>Suolaista maap\u00e4hkin\u00e4voita voidaan kutsua my\u00f6s:<\/p>\n<ul>\n<li><strong>Suolainen maap\u00e4hkin\u00e4voita<\/strong><\/li>\n<li><strong>Suolattua maap\u00e4hkin\u00e4voita<\/strong><\/li>\n<li><strong>Maap\u00e4hkin\u00e4voita suolalla<\/strong><\/li>\n<li><strong>Suolalla t\u00e4ytetty\u00e4 maap\u00e4hkin\u00e4voita<\/strong><\/li>\n<\/ul>\n<p>N\u00e4m\u00e4 nimet korostavat selke\u00e4\u00e4 suolaista elementti\u00e4, joka tekee suolaisesta maap\u00e4hkin\u00e4voista ainutlaatuisen ja suositun tuotteen.<\/p>\n<h3>Miksi valita meid\u00e4t toimittajaksesi?<\/h3>\n<p>Luotettuna OEM-toimittajana ja omien merkkien valmistajana tarjoamme:<\/p>\n<ul>\n<li><strong>Mukautettava suolainen maap\u00e4hkin\u00e4voi<\/strong>: R\u00e4\u00e4t\u00e4l\u00f6idyt tuotteet vastaamaan br\u00e4ndi\u00e4si.<\/li>\n<li><strong>Maailmanlaajuinen <a href=\"https:\/\/www.peanutoem.com\/fi\/certificate\/\" target=\"_blank\" rel=\"noopener\">Sertifikaatit<\/a><\/strong>: Standardimme sis\u00e4lt\u00e4v\u00e4t HACCP, BRCGS, Halal, Kosher ja EU Organic, mik\u00e4 takaa huippulaadun.<\/li>\n<li><strong>Monipuoliset pakkausvaihtoehdot<\/strong>: Valmistamme eri kokoja v\u00e4hitt\u00e4ismyyntipurkeista bulkkiastioihin.<\/li>\n<li><strong>Maailmanlaajuinen vientiosaaminen<\/strong>: Toimitamme luotettavasti kansainv\u00e4lisille markkinoille.<\/li>\n<\/ul>\n<h3>Usein kysytty\u00e4 maap\u00e4hkin\u00e4voista suolalla<\/h3>\n<ol>\n<li><strong>Mik\u00e4 erottaa suolaisen maap\u00e4hkin\u00e4voi muista?<\/strong><br \/>\nToimitamme ensiluokkaista, yhten\u00e4ist\u00e4 maap\u00e4hkin\u00e4voita suolalla ja r\u00e4\u00e4t\u00e4l\u00f6it\u00e4viss\u00e4 vaihtoehdoissa omien merkkien tuotantoon.<\/li>\n<li><strong>Mit\u00e4 ainesosia k\u00e4yt\u00e4t?<\/strong><br \/>\nSuolainen maap\u00e4hkin\u00e4voimme sis\u00e4lt\u00e4\u00e4 korkealaatuisia paahdettuja maap\u00e4hkin\u00f6it\u00e4 ja tarkasti mitattua suolaa ilman lis\u00e4aineita.<\/li>\n<li><strong>Voinko s\u00e4\u00e4t\u00e4\u00e4 suolapitoisuutta?<\/strong><br \/>\nKyll\u00e4, tarjoamme joustavuutta suolatasoissa, jotka sopivat br\u00e4ndisi makuprofiiliin.<\/li>\n<li><strong>Mit\u00e4 pakkausvaihtoehtoja on saatavilla?<\/strong><br \/>\nTarjoamme purkkeja, kauhoja ja pusseja kokoina, jotka sopivat sek\u00e4 v\u00e4hitt\u00e4is- ett\u00e4 irtotavaratoimitukseen.<\/li>\n<li><strong>Kuinka pitk\u00e4 toimitusaika on?<\/strong><br \/>\nToimitus kest\u00e4\u00e4 yleens\u00e4 7-20 p\u00e4iv\u00e4\u00e4 tilauksen koosta ja teknisist\u00e4 tiedoista riippuen.<\/li>\n<li><strong>Tarjoatko yksityisi\u00e4 merkkipalveluita?<\/strong><br \/>\nKyll\u00e4, olemme erikoistuneet omien merkkien palveluihin, joissa on t\u00e4ydellinen r\u00e4\u00e4t\u00e4l\u00f6inti br\u00e4nd\u00e4yst\u00e4 ja pakkaamista varten.<\/li>\n<li><strong>Mik\u00e4 on v\u00e4himm\u00e4istilausm\u00e4\u00e4r\u00e4 (MOQ)?<\/strong><br \/>\nMOQ:mme on yksi tonni, ja siihen mahtuu sek\u00e4 suuria ett\u00e4 pienempi\u00e4 yrityksi\u00e4.<\/li>\n<\/ol>\n<h3>Tutustu mukautettavien tuotteidemme monipuolisuuteen<\/h3>\n<p>Suolainen maap\u00e4hkin\u00e4voi on monipuolinen valinta niille, jotka etsiv\u00e4t suolaista vaihtoehtoa makeille lajikkeille. Sen ainutlaatuinen maku tehostaa v\u00e4lipalaa ja ruoanlaittoa, mik\u00e4 tekee siit\u00e4 t\u00e4ydellisen levitteisiin, dippiin ja kastikkeisiin. Vastaamme maukkaiden, korkealaatuisten vaihtoehtojen kasvavaan kysynt\u00e4\u00e4n ja tarjoamme t\u00e4yden r\u00e4\u00e4t\u00e4l\u00f6innin tarpeidesi mukaan.<\/p>\n<p>Luotettavana OEM- ja private label -kumppanina toimitamme korkealaatuisia, muokattavissa olevia vaihtoehtoja maailmanlaajuisilla vientimahdollisuuksilla, mik\u00e4 takaa erinomaisuuden jokaisessa purkissa.<\/p>\n<a href=\"mailto:globepeanut@gmail.com\" class=\"button primary is-primary is-medium\"  >\n    <span>L\u00e4het\u00e4 meille s\u00e4hk\u00f6postia<\/span>\n  <\/a>","protected":false},"excerpt":{"rendered":"<table width=\"564\">\n<tbody>\n<tr>\n<td width=\"113\"><strong>Tuotteen nimi<\/strong><\/td>\n<td width=\"402\">Suolainen maap\u00e4hkin\u00e4voi<\/td>\n<\/tr>\n<tr>\n<td width=\"113\"><strong>Ainesosat<\/strong><\/td>\n<td width=\"402\">Valitut maap\u00e4hkin\u00e4ytimet, suola<\/td>\n<\/tr>\n<tr>\n<td width=\"113\"><strong>Tekniset tiedot<\/strong><\/td>\n<td width=\"402\">227 g x 24, 340 g x 12, 375 g x 12, 500 g x 12, 510 g x 12, 1 kg x 12, 10 kg x 1, 20 kg x 1, 220 kg x 1<\/td>\n<\/tr>\n<tr>\n<td width=\"113\"><strong>Pakkauslomake<\/strong><\/td>\n<td width=\"402\">Purkki, \u00e4mp\u00e4ri, doy-pakkaus, laukku, laatikko, tina, tynnyri, t\u00f6lkki, pullo jne<\/td>\n<\/tr>\n<tr>\n<td width=\"113\"><strong>Toimitusaika<\/strong><\/td>\n<td width=\"402\">7-20 p\u00e4iv\u00e4\u00e4 tilauksen j\u00e4lkeen<\/td>\n<\/tr>\n<tr>\n<td width=\"113\"><strong>MOQ<\/strong><\/td>\n<td width=\"402\">Yksi tonni<\/td>\n<\/tr>\n<tr>\n<td width=\"113\"><strong>N\u00e4yte<\/strong><\/td>\n<td width=\"402\">Ilmainen n\u00e4yte saatavilla<\/td>\n<\/tr>\n<tr>\n<td width=\"113\"><strong>OEM<\/strong><\/td>\n<td width=\"402\">Ostajan etiketti hyv\u00e4ksytty<\/td>\n<\/tr>\n<\/tbody>\n<\/table>","protected":false},"featured_media":1968,"comment_status":"open","ping_status":"closed","template":"","meta":[],"product_cat":[15],"product_tag":[],"class_list":{"0":"post-1393","1":"product","2":"type-product","3":"status-publish","4":"has-post-thumbnail","6":"product_cat-peanut-butter","8":"first","9":"instock","10":"shipping-taxable","11":"product-type-simple"},"yoast_head":"<!-- This site is optimized with the Yoast SEO plugin v24.9 - https:\/\/yoast.com\/wordpress\/plugins\/seo\/ -->\n<title>Salty Peanut Butter China Exporter OEM - Peanut Butter Factory<\/title>\n<meta name=\"description\" content=\"Discover premium salty peanut butter OEM service. Your trusted private label manufacturer. Enjoy customizable production, various packaging.\" \/>\n<meta name=\"robots\" content=\"index, follow, max-snippet:-1, max-image-preview:large, max-video-preview:-1\" \/>\n<link rel=\"canonical\" href=\"https:\/\/www.peanutoem.com\/fi\/manufacturer\/salty-peanut-butter\/\" \/>\n<meta property=\"og:locale\" content=\"fi_FI\" \/>\n<meta property=\"og:type\" content=\"article\" \/>\n<meta property=\"og:title\" content=\"Salty Peanut Butter China Exporter OEM - Peanut Butter Factory\" \/>\n<meta property=\"og:description\" content=\"Discover premium salty peanut butter OEM service. Your trusted private label manufacturer. Enjoy customizable production, various packaging.\" \/>\n<meta property=\"og:url\" content=\"https:\/\/www.peanutoem.com\/fi\/manufacturer\/salty-peanut-butter\/\" \/>\n<meta property=\"og:site_name\" content=\"Peanut Butter Factory\" \/>\n<meta property=\"article:modified_time\" content=\"2024-10-09T12:10:08+00:00\" \/>\n<meta property=\"og:image\" content=\"https:\/\/www.peanutoem.com\/wp-content\/uploads\/2023\/06\/200g-seasalt-peanut-butter-1-scaled.webp\" \/>\n\t<meta property=\"og:image:width\" content=\"2560\" \/>\n\t<meta property=\"og:image:height\" content=\"1152\" \/>\n\t<meta property=\"og:image:type\" content=\"image\/webp\" \/>\n<meta name=\"twitter:card\" content=\"summary_large_image\" \/>\n<meta name=\"twitter:label1\" content=\"Arvioitu lukuaika\" \/>\n\t<meta name=\"twitter:data1\" content=\"3 minuuttia\" \/>\n<script type=\"application\/ld+json\" class=\"yoast-schema-graph\">{\"@context\":\"https:\/\/schema.org\",\"@graph\":[{\"@type\":\"WebPage\",\"@id\":\"https:\/\/www.peanutoem.com\/manufacturer\/salty-peanut-butter\/\",\"url\":\"https:\/\/www.peanutoem.com\/manufacturer\/salty-peanut-butter\/\",\"name\":\"Salty Peanut Butter China Exporter OEM - Peanut Butter Factory\",\"isPartOf\":{\"@id\":\"https:\/\/www.peanutoem.com\/#website\"},\"primaryImageOfPage\":{\"@id\":\"https:\/\/www.peanutoem.com\/manufacturer\/salty-peanut-butter\/#primaryimage\"},\"image\":{\"@id\":\"https:\/\/www.peanutoem.com\/manufacturer\/salty-peanut-butter\/#primaryimage\"},\"thumbnailUrl\":\"https:\/\/www.peanutoem.com\/wp-content\/uploads\/2023\/06\/200g-seasalt-peanut-butter-1-scaled.webp\",\"datePublished\":\"2023-06-08T07:38:38+00:00\",\"dateModified\":\"2024-10-09T12:10:08+00:00\",\"description\":\"Discover premium salty peanut butter OEM service. Your trusted private label manufacturer. Enjoy customizable production, various packaging.\",\"breadcrumb\":{\"@id\":\"https:\/\/www.peanutoem.com\/manufacturer\/salty-peanut-butter\/#breadcrumb\"},\"inLanguage\":\"fi\",\"potentialAction\":[{\"@type\":\"ReadAction\",\"target\":[\"https:\/\/www.peanutoem.com\/manufacturer\/salty-peanut-butter\/\"]}]},{\"@type\":\"ImageObject\",\"inLanguage\":\"fi\",\"@id\":\"https:\/\/www.peanutoem.com\/manufacturer\/salty-peanut-butter\/#primaryimage\",\"url\":\"https:\/\/www.peanutoem.com\/wp-content\/uploads\/2023\/06\/200g-seasalt-peanut-butter-1-scaled.webp\",\"contentUrl\":\"https:\/\/www.peanutoem.com\/wp-content\/uploads\/2023\/06\/200g-seasalt-peanut-butter-1-scaled.webp\",\"width\":2560,\"height\":1152,\"caption\":\"200g seasalt peanut butter\"},{\"@type\":\"BreadcrumbList\",\"@id\":\"https:\/\/www.peanutoem.com\/manufacturer\/salty-peanut-butter\/#breadcrumb\",\"itemListElement\":[{\"@type\":\"ListItem\",\"position\":1,\"name\":\"Home\",\"item\":\"https:\/\/www.peanutoem.com\/\"},{\"@type\":\"ListItem\",\"position\":2,\"name\":\"Products\",\"item\":\"https:\/\/www.peanutoem.com\/shop\/\"},{\"@type\":\"ListItem\",\"position\":3,\"name\":\"Salty Peanut Butter\"}]},{\"@type\":\"WebSite\",\"@id\":\"https:\/\/www.peanutoem.com\/#website\",\"url\":\"https:\/\/www.peanutoem.com\/\",\"name\":\"Peanut Butter Factory\",\"description\":\"Peanut Butter Manufacturer and Roast Peanut OEM Factory | Peanut Private Label China Supplier\",\"publisher\":{\"@id\":\"https:\/\/www.peanutoem.com\/#organization\"},\"alternateName\":\"Peanut Butter OEM and Wholesale\",\"potentialAction\":[{\"@type\":\"SearchAction\",\"target\":{\"@type\":\"EntryPoint\",\"urlTemplate\":\"https:\/\/www.peanutoem.com\/?s={search_term_string}\"},\"query-input\":{\"@type\":\"PropertyValueSpecification\",\"valueRequired\":true,\"valueName\":\"search_term_string\"}}],\"inLanguage\":\"fi\"},{\"@type\":\"Organization\",\"@id\":\"https:\/\/www.peanutoem.com\/#organization\",\"name\":\"Peanut Butter Factory\",\"alternateName\":\"JuFeng Group\",\"url\":\"https:\/\/www.peanutoem.com\/\",\"logo\":{\"@type\":\"ImageObject\",\"inLanguage\":\"fi\",\"@id\":\"https:\/\/www.peanutoem.com\/#\/schema\/logo\/image\/\",\"url\":\"https:\/\/www.peanutoem.com\/wp-content\/uploads\/2024\/09\/JUFENG-LOGO.png\",\"contentUrl\":\"https:\/\/www.peanutoem.com\/wp-content\/uploads\/2024\/09\/JUFENG-LOGO.png\",\"width\":600,\"height\":170,\"caption\":\"Peanut Butter Factory\"},\"image\":{\"@id\":\"https:\/\/www.peanutoem.com\/#\/schema\/logo\/image\/\"}}]}<\/script>\n<!-- \/ Yoast SEO plugin. -->","yoast_head_json":{"title":"Salty Peanut Butter China Exporter OEM - Peanut Butter Factory","description":"Discover premium salty peanut butter OEM service. Your trusted private label manufacturer. Enjoy customizable production, various packaging.","robots":{"index":"index","follow":"follow","max-snippet":"max-snippet:-1","max-image-preview":"max-image-preview:large","max-video-preview":"max-video-preview:-1"},"canonical":"https:\/\/www.peanutoem.com\/fi\/manufacturer\/salty-peanut-butter\/","og_locale":"fi_FI","og_type":"article","og_title":"Salty Peanut Butter China Exporter OEM - Peanut Butter Factory","og_description":"Discover premium salty peanut butter OEM service. Your trusted private label manufacturer. Enjoy customizable production, various packaging.","og_url":"https:\/\/www.peanutoem.com\/fi\/manufacturer\/salty-peanut-butter\/","og_site_name":"Peanut Butter Factory","article_modified_time":"2024-10-09T12:10:08+00:00","og_image":[{"width":2560,"height":1152,"url":"https:\/\/www.peanutoem.com\/wp-content\/uploads\/2023\/06\/200g-seasalt-peanut-butter-1-scaled.webp","type":"image\/webp"}],"twitter_card":"summary_large_image","twitter_misc":{"Arvioitu lukuaika":"3 minuuttia"},"schema":{"@context":"https:\/\/schema.org","@graph":[{"@type":"WebPage","@id":"https:\/\/www.peanutoem.com\/manufacturer\/salty-peanut-butter\/","url":"https:\/\/www.peanutoem.com\/manufacturer\/salty-peanut-butter\/","name":"Salty Peanut Butter China Exporter OEM - Peanut Butter Factory","isPartOf":{"@id":"https:\/\/www.peanutoem.com\/#website"},"primaryImageOfPage":{"@id":"https:\/\/www.peanutoem.com\/manufacturer\/salty-peanut-butter\/#primaryimage"},"image":{"@id":"https:\/\/www.peanutoem.com\/manufacturer\/salty-peanut-butter\/#primaryimage"},"thumbnailUrl":"https:\/\/www.peanutoem.com\/wp-content\/uploads\/2023\/06\/200g-seasalt-peanut-butter-1-scaled.webp","datePublished":"2023-06-08T07:38:38+00:00","dateModified":"2024-10-09T12:10:08+00:00","description":"Discover premium salty peanut butter OEM service. Your trusted private label manufacturer. Enjoy customizable production, various packaging.","breadcrumb":{"@id":"https:\/\/www.peanutoem.com\/manufacturer\/salty-peanut-butter\/#breadcrumb"},"inLanguage":"fi","potentialAction":[{"@type":"ReadAction","target":["https:\/\/www.peanutoem.com\/manufacturer\/salty-peanut-butter\/"]}]},{"@type":"ImageObject","inLanguage":"fi","@id":"https:\/\/www.peanutoem.com\/manufacturer\/salty-peanut-butter\/#primaryimage","url":"https:\/\/www.peanutoem.com\/wp-content\/uploads\/2023\/06\/200g-seasalt-peanut-butter-1-scaled.webp","contentUrl":"https:\/\/www.peanutoem.com\/wp-content\/uploads\/2023\/06\/200g-seasalt-peanut-butter-1-scaled.webp","width":2560,"height":1152,"caption":"200g seasalt peanut butter"},{"@type":"BreadcrumbList","@id":"https:\/\/www.peanutoem.com\/manufacturer\/salty-peanut-butter\/#breadcrumb","itemListElement":[{"@type":"ListItem","position":1,"name":"Home","item":"https:\/\/www.peanutoem.com\/"},{"@type":"ListItem","position":2,"name":"Products","item":"https:\/\/www.peanutoem.com\/shop\/"},{"@type":"ListItem","position":3,"name":"Salty Peanut Butter"}]},{"@type":"WebSite","@id":"https:\/\/www.peanutoem.com\/#website","url":"https:\/\/www.peanutoem.com\/","name":"Peanut Butter Factory","description":"Peanut Butter Manufacturer and Roast Peanut OEM Factory | Peanut Private Label China Supplier","publisher":{"@id":"https:\/\/www.peanutoem.com\/#organization"},"alternateName":"Peanut Butter OEM and Wholesale","potentialAction":[{"@type":"SearchAction","target":{"@type":"EntryPoint","urlTemplate":"https:\/\/www.peanutoem.com\/?s={search_term_string}"},"query-input":{"@type":"PropertyValueSpecification","valueRequired":true,"valueName":"search_term_string"}}],"inLanguage":"fi"},{"@type":"Organization","@id":"https:\/\/www.peanutoem.com\/#organization","name":"Peanut Butter Factory","alternateName":"JuFeng Group","url":"https:\/\/www.peanutoem.com\/","logo":{"@type":"ImageObject","inLanguage":"fi","@id":"https:\/\/www.peanutoem.com\/#\/schema\/logo\/image\/","url":"https:\/\/www.peanutoem.com\/wp-content\/uploads\/2024\/09\/JUFENG-LOGO.png","contentUrl":"https:\/\/www.peanutoem.com\/wp-content\/uploads\/2024\/09\/JUFENG-LOGO.png","width":600,"height":170,"caption":"Peanut Butter Factory"},"image":{"@id":"https:\/\/www.peanutoem.com\/#\/schema\/logo\/image\/"}}]}},"_links":{"self":[{"href":"https:\/\/www.peanutoem.com\/fi\/wp-json\/wp\/v2\/product\/1393","targetHints":{"allow":["GET"]}}],"collection":[{"href":"https:\/\/www.peanutoem.com\/fi\/wp-json\/wp\/v2\/product"}],"about":[{"href":"https:\/\/www.peanutoem.com\/fi\/wp-json\/wp\/v2\/types\/product"}],"replies":[{"embeddable":true,"href":"https:\/\/www.peanutoem.com\/fi\/wp-json\/wp\/v2\/comments?post=1393"}],"wp:featuredmedia":[{"embeddable":true,"href":"https:\/\/www.peanutoem.com\/fi\/wp-json\/wp\/v2\/media\/1968"}],"wp:attachment":[{"href":"https:\/\/www.peanutoem.com\/fi\/wp-json\/wp\/v2\/media?parent=1393"}],"wp:term":[{"taxonomy":"product_cat","embeddable":true,"href":"https:\/\/www.peanutoem.com\/fi\/wp-json\/wp\/v2\/product_cat?post=1393"},{"taxonomy":"product_tag","embeddable":true,"href":"https:\/\/www.peanutoem.com\/fi\/wp-json\/wp\/v2\/product_tag?post=1393"}],"curies":[{"name":"wp","href":"https:\/\/api.w.org\/{rel}","templated":true}]}}