{"id":1402,"date":"2023-06-08T08:15:42","date_gmt":"2023-06-08T08:15:42","guid":{"rendered":"https:\/\/www.peanutoem.com\/?post_type=product&#038;p=1402"},"modified":"2024-09-28T06:53:33","modified_gmt":"2024-09-28T06:53:33","slug":"crunchy-peanut-butter","status":"publish","type":"product","link":"https:\/\/www.peanutoem.com\/fi\/manufacturer\/crunchy-peanut-butter\/","title":{"rendered":"Rapea maap\u00e4hkin\u00e4voi | Mukautettu rapea maap\u00e4hkin\u00e4voi"},"content":{"rendered":"<h3>Rapeaa <a href=\"https:\/\/www.peanutoem.com\/fi\/Wholesale\/peanut-butter\/\" target=\"_blank\" rel=\"noopener\">Maap\u00e4hkin\u00e4voi<\/a> \u2013 Premium OEM Private Label -valmistaja<\/h3>\n<p>Olemme ylpeit\u00e4 voidessamme olla johtava OEM-omien merkkien valmistaja, viej\u00e4 ja toimittaja korkealaatuiselle rapealle maap\u00e4hkin\u00e4voille, joka tarjoaa tyydytt\u00e4v\u00e4n koostumuksen ja sopii t\u00e4ydellisesti sek\u00e4 v\u00e4hitt\u00e4is- ett\u00e4 teollisuusk\u00e4ytt\u00f6\u00f6n. Valmistuskykymme yhdistettyn\u00e4 r\u00e4\u00e4t\u00e4l\u00f6it\u00e4viss\u00e4 oleviin vaihtoehtoihin antavat meille mahdollisuuden vastata br\u00e4ndien ainutlaatuisiin tarpeisiin maailmanlaajuisesti.<\/p>\n<h3>Edistynyt tuotanto ja <a href=\"https:\/\/www.peanutoem.com\/fi\/certificate\/\" target=\"_blank\" rel=\"noopener\">Sertifikaatit<\/a><\/h3>\n<p>Nykyaikaiset tilat on varustettu k\u00e4sittelem\u00e4\u00e4n laajamittaista tuotantoa tiukkaa laadunvalvontaa noudattaen. Sertifioinneilla, kuten HACCP, BRCGS, Halal, Kosher ja EU Organic, varmistamme, ett\u00e4 rapea maap\u00e4hkin\u00e4voi noudattaa korkeimpia maailmanlaajuisia standardeja. T\u00e4m\u00e4 tekee meist\u00e4 ensisijaisen kumppanin yrityksille, jotka etsiv\u00e4t luotettavia OEM- ja private label -ratkaisuja.<\/p>\n<h3>Mik\u00e4 on rapea maap\u00e4hkin\u00e4voi?<\/h3>\n<p>Rapea maap\u00e4hkin\u00e4voi sis\u00e4lt\u00e4\u00e4 pieni\u00e4 maap\u00e4hkin\u00e4rakeita, jotka tarjoavat teksturoitua pureman ja rikkaan maap\u00e4hkin\u00e4maun. T\u00e4m\u00e4 lajike sopii erinomaisesti kuluttajille, jotka nauttivat runsaammasta maap\u00e4hkin\u00e4voikokemuksesta verrattuna sileisiin tai kermaisiin vaihtoehtoihin. Raemainen maap\u00e4hkin\u00e4voi on valmistettu hienoimmista maap\u00e4hkin\u00f6ist\u00e4, mik\u00e4 varmistaa johdonmukaisuuden jokaisessa purkissa.<\/p>\n<p>Rapeaa maap\u00e4hkin\u00e4voita voidaan kutsua my\u00f6s muutamalla muulla nimell\u00e4, riippuen alueesta tai markkinointitottumuksista. Joitakin vaihtoehtoisia nimi\u00e4 ovat:<\/p>\n<ol>\n<li><strong>Runsas maap\u00e4hkin\u00e4voita<\/strong> \u2013 T\u00e4m\u00e4 on yleinen termi, erityisesti Yhdysvalloissa, ja se viittaa samaan teksturoituun lajikkeeseen.<\/li>\n<li><strong>Raetyyppinen maap\u00e4hkin\u00e4voi<\/strong> \u2013 Kuvaa sen rakeista rakennetta, jota k\u00e4ytet\u00e4\u00e4n usein teknisemm\u00e4ss\u00e4 tai teollisessa kontekstissa.<\/li>\n<li><strong>Teksturoitu maap\u00e4hkin\u00e4voi<\/strong> \u2013 Maap\u00e4hkin\u00e4palojen rakenteen korostaminen.<\/li>\n<li><strong>P\u00e4hkin\u00e4inen maap\u00e4hkin\u00e4voita<\/strong> \u2013 Joskus k\u00e4ytet\u00e4\u00e4n korostamaan levitteen sis\u00e4ll\u00e4 olevia maap\u00e4hkin\u00e4paloja.<\/li>\n<\/ol>\n<p>N\u00e4m\u00e4 nimet ovat usein vaihdettavissa ja v\u00e4litt\u00e4v\u00e4t ajatuksen siit\u00e4, ett\u00e4 maap\u00e4hkin\u00e4voi sis\u00e4lt\u00e4\u00e4 pieni\u00e4 maap\u00e4hkin\u00e4paloja tai rakeita.<\/p>\n<h3>R\u00e4\u00e4t\u00e4l\u00f6idyt yksityiset etikettiratkaisut rapealle maap\u00e4hkin\u00e4voille<\/h3>\n<p>Merkitt\u00e4v\u00e4n\u00e4 OEM-valmistajana tarjoamme r\u00e4\u00e4t\u00e4l\u00f6ityj\u00e4 private label -palveluita rapealle maap\u00e4hkin\u00e4voille. Tarvitsetpa yksil\u00f6llisi\u00e4 pakkauksia tai tiettyj\u00e4 kokoja, tarjoamme joustavia vaihtoehtoja br\u00e4ndisi tarpeiden mukaan. Tiimimme ty\u00f6skentelee tiiviisti kanssasi kehitt\u00e4\u00e4kseen tuotteen, joka vastaa br\u00e4ndi-identiteetti\u00e4si ja markkinoiden vaatimuksia.<\/p>\n<h3>Maailmanlaajuinen raketyyppisen maap\u00e4hkin\u00e4voin viej\u00e4 ja toimittaja<\/h3>\n<p>Laajan vientiverkostomme ansiosta palvelemme asiakkaita maailmanlaajuisesti, mik\u00e4 tekee meist\u00e4 luotetun raetyyppisen maap\u00e4hkin\u00e4voiton viej\u00e4n ja toimittajan. Tehokas logistiikkamme varmistaa oikea-aikaiset toimitukset, tarvitsitpa sitten pieni\u00e4 eri\u00e4 tai massatilauksia. Ymm\u00e4rr\u00e4mme johdonmukaisuuden ja luotettavuuden merkityksen kansainv\u00e4lisill\u00e4 markkinoilla.<\/p>\n<h3>Miksi valita meid\u00e4t?<\/h3>\n<ul>\n<li><strong>Laaja tuotantokapasiteetti<\/strong>: Laajamittainen tuotanto, joka on r\u00e4\u00e4t\u00e4l\u00f6ity br\u00e4ndillesi<\/li>\n<li><strong>Maailmanlaajuinen <a href=\"https:\/\/www.peanutoem.com\/fi\/certificate\/\" target=\"_blank\" rel=\"noopener\">Sertifikaatit<\/a><\/strong>: Sis\u00e4lt\u00e4\u00e4 HACCP, BRCGS, Halal, Kosher ja paljon muuta<\/li>\n<li><strong>Joustavat OEM- ja yksityiset merkkivaihtoehdot<\/strong>: Muokattavissa omien vaatimusten mukaan<\/li>\n<li><strong>Luotettu viej\u00e4 ja toimittaja<\/strong>: Palvelevat markkinoita maailmanlaajuisesti tasaisella laadulla<\/li>\n<\/ul>\n<p>Olemme valmiita tarjoamaan parasta rapeaa maap\u00e4hkin\u00e4voita joustavien OEM- ja private label -ratkaisujemme avulla. Anna meid\u00e4n auttaa sinua tuomaan asiakkaillesi korkealaatuista rakeista maap\u00e4hkin\u00e4voita keskittyen laatuun ja r\u00e4\u00e4t\u00e4l\u00f6intiin.<\/p>\n<a href=\"mailto:globepeanut@gmail.com\" class=\"button primary is-primary is-medium\"  >\n    <span>L\u00e4het\u00e4 meille s\u00e4hk\u00f6postia<\/span>\n  <\/a>","protected":false},"excerpt":{"rendered":"<table width=\"564\">\n<tbody>\n<tr>\n<td width=\"113\"><strong>Tuotteen nimi<\/strong><\/td>\n<td width=\"402\">Rapea maap\u00e4hkin\u00e4voi<\/td>\n<\/tr>\n<tr>\n<td width=\"113\"><strong>Ainesosat<\/strong><\/td>\n<td width=\"402\">Valitut maap\u00e4hkin\u00e4ytimet, valkoinen sokeri, hydrattu kasvi\u00f6ljy, suola<\/td>\n<\/tr>\n<tr>\n<td width=\"113\"><strong>Tekniset tiedot<\/strong><\/td>\n<td width=\"402\">200 g x 36, 227 g x 24, 340 g x 12, 375 g x 12, 500 g x 12, 510 g x 12, 1 kg x 12, 10 kg x 1, 20 kg x 1, 220 kg x 1<\/td>\n<\/tr>\n<tr>\n<td width=\"113\"><strong>Pakkauslomake<\/strong><\/td>\n<td width=\"402\">Purkki, \u00e4mp\u00e4ri, doy-pakkaus, laukku, laatikko, tina, tynnyri, t\u00f6lkki, pullo jne<\/td>\n<\/tr>\n<tr>\n<td width=\"113\"><strong>Toimitusaika<\/strong><\/td>\n<td width=\"402\">7-20 p\u00e4iv\u00e4\u00e4 tilauksen j\u00e4lkeen<\/td>\n<\/tr>\n<tr>\n<td width=\"113\"><strong>MOQ<\/strong><\/td>\n<td width=\"402\">Yksi tonni<\/td>\n<\/tr>\n<tr>\n<td width=\"113\"><strong>N\u00e4yte<\/strong><\/td>\n<td width=\"402\">Ilmainen n\u00e4yte saatavilla<\/td>\n<\/tr>\n<tr>\n<td width=\"113\"><strong>OEM<\/strong><\/td>\n<td width=\"402\">Ostajan etiketti hyv\u00e4ksytty<\/td>\n<\/tr>\n<\/tbody>\n<\/table>","protected":false},"featured_media":1652,"comment_status":"open","ping_status":"closed","template":"","meta":[],"product_cat":[15],"product_tag":[],"class_list":{"0":"post-1402","1":"product","2":"type-product","3":"status-publish","4":"has-post-thumbnail","6":"product_cat-peanut-butter","8":"first","9":"instock","10":"featured","11":"shipping-taxable","12":"product-type-simple"},"yoast_head":"<!-- This site is optimized with the Yoast SEO plugin v24.9 - https:\/\/yoast.com\/wordpress\/plugins\/seo\/ -->\n<title>Crunchy Peanut Butter | Custom Crunchy Peanut Butter OEM - Peanut Butter Factory<\/title>\n<meta name=\"description\" content=\"As a leading private label manufacturer, Our crunchy peanut butter is made with delightful granule texture and customizable packaging.\" \/>\n<meta name=\"robots\" content=\"index, follow, max-snippet:-1, max-image-preview:large, max-video-preview:-1\" \/>\n<link rel=\"canonical\" href=\"https:\/\/www.peanutoem.com\/fi\/manufacturer\/crunchy-peanut-butter\/\" \/>\n<meta property=\"og:locale\" content=\"fi_FI\" \/>\n<meta property=\"og:type\" content=\"article\" \/>\n<meta property=\"og:title\" content=\"Crunchy Peanut Butter | Custom Crunchy Peanut Butter OEM - Peanut Butter Factory\" \/>\n<meta property=\"og:description\" content=\"As a leading private label manufacturer, Our crunchy peanut butter is made with delightful granule texture and customizable packaging.\" \/>\n<meta property=\"og:url\" content=\"https:\/\/www.peanutoem.com\/fi\/manufacturer\/crunchy-peanut-butter\/\" \/>\n<meta property=\"og:site_name\" content=\"Peanut Butter Factory\" \/>\n<meta property=\"article:modified_time\" content=\"2024-09-28T06:53:33+00:00\" \/>\n<meta property=\"og:image\" content=\"https:\/\/www.peanutoem.com\/wp-content\/uploads\/2023\/06\/Crunchy-Type-Peanut-Butter-340g.webp\" \/>\n\t<meta property=\"og:image:width\" content=\"1000\" \/>\n\t<meta property=\"og:image:height\" content=\"1000\" \/>\n\t<meta property=\"og:image:type\" content=\"image\/webp\" \/>\n<meta name=\"twitter:card\" content=\"summary_large_image\" \/>\n<meta name=\"twitter:label1\" content=\"Arvioitu lukuaika\" \/>\n\t<meta name=\"twitter:data1\" content=\"3 minuuttia\" \/>\n<script type=\"application\/ld+json\" class=\"yoast-schema-graph\">{\"@context\":\"https:\/\/schema.org\",\"@graph\":[{\"@type\":\"WebPage\",\"@id\":\"https:\/\/www.peanutoem.com\/manufacturer\/crunchy-peanut-butter\/\",\"url\":\"https:\/\/www.peanutoem.com\/manufacturer\/crunchy-peanut-butter\/\",\"name\":\"Crunchy Peanut Butter | Custom Crunchy Peanut Butter OEM - Peanut Butter Factory\",\"isPartOf\":{\"@id\":\"https:\/\/www.peanutoem.com\/#website\"},\"primaryImageOfPage\":{\"@id\":\"https:\/\/www.peanutoem.com\/manufacturer\/crunchy-peanut-butter\/#primaryimage\"},\"image\":{\"@id\":\"https:\/\/www.peanutoem.com\/manufacturer\/crunchy-peanut-butter\/#primaryimage\"},\"thumbnailUrl\":\"https:\/\/www.peanutoem.com\/wp-content\/uploads\/2023\/06\/Crunchy-Type-Peanut-Butter-340g.webp\",\"datePublished\":\"2023-06-08T08:15:42+00:00\",\"dateModified\":\"2024-09-28T06:53:33+00:00\",\"description\":\"As a leading private label manufacturer, Our crunchy peanut butter is made with delightful granule texture and customizable packaging.\",\"breadcrumb\":{\"@id\":\"https:\/\/www.peanutoem.com\/manufacturer\/crunchy-peanut-butter\/#breadcrumb\"},\"inLanguage\":\"fi\",\"potentialAction\":[{\"@type\":\"ReadAction\",\"target\":[\"https:\/\/www.peanutoem.com\/manufacturer\/crunchy-peanut-butter\/\"]}]},{\"@type\":\"ImageObject\",\"inLanguage\":\"fi\",\"@id\":\"https:\/\/www.peanutoem.com\/manufacturer\/crunchy-peanut-butter\/#primaryimage\",\"url\":\"https:\/\/www.peanutoem.com\/wp-content\/uploads\/2023\/06\/Crunchy-Type-Peanut-Butter-340g.webp\",\"contentUrl\":\"https:\/\/www.peanutoem.com\/wp-content\/uploads\/2023\/06\/Crunchy-Type-Peanut-Butter-340g.webp\",\"width\":1000,\"height\":1000,\"caption\":\"Crunchy Type Peanut Butter 340g\"},{\"@type\":\"BreadcrumbList\",\"@id\":\"https:\/\/www.peanutoem.com\/manufacturer\/crunchy-peanut-butter\/#breadcrumb\",\"itemListElement\":[{\"@type\":\"ListItem\",\"position\":1,\"name\":\"Home\",\"item\":\"https:\/\/www.peanutoem.com\/\"},{\"@type\":\"ListItem\",\"position\":2,\"name\":\"Products\",\"item\":\"https:\/\/www.peanutoem.com\/shop\/\"},{\"@type\":\"ListItem\",\"position\":3,\"name\":\"Crunchy Peanut Butter | Custom Crunchy Peanut Butter\"}]},{\"@type\":\"WebSite\",\"@id\":\"https:\/\/www.peanutoem.com\/#website\",\"url\":\"https:\/\/www.peanutoem.com\/\",\"name\":\"Peanut Butter Factory\",\"description\":\"Peanut Butter Manufacturer and Roast Peanut OEM Factory | Peanut Private Label China Supplier\",\"publisher\":{\"@id\":\"https:\/\/www.peanutoem.com\/#organization\"},\"alternateName\":\"Peanut Butter OEM and Wholesale\",\"potentialAction\":[{\"@type\":\"SearchAction\",\"target\":{\"@type\":\"EntryPoint\",\"urlTemplate\":\"https:\/\/www.peanutoem.com\/?s={search_term_string}\"},\"query-input\":{\"@type\":\"PropertyValueSpecification\",\"valueRequired\":true,\"valueName\":\"search_term_string\"}}],\"inLanguage\":\"fi\"},{\"@type\":\"Organization\",\"@id\":\"https:\/\/www.peanutoem.com\/#organization\",\"name\":\"Peanut Butter Factory\",\"alternateName\":\"JuFeng Group\",\"url\":\"https:\/\/www.peanutoem.com\/\",\"logo\":{\"@type\":\"ImageObject\",\"inLanguage\":\"fi\",\"@id\":\"https:\/\/www.peanutoem.com\/#\/schema\/logo\/image\/\",\"url\":\"https:\/\/www.peanutoem.com\/wp-content\/uploads\/2024\/09\/JUFENG-LOGO.png\",\"contentUrl\":\"https:\/\/www.peanutoem.com\/wp-content\/uploads\/2024\/09\/JUFENG-LOGO.png\",\"width\":600,\"height\":170,\"caption\":\"Peanut Butter Factory\"},\"image\":{\"@id\":\"https:\/\/www.peanutoem.com\/#\/schema\/logo\/image\/\"}}]}<\/script>\n<!-- \/ Yoast SEO plugin. -->","yoast_head_json":{"title":"Crunchy Peanut Butter | Custom Crunchy Peanut Butter OEM - Peanut Butter Factory","description":"As a leading private label manufacturer, Our crunchy peanut butter is made with delightful granule texture and customizable packaging.","robots":{"index":"index","follow":"follow","max-snippet":"max-snippet:-1","max-image-preview":"max-image-preview:large","max-video-preview":"max-video-preview:-1"},"canonical":"https:\/\/www.peanutoem.com\/fi\/manufacturer\/crunchy-peanut-butter\/","og_locale":"fi_FI","og_type":"article","og_title":"Crunchy Peanut Butter | Custom Crunchy Peanut Butter OEM - Peanut Butter Factory","og_description":"As a leading private label manufacturer, Our crunchy peanut butter is made with delightful granule texture and customizable packaging.","og_url":"https:\/\/www.peanutoem.com\/fi\/manufacturer\/crunchy-peanut-butter\/","og_site_name":"Peanut Butter Factory","article_modified_time":"2024-09-28T06:53:33+00:00","og_image":[{"width":1000,"height":1000,"url":"https:\/\/www.peanutoem.com\/wp-content\/uploads\/2023\/06\/Crunchy-Type-Peanut-Butter-340g.webp","type":"image\/webp"}],"twitter_card":"summary_large_image","twitter_misc":{"Arvioitu lukuaika":"3 minuuttia"},"schema":{"@context":"https:\/\/schema.org","@graph":[{"@type":"WebPage","@id":"https:\/\/www.peanutoem.com\/manufacturer\/crunchy-peanut-butter\/","url":"https:\/\/www.peanutoem.com\/manufacturer\/crunchy-peanut-butter\/","name":"Crunchy Peanut Butter | Custom Crunchy Peanut Butter OEM - Peanut Butter Factory","isPartOf":{"@id":"https:\/\/www.peanutoem.com\/#website"},"primaryImageOfPage":{"@id":"https:\/\/www.peanutoem.com\/manufacturer\/crunchy-peanut-butter\/#primaryimage"},"image":{"@id":"https:\/\/www.peanutoem.com\/manufacturer\/crunchy-peanut-butter\/#primaryimage"},"thumbnailUrl":"https:\/\/www.peanutoem.com\/wp-content\/uploads\/2023\/06\/Crunchy-Type-Peanut-Butter-340g.webp","datePublished":"2023-06-08T08:15:42+00:00","dateModified":"2024-09-28T06:53:33+00:00","description":"As a leading private label manufacturer, Our crunchy peanut butter is made with delightful granule texture and customizable packaging.","breadcrumb":{"@id":"https:\/\/www.peanutoem.com\/manufacturer\/crunchy-peanut-butter\/#breadcrumb"},"inLanguage":"fi","potentialAction":[{"@type":"ReadAction","target":["https:\/\/www.peanutoem.com\/manufacturer\/crunchy-peanut-butter\/"]}]},{"@type":"ImageObject","inLanguage":"fi","@id":"https:\/\/www.peanutoem.com\/manufacturer\/crunchy-peanut-butter\/#primaryimage","url":"https:\/\/www.peanutoem.com\/wp-content\/uploads\/2023\/06\/Crunchy-Type-Peanut-Butter-340g.webp","contentUrl":"https:\/\/www.peanutoem.com\/wp-content\/uploads\/2023\/06\/Crunchy-Type-Peanut-Butter-340g.webp","width":1000,"height":1000,"caption":"Crunchy Type Peanut Butter 340g"},{"@type":"BreadcrumbList","@id":"https:\/\/www.peanutoem.com\/manufacturer\/crunchy-peanut-butter\/#breadcrumb","itemListElement":[{"@type":"ListItem","position":1,"name":"Home","item":"https:\/\/www.peanutoem.com\/"},{"@type":"ListItem","position":2,"name":"Products","item":"https:\/\/www.peanutoem.com\/shop\/"},{"@type":"ListItem","position":3,"name":"Crunchy Peanut Butter | Custom Crunchy Peanut Butter"}]},{"@type":"WebSite","@id":"https:\/\/www.peanutoem.com\/#website","url":"https:\/\/www.peanutoem.com\/","name":"Peanut Butter Factory","description":"Peanut Butter Manufacturer and Roast Peanut OEM Factory | Peanut Private Label China Supplier","publisher":{"@id":"https:\/\/www.peanutoem.com\/#organization"},"alternateName":"Peanut Butter OEM and Wholesale","potentialAction":[{"@type":"SearchAction","target":{"@type":"EntryPoint","urlTemplate":"https:\/\/www.peanutoem.com\/?s={search_term_string}"},"query-input":{"@type":"PropertyValueSpecification","valueRequired":true,"valueName":"search_term_string"}}],"inLanguage":"fi"},{"@type":"Organization","@id":"https:\/\/www.peanutoem.com\/#organization","name":"Peanut Butter Factory","alternateName":"JuFeng Group","url":"https:\/\/www.peanutoem.com\/","logo":{"@type":"ImageObject","inLanguage":"fi","@id":"https:\/\/www.peanutoem.com\/#\/schema\/logo\/image\/","url":"https:\/\/www.peanutoem.com\/wp-content\/uploads\/2024\/09\/JUFENG-LOGO.png","contentUrl":"https:\/\/www.peanutoem.com\/wp-content\/uploads\/2024\/09\/JUFENG-LOGO.png","width":600,"height":170,"caption":"Peanut Butter Factory"},"image":{"@id":"https:\/\/www.peanutoem.com\/#\/schema\/logo\/image\/"}}]}},"_links":{"self":[{"href":"https:\/\/www.peanutoem.com\/fi\/wp-json\/wp\/v2\/product\/1402","targetHints":{"allow":["GET"]}}],"collection":[{"href":"https:\/\/www.peanutoem.com\/fi\/wp-json\/wp\/v2\/product"}],"about":[{"href":"https:\/\/www.peanutoem.com\/fi\/wp-json\/wp\/v2\/types\/product"}],"replies":[{"embeddable":true,"href":"https:\/\/www.peanutoem.com\/fi\/wp-json\/wp\/v2\/comments?post=1402"}],"wp:featuredmedia":[{"embeddable":true,"href":"https:\/\/www.peanutoem.com\/fi\/wp-json\/wp\/v2\/media\/1652"}],"wp:attachment":[{"href":"https:\/\/www.peanutoem.com\/fi\/wp-json\/wp\/v2\/media?parent=1402"}],"wp:term":[{"taxonomy":"product_cat","embeddable":true,"href":"https:\/\/www.peanutoem.com\/fi\/wp-json\/wp\/v2\/product_cat?post=1402"},{"taxonomy":"product_tag","embeddable":true,"href":"https:\/\/www.peanutoem.com\/fi\/wp-json\/wp\/v2\/product_tag?post=1402"}],"curies":[{"name":"wp","href":"https:\/\/api.w.org\/{rel}","templated":true}]}}