{"id":1543,"date":"2024-09-02T13:37:15","date_gmt":"2024-09-02T13:37:15","guid":{"rendered":"https:\/\/www.peanutoem.com\/?post_type=product&#038;p=1543"},"modified":"2024-09-28T06:03:37","modified_gmt":"2024-09-28T06:03:37","slug":"pure-peanut-butter","status":"publish","type":"product","link":"https:\/\/www.peanutoem.com\/fi\/manufacturer\/pure-peanut-butter\/","title":{"rendered":"Puhdasta maap\u00e4hkin\u00e4voita"},"content":{"rendered":"<h3>Pure Peanut Butter \u2013 Johtava OEM-toimittaja ja yksityisten merkkien valmistaja<\/h3>\n<p>Olemme erikoistuneet tuottamaan ja toimittamaan puhdasta maap\u00e4hkin\u00e4voita luotettavana OEM-toimittajana, omien merkkien valmistajana ja viej\u00e4n\u00e4. Tuotteemme on valmistettu 100%-maap\u00e4hkin\u00f6ist\u00e4, mik\u00e4 tarjoaa vertaansa vailla olevaa laatua ja aitoutta br\u00e4ndillesi. Kehittyneill\u00e4 tuotantoominaisuuksilla ja maailmanlaajuisilla sertifikaateilla r\u00e4\u00e4t\u00e4l\u00f6imme maap\u00e4hkin\u00e4voiratkaisumme sinun tarpeidesi mukaan.<\/p>\n<h3>Mik\u00e4 on puhdas maap\u00e4hkin\u00e4voi?<\/h3>\n<p><strong>Puhdas <a href=\"https:\/\/www.peanutoem.com\/fi\/Wholesale\/peanut-butter\/\" target=\"_blank\" rel=\"noopener\">maap\u00e4hkin\u00e4voi<\/a><\/strong> on valmistettu 100%:st\u00e4 <a href=\"https:\/\/en.wikipedia.org\/wiki\/Peanut\" target=\"_blank\" rel=\"noopener\">maap\u00e4hkin\u00f6it\u00e4<\/a>, ilman lis\u00e4ttyj\u00e4 sokereita, \u00f6ljyj\u00e4 tai s\u00e4il\u00f6nt\u00e4aineita. Se tarjoaa luonnollisen, k\u00e4sittelem\u00e4tt\u00f6m\u00e4n maun, joka vetoaa terveystietoisille kuluttajille. T\u00e4m\u00e4ntyyppinen maap\u00e4hkin\u00e4voi s\u00e4ilytt\u00e4\u00e4 maap\u00e4hkin\u00f6iden rikkaan maun ja luonnolliset \u00f6ljyt, mik\u00e4 tekee siit\u00e4 suositun valinnan niille, jotka etsiv\u00e4t puhtaita etikettej\u00e4.<\/p>\n<h3>Mit\u00e4 muita nimi\u00e4 puhtaalle maap\u00e4hkin\u00e4voille on?<\/h3>\n<p>Se tunnetaan my\u00f6s eri nimill\u00e4 eri alueilla ja toimialoilla. Jotkut yleisimmist\u00e4 vaihtoehtoisista nimist\u00e4 ovat:<\/p>\n<ul>\n<li><strong>Luonnollinen maap\u00e4hkin\u00e4voi<\/strong><\/li>\n<li><strong>Makeuttamaton maap\u00e4hkin\u00e4voita<\/strong><\/li>\n<li><strong>Lis\u00e4aineeton maap\u00e4hkin\u00e4voi<\/strong><\/li>\n<li><strong>100% maap\u00e4hkin\u00e4voita<\/strong><\/li>\n<\/ul>\n<p>N\u00e4m\u00e4 nimet korostavat muiden ainesosien puuttumista, mik\u00e4 korostaa tuotteen puhtautta.<\/p>\n<h3>Miksi valita meid\u00e4t toimittajaksesi?<\/h3>\n<p>Johtavana OEM-toimittajana ja omien merkkien valmistajana tarjoamme:<\/p>\n<ul>\n<li><strong>Laadukkaat tuotteet:<\/strong> Puhdas maap\u00e4hkin\u00e4voi sis\u00e4lt\u00e4\u00e4 100% valittuja maap\u00e4hkin\u00f6it\u00e4, ilman lis\u00e4ttyj\u00e4 sokereita, \u00f6ljyj\u00e4 tai s\u00e4il\u00f6nt\u00e4aineita.<\/li>\n<li><strong>Mukautettavat ratkaisut:<\/strong> Tarjoamme joustavia pakkausvaihtoehtoja, kuten purkkeja, t\u00f6lkkej\u00e4 ja kauhoja, eri kokoisia markkinoiden tarpeisiin.<\/li>\n<li><strong>Maailmanlaajuinen <a href=\"https:\/\/www.peanutoem.com\/fi\/certificate\/\" target=\"_blank\" rel=\"noopener\">Sertifikaatit<\/a>:<\/strong> Sertifiointimme, mukaan lukien HACCP, BRCGS, Halal ja Kosher, takaavat tuoteturvallisuuden ja korkealaatuisen laadun.<\/li>\n<li><strong>Suuri tuotantokapasiteetti:<\/strong> Pystymme hoitamaan tehokkaasti sek\u00e4 pienet ett\u00e4 bulkkitilaukset, palvelemme monipuolisesti asiakkaiden tarpeita.<\/li>\n<li><strong>Maailmanlaajuisen viennin asiantuntemus:<\/strong> Meill\u00e4 on laaja kokemus korkealaatuisen maap\u00e4hkin\u00e4voin toimittamisesta asiakkaille maailmanlaajuisesti.<\/li>\n<\/ul>\n<h3>Usein kysytty\u00e4 yritysroolistamme tuottajana ja tukkukauppiaana<\/h3>\n<ol>\n<li><strong>Miksi olet johtava OEM-toimittaja maap\u00e4hkin\u00e4voiteollisuudessa?<\/strong><br \/>\nValmistamme maap\u00e4hkin\u00e4voita merkeille niiden omalla tuotemerkill\u00e4 varmistaen r\u00e4\u00e4t\u00e4l\u00f6idyt tuoteratkaisut.<\/li>\n<li><strong>Tarjoatko yksityisi\u00e4 merkkipalveluita?<\/strong><br \/>\nKyll\u00e4, olemme erikoistuneet joustaviin omien merkkien ratkaisuihin, jotka auttavat sinua luomaan merkkimaap\u00e4hkin\u00e4voita.<\/li>\n<li><strong>Mit\u00e4 ainesosia k\u00e4yt\u00e4t?<\/strong><br \/>\nPuhdas maap\u00e4hkin\u00e4voimme koostuu 100% valikoiduista maap\u00e4hkin\u00f6ist\u00e4 ilman lis\u00e4ttyj\u00e4 sokereita, \u00f6ljyj\u00e4 tai s\u00e4il\u00f6nt\u00e4aineita.<\/li>\n<li><strong>Kuinka voin mukauttaa pakkaustani?<\/strong><br \/>\nVoit valita useista eri pakkausvaihtoehdoista ja -kooista, jotka on r\u00e4\u00e4t\u00e4l\u00f6ity tarpeidesi mukaan v\u00e4hitt\u00e4iskaupasta bulkkiin.<\/li>\n<li><strong>Mik\u00e4 on v\u00e4himm\u00e4istilausm\u00e4\u00e4r\u00e4 (MOQ)?<\/strong><br \/>\nMOQ on yksi tonni, mik\u00e4 tarjoaa joustavuutta sek\u00e4 pienille ett\u00e4 suurille yrityksille.<\/li>\n<li><strong>Mik\u00e4 tekee puhtaasta maap\u00e4hkin\u00e4voistasi erottuvan?<\/strong><br \/>\nSitoutumisemme laatuun, globaaleihin sertifiointeihin ja r\u00e4\u00e4t\u00e4l\u00f6ityihin omien merkkien ratkaisuihin erottavat meid\u00e4t kilpailijoista.<\/li>\n<li><strong>Kuinka kauan tilauksen k\u00e4sittely kest\u00e4\u00e4?<\/strong><br \/>\nToimitusajat vaihtelevat 7-20 p\u00e4iv\u00e4\u00e4 tilauksen koosta ja pakkausvaatimuksista riippuen.<\/li>\n<li><strong>Voinko pyyt\u00e4\u00e4 n\u00e4ytteit\u00e4 ennen tilauksen tekemist\u00e4?<\/strong><br \/>\nKyll\u00e4, tarjoamme ilmaisia n\u00e4ytteit\u00e4 puhtaasta maap\u00e4hkin\u00e4voistamme laadun arviointia varten ennen joukkotilauksen tekemist\u00e4.<\/li>\n<li><strong>Vietk\u00f6 maailmanlaajuisesti?<\/strong><br \/>\nT\u00e4ysin! Meill\u00e4 on kokemusta korkealaatuisen puhtaan maap\u00e4hkin\u00e4voin viennist\u00e4 asiakkaille ymp\u00e4ri maailmaa.<\/li>\n<\/ol>\n<h3>Miksi puhdas maap\u00e4hkin\u00e4voi?<\/h3>\n<p>Puhdas maap\u00e4hkin\u00e4voi on hyv\u00e4 vaihtoehto terveystietoisille kuluttajille, jotka etsiv\u00e4t luonnontuotetta ilman lis\u00e4aineita. Se sis\u00e4lt\u00e4\u00e4 runsaasti proteiinia, terveellisi\u00e4 rasvoja ja t\u00e4rkeit\u00e4 ravintoaineita, joten se on monipuolinen ainesosa keitti\u00f6iss\u00e4 maailmanlaajuisesti. Kun kuluttajat keskittyv\u00e4t enemm\u00e4n puhtaisiin etiketteihin, 100%-maap\u00e4hkin\u00e4pohjaisten tuotteiden kysynt\u00e4 jatkaa kasvuaan.<\/p>\n<p>Varmistamme, ett\u00e4 puhdas maap\u00e4hkin\u00e4voi t\u00e4ytt\u00e4\u00e4 n\u00e4m\u00e4 vaatimukset tarjoten tuotteen, joka on mahdollisimman l\u00e4hell\u00e4 luontoa ja on t\u00e4ysin muokattavissa br\u00e4ndisi tarpeisiin. Halusitpa sitten laajentaa br\u00e4ndisi tarjontaa tai p\u00e4\u00e4st\u00e4 uusille markkinoille, meill\u00e4 on kapasiteettia, asiantuntemusta ja sertifiointeja sen toteuttamiseen.<\/p>\n<a href=\"mailto:globepeanut@gmail.com\" class=\"button primary is-primary is-medium\"  >\n    <span>L\u00e4het\u00e4 meille s\u00e4hk\u00f6postia<\/span>\n  <\/a>","protected":false},"excerpt":{"rendered":"<table width=\"564\">\n<tbody>\n<tr>\n<td width=\"113\"><strong>Tuotteen nimi<\/strong><\/td>\n<td width=\"402\">Puhdasta maap\u00e4hkin\u00e4voita<\/td>\n<\/tr>\n<tr>\n<td width=\"113\"><strong>Ainesosat<\/strong><\/td>\n<td width=\"402\">Valikoitu maap\u00e4hkin\u00e4voi<\/td>\n<\/tr>\n<tr>\n<td width=\"113\"><strong>Tekniset tiedot<\/strong><\/td>\n<td width=\"402\">10 kg x 1, 20 kg x 1, 22 kg x 1 220 kg x 1<\/td>\n<\/tr>\n<tr>\n<td width=\"113\"><strong>Pakkauslomake<\/strong><\/td>\n<td width=\"402\">Purkki, \u00e4mp\u00e4ri, laukku, laatikko, tynnyri, pullo jne<\/td>\n<\/tr>\n<tr>\n<td width=\"113\"><strong>Toimitusaika<\/strong><\/td>\n<td width=\"402\">7-20 p\u00e4iv\u00e4\u00e4 tilauksen j\u00e4lkeen<\/td>\n<\/tr>\n<tr>\n<td width=\"113\"><strong>MOQ<\/strong><\/td>\n<td width=\"402\">Yksi tonni<\/td>\n<\/tr>\n<tr>\n<td width=\"113\"><strong>N\u00e4yte<\/strong><\/td>\n<td width=\"402\">Ilmainen n\u00e4yte saatavilla<\/td>\n<\/tr>\n<tr>\n<td width=\"113\"><strong>OEM<\/strong><\/td>\n<td width=\"402\">Ostajan etiketti hyv\u00e4ksytty<\/td>\n<\/tr>\n<\/tbody>\n<\/table>","protected":false},"featured_media":1659,"comment_status":"open","ping_status":"closed","template":"","meta":[],"product_cat":[15],"product_tag":[],"class_list":{"0":"post-1543","1":"product","2":"type-product","3":"status-publish","4":"has-post-thumbnail","6":"product_cat-peanut-butter","8":"first","9":"instock","10":"shipping-taxable","11":"product-type-simple"},"yoast_head":"<!-- This site is optimized with the Yoast SEO plugin v24.9 - https:\/\/yoast.com\/wordpress\/plugins\/seo\/ -->\n<title>Pure Peanut Butter OEM Producer - Peanut Butter Factory<\/title>\n<meta name=\"description\" content=\"As a top OEM manufacturer and exporter, we supply pure peanut butter made from 100% peanuts. Customizable private label solutions for your business needs.\" \/>\n<meta name=\"robots\" content=\"index, follow, max-snippet:-1, max-image-preview:large, max-video-preview:-1\" \/>\n<link rel=\"canonical\" href=\"https:\/\/www.peanutoem.com\/fi\/manufacturer\/pure-peanut-butter\/\" \/>\n<meta property=\"og:locale\" content=\"fi_FI\" \/>\n<meta property=\"og:type\" content=\"article\" \/>\n<meta property=\"og:title\" content=\"Pure Peanut Butter OEM Producer - Peanut Butter Factory\" \/>\n<meta property=\"og:description\" content=\"As a top OEM manufacturer and exporter, we supply pure peanut butter made from 100% peanuts. Customizable private label solutions for your business needs.\" \/>\n<meta property=\"og:url\" content=\"https:\/\/www.peanutoem.com\/fi\/manufacturer\/pure-peanut-butter\/\" \/>\n<meta property=\"og:site_name\" content=\"Peanut Butter Factory\" \/>\n<meta property=\"article:modified_time\" content=\"2024-09-28T06:03:37+00:00\" \/>\n<meta property=\"og:image\" content=\"https:\/\/www.peanutoem.com\/wp-content\/uploads\/2024\/09\/Pure-Peanut-Butter-OEM-Supplier.webp\" \/>\n\t<meta property=\"og:image:width\" content=\"1000\" \/>\n\t<meta property=\"og:image:height\" content=\"1000\" \/>\n\t<meta property=\"og:image:type\" content=\"image\/webp\" \/>\n<meta name=\"twitter:card\" content=\"summary_large_image\" \/>\n<meta name=\"twitter:label1\" content=\"Arvioitu lukuaika\" \/>\n\t<meta name=\"twitter:data1\" content=\"3 minuuttia\" \/>\n<script type=\"application\/ld+json\" class=\"yoast-schema-graph\">{\"@context\":\"https:\/\/schema.org\",\"@graph\":[{\"@type\":\"WebPage\",\"@id\":\"https:\/\/www.peanutoem.com\/manufacturer\/pure-peanut-butter\/\",\"url\":\"https:\/\/www.peanutoem.com\/manufacturer\/pure-peanut-butter\/\",\"name\":\"Pure Peanut Butter OEM Producer - Peanut Butter Factory\",\"isPartOf\":{\"@id\":\"https:\/\/www.peanutoem.com\/#website\"},\"primaryImageOfPage\":{\"@id\":\"https:\/\/www.peanutoem.com\/manufacturer\/pure-peanut-butter\/#primaryimage\"},\"image\":{\"@id\":\"https:\/\/www.peanutoem.com\/manufacturer\/pure-peanut-butter\/#primaryimage\"},\"thumbnailUrl\":\"https:\/\/www.peanutoem.com\/wp-content\/uploads\/2024\/09\/Pure-Peanut-Butter-OEM-Supplier.webp\",\"datePublished\":\"2024-09-02T13:37:15+00:00\",\"dateModified\":\"2024-09-28T06:03:37+00:00\",\"description\":\"As a top OEM manufacturer and exporter, we supply pure peanut butter made from 100% peanuts. Customizable private label solutions for your business needs.\",\"breadcrumb\":{\"@id\":\"https:\/\/www.peanutoem.com\/manufacturer\/pure-peanut-butter\/#breadcrumb\"},\"inLanguage\":\"fi\",\"potentialAction\":[{\"@type\":\"ReadAction\",\"target\":[\"https:\/\/www.peanutoem.com\/manufacturer\/pure-peanut-butter\/\"]}]},{\"@type\":\"ImageObject\",\"inLanguage\":\"fi\",\"@id\":\"https:\/\/www.peanutoem.com\/manufacturer\/pure-peanut-butter\/#primaryimage\",\"url\":\"https:\/\/www.peanutoem.com\/wp-content\/uploads\/2024\/09\/Pure-Peanut-Butter-OEM-Supplier.webp\",\"contentUrl\":\"https:\/\/www.peanutoem.com\/wp-content\/uploads\/2024\/09\/Pure-Peanut-Butter-OEM-Supplier.webp\",\"width\":1000,\"height\":1000,\"caption\":\"Pure Peanut Butter OEM Supplier\"},{\"@type\":\"BreadcrumbList\",\"@id\":\"https:\/\/www.peanutoem.com\/manufacturer\/pure-peanut-butter\/#breadcrumb\",\"itemListElement\":[{\"@type\":\"ListItem\",\"position\":1,\"name\":\"Home\",\"item\":\"https:\/\/www.peanutoem.com\/\"},{\"@type\":\"ListItem\",\"position\":2,\"name\":\"Products\",\"item\":\"https:\/\/www.peanutoem.com\/shop\/\"},{\"@type\":\"ListItem\",\"position\":3,\"name\":\"Pure Peanut Butter\"}]},{\"@type\":\"WebSite\",\"@id\":\"https:\/\/www.peanutoem.com\/#website\",\"url\":\"https:\/\/www.peanutoem.com\/\",\"name\":\"Peanut Butter Factory\",\"description\":\"Peanut Butter Manufacturer and Roast Peanut OEM Factory | Peanut Private Label China Supplier\",\"publisher\":{\"@id\":\"https:\/\/www.peanutoem.com\/#organization\"},\"alternateName\":\"Peanut Butter OEM and Wholesale\",\"potentialAction\":[{\"@type\":\"SearchAction\",\"target\":{\"@type\":\"EntryPoint\",\"urlTemplate\":\"https:\/\/www.peanutoem.com\/?s={search_term_string}\"},\"query-input\":{\"@type\":\"PropertyValueSpecification\",\"valueRequired\":true,\"valueName\":\"search_term_string\"}}],\"inLanguage\":\"fi\"},{\"@type\":\"Organization\",\"@id\":\"https:\/\/www.peanutoem.com\/#organization\",\"name\":\"Peanut Butter Factory\",\"alternateName\":\"JuFeng Group\",\"url\":\"https:\/\/www.peanutoem.com\/\",\"logo\":{\"@type\":\"ImageObject\",\"inLanguage\":\"fi\",\"@id\":\"https:\/\/www.peanutoem.com\/#\/schema\/logo\/image\/\",\"url\":\"https:\/\/www.peanutoem.com\/wp-content\/uploads\/2024\/09\/JUFENG-LOGO.png\",\"contentUrl\":\"https:\/\/www.peanutoem.com\/wp-content\/uploads\/2024\/09\/JUFENG-LOGO.png\",\"width\":600,\"height\":170,\"caption\":\"Peanut Butter Factory\"},\"image\":{\"@id\":\"https:\/\/www.peanutoem.com\/#\/schema\/logo\/image\/\"}}]}<\/script>\n<!-- \/ Yoast SEO plugin. -->","yoast_head_json":{"title":"Pure Peanut Butter OEM Producer - Peanut Butter Factory","description":"As a top OEM manufacturer and exporter, we supply pure peanut butter made from 100% peanuts. Customizable private label solutions for your business needs.","robots":{"index":"index","follow":"follow","max-snippet":"max-snippet:-1","max-image-preview":"max-image-preview:large","max-video-preview":"max-video-preview:-1"},"canonical":"https:\/\/www.peanutoem.com\/fi\/manufacturer\/pure-peanut-butter\/","og_locale":"fi_FI","og_type":"article","og_title":"Pure Peanut Butter OEM Producer - Peanut Butter Factory","og_description":"As a top OEM manufacturer and exporter, we supply pure peanut butter made from 100% peanuts. Customizable private label solutions for your business needs.","og_url":"https:\/\/www.peanutoem.com\/fi\/manufacturer\/pure-peanut-butter\/","og_site_name":"Peanut Butter Factory","article_modified_time":"2024-09-28T06:03:37+00:00","og_image":[{"width":1000,"height":1000,"url":"https:\/\/www.peanutoem.com\/wp-content\/uploads\/2024\/09\/Pure-Peanut-Butter-OEM-Supplier.webp","type":"image\/webp"}],"twitter_card":"summary_large_image","twitter_misc":{"Arvioitu lukuaika":"3 minuuttia"},"schema":{"@context":"https:\/\/schema.org","@graph":[{"@type":"WebPage","@id":"https:\/\/www.peanutoem.com\/manufacturer\/pure-peanut-butter\/","url":"https:\/\/www.peanutoem.com\/manufacturer\/pure-peanut-butter\/","name":"Pure Peanut Butter OEM Producer - Peanut Butter Factory","isPartOf":{"@id":"https:\/\/www.peanutoem.com\/#website"},"primaryImageOfPage":{"@id":"https:\/\/www.peanutoem.com\/manufacturer\/pure-peanut-butter\/#primaryimage"},"image":{"@id":"https:\/\/www.peanutoem.com\/manufacturer\/pure-peanut-butter\/#primaryimage"},"thumbnailUrl":"https:\/\/www.peanutoem.com\/wp-content\/uploads\/2024\/09\/Pure-Peanut-Butter-OEM-Supplier.webp","datePublished":"2024-09-02T13:37:15+00:00","dateModified":"2024-09-28T06:03:37+00:00","description":"As a top OEM manufacturer and exporter, we supply pure peanut butter made from 100% peanuts. Customizable private label solutions for your business needs.","breadcrumb":{"@id":"https:\/\/www.peanutoem.com\/manufacturer\/pure-peanut-butter\/#breadcrumb"},"inLanguage":"fi","potentialAction":[{"@type":"ReadAction","target":["https:\/\/www.peanutoem.com\/manufacturer\/pure-peanut-butter\/"]}]},{"@type":"ImageObject","inLanguage":"fi","@id":"https:\/\/www.peanutoem.com\/manufacturer\/pure-peanut-butter\/#primaryimage","url":"https:\/\/www.peanutoem.com\/wp-content\/uploads\/2024\/09\/Pure-Peanut-Butter-OEM-Supplier.webp","contentUrl":"https:\/\/www.peanutoem.com\/wp-content\/uploads\/2024\/09\/Pure-Peanut-Butter-OEM-Supplier.webp","width":1000,"height":1000,"caption":"Pure Peanut Butter OEM Supplier"},{"@type":"BreadcrumbList","@id":"https:\/\/www.peanutoem.com\/manufacturer\/pure-peanut-butter\/#breadcrumb","itemListElement":[{"@type":"ListItem","position":1,"name":"Home","item":"https:\/\/www.peanutoem.com\/"},{"@type":"ListItem","position":2,"name":"Products","item":"https:\/\/www.peanutoem.com\/shop\/"},{"@type":"ListItem","position":3,"name":"Pure Peanut Butter"}]},{"@type":"WebSite","@id":"https:\/\/www.peanutoem.com\/#website","url":"https:\/\/www.peanutoem.com\/","name":"Peanut Butter Factory","description":"Peanut Butter Manufacturer and Roast Peanut OEM Factory | Peanut Private Label China Supplier","publisher":{"@id":"https:\/\/www.peanutoem.com\/#organization"},"alternateName":"Peanut Butter OEM and Wholesale","potentialAction":[{"@type":"SearchAction","target":{"@type":"EntryPoint","urlTemplate":"https:\/\/www.peanutoem.com\/?s={search_term_string}"},"query-input":{"@type":"PropertyValueSpecification","valueRequired":true,"valueName":"search_term_string"}}],"inLanguage":"fi"},{"@type":"Organization","@id":"https:\/\/www.peanutoem.com\/#organization","name":"Peanut Butter Factory","alternateName":"JuFeng Group","url":"https:\/\/www.peanutoem.com\/","logo":{"@type":"ImageObject","inLanguage":"fi","@id":"https:\/\/www.peanutoem.com\/#\/schema\/logo\/image\/","url":"https:\/\/www.peanutoem.com\/wp-content\/uploads\/2024\/09\/JUFENG-LOGO.png","contentUrl":"https:\/\/www.peanutoem.com\/wp-content\/uploads\/2024\/09\/JUFENG-LOGO.png","width":600,"height":170,"caption":"Peanut Butter Factory"},"image":{"@id":"https:\/\/www.peanutoem.com\/#\/schema\/logo\/image\/"}}]}},"_links":{"self":[{"href":"https:\/\/www.peanutoem.com\/fi\/wp-json\/wp\/v2\/product\/1543","targetHints":{"allow":["GET"]}}],"collection":[{"href":"https:\/\/www.peanutoem.com\/fi\/wp-json\/wp\/v2\/product"}],"about":[{"href":"https:\/\/www.peanutoem.com\/fi\/wp-json\/wp\/v2\/types\/product"}],"replies":[{"embeddable":true,"href":"https:\/\/www.peanutoem.com\/fi\/wp-json\/wp\/v2\/comments?post=1543"}],"wp:featuredmedia":[{"embeddable":true,"href":"https:\/\/www.peanutoem.com\/fi\/wp-json\/wp\/v2\/media\/1659"}],"wp:attachment":[{"href":"https:\/\/www.peanutoem.com\/fi\/wp-json\/wp\/v2\/media?parent=1543"}],"wp:term":[{"taxonomy":"product_cat","embeddable":true,"href":"https:\/\/www.peanutoem.com\/fi\/wp-json\/wp\/v2\/product_cat?post=1543"},{"taxonomy":"product_tag","embeddable":true,"href":"https:\/\/www.peanutoem.com\/fi\/wp-json\/wp\/v2\/product_tag?post=1543"}],"curies":[{"name":"wp","href":"https:\/\/api.w.org\/{rel}","templated":true}]}}