{"id":1545,"date":"2024-09-02T13:38:22","date_gmt":"2024-09-02T13:38:22","guid":{"rendered":"https:\/\/www.peanutoem.com\/?post_type=product&#038;p=1545"},"modified":"2024-09-28T05:39:23","modified_gmt":"2024-09-28T05:39:23","slug":"stabilized-peanut-butter","status":"publish","type":"product","link":"https:\/\/www.peanutoem.com\/fi\/manufacturer\/stabilized-peanut-butter\/","title":{"rendered":"Stabiloitu maap\u00e4hkin\u00e4voi"},"content":{"rendered":"<h3>Mik\u00e4 on stabiloitu maap\u00e4hkin\u00e4voi?<\/h3>\n<p>Vakautettu <a href=\"https:\/\/www.peanutoem.com\/fi\/Wholesale\/peanut-butter\/\" target=\"_blank\" rel=\"noopener\">maap\u00e4hkin\u00e4voi<\/a> on erityisesti muotoiltu <a href=\"https:\/\/en.wikipedia.org\/wiki\/Peanut\" target=\"_blank\" rel=\"noopener\">maap\u00e4hkin\u00e4<\/a> voita, joka s\u00e4ilytt\u00e4\u00e4 silkkisen, kermaisen koostumuksensa ajan mittaan ilman \u00f6ljyn ja veden erottumista ajan my\u00f6t\u00e4. Toisin kuin tavallinen luonnollinen maap\u00e4hkin\u00e4voi, joka pyrkii erottumaan luonnollisesti kerroksiksi, joissa on maap\u00e4hkin\u00e4\u00f6ljy\u00e4 p\u00e4\u00e4ll\u00e4 ja kiinte\u00e4\u00e4 maap\u00e4hkin\u00e4murua pohjassa, stabiloitu maap\u00e4hkin\u00e4voi sekoitetaan taitavasti luonnollisten stabilointiaineiden, kuten kasvi\u00f6ljyjen tai emulgointiaineiden, kanssa tasaisen koostumuksen varmistamiseksi. T\u00e4m\u00e4 ominaisuus tekee siit\u00e4 parhaan valinnan mukavuutta tavoitteleville kuluttajille, koska lis\u00e4toimintoja, kuten sekoittamista ennen k\u00e4ytt\u00f6\u00e4 ei tarvita. Stabiloitu maap\u00e4hkin\u00e4voi on suosittu tasaisen laadun ja pitk\u00e4n s\u00e4ilyvyyden vuoksi, ja se ei ole vain kotik\u00e4ytt\u00e4jien rakastama, vaan sit\u00e4 k\u00e4ytet\u00e4\u00e4n laajalti my\u00f6s elintarviketeollisuudessa.<\/p>\n<h3>Mit\u00e4 ovat muut nimet?<\/h3>\n<p>Stabiloituun maap\u00e4hkin\u00e4voitiin voidaan viitata useilla nimill\u00e4, mukaan lukien:<\/p>\n<ul>\n<li>Kermainen maap\u00e4hkin\u00e4voide<\/li>\n<li>Kermainen stabiloitu maap\u00e4hkin\u00e4voi<\/li>\n<li>Emulgoitu maap\u00e4hkin\u00e4voi<\/li>\n<li>Homogeeninen tai homogenoitu maap\u00e4hkin\u00e4voi<\/li>\n<li>Pitk\u00e4kestoinen maap\u00e4hkin\u00e4levite<\/li>\n<li>Sekoitamaton maap\u00e4hkin\u00e4voi<\/li>\n<li>Erottelematon maap\u00e4hkin\u00e4voi<\/li>\n<li>K\u00e4sitelty maap\u00e4hkin\u00e4voi<\/li>\n<li>Kest\u00e4v\u00e4 maap\u00e4hkin\u00e4voi<\/li>\n<li>Smooth Spread Maap\u00e4hkin\u00e4voi<\/li>\n<li>Pehme\u00e4, kest\u00e4v\u00e4 maap\u00e4hkin\u00e4voi<\/li>\n<\/ul>\n<h3><strong>Kuumia aiheita stabiloidusta maap\u00e4hkin\u00e4voista<\/strong><\/h3>\n<ol>\n<li><strong> Edut: <\/strong>Stabiloidulla maap\u00e4hkin\u00e4voilla on useita etuja, kuten tasainen rakenne, joka ei vaadi sekoitusta, ja pidempi s\u00e4ilyvyys. Se on ihanteellinen k\u00e4ytett\u00e4v\u00e4ksi resepteiss\u00e4 ja levitteen\u00e4, jossa yhten\u00e4inen rakenne on ratkaisevan t\u00e4rke\u00e4\u00e4.<\/li>\n<li><strong> Sovellukset elintarviketeollisuudessa:\u00a0<\/strong>Vakauden ansiosta sit\u00e4 k\u00e4ytet\u00e4\u00e4n laajasti elintarviketeollisuudessa. Se toimii ainesosana erilaisissa tuotteissa, kuten v\u00e4lipalapatukat, kastikkeet ja leivonnaiset, joissa tasaisuus ja laatu ovat t\u00e4rkeit\u00e4.<\/li>\n<li><strong> Kuluttajien mieltymykset ja trendit: <\/strong>Kuluttajat pit\u00e4v\u00e4t yh\u00e4 enemm\u00e4n stabiloitua maap\u00e4hkin\u00e4voita sen mukavuuden ja luotettavuuden vuoksi. El\u00e4m\u00e4ntapojen muutosten my\u00f6t\u00e4 kiireisempi\u00e4 aikatauluja, vaivatonta s\u00e4ilytyst\u00e4 ja valmistelua tarjoavat tuotteet ovat yleistym\u00e4ss\u00e4.<\/li>\n<li><strong> Ravitsemukselliset n\u00e4k\u00f6kohdat: <\/strong>Stabiloitu maap\u00e4hkin\u00e4voi s\u00e4ilytt\u00e4\u00e4 ravintoprofiilinsa ja tarjoaa samalla vakaan, yhten\u00e4isen tuotteen. Se tarjoaa v\u00e4ltt\u00e4m\u00e4tt\u00f6mi\u00e4 ravintoaineita, kuten proteiinia, terveellisi\u00e4 rasvoja ja vitamiineja, joten se on terveellinen valinta erilaisiin ruokavalioihin.<\/li>\n<\/ol>\n<h3><strong>Miksi valita meid\u00e4t toimittajaksesi?<\/strong><\/h3>\n<ol>\n<li><strong>Miksi olet paras valinta stabiloituun maap\u00e4hkin\u00e4voin OEM-palveluihin?<\/strong><br \/>\nTarjoamme r\u00e4\u00e4t\u00e4l\u00f6ityj\u00e4 ratkaisuja, korkealaatuisia tuotteita ja laajaa osaamista globaalissa valmistuksessa ja vienniss\u00e4.<\/li>\n<li><strong>Voitko s\u00e4\u00e4t\u00e4\u00e4 rakennetta, koostumusta ja koostumusta?<\/strong><br \/>\nKyll\u00e4, voimme muokata rakennetta ja kehitt\u00e4\u00e4 ainutlaatuisia formulaatioita vastaamaan erityisvaatimuksiasi ja kuluttajien mieltymyksi\u00e4.<\/li>\n<li><strong>Mit\u00e4 pakkausvaihtoehtoja on saatavilla?<\/strong><br \/>\nTarjoamme erilaisia r\u00e4\u00e4t\u00e4l\u00f6ityj\u00e4 pakkausmuotoja, mukaan lukien purkit, pussit ja bulkkiastiat, jotka on r\u00e4\u00e4t\u00e4l\u00f6ity br\u00e4ndisi tarpeisiin.<\/li>\n<li><strong>Onko sit\u00e4 saatavilla luomuvaihtoehtoina?<\/strong><br \/>\nT\u00e4ysin! Tarjoamme stabiloitua maap\u00e4hkin\u00e4voita, joka on valmistettu luomumaap\u00e4hkin\u00f6ist\u00e4 ja luonnollisista ainesosista.<\/li>\n<li><strong>Miten varmistat laadun?<\/strong><br \/>\nTiukat laadunvalvontaprosessimme ja sertifikaattimme, kuten HACCP, BRCGS ja Kosher, takaavat, ett\u00e4 jokainen er\u00e4 t\u00e4ytt\u00e4\u00e4 korkeimmat standardit.<\/li>\n<li><strong>Mitk\u00e4 ovat tuotannon ja toimituksen toimitusajat?<\/strong><br \/>\nToimitusajat vaihtelevat tilausm\u00e4\u00e4r\u00e4n ja m\u00e4\u00e4r\u00e4np\u00e4\u00e4n mukaan, mutta varmistamme tehokkaan tuotannon ja oikea-aikaiset toimitukset, tyypillisesti muutaman viikon sis\u00e4ll\u00e4.<\/li>\n<li><strong>Hoidatko kansainv\u00e4lisen viennin?<\/strong><br \/>\nKyll\u00e4, hallinnoimme kaikkia maailmanlaajuisen toimituksen ja vaatimustenmukaisuuden n\u00e4k\u00f6kohtia varmistaaksemme sujuvan toimituksen.<\/li>\n<li><strong>Mit\u00e4 sertifikaatteja sinulla on?<\/strong><br \/>\nStabiloitu maap\u00e4hkin\u00e4voimme on sertifioitu HACCP-, Kosher-, Halal-, BRCGS- ja muiden asiaankuuluvien standardien mukaisesti, mik\u00e4 takaa tuotteiden turvallisuuden ja laadun.<\/li>\n<li><strong>Voimmeko pyyt\u00e4\u00e4 n\u00e4ytteit\u00e4 ennen t\u00e4yden tilauksen tekemist\u00e4?<\/strong><br \/>\nKyll\u00e4, tarjoamme n\u00e4yteeri\u00e4 testausta varten ja varmistamme, ett\u00e4 se vastaa odotuksiasi ennen suurempaa sitoutumista.<\/li>\n<\/ol>\n<h3><strong>Faktaa stabiloidusta maap\u00e4hkin\u00e4voista\u00a0<\/strong><\/h3>\n<ol>\n<li><strong>Ei erottelua:<\/strong> Stabiloitu maap\u00e4hkin\u00e4voi ei erotu \u00f6ljyksi ja kiintoaineeksi, mik\u00e4 varmistaa tasaisen koostumuksen koko s\u00e4ilyvyyden ajan.<\/li>\n<li><strong>Pidennetty s\u00e4ilyvyysaika:<\/strong> Sill\u00e4 on pidempi s\u00e4ilyvyys verrattuna perinteiseen maap\u00e4hkin\u00e4voi, mik\u00e4 v\u00e4hent\u00e4\u00e4 toistuvien uudelleenostojen ja tuhlauksen tarvetta.<\/li>\n<li><strong>Sopivuus:<\/strong> Ihanteellinen k\u00e4ytett\u00e4v\u00e4ksi erilaisissa sovelluksissa, joissa vakaa, levittyv\u00e4 koostumus on ratkaisevan t\u00e4rke\u00e4, kuten elintarviketeollisuudessa ja v\u00e4hitt\u00e4iskaupassa.<\/li>\n<li><strong>Ravinteiden s\u00e4ilytt\u00e4minen:<\/strong> Vakaudestaan huolimatta se s\u00e4ilytt\u00e4\u00e4 maap\u00e4hkin\u00f6iden ravitsemukselliset hy\u00f6dyt, mukaan lukien proteiinit, terveelliset rasvat ja v\u00e4ltt\u00e4m\u00e4tt\u00f6m\u00e4t vitamiinit.<\/li>\n<li><strong>Monipuolinen k\u00e4ytt\u00f6:<\/strong> Soveltuu useille tuotteille levitteist\u00e4 ja v\u00e4lipaloista jalostettujen elintarvikkeiden ainesosiin.<\/li>\n<\/ol>\n<a href=\"mailto:globepeanut@gmail.com\" class=\"button primary is-primary is-medium\"  >\n    <span>L\u00e4het\u00e4 meille s\u00e4hk\u00f6postia<\/span>\n  <\/a>","protected":false},"excerpt":{"rendered":"<table width=\"564\">\n<tbody>\n<tr>\n<td width=\"113\"><strong>Tuotteen nimi<\/strong><\/td>\n<td width=\"402\">Stabiloitu maap\u00e4hkin\u00e4voi<\/td>\n<\/tr>\n<tr>\n<td width=\"113\"><strong>Tekniset tiedot<\/strong><\/td>\n<td width=\"402\">10kgx1, 20kgx1, 22kgx1<\/td>\n<\/tr>\n<tr>\n<td width=\"113\"><strong>Pakkauslomake<\/strong><\/td>\n<td width=\"402\">Purkki, \u00e4mp\u00e4ri, doy-pakkaus, laukku, laatikko, tina, tynnyri, t\u00f6lkki, pullo jne<\/td>\n<\/tr>\n<tr>\n<td width=\"113\"><strong>Toimitusaika<\/strong><\/td>\n<td width=\"402\">7-20 p\u00e4iv\u00e4\u00e4 tilauksen j\u00e4lkeen<\/td>\n<\/tr>\n<tr>\n<td width=\"113\"><strong>MOQ<\/strong><\/td>\n<td width=\"402\">Yksi tonni<\/td>\n<\/tr>\n<tr>\n<td width=\"113\"><strong>N\u00e4yte<\/strong><\/td>\n<td width=\"402\">Ilmainen n\u00e4yte saatavilla<\/td>\n<\/tr>\n<tr>\n<td width=\"113\"><strong>OEM<\/strong><\/td>\n<td width=\"402\">Ostajan etiketti hyv\u00e4ksytty<\/td>\n<\/tr>\n<\/tbody>\n<\/table>","protected":false},"featured_media":1692,"comment_status":"open","ping_status":"closed","template":"","meta":[],"product_cat":[15],"product_tag":[],"class_list":{"0":"post-1545","1":"product","2":"type-product","3":"status-publish","4":"has-post-thumbnail","6":"product_cat-peanut-butter","8":"first","9":"instock","10":"shipping-taxable","11":"product-type-simple"},"yoast_head":"<!-- This site is optimized with the Yoast SEO plugin v24.9 - https:\/\/yoast.com\/wordpress\/plugins\/seo\/ -->\n<title>Stabilized Peanut Butter China Producer - Peanut Butter Factory<\/title>\n<meta name=\"description\" content=\"Leading stabilized peanut butter OEM private label manufacturer and exporter. High-quality and packaging customized to meet global market demands.\" \/>\n<meta name=\"robots\" content=\"index, follow, max-snippet:-1, max-image-preview:large, max-video-preview:-1\" \/>\n<link rel=\"canonical\" href=\"https:\/\/www.peanutoem.com\/fi\/manufacturer\/stabilized-peanut-butter\/\" \/>\n<meta property=\"og:locale\" content=\"fi_FI\" \/>\n<meta property=\"og:type\" content=\"article\" \/>\n<meta property=\"og:title\" content=\"Stabilized Peanut Butter China Producer - Peanut Butter Factory\" \/>\n<meta property=\"og:description\" content=\"Leading stabilized peanut butter OEM private label manufacturer and exporter. High-quality and packaging customized to meet global market demands.\" \/>\n<meta property=\"og:url\" content=\"https:\/\/www.peanutoem.com\/fi\/manufacturer\/stabilized-peanut-butter\/\" \/>\n<meta property=\"og:site_name\" content=\"Peanut Butter Factory\" \/>\n<meta property=\"article:modified_time\" content=\"2024-09-28T05:39:23+00:00\" \/>\n<meta property=\"og:image\" content=\"https:\/\/www.peanutoem.com\/wp-content\/uploads\/2024\/09\/Stabilized-Peanut-Butter-in-Jar.webp\" \/>\n\t<meta property=\"og:image:width\" content=\"1000\" \/>\n\t<meta property=\"og:image:height\" content=\"1000\" \/>\n\t<meta property=\"og:image:type\" content=\"image\/webp\" \/>\n<meta name=\"twitter:card\" content=\"summary_large_image\" \/>\n<meta name=\"twitter:label1\" content=\"Arvioitu lukuaika\" \/>\n\t<meta name=\"twitter:data1\" content=\"4 minuuttia\" \/>\n<script type=\"application\/ld+json\" class=\"yoast-schema-graph\">{\"@context\":\"https:\/\/schema.org\",\"@graph\":[{\"@type\":\"WebPage\",\"@id\":\"https:\/\/www.peanutoem.com\/manufacturer\/stabilized-peanut-butter\/\",\"url\":\"https:\/\/www.peanutoem.com\/manufacturer\/stabilized-peanut-butter\/\",\"name\":\"Stabilized Peanut Butter China Producer - Peanut Butter Factory\",\"isPartOf\":{\"@id\":\"https:\/\/www.peanutoem.com\/#website\"},\"primaryImageOfPage\":{\"@id\":\"https:\/\/www.peanutoem.com\/manufacturer\/stabilized-peanut-butter\/#primaryimage\"},\"image\":{\"@id\":\"https:\/\/www.peanutoem.com\/manufacturer\/stabilized-peanut-butter\/#primaryimage\"},\"thumbnailUrl\":\"https:\/\/www.peanutoem.com\/wp-content\/uploads\/2024\/09\/Stabilized-Peanut-Butter-in-Jar.webp\",\"datePublished\":\"2024-09-02T13:38:22+00:00\",\"dateModified\":\"2024-09-28T05:39:23+00:00\",\"description\":\"Leading stabilized peanut butter OEM private label manufacturer and exporter. High-quality and packaging customized to meet global market demands.\",\"breadcrumb\":{\"@id\":\"https:\/\/www.peanutoem.com\/manufacturer\/stabilized-peanut-butter\/#breadcrumb\"},\"inLanguage\":\"fi\",\"potentialAction\":[{\"@type\":\"ReadAction\",\"target\":[\"https:\/\/www.peanutoem.com\/manufacturer\/stabilized-peanut-butter\/\"]}]},{\"@type\":\"ImageObject\",\"inLanguage\":\"fi\",\"@id\":\"https:\/\/www.peanutoem.com\/manufacturer\/stabilized-peanut-butter\/#primaryimage\",\"url\":\"https:\/\/www.peanutoem.com\/wp-content\/uploads\/2024\/09\/Stabilized-Peanut-Butter-in-Jar.webp\",\"contentUrl\":\"https:\/\/www.peanutoem.com\/wp-content\/uploads\/2024\/09\/Stabilized-Peanut-Butter-in-Jar.webp\",\"width\":1000,\"height\":1000,\"caption\":\"Stabilized Peanut Butter in Jar\"},{\"@type\":\"BreadcrumbList\",\"@id\":\"https:\/\/www.peanutoem.com\/manufacturer\/stabilized-peanut-butter\/#breadcrumb\",\"itemListElement\":[{\"@type\":\"ListItem\",\"position\":1,\"name\":\"Home\",\"item\":\"https:\/\/www.peanutoem.com\/\"},{\"@type\":\"ListItem\",\"position\":2,\"name\":\"Products\",\"item\":\"https:\/\/www.peanutoem.com\/shop\/\"},{\"@type\":\"ListItem\",\"position\":3,\"name\":\"Stabilized Peanut Butter\"}]},{\"@type\":\"WebSite\",\"@id\":\"https:\/\/www.peanutoem.com\/#website\",\"url\":\"https:\/\/www.peanutoem.com\/\",\"name\":\"Peanut Butter Factory\",\"description\":\"Peanut Butter Manufacturer and Roast Peanut OEM Factory | Peanut Private Label China Supplier\",\"publisher\":{\"@id\":\"https:\/\/www.peanutoem.com\/#organization\"},\"alternateName\":\"Peanut Butter OEM and Wholesale\",\"potentialAction\":[{\"@type\":\"SearchAction\",\"target\":{\"@type\":\"EntryPoint\",\"urlTemplate\":\"https:\/\/www.peanutoem.com\/?s={search_term_string}\"},\"query-input\":{\"@type\":\"PropertyValueSpecification\",\"valueRequired\":true,\"valueName\":\"search_term_string\"}}],\"inLanguage\":\"fi\"},{\"@type\":\"Organization\",\"@id\":\"https:\/\/www.peanutoem.com\/#organization\",\"name\":\"Peanut Butter Factory\",\"alternateName\":\"JuFeng Group\",\"url\":\"https:\/\/www.peanutoem.com\/\",\"logo\":{\"@type\":\"ImageObject\",\"inLanguage\":\"fi\",\"@id\":\"https:\/\/www.peanutoem.com\/#\/schema\/logo\/image\/\",\"url\":\"https:\/\/www.peanutoem.com\/wp-content\/uploads\/2024\/09\/JUFENG-LOGO.png\",\"contentUrl\":\"https:\/\/www.peanutoem.com\/wp-content\/uploads\/2024\/09\/JUFENG-LOGO.png\",\"width\":600,\"height\":170,\"caption\":\"Peanut Butter Factory\"},\"image\":{\"@id\":\"https:\/\/www.peanutoem.com\/#\/schema\/logo\/image\/\"}}]}<\/script>\n<!-- \/ Yoast SEO plugin. -->","yoast_head_json":{"title":"Stabilized Peanut Butter China Producer - Peanut Butter Factory","description":"Leading stabilized peanut butter OEM private label manufacturer and exporter. High-quality and packaging customized to meet global market demands.","robots":{"index":"index","follow":"follow","max-snippet":"max-snippet:-1","max-image-preview":"max-image-preview:large","max-video-preview":"max-video-preview:-1"},"canonical":"https:\/\/www.peanutoem.com\/fi\/manufacturer\/stabilized-peanut-butter\/","og_locale":"fi_FI","og_type":"article","og_title":"Stabilized Peanut Butter China Producer - Peanut Butter Factory","og_description":"Leading stabilized peanut butter OEM private label manufacturer and exporter. High-quality and packaging customized to meet global market demands.","og_url":"https:\/\/www.peanutoem.com\/fi\/manufacturer\/stabilized-peanut-butter\/","og_site_name":"Peanut Butter Factory","article_modified_time":"2024-09-28T05:39:23+00:00","og_image":[{"width":1000,"height":1000,"url":"https:\/\/www.peanutoem.com\/wp-content\/uploads\/2024\/09\/Stabilized-Peanut-Butter-in-Jar.webp","type":"image\/webp"}],"twitter_card":"summary_large_image","twitter_misc":{"Arvioitu lukuaika":"4 minuuttia"},"schema":{"@context":"https:\/\/schema.org","@graph":[{"@type":"WebPage","@id":"https:\/\/www.peanutoem.com\/manufacturer\/stabilized-peanut-butter\/","url":"https:\/\/www.peanutoem.com\/manufacturer\/stabilized-peanut-butter\/","name":"Stabilized Peanut Butter China Producer - Peanut Butter Factory","isPartOf":{"@id":"https:\/\/www.peanutoem.com\/#website"},"primaryImageOfPage":{"@id":"https:\/\/www.peanutoem.com\/manufacturer\/stabilized-peanut-butter\/#primaryimage"},"image":{"@id":"https:\/\/www.peanutoem.com\/manufacturer\/stabilized-peanut-butter\/#primaryimage"},"thumbnailUrl":"https:\/\/www.peanutoem.com\/wp-content\/uploads\/2024\/09\/Stabilized-Peanut-Butter-in-Jar.webp","datePublished":"2024-09-02T13:38:22+00:00","dateModified":"2024-09-28T05:39:23+00:00","description":"Leading stabilized peanut butter OEM private label manufacturer and exporter. High-quality and packaging customized to meet global market demands.","breadcrumb":{"@id":"https:\/\/www.peanutoem.com\/manufacturer\/stabilized-peanut-butter\/#breadcrumb"},"inLanguage":"fi","potentialAction":[{"@type":"ReadAction","target":["https:\/\/www.peanutoem.com\/manufacturer\/stabilized-peanut-butter\/"]}]},{"@type":"ImageObject","inLanguage":"fi","@id":"https:\/\/www.peanutoem.com\/manufacturer\/stabilized-peanut-butter\/#primaryimage","url":"https:\/\/www.peanutoem.com\/wp-content\/uploads\/2024\/09\/Stabilized-Peanut-Butter-in-Jar.webp","contentUrl":"https:\/\/www.peanutoem.com\/wp-content\/uploads\/2024\/09\/Stabilized-Peanut-Butter-in-Jar.webp","width":1000,"height":1000,"caption":"Stabilized Peanut Butter in Jar"},{"@type":"BreadcrumbList","@id":"https:\/\/www.peanutoem.com\/manufacturer\/stabilized-peanut-butter\/#breadcrumb","itemListElement":[{"@type":"ListItem","position":1,"name":"Home","item":"https:\/\/www.peanutoem.com\/"},{"@type":"ListItem","position":2,"name":"Products","item":"https:\/\/www.peanutoem.com\/shop\/"},{"@type":"ListItem","position":3,"name":"Stabilized Peanut Butter"}]},{"@type":"WebSite","@id":"https:\/\/www.peanutoem.com\/#website","url":"https:\/\/www.peanutoem.com\/","name":"Peanut Butter Factory","description":"Peanut Butter Manufacturer and Roast Peanut OEM Factory | Peanut Private Label China Supplier","publisher":{"@id":"https:\/\/www.peanutoem.com\/#organization"},"alternateName":"Peanut Butter OEM and Wholesale","potentialAction":[{"@type":"SearchAction","target":{"@type":"EntryPoint","urlTemplate":"https:\/\/www.peanutoem.com\/?s={search_term_string}"},"query-input":{"@type":"PropertyValueSpecification","valueRequired":true,"valueName":"search_term_string"}}],"inLanguage":"fi"},{"@type":"Organization","@id":"https:\/\/www.peanutoem.com\/#organization","name":"Peanut Butter Factory","alternateName":"JuFeng Group","url":"https:\/\/www.peanutoem.com\/","logo":{"@type":"ImageObject","inLanguage":"fi","@id":"https:\/\/www.peanutoem.com\/#\/schema\/logo\/image\/","url":"https:\/\/www.peanutoem.com\/wp-content\/uploads\/2024\/09\/JUFENG-LOGO.png","contentUrl":"https:\/\/www.peanutoem.com\/wp-content\/uploads\/2024\/09\/JUFENG-LOGO.png","width":600,"height":170,"caption":"Peanut Butter Factory"},"image":{"@id":"https:\/\/www.peanutoem.com\/#\/schema\/logo\/image\/"}}]}},"_links":{"self":[{"href":"https:\/\/www.peanutoem.com\/fi\/wp-json\/wp\/v2\/product\/1545","targetHints":{"allow":["GET"]}}],"collection":[{"href":"https:\/\/www.peanutoem.com\/fi\/wp-json\/wp\/v2\/product"}],"about":[{"href":"https:\/\/www.peanutoem.com\/fi\/wp-json\/wp\/v2\/types\/product"}],"replies":[{"embeddable":true,"href":"https:\/\/www.peanutoem.com\/fi\/wp-json\/wp\/v2\/comments?post=1545"}],"wp:featuredmedia":[{"embeddable":true,"href":"https:\/\/www.peanutoem.com\/fi\/wp-json\/wp\/v2\/media\/1692"}],"wp:attachment":[{"href":"https:\/\/www.peanutoem.com\/fi\/wp-json\/wp\/v2\/media?parent=1545"}],"wp:term":[{"taxonomy":"product_cat","embeddable":true,"href":"https:\/\/www.peanutoem.com\/fi\/wp-json\/wp\/v2\/product_cat?post=1545"},{"taxonomy":"product_tag","embeddable":true,"href":"https:\/\/www.peanutoem.com\/fi\/wp-json\/wp\/v2\/product_tag?post=1545"}],"curies":[{"name":"wp","href":"https:\/\/api.w.org\/{rel}","templated":true}]}}