{"id":1553,"date":"2024-09-02T13:58:23","date_gmt":"2024-09-02T13:58:23","guid":{"rendered":"https:\/\/www.peanutoem.com\/?post_type=product&#038;p=1553"},"modified":"2024-09-24T15:21:33","modified_gmt":"2024-09-24T15:21:33","slug":"roasted-peanut-kernels","status":"publish","type":"product","link":"https:\/\/www.peanutoem.com\/fi\/manufacturer\/roasted-peanut-kernels\/","title":{"rendered":"Paahdetut maap\u00e4hkin\u00e4ytimet"},"content":{"rendered":"<h3>Mit\u00e4 ovat paahdetut maap\u00e4hkin\u00e4ytimet?<\/h3>\n<p>Paahdetut maap\u00e4hkin\u00e4n ytimet ovat maap\u00e4hkin\u00e4n kuoren sy\u00f6t\u00e4v\u00e4 osa, joka on huolellisesti paahdettu. Paahtoprosessi parantaa suuresti maap\u00e4hkin\u00f6iden makua ja makua. Se antaa maap\u00e4hkin\u00f6ille houkuttelevan p\u00e4hkin\u00e4isen aromin ja rapean koostumuksen, mik\u00e4 tekee niist\u00e4 suositun v\u00e4lipalavaihtoehdon ja v\u00e4ltt\u00e4m\u00e4tt\u00f6m\u00e4n ainesosan monissa elintarvikkeissa. N\u00e4ill\u00e4 paahdetuilla maap\u00e4hkin\u00e4ytimill\u00e4 on laaja k\u00e4ytt\u00f6alue klassisesta maap\u00e4hkin\u00e4voin valmistuksesta luoviin yhdistelmiin paistettujen v\u00e4lipalojen ja karkkien luomiseen, ainutlaatuisen maun lis\u00e4\u00e4miseen suolaisiin ruokiin.<\/p>\n<h3>Mitk\u00e4 ovat muut nimet paahdetuille maap\u00e4hkin\u00e4ytimille?<\/h3>\n<p>Paahdettuja maap\u00e4hkin\u00e4ytimi\u00e4 kutsutaan joskus vaihtoehtoisilla nimill\u00e4 riippuen alueesta tai niiden sovelluksesta. Yleisi\u00e4 nimi\u00e4 ovat:<\/p>\n<ul>\n<li><strong>Paahdetut maap\u00e4hkin\u00e4t<\/strong> (k\u00e4ytet\u00e4\u00e4n tietyiss\u00e4 maissa)<\/li>\n<li><strong>Kuivapaahdetut maap\u00e4hkin\u00e4t<\/strong><\/li>\n<li><strong>Paahdetut maap\u00e4hkin\u00e4t<\/strong><\/li>\n<li><strong>Paahdetut p\u00e4hkin\u00e4ytimet<\/strong><\/li>\n<\/ul>\n<p>N\u00e4m\u00e4 muunnelmat korostavat samaa herkullista, monipuolista paahdetuista maap\u00e4hkin\u00f6ist\u00e4 valmistettua tuotetta, joka on r\u00e4\u00e4t\u00e4l\u00f6ity eri toimialoille ja makuun.<\/p>\n<h3>Miksi valita meid\u00e4t paahdettujen maap\u00e4hkin\u00e4ytimien OEM-toimittajaksi?<\/h3>\n<p>Valinta <strong>Kiina JuFeng Group<\/strong> tarkoittaa yhteisty\u00f6t\u00e4 yhden alan luotettavimman paahdettujen maap\u00e4hkin\u00e4ydintoimittajien ja omien merkkien valmistajien kanssa. T\u00e4st\u00e4 syyst\u00e4 erotumme joukosta:<\/p>\n<ul>\n<li><strong>Huippuluokan tuotanto<\/strong>: Kahdella Yhdysvalloista tuodulla edistyneell\u00e4 tuotantolinjalla toimitamme jatkuvasti korkealaatuisia paahdettuja maap\u00e4hkin\u00e4ytimi\u00e4 mittakaavassa.<\/li>\n<li><strong>Mukautettavat OEM-ratkaisut<\/strong>: Tarjoamme joustavia OEM- ja private label -palveluita, joiden avulla asiakkaat voivat mukauttaa tuotespesifikaatioita, pakkauksia ja paljon muuta vastaamaan tiettyj\u00e4 markkinoiden tarpeita.<\/li>\n<li><strong>Sertifikaatit ja vaatimustenmukaisuus<\/strong>: Tuotteemme t\u00e4ytt\u00e4v\u00e4t maailmanlaajuiset turvallisuus- ja laatustandardit, ja niill\u00e4 on BRC-, HACCP-, Kosher-, Halal- ja EU Organic -sertifikaatit.<\/li>\n<li><strong>Luotettu viej\u00e4<\/strong>: Johtavana viej\u00e4n\u00e4 olemme solmineet kumppanuuksia suurten supermarkettien ja elintarvikemerkkien kanssa maailmanlaajuisesti.<\/li>\n<li><strong>Toimitusketjun asiantuntemus<\/strong>: K\u00e4sittelyst\u00e4 varastointiin varmistamme oikea-aikaisen toimituksen ja laadunvalvonnan itse rakennetuilla l\u00e4mp\u00f6tilas\u00e4\u00e4detyill\u00e4 tiloillamme.<\/li>\n<\/ul>\n<h3>Kuumia aiheita paahdetuista maap\u00e4hkin\u00e4ytimist\u00e4<\/h3>\n<ul>\n<li><strong>Kest\u00e4vyys maap\u00e4hkin\u00f6iden viljelyss\u00e4<\/strong>: Paahdetut maap\u00e4hkin\u00e4ytimet, kuten muutkin maap\u00e4hkin\u00e4tuotteet, aiheuttavat v\u00e4h\u00e4isi\u00e4 ymp\u00e4rist\u00f6vaikutuksia muihin p\u00e4hkin\u00f6ihin verrattuna, joten ne ovat ymp\u00e4rist\u00f6yst\u00e4v\u00e4llinen valinta elintarvikevalmistajille.<\/li>\n<li><strong>Terveyshy\u00f6dyt<\/strong>: Paahdetut maap\u00e4hkin\u00e4t sis\u00e4lt\u00e4v\u00e4t runsaasti proteiinia, terveellisi\u00e4 rasvoja ja kuitua, mik\u00e4 tarjoaa kuluttajille ravitsevan v\u00e4lipalavaihtoehdon.<\/li>\n<li><strong>Innovaatioita maap\u00e4hkin\u00f6iden k\u00e4sittelyss\u00e4<\/strong>: Maap\u00e4hkin\u00e4teollisuus kehittyy jatkuvasti uusilla paahtotekniikoilla, jotka parantavat makua ja s\u00e4ilytt\u00e4v\u00e4t ravintoaineita.<\/li>\n<\/ul>\n<h3>Valitse meid\u00e4t ja tietoja paahdetuista maap\u00e4hkin\u00e4ytimist\u00e4<\/h3>\n<p><strong>1. Mik\u00e4 tekee China JuFeng Groupista johtavan paahdettujen maap\u00e4hkin\u00e4ytimien toimittajan?<\/strong><br \/>\nYhdist\u00e4mme huipputeknologian, laajan kokemuksen ja erinomaisen tuoter\u00e4\u00e4t\u00e4l\u00f6innin toimittaaksemme korkealaatuisia paahdettuja maap\u00e4hkin\u00e4ytimi\u00e4 maailmanlaajuisille markkinoille.<\/p>\n<p><strong>2. Tarjoatko paahdetuille maap\u00e4hkin\u00e4ytimille omia merkkipalveluita?<\/strong><br \/>\nKyll\u00e4, tarjoamme joustavia private label -ratkaisuja, joiden avulla voit r\u00e4\u00e4t\u00e4l\u00f6id\u00e4 tuotepakkaukset, br\u00e4nd\u00e4yksen ja ytimen tekniset tiedot br\u00e4ndisi tarpeiden mukaan.<\/p>\n<p><strong>3. Voinko tilata sinulta paahdettuja maap\u00e4hkin\u00e4ytimi\u00e4 irtotavarana?<\/strong><br \/>\nEhdottomasti tarjoamme massaostovaihtoehtoja kaikenkokoisille yrityksille, mukaan lukien v\u00e4hitt\u00e4iskauppiaille, tukkukauppiaille ja elintarvikevalmistajille.<\/p>\n<p><strong>4. Mit\u00e4 sertifikaatteja paahdetuilla maap\u00e4hkin\u00e4ytimill\u00e4si on?<\/strong><br \/>\nTuotteemme t\u00e4ytt\u00e4v\u00e4t tiukat kansainv\u00e4liset standardit ja sertifikaatit mukaan lukien HACCP, BRC, Kosher, Halal ja EU Organic.<\/p>\n<p><strong>5. Kuinka varmistat paahdettujen maap\u00e4hkin\u00e4ytimien laadun?<\/strong><br \/>\nMeill\u00e4 on oma laboratorio, joka suorittaa perusteellisia testej\u00e4 ja varmistaa, ett\u00e4 jokainen er\u00e4 t\u00e4ytt\u00e4\u00e4 korkeat aistinvaraiset, fysikaaliset, kemialliset ja mikrobiset standardit.<\/p>\n<p><strong>6. Voitko muokata maap\u00e4hkin\u00e4ytimien paahtoastetta?<\/strong><br \/>\nKyll\u00e4, tarjoamme mukautettavia paahtotasoja (vaalea, keskipaisti tai tumma paahto) asiakkaiden mieltymysten ja markkinoiden vaatimusten mukaan.<\/p>\n<p><strong>7. Miten paahdettuja maap\u00e4hkin\u00e4ytimi\u00e4si s\u00e4ilytet\u00e4\u00e4n tuoreuden s\u00e4ilytt\u00e4miseksi?<\/strong><br \/>\nYtimemme s\u00e4ilytet\u00e4\u00e4n l\u00e4mp\u00f6tilas\u00e4\u00e4dellyiss\u00e4 tiloissa, jotka est\u00e4v\u00e4t pilaantumisen ja s\u00e4ilytt\u00e4v\u00e4t tuotteen eheyden kuljetuksen ja k\u00e4sittelyn aikana.<\/p>\n<p><strong>8. Vietk\u00f6 paahdettuja maap\u00e4hkin\u00e4ytimi\u00e4 kansainv\u00e4lisesti?<\/strong><br \/>\nKyll\u00e4, olemme kokenut viej\u00e4, jolla on maailmanlaajuinen verkosto ja joka toimittaa paahdettuja maap\u00e4hkin\u00e4ytimi\u00e4 useille markkinoille eri mantereilla.<\/p>\n<p><strong>9. Soveltuvatko paahdetut maap\u00e4hkin\u00e4ytimet k\u00e4ytett\u00e4v\u00e4ksi maap\u00e4hkin\u00e4voin tuotannossa?<\/strong><br \/>\nPaahdetut maap\u00e4hkin\u00e4ytimemme ovat ehdottomasti ihanteellisia k\u00e4ytett\u00e4viksi maap\u00e4hkin\u00e4voin valmistuksessa tarjoten erinomaisen maun ja koostumuksen.<\/p>","protected":false},"excerpt":{"rendered":"<p>Olemme paahdettujen maap\u00e4hkin\u00e4ytimien valmistaja ja toimittaja Kiinassa<\/p>\n<p>\u2013 MOQ: 1 tonni<br \/>\n\u2013 OEM\/ODM-palvelu tarjolla<br \/>\n\u2013 Ilmainen n\u00e4yte saatavilla<br \/>\n- Hyv\u00e4ksy mukautukset (erittelyt, v\u00e4ri, koot, pakkaus, muotoilu jne.)<\/p>\n<p>Jos haluat saada paahdettuja maap\u00e4hkin\u00e4ytimi\u00e4, ota meihin yhteytt\u00e4.<\/p>","protected":false},"featured_media":1697,"comment_status":"open","ping_status":"closed","template":"","meta":[],"product_cat":[37],"product_tag":[],"class_list":{"0":"post-1553","1":"product","2":"type-product","3":"status-publish","4":"has-post-thumbnail","6":"product_cat-roasted-peanut","8":"first","9":"instock","10":"featured","11":"shipping-taxable","12":"product-type-simple"},"yoast_head":"<!-- This site is optimized with the Yoast SEO plugin v24.9 - https:\/\/yoast.com\/wordpress\/plugins\/seo\/ -->\n<title>Roasted Peanut Kernels - Peanut Butter Factory<\/title>\n<meta name=\"description\" content=\"Premium Roasted Peanut Kernels OEM supplier, private label manufacturer, and exporter. Choose us for superior quality and customizable options.\" \/>\n<meta name=\"robots\" content=\"index, follow, max-snippet:-1, max-image-preview:large, max-video-preview:-1\" \/>\n<link rel=\"canonical\" href=\"https:\/\/www.peanutoem.com\/fi\/manufacturer\/roasted-peanut-kernels\/\" \/>\n<meta property=\"og:locale\" content=\"fi_FI\" \/>\n<meta property=\"og:type\" content=\"article\" \/>\n<meta property=\"og:title\" content=\"Roasted Peanut Kernels - Peanut Butter Factory\" \/>\n<meta property=\"og:description\" content=\"Premium Roasted Peanut Kernels OEM supplier, private label manufacturer, and exporter. Choose us for superior quality and customizable options.\" \/>\n<meta property=\"og:url\" content=\"https:\/\/www.peanutoem.com\/fi\/manufacturer\/roasted-peanut-kernels\/\" \/>\n<meta property=\"og:site_name\" content=\"Peanut Butter Factory\" \/>\n<meta property=\"article:modified_time\" content=\"2024-09-24T15:21:33+00:00\" \/>\n<meta property=\"og:image\" content=\"https:\/\/www.peanutoem.com\/wp-content\/uploads\/2024\/09\/Roasted-Peanut-Kernels-on-plate-scaled.webp\" \/>\n\t<meta property=\"og:image:width\" content=\"2560\" \/>\n\t<meta property=\"og:image:height\" content=\"1707\" \/>\n\t<meta property=\"og:image:type\" content=\"image\/webp\" \/>\n<meta name=\"twitter:card\" content=\"summary_large_image\" \/>\n<meta name=\"twitter:label1\" content=\"Arvioitu lukuaika\" \/>\n\t<meta name=\"twitter:data1\" content=\"3 minuuttia\" \/>\n<script type=\"application\/ld+json\" class=\"yoast-schema-graph\">{\"@context\":\"https:\/\/schema.org\",\"@graph\":[{\"@type\":\"WebPage\",\"@id\":\"https:\/\/www.peanutoem.com\/manufacturer\/roasted-peanut-kernels\/\",\"url\":\"https:\/\/www.peanutoem.com\/manufacturer\/roasted-peanut-kernels\/\",\"name\":\"Roasted Peanut Kernels - Peanut Butter Factory\",\"isPartOf\":{\"@id\":\"https:\/\/www.peanutoem.com\/#website\"},\"primaryImageOfPage\":{\"@id\":\"https:\/\/www.peanutoem.com\/manufacturer\/roasted-peanut-kernels\/#primaryimage\"},\"image\":{\"@id\":\"https:\/\/www.peanutoem.com\/manufacturer\/roasted-peanut-kernels\/#primaryimage\"},\"thumbnailUrl\":\"https:\/\/www.peanutoem.com\/wp-content\/uploads\/2024\/09\/Roasted-Peanut-Kernels-on-plate-scaled.webp\",\"datePublished\":\"2024-09-02T13:58:23+00:00\",\"dateModified\":\"2024-09-24T15:21:33+00:00\",\"description\":\"Premium Roasted Peanut Kernels OEM supplier, private label manufacturer, and exporter. Choose us for superior quality and customizable options.\",\"breadcrumb\":{\"@id\":\"https:\/\/www.peanutoem.com\/manufacturer\/roasted-peanut-kernels\/#breadcrumb\"},\"inLanguage\":\"fi\",\"potentialAction\":[{\"@type\":\"ReadAction\",\"target\":[\"https:\/\/www.peanutoem.com\/manufacturer\/roasted-peanut-kernels\/\"]}]},{\"@type\":\"ImageObject\",\"inLanguage\":\"fi\",\"@id\":\"https:\/\/www.peanutoem.com\/manufacturer\/roasted-peanut-kernels\/#primaryimage\",\"url\":\"https:\/\/www.peanutoem.com\/wp-content\/uploads\/2024\/09\/Roasted-Peanut-Kernels-on-plate-scaled.webp\",\"contentUrl\":\"https:\/\/www.peanutoem.com\/wp-content\/uploads\/2024\/09\/Roasted-Peanut-Kernels-on-plate-scaled.webp\",\"width\":2560,\"height\":1707,\"caption\":\"Roasted Peanut Kernels on plate\"},{\"@type\":\"BreadcrumbList\",\"@id\":\"https:\/\/www.peanutoem.com\/manufacturer\/roasted-peanut-kernels\/#breadcrumb\",\"itemListElement\":[{\"@type\":\"ListItem\",\"position\":1,\"name\":\"Home\",\"item\":\"https:\/\/www.peanutoem.com\/\"},{\"@type\":\"ListItem\",\"position\":2,\"name\":\"Products\",\"item\":\"https:\/\/www.peanutoem.com\/shop\/\"},{\"@type\":\"ListItem\",\"position\":3,\"name\":\"Roasted Peanut Kernels\"}]},{\"@type\":\"WebSite\",\"@id\":\"https:\/\/www.peanutoem.com\/#website\",\"url\":\"https:\/\/www.peanutoem.com\/\",\"name\":\"Peanut Butter Factory\",\"description\":\"Peanut Butter Manufacturer and Roast Peanut OEM Factory | Peanut Private Label China Supplier\",\"publisher\":{\"@id\":\"https:\/\/www.peanutoem.com\/#organization\"},\"alternateName\":\"Peanut Butter OEM and Wholesale\",\"potentialAction\":[{\"@type\":\"SearchAction\",\"target\":{\"@type\":\"EntryPoint\",\"urlTemplate\":\"https:\/\/www.peanutoem.com\/?s={search_term_string}\"},\"query-input\":{\"@type\":\"PropertyValueSpecification\",\"valueRequired\":true,\"valueName\":\"search_term_string\"}}],\"inLanguage\":\"fi\"},{\"@type\":\"Organization\",\"@id\":\"https:\/\/www.peanutoem.com\/#organization\",\"name\":\"Peanut Butter Factory\",\"alternateName\":\"JuFeng Group\",\"url\":\"https:\/\/www.peanutoem.com\/\",\"logo\":{\"@type\":\"ImageObject\",\"inLanguage\":\"fi\",\"@id\":\"https:\/\/www.peanutoem.com\/#\/schema\/logo\/image\/\",\"url\":\"https:\/\/www.peanutoem.com\/wp-content\/uploads\/2024\/09\/JUFENG-LOGO.png\",\"contentUrl\":\"https:\/\/www.peanutoem.com\/wp-content\/uploads\/2024\/09\/JUFENG-LOGO.png\",\"width\":600,\"height\":170,\"caption\":\"Peanut Butter Factory\"},\"image\":{\"@id\":\"https:\/\/www.peanutoem.com\/#\/schema\/logo\/image\/\"}}]}<\/script>\n<!-- \/ Yoast SEO plugin. -->","yoast_head_json":{"title":"Roasted Peanut Kernels - Peanut Butter Factory","description":"Premium Roasted Peanut Kernels OEM supplier, private label manufacturer, and exporter. Choose us for superior quality and customizable options.","robots":{"index":"index","follow":"follow","max-snippet":"max-snippet:-1","max-image-preview":"max-image-preview:large","max-video-preview":"max-video-preview:-1"},"canonical":"https:\/\/www.peanutoem.com\/fi\/manufacturer\/roasted-peanut-kernels\/","og_locale":"fi_FI","og_type":"article","og_title":"Roasted Peanut Kernels - Peanut Butter Factory","og_description":"Premium Roasted Peanut Kernels OEM supplier, private label manufacturer, and exporter. Choose us for superior quality and customizable options.","og_url":"https:\/\/www.peanutoem.com\/fi\/manufacturer\/roasted-peanut-kernels\/","og_site_name":"Peanut Butter Factory","article_modified_time":"2024-09-24T15:21:33+00:00","og_image":[{"width":2560,"height":1707,"url":"https:\/\/www.peanutoem.com\/wp-content\/uploads\/2024\/09\/Roasted-Peanut-Kernels-on-plate-scaled.webp","type":"image\/webp"}],"twitter_card":"summary_large_image","twitter_misc":{"Arvioitu lukuaika":"3 minuuttia"},"schema":{"@context":"https:\/\/schema.org","@graph":[{"@type":"WebPage","@id":"https:\/\/www.peanutoem.com\/manufacturer\/roasted-peanut-kernels\/","url":"https:\/\/www.peanutoem.com\/manufacturer\/roasted-peanut-kernels\/","name":"Roasted Peanut Kernels - Peanut Butter Factory","isPartOf":{"@id":"https:\/\/www.peanutoem.com\/#website"},"primaryImageOfPage":{"@id":"https:\/\/www.peanutoem.com\/manufacturer\/roasted-peanut-kernels\/#primaryimage"},"image":{"@id":"https:\/\/www.peanutoem.com\/manufacturer\/roasted-peanut-kernels\/#primaryimage"},"thumbnailUrl":"https:\/\/www.peanutoem.com\/wp-content\/uploads\/2024\/09\/Roasted-Peanut-Kernels-on-plate-scaled.webp","datePublished":"2024-09-02T13:58:23+00:00","dateModified":"2024-09-24T15:21:33+00:00","description":"Premium Roasted Peanut Kernels OEM supplier, private label manufacturer, and exporter. Choose us for superior quality and customizable options.","breadcrumb":{"@id":"https:\/\/www.peanutoem.com\/manufacturer\/roasted-peanut-kernels\/#breadcrumb"},"inLanguage":"fi","potentialAction":[{"@type":"ReadAction","target":["https:\/\/www.peanutoem.com\/manufacturer\/roasted-peanut-kernels\/"]}]},{"@type":"ImageObject","inLanguage":"fi","@id":"https:\/\/www.peanutoem.com\/manufacturer\/roasted-peanut-kernels\/#primaryimage","url":"https:\/\/www.peanutoem.com\/wp-content\/uploads\/2024\/09\/Roasted-Peanut-Kernels-on-plate-scaled.webp","contentUrl":"https:\/\/www.peanutoem.com\/wp-content\/uploads\/2024\/09\/Roasted-Peanut-Kernels-on-plate-scaled.webp","width":2560,"height":1707,"caption":"Roasted Peanut Kernels on plate"},{"@type":"BreadcrumbList","@id":"https:\/\/www.peanutoem.com\/manufacturer\/roasted-peanut-kernels\/#breadcrumb","itemListElement":[{"@type":"ListItem","position":1,"name":"Home","item":"https:\/\/www.peanutoem.com\/"},{"@type":"ListItem","position":2,"name":"Products","item":"https:\/\/www.peanutoem.com\/shop\/"},{"@type":"ListItem","position":3,"name":"Roasted Peanut Kernels"}]},{"@type":"WebSite","@id":"https:\/\/www.peanutoem.com\/#website","url":"https:\/\/www.peanutoem.com\/","name":"Peanut Butter Factory","description":"Peanut Butter Manufacturer and Roast Peanut OEM Factory | Peanut Private Label China Supplier","publisher":{"@id":"https:\/\/www.peanutoem.com\/#organization"},"alternateName":"Peanut Butter OEM and Wholesale","potentialAction":[{"@type":"SearchAction","target":{"@type":"EntryPoint","urlTemplate":"https:\/\/www.peanutoem.com\/?s={search_term_string}"},"query-input":{"@type":"PropertyValueSpecification","valueRequired":true,"valueName":"search_term_string"}}],"inLanguage":"fi"},{"@type":"Organization","@id":"https:\/\/www.peanutoem.com\/#organization","name":"Peanut Butter Factory","alternateName":"JuFeng Group","url":"https:\/\/www.peanutoem.com\/","logo":{"@type":"ImageObject","inLanguage":"fi","@id":"https:\/\/www.peanutoem.com\/#\/schema\/logo\/image\/","url":"https:\/\/www.peanutoem.com\/wp-content\/uploads\/2024\/09\/JUFENG-LOGO.png","contentUrl":"https:\/\/www.peanutoem.com\/wp-content\/uploads\/2024\/09\/JUFENG-LOGO.png","width":600,"height":170,"caption":"Peanut Butter Factory"},"image":{"@id":"https:\/\/www.peanutoem.com\/#\/schema\/logo\/image\/"}}]}},"_links":{"self":[{"href":"https:\/\/www.peanutoem.com\/fi\/wp-json\/wp\/v2\/product\/1553","targetHints":{"allow":["GET"]}}],"collection":[{"href":"https:\/\/www.peanutoem.com\/fi\/wp-json\/wp\/v2\/product"}],"about":[{"href":"https:\/\/www.peanutoem.com\/fi\/wp-json\/wp\/v2\/types\/product"}],"replies":[{"embeddable":true,"href":"https:\/\/www.peanutoem.com\/fi\/wp-json\/wp\/v2\/comments?post=1553"}],"wp:featuredmedia":[{"embeddable":true,"href":"https:\/\/www.peanutoem.com\/fi\/wp-json\/wp\/v2\/media\/1697"}],"wp:attachment":[{"href":"https:\/\/www.peanutoem.com\/fi\/wp-json\/wp\/v2\/media?parent=1553"}],"wp:term":[{"taxonomy":"product_cat","embeddable":true,"href":"https:\/\/www.peanutoem.com\/fi\/wp-json\/wp\/v2\/product_cat?post=1553"},{"taxonomy":"product_tag","embeddable":true,"href":"https:\/\/www.peanutoem.com\/fi\/wp-json\/wp\/v2\/product_tag?post=1553"}],"curies":[{"name":"wp","href":"https:\/\/api.w.org\/{rel}","templated":true}]}}