{"id":1554,"date":"2024-09-02T13:59:01","date_gmt":"2024-09-02T13:59:01","guid":{"rendered":"https:\/\/www.peanutoem.com\/?post_type=product&#038;p=1554"},"modified":"2024-09-28T05:11:42","modified_gmt":"2024-09-28T05:11:42","slug":"roasted-blanched-peanut","status":"publish","type":"product","link":"https:\/\/www.peanutoem.com\/fi\/manufacturer\/roasted-blanched-peanut\/","title":{"rendered":"Paahdettua blansoitua p\u00e4hkin\u00e4\u00e4"},"content":{"rendered":"<h3><strong>Mik\u00e4 on paahdettu blan\u0161oitu maap\u00e4hkin\u00e4?<\/strong><\/h3>\n<p>Paahdettu valkaistu maap\u00e4hkin\u00e4 k\u00e4y l\u00e4pi erityisen kaksivaiheisen prosessin. Ensin raa&#039;at maap\u00e4hkin\u00e4t valkaistaan, mik\u00e4 tarkoittaa, ett\u00e4 ulkokuori poistetaan kuumentamalla ja hell\u00e4varaisesti mekaanisin keinoin. Seuraavaksi ne paahdetaan t\u00e4ydelliseksi, jolloin tuloksena on rikas, p\u00e4hkin\u00e4inen maku ja rapea rakenne. N\u00e4m\u00e4 maap\u00e4hkin\u00e4t ovat ihanteellisia erilaisiin k\u00e4ytt\u00f6tarkoituksiin, mukaan lukien v\u00e4lipalojen valmistukseen, makeisten valmistukseen, maap\u00e4hkin\u00e4voin valmistukseen ja suolaisten ruokien ainesosiksi.<\/p>\n<p>Lis\u00e4ksi valkaistut paahdetut maap\u00e4hkin\u00e4t tarjoavat lis\u00e4etuna puhtaan, sile\u00e4n ulkon\u00e4\u00f6n. T\u00e4m\u00e4 laatu tekee niist\u00e4 eritt\u00e4in toivottavia tuotteissa, joissa visuaalinen vetovoima ja yhten\u00e4isyys ovat ratkaisevan t\u00e4rkeit\u00e4.<\/p>\n<h3><strong>Mit\u00e4 muita nimi\u00e4 paahdetuille blan\u0161oiduille maap\u00e4hkin\u00f6ille on?<\/strong><\/h3>\n<p>Paahdettuja blansoituja maap\u00e4hkin\u00f6it\u00e4 voidaan kutsua useilla nimill\u00e4 riippuen alueellisista mieltymyksist\u00e4 tai alan k\u00e4yt\u00f6st\u00e4:<\/p>\n<ul>\n<li>Kuorettomia paahdettuja maap\u00e4hkin\u00f6it\u00e4<\/li>\n<li>Blan\u0161oidut ja paahdetut maap\u00e4hkin\u00e4t<\/li>\n<li>Paahdettuja valkoisia p\u00e4hkin\u00f6it\u00e4<\/li>\n<li>Blan\u0161oidut maap\u00e4hkin\u00e4t<\/li>\n<li>Blan\u0161oidut maap\u00e4hkin\u00e4ytimet<\/li>\n<li>Maap\u00e4hkin\u00e4t kokonaisina blan\u0161oidut paahdetut<\/li>\n<\/ul>\n<p>N\u00e4m\u00e4 nimet kuvastavat valmistusprosessia, jossa maap\u00e4hkin\u00e4kuoret poistetaan ennen paahtamista, jolloin lopputulos on sile\u00e4 ja miellytt\u00e4v\u00e4.<\/p>\n<h3><img loading=\"lazy\" decoding=\"async\" class=\"alignnone wp-image-1702 size-full\" src=\"https:\/\/www.peanutoem.com\/wp-content\/uploads\/2024\/09\/Whole-Roasted-Blanched-Peanut-.webp\" alt=\"Kokonainen paahdettua blansoitu maap\u00e4hkin\u00e4\" width=\"1000\" height=\"1000\" srcset=\"https:\/\/www.peanutoem.com\/wp-content\/uploads\/2024\/09\/Whole-Roasted-Blanched-Peanut-.webp 1000w, https:\/\/www.peanutoem.com\/wp-content\/uploads\/2024\/09\/Whole-Roasted-Blanched-Peanut--300x300.webp 300w, https:\/\/www.peanutoem.com\/wp-content\/uploads\/2024\/09\/Whole-Roasted-Blanched-Peanut--150x150.webp 150w, https:\/\/www.peanutoem.com\/wp-content\/uploads\/2024\/09\/Whole-Roasted-Blanched-Peanut--768x768.webp 768w, https:\/\/www.peanutoem.com\/wp-content\/uploads\/2024\/09\/Whole-Roasted-Blanched-Peanut--12x12.webp 12w, https:\/\/www.peanutoem.com\/wp-content\/uploads\/2024\/09\/Whole-Roasted-Blanched-Peanut--600x600.webp 600w, https:\/\/www.peanutoem.com\/wp-content\/uploads\/2024\/09\/Whole-Roasted-Blanched-Peanut--100x100.webp 100w\" sizes=\"auto, (max-width: 1000px) 100vw, 1000px\" \/><\/h3>\n<h3><strong>Miksi valita meid\u00e4t paahdettujen maap\u00e4hkin\u00f6iden OEM-toimittajaksi?<\/strong><\/h3>\n<p>Olemme markkinajohtaja paahdettujen blan\u0161oitujen maap\u00e4hkin\u00f6iden tuotannossa, tarjoamalla sek\u00e4 paahdettuja blansoituja maap\u00e4hkin\u00f6it\u00e4 kokonaisina ett\u00e4 paahdettuja blan\u0161oituja maap\u00e4hkin\u00f6iden puolikkaita. T\u00e4st\u00e4 syyst\u00e4 olemme paras kumppanisi:<\/p>\n<ul>\n<li><strong>OEM-ratkaisujen asiantuntemus<\/strong>: Edistyneiden tuotantokykyjemme avulla tarjoamme r\u00e4\u00e4t\u00e4l\u00f6ityj\u00e4 OEM-palveluita, jotka t\u00e4ytt\u00e4v\u00e4t tuotespesifikaatiosi, paahtotasosta pakkausvaatimuksiin.<\/li>\n<li><strong>Private Label Manufacturing<\/strong>: Olemme erikoistuneet omien merkkien valmistukseen, jolloin br\u00e4ndit voivat hy\u00f6dynt\u00e4\u00e4 asiantuntemustamme kehitt\u00e4ess\u00e4\u00e4n omia, erillisi\u00e4 tuotteitaan.<\/li>\n<li><strong>Globaalit vientimahdollisuudet<\/strong>: Kokeneena viej\u00e4n\u00e4 palvelemme asiakkaita ymp\u00e4ri maailmaa tehokkaalla logistiikassa ja tasaisella laadulla.<\/li>\n<li><strong>Sertifioitu laadunvarmistus<\/strong>: Tuotteemme on sertifioitu HACCP-, BRCGS-, Halal-, Kosher- ja EU:n luomustandardien mukaisesti, mik\u00e4 varmistaa maailmanlaajuisten elintarviketurvallisuus- ja laatum\u00e4\u00e4r\u00e4ysten noudattamisen.<\/li>\n<li><strong>Kest\u00e4vyys ja luotettavuus<\/strong>: Priorisoimme kest\u00e4vi\u00e4 tuotantomenetelmi\u00e4 ja yll\u00e4pid\u00e4mme toimitusketjun vahvaa luotettavuutta vastataksemme asiakkaidemme tarpeisiin ymp\u00e4ri maailmaa.<\/li>\n<\/ul>\n<h3><strong>Kuumia aiheita paahdetuista blan\u0161oiduista maap\u00e4hkin\u00f6ist\u00e4<\/strong><\/h3>\n<ul>\n<li><strong>Koko vs. puolikkaat<\/strong>: Valmistajille on ratkaisevan t\u00e4rke\u00e4\u00e4 ymm\u00e4rt\u00e4\u00e4 paahdettujen ja vaahtoutuneiden maap\u00e4hkin\u00f6iden k\u00e4ytt\u00f6tapaukset. Kokonaisia maap\u00e4hkin\u00f6it\u00e4 k\u00e4ytet\u00e4\u00e4n usein ensiluokkaisissa v\u00e4lipalatuotteissa, kun taas puolikkaita k\u00e4ytet\u00e4\u00e4n mieluiten ruoantuotannossa, leivonnassa ja maap\u00e4hkin\u00e4voissa.<\/li>\n<li><strong>Paahdettujen blan\u0161oitujen maap\u00e4hkin\u00f6iden terveyshy\u00f6dyt<\/strong>: Blan\u0161oidut maap\u00e4hkin\u00e4t s\u00e4ilytt\u00e4v\u00e4t monet raakojen maap\u00e4hkin\u00f6iden ravitsemukselliset edut, mukaan lukien proteiinit, terveelliset rasvat sek\u00e4 v\u00e4ltt\u00e4m\u00e4tt\u00f6m\u00e4t vitamiinit ja kivenn\u00e4isaineet, joten ne ovat fiksu valinta terveystietoisille kuluttajille.<\/li>\n<li><strong>Clean Label -ainesosien kasvava kysynt\u00e4<\/strong>: Kun yh\u00e4 useammat kuluttajat etsiv\u00e4t tuotteita, joissa on mahdollisimman v\u00e4h\u00e4n prosessointia, paahdetut blan\u0161oidut maap\u00e4hkin\u00e4t ovat erinomainen ainesosien valinta v\u00e4lipaloihin ja elintarvikkeisiin, joita markkinoidaan puhtaasti etiketeill\u00e4.<\/li>\n<li><strong>Maap\u00e4hkin\u00f6iden kest\u00e4vyys ja ymp\u00e4rist\u00f6vaikutukset<\/strong>: Muihin p\u00e4hkin\u00f6ihin verrattuna maap\u00e4hkin\u00e4t, mukaan lukien blan\u0161oidut lajikkeet, vaativat v\u00e4hemm\u00e4n resursseja kasvaakseen, mik\u00e4 tekee niist\u00e4 kest\u00e4v\u00e4n valinnan elintarvikeyrityksille, jotka haluavat pienent\u00e4\u00e4 ymp\u00e4rist\u00f6jalanj\u00e4lke\u00e4\u00e4n.<\/li>\n<\/ul>\n<h3><strong>Usein kysytyt kysymykset roolistamme paahdettujen maap\u00e4hkin\u00f6iden valmistajana<\/strong><\/h3>\n<ol>\n<li><strong>Mit\u00e4 hy\u00f6ty\u00e4 on vaalennettuista maap\u00e4hkin\u00f6ist\u00e4?<\/strong><br \/>\nBlan\u0161oiduista maap\u00e4hkin\u00f6ist\u00e4 on poistettu kuoret, mik\u00e4 antaa puhtaamman ulkon\u00e4\u00f6n ja yhten\u00e4isen koostumuksen, joka on ihanteellinen v\u00e4lipaloille ja visuaalisille tuotteille.<\/li>\n<li><strong>Tarjoatko yksityisi\u00e4 merkkivaihtoehtoja?<\/strong><br \/>\nKyll\u00e4, olemme erikoistuneet omien merkkien valmistukseen t\u00e4ysin r\u00e4\u00e4t\u00e4l\u00f6idyll\u00e4 tuotemerkin pakkauksilla ja teknisill\u00e4 tiedoilla.<\/li>\n<li><strong>Voinko mukauttaa paistotasoa?<\/strong><br \/>\nT\u00e4ysin! Tarjoamme paahtovaihtoehtoja vaaleasta tummaan tarpeidesi ja markkinoiden tarpeiden mukaan r\u00e4\u00e4t\u00e4l\u00f6ityn\u00e4.<\/li>\n<li><strong>Miten s\u00e4ilyt\u00e4t tuoreuden?<\/strong><br \/>\nS\u00e4ilyt\u00e4mme maap\u00e4hkin\u00f6it\u00e4 l\u00e4mp\u00f6tilas\u00e4\u00e4dellyiss\u00e4 tiloissa, jotta ne pysyv\u00e4t tuoreina ja laadukkaina varastoinnin ja kuljetuksen aikana.<\/li>\n<li><strong>Vietk\u00f6 maailmanlaajuisesti?<\/strong><br \/>\nKyll\u00e4, meill\u00e4 on laaja kokemus paahdettujen blan\u0161oitujen maap\u00e4hkin\u00f6iden viennist\u00e4 useille kansainv\u00e4lisille markkinoille tehokkaalla logistiikalla.<\/li>\n<li><strong>Mik\u00e4 on maap\u00e4hkin\u00f6iden s\u00e4ilyvyys?<\/strong><br \/>\nPaahdetut valkaistut maap\u00e4hkin\u00e4t kest\u00e4v\u00e4t 12\u201318 kuukautta oikein s\u00e4ilytettyn\u00e4, mik\u00e4 takaa kest\u00e4v\u00e4n tuoreuden ja maun.<\/li>\n<li><strong>Mitk\u00e4 ovat yleisi\u00e4 k\u00e4ytt\u00f6tarkoituksia paahdetuille blan\u0161oiduille maap\u00e4hkin\u00f6ille?<\/strong><br \/>\nNe ovat suosittuja v\u00e4lipaloissa, makeisissa, maap\u00e4hkin\u00e4voissa sek\u00e4 suolaisten ja leivonnaisten ainesosina.<\/li>\n<li><strong>Miten paahdetut blan\u0161oidut maap\u00e4hkin\u00e4t verrataan muihin lajikkeisiin?<\/strong><br \/>\nPaahdetuista valkaisuista maap\u00e4hkin\u00f6ist\u00e4 on pehme\u00e4mpi ja puhtaampi ulkon\u00e4k\u00f6, koska niiden kuoret on poistettu. T\u00e4m\u00e4 laatu tekee niist\u00e4 t\u00e4ydelliset premium-tuotteille, jotka tarvitsevat yhten\u00e4isen koostumuksen.<\/li>\n<\/ol>\n<div class=\"flex max-w-full flex-col flex-grow\">\n<div class=\"min-h-8 text-message flex w-full flex-col items-end gap-2 whitespace-normal break-words [.text-message+&amp;]:mt-5\" dir=\"auto\" data-message-author-role=\"assistant\" data-message-id=\"31ea6229-78d6-4c3f-8f61-fea9e8392c9b\">\n<div class=\"flex w-full flex-col gap-1 empty:hidden first:pt-[3px]\">\n<div class=\"markdown prose w-full break-words dark:prose-invert dark\">\n<a href=\"mailto:globepeanut@gmail.com\" class=\"button primary is-primary is-medium\"  >\n    <span>L\u00e4het\u00e4 meille s\u00e4hk\u00f6postia<\/span>\n  <\/a>\n\n<\/div>\n<\/div>\n<\/div>\n<\/div>\n<div class=\"mb-2 flex gap-3 empty:hidden -ml-2\">\n<div class=\"items-center justify-start rounded-xl p-1 flex\"><\/div>\n<\/div>","protected":false},"excerpt":{"rendered":"<p>Olemme paahdettujen blan\u0161oitujen maap\u00e4hkin\u00f6iden valmistaja ja toimittaja Kiinassa<\/p>\n<p>\u2013 MOQ: 1 tonni<br \/>\n\u2013 OEM\/ODM-palvelu tarjolla<br \/>\n\u2013 Ilmainen n\u00e4yte saatavilla<br \/>\n- Hyv\u00e4ksy mukautukset (erittelyt, koot, v\u00e4ri, muotoilu jne.)<br \/>\n\u2013 Tyyppi: Kokonainen paahdettu maap\u00e4hkin\u00e4, puolikas paahdettu maap\u00e4hkin\u00e4<\/p>\n<p>Jos haluat saada roasted Blanched Peanut hinnat, ota meihin yhteytt\u00e4.<\/p>","protected":false},"featured_media":1701,"comment_status":"open","ping_status":"closed","template":"","meta":[],"product_cat":[37],"product_tag":[],"class_list":{"0":"post-1554","1":"product","2":"type-product","3":"status-publish","4":"has-post-thumbnail","6":"product_cat-roasted-peanut","8":"first","9":"instock","10":"shipping-taxable","11":"product-type-simple"},"yoast_head":"<!-- This site is optimized with the Yoast SEO plugin v24.9 - https:\/\/yoast.com\/wordpress\/plugins\/seo\/ -->\n<title>Roasted Blanched Peanut China Wholesaler - Peanut Butter Factory<\/title>\n<meta name=\"description\" content=\"High-quality Roasted Blanched Peanut OEM supplier, private label manufacturer, and exporter. Choose us for customizable solutions and global expertise.\" \/>\n<meta name=\"robots\" content=\"index, follow, max-snippet:-1, max-image-preview:large, max-video-preview:-1\" \/>\n<link rel=\"canonical\" href=\"https:\/\/www.peanutoem.com\/fi\/manufacturer\/roasted-blanched-peanut\/\" \/>\n<meta property=\"og:locale\" content=\"fi_FI\" \/>\n<meta property=\"og:type\" content=\"article\" \/>\n<meta property=\"og:title\" content=\"Roasted Blanched Peanut China Wholesaler - Peanut Butter Factory\" \/>\n<meta property=\"og:description\" content=\"High-quality Roasted Blanched Peanut OEM supplier, private label manufacturer, and exporter. Choose us for customizable solutions and global expertise.\" \/>\n<meta property=\"og:url\" content=\"https:\/\/www.peanutoem.com\/fi\/manufacturer\/roasted-blanched-peanut\/\" \/>\n<meta property=\"og:site_name\" content=\"Peanut Butter Factory\" \/>\n<meta property=\"article:modified_time\" content=\"2024-09-28T05:11:42+00:00\" \/>\n<meta property=\"og:image\" content=\"https:\/\/www.peanutoem.com\/wp-content\/uploads\/2024\/09\/Whole-Roast-Blanched-Peanut-.webp\" \/>\n\t<meta property=\"og:image:width\" content=\"1000\" \/>\n\t<meta property=\"og:image:height\" content=\"1000\" \/>\n\t<meta property=\"og:image:type\" content=\"image\/webp\" \/>\n<meta name=\"twitter:card\" content=\"summary_large_image\" \/>\n<meta name=\"twitter:label1\" content=\"Arvioitu lukuaika\" \/>\n\t<meta name=\"twitter:data1\" content=\"4 minuuttia\" \/>\n<script type=\"application\/ld+json\" class=\"yoast-schema-graph\">{\"@context\":\"https:\/\/schema.org\",\"@graph\":[{\"@type\":\"WebPage\",\"@id\":\"https:\/\/www.peanutoem.com\/manufacturer\/roasted-blanched-peanut\/\",\"url\":\"https:\/\/www.peanutoem.com\/manufacturer\/roasted-blanched-peanut\/\",\"name\":\"Roasted Blanched Peanut China Wholesaler - Peanut Butter Factory\",\"isPartOf\":{\"@id\":\"https:\/\/www.peanutoem.com\/#website\"},\"primaryImageOfPage\":{\"@id\":\"https:\/\/www.peanutoem.com\/manufacturer\/roasted-blanched-peanut\/#primaryimage\"},\"image\":{\"@id\":\"https:\/\/www.peanutoem.com\/manufacturer\/roasted-blanched-peanut\/#primaryimage\"},\"thumbnailUrl\":\"https:\/\/www.peanutoem.com\/wp-content\/uploads\/2024\/09\/Whole-Roast-Blanched-Peanut-.webp\",\"datePublished\":\"2024-09-02T13:59:01+00:00\",\"dateModified\":\"2024-09-28T05:11:42+00:00\",\"description\":\"High-quality Roasted Blanched Peanut OEM supplier, private label manufacturer, and exporter. Choose us for customizable solutions and global expertise.\",\"breadcrumb\":{\"@id\":\"https:\/\/www.peanutoem.com\/manufacturer\/roasted-blanched-peanut\/#breadcrumb\"},\"inLanguage\":\"fi\",\"potentialAction\":[{\"@type\":\"ReadAction\",\"target\":[\"https:\/\/www.peanutoem.com\/manufacturer\/roasted-blanched-peanut\/\"]}]},{\"@type\":\"ImageObject\",\"inLanguage\":\"fi\",\"@id\":\"https:\/\/www.peanutoem.com\/manufacturer\/roasted-blanched-peanut\/#primaryimage\",\"url\":\"https:\/\/www.peanutoem.com\/wp-content\/uploads\/2024\/09\/Whole-Roast-Blanched-Peanut-.webp\",\"contentUrl\":\"https:\/\/www.peanutoem.com\/wp-content\/uploads\/2024\/09\/Whole-Roast-Blanched-Peanut-.webp\",\"width\":1000,\"height\":1000,\"caption\":\"Whole Roast Blanched Peanut\"},{\"@type\":\"BreadcrumbList\",\"@id\":\"https:\/\/www.peanutoem.com\/manufacturer\/roasted-blanched-peanut\/#breadcrumb\",\"itemListElement\":[{\"@type\":\"ListItem\",\"position\":1,\"name\":\"Home\",\"item\":\"https:\/\/www.peanutoem.com\/\"},{\"@type\":\"ListItem\",\"position\":2,\"name\":\"Products\",\"item\":\"https:\/\/www.peanutoem.com\/shop\/\"},{\"@type\":\"ListItem\",\"position\":3,\"name\":\"Roasted Blanched Peanut\"}]},{\"@type\":\"WebSite\",\"@id\":\"https:\/\/www.peanutoem.com\/#website\",\"url\":\"https:\/\/www.peanutoem.com\/\",\"name\":\"Peanut Butter Factory\",\"description\":\"Peanut Butter Manufacturer and Roast Peanut OEM Factory | Peanut Private Label China Supplier\",\"publisher\":{\"@id\":\"https:\/\/www.peanutoem.com\/#organization\"},\"alternateName\":\"Peanut Butter OEM and Wholesale\",\"potentialAction\":[{\"@type\":\"SearchAction\",\"target\":{\"@type\":\"EntryPoint\",\"urlTemplate\":\"https:\/\/www.peanutoem.com\/?s={search_term_string}\"},\"query-input\":{\"@type\":\"PropertyValueSpecification\",\"valueRequired\":true,\"valueName\":\"search_term_string\"}}],\"inLanguage\":\"fi\"},{\"@type\":\"Organization\",\"@id\":\"https:\/\/www.peanutoem.com\/#organization\",\"name\":\"Peanut Butter Factory\",\"alternateName\":\"JuFeng Group\",\"url\":\"https:\/\/www.peanutoem.com\/\",\"logo\":{\"@type\":\"ImageObject\",\"inLanguage\":\"fi\",\"@id\":\"https:\/\/www.peanutoem.com\/#\/schema\/logo\/image\/\",\"url\":\"https:\/\/www.peanutoem.com\/wp-content\/uploads\/2024\/09\/JUFENG-LOGO.png\",\"contentUrl\":\"https:\/\/www.peanutoem.com\/wp-content\/uploads\/2024\/09\/JUFENG-LOGO.png\",\"width\":600,\"height\":170,\"caption\":\"Peanut Butter Factory\"},\"image\":{\"@id\":\"https:\/\/www.peanutoem.com\/#\/schema\/logo\/image\/\"}}]}<\/script>\n<!-- \/ Yoast SEO plugin. -->","yoast_head_json":{"title":"Roasted Blanched Peanut China Wholesaler - Peanut Butter Factory","description":"High-quality Roasted Blanched Peanut OEM supplier, private label manufacturer, and exporter. Choose us for customizable solutions and global expertise.","robots":{"index":"index","follow":"follow","max-snippet":"max-snippet:-1","max-image-preview":"max-image-preview:large","max-video-preview":"max-video-preview:-1"},"canonical":"https:\/\/www.peanutoem.com\/fi\/manufacturer\/roasted-blanched-peanut\/","og_locale":"fi_FI","og_type":"article","og_title":"Roasted Blanched Peanut China Wholesaler - Peanut Butter Factory","og_description":"High-quality Roasted Blanched Peanut OEM supplier, private label manufacturer, and exporter. Choose us for customizable solutions and global expertise.","og_url":"https:\/\/www.peanutoem.com\/fi\/manufacturer\/roasted-blanched-peanut\/","og_site_name":"Peanut Butter Factory","article_modified_time":"2024-09-28T05:11:42+00:00","og_image":[{"width":1000,"height":1000,"url":"https:\/\/www.peanutoem.com\/wp-content\/uploads\/2024\/09\/Whole-Roast-Blanched-Peanut-.webp","type":"image\/webp"}],"twitter_card":"summary_large_image","twitter_misc":{"Arvioitu lukuaika":"4 minuuttia"},"schema":{"@context":"https:\/\/schema.org","@graph":[{"@type":"WebPage","@id":"https:\/\/www.peanutoem.com\/manufacturer\/roasted-blanched-peanut\/","url":"https:\/\/www.peanutoem.com\/manufacturer\/roasted-blanched-peanut\/","name":"Roasted Blanched Peanut China Wholesaler - Peanut Butter Factory","isPartOf":{"@id":"https:\/\/www.peanutoem.com\/#website"},"primaryImageOfPage":{"@id":"https:\/\/www.peanutoem.com\/manufacturer\/roasted-blanched-peanut\/#primaryimage"},"image":{"@id":"https:\/\/www.peanutoem.com\/manufacturer\/roasted-blanched-peanut\/#primaryimage"},"thumbnailUrl":"https:\/\/www.peanutoem.com\/wp-content\/uploads\/2024\/09\/Whole-Roast-Blanched-Peanut-.webp","datePublished":"2024-09-02T13:59:01+00:00","dateModified":"2024-09-28T05:11:42+00:00","description":"High-quality Roasted Blanched Peanut OEM supplier, private label manufacturer, and exporter. Choose us for customizable solutions and global expertise.","breadcrumb":{"@id":"https:\/\/www.peanutoem.com\/manufacturer\/roasted-blanched-peanut\/#breadcrumb"},"inLanguage":"fi","potentialAction":[{"@type":"ReadAction","target":["https:\/\/www.peanutoem.com\/manufacturer\/roasted-blanched-peanut\/"]}]},{"@type":"ImageObject","inLanguage":"fi","@id":"https:\/\/www.peanutoem.com\/manufacturer\/roasted-blanched-peanut\/#primaryimage","url":"https:\/\/www.peanutoem.com\/wp-content\/uploads\/2024\/09\/Whole-Roast-Blanched-Peanut-.webp","contentUrl":"https:\/\/www.peanutoem.com\/wp-content\/uploads\/2024\/09\/Whole-Roast-Blanched-Peanut-.webp","width":1000,"height":1000,"caption":"Whole Roast Blanched Peanut"},{"@type":"BreadcrumbList","@id":"https:\/\/www.peanutoem.com\/manufacturer\/roasted-blanched-peanut\/#breadcrumb","itemListElement":[{"@type":"ListItem","position":1,"name":"Home","item":"https:\/\/www.peanutoem.com\/"},{"@type":"ListItem","position":2,"name":"Products","item":"https:\/\/www.peanutoem.com\/shop\/"},{"@type":"ListItem","position":3,"name":"Roasted Blanched Peanut"}]},{"@type":"WebSite","@id":"https:\/\/www.peanutoem.com\/#website","url":"https:\/\/www.peanutoem.com\/","name":"Peanut Butter Factory","description":"Peanut Butter Manufacturer and Roast Peanut OEM Factory | Peanut Private Label China Supplier","publisher":{"@id":"https:\/\/www.peanutoem.com\/#organization"},"alternateName":"Peanut Butter OEM and Wholesale","potentialAction":[{"@type":"SearchAction","target":{"@type":"EntryPoint","urlTemplate":"https:\/\/www.peanutoem.com\/?s={search_term_string}"},"query-input":{"@type":"PropertyValueSpecification","valueRequired":true,"valueName":"search_term_string"}}],"inLanguage":"fi"},{"@type":"Organization","@id":"https:\/\/www.peanutoem.com\/#organization","name":"Peanut Butter Factory","alternateName":"JuFeng Group","url":"https:\/\/www.peanutoem.com\/","logo":{"@type":"ImageObject","inLanguage":"fi","@id":"https:\/\/www.peanutoem.com\/#\/schema\/logo\/image\/","url":"https:\/\/www.peanutoem.com\/wp-content\/uploads\/2024\/09\/JUFENG-LOGO.png","contentUrl":"https:\/\/www.peanutoem.com\/wp-content\/uploads\/2024\/09\/JUFENG-LOGO.png","width":600,"height":170,"caption":"Peanut Butter Factory"},"image":{"@id":"https:\/\/www.peanutoem.com\/#\/schema\/logo\/image\/"}}]}},"_links":{"self":[{"href":"https:\/\/www.peanutoem.com\/fi\/wp-json\/wp\/v2\/product\/1554","targetHints":{"allow":["GET"]}}],"collection":[{"href":"https:\/\/www.peanutoem.com\/fi\/wp-json\/wp\/v2\/product"}],"about":[{"href":"https:\/\/www.peanutoem.com\/fi\/wp-json\/wp\/v2\/types\/product"}],"replies":[{"embeddable":true,"href":"https:\/\/www.peanutoem.com\/fi\/wp-json\/wp\/v2\/comments?post=1554"}],"wp:featuredmedia":[{"embeddable":true,"href":"https:\/\/www.peanutoem.com\/fi\/wp-json\/wp\/v2\/media\/1701"}],"wp:attachment":[{"href":"https:\/\/www.peanutoem.com\/fi\/wp-json\/wp\/v2\/media?parent=1554"}],"wp:term":[{"taxonomy":"product_cat","embeddable":true,"href":"https:\/\/www.peanutoem.com\/fi\/wp-json\/wp\/v2\/product_cat?post=1554"},{"taxonomy":"product_tag","embeddable":true,"href":"https:\/\/www.peanutoem.com\/fi\/wp-json\/wp\/v2\/product_tag?post=1554"}],"curies":[{"name":"wp","href":"https:\/\/api.w.org\/{rel}","templated":true}]}}