{"id":1555,"date":"2024-09-02T14:00:33","date_gmt":"2024-09-02T14:00:33","guid":{"rendered":"https:\/\/www.peanutoem.com\/?post_type=product&#038;p=1555"},"modified":"2024-09-28T04:44:51","modified_gmt":"2024-09-28T04:44:51","slug":"roasted-peanut-kernels-in-split","status":"publish","type":"product","link":"https:\/\/www.peanutoem.com\/fi\/manufacturer\/roasted-peanut-kernels-in-split\/","title":{"rendered":"Paahdetut maap\u00e4hkin\u00e4ytimet Splitiss\u00e4 | Viipaloidut paahdetut maap\u00e4hkin\u00e4ytimet"},"content":{"rendered":"<h3>Mit\u00e4 ovat paahdetut maap\u00e4hkin\u00e4ytimet Splitiss\u00e4?<\/h3>\n<p>Roasted Peanut Kernels in Split tai nimelt\u00e4\u00e4n Roasted split maap\u00e4hkin\u00e4ytimet, ovat maap\u00e4hkin\u00f6it\u00e4, jotka on paahdettu huolellisesti t\u00e4ydellisyyteen ja jaettu sitten huolellisesti kahtia. Ne tunnetaan rikkaasta aromista, rapeasta mausta ja laajasta k\u00e4ytt\u00f6kohteesta v\u00e4lipaloissa, leivonnaisissa ja erilaisissa elintarvikkeissa. Paahtoprosessi ei ainoastaan lis\u00e4\u00e4 maap\u00e4hkin\u00f6iden luonnollista makua, vaan tekee niist\u00e4 my\u00f6s ihanteellisen valinnan elintarvikevalmistajille, v\u00e4lipalabr\u00e4ndeille ja kuluttajille, jotka noudattavat terveellisemp\u00e4\u00e4 ruokavaliota.<\/p>\n<h3>Vaihtoehtoiset nimet paahdetuille maap\u00e4hkin\u00e4ytimille Splitiss\u00e4<\/h3>\n<p>Splitiss\u00e4 paahdettuja maap\u00e4hkin\u00e4ytimi\u00e4 kutsutaan my\u00f6s muilla nimill\u00e4 alueesta tai markkinoista riippuen, mukaan lukien:<\/p>\n<ul>\n<li>Halkaistut paahdetut maap\u00e4hkin\u00e4t<\/li>\n<li>Paahdetut maap\u00e4hkin\u00e4n puolikkaat<\/li>\n<li>Halkaistut paahdetut maap\u00e4hkin\u00e4ytimet<\/li>\n<li>Maap\u00e4hkin\u00e4 halkeilee<\/li>\n<\/ul>\n<h3>Asiaankuuluvat kuumat aiheet<\/h3>\n<ol>\n<li><strong>Paahdettujen maap\u00e4hkin\u00e4ytimien terveyshy\u00f6dyt<\/strong>: Paahdetut maap\u00e4hkin\u00e4ytimet ovat runsas proteiinin, terveellisten rasvojen ja v\u00e4ltt\u00e4m\u00e4tt\u00f6mien vitamiinien l\u00e4hde. Ne ovat ravitseva v\u00e4lipala tai ainesosa erilaisissa terveyteen keskittyneiss\u00e4 tuotteissa.<\/li>\n<li><strong>Maap\u00e4hkin\u00e4pohjaisten v\u00e4lipalojen kasvava kysynt\u00e4:<\/strong> Paahdetut maap\u00e4hkin\u00e4ytimet halkaistuina ovat saamassa suosiota terveellisten v\u00e4lipalojen kysynn\u00e4n kasvun vuoksi.<\/li>\n<li><strong>Elintarvikkeiden turvallisuus ja laadunvalvonta maap\u00e4hkin\u00f6iden k\u00e4sittelyss\u00e4:<\/strong> Korkeiden tuotanto- ja k\u00e4sittelystandardien yll\u00e4pit\u00e4minen on ratkaisevan t\u00e4rke\u00e4\u00e4 tuotteiden eheyden ja elintarviketurvallisuusm\u00e4\u00e4r\u00e4ysten noudattamisen kannalta.<\/li>\n<li><strong>Private Label Peanut -tuotteet:<\/strong> Monet tuotemerkit valitsevat omien merkkien palvelumme tarjotakseen ensiluokkaisia viipaloituja paahdettuja maap\u00e4hkin\u00e4ytimi\u00e4 omalla tuotemerkill\u00e4\u00e4n.<\/li>\n<\/ol>\n<p><img loading=\"lazy\" decoding=\"async\" class=\"alignnone wp-image-1720 size-large\" src=\"https:\/\/www.peanutoem.com\/wp-content\/uploads\/2024\/09\/Roasted-Peanut-Power-in-Carton-1024x908.webp\" alt=\"Roasted Peanut Power laatikossa\" width=\"1020\" height=\"904\" srcset=\"https:\/\/www.peanutoem.com\/wp-content\/uploads\/2024\/09\/Roasted-Peanut-Power-in-Carton-1024x908.webp 1024w, https:\/\/www.peanutoem.com\/wp-content\/uploads\/2024\/09\/Roasted-Peanut-Power-in-Carton-300x266.webp 300w, https:\/\/www.peanutoem.com\/wp-content\/uploads\/2024\/09\/Roasted-Peanut-Power-in-Carton-768x681.webp 768w, https:\/\/www.peanutoem.com\/wp-content\/uploads\/2024\/09\/Roasted-Peanut-Power-in-Carton-1536x1362.webp 1536w, https:\/\/www.peanutoem.com\/wp-content\/uploads\/2024\/09\/Roasted-Peanut-Power-in-Carton-2048x1816.webp 2048w, https:\/\/www.peanutoem.com\/wp-content\/uploads\/2024\/09\/Roasted-Peanut-Power-in-Carton-14x12.webp 14w, https:\/\/www.peanutoem.com\/wp-content\/uploads\/2024\/09\/Roasted-Peanut-Power-in-Carton-600x532.webp 600w\" sizes=\"auto, (max-width: 1020px) 100vw, 1020px\" \/><\/p>\n<hr \/>\n<h3>Miksi valita meid\u00e4t viipaloitujen paahdettujen maap\u00e4hkin\u00e4ytimien toimittajaksi?<\/h3>\n<p>Olemme paahdettujen maap\u00e4hkin\u00e4ytimien luotettava toimittaja Splitiss\u00e4 useista painavista syist\u00e4:<\/p>\n<ul>\n<li><strong>Edistyneet tuotantotilat:<\/strong> Tehtaamme k\u00e4ytt\u00e4\u00e4 huippuluokan yhdysvaltalaisia tuotantolinjoja huipputason paahto- ja leikkausprosesseihin.<\/li>\n<li><strong>Tiukka laadunvarmistus:<\/strong> Suoritamme kattavia testej\u00e4 laboratoriossamme varmistaaksemme, ett\u00e4 jokainen er\u00e4 t\u00e4ytt\u00e4\u00e4 maailmanlaajuiset standardit.<\/li>\n<li><strong>Maailmanlaajuiset sertifikaatit:<\/strong> Paahdetut maap\u00e4hkin\u00e4ytimet ovat HACCP-, BRCGS-, Kosher-, Halal- ja EU Organic -sertifioimia laadun ja turvallisuuden takaamiseksi.<\/li>\n<li><strong>Luotettava toimitusketju:<\/strong> Suuri vakiol\u00e4mp\u00f6tilavarastomme takaa tuotteiden laadun ja toimitusvakauden ymp\u00e4ri vuoden.<\/li>\n<li><strong>R\u00e4\u00e4t\u00e4l\u00f6idyt palvelut:<\/strong> Tarjoamme private label -ratkaisuja, jotka on r\u00e4\u00e4t\u00e4l\u00f6ity vastaamaan br\u00e4ndien ja maahantuojien erityistarpeita maailmanlaajuisesti.<\/li>\n<li><strong>Kest\u00e4v\u00e4 kehitys:<\/strong> Keskitymme kest\u00e4viin k\u00e4yt\u00e4nt\u00f6ihin ja teemme yhteisty\u00f6t\u00e4 tunnettujen supermarketketjujen kanssa molemminpuolisen hyvinvoinnin puolesta.<\/li>\n<\/ul>\n<h3>Kysymyksi\u00e4 ja vastauksia viipaloiduista paahdetuista maap\u00e4hkin\u00e4ytimist\u00e4<\/h3>\n<p><strong>K: Mik\u00e4 tekee sinusta paahdettujen jaettujen maap\u00e4hkin\u00e4ytimien johtavan toimittajan?<\/strong><br \/>\n<strong>V:<\/strong> Edistyneet tuotantolaitoksemme, tiukka laadunvarmistus ja maailmanlaajuiset sertifikaatit varmistavat, ett\u00e4 toimitamme jatkuvasti korkealaatuisia tuotteita.<\/p>\n<p><strong>K: Voinko mukauttaa pakkausta tuotemerkkini alla?<\/strong><br \/>\n<strong>V:<\/strong> Kyll\u00e4, tarjoamme omien merkkien palveluita, jotka mahdollistavat pakkausten ja br\u00e4nd\u00e4ysten t\u00e4yden r\u00e4\u00e4t\u00e4l\u00f6innin vastaamaan markkinoiden tarpeita.<\/p>\n<p><strong>K: Mit\u00e4 sertifikaatteja paahdetuilla maap\u00e4hkin\u00e4ytimill\u00e4si on?<\/strong><br \/>\n<strong>V:<\/strong> Tuotteemme ovat HACCP-, BRC-, Halal-, Kosher-, EU Organic- ja muiden maailmanlaajuisten standardien sertifioimia, mik\u00e4 takaa laadun ja turvallisuuden.<\/p>\n<p><strong>K: Kuinka varmistat tuoreuden ja laadun?<\/strong><br \/>\n<strong>V:<\/strong> Suuri vakiol\u00e4mp\u00f6tilavarastomme yll\u00e4pit\u00e4\u00e4 optimaaliset olosuhteet s\u00e4ilytt\u00e4en tuoreuden ja laadun toimitukseen asti.<\/p>\n<p><strong>K: Tarjoatko joukkotilauksia kansainv\u00e4lisille l\u00e4hetyksille?<\/strong><br \/>\n<strong>V:<\/strong> Kyll\u00e4, olemme erikoistuneet joukkotilauksiin ja kansainv\u00e4lisiin l\u00e4hetyksiin, mik\u00e4 takaa saumattoman toimitusketjun maailmanlaajuisille asiakkaille.<\/p>\n<p><strong>K: Mit\u00e4 etuja on paahdettujen maap\u00e4hkin\u00e4ytimien valitsemisesta halkaistuina?<\/strong><br \/>\n<strong>V:<\/strong> Halkaistut paahdetut maap\u00e4hkin\u00e4ytimet tarjoavat k\u00e4ytt\u00f6valmiin tuotteen, jolla on parannettu maku ja rakenne, joka sopii erinomaisesti v\u00e4lipaloihin ja koristeluun.<\/p>\n<p><strong>K: Onko paahdetuissa maap\u00e4hkin\u00e4ytimiss\u00e4si lis\u00e4aineita?<\/strong><br \/>\n<strong>V:<\/strong> Ei, paahdetut maap\u00e4hkin\u00e4ytimet eiv\u00e4t sis\u00e4ll\u00e4 lis\u00e4- ja s\u00e4il\u00f6nt\u00e4aineita, mik\u00e4 takaa luonnollisen tuotteen.<\/p>\n<p><strong>K: Voinko pyyt\u00e4\u00e4 tiettyj\u00e4 paahtotasoja?<\/strong><br \/>\n<strong>V:<\/strong> Kyll\u00e4, voimme r\u00e4\u00e4t\u00e4l\u00f6id\u00e4 paahtotason toiveidesi mukaan, haluatko vaaleaa, keskipaistia tai tummaa paahtoa.<\/p>\n<p><strong>K: Kuinka voin pyyt\u00e4\u00e4 n\u00e4ytett\u00e4?<\/strong><br \/>\n<strong>V:<\/strong> <a href=\"mailto:globepeanut@gmail.com\" target=\"_blank\" rel=\"noopener\">Ota yhteytt\u00e4 <\/a>myyntitiimimme pyyt\u00e4\u00e4 n\u00e4ytett\u00e4 ja keskustella erityistarpeistasi.<\/p>\n<p><strong>K: Mille markkinoille toimitat?<\/strong><br \/>\n<strong>V:<\/strong> Toimitamme paahdettuja maap\u00e4hkin\u00e4ytimi\u00e4 eri markkinoille maailmanlaajuisesti, mukaan lukien Pohjois-Amerikkaan, Eurooppaan, Aasiaan ja L\u00e4hi-it\u00e4\u00e4n, vahvojen teollisuuskumppanuuksien avulla.<\/p>\n<a href=\"mailto:globepeanut@gmail.com\" class=\"button primary is-primary is-medium\"  >\n    <span>L\u00e4het\u00e4 meille s\u00e4hk\u00f6postia<\/span>\n  <\/a>","protected":false},"excerpt":{"rendered":"<p>Olemme viipaloitujen paahdettujen maap\u00e4hkin\u00e4ytimien valmistaja ja toimittaja Kiinassa<\/p>\n<p>\u2013 MOQ: 1 tonni<br \/>\n\u2013 OEM\/ODM-palvelu tarjolla<br \/>\n\u2013 Ilmainen n\u00e4yte saatavilla<br \/>\n- Hyv\u00e4ksy mukautukset (erittelyt, koot, v\u00e4ri, muotoilu jne.)<br \/>\n- Tekniset tiedot (3-5 mesh, 4-7 mesh, 5-8 mesh, 6-10 mesh, 8-14 mesh tai tarpeidesi mukaan)<\/p>\n<p>Jos haluat saada paahdettuja maap\u00e4hkin\u00e4ytimi\u00e4 halkaistuina tai viipaloituina paahdetuina maap\u00e4hkin\u00e4ytimin\u00e4, ota meihin yhteytt\u00e4.<\/p>","protected":false},"featured_media":1712,"comment_status":"open","ping_status":"closed","template":"","meta":[],"product_cat":[37],"product_tag":[],"class_list":{"0":"post-1555","1":"product","2":"type-product","3":"status-publish","4":"has-post-thumbnail","6":"product_cat-roasted-peanut","8":"first","9":"instock","10":"shipping-taxable","11":"product-type-simple"},"yoast_head":"<!-- This site is optimized with the Yoast SEO plugin v24.9 - https:\/\/yoast.com\/wordpress\/plugins\/seo\/ -->\n<title>Roasted Peanut Kernels in Split | Sliced Roasted Peanut Kernels - Peanut Butter Factory<\/title>\n<meta name=\"description\" content=\"We are leading OEM manufacturer, supplier, and exporter of high-quality Roasted Peanut Kernels in Split. Private label services and global brands partner.\" \/>\n<meta name=\"robots\" content=\"index, follow, max-snippet:-1, max-image-preview:large, max-video-preview:-1\" \/>\n<link rel=\"canonical\" href=\"https:\/\/www.peanutoem.com\/fi\/manufacturer\/roasted-peanut-kernels-in-split\/\" \/>\n<meta property=\"og:locale\" content=\"fi_FI\" \/>\n<meta property=\"og:type\" content=\"article\" \/>\n<meta property=\"og:title\" content=\"Roasted Peanut Kernels in Split | Sliced Roasted Peanut Kernels - Peanut Butter Factory\" \/>\n<meta property=\"og:description\" content=\"We are leading OEM manufacturer, supplier, and exporter of high-quality Roasted Peanut Kernels in Split. Private label services and global brands partner.\" \/>\n<meta property=\"og:url\" content=\"https:\/\/www.peanutoem.com\/fi\/manufacturer\/roasted-peanut-kernels-in-split\/\" \/>\n<meta property=\"og:site_name\" content=\"Peanut Butter Factory\" \/>\n<meta property=\"article:modified_time\" content=\"2024-09-28T04:44:51+00:00\" \/>\n<meta property=\"og:image\" content=\"https:\/\/www.peanutoem.com\/wp-content\/uploads\/2024\/09\/4-6mm-roasted-peanut-kernels-scaled.webp\" \/>\n\t<meta property=\"og:image:width\" content=\"1920\" \/>\n\t<meta property=\"og:image:height\" content=\"2560\" \/>\n\t<meta property=\"og:image:type\" content=\"image\/webp\" \/>\n<meta name=\"twitter:card\" content=\"summary_large_image\" \/>\n<meta name=\"twitter:label1\" content=\"Arvioitu lukuaika\" \/>\n\t<meta name=\"twitter:data1\" content=\"4 minuuttia\" \/>\n<script type=\"application\/ld+json\" class=\"yoast-schema-graph\">{\"@context\":\"https:\/\/schema.org\",\"@graph\":[{\"@type\":\"WebPage\",\"@id\":\"https:\/\/www.peanutoem.com\/manufacturer\/roasted-peanut-kernels-in-split\/\",\"url\":\"https:\/\/www.peanutoem.com\/manufacturer\/roasted-peanut-kernels-in-split\/\",\"name\":\"Roasted Peanut Kernels in Split | Sliced Roasted Peanut Kernels - Peanut Butter Factory\",\"isPartOf\":{\"@id\":\"https:\/\/www.peanutoem.com\/#website\"},\"primaryImageOfPage\":{\"@id\":\"https:\/\/www.peanutoem.com\/manufacturer\/roasted-peanut-kernels-in-split\/#primaryimage\"},\"image\":{\"@id\":\"https:\/\/www.peanutoem.com\/manufacturer\/roasted-peanut-kernels-in-split\/#primaryimage\"},\"thumbnailUrl\":\"https:\/\/www.peanutoem.com\/wp-content\/uploads\/2024\/09\/4-6mm-roasted-peanut-kernels-scaled.webp\",\"datePublished\":\"2024-09-02T14:00:33+00:00\",\"dateModified\":\"2024-09-28T04:44:51+00:00\",\"description\":\"We are leading OEM manufacturer, supplier, and exporter of high-quality Roasted Peanut Kernels in Split. Private label services and global brands partner.\",\"breadcrumb\":{\"@id\":\"https:\/\/www.peanutoem.com\/manufacturer\/roasted-peanut-kernels-in-split\/#breadcrumb\"},\"inLanguage\":\"fi\",\"potentialAction\":[{\"@type\":\"ReadAction\",\"target\":[\"https:\/\/www.peanutoem.com\/manufacturer\/roasted-peanut-kernels-in-split\/\"]}]},{\"@type\":\"ImageObject\",\"inLanguage\":\"fi\",\"@id\":\"https:\/\/www.peanutoem.com\/manufacturer\/roasted-peanut-kernels-in-split\/#primaryimage\",\"url\":\"https:\/\/www.peanutoem.com\/wp-content\/uploads\/2024\/09\/4-6mm-roasted-peanut-kernels-scaled.webp\",\"contentUrl\":\"https:\/\/www.peanutoem.com\/wp-content\/uploads\/2024\/09\/4-6mm-roasted-peanut-kernels-scaled.webp\",\"width\":1920,\"height\":2560,\"caption\":\"4-6mm roasted peanut kernels\"},{\"@type\":\"BreadcrumbList\",\"@id\":\"https:\/\/www.peanutoem.com\/manufacturer\/roasted-peanut-kernels-in-split\/#breadcrumb\",\"itemListElement\":[{\"@type\":\"ListItem\",\"position\":1,\"name\":\"Home\",\"item\":\"https:\/\/www.peanutoem.com\/\"},{\"@type\":\"ListItem\",\"position\":2,\"name\":\"Products\",\"item\":\"https:\/\/www.peanutoem.com\/shop\/\"},{\"@type\":\"ListItem\",\"position\":3,\"name\":\"Roasted Peanut Kernels in Split | Sliced Roasted Peanut Kernels\"}]},{\"@type\":\"WebSite\",\"@id\":\"https:\/\/www.peanutoem.com\/#website\",\"url\":\"https:\/\/www.peanutoem.com\/\",\"name\":\"Peanut Butter Factory\",\"description\":\"Peanut Butter Manufacturer and Roast Peanut OEM Factory | Peanut Private Label China Supplier\",\"publisher\":{\"@id\":\"https:\/\/www.peanutoem.com\/#organization\"},\"alternateName\":\"Peanut Butter OEM and Wholesale\",\"potentialAction\":[{\"@type\":\"SearchAction\",\"target\":{\"@type\":\"EntryPoint\",\"urlTemplate\":\"https:\/\/www.peanutoem.com\/?s={search_term_string}\"},\"query-input\":{\"@type\":\"PropertyValueSpecification\",\"valueRequired\":true,\"valueName\":\"search_term_string\"}}],\"inLanguage\":\"fi\"},{\"@type\":\"Organization\",\"@id\":\"https:\/\/www.peanutoem.com\/#organization\",\"name\":\"Peanut Butter Factory\",\"alternateName\":\"JuFeng Group\",\"url\":\"https:\/\/www.peanutoem.com\/\",\"logo\":{\"@type\":\"ImageObject\",\"inLanguage\":\"fi\",\"@id\":\"https:\/\/www.peanutoem.com\/#\/schema\/logo\/image\/\",\"url\":\"https:\/\/www.peanutoem.com\/wp-content\/uploads\/2024\/09\/JUFENG-LOGO.png\",\"contentUrl\":\"https:\/\/www.peanutoem.com\/wp-content\/uploads\/2024\/09\/JUFENG-LOGO.png\",\"width\":600,\"height\":170,\"caption\":\"Peanut Butter Factory\"},\"image\":{\"@id\":\"https:\/\/www.peanutoem.com\/#\/schema\/logo\/image\/\"}}]}<\/script>\n<!-- \/ Yoast SEO plugin. -->","yoast_head_json":{"title":"Roasted Peanut Kernels in Split | Sliced Roasted Peanut Kernels - Peanut Butter Factory","description":"We are leading OEM manufacturer, supplier, and exporter of high-quality Roasted Peanut Kernels in Split. Private label services and global brands partner.","robots":{"index":"index","follow":"follow","max-snippet":"max-snippet:-1","max-image-preview":"max-image-preview:large","max-video-preview":"max-video-preview:-1"},"canonical":"https:\/\/www.peanutoem.com\/fi\/manufacturer\/roasted-peanut-kernels-in-split\/","og_locale":"fi_FI","og_type":"article","og_title":"Roasted Peanut Kernels in Split | Sliced Roasted Peanut Kernels - Peanut Butter Factory","og_description":"We are leading OEM manufacturer, supplier, and exporter of high-quality Roasted Peanut Kernels in Split. Private label services and global brands partner.","og_url":"https:\/\/www.peanutoem.com\/fi\/manufacturer\/roasted-peanut-kernels-in-split\/","og_site_name":"Peanut Butter Factory","article_modified_time":"2024-09-28T04:44:51+00:00","og_image":[{"width":1920,"height":2560,"url":"https:\/\/www.peanutoem.com\/wp-content\/uploads\/2024\/09\/4-6mm-roasted-peanut-kernels-scaled.webp","type":"image\/webp"}],"twitter_card":"summary_large_image","twitter_misc":{"Arvioitu lukuaika":"4 minuuttia"},"schema":{"@context":"https:\/\/schema.org","@graph":[{"@type":"WebPage","@id":"https:\/\/www.peanutoem.com\/manufacturer\/roasted-peanut-kernels-in-split\/","url":"https:\/\/www.peanutoem.com\/manufacturer\/roasted-peanut-kernels-in-split\/","name":"Roasted Peanut Kernels in Split | Sliced Roasted Peanut Kernels - Peanut Butter Factory","isPartOf":{"@id":"https:\/\/www.peanutoem.com\/#website"},"primaryImageOfPage":{"@id":"https:\/\/www.peanutoem.com\/manufacturer\/roasted-peanut-kernels-in-split\/#primaryimage"},"image":{"@id":"https:\/\/www.peanutoem.com\/manufacturer\/roasted-peanut-kernels-in-split\/#primaryimage"},"thumbnailUrl":"https:\/\/www.peanutoem.com\/wp-content\/uploads\/2024\/09\/4-6mm-roasted-peanut-kernels-scaled.webp","datePublished":"2024-09-02T14:00:33+00:00","dateModified":"2024-09-28T04:44:51+00:00","description":"We are leading OEM manufacturer, supplier, and exporter of high-quality Roasted Peanut Kernels in Split. Private label services and global brands partner.","breadcrumb":{"@id":"https:\/\/www.peanutoem.com\/manufacturer\/roasted-peanut-kernels-in-split\/#breadcrumb"},"inLanguage":"fi","potentialAction":[{"@type":"ReadAction","target":["https:\/\/www.peanutoem.com\/manufacturer\/roasted-peanut-kernels-in-split\/"]}]},{"@type":"ImageObject","inLanguage":"fi","@id":"https:\/\/www.peanutoem.com\/manufacturer\/roasted-peanut-kernels-in-split\/#primaryimage","url":"https:\/\/www.peanutoem.com\/wp-content\/uploads\/2024\/09\/4-6mm-roasted-peanut-kernels-scaled.webp","contentUrl":"https:\/\/www.peanutoem.com\/wp-content\/uploads\/2024\/09\/4-6mm-roasted-peanut-kernels-scaled.webp","width":1920,"height":2560,"caption":"4-6mm roasted peanut kernels"},{"@type":"BreadcrumbList","@id":"https:\/\/www.peanutoem.com\/manufacturer\/roasted-peanut-kernels-in-split\/#breadcrumb","itemListElement":[{"@type":"ListItem","position":1,"name":"Home","item":"https:\/\/www.peanutoem.com\/"},{"@type":"ListItem","position":2,"name":"Products","item":"https:\/\/www.peanutoem.com\/shop\/"},{"@type":"ListItem","position":3,"name":"Roasted Peanut Kernels in Split | Sliced Roasted Peanut Kernels"}]},{"@type":"WebSite","@id":"https:\/\/www.peanutoem.com\/#website","url":"https:\/\/www.peanutoem.com\/","name":"Peanut Butter Factory","description":"Peanut Butter Manufacturer and Roast Peanut OEM Factory | Peanut Private Label China Supplier","publisher":{"@id":"https:\/\/www.peanutoem.com\/#organization"},"alternateName":"Peanut Butter OEM and Wholesale","potentialAction":[{"@type":"SearchAction","target":{"@type":"EntryPoint","urlTemplate":"https:\/\/www.peanutoem.com\/?s={search_term_string}"},"query-input":{"@type":"PropertyValueSpecification","valueRequired":true,"valueName":"search_term_string"}}],"inLanguage":"fi"},{"@type":"Organization","@id":"https:\/\/www.peanutoem.com\/#organization","name":"Peanut Butter Factory","alternateName":"JuFeng Group","url":"https:\/\/www.peanutoem.com\/","logo":{"@type":"ImageObject","inLanguage":"fi","@id":"https:\/\/www.peanutoem.com\/#\/schema\/logo\/image\/","url":"https:\/\/www.peanutoem.com\/wp-content\/uploads\/2024\/09\/JUFENG-LOGO.png","contentUrl":"https:\/\/www.peanutoem.com\/wp-content\/uploads\/2024\/09\/JUFENG-LOGO.png","width":600,"height":170,"caption":"Peanut Butter Factory"},"image":{"@id":"https:\/\/www.peanutoem.com\/#\/schema\/logo\/image\/"}}]}},"_links":{"self":[{"href":"https:\/\/www.peanutoem.com\/fi\/wp-json\/wp\/v2\/product\/1555","targetHints":{"allow":["GET"]}}],"collection":[{"href":"https:\/\/www.peanutoem.com\/fi\/wp-json\/wp\/v2\/product"}],"about":[{"href":"https:\/\/www.peanutoem.com\/fi\/wp-json\/wp\/v2\/types\/product"}],"replies":[{"embeddable":true,"href":"https:\/\/www.peanutoem.com\/fi\/wp-json\/wp\/v2\/comments?post=1555"}],"wp:featuredmedia":[{"embeddable":true,"href":"https:\/\/www.peanutoem.com\/fi\/wp-json\/wp\/v2\/media\/1712"}],"wp:attachment":[{"href":"https:\/\/www.peanutoem.com\/fi\/wp-json\/wp\/v2\/media?parent=1555"}],"wp:term":[{"taxonomy":"product_cat","embeddable":true,"href":"https:\/\/www.peanutoem.com\/fi\/wp-json\/wp\/v2\/product_cat?post=1555"},{"taxonomy":"product_tag","embeddable":true,"href":"https:\/\/www.peanutoem.com\/fi\/wp-json\/wp\/v2\/product_tag?post=1555"}],"curies":[{"name":"wp","href":"https:\/\/api.w.org\/{rel}","templated":true}]}}