{"id":1556,"date":"2024-09-02T14:00:57","date_gmt":"2024-09-02T14:00:57","guid":{"rendered":"https:\/\/www.peanutoem.com\/?post_type=product&#038;p=1556"},"modified":"2024-09-28T04:23:49","modified_gmt":"2024-09-28T04:23:49","slug":"roasted-peanut-powder","status":"publish","type":"product","link":"https:\/\/www.peanutoem.com\/fi\/manufacturer\/roasted-peanut-powder\/","title":{"rendered":"Paahdettua maap\u00e4hkin\u00e4jauhetta"},"content":{"rendered":"<h3>Mik\u00e4 on paahdettua maap\u00e4hkin\u00e4jauhetta?<\/h3>\n<p>Paahdettua maap\u00e4hkin\u00e4jauhetta valmistetaan jauhamalla maap\u00e4hkin\u00f6it\u00e4 hienoksi ja parantamalla niiden luonnollista makua mm <a href=\"https:\/\/en.wikipedia.org\/wiki\/Roasting\" target=\"_blank\" rel=\"noopener\">paahtaminen<\/a> k\u00e4sitell\u00e4. T\u00e4m\u00e4 monipuolinen ainesosa on suosittu elintarviketeollisuudessa, ja se toimii erinomaisena komponenttina maap\u00e4hkin\u00e4v\u00e4lipaloissa, leivonnaisissa, kastikkeissa ja proteiinijauheissa. Paahtoprosessi parantaa merkitt\u00e4v\u00e4sti maap\u00e4hkin\u00f6iden p\u00e4hkin\u00e4ist\u00e4 aromia, mik\u00e4 tekee niist\u00e4 suositellun materiaalin elintarvikkeiden valmistajille, jotka etsiv\u00e4t rikasta maap\u00e4hkin\u00e4makua. Sen jauhemuodon ansiosta se on helppo sis\u00e4llytt\u00e4\u00e4 useisiin resepteihin, mik\u00e4 tuo ruokiin t\u00e4ytel\u00e4isen maun ilman lis\u00e4vett\u00e4.<\/p>\n<h3><img loading=\"lazy\" decoding=\"async\" class=\"alignnone wp-image-1719 size-full\" src=\"https:\/\/www.peanutoem.com\/wp-content\/uploads\/2024\/09\/Roasted-Peanut-Powder-in-Pouch.webp\" alt=\"Paahdettua maap\u00e4hkin\u00e4jauhetta pussissa\" width=\"912\" height=\"1128\" srcset=\"https:\/\/www.peanutoem.com\/wp-content\/uploads\/2024\/09\/Roasted-Peanut-Powder-in-Pouch.webp 912w, https:\/\/www.peanutoem.com\/wp-content\/uploads\/2024\/09\/Roasted-Peanut-Powder-in-Pouch-243x300.webp 243w, https:\/\/www.peanutoem.com\/wp-content\/uploads\/2024\/09\/Roasted-Peanut-Powder-in-Pouch-828x1024.webp 828w, https:\/\/www.peanutoem.com\/wp-content\/uploads\/2024\/09\/Roasted-Peanut-Powder-in-Pouch-768x950.webp 768w, https:\/\/www.peanutoem.com\/wp-content\/uploads\/2024\/09\/Roasted-Peanut-Powder-in-Pouch-10x12.webp 10w, https:\/\/www.peanutoem.com\/wp-content\/uploads\/2024\/09\/Roasted-Peanut-Powder-in-Pouch-600x742.webp 600w\" sizes=\"auto, (max-width: 912px) 100vw, 912px\" \/><\/h3>\n<h3>Vaihtoehtoiset nimet paahdetulle maap\u00e4hkin\u00e4jauheelle<\/h3>\n<p>Paahdettua maap\u00e4hkin\u00e4jauhetta tunnetaan markkinoilla eri nimill\u00e4. Joitakin yleisi\u00e4 vaihtoehtoja ovat:<\/p>\n<ul>\n<li>Maap\u00e4hkin\u00e4jauho<\/li>\n<li>Paahdettua jauhettua maap\u00e4hkin\u00e4jauhetta<\/li>\n<li>Maap\u00e4hkin\u00e4 ateria<\/li>\n<li>Paahdettua maap\u00e4hkin\u00e4p\u00f6ly\u00e4<\/li>\n<li>Rasvaton maap\u00e4hkin\u00e4jauhe<\/li>\n<\/ul>\n<div class=\"group\/conversation-turn relative flex w-full min-w-0 flex-col agent-turn\">\n<div class=\"flex-col gap-1 md:gap-3\">\n<h3>Asiaankuuluvat kuumat aiheet paahdetusta maap\u00e4hkin\u00e4jauheesta<\/h3>\n<ul>\n<li data-pm-slice=\"0 0 []\"><strong>Gluteenittomat leivontasovellukset:<\/strong> Yh\u00e4 useammat leipurit k\u00e4ytt\u00e4v\u00e4t paahdettua maap\u00e4hkin\u00e4jauhetta jauhojen korvikkeena gluteenittomissa resepteiss\u00e4, mik\u00e4 parantaa sek\u00e4 makua ett\u00e4 ravintoa.<\/li>\n<li><strong>Terveyshy\u00f6dyt:<\/strong> Terveystietoiset kuluttajat pit\u00e4v\u00e4t paahdettua maap\u00e4hkin\u00e4jauhetta houkuttelevana sen korkean proteiini-, kuitu- ja terveellisen rasvapitoisuuden vuoksi.<\/li>\n<li><strong>Kasviper\u00e4isen proteiinin kasvava kysynt\u00e4:<\/strong> Kasvipohjaisen ruokavalion kasvaessa paahdetusta maap\u00e4hkin\u00e4jauheesta tulee suosittu proteiinil\u00e4hde vegaaneille ja kasvissy\u00f6jille.<\/li>\n<li><strong>Gluteenittomat leivontasovellukset:<\/strong> Leipurit valitsevat yh\u00e4 useammin paahdettua maap\u00e4hkin\u00e4jauhetta jauhojen korvikkeeksi gluteenittomissa resepteiss\u00e4, mik\u00e4 parantaa makua ja ravintoa.<\/li>\n<li><strong>Innovatiiviset k\u00e4ytt\u00f6tarkoitukset elintarviketeollisuudessa:<\/strong> T\u00e4m\u00e4 monipuolinen ainesosa parantaa eri tuotteiden makua ja rakennetta energiapatuista kastikkeisiin.<\/li>\n<li><strong>Yksityisten merkkien mahdollisuudet:<\/strong> Monet merkit valitsevat omien merkkien maap\u00e4hkin\u00e4tuotteet ja tarjoavat r\u00e4\u00e4t\u00e4l\u00f6ityj\u00e4 paahdettuja maap\u00e4hkin\u00e4jauheratkaisuja kanssamme luotettavana OEM-kumppanina.<\/li>\n<\/ul>\n<h3 class=\"flex max-w-full flex-col flex-grow\"><span style=\"font-size: 20.16px;\">Luotettuna johtajana maap\u00e4hkin\u00e4jalostusteollisuudessa tarjoamme ensiluokkaista paahdettua maap\u00e4hkin\u00e4jauhetta erilaisiin k\u00e4ytt\u00f6tarkoituksiin. N\u00e4in erotumme joukosta:<\/span><\/h3>\n<ul>\n<li><strong>Huippuluokan tuotanto:<\/strong> Kehittyneet tuotantolinjamme varmistavat korkealaatuisen paahdetun maap\u00e4hkin\u00e4jauheen, jolla on tasainen hiukkaskoko ja maku.<\/li>\n<li><strong>R\u00e4\u00e4t\u00e4l\u00f6idyt ratkaisut:<\/strong> OEM-valmistajana toimitamme yksityisi\u00e4 merkkipalveluita, r\u00e4\u00e4t\u00e4l\u00f6ityj\u00e4 paahtotasoja ja joustavia pakkausvaihtoehtoja yksil\u00f6llisten tarpeidesi mukaan.<\/li>\n<li><strong>Tiukka laadunvalvonta:<\/strong> Noudatamme korkeimpia tuotestandardeja tiukoilla sensorisilla, kemiallisilla ja mikrobitesteill\u00e4 huippuluokan laboratorioissamme.<\/li>\n<li><strong>Sertifikaatit ja vaatimustenmukaisuus:<\/strong> Sertifiointimme \u2013 BRCGS, HACCP, Halal, Kosher ja EU Organic \u2013 vahvistavat, ett\u00e4 noudatamme tiukkoja laatu- ja turvallisuusstandardeja.<\/li>\n<li><strong>Maailmanlaajuinen vientiosaaminen:<\/strong> Laaja kokemus kansainv\u00e4lisest\u00e4 logistiikasta takaa sujuvan ja luotettavan vientiprosessin maailmanlaajuisille markkinoille.<\/li>\n<li><strong>Sitoumus kest\u00e4v\u00e4\u00e4n kehitykseen:<\/strong> Asetamme etusijalle kest\u00e4v\u00e4n hankinnan ja ymp\u00e4rist\u00f6yst\u00e4v\u00e4lliset tuotantok\u00e4yt\u00e4nn\u00f6t, mik\u00e4 edist\u00e4\u00e4 maap\u00e4hkin\u00e4teollisuuden parempaa tulevaisuutta.<\/li>\n<\/ul>\n<h3>Miksi valita meid\u00e4t?<\/h3>\n<ul>\n<li><strong>Suosituin valinta:<\/strong> Huipputeknologiamme, r\u00e4\u00e4t\u00e4l\u00f6intivaihtoehtomme ja maailmanlaajuiset sertifikaatimme tekev\u00e4t meist\u00e4 johtavan toimittajan.<\/li>\n<li><strong>Mukautettu pakkaus:<\/strong> Tarjoamme yksityisi\u00e4 merkkipalveluita r\u00e4\u00e4t\u00e4l\u00f6id\u00e4ksemme pakkaussi ja br\u00e4nd\u00e4yksesi tarpeidesi mukaan.<\/li>\n<li><strong>Tuoreuden vakuutus:<\/strong> L\u00e4mp\u00f6tilas\u00e4\u00e4dellyt varastomme s\u00e4ilytt\u00e4v\u00e4t tuotteiden tuoreuden varastoinnin ja kuljetuksen aikana.<\/li>\n<li><strong>Paistotasot:<\/strong> Nauti muokattavissa olevista paahtoasteista vaaleasta tummaan, ja ne on muotoiltu makumieltymystesi mukaan.<\/li>\n<li><strong>Joukkotilaukset:<\/strong> Ota yhteytt\u00e4 myyntitiimiimme keskustellaksesi helposti ja t\u00e4ytt\u00e4\u00e4ksesi joukkotilaustarpeesi.<\/li>\n<li><strong>Toimialasovellukset:<\/strong> Paahdettu maap\u00e4hkin\u00e4jauheemme on suosittu leivonnassa, v\u00e4lipalojen valmistuksessa, proteiinilisiss\u00e4, kastikkeissa ja mausteissa.<\/li>\n<li><strong>Gluteeniton:<\/strong> Luonnostaan gluteeniton, se on erinomainen valinta gluteenittomiin elintarvikkeisiin.<\/li>\n<li><strong>N\u00e4ytteit\u00e4 saatavilla:<\/strong> Tarjoamme n\u00e4ytteit\u00e4 mahdollisille asiakkaillemme tuotteemme laadun ja sopivuuden arvioimiseksi.<\/li>\n<li><strong>Globaali kattavuus:<\/strong> Viemme Pohjois-Amerikan, Euroopan, Aasian ja L\u00e4hi-id\u00e4n markkinoille varmistaen vahvan kansainv\u00e4lisen toimitusverkoston.<\/li>\n<\/ul>\n<a href=\"mailto:globepeanut@gmail.com\" class=\"button primary is-primary is-medium\"  >\n    <span>L\u00e4het\u00e4 meille s\u00e4hk\u00f6postia<\/span>\n  <\/a>\n\n<\/div>\n<\/div>","protected":false},"excerpt":{"rendered":"<p>Olemme paahdetun maap\u00e4hkin\u00e4jauheen valmistaja ja toimittaja Kiinassa<\/p>\n<p>\u2013 MOQ: 1 tonni<br \/>\n\u2013 OEM\/ODM-palvelu tarjolla<br \/>\n\u2013 Ilmainen n\u00e4yte saatavilla<br \/>\n- Hyv\u00e4ksy mukautukset (erittelyt, koot, v\u00e4ri, muotoilu jne.)<br \/>\n\u2013 Tekniset tiedot (14 meshi\u00e4 pienempi tai vaatimuksesi mukaan)<\/p>\n<p>Jos haluat saada paahdettua maap\u00e4hkin\u00e4jauhetta, ota meihin yhteytt\u00e4.<\/p>","protected":false},"featured_media":1714,"comment_status":"open","ping_status":"closed","template":"","meta":[],"product_cat":[37],"product_tag":[],"class_list":{"0":"post-1556","1":"product","2":"type-product","3":"status-publish","4":"has-post-thumbnail","6":"product_cat-roasted-peanut","8":"first","9":"instock","10":"shipping-taxable","11":"product-type-simple"},"yoast_head":"<!-- This site is optimized with the Yoast SEO plugin v24.9 - https:\/\/yoast.com\/wordpress\/plugins\/seo\/ -->\n<title>Roasted Peanut Powder Manufacturer - Peanut Butter Factory<\/title>\n<meta name=\"description\" content=\"We are a top OEM, private label manufacturer, and exporter of premium Roasted Peanut Powder, offering quality solutions globally.\" \/>\n<meta name=\"robots\" content=\"index, follow, max-snippet:-1, max-image-preview:large, max-video-preview:-1\" \/>\n<link rel=\"canonical\" href=\"https:\/\/www.peanutoem.com\/fi\/manufacturer\/roasted-peanut-powder\/\" \/>\n<meta property=\"og:locale\" content=\"fi_FI\" \/>\n<meta property=\"og:type\" content=\"article\" \/>\n<meta property=\"og:title\" content=\"Roasted Peanut Powder Manufacturer - Peanut Butter Factory\" \/>\n<meta property=\"og:description\" content=\"We are a top OEM, private label manufacturer, and exporter of premium Roasted Peanut Powder, offering quality solutions globally.\" \/>\n<meta property=\"og:url\" content=\"https:\/\/www.peanutoem.com\/fi\/manufacturer\/roasted-peanut-powder\/\" \/>\n<meta property=\"og:site_name\" content=\"Peanut Butter Factory\" \/>\n<meta property=\"article:modified_time\" content=\"2024-09-28T04:23:49+00:00\" \/>\n<meta property=\"og:image\" content=\"https:\/\/www.peanutoem.com\/wp-content\/uploads\/2024\/09\/Roasted-Peanut-Powder.webp\" \/>\n\t<meta property=\"og:image:width\" content=\"551\" \/>\n\t<meta property=\"og:image:height\" content=\"472\" \/>\n\t<meta property=\"og:image:type\" content=\"image\/webp\" \/>\n<meta name=\"twitter:card\" content=\"summary_large_image\" \/>\n<meta name=\"twitter:label1\" content=\"Arvioitu lukuaika\" \/>\n\t<meta name=\"twitter:data1\" content=\"3 minuuttia\" \/>\n<script type=\"application\/ld+json\" class=\"yoast-schema-graph\">{\"@context\":\"https:\/\/schema.org\",\"@graph\":[{\"@type\":\"WebPage\",\"@id\":\"https:\/\/www.peanutoem.com\/manufacturer\/roasted-peanut-powder\/\",\"url\":\"https:\/\/www.peanutoem.com\/manufacturer\/roasted-peanut-powder\/\",\"name\":\"Roasted Peanut Powder Manufacturer - Peanut Butter Factory\",\"isPartOf\":{\"@id\":\"https:\/\/www.peanutoem.com\/#website\"},\"primaryImageOfPage\":{\"@id\":\"https:\/\/www.peanutoem.com\/manufacturer\/roasted-peanut-powder\/#primaryimage\"},\"image\":{\"@id\":\"https:\/\/www.peanutoem.com\/manufacturer\/roasted-peanut-powder\/#primaryimage\"},\"thumbnailUrl\":\"https:\/\/www.peanutoem.com\/wp-content\/uploads\/2024\/09\/Roasted-Peanut-Powder.webp\",\"datePublished\":\"2024-09-02T14:00:57+00:00\",\"dateModified\":\"2024-09-28T04:23:49+00:00\",\"description\":\"We are a top OEM, private label manufacturer, and exporter of premium Roasted Peanut Powder, offering quality solutions globally.\",\"breadcrumb\":{\"@id\":\"https:\/\/www.peanutoem.com\/manufacturer\/roasted-peanut-powder\/#breadcrumb\"},\"inLanguage\":\"fi\",\"potentialAction\":[{\"@type\":\"ReadAction\",\"target\":[\"https:\/\/www.peanutoem.com\/manufacturer\/roasted-peanut-powder\/\"]}]},{\"@type\":\"ImageObject\",\"inLanguage\":\"fi\",\"@id\":\"https:\/\/www.peanutoem.com\/manufacturer\/roasted-peanut-powder\/#primaryimage\",\"url\":\"https:\/\/www.peanutoem.com\/wp-content\/uploads\/2024\/09\/Roasted-Peanut-Powder.webp\",\"contentUrl\":\"https:\/\/www.peanutoem.com\/wp-content\/uploads\/2024\/09\/Roasted-Peanut-Powder.webp\",\"width\":551,\"height\":472,\"caption\":\"Roasted Peanut Powder\"},{\"@type\":\"BreadcrumbList\",\"@id\":\"https:\/\/www.peanutoem.com\/manufacturer\/roasted-peanut-powder\/#breadcrumb\",\"itemListElement\":[{\"@type\":\"ListItem\",\"position\":1,\"name\":\"Home\",\"item\":\"https:\/\/www.peanutoem.com\/\"},{\"@type\":\"ListItem\",\"position\":2,\"name\":\"Products\",\"item\":\"https:\/\/www.peanutoem.com\/shop\/\"},{\"@type\":\"ListItem\",\"position\":3,\"name\":\"Roasted Peanut Powder\"}]},{\"@type\":\"WebSite\",\"@id\":\"https:\/\/www.peanutoem.com\/#website\",\"url\":\"https:\/\/www.peanutoem.com\/\",\"name\":\"Peanut Butter Factory\",\"description\":\"Peanut Butter Manufacturer and Roast Peanut OEM Factory | Peanut Private Label China Supplier\",\"publisher\":{\"@id\":\"https:\/\/www.peanutoem.com\/#organization\"},\"alternateName\":\"Peanut Butter OEM and Wholesale\",\"potentialAction\":[{\"@type\":\"SearchAction\",\"target\":{\"@type\":\"EntryPoint\",\"urlTemplate\":\"https:\/\/www.peanutoem.com\/?s={search_term_string}\"},\"query-input\":{\"@type\":\"PropertyValueSpecification\",\"valueRequired\":true,\"valueName\":\"search_term_string\"}}],\"inLanguage\":\"fi\"},{\"@type\":\"Organization\",\"@id\":\"https:\/\/www.peanutoem.com\/#organization\",\"name\":\"Peanut Butter Factory\",\"alternateName\":\"JuFeng Group\",\"url\":\"https:\/\/www.peanutoem.com\/\",\"logo\":{\"@type\":\"ImageObject\",\"inLanguage\":\"fi\",\"@id\":\"https:\/\/www.peanutoem.com\/#\/schema\/logo\/image\/\",\"url\":\"https:\/\/www.peanutoem.com\/wp-content\/uploads\/2024\/09\/JUFENG-LOGO.png\",\"contentUrl\":\"https:\/\/www.peanutoem.com\/wp-content\/uploads\/2024\/09\/JUFENG-LOGO.png\",\"width\":600,\"height\":170,\"caption\":\"Peanut Butter Factory\"},\"image\":{\"@id\":\"https:\/\/www.peanutoem.com\/#\/schema\/logo\/image\/\"}}]}<\/script>\n<!-- \/ Yoast SEO plugin. -->","yoast_head_json":{"title":"Roasted Peanut Powder Manufacturer - Peanut Butter Factory","description":"We are a top OEM, private label manufacturer, and exporter of premium Roasted Peanut Powder, offering quality solutions globally.","robots":{"index":"index","follow":"follow","max-snippet":"max-snippet:-1","max-image-preview":"max-image-preview:large","max-video-preview":"max-video-preview:-1"},"canonical":"https:\/\/www.peanutoem.com\/fi\/manufacturer\/roasted-peanut-powder\/","og_locale":"fi_FI","og_type":"article","og_title":"Roasted Peanut Powder Manufacturer - Peanut Butter Factory","og_description":"We are a top OEM, private label manufacturer, and exporter of premium Roasted Peanut Powder, offering quality solutions globally.","og_url":"https:\/\/www.peanutoem.com\/fi\/manufacturer\/roasted-peanut-powder\/","og_site_name":"Peanut Butter Factory","article_modified_time":"2024-09-28T04:23:49+00:00","og_image":[{"width":551,"height":472,"url":"https:\/\/www.peanutoem.com\/wp-content\/uploads\/2024\/09\/Roasted-Peanut-Powder.webp","type":"image\/webp"}],"twitter_card":"summary_large_image","twitter_misc":{"Arvioitu lukuaika":"3 minuuttia"},"schema":{"@context":"https:\/\/schema.org","@graph":[{"@type":"WebPage","@id":"https:\/\/www.peanutoem.com\/manufacturer\/roasted-peanut-powder\/","url":"https:\/\/www.peanutoem.com\/manufacturer\/roasted-peanut-powder\/","name":"Roasted Peanut Powder Manufacturer - Peanut Butter Factory","isPartOf":{"@id":"https:\/\/www.peanutoem.com\/#website"},"primaryImageOfPage":{"@id":"https:\/\/www.peanutoem.com\/manufacturer\/roasted-peanut-powder\/#primaryimage"},"image":{"@id":"https:\/\/www.peanutoem.com\/manufacturer\/roasted-peanut-powder\/#primaryimage"},"thumbnailUrl":"https:\/\/www.peanutoem.com\/wp-content\/uploads\/2024\/09\/Roasted-Peanut-Powder.webp","datePublished":"2024-09-02T14:00:57+00:00","dateModified":"2024-09-28T04:23:49+00:00","description":"We are a top OEM, private label manufacturer, and exporter of premium Roasted Peanut Powder, offering quality solutions globally.","breadcrumb":{"@id":"https:\/\/www.peanutoem.com\/manufacturer\/roasted-peanut-powder\/#breadcrumb"},"inLanguage":"fi","potentialAction":[{"@type":"ReadAction","target":["https:\/\/www.peanutoem.com\/manufacturer\/roasted-peanut-powder\/"]}]},{"@type":"ImageObject","inLanguage":"fi","@id":"https:\/\/www.peanutoem.com\/manufacturer\/roasted-peanut-powder\/#primaryimage","url":"https:\/\/www.peanutoem.com\/wp-content\/uploads\/2024\/09\/Roasted-Peanut-Powder.webp","contentUrl":"https:\/\/www.peanutoem.com\/wp-content\/uploads\/2024\/09\/Roasted-Peanut-Powder.webp","width":551,"height":472,"caption":"Roasted Peanut Powder"},{"@type":"BreadcrumbList","@id":"https:\/\/www.peanutoem.com\/manufacturer\/roasted-peanut-powder\/#breadcrumb","itemListElement":[{"@type":"ListItem","position":1,"name":"Home","item":"https:\/\/www.peanutoem.com\/"},{"@type":"ListItem","position":2,"name":"Products","item":"https:\/\/www.peanutoem.com\/shop\/"},{"@type":"ListItem","position":3,"name":"Roasted Peanut Powder"}]},{"@type":"WebSite","@id":"https:\/\/www.peanutoem.com\/#website","url":"https:\/\/www.peanutoem.com\/","name":"Peanut Butter Factory","description":"Peanut Butter Manufacturer and Roast Peanut OEM Factory | Peanut Private Label China Supplier","publisher":{"@id":"https:\/\/www.peanutoem.com\/#organization"},"alternateName":"Peanut Butter OEM and Wholesale","potentialAction":[{"@type":"SearchAction","target":{"@type":"EntryPoint","urlTemplate":"https:\/\/www.peanutoem.com\/?s={search_term_string}"},"query-input":{"@type":"PropertyValueSpecification","valueRequired":true,"valueName":"search_term_string"}}],"inLanguage":"fi"},{"@type":"Organization","@id":"https:\/\/www.peanutoem.com\/#organization","name":"Peanut Butter Factory","alternateName":"JuFeng Group","url":"https:\/\/www.peanutoem.com\/","logo":{"@type":"ImageObject","inLanguage":"fi","@id":"https:\/\/www.peanutoem.com\/#\/schema\/logo\/image\/","url":"https:\/\/www.peanutoem.com\/wp-content\/uploads\/2024\/09\/JUFENG-LOGO.png","contentUrl":"https:\/\/www.peanutoem.com\/wp-content\/uploads\/2024\/09\/JUFENG-LOGO.png","width":600,"height":170,"caption":"Peanut Butter Factory"},"image":{"@id":"https:\/\/www.peanutoem.com\/#\/schema\/logo\/image\/"}}]}},"_links":{"self":[{"href":"https:\/\/www.peanutoem.com\/fi\/wp-json\/wp\/v2\/product\/1556","targetHints":{"allow":["GET"]}}],"collection":[{"href":"https:\/\/www.peanutoem.com\/fi\/wp-json\/wp\/v2\/product"}],"about":[{"href":"https:\/\/www.peanutoem.com\/fi\/wp-json\/wp\/v2\/types\/product"}],"replies":[{"embeddable":true,"href":"https:\/\/www.peanutoem.com\/fi\/wp-json\/wp\/v2\/comments?post=1556"}],"wp:featuredmedia":[{"embeddable":true,"href":"https:\/\/www.peanutoem.com\/fi\/wp-json\/wp\/v2\/media\/1714"}],"wp:attachment":[{"href":"https:\/\/www.peanutoem.com\/fi\/wp-json\/wp\/v2\/media?parent=1556"}],"wp:term":[{"taxonomy":"product_cat","embeddable":true,"href":"https:\/\/www.peanutoem.com\/fi\/wp-json\/wp\/v2\/product_cat?post=1556"},{"taxonomy":"product_tag","embeddable":true,"href":"https:\/\/www.peanutoem.com\/fi\/wp-json\/wp\/v2\/product_tag?post=1556"}],"curies":[{"name":"wp","href":"https:\/\/api.w.org\/{rel}","templated":true}]}}