{"id":1638,"date":"2024-09-10T12:30:11","date_gmt":"2024-09-10T12:30:11","guid":{"rendered":"https:\/\/www.peanutoem.com\/?post_type=product&#038;p=1638"},"modified":"2024-10-06T09:55:00","modified_gmt":"2024-10-06T09:55:00","slug":"chocolate-peanut-butter","status":"publish","type":"product","link":"https:\/\/www.peanutoem.com\/fi\/manufacturer\/chocolate-peanut-butter\/","title":{"rendered":"Suklaamaap\u00e4hkin\u00e4voi"},"content":{"rendered":"<h3>Mik\u00e4 on suklaamaap\u00e4hkin\u00e4voi?<\/h3>\n<p>Suklaamaap\u00e4hkin\u00e4voi on herkullinen yhdistelm\u00e4 kermaista maap\u00e4hkin\u00e4voita ja t\u00e4ytel\u00e4ist\u00e4 <a href=\"https:\/\/en.wikipedia.org\/wiki\/Chocolate\" target=\"_blank\" rel=\"noopener\">suklaa<\/a>, luo makean ja suolaisen levitteen, joka vetoaa monenlaisiin makuel\u00e4myksiin. T\u00e4m\u00e4 herkullinen sekoitus sopii erinomaisesti leiv\u00e4n p\u00e4\u00e4lle levitett\u00e4v\u00e4ksi, j\u00e4lkiruokissa k\u00e4ytett\u00e4v\u00e4ksi tai yksinkertaisesti lusikallisen nauttimiseen. Maap\u00e4hkin\u00f6iden ja suklaan yhdistelm\u00e4 tarjoaa tasapainoisen herkkupalan, joka tyydytt\u00e4\u00e4 niin p\u00e4hkin\u00e4voin yst\u00e4v\u00e4t kuin suklaan yst\u00e4v\u00e4tkin.<\/p>\n<h3>Mit\u00e4 muita nimi\u00e4 suklaalle maap\u00e4hkin\u00e4voissa on?<\/h3>\n<p>Suklaamaap\u00e4hkin\u00e4voita kutsutaan usein eri nimill\u00e4 sen maun ja k\u00e4yt\u00f6n perusteella. Joitakin vaihtoehtoisia nimi\u00e4 ovat:<\/p>\n<ul>\n<li>Suklaalla maustettu maap\u00e4hkin\u00e4voita<\/li>\n<li>Kaakaomaap\u00e4hkin\u00e4voilevitte<\/li>\n<li>Kaakaomaap\u00e4hkin\u00e4voita<\/li>\n<li>Suklaa-maap\u00e4hkin\u00e4levite<\/li>\n<li>Maap\u00e4hkin\u00e4voita suklaalla<\/li>\n<li>P\u00e4hkin\u00e4inen suklaalevite<\/li>\n<li>Suklaalla t\u00e4ytetty\u00e4 maap\u00e4hkin\u00e4voita<\/li>\n<li>P\u00e4hkin\u00e4inen suklaalevite<\/li>\n<\/ul>\n<p>N\u00e4m\u00e4 nimet korostavat suklaan ja maap\u00e4hkin\u00e4voin ihastuttavaa yhdistelm\u00e4\u00e4, mik\u00e4 tekee siit\u00e4 houkuttelevan kuluttajia eri markkinoilla.<\/p>\n<h3><img loading=\"lazy\" decoding=\"async\" class=\"alignnone wp-image-1682 size-full\" src=\"https:\/\/www.peanutoem.com\/wp-content\/uploads\/2024\/09\/Chocolate-Peanut-Butter-on-Bread.webp\" alt=\"Suklaamaap\u00e4hkin\u00e4voi leiv\u00e4n p\u00e4\u00e4ll\u00e4\" width=\"912\" height=\"1144\" srcset=\"https:\/\/www.peanutoem.com\/wp-content\/uploads\/2024\/09\/Chocolate-Peanut-Butter-on-Bread.webp 912w, https:\/\/www.peanutoem.com\/wp-content\/uploads\/2024\/09\/Chocolate-Peanut-Butter-on-Bread-239x300.webp 239w, https:\/\/www.peanutoem.com\/wp-content\/uploads\/2024\/09\/Chocolate-Peanut-Butter-on-Bread-816x1024.webp 816w, https:\/\/www.peanutoem.com\/wp-content\/uploads\/2024\/09\/Chocolate-Peanut-Butter-on-Bread-768x963.webp 768w, https:\/\/www.peanutoem.com\/wp-content\/uploads\/2024\/09\/Chocolate-Peanut-Butter-on-Bread-10x12.webp 10w, https:\/\/www.peanutoem.com\/wp-content\/uploads\/2024\/09\/Chocolate-Peanut-Butter-on-Bread-600x753.webp 600w\" sizes=\"auto, (max-width: 912px) 100vw, 912px\" \/><\/h3>\n<h3>Miksi valita meid\u00e4t kumppanitoimittajaksesi?<\/h3>\n<p>Olemme johtava OEM-omien merkkien valmistaja ja viej\u00e4 suklaamaap\u00e4hkin\u00e4voita.<\/p>\n<ul>\n<li><strong>R\u00e4\u00e4t\u00e4l\u00f6intiosaaminen:<\/strong> Tarjoamme t\u00e4ysin r\u00e4\u00e4t\u00e4l\u00f6ityj\u00e4 formulaatioita, jotka vastaavat erityisi\u00e4 maku-, rakenne- ja pakkausvaatimuksiasi.<\/li>\n<li><strong>Premium ainesosat:<\/strong> K\u00e4yt\u00e4 vain parasta maap\u00e4hkin\u00e4\u00e4 ja suklaata.<\/li>\n<li><strong>Edistyksellinen valmistus:<\/strong> Huippumodernit tuotantolaitoksemme on varustettu huippuluokan tuotantolinjoilla Yhdysvalloista, mik\u00e4 takaa tasaisen laadun ja tehokkuuden jokaisessa er\u00e4ss\u00e4.<\/li>\n<li><strong>Sertifikaatit ja laadunvarmistus:<\/strong> Meill\u00e4 on useita sertifikaatteja, mukaan lukien BRCGS, Kosher, Halal ja HACCP, jotka takaavat kansainv\u00e4listen turvallisuus- ja laatustandardien noudattamisen.<\/li>\n<li><strong>Maailmanlaajuinen jakelu:<\/strong> Meill\u00e4 on laaja kokemus kansainv\u00e4lisest\u00e4 kaupasta, ja viemme suklaamaap\u00e4hkin\u00e4voita markkinoille ymp\u00e4ri maailmaa varmistaen sujuvan logistiikan ja oikea-aikaiset toimitukset.<\/li>\n<\/ul>\n<h3>Kuumat aiheet<\/h3>\n<div class=\"group\/conversation-turn relative flex w-full min-w-0 flex-col agent-turn\">\n<div class=\"flex-col gap-1 md:gap-3\">\n<div class=\"flex max-w-full flex-col flex-grow\">\n<div class=\"min-h-8 text-message flex w-full flex-col items-end gap-2 whitespace-normal break-words [.text-message+&amp;]:mt-5\" dir=\"auto\" data-message-author-role=\"assistant\" data-message-id=\"61c5f9c1-377c-4081-b461-888734723e68\">\n<div class=\"flex w-full flex-col gap-1 empty:hidden first:pt-[3px]\">\n<div class=\"markdown prose w-full break-words dark:prose-invert dark\">\n<ul>\n<li><span style=\"color: #282828;\"><strong>J\u00e4lkiruoissa<\/strong><\/span><br \/>\n<span style=\"color: #282828;\">Maap\u00e4hkin\u00e4voi suklaalla toimii monipuolisena ainesosana, joka parantaa merkitt\u00e4v\u00e4sti j\u00e4lkiruokien, kuten kakkujen, brownien ja j\u00e4\u00e4tel\u00f6iden laatua ja makua. Sen kermainen rakenne ja t\u00e4ytel\u00e4inen maku tekev\u00e4t siit\u00e4 erinomaisen kumppanin leivonnaisille ja makeisille.<\/span><\/li>\n<li><span style=\"color: #282828;\"><strong>Terveyshy\u00f6dyt<\/strong><\/span><br \/>\n<span style=\"color: #282828;\">Vastustamattoman herkullisuutensa lis\u00e4ksi t\u00e4m\u00e4 levite sis\u00e4lt\u00e4\u00e4 runsaasti proteiinia, terveellisi\u00e4 rasvoja ja kuituja, jotka tarjoavat ravitsemuksellista tukea keholle. Kun se on valmistettu tummasta suklaasta, se lis\u00e4\u00e4 antioksidanttisia ominaisuuksia, mik\u00e4 antaa tuotteelle terveellisen vetovoiman, joka houkuttelee terveystietoisia kuluttajia.<\/span><\/li>\n<li><span style=\"color: #282828;\"><strong>Maailmanlaajuinen suosio<\/strong><\/span><br \/>\n<span style=\"color: #282828;\">Kun kuluttajat etsiv\u00e4t yh\u00e4 enemm\u00e4n v\u00e4lipaloja, jotka tyydytt\u00e4v\u00e4t heid\u00e4n makuhermojaan ja ovat samalla ravitsevia, suklaamaap\u00e4hkin\u00e4voi on saavuttanut valtavan suosion maailmanlaajuisilla markkinoilla. Se yhdist\u00e4\u00e4 onnistuneesti maun ja ravinnon, mik\u00e4 ansaitsee laajaa ihailua sek\u00e4 lasten ett\u00e4 aikuisten keskuudessa.<\/span><\/li>\n<li><span style=\"color: #282828;\"><strong>Luovat k\u00e4ytt\u00f6tavat<\/strong><\/span><br \/>\n<span style=\"color: #282828;\">Perinteisten yhdistelmien, kuten paahtoleiv\u00e4n tai voileipien, lis\u00e4ksi t\u00e4m\u00e4 ainesosa voidaan sis\u00e4llytt\u00e4\u00e4 luovasti smoothieihin, energiapatukoihin tai k\u00e4ytt\u00e4\u00e4 leivonnaisten t\u00e4ytteen\u00e4. Ainutlaatuisen maun mukautumiskykyns\u00e4 ansiosta se loistaa sek\u00e4 makeissa ett\u00e4 suolaisissa ruoissa, mik\u00e4 tekee siit\u00e4 perustuotteen monissa kotikeitti\u00f6iss\u00e4.<\/span><\/li>\n<\/ul>\n<\/div>\n<\/div>\n<\/div>\n<\/div>\n<\/div>\n<\/div>\n<hr \/>\n<h3><img loading=\"lazy\" decoding=\"async\" class=\"alignnone wp-image-1683 size-full\" src=\"https:\/\/www.peanutoem.com\/wp-content\/uploads\/2024\/09\/Chocolate-Peanut-Butter-Served.webp\" alt=\"Suklaamaap\u00e4hkin\u00e4voita tarjoiltuna\" width=\"896\" height=\"1152\" srcset=\"https:\/\/www.peanutoem.com\/wp-content\/uploads\/2024\/09\/Chocolate-Peanut-Butter-Served.webp 896w, https:\/\/www.peanutoem.com\/wp-content\/uploads\/2024\/09\/Chocolate-Peanut-Butter-Served-233x300.webp 233w, https:\/\/www.peanutoem.com\/wp-content\/uploads\/2024\/09\/Chocolate-Peanut-Butter-Served-796x1024.webp 796w, https:\/\/www.peanutoem.com\/wp-content\/uploads\/2024\/09\/Chocolate-Peanut-Butter-Served-768x987.webp 768w, https:\/\/www.peanutoem.com\/wp-content\/uploads\/2024\/09\/Chocolate-Peanut-Butter-Served-9x12.webp 9w, https:\/\/www.peanutoem.com\/wp-content\/uploads\/2024\/09\/Chocolate-Peanut-Butter-Served-600x771.webp 600w\" sizes=\"auto, (max-width: 896px) 100vw, 896px\" \/><\/h3>\n<h3>Suklaamaap\u00e4hkin\u00e4voi UKK<\/h3>\n<ol>\n<li><strong>Mik\u00e4 on keskeinen kilpailuetusi johtavana OEM-valmistajana?<\/strong><br \/>\nErotumme joukosta, koska tarjoamme monipuoliset r\u00e4\u00e4t\u00e4l\u00f6intipalvelut, valitsemme laadukkaat raaka-aineet ja hy\u00f6dynn\u00e4mme edistynytt\u00e4 tuotantotekniikkaa. N\u00e4in varmistetaan, ett\u00e4 jokainen er\u00e4 maap\u00e4hkin\u00e4voita on erinomainen markkinoilla ja t\u00e4ytt\u00e4\u00e4 asiakkaidemme ainutlaatuiset tarpeet.<\/li>\n<li><strong>Voitko s\u00e4\u00e4t\u00e4\u00e4 suklaa-maap\u00e4hkin\u00e4-suhdetta m\u00e4\u00e4ritysteni mukaan ja luoda mukautetun kaavan br\u00e4ndilleni?<\/strong><br \/>\nT\u00e4ysin! Tarjoamme kattavia maun r\u00e4\u00e4t\u00e4l\u00f6intipalveluita, joiden avulla voit l\u00f6yt\u00e4\u00e4 t\u00e4ydellisen tasapainon suklaan ja maap\u00e4hkin\u00f6iden v\u00e4lill\u00e4 ja samalla kehitt\u00e4\u00e4 ainutlaatuista koostumusta, joka parantaa br\u00e4ndisi kilpailukyky\u00e4 markkinoilla.<\/li>\n<li><strong>Mit\u00e4 pakkausvaihtoehtoja tarjoat?<\/strong><br \/>\nTarjoamme erilaisia pakkausratkaisuja, mukaan lukien tyylikk\u00e4\u00e4t purkit, k\u00e4tev\u00e4t puristettavat pussit ja bulkkiastiat, jotka soveltuvat laajamittaiseen varastointiin. Kaikki pakkaukset voidaan r\u00e4\u00e4t\u00e4l\u00f6id\u00e4 vastaamaan br\u00e4ndisi identiteetti\u00e4 ja markkinointistrategiaa.<\/li>\n<li><strong>Tarjoatko luomusuklaamaap\u00e4hkin\u00e4voita ja miten varmistat tuotteiden laadun?<\/strong><br \/>\nKyll\u00e4, valmistamme EU:n luomusertifioitua maap\u00e4hkin\u00e4voita, joka on valmistettu luomustandardien mukaisista ainesosista. Lis\u00e4ksi olemme ottaneet k\u00e4ytt\u00f6\u00f6n tiukan laadunhallintaj\u00e4rjestelm\u00e4n, mukaan lukien sis\u00e4iset laboratoriotestit, varmistaaksemme, ett\u00e4 jokainen er\u00e4 t\u00e4ytt\u00e4\u00e4 korkeimmat maun, koostumuksen ja turvallisuuden vaatimukset.<\/li>\n<li><strong>Voinko pyyt\u00e4\u00e4 n\u00e4ytteit\u00e4 maistelua varten ennen suuren tilauksen tekemist\u00e4, ja tuetko maailmanlaajuista vienti\u00e4?<\/strong><br \/>\nVarmasti! Tarjoamme mielell\u00e4mme n\u00e4yteeri\u00e4 arviointia varten ennen t\u00e4ytt\u00e4 tuotantoa. Lis\u00e4ksi meill\u00e4 on laaja kokemus maailmanlaajuisesta viennist\u00e4, mik\u00e4 varmistaa, ett\u00e4 tuotteesi saapuvat turvallisesti ja ajallaan ymp\u00e4ri maailmaa.<\/li>\n<\/ol>\n<a href=\"mailto:globepeanut@gmail.com\" class=\"button primary is-primary is-medium\"  >\n    <span>L\u00e4het\u00e4 meille s\u00e4hk\u00f6postia<\/span>\n  <\/a>","protected":false},"excerpt":{"rendered":"<table width=\"564\">\n<tbody>\n<tr>\n<td width=\"113\"><strong>Tuotteen nimi<\/strong><\/td>\n<td width=\"402\">Suklaamaap\u00e4hkin\u00e4voi<\/td>\n<\/tr>\n<tr>\n<td width=\"113\"><strong>Tekniset tiedot<\/strong><\/td>\n<td width=\"402\">200 g x 36, 227 g x 24, 340 g x 12, 375 g x 12, 500 g x 12, 510 g x 12, 1 kg x 12, 10 kg x 1, 20 kg x 1, 220 kg x 1<\/td>\n<\/tr>\n<tr>\n<td width=\"113\"><strong>Pakkauslomake<\/strong><\/td>\n<td width=\"402\">Purkki, \u00e4mp\u00e4ri, doy-pakkaus, laukku, laatikko, tina, tynnyri, t\u00f6lkki, pullo jne<\/td>\n<\/tr>\n<tr>\n<td width=\"113\"><strong>Toimitusaika<\/strong><\/td>\n<td width=\"402\">7-20 p\u00e4iv\u00e4\u00e4 tilauksen j\u00e4lkeen<\/td>\n<\/tr>\n<tr>\n<td width=\"113\"><strong>MOQ<\/strong><\/td>\n<td width=\"402\">Yksi tonni<\/td>\n<\/tr>\n<tr>\n<td width=\"113\"><strong>N\u00e4yte<\/strong><\/td>\n<td width=\"402\">Ilmainen n\u00e4yte saatavilla<\/td>\n<\/tr>\n<tr>\n<td width=\"113\"><strong>OEM<\/strong><\/td>\n<td width=\"402\">Ostajan etiketti hyv\u00e4ksytty<\/td>\n<\/tr>\n<\/tbody>\n<\/table>\n<p>&nbsp;<\/p>","protected":false},"featured_media":1671,"comment_status":"open","ping_status":"closed","template":"","meta":[],"product_cat":[15],"product_tag":[],"class_list":{"0":"post-1638","1":"product","2":"type-product","3":"status-publish","4":"has-post-thumbnail","6":"product_cat-peanut-butter","8":"first","9":"instock","10":"shipping-taxable","11":"product-type-simple"},"yoast_head":"<!-- This site is optimized with the Yoast SEO plugin v24.9 - https:\/\/yoast.com\/wordpress\/plugins\/seo\/ -->\n<title>Chocolate Peanut Butter Manufacturer OEM - China Peanut Butter Factory<\/title>\n<meta name=\"description\" content=\"Leading chocolate peanut butter OEM private label manufacturer and exporter. Discover premium, customized chocolate peanut butter from us.\" \/>\n<meta name=\"robots\" content=\"index, follow, max-snippet:-1, max-image-preview:large, max-video-preview:-1\" \/>\n<link rel=\"canonical\" href=\"https:\/\/www.peanutoem.com\/fi\/manufacturer\/chocolate-peanut-butter\/\" \/>\n<meta property=\"og:locale\" content=\"fi_FI\" \/>\n<meta property=\"og:type\" content=\"article\" \/>\n<meta property=\"og:title\" content=\"Chocolate Peanut Butter Manufacturer OEM - China Peanut Butter Factory\" \/>\n<meta property=\"og:description\" content=\"Leading chocolate peanut butter OEM private label manufacturer and exporter. Discover premium, customized chocolate peanut butter from us.\" \/>\n<meta property=\"og:url\" content=\"https:\/\/www.peanutoem.com\/fi\/manufacturer\/chocolate-peanut-butter\/\" \/>\n<meta property=\"og:site_name\" content=\"Peanut Butter Factory\" \/>\n<meta property=\"article:modified_time\" content=\"2024-10-06T09:55:00+00:00\" \/>\n<meta property=\"og:image\" content=\"https:\/\/www.peanutoem.com\/wp-content\/uploads\/2024\/09\/Peanut-Butter-Chocolate-Flavor.webp\" \/>\n\t<meta property=\"og:image:width\" content=\"819\" \/>\n\t<meta property=\"og:image:height\" content=\"975\" \/>\n\t<meta property=\"og:image:type\" content=\"image\/webp\" \/>\n<meta name=\"twitter:card\" content=\"summary_large_image\" \/>\n<meta name=\"twitter:label1\" content=\"Arvioitu lukuaika\" \/>\n\t<meta name=\"twitter:data1\" content=\"4 minuuttia\" \/>\n<script type=\"application\/ld+json\" class=\"yoast-schema-graph\">{\"@context\":\"https:\/\/schema.org\",\"@graph\":[{\"@type\":\"WebPage\",\"@id\":\"https:\/\/www.peanutoem.com\/manufacturer\/chocolate-peanut-butter\/\",\"url\":\"https:\/\/www.peanutoem.com\/manufacturer\/chocolate-peanut-butter\/\",\"name\":\"Chocolate Peanut Butter Manufacturer OEM - China Peanut Butter Factory\",\"isPartOf\":{\"@id\":\"https:\/\/www.peanutoem.com\/#website\"},\"primaryImageOfPage\":{\"@id\":\"https:\/\/www.peanutoem.com\/manufacturer\/chocolate-peanut-butter\/#primaryimage\"},\"image\":{\"@id\":\"https:\/\/www.peanutoem.com\/manufacturer\/chocolate-peanut-butter\/#primaryimage\"},\"thumbnailUrl\":\"https:\/\/www.peanutoem.com\/wp-content\/uploads\/2024\/09\/Peanut-Butter-Chocolate-Flavor.webp\",\"datePublished\":\"2024-09-10T12:30:11+00:00\",\"dateModified\":\"2024-10-06T09:55:00+00:00\",\"description\":\"Leading chocolate peanut butter OEM private label manufacturer and exporter. Discover premium, customized chocolate peanut butter from us.\",\"breadcrumb\":{\"@id\":\"https:\/\/www.peanutoem.com\/manufacturer\/chocolate-peanut-butter\/#breadcrumb\"},\"inLanguage\":\"fi\",\"potentialAction\":[{\"@type\":\"ReadAction\",\"target\":[\"https:\/\/www.peanutoem.com\/manufacturer\/chocolate-peanut-butter\/\"]}]},{\"@type\":\"ImageObject\",\"inLanguage\":\"fi\",\"@id\":\"https:\/\/www.peanutoem.com\/manufacturer\/chocolate-peanut-butter\/#primaryimage\",\"url\":\"https:\/\/www.peanutoem.com\/wp-content\/uploads\/2024\/09\/Peanut-Butter-Chocolate-Flavor.webp\",\"contentUrl\":\"https:\/\/www.peanutoem.com\/wp-content\/uploads\/2024\/09\/Peanut-Butter-Chocolate-Flavor.webp\",\"width\":819,\"height\":975,\"caption\":\"Peanut Butter Chocolate Flavor\"},{\"@type\":\"BreadcrumbList\",\"@id\":\"https:\/\/www.peanutoem.com\/manufacturer\/chocolate-peanut-butter\/#breadcrumb\",\"itemListElement\":[{\"@type\":\"ListItem\",\"position\":1,\"name\":\"Home\",\"item\":\"https:\/\/www.peanutoem.com\/\"},{\"@type\":\"ListItem\",\"position\":2,\"name\":\"Products\",\"item\":\"https:\/\/www.peanutoem.com\/shop\/\"},{\"@type\":\"ListItem\",\"position\":3,\"name\":\"Chocolate Peanut Butter\"}]},{\"@type\":\"WebSite\",\"@id\":\"https:\/\/www.peanutoem.com\/#website\",\"url\":\"https:\/\/www.peanutoem.com\/\",\"name\":\"Peanut Butter Factory\",\"description\":\"Peanut Butter Manufacturer and Roast Peanut OEM Factory | Peanut Private Label China Supplier\",\"publisher\":{\"@id\":\"https:\/\/www.peanutoem.com\/#organization\"},\"alternateName\":\"Peanut Butter OEM and Wholesale\",\"potentialAction\":[{\"@type\":\"SearchAction\",\"target\":{\"@type\":\"EntryPoint\",\"urlTemplate\":\"https:\/\/www.peanutoem.com\/?s={search_term_string}\"},\"query-input\":{\"@type\":\"PropertyValueSpecification\",\"valueRequired\":true,\"valueName\":\"search_term_string\"}}],\"inLanguage\":\"fi\"},{\"@type\":\"Organization\",\"@id\":\"https:\/\/www.peanutoem.com\/#organization\",\"name\":\"Peanut Butter Factory\",\"alternateName\":\"JuFeng Group\",\"url\":\"https:\/\/www.peanutoem.com\/\",\"logo\":{\"@type\":\"ImageObject\",\"inLanguage\":\"fi\",\"@id\":\"https:\/\/www.peanutoem.com\/#\/schema\/logo\/image\/\",\"url\":\"https:\/\/www.peanutoem.com\/wp-content\/uploads\/2024\/09\/JUFENG-LOGO.png\",\"contentUrl\":\"https:\/\/www.peanutoem.com\/wp-content\/uploads\/2024\/09\/JUFENG-LOGO.png\",\"width\":600,\"height\":170,\"caption\":\"Peanut Butter Factory\"},\"image\":{\"@id\":\"https:\/\/www.peanutoem.com\/#\/schema\/logo\/image\/\"}}]}<\/script>\n<!-- \/ Yoast SEO plugin. -->","yoast_head_json":{"title":"Chocolate Peanut Butter Manufacturer OEM - China Peanut Butter Factory","description":"Leading chocolate peanut butter OEM private label manufacturer and exporter. Discover premium, customized chocolate peanut butter from us.","robots":{"index":"index","follow":"follow","max-snippet":"max-snippet:-1","max-image-preview":"max-image-preview:large","max-video-preview":"max-video-preview:-1"},"canonical":"https:\/\/www.peanutoem.com\/fi\/manufacturer\/chocolate-peanut-butter\/","og_locale":"fi_FI","og_type":"article","og_title":"Chocolate Peanut Butter Manufacturer OEM - China Peanut Butter Factory","og_description":"Leading chocolate peanut butter OEM private label manufacturer and exporter. Discover premium, customized chocolate peanut butter from us.","og_url":"https:\/\/www.peanutoem.com\/fi\/manufacturer\/chocolate-peanut-butter\/","og_site_name":"Peanut Butter Factory","article_modified_time":"2024-10-06T09:55:00+00:00","og_image":[{"width":819,"height":975,"url":"https:\/\/www.peanutoem.com\/wp-content\/uploads\/2024\/09\/Peanut-Butter-Chocolate-Flavor.webp","type":"image\/webp"}],"twitter_card":"summary_large_image","twitter_misc":{"Arvioitu lukuaika":"4 minuuttia"},"schema":{"@context":"https:\/\/schema.org","@graph":[{"@type":"WebPage","@id":"https:\/\/www.peanutoem.com\/manufacturer\/chocolate-peanut-butter\/","url":"https:\/\/www.peanutoem.com\/manufacturer\/chocolate-peanut-butter\/","name":"Chocolate Peanut Butter Manufacturer OEM - China Peanut Butter Factory","isPartOf":{"@id":"https:\/\/www.peanutoem.com\/#website"},"primaryImageOfPage":{"@id":"https:\/\/www.peanutoem.com\/manufacturer\/chocolate-peanut-butter\/#primaryimage"},"image":{"@id":"https:\/\/www.peanutoem.com\/manufacturer\/chocolate-peanut-butter\/#primaryimage"},"thumbnailUrl":"https:\/\/www.peanutoem.com\/wp-content\/uploads\/2024\/09\/Peanut-Butter-Chocolate-Flavor.webp","datePublished":"2024-09-10T12:30:11+00:00","dateModified":"2024-10-06T09:55:00+00:00","description":"Leading chocolate peanut butter OEM private label manufacturer and exporter. Discover premium, customized chocolate peanut butter from us.","breadcrumb":{"@id":"https:\/\/www.peanutoem.com\/manufacturer\/chocolate-peanut-butter\/#breadcrumb"},"inLanguage":"fi","potentialAction":[{"@type":"ReadAction","target":["https:\/\/www.peanutoem.com\/manufacturer\/chocolate-peanut-butter\/"]}]},{"@type":"ImageObject","inLanguage":"fi","@id":"https:\/\/www.peanutoem.com\/manufacturer\/chocolate-peanut-butter\/#primaryimage","url":"https:\/\/www.peanutoem.com\/wp-content\/uploads\/2024\/09\/Peanut-Butter-Chocolate-Flavor.webp","contentUrl":"https:\/\/www.peanutoem.com\/wp-content\/uploads\/2024\/09\/Peanut-Butter-Chocolate-Flavor.webp","width":819,"height":975,"caption":"Peanut Butter Chocolate Flavor"},{"@type":"BreadcrumbList","@id":"https:\/\/www.peanutoem.com\/manufacturer\/chocolate-peanut-butter\/#breadcrumb","itemListElement":[{"@type":"ListItem","position":1,"name":"Home","item":"https:\/\/www.peanutoem.com\/"},{"@type":"ListItem","position":2,"name":"Products","item":"https:\/\/www.peanutoem.com\/shop\/"},{"@type":"ListItem","position":3,"name":"Chocolate Peanut Butter"}]},{"@type":"WebSite","@id":"https:\/\/www.peanutoem.com\/#website","url":"https:\/\/www.peanutoem.com\/","name":"Peanut Butter Factory","description":"Peanut Butter Manufacturer and Roast Peanut OEM Factory | Peanut Private Label China Supplier","publisher":{"@id":"https:\/\/www.peanutoem.com\/#organization"},"alternateName":"Peanut Butter OEM and Wholesale","potentialAction":[{"@type":"SearchAction","target":{"@type":"EntryPoint","urlTemplate":"https:\/\/www.peanutoem.com\/?s={search_term_string}"},"query-input":{"@type":"PropertyValueSpecification","valueRequired":true,"valueName":"search_term_string"}}],"inLanguage":"fi"},{"@type":"Organization","@id":"https:\/\/www.peanutoem.com\/#organization","name":"Peanut Butter Factory","alternateName":"JuFeng Group","url":"https:\/\/www.peanutoem.com\/","logo":{"@type":"ImageObject","inLanguage":"fi","@id":"https:\/\/www.peanutoem.com\/#\/schema\/logo\/image\/","url":"https:\/\/www.peanutoem.com\/wp-content\/uploads\/2024\/09\/JUFENG-LOGO.png","contentUrl":"https:\/\/www.peanutoem.com\/wp-content\/uploads\/2024\/09\/JUFENG-LOGO.png","width":600,"height":170,"caption":"Peanut Butter Factory"},"image":{"@id":"https:\/\/www.peanutoem.com\/#\/schema\/logo\/image\/"}}]}},"_links":{"self":[{"href":"https:\/\/www.peanutoem.com\/fi\/wp-json\/wp\/v2\/product\/1638","targetHints":{"allow":["GET"]}}],"collection":[{"href":"https:\/\/www.peanutoem.com\/fi\/wp-json\/wp\/v2\/product"}],"about":[{"href":"https:\/\/www.peanutoem.com\/fi\/wp-json\/wp\/v2\/types\/product"}],"replies":[{"embeddable":true,"href":"https:\/\/www.peanutoem.com\/fi\/wp-json\/wp\/v2\/comments?post=1638"}],"wp:featuredmedia":[{"embeddable":true,"href":"https:\/\/www.peanutoem.com\/fi\/wp-json\/wp\/v2\/media\/1671"}],"wp:attachment":[{"href":"https:\/\/www.peanutoem.com\/fi\/wp-json\/wp\/v2\/media?parent=1638"}],"wp:term":[{"taxonomy":"product_cat","embeddable":true,"href":"https:\/\/www.peanutoem.com\/fi\/wp-json\/wp\/v2\/product_cat?post=1638"},{"taxonomy":"product_tag","embeddable":true,"href":"https:\/\/www.peanutoem.com\/fi\/wp-json\/wp\/v2\/product_tag?post=1638"}],"curies":[{"name":"wp","href":"https:\/\/api.w.org\/{rel}","templated":true}]}}