{"id":1393,"date":"2023-06-08T07:38:38","date_gmt":"2023-06-08T07:38:38","guid":{"rendered":"https:\/\/www.peanutoem.com\/?post_type=product&#038;p=1393"},"modified":"2024-10-09T12:10:08","modified_gmt":"2024-10-09T12:10:08","slug":"salty-peanut-butter","status":"publish","type":"product","link":"https:\/\/www.peanutoem.com\/fr\/manufacturer\/salty-peanut-butter\/","title":{"rendered":"Beurre de cacahu\u00e8te sal\u00e9"},"content":{"rendered":"<h3>Fournisseur OEM leader et fabricant de marques priv\u00e9es de produits sal\u00e9s <a href=\"https:\/\/www.peanutoem.com\/fr\/Wholesale\/peanut-butter\/\" target=\"_blank\" rel=\"noopener\">Beurre de cacahu\u00e8te<\/a><\/h3>\n<p>Nous sommes fiers de proposer du beurre de cacahu\u00e8te sal\u00e9 de qualit\u00e9 sup\u00e9rieure en tant que fournisseur OEM de confiance, fabricant de marques priv\u00e9es et exportateur mondial. Fabriqu\u00e9 avec un \u00e9quilibre parfait de cacahu\u00e8tes grill\u00e9es et <a href=\"https:\/\/en.wikipedia.org\/wiki\/Salt\" target=\"_blank\" rel=\"noopener\">sel<\/a>, il offre une saveur savoureuse id\u00e9ale pour les collations et la cuisine. Nos solutions de production enti\u00e8rement personnalisables permettent aux marques de cr\u00e9er des variations uniques avec des emballages et des tailles de commande flexibles.<\/p>\n<h3>Qu&#039;est-ce que le beurre de cacahu\u00e8te sal\u00e9 ?<\/h3>\n<p>Le beurre de cacahu\u00e8te sal\u00e9 est une variante savoureuse du beurre de cacahu\u00e8te traditionnel, offrant une touche sal\u00e9e avec du sel ajout\u00e9. Ce type de beurre de cacahu\u00e8te s\u00e9duit les consommateurs \u00e0 la recherche d&#039;une option plus audacieuse et moins sucr\u00e9e. Le sel rehausse le go\u00fbt de noisette naturel des cacahu\u00e8tes, ce qui en fait un favori pour les recettes sal\u00e9es, les tartinades et les collations.<\/p>\n<p><img loading=\"lazy\" decoding=\"async\" class=\"alignnone wp-image-1970 size-large\" src=\"https:\/\/www.peanutoem.com\/wp-content\/uploads\/2023\/06\/Seasalt-Peanut-Butter-200g-1-1024x461.webp\" alt=\"Beurre de cacahu\u00e8te au sel de mer 200 g\" width=\"1020\" height=\"459\" srcset=\"https:\/\/www.peanutoem.com\/wp-content\/uploads\/2023\/06\/Seasalt-Peanut-Butter-200g-1-1024x461.webp 1024w, https:\/\/www.peanutoem.com\/wp-content\/uploads\/2023\/06\/Seasalt-Peanut-Butter-200g-1-300x135.webp 300w, https:\/\/www.peanutoem.com\/wp-content\/uploads\/2023\/06\/Seasalt-Peanut-Butter-200g-1-768x346.webp 768w, https:\/\/www.peanutoem.com\/wp-content\/uploads\/2023\/06\/Seasalt-Peanut-Butter-200g-1-1536x691.webp 1536w, https:\/\/www.peanutoem.com\/wp-content\/uploads\/2023\/06\/Seasalt-Peanut-Butter-200g-1-2048x922.webp 2048w, https:\/\/www.peanutoem.com\/wp-content\/uploads\/2023\/06\/Seasalt-Peanut-Butter-200g-1-18x8.webp 18w, https:\/\/www.peanutoem.com\/wp-content\/uploads\/2023\/06\/Seasalt-Peanut-Butter-200g-1-600x270.webp 600w\" sizes=\"auto, (max-width: 1020px) 100vw, 1020px\" \/><\/p>\n<h3>Quels sont les autres noms ?<\/h3>\n<p>Le beurre de cacahu\u00e8te sal\u00e9 peut \u00e9galement \u00eatre appel\u00e9\u00a0:<\/p>\n<ul>\n<li><strong>Beurre de cacahu\u00e8te sal\u00e9<\/strong><\/li>\n<li><strong>Beurre de cacahu\u00e8te sal\u00e9<\/strong><\/li>\n<li><strong>Beurre de cacahu\u00e8te avec du sel<\/strong><\/li>\n<li><strong>Beurre de cacahu\u00e8te infus\u00e9 au sel<\/strong><\/li>\n<\/ul>\n<p>Ces noms mettent l\u2019accent sur l\u2019\u00e9l\u00e9ment savoureux distinct qui fait du beurre de cacahu\u00e8te sal\u00e9 un produit unique et populaire.<\/p>\n<h3>Pourquoi nous choisir comme fournisseur ?<\/h3>\n<p>En tant que fournisseur OEM de confiance et fabricant de marques priv\u00e9es, nous proposons :<\/p>\n<ul>\n<li><strong>Beurre de cacahu\u00e8te sal\u00e9 personnalisable<\/strong>:Des produits sur mesure adapt\u00e9s \u00e0 votre marque.<\/li>\n<li><strong>Mondial <a href=\"https:\/\/www.peanutoem.com\/fr\/certificate\/\" target=\"_blank\" rel=\"noopener\">Certifications<\/a><\/strong>:Nos normes incluent HACCP, BRCGS, Halal, Kasher et EU Organic, garantissant une qualit\u00e9 sup\u00e9rieure.<\/li>\n<li><strong>Options d&#039;emballage polyvalentes<\/strong>:Nous produisons diff\u00e9rentes tailles, des pots de d\u00e9tail aux conteneurs en vrac.<\/li>\n<li><strong>Expertise en exportation mondiale<\/strong>:Nous approvisionnons de mani\u00e8re fiable les march\u00e9s internationaux.<\/li>\n<\/ul>\n<h3>FAQ sur le beurre de cacahu\u00e8te avec du sel<\/h3>\n<ol>\n<li><strong>Qu&#039;est-ce qui distingue votre beurre de cacahu\u00e8te sal\u00e9 ?<\/strong><br \/>\nNous livrons du beurre de cacahu\u00e8te de qualit\u00e9 sup\u00e9rieure et homog\u00e8ne avec du sel, avec des options personnalisables pour la production de marques priv\u00e9es.<\/li>\n<li><strong>Quels ingr\u00e9dients utilisez-vous ?<\/strong><br \/>\nNotre beurre de cacahu\u00e8te sal\u00e9 contient des cacahu\u00e8tes grill\u00e9es de haute qualit\u00e9 et du sel pr\u00e9cis\u00e9ment mesur\u00e9, sans additifs.<\/li>\n<li><strong>Puis-je ajuster la teneur en sel ?<\/strong><br \/>\nOui, nous offrons une flexibilit\u00e9 dans les niveaux de sel pour correspondre au profil de saveur de votre marque.<\/li>\n<li><strong>Quelles options d\u2019emballage sont disponibles ?<\/strong><br \/>\nNous fournissons des pots, des seaux et des sachets dans des tailles adapt\u00e9es \u00e0 la vente au d\u00e9tail et \u00e0 la distribution en vrac.<\/li>\n<li><strong>Combien de temps dure le d\u00e9lai de livraison ?<\/strong><br \/>\nLa livraison varie g\u00e9n\u00e9ralement de 7 \u00e0 20 jours, selon la taille de la commande et les sp\u00e9cifications.<\/li>\n<li><strong>Offrez-vous des services de marque priv\u00e9e ?<\/strong><br \/>\nOui, nous sommes sp\u00e9cialis\u00e9s dans les services de marque priv\u00e9e avec personnalisation compl\u00e8te de l&#039;image de marque et de l&#039;emballage.<\/li>\n<li><strong>Quelle est la quantit\u00e9 minimum de commande (MOQ) ?<\/strong><br \/>\nNotre MOQ est d&#039;une tonne, s&#039;adaptant aussi bien aux grandes qu&#039;aux petites entreprises.<\/li>\n<\/ol>\n<h3>D\u00e9couvrez la polyvalence de nos produits personnalisables<\/h3>\n<p>Le beurre de cacahu\u00e8te sal\u00e9 est un choix polyvalent pour ceux qui recherchent une alternative sal\u00e9e aux vari\u00e9t\u00e9s sucr\u00e9es. Sa saveur unique am\u00e9liore les collations et la cuisine, ce qui le rend parfait pour les tartinades, les trempettes et les sauces. Nous r\u00e9pondons \u00e0 la demande croissante d&#039;options savoureuses et de haute qualit\u00e9 tout en offrant une personnalisation compl\u00e8te pour r\u00e9pondre \u00e0 vos besoins.<\/p>\n<p>En tant que partenaire OEM et de marque priv\u00e9e fiable, nous proposons des options personnalisables de haute qualit\u00e9 avec des capacit\u00e9s d&#039;exportation mondiales, garantissant l&#039;excellence dans chaque pot.<\/p>\n<a href=\"mailto:globepeanut@gmail.com\" class=\"button primary is-primary is-medium\"  >\n    <span>Envoyez-nous un e-mail<\/span>\n  <\/a>","protected":false},"excerpt":{"rendered":"<table width=\"564\">\n<tbody>\n<tr>\n<td width=\"113\"><strong>Nom du produit<\/strong><\/td>\n<td width=\"402\">Beurre de cacahu\u00e8te sal\u00e9<\/td>\n<\/tr>\n<tr>\n<td width=\"113\"><strong>Ingr\u00e9dients<\/strong><\/td>\n<td width=\"402\">Graines d&#039;arachides s\u00e9lectionn\u00e9es, sel<\/td>\n<\/tr>\n<tr>\n<td width=\"113\"><strong>Caract\u00e9ristiques<\/strong><\/td>\n<td width=\"402\">227gx24, 340gx12, 375gx12, 500gx12, 510gx12, 1kgx12, 10kgx1, 20kgx1, 220kgx1<\/td>\n<\/tr>\n<tr>\n<td width=\"113\"><strong>Formulaire d&#039;emballage<\/strong><\/td>\n<td width=\"402\">Pot, seau, sachet, sac, carton, bo\u00eete, baril, canette, bouteille, etc.<\/td>\n<\/tr>\n<tr>\n<td width=\"113\"><strong>D\u00e9lai de livraison<\/strong><\/td>\n<td width=\"402\">7 \u00e0 20 jours apr\u00e8s la commande<\/td>\n<\/tr>\n<tr>\n<td width=\"113\"><strong>Quantit\u00e9 minimale de commande<\/strong><\/td>\n<td width=\"402\">Une tonne<\/td>\n<\/tr>\n<tr>\n<td width=\"113\"><strong>\u00c9chantillon<\/strong><\/td>\n<td width=\"402\">\u00c9chantillon gratuit disponible<\/td>\n<\/tr>\n<tr>\n<td width=\"113\"><strong>Fabricant d&#039;\u00e9quipement d&#039;origine<\/strong><\/td>\n<td width=\"402\">\u00c9tiquette de l&#039;acheteur accept\u00e9e<\/td>\n<\/tr>\n<\/tbody>\n<\/table>","protected":false},"featured_media":1968,"comment_status":"open","ping_status":"closed","template":"","meta":[],"product_cat":[15],"product_tag":[],"class_list":{"0":"post-1393","1":"product","2":"type-product","3":"status-publish","4":"has-post-thumbnail","6":"product_cat-peanut-butter","8":"first","9":"instock","10":"shipping-taxable","11":"product-type-simple"},"yoast_head":"<!-- This site is optimized with the Yoast SEO plugin v24.9 - https:\/\/yoast.com\/wordpress\/plugins\/seo\/ -->\n<title>Salty Peanut Butter China Exporter OEM - Peanut Butter Factory<\/title>\n<meta name=\"description\" content=\"Discover premium salty peanut butter OEM service. Your trusted private label manufacturer. Enjoy customizable production, various packaging.\" \/>\n<meta name=\"robots\" content=\"index, follow, max-snippet:-1, max-image-preview:large, max-video-preview:-1\" \/>\n<link rel=\"canonical\" href=\"https:\/\/www.peanutoem.com\/fr\/manufacturer\/salty-peanut-butter\/\" \/>\n<meta property=\"og:locale\" content=\"fr_FR\" \/>\n<meta property=\"og:type\" content=\"article\" \/>\n<meta property=\"og:title\" content=\"Salty Peanut Butter China Exporter OEM - Peanut Butter Factory\" \/>\n<meta property=\"og:description\" content=\"Discover premium salty peanut butter OEM service. Your trusted private label manufacturer. Enjoy customizable production, various packaging.\" \/>\n<meta property=\"og:url\" content=\"https:\/\/www.peanutoem.com\/fr\/manufacturer\/salty-peanut-butter\/\" \/>\n<meta property=\"og:site_name\" content=\"Peanut Butter Factory\" \/>\n<meta property=\"article:modified_time\" content=\"2024-10-09T12:10:08+00:00\" \/>\n<meta property=\"og:image\" content=\"https:\/\/www.peanutoem.com\/wp-content\/uploads\/2023\/06\/200g-seasalt-peanut-butter-1-scaled.webp\" \/>\n\t<meta property=\"og:image:width\" content=\"2560\" \/>\n\t<meta property=\"og:image:height\" content=\"1152\" \/>\n\t<meta property=\"og:image:type\" content=\"image\/webp\" \/>\n<meta name=\"twitter:card\" content=\"summary_large_image\" \/>\n<meta name=\"twitter:label1\" content=\"Dur\u00e9e de lecture estim\u00e9e\" \/>\n\t<meta name=\"twitter:data1\" content=\"3 minutes\" \/>\n<script type=\"application\/ld+json\" class=\"yoast-schema-graph\">{\"@context\":\"https:\/\/schema.org\",\"@graph\":[{\"@type\":\"WebPage\",\"@id\":\"https:\/\/www.peanutoem.com\/manufacturer\/salty-peanut-butter\/\",\"url\":\"https:\/\/www.peanutoem.com\/manufacturer\/salty-peanut-butter\/\",\"name\":\"Salty Peanut Butter China Exporter OEM - Peanut Butter Factory\",\"isPartOf\":{\"@id\":\"https:\/\/www.peanutoem.com\/#website\"},\"primaryImageOfPage\":{\"@id\":\"https:\/\/www.peanutoem.com\/manufacturer\/salty-peanut-butter\/#primaryimage\"},\"image\":{\"@id\":\"https:\/\/www.peanutoem.com\/manufacturer\/salty-peanut-butter\/#primaryimage\"},\"thumbnailUrl\":\"https:\/\/www.peanutoem.com\/wp-content\/uploads\/2023\/06\/200g-seasalt-peanut-butter-1-scaled.webp\",\"datePublished\":\"2023-06-08T07:38:38+00:00\",\"dateModified\":\"2024-10-09T12:10:08+00:00\",\"description\":\"Discover premium salty peanut butter OEM service. Your trusted private label manufacturer. Enjoy customizable production, various packaging.\",\"breadcrumb\":{\"@id\":\"https:\/\/www.peanutoem.com\/manufacturer\/salty-peanut-butter\/#breadcrumb\"},\"inLanguage\":\"fr-FR\",\"potentialAction\":[{\"@type\":\"ReadAction\",\"target\":[\"https:\/\/www.peanutoem.com\/manufacturer\/salty-peanut-butter\/\"]}]},{\"@type\":\"ImageObject\",\"inLanguage\":\"fr-FR\",\"@id\":\"https:\/\/www.peanutoem.com\/manufacturer\/salty-peanut-butter\/#primaryimage\",\"url\":\"https:\/\/www.peanutoem.com\/wp-content\/uploads\/2023\/06\/200g-seasalt-peanut-butter-1-scaled.webp\",\"contentUrl\":\"https:\/\/www.peanutoem.com\/wp-content\/uploads\/2023\/06\/200g-seasalt-peanut-butter-1-scaled.webp\",\"width\":2560,\"height\":1152,\"caption\":\"200g seasalt peanut butter\"},{\"@type\":\"BreadcrumbList\",\"@id\":\"https:\/\/www.peanutoem.com\/manufacturer\/salty-peanut-butter\/#breadcrumb\",\"itemListElement\":[{\"@type\":\"ListItem\",\"position\":1,\"name\":\"Home\",\"item\":\"https:\/\/www.peanutoem.com\/\"},{\"@type\":\"ListItem\",\"position\":2,\"name\":\"Products\",\"item\":\"https:\/\/www.peanutoem.com\/shop\/\"},{\"@type\":\"ListItem\",\"position\":3,\"name\":\"Salty Peanut Butter\"}]},{\"@type\":\"WebSite\",\"@id\":\"https:\/\/www.peanutoem.com\/#website\",\"url\":\"https:\/\/www.peanutoem.com\/\",\"name\":\"Peanut Butter Factory\",\"description\":\"Peanut Butter Manufacturer and Roast Peanut OEM Factory | Peanut Private Label China Supplier\",\"publisher\":{\"@id\":\"https:\/\/www.peanutoem.com\/#organization\"},\"alternateName\":\"Peanut Butter OEM and Wholesale\",\"potentialAction\":[{\"@type\":\"SearchAction\",\"target\":{\"@type\":\"EntryPoint\",\"urlTemplate\":\"https:\/\/www.peanutoem.com\/?s={search_term_string}\"},\"query-input\":{\"@type\":\"PropertyValueSpecification\",\"valueRequired\":true,\"valueName\":\"search_term_string\"}}],\"inLanguage\":\"fr-FR\"},{\"@type\":\"Organization\",\"@id\":\"https:\/\/www.peanutoem.com\/#organization\",\"name\":\"Peanut Butter Factory\",\"alternateName\":\"JuFeng Group\",\"url\":\"https:\/\/www.peanutoem.com\/\",\"logo\":{\"@type\":\"ImageObject\",\"inLanguage\":\"fr-FR\",\"@id\":\"https:\/\/www.peanutoem.com\/#\/schema\/logo\/image\/\",\"url\":\"https:\/\/www.peanutoem.com\/wp-content\/uploads\/2024\/09\/JUFENG-LOGO.png\",\"contentUrl\":\"https:\/\/www.peanutoem.com\/wp-content\/uploads\/2024\/09\/JUFENG-LOGO.png\",\"width\":600,\"height\":170,\"caption\":\"Peanut Butter Factory\"},\"image\":{\"@id\":\"https:\/\/www.peanutoem.com\/#\/schema\/logo\/image\/\"}}]}<\/script>\n<!-- \/ Yoast SEO plugin. -->","yoast_head_json":{"title":"Salty Peanut Butter China Exporter OEM - Peanut Butter Factory","description":"Discover premium salty peanut butter OEM service. Your trusted private label manufacturer. Enjoy customizable production, various packaging.","robots":{"index":"index","follow":"follow","max-snippet":"max-snippet:-1","max-image-preview":"max-image-preview:large","max-video-preview":"max-video-preview:-1"},"canonical":"https:\/\/www.peanutoem.com\/fr\/manufacturer\/salty-peanut-butter\/","og_locale":"fr_FR","og_type":"article","og_title":"Salty Peanut Butter China Exporter OEM - Peanut Butter Factory","og_description":"Discover premium salty peanut butter OEM service. Your trusted private label manufacturer. Enjoy customizable production, various packaging.","og_url":"https:\/\/www.peanutoem.com\/fr\/manufacturer\/salty-peanut-butter\/","og_site_name":"Peanut Butter Factory","article_modified_time":"2024-10-09T12:10:08+00:00","og_image":[{"width":2560,"height":1152,"url":"https:\/\/www.peanutoem.com\/wp-content\/uploads\/2023\/06\/200g-seasalt-peanut-butter-1-scaled.webp","type":"image\/webp"}],"twitter_card":"summary_large_image","twitter_misc":{"Dur\u00e9e de lecture estim\u00e9e":"3 minutes"},"schema":{"@context":"https:\/\/schema.org","@graph":[{"@type":"WebPage","@id":"https:\/\/www.peanutoem.com\/manufacturer\/salty-peanut-butter\/","url":"https:\/\/www.peanutoem.com\/manufacturer\/salty-peanut-butter\/","name":"Salty Peanut Butter China Exporter OEM - Peanut Butter Factory","isPartOf":{"@id":"https:\/\/www.peanutoem.com\/#website"},"primaryImageOfPage":{"@id":"https:\/\/www.peanutoem.com\/manufacturer\/salty-peanut-butter\/#primaryimage"},"image":{"@id":"https:\/\/www.peanutoem.com\/manufacturer\/salty-peanut-butter\/#primaryimage"},"thumbnailUrl":"https:\/\/www.peanutoem.com\/wp-content\/uploads\/2023\/06\/200g-seasalt-peanut-butter-1-scaled.webp","datePublished":"2023-06-08T07:38:38+00:00","dateModified":"2024-10-09T12:10:08+00:00","description":"Discover premium salty peanut butter OEM service. Your trusted private label manufacturer. Enjoy customizable production, various packaging.","breadcrumb":{"@id":"https:\/\/www.peanutoem.com\/manufacturer\/salty-peanut-butter\/#breadcrumb"},"inLanguage":"fr-FR","potentialAction":[{"@type":"ReadAction","target":["https:\/\/www.peanutoem.com\/manufacturer\/salty-peanut-butter\/"]}]},{"@type":"ImageObject","inLanguage":"fr-FR","@id":"https:\/\/www.peanutoem.com\/manufacturer\/salty-peanut-butter\/#primaryimage","url":"https:\/\/www.peanutoem.com\/wp-content\/uploads\/2023\/06\/200g-seasalt-peanut-butter-1-scaled.webp","contentUrl":"https:\/\/www.peanutoem.com\/wp-content\/uploads\/2023\/06\/200g-seasalt-peanut-butter-1-scaled.webp","width":2560,"height":1152,"caption":"200g seasalt peanut butter"},{"@type":"BreadcrumbList","@id":"https:\/\/www.peanutoem.com\/manufacturer\/salty-peanut-butter\/#breadcrumb","itemListElement":[{"@type":"ListItem","position":1,"name":"Home","item":"https:\/\/www.peanutoem.com\/"},{"@type":"ListItem","position":2,"name":"Products","item":"https:\/\/www.peanutoem.com\/shop\/"},{"@type":"ListItem","position":3,"name":"Salty Peanut Butter"}]},{"@type":"WebSite","@id":"https:\/\/www.peanutoem.com\/#website","url":"https:\/\/www.peanutoem.com\/","name":"Peanut Butter Factory","description":"Peanut Butter Manufacturer and Roast Peanut OEM Factory | Peanut Private Label China Supplier","publisher":{"@id":"https:\/\/www.peanutoem.com\/#organization"},"alternateName":"Peanut Butter OEM and Wholesale","potentialAction":[{"@type":"SearchAction","target":{"@type":"EntryPoint","urlTemplate":"https:\/\/www.peanutoem.com\/?s={search_term_string}"},"query-input":{"@type":"PropertyValueSpecification","valueRequired":true,"valueName":"search_term_string"}}],"inLanguage":"fr-FR"},{"@type":"Organization","@id":"https:\/\/www.peanutoem.com\/#organization","name":"Peanut Butter Factory","alternateName":"JuFeng Group","url":"https:\/\/www.peanutoem.com\/","logo":{"@type":"ImageObject","inLanguage":"fr-FR","@id":"https:\/\/www.peanutoem.com\/#\/schema\/logo\/image\/","url":"https:\/\/www.peanutoem.com\/wp-content\/uploads\/2024\/09\/JUFENG-LOGO.png","contentUrl":"https:\/\/www.peanutoem.com\/wp-content\/uploads\/2024\/09\/JUFENG-LOGO.png","width":600,"height":170,"caption":"Peanut Butter Factory"},"image":{"@id":"https:\/\/www.peanutoem.com\/#\/schema\/logo\/image\/"}}]}},"_links":{"self":[{"href":"https:\/\/www.peanutoem.com\/fr\/wp-json\/wp\/v2\/product\/1393","targetHints":{"allow":["GET"]}}],"collection":[{"href":"https:\/\/www.peanutoem.com\/fr\/wp-json\/wp\/v2\/product"}],"about":[{"href":"https:\/\/www.peanutoem.com\/fr\/wp-json\/wp\/v2\/types\/product"}],"replies":[{"embeddable":true,"href":"https:\/\/www.peanutoem.com\/fr\/wp-json\/wp\/v2\/comments?post=1393"}],"wp:featuredmedia":[{"embeddable":true,"href":"https:\/\/www.peanutoem.com\/fr\/wp-json\/wp\/v2\/media\/1968"}],"wp:attachment":[{"href":"https:\/\/www.peanutoem.com\/fr\/wp-json\/wp\/v2\/media?parent=1393"}],"wp:term":[{"taxonomy":"product_cat","embeddable":true,"href":"https:\/\/www.peanutoem.com\/fr\/wp-json\/wp\/v2\/product_cat?post=1393"},{"taxonomy":"product_tag","embeddable":true,"href":"https:\/\/www.peanutoem.com\/fr\/wp-json\/wp\/v2\/product_tag?post=1393"}],"curies":[{"name":"wp","href":"https:\/\/api.w.org\/{rel}","templated":true}]}}