{"id":1402,"date":"2023-06-08T08:15:42","date_gmt":"2023-06-08T08:15:42","guid":{"rendered":"https:\/\/www.peanutoem.com\/?post_type=product&#038;p=1402"},"modified":"2024-09-28T06:53:33","modified_gmt":"2024-09-28T06:53:33","slug":"crunchy-peanut-butter","status":"publish","type":"product","link":"https:\/\/www.peanutoem.com\/fr\/manufacturer\/crunchy-peanut-butter\/","title":{"rendered":"Beurre de cacahu\u00e8te croquant | Beurre de cacahu\u00e8te croquant personnalis\u00e9"},"content":{"rendered":"<h3>Croquant <a href=\"https:\/\/www.peanutoem.com\/fr\/Wholesale\/peanut-butter\/\" target=\"_blank\" rel=\"noopener\">Beurre de cacahu\u00e8te<\/a> \u2013 Fabricant de marques priv\u00e9es OEM haut de gamme<\/h3>\n<p>Nous sommes fiers d&#039;\u00eatre un fabricant, exportateur et fournisseur OEM de premier plan de beurre de cacahu\u00e8te croquant de haute qualit\u00e9, qui offre une texture satisfaisante, parfaite pour une utilisation au d\u00e9tail et industrielle. Nos capacit\u00e9s de fabrication, combin\u00e9es \u00e0 des options personnalisables, nous permettent de r\u00e9pondre aux besoins uniques des marques du monde entier.<\/p>\n<h3>Production avanc\u00e9e et <a href=\"https:\/\/www.peanutoem.com\/fr\/certificate\/\" target=\"_blank\" rel=\"noopener\">Certifications<\/a><\/h3>\n<p>Nos installations modernes sont \u00e9quip\u00e9es pour g\u00e9rer une production \u00e0 grande \u00e9chelle tout en maintenant un contr\u00f4le qualit\u00e9 strict. Avec des certifications telles que HACCP, BRCGS, Halal, Kasher et EU Organic, nous garantissons que notre beurre de cacahu\u00e8te croquant respecte les normes mondiales les plus \u00e9lev\u00e9es. Cela fait de nous le partenaire privil\u00e9gi\u00e9 des entreprises \u00e0 la recherche de solutions OEM et de marques priv\u00e9es fiables.<\/p>\n<h3>Qu&#039;est-ce que le beurre de cacahu\u00e8te croquant ?<\/h3>\n<p>Le beurre de cacahu\u00e8te croquant contient de petits grains de cacahu\u00e8te, offrant une texture croquante et une riche saveur de cacahu\u00e8te. Cette vari\u00e9t\u00e9 est parfaite pour les consommateurs qui appr\u00e9cient une exp\u00e9rience de beurre de cacahu\u00e8te plus consistante que les options onctueuses ou cr\u00e9meuses. Notre beurre de cacahu\u00e8te de type granul\u00e9 est fabriqu\u00e9 \u00e0 partir des meilleures cacahu\u00e8tes, ce qui garantit une consistance uniforme dans chaque pot.<\/p>\n<p>Le beurre de cacahu\u00e8te croquant peut \u00e9galement \u00eatre d\u00e9sign\u00e9 par quelques autres noms, selon la r\u00e9gion ou la pr\u00e9f\u00e9rence marketing. Voici quelques noms alternatifs\u00a0:<\/p>\n<ol>\n<li><strong>Beurre de cacahu\u00e8te en morceaux<\/strong> \u2013 Il s\u2019agit d\u2019un terme courant, notamment aux \u00c9tats-Unis, faisant r\u00e9f\u00e9rence \u00e0 la m\u00eame vari\u00e9t\u00e9 textur\u00e9e.<\/li>\n<li><strong>Beurre de cacahu\u00e8te de type granul\u00e9<\/strong> \u2013 D\u00e9crivant sa texture granuleuse, souvent utilis\u00e9e dans un contexte plus technique ou industriel.<\/li>\n<li><strong>Beurre de cacahu\u00e8te textur\u00e9<\/strong> \u2013 Mettre en valeur la texture des morceaux d\u2019arachides.<\/li>\n<li><strong>Beurre de cacahu\u00e8te aux noix<\/strong> \u2013 Parfois utilis\u00e9 pour mettre en valeur les morceaux d\u2019arachides dans la p\u00e2te \u00e0 tartiner.<\/li>\n<\/ol>\n<p>Ces noms sont souvent interchangeables et v\u00e9hiculent l\u2019id\u00e9e que le beurre de cacahu\u00e8te contient de petits morceaux ou granul\u00e9s de cacahu\u00e8tes.<\/p>\n<h3>Solutions de marque priv\u00e9e personnalis\u00e9es pour le beurre de cacahu\u00e8te croquant<\/h3>\n<p>En tant que fabricant OEM de premier plan, nous proposons des services de marque priv\u00e9e sur mesure pour le beurre de cacahu\u00e8te croquant. Que vous ayez besoin d&#039;un emballage unique ou de tailles sp\u00e9cifiques, nous proposons des options flexibles adapt\u00e9es aux besoins de votre marque. Notre \u00e9quipe travaille en \u00e9troite collaboration avec vous pour d\u00e9velopper un produit qui correspond \u00e0 l&#039;identit\u00e9 de votre marque et aux exigences du march\u00e9.<\/p>\n<h3>Exportateur et fournisseur mondial de beurre d&#039;arachide en granul\u00e9s<\/h3>\n<p>Gr\u00e2ce \u00e0 notre vaste r\u00e9seau d&#039;exportation, nous servons nos clients dans le monde entier, ce qui fait de nous un exportateur et un fournisseur de confiance de beurre de cacahu\u00e8te en granul\u00e9s. Notre logistique efficace garantit une livraison rapide, que vous ayez besoin de petits lots ou de commandes en gros. Nous comprenons l&#039;importance de la coh\u00e9rence et de la fiabilit\u00e9 sur les march\u00e9s internationaux.<\/p>\n<h3>Pourquoi nous choisir?<\/h3>\n<ul>\n<li><strong>Capacit\u00e9 de production importante<\/strong>: Production \u00e0 grande \u00e9chelle adapt\u00e9e \u00e0 votre marque<\/li>\n<li><strong>Mondial <a href=\"https:\/\/www.peanutoem.com\/fr\/certificate\/\" target=\"_blank\" rel=\"noopener\">Certifications<\/a><\/strong>:Y compris HACCP, BRCGS, Halal, Kasher et plus encore<\/li>\n<li><strong>Options flexibles OEM et marques priv\u00e9es<\/strong>:Personnalisable selon vos sp\u00e9cifications<\/li>\n<li><strong>Exportateur et fournisseur de confiance<\/strong>:Servir les march\u00e9s du monde entier avec une qualit\u00e9 constante<\/li>\n<\/ul>\n<p>Nous sommes pr\u00eats \u00e0 fournir le meilleur du beurre de cacahu\u00e8te croquant gr\u00e2ce \u00e0 nos solutions flexibles OEM et de marques priv\u00e9es. Laissez-nous vous aider \u00e0 proposer \u00e0 vos clients du beurre de cacahu\u00e8te de qualit\u00e9 sup\u00e9rieure sous forme de granul\u00e9s, en mettant l&#039;accent sur la qualit\u00e9 et la personnalisation.<\/p>\n<a href=\"mailto:globepeanut@gmail.com\" class=\"button primary is-primary is-medium\"  >\n    <span>Envoyez-nous un e-mail<\/span>\n  <\/a>","protected":false},"excerpt":{"rendered":"<table width=\"564\">\n<tbody>\n<tr>\n<td width=\"113\"><strong>Nom du produit<\/strong><\/td>\n<td width=\"402\">Beurre de cacahu\u00e8te croquant<\/td>\n<\/tr>\n<tr>\n<td width=\"113\"><strong>Ingr\u00e9dients<\/strong><\/td>\n<td width=\"402\">Graines d&#039;arachides s\u00e9lectionn\u00e9es, sucre blanc, huile v\u00e9g\u00e9tale hydrog\u00e9n\u00e9e, sel<\/td>\n<\/tr>\n<tr>\n<td width=\"113\"><strong>Caract\u00e9ristiques<\/strong><\/td>\n<td width=\"402\">200gx36, 227gx24, 340gx12, 375gx12, 500gx12, 510gx12, 1kgx12, 10kgx1, 20kgx1, 220kgx1<\/td>\n<\/tr>\n<tr>\n<td width=\"113\"><strong>Formulaire d&#039;emballage<\/strong><\/td>\n<td width=\"402\">Pot, seau, sachet, sac, carton, bo\u00eete, baril, canette, bouteille, etc.<\/td>\n<\/tr>\n<tr>\n<td width=\"113\"><strong>D\u00e9lai de livraison<\/strong><\/td>\n<td width=\"402\">7 \u00e0 20 jours apr\u00e8s la commande<\/td>\n<\/tr>\n<tr>\n<td width=\"113\"><strong>Quantit\u00e9 minimale de commande<\/strong><\/td>\n<td width=\"402\">Une tonne<\/td>\n<\/tr>\n<tr>\n<td width=\"113\"><strong>\u00c9chantillon<\/strong><\/td>\n<td width=\"402\">\u00c9chantillon gratuit disponible<\/td>\n<\/tr>\n<tr>\n<td width=\"113\"><strong>Fabricant d&#039;\u00e9quipement d&#039;origine<\/strong><\/td>\n<td width=\"402\">\u00c9tiquette de l&#039;acheteur accept\u00e9e<\/td>\n<\/tr>\n<\/tbody>\n<\/table>","protected":false},"featured_media":1652,"comment_status":"open","ping_status":"closed","template":"","meta":[],"product_cat":[15],"product_tag":[],"class_list":{"0":"post-1402","1":"product","2":"type-product","3":"status-publish","4":"has-post-thumbnail","6":"product_cat-peanut-butter","8":"first","9":"instock","10":"featured","11":"shipping-taxable","12":"product-type-simple"},"yoast_head":"<!-- This site is optimized with the Yoast SEO plugin v24.9 - https:\/\/yoast.com\/wordpress\/plugins\/seo\/ -->\n<title>Crunchy Peanut Butter | Custom Crunchy Peanut Butter OEM - Peanut Butter Factory<\/title>\n<meta name=\"description\" content=\"As a leading private label manufacturer, Our crunchy peanut butter is made with delightful granule texture and customizable packaging.\" \/>\n<meta name=\"robots\" content=\"index, follow, max-snippet:-1, max-image-preview:large, max-video-preview:-1\" \/>\n<link rel=\"canonical\" href=\"https:\/\/www.peanutoem.com\/fr\/manufacturer\/crunchy-peanut-butter\/\" \/>\n<meta property=\"og:locale\" content=\"fr_FR\" \/>\n<meta property=\"og:type\" content=\"article\" \/>\n<meta property=\"og:title\" content=\"Crunchy Peanut Butter | Custom Crunchy Peanut Butter OEM - Peanut Butter Factory\" \/>\n<meta property=\"og:description\" content=\"As a leading private label manufacturer, Our crunchy peanut butter is made with delightful granule texture and customizable packaging.\" \/>\n<meta property=\"og:url\" content=\"https:\/\/www.peanutoem.com\/fr\/manufacturer\/crunchy-peanut-butter\/\" \/>\n<meta property=\"og:site_name\" content=\"Peanut Butter Factory\" \/>\n<meta property=\"article:modified_time\" content=\"2024-09-28T06:53:33+00:00\" \/>\n<meta property=\"og:image\" content=\"https:\/\/www.peanutoem.com\/wp-content\/uploads\/2023\/06\/Crunchy-Type-Peanut-Butter-340g.webp\" \/>\n\t<meta property=\"og:image:width\" content=\"1000\" \/>\n\t<meta property=\"og:image:height\" content=\"1000\" \/>\n\t<meta property=\"og:image:type\" content=\"image\/webp\" \/>\n<meta name=\"twitter:card\" content=\"summary_large_image\" \/>\n<meta name=\"twitter:label1\" content=\"Dur\u00e9e de lecture estim\u00e9e\" \/>\n\t<meta name=\"twitter:data1\" content=\"3 minutes\" \/>\n<script type=\"application\/ld+json\" class=\"yoast-schema-graph\">{\"@context\":\"https:\/\/schema.org\",\"@graph\":[{\"@type\":\"WebPage\",\"@id\":\"https:\/\/www.peanutoem.com\/manufacturer\/crunchy-peanut-butter\/\",\"url\":\"https:\/\/www.peanutoem.com\/manufacturer\/crunchy-peanut-butter\/\",\"name\":\"Crunchy Peanut Butter | Custom Crunchy Peanut Butter OEM - Peanut Butter Factory\",\"isPartOf\":{\"@id\":\"https:\/\/www.peanutoem.com\/#website\"},\"primaryImageOfPage\":{\"@id\":\"https:\/\/www.peanutoem.com\/manufacturer\/crunchy-peanut-butter\/#primaryimage\"},\"image\":{\"@id\":\"https:\/\/www.peanutoem.com\/manufacturer\/crunchy-peanut-butter\/#primaryimage\"},\"thumbnailUrl\":\"https:\/\/www.peanutoem.com\/wp-content\/uploads\/2023\/06\/Crunchy-Type-Peanut-Butter-340g.webp\",\"datePublished\":\"2023-06-08T08:15:42+00:00\",\"dateModified\":\"2024-09-28T06:53:33+00:00\",\"description\":\"As a leading private label manufacturer, Our crunchy peanut butter is made with delightful granule texture and customizable packaging.\",\"breadcrumb\":{\"@id\":\"https:\/\/www.peanutoem.com\/manufacturer\/crunchy-peanut-butter\/#breadcrumb\"},\"inLanguage\":\"fr-FR\",\"potentialAction\":[{\"@type\":\"ReadAction\",\"target\":[\"https:\/\/www.peanutoem.com\/manufacturer\/crunchy-peanut-butter\/\"]}]},{\"@type\":\"ImageObject\",\"inLanguage\":\"fr-FR\",\"@id\":\"https:\/\/www.peanutoem.com\/manufacturer\/crunchy-peanut-butter\/#primaryimage\",\"url\":\"https:\/\/www.peanutoem.com\/wp-content\/uploads\/2023\/06\/Crunchy-Type-Peanut-Butter-340g.webp\",\"contentUrl\":\"https:\/\/www.peanutoem.com\/wp-content\/uploads\/2023\/06\/Crunchy-Type-Peanut-Butter-340g.webp\",\"width\":1000,\"height\":1000,\"caption\":\"Crunchy Type Peanut Butter 340g\"},{\"@type\":\"BreadcrumbList\",\"@id\":\"https:\/\/www.peanutoem.com\/manufacturer\/crunchy-peanut-butter\/#breadcrumb\",\"itemListElement\":[{\"@type\":\"ListItem\",\"position\":1,\"name\":\"Home\",\"item\":\"https:\/\/www.peanutoem.com\/\"},{\"@type\":\"ListItem\",\"position\":2,\"name\":\"Products\",\"item\":\"https:\/\/www.peanutoem.com\/shop\/\"},{\"@type\":\"ListItem\",\"position\":3,\"name\":\"Crunchy Peanut Butter | Custom Crunchy Peanut Butter\"}]},{\"@type\":\"WebSite\",\"@id\":\"https:\/\/www.peanutoem.com\/#website\",\"url\":\"https:\/\/www.peanutoem.com\/\",\"name\":\"Peanut Butter Factory\",\"description\":\"Peanut Butter Manufacturer and Roast Peanut OEM Factory | Peanut Private Label China Supplier\",\"publisher\":{\"@id\":\"https:\/\/www.peanutoem.com\/#organization\"},\"alternateName\":\"Peanut Butter OEM and Wholesale\",\"potentialAction\":[{\"@type\":\"SearchAction\",\"target\":{\"@type\":\"EntryPoint\",\"urlTemplate\":\"https:\/\/www.peanutoem.com\/?s={search_term_string}\"},\"query-input\":{\"@type\":\"PropertyValueSpecification\",\"valueRequired\":true,\"valueName\":\"search_term_string\"}}],\"inLanguage\":\"fr-FR\"},{\"@type\":\"Organization\",\"@id\":\"https:\/\/www.peanutoem.com\/#organization\",\"name\":\"Peanut Butter Factory\",\"alternateName\":\"JuFeng Group\",\"url\":\"https:\/\/www.peanutoem.com\/\",\"logo\":{\"@type\":\"ImageObject\",\"inLanguage\":\"fr-FR\",\"@id\":\"https:\/\/www.peanutoem.com\/#\/schema\/logo\/image\/\",\"url\":\"https:\/\/www.peanutoem.com\/wp-content\/uploads\/2024\/09\/JUFENG-LOGO.png\",\"contentUrl\":\"https:\/\/www.peanutoem.com\/wp-content\/uploads\/2024\/09\/JUFENG-LOGO.png\",\"width\":600,\"height\":170,\"caption\":\"Peanut Butter Factory\"},\"image\":{\"@id\":\"https:\/\/www.peanutoem.com\/#\/schema\/logo\/image\/\"}}]}<\/script>\n<!-- \/ Yoast SEO plugin. -->","yoast_head_json":{"title":"Crunchy Peanut Butter | Custom Crunchy Peanut Butter OEM - Peanut Butter Factory","description":"As a leading private label manufacturer, Our crunchy peanut butter is made with delightful granule texture and customizable packaging.","robots":{"index":"index","follow":"follow","max-snippet":"max-snippet:-1","max-image-preview":"max-image-preview:large","max-video-preview":"max-video-preview:-1"},"canonical":"https:\/\/www.peanutoem.com\/fr\/manufacturer\/crunchy-peanut-butter\/","og_locale":"fr_FR","og_type":"article","og_title":"Crunchy Peanut Butter | Custom Crunchy Peanut Butter OEM - Peanut Butter Factory","og_description":"As a leading private label manufacturer, Our crunchy peanut butter is made with delightful granule texture and customizable packaging.","og_url":"https:\/\/www.peanutoem.com\/fr\/manufacturer\/crunchy-peanut-butter\/","og_site_name":"Peanut Butter Factory","article_modified_time":"2024-09-28T06:53:33+00:00","og_image":[{"width":1000,"height":1000,"url":"https:\/\/www.peanutoem.com\/wp-content\/uploads\/2023\/06\/Crunchy-Type-Peanut-Butter-340g.webp","type":"image\/webp"}],"twitter_card":"summary_large_image","twitter_misc":{"Dur\u00e9e de lecture estim\u00e9e":"3 minutes"},"schema":{"@context":"https:\/\/schema.org","@graph":[{"@type":"WebPage","@id":"https:\/\/www.peanutoem.com\/manufacturer\/crunchy-peanut-butter\/","url":"https:\/\/www.peanutoem.com\/manufacturer\/crunchy-peanut-butter\/","name":"Crunchy Peanut Butter | Custom Crunchy Peanut Butter OEM - Peanut Butter Factory","isPartOf":{"@id":"https:\/\/www.peanutoem.com\/#website"},"primaryImageOfPage":{"@id":"https:\/\/www.peanutoem.com\/manufacturer\/crunchy-peanut-butter\/#primaryimage"},"image":{"@id":"https:\/\/www.peanutoem.com\/manufacturer\/crunchy-peanut-butter\/#primaryimage"},"thumbnailUrl":"https:\/\/www.peanutoem.com\/wp-content\/uploads\/2023\/06\/Crunchy-Type-Peanut-Butter-340g.webp","datePublished":"2023-06-08T08:15:42+00:00","dateModified":"2024-09-28T06:53:33+00:00","description":"As a leading private label manufacturer, Our crunchy peanut butter is made with delightful granule texture and customizable packaging.","breadcrumb":{"@id":"https:\/\/www.peanutoem.com\/manufacturer\/crunchy-peanut-butter\/#breadcrumb"},"inLanguage":"fr-FR","potentialAction":[{"@type":"ReadAction","target":["https:\/\/www.peanutoem.com\/manufacturer\/crunchy-peanut-butter\/"]}]},{"@type":"ImageObject","inLanguage":"fr-FR","@id":"https:\/\/www.peanutoem.com\/manufacturer\/crunchy-peanut-butter\/#primaryimage","url":"https:\/\/www.peanutoem.com\/wp-content\/uploads\/2023\/06\/Crunchy-Type-Peanut-Butter-340g.webp","contentUrl":"https:\/\/www.peanutoem.com\/wp-content\/uploads\/2023\/06\/Crunchy-Type-Peanut-Butter-340g.webp","width":1000,"height":1000,"caption":"Crunchy Type Peanut Butter 340g"},{"@type":"BreadcrumbList","@id":"https:\/\/www.peanutoem.com\/manufacturer\/crunchy-peanut-butter\/#breadcrumb","itemListElement":[{"@type":"ListItem","position":1,"name":"Home","item":"https:\/\/www.peanutoem.com\/"},{"@type":"ListItem","position":2,"name":"Products","item":"https:\/\/www.peanutoem.com\/shop\/"},{"@type":"ListItem","position":3,"name":"Crunchy Peanut Butter | Custom Crunchy Peanut Butter"}]},{"@type":"WebSite","@id":"https:\/\/www.peanutoem.com\/#website","url":"https:\/\/www.peanutoem.com\/","name":"Peanut Butter Factory","description":"Peanut Butter Manufacturer and Roast Peanut OEM Factory | Peanut Private Label China Supplier","publisher":{"@id":"https:\/\/www.peanutoem.com\/#organization"},"alternateName":"Peanut Butter OEM and Wholesale","potentialAction":[{"@type":"SearchAction","target":{"@type":"EntryPoint","urlTemplate":"https:\/\/www.peanutoem.com\/?s={search_term_string}"},"query-input":{"@type":"PropertyValueSpecification","valueRequired":true,"valueName":"search_term_string"}}],"inLanguage":"fr-FR"},{"@type":"Organization","@id":"https:\/\/www.peanutoem.com\/#organization","name":"Peanut Butter Factory","alternateName":"JuFeng Group","url":"https:\/\/www.peanutoem.com\/","logo":{"@type":"ImageObject","inLanguage":"fr-FR","@id":"https:\/\/www.peanutoem.com\/#\/schema\/logo\/image\/","url":"https:\/\/www.peanutoem.com\/wp-content\/uploads\/2024\/09\/JUFENG-LOGO.png","contentUrl":"https:\/\/www.peanutoem.com\/wp-content\/uploads\/2024\/09\/JUFENG-LOGO.png","width":600,"height":170,"caption":"Peanut Butter Factory"},"image":{"@id":"https:\/\/www.peanutoem.com\/#\/schema\/logo\/image\/"}}]}},"_links":{"self":[{"href":"https:\/\/www.peanutoem.com\/fr\/wp-json\/wp\/v2\/product\/1402","targetHints":{"allow":["GET"]}}],"collection":[{"href":"https:\/\/www.peanutoem.com\/fr\/wp-json\/wp\/v2\/product"}],"about":[{"href":"https:\/\/www.peanutoem.com\/fr\/wp-json\/wp\/v2\/types\/product"}],"replies":[{"embeddable":true,"href":"https:\/\/www.peanutoem.com\/fr\/wp-json\/wp\/v2\/comments?post=1402"}],"wp:featuredmedia":[{"embeddable":true,"href":"https:\/\/www.peanutoem.com\/fr\/wp-json\/wp\/v2\/media\/1652"}],"wp:attachment":[{"href":"https:\/\/www.peanutoem.com\/fr\/wp-json\/wp\/v2\/media?parent=1402"}],"wp:term":[{"taxonomy":"product_cat","embeddable":true,"href":"https:\/\/www.peanutoem.com\/fr\/wp-json\/wp\/v2\/product_cat?post=1402"},{"taxonomy":"product_tag","embeddable":true,"href":"https:\/\/www.peanutoem.com\/fr\/wp-json\/wp\/v2\/product_tag?post=1402"}],"curies":[{"name":"wp","href":"https:\/\/api.w.org\/{rel}","templated":true}]}}