{"id":1543,"date":"2024-09-02T13:37:15","date_gmt":"2024-09-02T13:37:15","guid":{"rendered":"https:\/\/www.peanutoem.com\/?post_type=product&#038;p=1543"},"modified":"2024-09-28T06:03:37","modified_gmt":"2024-09-28T06:03:37","slug":"pure-peanut-butter","status":"publish","type":"product","link":"https:\/\/www.peanutoem.com\/fr\/manufacturer\/pure-peanut-butter\/","title":{"rendered":"Beurre de cacahu\u00e8te pur"},"content":{"rendered":"<h3>Beurre de cacahu\u00e8te pur \u2013 Fournisseur OEM et fabricant de marques priv\u00e9es de premier plan<\/h3>\n<p>Nous sommes sp\u00e9cialis\u00e9s dans la production et la fourniture de beurre de cacahu\u00e8te pur en tant que fournisseur OEM de confiance, fabricant de marques priv\u00e9es et exportateur. Nos produits sont fabriqu\u00e9s \u00e0 partir de cacahu\u00e8tes 100%, offrant une qualit\u00e9 et une authenticit\u00e9 in\u00e9gal\u00e9es pour votre marque. Gr\u00e2ce \u00e0 des capacit\u00e9s de production avanc\u00e9es et \u00e0 des certifications mondiales, nous adaptons nos solutions de beurre de cacahu\u00e8te \u00e0 vos besoins sp\u00e9cifiques.<\/p>\n<h3>Qu&#039;est-ce que le beurre de cacahu\u00e8te pur ?<\/h3>\n<p><strong>Pur <a href=\"https:\/\/www.peanutoem.com\/fr\/Wholesale\/peanut-butter\/\" target=\"_blank\" rel=\"noopener\">beurre de cacahu\u00e8te<\/a><\/strong> est fabriqu\u00e9 \u00e0 partir de 100% <a href=\"https:\/\/en.wikipedia.org\/wiki\/Peanut\" target=\"_blank\" rel=\"noopener\">cacahu\u00e8tes<\/a>, sans sucres ajout\u00e9s, huiles ou conservateurs. Il offre un go\u00fbt naturel et non transform\u00e9 qui pla\u00eet aux consommateurs soucieux de leur sant\u00e9. Ce type de beurre de cacahu\u00e8te conserve la saveur riche et les huiles naturelles des cacahu\u00e8tes, ce qui en fait un choix populaire pour ceux qui recherchent des produits clean label.<\/p>\n<h3>Quels sont les autres noms du beurre de cacahu\u00e8te pur\u00a0?<\/h3>\n<p>Il est \u00e9galement connu sous diff\u00e9rents noms selon les r\u00e9gions et les secteurs d&#039;activit\u00e9. Parmi les noms alternatifs les plus courants, on trouve :<\/p>\n<ul>\n<li><strong>Beurre de cacahu\u00e8te naturel<\/strong><\/li>\n<li><strong>Beurre de cacahu\u00e8te non sucr\u00e9<\/strong><\/li>\n<li><strong>Beurre de cacahu\u00e8te sans additif<\/strong><\/li>\n<li><strong>100% beurre de cacahu\u00e8te<\/strong><\/li>\n<\/ul>\n<p>Ces noms soulignent l\u2019absence d\u2019ingr\u00e9dients suppl\u00e9mentaires, soulignant la puret\u00e9 du produit.<\/p>\n<h3>Pourquoi nous choisir comme fournisseur ?<\/h3>\n<p>En tant que fournisseur OEM et fabricant de marques priv\u00e9es de premier plan, nous proposons :<\/p>\n<ul>\n<li><strong>Produits de haute qualit\u00e9 :<\/strong> Notre beurre d&#039;arachide pur contient 1001 arachides s\u00e9lectionn\u00e9es TP3T, sans sucres ajout\u00e9s, huiles ou conservateurs.<\/li>\n<li><strong>Solutions personnalisables :<\/strong> Nous proposons des options d\u2019emballage flexibles, notamment des pots, des bo\u00eetes et des seaux, dans diff\u00e9rentes tailles pour r\u00e9pondre aux demandes du march\u00e9.<\/li>\n<li><strong>Mondial <a href=\"https:\/\/www.peanutoem.com\/fr\/certificate\/\" target=\"_blank\" rel=\"noopener\">Certifications<\/a>:<\/strong> Nos certifications, notamment HACCP, BRCGS, Halal et Kasher, garantissent la s\u00e9curit\u00e9 des produits et une qualit\u00e9 sup\u00e9rieure.<\/li>\n<li><strong>Grande capacit\u00e9 de production :<\/strong> Nous pouvons g\u00e9rer efficacement les commandes de petite et de grande taille, r\u00e9pondant aux divers besoins des clients.<\/li>\n<li><strong>Expertise en Exportations Mondiales :<\/strong> Nous disposons d\u2019une vaste exp\u00e9rience dans la livraison de beurre de cacahu\u00e8te de haute qualit\u00e9 \u00e0 des clients du monde entier.<\/li>\n<\/ul>\n<h3>FAQ sur notre r\u00f4le commercial en tant que producteur et grossiste<\/h3>\n<ol>\n<li><strong>Pourquoi \u00eates-vous un fournisseur OEM leader dans l\u2019industrie du beurre de cacahu\u00e8te ?<\/strong><br \/>\nNous fabriquons du beurre de cacahu\u00e8te pour les marques sous leur propre marque, garantissant ainsi des solutions de produits personnalis\u00e9es.<\/li>\n<li><strong>Offrez-vous des services de marque priv\u00e9e ?<\/strong><br \/>\nOui, nous nous sp\u00e9cialisons dans les solutions flexibles de marques priv\u00e9es pour vous aider \u00e0 cr\u00e9er votre beurre de cacahu\u00e8te de marque.<\/li>\n<li><strong>Quels ingr\u00e9dients utilisez-vous ?<\/strong><br \/>\nNotre beurre de cacahu\u00e8te pur est compos\u00e9 de 1001 cacahu\u00e8tes s\u00e9lectionn\u00e9es TP3T, sans sucres, huiles ou conservateurs ajout\u00e9s.<\/li>\n<li><strong>Comment puis-je personnaliser mon emballage ?<\/strong><br \/>\nVous pouvez choisir parmi diff\u00e9rentes options et tailles d&#039;emballage, adapt\u00e9es \u00e0 vos besoins, de la vente au d\u00e9tail au vrac.<\/li>\n<li><strong>Quelle est la quantit\u00e9 minimum de commande (MOQ) ?<\/strong><br \/>\nLe MOQ est d&#039;une tonne, offrant une flexibilit\u00e9 aux petites et grandes entreprises.<\/li>\n<li><strong>Qu&#039;est-ce qui distingue votre beurre de cacahu\u00e8te pur ?<\/strong><br \/>\nNotre engagement envers la qualit\u00e9, les certifications mondiales et les solutions de marques priv\u00e9es sur mesure nous diff\u00e9rencient de nos concurrents.<\/li>\n<li><strong>Combien de temps faut-il pour traiter une commande ?<\/strong><br \/>\nLes d\u00e9lais de livraison varient de 7 \u00e0 20 jours, selon la taille de la commande et les exigences d&#039;emballage.<\/li>\n<li><strong>Puis-je demander des \u00e9chantillons avant de passer une commande ?<\/strong><br \/>\nOui, nous offrons des \u00e9chantillons gratuits de notre beurre de cacahu\u00e8te pur pour une \u00e9valuation de la qualit\u00e9 avant de passer une commande en gros.<\/li>\n<li><strong>Exportez-vous \u00e0 l\u2019international ?<\/strong><br \/>\nAbsolument ! Nous sommes exp\u00e9riment\u00e9s dans l&#039;exportation de beurre de cacahu\u00e8te pur de haute qualit\u00e9 vers des clients du monde entier.<\/li>\n<\/ol>\n<h3>Pourquoi du beurre de cacahu\u00e8te pur ?<\/h3>\n<p>Le beurre de cacahu\u00e8te pur est l&#039;option de choix pour les consommateurs soucieux de leur sant\u00e9 et \u00e0 la recherche d&#039;un produit naturel sans additifs. Il est riche en prot\u00e9ines, en graisses saines et en nutriments essentiels, ce qui en fait un ingr\u00e9dient polyvalent dans les cuisines du monde entier. Les consommateurs \u00e9tant de plus en plus attentifs aux \u00e9tiquettes propres, la demande de produits \u00e0 base de cacahu\u00e8tes 100% continue d&#039;augmenter.<\/p>\n<p>Nous veillons \u00e0 ce que notre beurre de cacahu\u00e8te pur r\u00e9ponde \u00e0 ces exigences, en fournissant un produit aussi proche que possible de la nature tout en \u00e9tant enti\u00e8rement personnalisable en fonction des besoins de votre marque. Que vous cherchiez \u00e0 \u00e9largir l&#039;offre de votre marque ou \u00e0 p\u00e9n\u00e9trer de nouveaux march\u00e9s, nous avons la capacit\u00e9, l&#039;expertise et les certifications pour y parvenir.<\/p>\n<a href=\"mailto:globepeanut@gmail.com\" class=\"button primary is-primary is-medium\"  >\n    <span>Envoyez-nous un e-mail<\/span>\n  <\/a>","protected":false},"excerpt":{"rendered":"<table width=\"564\">\n<tbody>\n<tr>\n<td width=\"113\"><strong>Nom du produit<\/strong><\/td>\n<td width=\"402\">Beurre de cacahu\u00e8te pur<\/td>\n<\/tr>\n<tr>\n<td width=\"113\"><strong>Ingr\u00e9dients<\/strong><\/td>\n<td width=\"402\">Beurre d&#039;arachide s\u00e9lectionn\u00e9<\/td>\n<\/tr>\n<tr>\n<td width=\"113\"><strong>Caract\u00e9ristiques<\/strong><\/td>\n<td width=\"402\">10kgx1, 20kgx1, 22kgx1, 220kgx1<\/td>\n<\/tr>\n<tr>\n<td width=\"113\"><strong>Formulaire d&#039;emballage<\/strong><\/td>\n<td width=\"402\">Pot, seau, sac, carton, baril, bouteille, etc.<\/td>\n<\/tr>\n<tr>\n<td width=\"113\"><strong>D\u00e9lai de livraison<\/strong><\/td>\n<td width=\"402\">7 \u00e0 20 jours apr\u00e8s la commande<\/td>\n<\/tr>\n<tr>\n<td width=\"113\"><strong>Quantit\u00e9 minimale de commande<\/strong><\/td>\n<td width=\"402\">Une tonne<\/td>\n<\/tr>\n<tr>\n<td width=\"113\"><strong>\u00c9chantillon<\/strong><\/td>\n<td width=\"402\">\u00c9chantillon gratuit disponible<\/td>\n<\/tr>\n<tr>\n<td width=\"113\"><strong>Fabricant d&#039;\u00e9quipement d&#039;origine<\/strong><\/td>\n<td width=\"402\">\u00c9tiquette de l&#039;acheteur accept\u00e9e<\/td>\n<\/tr>\n<\/tbody>\n<\/table>","protected":false},"featured_media":1659,"comment_status":"open","ping_status":"closed","template":"","meta":[],"product_cat":[15],"product_tag":[],"class_list":{"0":"post-1543","1":"product","2":"type-product","3":"status-publish","4":"has-post-thumbnail","6":"product_cat-peanut-butter","8":"first","9":"instock","10":"shipping-taxable","11":"product-type-simple"},"yoast_head":"<!-- This site is optimized with the Yoast SEO plugin v24.9 - https:\/\/yoast.com\/wordpress\/plugins\/seo\/ -->\n<title>Pure Peanut Butter OEM Producer - Peanut Butter Factory<\/title>\n<meta name=\"description\" content=\"As a top OEM manufacturer and exporter, we supply pure peanut butter made from 100% peanuts. Customizable private label solutions for your business needs.\" \/>\n<meta name=\"robots\" content=\"index, follow, max-snippet:-1, max-image-preview:large, max-video-preview:-1\" \/>\n<link rel=\"canonical\" href=\"https:\/\/www.peanutoem.com\/fr\/manufacturer\/pure-peanut-butter\/\" \/>\n<meta property=\"og:locale\" content=\"fr_FR\" \/>\n<meta property=\"og:type\" content=\"article\" \/>\n<meta property=\"og:title\" content=\"Pure Peanut Butter OEM Producer - Peanut Butter Factory\" \/>\n<meta property=\"og:description\" content=\"As a top OEM manufacturer and exporter, we supply pure peanut butter made from 100% peanuts. Customizable private label solutions for your business needs.\" \/>\n<meta property=\"og:url\" content=\"https:\/\/www.peanutoem.com\/fr\/manufacturer\/pure-peanut-butter\/\" \/>\n<meta property=\"og:site_name\" content=\"Peanut Butter Factory\" \/>\n<meta property=\"article:modified_time\" content=\"2024-09-28T06:03:37+00:00\" \/>\n<meta property=\"og:image\" content=\"https:\/\/www.peanutoem.com\/wp-content\/uploads\/2024\/09\/Pure-Peanut-Butter-OEM-Supplier.webp\" \/>\n\t<meta property=\"og:image:width\" content=\"1000\" \/>\n\t<meta property=\"og:image:height\" content=\"1000\" \/>\n\t<meta property=\"og:image:type\" content=\"image\/webp\" \/>\n<meta name=\"twitter:card\" content=\"summary_large_image\" \/>\n<meta name=\"twitter:label1\" content=\"Dur\u00e9e de lecture estim\u00e9e\" \/>\n\t<meta name=\"twitter:data1\" content=\"3 minutes\" \/>\n<script type=\"application\/ld+json\" class=\"yoast-schema-graph\">{\"@context\":\"https:\/\/schema.org\",\"@graph\":[{\"@type\":\"WebPage\",\"@id\":\"https:\/\/www.peanutoem.com\/manufacturer\/pure-peanut-butter\/\",\"url\":\"https:\/\/www.peanutoem.com\/manufacturer\/pure-peanut-butter\/\",\"name\":\"Pure Peanut Butter OEM Producer - Peanut Butter Factory\",\"isPartOf\":{\"@id\":\"https:\/\/www.peanutoem.com\/#website\"},\"primaryImageOfPage\":{\"@id\":\"https:\/\/www.peanutoem.com\/manufacturer\/pure-peanut-butter\/#primaryimage\"},\"image\":{\"@id\":\"https:\/\/www.peanutoem.com\/manufacturer\/pure-peanut-butter\/#primaryimage\"},\"thumbnailUrl\":\"https:\/\/www.peanutoem.com\/wp-content\/uploads\/2024\/09\/Pure-Peanut-Butter-OEM-Supplier.webp\",\"datePublished\":\"2024-09-02T13:37:15+00:00\",\"dateModified\":\"2024-09-28T06:03:37+00:00\",\"description\":\"As a top OEM manufacturer and exporter, we supply pure peanut butter made from 100% peanuts. Customizable private label solutions for your business needs.\",\"breadcrumb\":{\"@id\":\"https:\/\/www.peanutoem.com\/manufacturer\/pure-peanut-butter\/#breadcrumb\"},\"inLanguage\":\"fr-FR\",\"potentialAction\":[{\"@type\":\"ReadAction\",\"target\":[\"https:\/\/www.peanutoem.com\/manufacturer\/pure-peanut-butter\/\"]}]},{\"@type\":\"ImageObject\",\"inLanguage\":\"fr-FR\",\"@id\":\"https:\/\/www.peanutoem.com\/manufacturer\/pure-peanut-butter\/#primaryimage\",\"url\":\"https:\/\/www.peanutoem.com\/wp-content\/uploads\/2024\/09\/Pure-Peanut-Butter-OEM-Supplier.webp\",\"contentUrl\":\"https:\/\/www.peanutoem.com\/wp-content\/uploads\/2024\/09\/Pure-Peanut-Butter-OEM-Supplier.webp\",\"width\":1000,\"height\":1000,\"caption\":\"Pure Peanut Butter OEM Supplier\"},{\"@type\":\"BreadcrumbList\",\"@id\":\"https:\/\/www.peanutoem.com\/manufacturer\/pure-peanut-butter\/#breadcrumb\",\"itemListElement\":[{\"@type\":\"ListItem\",\"position\":1,\"name\":\"Home\",\"item\":\"https:\/\/www.peanutoem.com\/\"},{\"@type\":\"ListItem\",\"position\":2,\"name\":\"Products\",\"item\":\"https:\/\/www.peanutoem.com\/shop\/\"},{\"@type\":\"ListItem\",\"position\":3,\"name\":\"Pure Peanut Butter\"}]},{\"@type\":\"WebSite\",\"@id\":\"https:\/\/www.peanutoem.com\/#website\",\"url\":\"https:\/\/www.peanutoem.com\/\",\"name\":\"Peanut Butter Factory\",\"description\":\"Peanut Butter Manufacturer and Roast Peanut OEM Factory | Peanut Private Label China Supplier\",\"publisher\":{\"@id\":\"https:\/\/www.peanutoem.com\/#organization\"},\"alternateName\":\"Peanut Butter OEM and Wholesale\",\"potentialAction\":[{\"@type\":\"SearchAction\",\"target\":{\"@type\":\"EntryPoint\",\"urlTemplate\":\"https:\/\/www.peanutoem.com\/?s={search_term_string}\"},\"query-input\":{\"@type\":\"PropertyValueSpecification\",\"valueRequired\":true,\"valueName\":\"search_term_string\"}}],\"inLanguage\":\"fr-FR\"},{\"@type\":\"Organization\",\"@id\":\"https:\/\/www.peanutoem.com\/#organization\",\"name\":\"Peanut Butter Factory\",\"alternateName\":\"JuFeng Group\",\"url\":\"https:\/\/www.peanutoem.com\/\",\"logo\":{\"@type\":\"ImageObject\",\"inLanguage\":\"fr-FR\",\"@id\":\"https:\/\/www.peanutoem.com\/#\/schema\/logo\/image\/\",\"url\":\"https:\/\/www.peanutoem.com\/wp-content\/uploads\/2024\/09\/JUFENG-LOGO.png\",\"contentUrl\":\"https:\/\/www.peanutoem.com\/wp-content\/uploads\/2024\/09\/JUFENG-LOGO.png\",\"width\":600,\"height\":170,\"caption\":\"Peanut Butter Factory\"},\"image\":{\"@id\":\"https:\/\/www.peanutoem.com\/#\/schema\/logo\/image\/\"}}]}<\/script>\n<!-- \/ Yoast SEO plugin. -->","yoast_head_json":{"title":"Pure Peanut Butter OEM Producer - Peanut Butter Factory","description":"As a top OEM manufacturer and exporter, we supply pure peanut butter made from 100% peanuts. Customizable private label solutions for your business needs.","robots":{"index":"index","follow":"follow","max-snippet":"max-snippet:-1","max-image-preview":"max-image-preview:large","max-video-preview":"max-video-preview:-1"},"canonical":"https:\/\/www.peanutoem.com\/fr\/manufacturer\/pure-peanut-butter\/","og_locale":"fr_FR","og_type":"article","og_title":"Pure Peanut Butter OEM Producer - Peanut Butter Factory","og_description":"As a top OEM manufacturer and exporter, we supply pure peanut butter made from 100% peanuts. Customizable private label solutions for your business needs.","og_url":"https:\/\/www.peanutoem.com\/fr\/manufacturer\/pure-peanut-butter\/","og_site_name":"Peanut Butter Factory","article_modified_time":"2024-09-28T06:03:37+00:00","og_image":[{"width":1000,"height":1000,"url":"https:\/\/www.peanutoem.com\/wp-content\/uploads\/2024\/09\/Pure-Peanut-Butter-OEM-Supplier.webp","type":"image\/webp"}],"twitter_card":"summary_large_image","twitter_misc":{"Dur\u00e9e de lecture estim\u00e9e":"3 minutes"},"schema":{"@context":"https:\/\/schema.org","@graph":[{"@type":"WebPage","@id":"https:\/\/www.peanutoem.com\/manufacturer\/pure-peanut-butter\/","url":"https:\/\/www.peanutoem.com\/manufacturer\/pure-peanut-butter\/","name":"Pure Peanut Butter OEM Producer - Peanut Butter Factory","isPartOf":{"@id":"https:\/\/www.peanutoem.com\/#website"},"primaryImageOfPage":{"@id":"https:\/\/www.peanutoem.com\/manufacturer\/pure-peanut-butter\/#primaryimage"},"image":{"@id":"https:\/\/www.peanutoem.com\/manufacturer\/pure-peanut-butter\/#primaryimage"},"thumbnailUrl":"https:\/\/www.peanutoem.com\/wp-content\/uploads\/2024\/09\/Pure-Peanut-Butter-OEM-Supplier.webp","datePublished":"2024-09-02T13:37:15+00:00","dateModified":"2024-09-28T06:03:37+00:00","description":"As a top OEM manufacturer and exporter, we supply pure peanut butter made from 100% peanuts. Customizable private label solutions for your business needs.","breadcrumb":{"@id":"https:\/\/www.peanutoem.com\/manufacturer\/pure-peanut-butter\/#breadcrumb"},"inLanguage":"fr-FR","potentialAction":[{"@type":"ReadAction","target":["https:\/\/www.peanutoem.com\/manufacturer\/pure-peanut-butter\/"]}]},{"@type":"ImageObject","inLanguage":"fr-FR","@id":"https:\/\/www.peanutoem.com\/manufacturer\/pure-peanut-butter\/#primaryimage","url":"https:\/\/www.peanutoem.com\/wp-content\/uploads\/2024\/09\/Pure-Peanut-Butter-OEM-Supplier.webp","contentUrl":"https:\/\/www.peanutoem.com\/wp-content\/uploads\/2024\/09\/Pure-Peanut-Butter-OEM-Supplier.webp","width":1000,"height":1000,"caption":"Pure Peanut Butter OEM Supplier"},{"@type":"BreadcrumbList","@id":"https:\/\/www.peanutoem.com\/manufacturer\/pure-peanut-butter\/#breadcrumb","itemListElement":[{"@type":"ListItem","position":1,"name":"Home","item":"https:\/\/www.peanutoem.com\/"},{"@type":"ListItem","position":2,"name":"Products","item":"https:\/\/www.peanutoem.com\/shop\/"},{"@type":"ListItem","position":3,"name":"Pure Peanut Butter"}]},{"@type":"WebSite","@id":"https:\/\/www.peanutoem.com\/#website","url":"https:\/\/www.peanutoem.com\/","name":"Peanut Butter Factory","description":"Peanut Butter Manufacturer and Roast Peanut OEM Factory | Peanut Private Label China Supplier","publisher":{"@id":"https:\/\/www.peanutoem.com\/#organization"},"alternateName":"Peanut Butter OEM and Wholesale","potentialAction":[{"@type":"SearchAction","target":{"@type":"EntryPoint","urlTemplate":"https:\/\/www.peanutoem.com\/?s={search_term_string}"},"query-input":{"@type":"PropertyValueSpecification","valueRequired":true,"valueName":"search_term_string"}}],"inLanguage":"fr-FR"},{"@type":"Organization","@id":"https:\/\/www.peanutoem.com\/#organization","name":"Peanut Butter Factory","alternateName":"JuFeng Group","url":"https:\/\/www.peanutoem.com\/","logo":{"@type":"ImageObject","inLanguage":"fr-FR","@id":"https:\/\/www.peanutoem.com\/#\/schema\/logo\/image\/","url":"https:\/\/www.peanutoem.com\/wp-content\/uploads\/2024\/09\/JUFENG-LOGO.png","contentUrl":"https:\/\/www.peanutoem.com\/wp-content\/uploads\/2024\/09\/JUFENG-LOGO.png","width":600,"height":170,"caption":"Peanut Butter Factory"},"image":{"@id":"https:\/\/www.peanutoem.com\/#\/schema\/logo\/image\/"}}]}},"_links":{"self":[{"href":"https:\/\/www.peanutoem.com\/fr\/wp-json\/wp\/v2\/product\/1543","targetHints":{"allow":["GET"]}}],"collection":[{"href":"https:\/\/www.peanutoem.com\/fr\/wp-json\/wp\/v2\/product"}],"about":[{"href":"https:\/\/www.peanutoem.com\/fr\/wp-json\/wp\/v2\/types\/product"}],"replies":[{"embeddable":true,"href":"https:\/\/www.peanutoem.com\/fr\/wp-json\/wp\/v2\/comments?post=1543"}],"wp:featuredmedia":[{"embeddable":true,"href":"https:\/\/www.peanutoem.com\/fr\/wp-json\/wp\/v2\/media\/1659"}],"wp:attachment":[{"href":"https:\/\/www.peanutoem.com\/fr\/wp-json\/wp\/v2\/media?parent=1543"}],"wp:term":[{"taxonomy":"product_cat","embeddable":true,"href":"https:\/\/www.peanutoem.com\/fr\/wp-json\/wp\/v2\/product_cat?post=1543"},{"taxonomy":"product_tag","embeddable":true,"href":"https:\/\/www.peanutoem.com\/fr\/wp-json\/wp\/v2\/product_tag?post=1543"}],"curies":[{"name":"wp","href":"https:\/\/api.w.org\/{rel}","templated":true}]}}