{"id":1545,"date":"2024-09-02T13:38:22","date_gmt":"2024-09-02T13:38:22","guid":{"rendered":"https:\/\/www.peanutoem.com\/?post_type=product&#038;p=1545"},"modified":"2024-09-28T05:39:23","modified_gmt":"2024-09-28T05:39:23","slug":"stabilized-peanut-butter","status":"publish","type":"product","link":"https:\/\/www.peanutoem.com\/fr\/manufacturer\/stabilized-peanut-butter\/","title":{"rendered":"Beurre de cacahu\u00e8te stabilis\u00e9"},"content":{"rendered":"<h3>Qu&#039;est-ce que le beurre de cacahu\u00e8te stabilis\u00e9 ?<\/h3>\n<p>Stabilis\u00e9 <a href=\"https:\/\/www.peanutoem.com\/fr\/Wholesale\/peanut-butter\/\" target=\"_blank\" rel=\"noopener\">beurre de cacahu\u00e8te<\/a> est un produit sp\u00e9cialement formul\u00e9 <a href=\"https:\/\/en.wikipedia.org\/wiki\/Peanut\" target=\"_blank\" rel=\"noopener\">arachide<\/a> Le beurre de cacahu\u00e8te stabilis\u00e9 conserve sa texture soyeuse et cr\u00e9meuse au fil du temps sans la s\u00e9paration huile-eau qui se produit au fil du temps. Contrairement au beurre de cacahu\u00e8te naturel commun, qui a tendance \u00e0 se s\u00e9parer naturellement en couches d&#039;huile d&#039;arachide sur le dessus et en miettes d&#039;arachide solides sur le fond, le beurre de cacahu\u00e8te stabilis\u00e9 est astucieusement m\u00e9lang\u00e9 \u00e0 des stabilisateurs naturels, tels que des huiles v\u00e9g\u00e9tales ou des \u00e9mulsifiants, pour assurer une texture uniforme. Cette caract\u00e9ristique en fait un choix de premier ordre pour les consommateurs qui recherchent la commodit\u00e9, car il n&#039;est pas n\u00e9cessaire d&#039;effectuer des op\u00e9rations suppl\u00e9mentaires telles que le m\u00e9lange avant utilisation. Le beurre de cacahu\u00e8te stabilis\u00e9 est populaire pour sa qualit\u00e9 constante et sa longue dur\u00e9e de conservation, et est non seulement appr\u00e9ci\u00e9 par les utilisateurs \u00e0 domicile, mais est \u00e9galement largement utilis\u00e9 dans l&#039;industrie alimentaire.<\/p>\n<h3>Quels sont les autres noms ?<\/h3>\n<p>Le beurre de cacahu\u00e8te stabilis\u00e9 peut \u00eatre d\u00e9sign\u00e9 sous diff\u00e9rents noms, notamment\u00a0:<\/p>\n<ul>\n<li>Tartinade cr\u00e9meuse aux cacahu\u00e8tes<\/li>\n<li>Beurre de cacahu\u00e8te stabilis\u00e9 cr\u00e9meux<\/li>\n<li>Beurre de cacahu\u00e8te \u00e9mulsionn\u00e9<\/li>\n<li>Beurre de cacahu\u00e8te homog\u00e8ne ou homog\u00e9n\u00e9is\u00e9<\/li>\n<li>P\u00e2te \u00e0 tartiner aux cacahu\u00e8tes longue dur\u00e9e<\/li>\n<li>Beurre de cacahu\u00e8te sans remuer<\/li>\n<li>Beurre de cacahu\u00e8te non s\u00e9parable<\/li>\n<li>Beurre d&#039;arachide transform\u00e9<\/li>\n<li>Beurre de cacahu\u00e8te \u00e0 longue conservation<\/li>\n<li>Beurre d&#039;arachide \u00e0 tartiner onctueux<\/li>\n<li>Beurre de cacahu\u00e8te onctueux et stable \u00e0 temp\u00e9rature ambiante<\/li>\n<\/ul>\n<h3><strong>Sujets d&#039;actualit\u00e9 sur le beurre de cacahu\u00e8te stabilis\u00e9<\/strong><\/h3>\n<ol>\n<li><strong> Avantages: <\/strong>Le beurre de cacahu\u00e8te stabilis\u00e9 offre plusieurs avantages, notamment une texture uniforme qui ne n\u00e9cessite pas d&#039;\u00eatre m\u00e9lang\u00e9 et une dur\u00e9e de conservation plus longue. Il est id\u00e9al pour une utilisation dans des recettes et comme tartinade o\u00f9 une texture uniforme est essentielle.<\/li>\n<li><strong> Applications dans la fabrication alimentaire :\u00a0<\/strong>En raison de sa stabilit\u00e9, il est largement utilis\u00e9 dans la fabrication de produits alimentaires. Il sert d&#039;ingr\u00e9dient dans divers produits, tels que les barres de c\u00e9r\u00e9ales, les sauces et les produits de boulangerie, o\u00f9 la consistance et la qualit\u00e9 sont essentielles.<\/li>\n<li><strong> Pr\u00e9f\u00e9rences et tendances des consommateurs : <\/strong>Les consommateurs pr\u00e9f\u00e8rent de plus en plus le beurre de cacahu\u00e8te stabilis\u00e9 pour sa praticit\u00e9 et sa fiabilit\u00e9. Alors que les changements de mode de vie entra\u00eenent des horaires de plus en plus charg\u00e9s, les produits qui offrent une conservation et une pr\u00e9paration sans tracas gagnent en popularit\u00e9.<\/li>\n<li><strong> Aspects nutritionnels : <\/strong>Le beurre de cacahu\u00e8te stabilis\u00e9 conserve son profil nutritionnel tout en offrant un produit stable et homog\u00e8ne. Il fournit des nutriments essentiels comme des prot\u00e9ines, des graisses saines et des vitamines, ce qui en fait un choix sain pour divers r\u00e9gimes.<\/li>\n<\/ol>\n<h3><strong>Pourquoi nous choisir comme fournisseur ?<\/strong><\/h3>\n<ol>\n<li><strong>Pourquoi \u00eates-vous le meilleur choix pour les services OEM de beurre de cacahu\u00e8te stabilis\u00e9 ?<\/strong><br \/>\nNous fournissons des solutions personnalis\u00e9es, des produits de haute qualit\u00e9 et une vaste expertise dans la fabrication et l\u2019exportation \u00e0 l\u2019\u00e9chelle mondiale.<\/li>\n<li><strong>Pouvez-vous ajuster la texture, la consistance et les formulations ?<\/strong><br \/>\nOui, nous pouvons personnaliser la texture et d\u00e9velopper des formulations uniques pour r\u00e9pondre \u00e0 vos exigences sp\u00e9cifiques et aux pr\u00e9f\u00e9rences des consommateurs.<\/li>\n<li><strong>Quelles options d\u2019emballage sont disponibles ?<\/strong><br \/>\nNous proposons diff\u00e9rents formats d&#039;emballage personnalisables, notamment des pots, des sachets et des contenants en vrac, adapt\u00e9s aux besoins de votre marque.<\/li>\n<li><strong>Est-il disponible en options biologiques ?<\/strong><br \/>\nAbsolument! Nous proposons du beurre d&#039;arachide stabilis\u00e9 fabriqu\u00e9 \u00e0 partir d&#039;arachides biologiques et d&#039;ingr\u00e9dients naturels.<\/li>\n<li><strong>Comment assurez-vous la qualit\u00e9 ?<\/strong><br \/>\nNos processus rigoureux de contr\u00f4le qualit\u00e9 et nos certifications, telles que HACCP, BRCGS et Kasher, garantissent que chaque lot r\u00e9pond aux normes les plus \u00e9lev\u00e9es.<\/li>\n<li><strong>Quels sont vos d\u00e9lais de production et d\u2019exp\u00e9dition ?<\/strong><br \/>\nLes d\u00e9lais de livraison varient en fonction du volume de la commande et de la destination, mais nous garantissons une production efficace et des livraisons rapides, g\u00e9n\u00e9ralement en quelques semaines.<\/li>\n<li><strong>G\u00e9rez-vous des exportations internationales ?<\/strong><br \/>\nOui, nous g\u00e9rons tous les aspects de l\u2019exp\u00e9dition mondiale et de la conformit\u00e9 pour garantir une livraison fluide.<\/li>\n<li><strong>Quelles certifications poss\u00e9dez-vous ?<\/strong><br \/>\nNotre beurre de cacahu\u00e8te stabilis\u00e9 est certifi\u00e9 HACCP, Kasher, Halal, BRCGS et d&#039;autres normes pertinentes, garantissant la s\u00e9curit\u00e9 et la qualit\u00e9 des produits.<\/li>\n<li><strong>Pouvons-nous demander des \u00e9chantillons avant de passer une commande compl\u00e8te ?<\/strong><br \/>\nOui, nous fournissons des lots d&#039;\u00e9chantillons \u00e0 des fins de test, garantissant ainsi qu&#039;ils r\u00e9pondent \u00e0 vos attentes avant un engagement plus important.<\/li>\n<\/ol>\n<h3><strong>Faits sur le beurre de cacahu\u00e8te stabilis\u00e9\u00a0<\/strong><\/h3>\n<ol>\n<li><strong>Pas de s\u00e9paration :<\/strong> Le beurre de cacahu\u00e8te stabilis\u00e9 ne se s\u00e9pare pas en huile et en solides, garantissant une texture uniforme tout au long de sa dur\u00e9e de conservation.<\/li>\n<li><strong>Dur\u00e9e de conservation prolong\u00e9e :<\/strong> Sa dur\u00e9e de conservation est plus longue que celle du beurre de cacahu\u00e8te traditionnel, ce qui r\u00e9duit le besoin de rachats fr\u00e9quents et de gaspillage.<\/li>\n<li><strong>Commodit\u00e9:<\/strong> Id\u00e9al pour une utilisation dans une vari\u00e9t\u00e9 d&#039;applications o\u00f9 une consistance stable et tartinable est cruciale, comme dans la fabrication de produits alimentaires et de vente au d\u00e9tail.<\/li>\n<li><strong>R\u00e9tention des nutriments :<\/strong> Malgr\u00e9 sa stabilit\u00e9, il conserve les bienfaits nutritionnels des arachides, notamment les prot\u00e9ines, les graisses saines et les vitamines essentielles.<\/li>\n<li><strong>Utilisation polyvalente :<\/strong> Convient \u00e0 une gamme de produits, des tartinades et collations aux bases d&#039;ingr\u00e9dients dans les aliments transform\u00e9s.<\/li>\n<\/ol>\n<a href=\"mailto:globepeanut@gmail.com\" class=\"button primary is-primary is-medium\"  >\n    <span>Envoyez-nous un e-mail<\/span>\n  <\/a>","protected":false},"excerpt":{"rendered":"<table width=\"564\">\n<tbody>\n<tr>\n<td width=\"113\"><strong>Nom du produit<\/strong><\/td>\n<td width=\"402\">Beurre de cacahu\u00e8te stabilis\u00e9<\/td>\n<\/tr>\n<tr>\n<td width=\"113\"><strong>Caract\u00e9ristiques<\/strong><\/td>\n<td width=\"402\">10kgx1, 20kgx1, 22kgx1<\/td>\n<\/tr>\n<tr>\n<td width=\"113\"><strong>Formulaire d&#039;emballage<\/strong><\/td>\n<td width=\"402\">Pot, seau, sachet, sac, carton, bo\u00eete, baril, canette, bouteille, etc.<\/td>\n<\/tr>\n<tr>\n<td width=\"113\"><strong>D\u00e9lai de livraison<\/strong><\/td>\n<td width=\"402\">7 \u00e0 20 jours apr\u00e8s la commande<\/td>\n<\/tr>\n<tr>\n<td width=\"113\"><strong>Quantit\u00e9 minimale de commande<\/strong><\/td>\n<td width=\"402\">Une tonne<\/td>\n<\/tr>\n<tr>\n<td width=\"113\"><strong>\u00c9chantillon<\/strong><\/td>\n<td width=\"402\">\u00c9chantillon gratuit disponible<\/td>\n<\/tr>\n<tr>\n<td width=\"113\"><strong>Fabricant d&#039;\u00e9quipement d&#039;origine<\/strong><\/td>\n<td width=\"402\">\u00c9tiquette de l&#039;acheteur accept\u00e9e<\/td>\n<\/tr>\n<\/tbody>\n<\/table>","protected":false},"featured_media":1692,"comment_status":"open","ping_status":"closed","template":"","meta":[],"product_cat":[15],"product_tag":[],"class_list":{"0":"post-1545","1":"product","2":"type-product","3":"status-publish","4":"has-post-thumbnail","6":"product_cat-peanut-butter","8":"first","9":"instock","10":"shipping-taxable","11":"product-type-simple"},"yoast_head":"<!-- This site is optimized with the Yoast SEO plugin v24.9 - https:\/\/yoast.com\/wordpress\/plugins\/seo\/ -->\n<title>Stabilized Peanut Butter China Producer - Peanut Butter Factory<\/title>\n<meta name=\"description\" content=\"Leading stabilized peanut butter OEM private label manufacturer and exporter. High-quality and packaging customized to meet global market demands.\" \/>\n<meta name=\"robots\" content=\"index, follow, max-snippet:-1, max-image-preview:large, max-video-preview:-1\" \/>\n<link rel=\"canonical\" href=\"https:\/\/www.peanutoem.com\/fr\/manufacturer\/stabilized-peanut-butter\/\" \/>\n<meta property=\"og:locale\" content=\"fr_FR\" \/>\n<meta property=\"og:type\" content=\"article\" \/>\n<meta property=\"og:title\" content=\"Stabilized Peanut Butter China Producer - Peanut Butter Factory\" \/>\n<meta property=\"og:description\" content=\"Leading stabilized peanut butter OEM private label manufacturer and exporter. High-quality and packaging customized to meet global market demands.\" \/>\n<meta property=\"og:url\" content=\"https:\/\/www.peanutoem.com\/fr\/manufacturer\/stabilized-peanut-butter\/\" \/>\n<meta property=\"og:site_name\" content=\"Peanut Butter Factory\" \/>\n<meta property=\"article:modified_time\" content=\"2024-09-28T05:39:23+00:00\" \/>\n<meta property=\"og:image\" content=\"https:\/\/www.peanutoem.com\/wp-content\/uploads\/2024\/09\/Stabilized-Peanut-Butter-in-Jar.webp\" \/>\n\t<meta property=\"og:image:width\" content=\"1000\" \/>\n\t<meta property=\"og:image:height\" content=\"1000\" \/>\n\t<meta property=\"og:image:type\" content=\"image\/webp\" \/>\n<meta name=\"twitter:card\" content=\"summary_large_image\" \/>\n<meta name=\"twitter:label1\" content=\"Dur\u00e9e de lecture estim\u00e9e\" \/>\n\t<meta name=\"twitter:data1\" content=\"4 minutes\" \/>\n<script type=\"application\/ld+json\" class=\"yoast-schema-graph\">{\"@context\":\"https:\/\/schema.org\",\"@graph\":[{\"@type\":\"WebPage\",\"@id\":\"https:\/\/www.peanutoem.com\/manufacturer\/stabilized-peanut-butter\/\",\"url\":\"https:\/\/www.peanutoem.com\/manufacturer\/stabilized-peanut-butter\/\",\"name\":\"Stabilized Peanut Butter China Producer - Peanut Butter Factory\",\"isPartOf\":{\"@id\":\"https:\/\/www.peanutoem.com\/#website\"},\"primaryImageOfPage\":{\"@id\":\"https:\/\/www.peanutoem.com\/manufacturer\/stabilized-peanut-butter\/#primaryimage\"},\"image\":{\"@id\":\"https:\/\/www.peanutoem.com\/manufacturer\/stabilized-peanut-butter\/#primaryimage\"},\"thumbnailUrl\":\"https:\/\/www.peanutoem.com\/wp-content\/uploads\/2024\/09\/Stabilized-Peanut-Butter-in-Jar.webp\",\"datePublished\":\"2024-09-02T13:38:22+00:00\",\"dateModified\":\"2024-09-28T05:39:23+00:00\",\"description\":\"Leading stabilized peanut butter OEM private label manufacturer and exporter. High-quality and packaging customized to meet global market demands.\",\"breadcrumb\":{\"@id\":\"https:\/\/www.peanutoem.com\/manufacturer\/stabilized-peanut-butter\/#breadcrumb\"},\"inLanguage\":\"fr-FR\",\"potentialAction\":[{\"@type\":\"ReadAction\",\"target\":[\"https:\/\/www.peanutoem.com\/manufacturer\/stabilized-peanut-butter\/\"]}]},{\"@type\":\"ImageObject\",\"inLanguage\":\"fr-FR\",\"@id\":\"https:\/\/www.peanutoem.com\/manufacturer\/stabilized-peanut-butter\/#primaryimage\",\"url\":\"https:\/\/www.peanutoem.com\/wp-content\/uploads\/2024\/09\/Stabilized-Peanut-Butter-in-Jar.webp\",\"contentUrl\":\"https:\/\/www.peanutoem.com\/wp-content\/uploads\/2024\/09\/Stabilized-Peanut-Butter-in-Jar.webp\",\"width\":1000,\"height\":1000,\"caption\":\"Stabilized Peanut Butter in Jar\"},{\"@type\":\"BreadcrumbList\",\"@id\":\"https:\/\/www.peanutoem.com\/manufacturer\/stabilized-peanut-butter\/#breadcrumb\",\"itemListElement\":[{\"@type\":\"ListItem\",\"position\":1,\"name\":\"Home\",\"item\":\"https:\/\/www.peanutoem.com\/\"},{\"@type\":\"ListItem\",\"position\":2,\"name\":\"Products\",\"item\":\"https:\/\/www.peanutoem.com\/shop\/\"},{\"@type\":\"ListItem\",\"position\":3,\"name\":\"Stabilized Peanut Butter\"}]},{\"@type\":\"WebSite\",\"@id\":\"https:\/\/www.peanutoem.com\/#website\",\"url\":\"https:\/\/www.peanutoem.com\/\",\"name\":\"Peanut Butter Factory\",\"description\":\"Peanut Butter Manufacturer and Roast Peanut OEM Factory | Peanut Private Label China Supplier\",\"publisher\":{\"@id\":\"https:\/\/www.peanutoem.com\/#organization\"},\"alternateName\":\"Peanut Butter OEM and Wholesale\",\"potentialAction\":[{\"@type\":\"SearchAction\",\"target\":{\"@type\":\"EntryPoint\",\"urlTemplate\":\"https:\/\/www.peanutoem.com\/?s={search_term_string}\"},\"query-input\":{\"@type\":\"PropertyValueSpecification\",\"valueRequired\":true,\"valueName\":\"search_term_string\"}}],\"inLanguage\":\"fr-FR\"},{\"@type\":\"Organization\",\"@id\":\"https:\/\/www.peanutoem.com\/#organization\",\"name\":\"Peanut Butter Factory\",\"alternateName\":\"JuFeng Group\",\"url\":\"https:\/\/www.peanutoem.com\/\",\"logo\":{\"@type\":\"ImageObject\",\"inLanguage\":\"fr-FR\",\"@id\":\"https:\/\/www.peanutoem.com\/#\/schema\/logo\/image\/\",\"url\":\"https:\/\/www.peanutoem.com\/wp-content\/uploads\/2024\/09\/JUFENG-LOGO.png\",\"contentUrl\":\"https:\/\/www.peanutoem.com\/wp-content\/uploads\/2024\/09\/JUFENG-LOGO.png\",\"width\":600,\"height\":170,\"caption\":\"Peanut Butter Factory\"},\"image\":{\"@id\":\"https:\/\/www.peanutoem.com\/#\/schema\/logo\/image\/\"}}]}<\/script>\n<!-- \/ Yoast SEO plugin. -->","yoast_head_json":{"title":"Stabilized Peanut Butter China Producer - Peanut Butter Factory","description":"Leading stabilized peanut butter OEM private label manufacturer and exporter. High-quality and packaging customized to meet global market demands.","robots":{"index":"index","follow":"follow","max-snippet":"max-snippet:-1","max-image-preview":"max-image-preview:large","max-video-preview":"max-video-preview:-1"},"canonical":"https:\/\/www.peanutoem.com\/fr\/manufacturer\/stabilized-peanut-butter\/","og_locale":"fr_FR","og_type":"article","og_title":"Stabilized Peanut Butter China Producer - Peanut Butter Factory","og_description":"Leading stabilized peanut butter OEM private label manufacturer and exporter. High-quality and packaging customized to meet global market demands.","og_url":"https:\/\/www.peanutoem.com\/fr\/manufacturer\/stabilized-peanut-butter\/","og_site_name":"Peanut Butter Factory","article_modified_time":"2024-09-28T05:39:23+00:00","og_image":[{"width":1000,"height":1000,"url":"https:\/\/www.peanutoem.com\/wp-content\/uploads\/2024\/09\/Stabilized-Peanut-Butter-in-Jar.webp","type":"image\/webp"}],"twitter_card":"summary_large_image","twitter_misc":{"Dur\u00e9e de lecture estim\u00e9e":"4 minutes"},"schema":{"@context":"https:\/\/schema.org","@graph":[{"@type":"WebPage","@id":"https:\/\/www.peanutoem.com\/manufacturer\/stabilized-peanut-butter\/","url":"https:\/\/www.peanutoem.com\/manufacturer\/stabilized-peanut-butter\/","name":"Stabilized Peanut Butter China Producer - Peanut Butter Factory","isPartOf":{"@id":"https:\/\/www.peanutoem.com\/#website"},"primaryImageOfPage":{"@id":"https:\/\/www.peanutoem.com\/manufacturer\/stabilized-peanut-butter\/#primaryimage"},"image":{"@id":"https:\/\/www.peanutoem.com\/manufacturer\/stabilized-peanut-butter\/#primaryimage"},"thumbnailUrl":"https:\/\/www.peanutoem.com\/wp-content\/uploads\/2024\/09\/Stabilized-Peanut-Butter-in-Jar.webp","datePublished":"2024-09-02T13:38:22+00:00","dateModified":"2024-09-28T05:39:23+00:00","description":"Leading stabilized peanut butter OEM private label manufacturer and exporter. High-quality and packaging customized to meet global market demands.","breadcrumb":{"@id":"https:\/\/www.peanutoem.com\/manufacturer\/stabilized-peanut-butter\/#breadcrumb"},"inLanguage":"fr-FR","potentialAction":[{"@type":"ReadAction","target":["https:\/\/www.peanutoem.com\/manufacturer\/stabilized-peanut-butter\/"]}]},{"@type":"ImageObject","inLanguage":"fr-FR","@id":"https:\/\/www.peanutoem.com\/manufacturer\/stabilized-peanut-butter\/#primaryimage","url":"https:\/\/www.peanutoem.com\/wp-content\/uploads\/2024\/09\/Stabilized-Peanut-Butter-in-Jar.webp","contentUrl":"https:\/\/www.peanutoem.com\/wp-content\/uploads\/2024\/09\/Stabilized-Peanut-Butter-in-Jar.webp","width":1000,"height":1000,"caption":"Stabilized Peanut Butter in Jar"},{"@type":"BreadcrumbList","@id":"https:\/\/www.peanutoem.com\/manufacturer\/stabilized-peanut-butter\/#breadcrumb","itemListElement":[{"@type":"ListItem","position":1,"name":"Home","item":"https:\/\/www.peanutoem.com\/"},{"@type":"ListItem","position":2,"name":"Products","item":"https:\/\/www.peanutoem.com\/shop\/"},{"@type":"ListItem","position":3,"name":"Stabilized Peanut Butter"}]},{"@type":"WebSite","@id":"https:\/\/www.peanutoem.com\/#website","url":"https:\/\/www.peanutoem.com\/","name":"Peanut Butter Factory","description":"Peanut Butter Manufacturer and Roast Peanut OEM Factory | Peanut Private Label China Supplier","publisher":{"@id":"https:\/\/www.peanutoem.com\/#organization"},"alternateName":"Peanut Butter OEM and Wholesale","potentialAction":[{"@type":"SearchAction","target":{"@type":"EntryPoint","urlTemplate":"https:\/\/www.peanutoem.com\/?s={search_term_string}"},"query-input":{"@type":"PropertyValueSpecification","valueRequired":true,"valueName":"search_term_string"}}],"inLanguage":"fr-FR"},{"@type":"Organization","@id":"https:\/\/www.peanutoem.com\/#organization","name":"Peanut Butter Factory","alternateName":"JuFeng Group","url":"https:\/\/www.peanutoem.com\/","logo":{"@type":"ImageObject","inLanguage":"fr-FR","@id":"https:\/\/www.peanutoem.com\/#\/schema\/logo\/image\/","url":"https:\/\/www.peanutoem.com\/wp-content\/uploads\/2024\/09\/JUFENG-LOGO.png","contentUrl":"https:\/\/www.peanutoem.com\/wp-content\/uploads\/2024\/09\/JUFENG-LOGO.png","width":600,"height":170,"caption":"Peanut Butter Factory"},"image":{"@id":"https:\/\/www.peanutoem.com\/#\/schema\/logo\/image\/"}}]}},"_links":{"self":[{"href":"https:\/\/www.peanutoem.com\/fr\/wp-json\/wp\/v2\/product\/1545","targetHints":{"allow":["GET"]}}],"collection":[{"href":"https:\/\/www.peanutoem.com\/fr\/wp-json\/wp\/v2\/product"}],"about":[{"href":"https:\/\/www.peanutoem.com\/fr\/wp-json\/wp\/v2\/types\/product"}],"replies":[{"embeddable":true,"href":"https:\/\/www.peanutoem.com\/fr\/wp-json\/wp\/v2\/comments?post=1545"}],"wp:featuredmedia":[{"embeddable":true,"href":"https:\/\/www.peanutoem.com\/fr\/wp-json\/wp\/v2\/media\/1692"}],"wp:attachment":[{"href":"https:\/\/www.peanutoem.com\/fr\/wp-json\/wp\/v2\/media?parent=1545"}],"wp:term":[{"taxonomy":"product_cat","embeddable":true,"href":"https:\/\/www.peanutoem.com\/fr\/wp-json\/wp\/v2\/product_cat?post=1545"},{"taxonomy":"product_tag","embeddable":true,"href":"https:\/\/www.peanutoem.com\/fr\/wp-json\/wp\/v2\/product_tag?post=1545"}],"curies":[{"name":"wp","href":"https:\/\/api.w.org\/{rel}","templated":true}]}}