{"id":1553,"date":"2024-09-02T13:58:23","date_gmt":"2024-09-02T13:58:23","guid":{"rendered":"https:\/\/www.peanutoem.com\/?post_type=product&#038;p=1553"},"modified":"2024-09-24T15:21:33","modified_gmt":"2024-09-24T15:21:33","slug":"roasted-peanut-kernels","status":"publish","type":"product","link":"https:\/\/www.peanutoem.com\/fr\/manufacturer\/roasted-peanut-kernels\/","title":{"rendered":"Grains d&#039;arachides grill\u00e9s"},"content":{"rendered":"<h3>Que sont les cacahu\u00e8tes grill\u00e9es ?<\/h3>\n<p>Les cacahu\u00e8tes grill\u00e9es sont la partie comestible de la coque de l&#039;arachide qui a \u00e9t\u00e9 soigneusement grill\u00e9e. Le processus de torr\u00e9faction am\u00e9liore consid\u00e9rablement la saveur et le go\u00fbt des cacahu\u00e8tes. Il donne aux cacahu\u00e8tes un ar\u00f4me de noisette attrayant et une texture croustillante, ce qui en fait un choix de collation populaire et un ingr\u00e9dient indispensable dans de nombreux aliments. Ces cacahu\u00e8tes grill\u00e9es ont une large gamme d&#039;utilisations, de la fabrication classique de beurre de cacahu\u00e8te aux combinaisons cr\u00e9atives dans les collations cuites au four et les bonbons, en passant par l&#039;ajout d&#039;une saveur unique aux plats sal\u00e9s.<\/p>\n<h3>Quels sont les autres noms des grains d\u2019arachides grill\u00e9s\u00a0?<\/h3>\n<p>Les cacahu\u00e8tes grill\u00e9es sont parfois d\u00e9sign\u00e9es par d&#039;autres noms selon la r\u00e9gion ou leur application. Les noms courants incluent :<\/p>\n<ul>\n<li><strong>Arachides grill\u00e9es<\/strong> (utilis\u00e9 dans certains pays)<\/li>\n<li><strong>Cacahu\u00e8tes grill\u00e9es \u00e0 sec<\/strong><\/li>\n<li><strong>Cacahu\u00e8tes grill\u00e9es<\/strong><\/li>\n<li><strong>Noix grill\u00e9es<\/strong><\/li>\n<\/ul>\n<p>Ces variantes mettent l\u2019accent sur le m\u00eame produit d\u00e9licieux et polyvalent \u00e0 base d\u2019arachides grill\u00e9es, adapt\u00e9 \u00e0 diff\u00e9rentes industries et \u00e0 diff\u00e9rents go\u00fbts.<\/p>\n<h3>Pourquoi nous choisir comme fournisseur OEM de grains d&#039;arachides grill\u00e9s ?<\/h3>\n<p>Choisir <strong>Groupe JuFeng de Chine<\/strong> signifie un partenariat avec l&#039;un des fournisseurs d&#039;arachides grill\u00e9es et fabricants de marques priv\u00e9es les plus fiables du secteur. Voici pourquoi nous nous d\u00e9marquons :<\/p>\n<ul>\n<li><strong>Production \u00e0 la pointe de la technologie<\/strong>:Avec deux lignes de production avanc\u00e9es import\u00e9es des \u00c9tats-Unis, nous livrons des cacahu\u00e8tes grill\u00e9es de haute qualit\u00e9 et constante \u00e0 grande \u00e9chelle.<\/li>\n<li><strong>Solutions OEM personnalisables<\/strong>:Nous proposons des services OEM et de marques priv\u00e9es flexibles, permettant aux clients de personnaliser les sp\u00e9cifications des produits, l&#039;emballage et plus encore pour r\u00e9pondre aux besoins sp\u00e9cifiques du march\u00e9.<\/li>\n<li><strong>Certifications et conformit\u00e9<\/strong>:Nos produits r\u00e9pondent aux normes mondiales de s\u00e9curit\u00e9 et de qualit\u00e9, certifi\u00e9s par les certifications BRC, HACCP, Kasher, Halal et EU Organic.<\/li>\n<li><strong>Exportateur de confiance<\/strong>:En tant qu&#039;exportateur de premier plan, nous avons \u00e9tabli des partenariats avec de grands supermarch\u00e9s et des marques alimentaires du monde entier.<\/li>\n<li><strong>Expertise en cha\u00eene d&#039;approvisionnement<\/strong>:Du traitement au stockage, nous garantissons une livraison rapide et un contr\u00f4le de la qualit\u00e9 gr\u00e2ce \u00e0 nos installations \u00e0 temp\u00e9rature contr\u00f4l\u00e9e auto-construites.<\/li>\n<\/ul>\n<h3>Sujets d&#039;actualit\u00e9 sur les arachides grill\u00e9es<\/h3>\n<ul>\n<li><strong>La durabilit\u00e9 dans la culture de l&#039;arachide<\/strong>:Les cacahu\u00e8tes grill\u00e9es, comme les autres produits \u00e0 base d\u2019arachides, ont un faible impact environnemental par rapport aux autres noix, ce qui en fait un choix \u00e9cologique pour les fabricants de produits alimentaires.<\/li>\n<li><strong>Avantages pour la sant\u00e9<\/strong>:Les cacahu\u00e8tes grill\u00e9es sont riches en prot\u00e9ines, en graisses saines et en fibres, offrant aux consommateurs une option de collation nutritive.<\/li>\n<li><strong>Innovations dans la transformation des arachides<\/strong>:L\u2019industrie de l\u2019arachide \u00e9volue continuellement avec de nouvelles techniques de torr\u00e9faction qui am\u00e9liorent la saveur tout en pr\u00e9servant les nutriments.<\/li>\n<\/ul>\n<h3>Nous choisir et faits sur les grains d&#039;arachides grill\u00e9s<\/h3>\n<p><strong>1. Qu&#039;est-ce qui fait du groupe China JuFeng un fournisseur leader d&#039;arachides grill\u00e9es ?<\/strong><br \/>\nNous combinons une technologie de pointe, une vaste exp\u00e9rience et une personnalisation sup\u00e9rieure des produits pour fournir des cacahu\u00e8tes grill\u00e9es de haute qualit\u00e9 aux march\u00e9s mondiaux.<\/p>\n<p><strong>2. Offrez-vous des services de marque priv\u00e9e pour les cacahu\u00e8tes grill\u00e9es ?<\/strong><br \/>\nOui, nous proposons des solutions de marque priv\u00e9e flexibles, vous permettant d&#039;adapter l&#039;emballage du produit, l&#039;image de marque et les sp\u00e9cifications du noyau en fonction des besoins de votre marque.<\/p>\n<p><strong>3. Puis-je vous commander des cacahu\u00e8tes grill\u00e9es en gros ?<\/strong><br \/>\nAbsolument, nous proposons des options d\u2019achat en gros pour r\u00e9pondre aux besoins des entreprises de toutes tailles, y compris les d\u00e9taillants, les grossistes et les fabricants de produits alimentaires.<\/p>\n<p><strong>4. Quelles sont les certifications de vos cacahu\u00e8tes grill\u00e9es ?<\/strong><br \/>\nNos produits r\u00e9pondent \u00e0 des normes et certifications internationales strictes, notamment HACCP, BRC, Kasher, Halal et EU Organic.<\/p>\n<p><strong>5. Comment assurez-vous la qualit\u00e9 de vos cacahu\u00e8tes grill\u00e9es ?<\/strong><br \/>\nNous disposons d&#039;un laboratoire interne d\u00e9di\u00e9 pour effectuer des tests approfondis, garantissant que chaque lot r\u00e9pond \u00e0 des normes sensorielles, physiques, chimiques et microbiennes \u00e9lev\u00e9es.<\/p>\n<p><strong>6. Pouvez-vous personnaliser le niveau de torr\u00e9faction des grains d&#039;arachide ?<\/strong><br \/>\nOui, nous proposons des niveaux de torr\u00e9faction personnalisables (torr\u00e9faction l\u00e9g\u00e8re, moyenne ou fonc\u00e9e) en fonction des pr\u00e9f\u00e9rences des clients et des exigences du march\u00e9.<\/p>\n<p><strong>7. Comment vos cacahu\u00e8tes grill\u00e9es sont-elles conserv\u00e9es pour conserver leur fra\u00eecheur ?<\/strong><br \/>\nNos grains sont stock\u00e9s dans des installations \u00e0 temp\u00e9rature contr\u00f4l\u00e9e qui emp\u00eachent la d\u00e9t\u00e9rioration et maintiennent l\u2019int\u00e9grit\u00e9 du produit pendant l\u2019exp\u00e9dition et la manutention.<\/p>\n<p><strong>8. Exportez-vous des cacahu\u00e8tes grill\u00e9es \u00e0 l\u2019international ?<\/strong><br \/>\nOui, nous sommes un exportateur exp\u00e9riment\u00e9 avec un r\u00e9seau mondial, fournissant des cacahu\u00e8tes grill\u00e9es \u00e0 une vari\u00e9t\u00e9 de march\u00e9s sur diff\u00e9rents continents.<\/p>\n<p><strong>9. Vos cacahu\u00e8tes grill\u00e9es sont-elles adapt\u00e9es \u00e0 la production de beurre de cacahu\u00e8te ?<\/strong><br \/>\nAbsolument, nos cacahu\u00e8tes grill\u00e9es sont id\u00e9ales pour une utilisation dans la fabrication de beurre de cacahu\u00e8te, offrant un go\u00fbt et une texture sup\u00e9rieurs.<\/p>","protected":false},"excerpt":{"rendered":"<p>Nous sommes fabricant et fournisseur de grains d&#039;arachides grill\u00e9s en Chine<\/p>\n<p>\u2013 MOQ: 1 tonne<br \/>\n\u2013 Service OEM\/ODM offert<br \/>\n\u2013 \u00c9chantillon gratuit disponible<br \/>\n\u2013 Accepter la personnalisation (sp\u00e9cifications, couleur, tailles, emballage, design, etc.)<\/p>\n<p>Si vous souhaitez obtenir des grains d&#039;arachides grill\u00e9s, veuillez nous contacter.<\/p>","protected":false},"featured_media":1697,"comment_status":"open","ping_status":"closed","template":"","meta":[],"product_cat":[37],"product_tag":[],"class_list":{"0":"post-1553","1":"product","2":"type-product","3":"status-publish","4":"has-post-thumbnail","6":"product_cat-roasted-peanut","8":"first","9":"instock","10":"featured","11":"shipping-taxable","12":"product-type-simple"},"yoast_head":"<!-- This site is optimized with the Yoast SEO plugin v24.9 - https:\/\/yoast.com\/wordpress\/plugins\/seo\/ -->\n<title>Roasted Peanut Kernels - Peanut Butter Factory<\/title>\n<meta name=\"description\" content=\"Premium Roasted Peanut Kernels OEM supplier, private label manufacturer, and exporter. Choose us for superior quality and customizable options.\" \/>\n<meta name=\"robots\" content=\"index, follow, max-snippet:-1, max-image-preview:large, max-video-preview:-1\" \/>\n<link rel=\"canonical\" href=\"https:\/\/www.peanutoem.com\/fr\/manufacturer\/roasted-peanut-kernels\/\" \/>\n<meta property=\"og:locale\" content=\"fr_FR\" \/>\n<meta property=\"og:type\" content=\"article\" \/>\n<meta property=\"og:title\" content=\"Roasted Peanut Kernels - Peanut Butter Factory\" \/>\n<meta property=\"og:description\" content=\"Premium Roasted Peanut Kernels OEM supplier, private label manufacturer, and exporter. Choose us for superior quality and customizable options.\" \/>\n<meta property=\"og:url\" content=\"https:\/\/www.peanutoem.com\/fr\/manufacturer\/roasted-peanut-kernels\/\" \/>\n<meta property=\"og:site_name\" content=\"Peanut Butter Factory\" \/>\n<meta property=\"article:modified_time\" content=\"2024-09-24T15:21:33+00:00\" \/>\n<meta property=\"og:image\" content=\"https:\/\/www.peanutoem.com\/wp-content\/uploads\/2024\/09\/Roasted-Peanut-Kernels-on-plate-scaled.webp\" \/>\n\t<meta property=\"og:image:width\" content=\"2560\" \/>\n\t<meta property=\"og:image:height\" content=\"1707\" \/>\n\t<meta property=\"og:image:type\" content=\"image\/webp\" \/>\n<meta name=\"twitter:card\" content=\"summary_large_image\" \/>\n<meta name=\"twitter:label1\" content=\"Dur\u00e9e de lecture estim\u00e9e\" \/>\n\t<meta name=\"twitter:data1\" content=\"3 minutes\" \/>\n<script type=\"application\/ld+json\" class=\"yoast-schema-graph\">{\"@context\":\"https:\/\/schema.org\",\"@graph\":[{\"@type\":\"WebPage\",\"@id\":\"https:\/\/www.peanutoem.com\/manufacturer\/roasted-peanut-kernels\/\",\"url\":\"https:\/\/www.peanutoem.com\/manufacturer\/roasted-peanut-kernels\/\",\"name\":\"Roasted Peanut Kernels - Peanut Butter Factory\",\"isPartOf\":{\"@id\":\"https:\/\/www.peanutoem.com\/#website\"},\"primaryImageOfPage\":{\"@id\":\"https:\/\/www.peanutoem.com\/manufacturer\/roasted-peanut-kernels\/#primaryimage\"},\"image\":{\"@id\":\"https:\/\/www.peanutoem.com\/manufacturer\/roasted-peanut-kernels\/#primaryimage\"},\"thumbnailUrl\":\"https:\/\/www.peanutoem.com\/wp-content\/uploads\/2024\/09\/Roasted-Peanut-Kernels-on-plate-scaled.webp\",\"datePublished\":\"2024-09-02T13:58:23+00:00\",\"dateModified\":\"2024-09-24T15:21:33+00:00\",\"description\":\"Premium Roasted Peanut Kernels OEM supplier, private label manufacturer, and exporter. Choose us for superior quality and customizable options.\",\"breadcrumb\":{\"@id\":\"https:\/\/www.peanutoem.com\/manufacturer\/roasted-peanut-kernels\/#breadcrumb\"},\"inLanguage\":\"fr-FR\",\"potentialAction\":[{\"@type\":\"ReadAction\",\"target\":[\"https:\/\/www.peanutoem.com\/manufacturer\/roasted-peanut-kernels\/\"]}]},{\"@type\":\"ImageObject\",\"inLanguage\":\"fr-FR\",\"@id\":\"https:\/\/www.peanutoem.com\/manufacturer\/roasted-peanut-kernels\/#primaryimage\",\"url\":\"https:\/\/www.peanutoem.com\/wp-content\/uploads\/2024\/09\/Roasted-Peanut-Kernels-on-plate-scaled.webp\",\"contentUrl\":\"https:\/\/www.peanutoem.com\/wp-content\/uploads\/2024\/09\/Roasted-Peanut-Kernels-on-plate-scaled.webp\",\"width\":2560,\"height\":1707,\"caption\":\"Roasted Peanut Kernels on plate\"},{\"@type\":\"BreadcrumbList\",\"@id\":\"https:\/\/www.peanutoem.com\/manufacturer\/roasted-peanut-kernels\/#breadcrumb\",\"itemListElement\":[{\"@type\":\"ListItem\",\"position\":1,\"name\":\"Home\",\"item\":\"https:\/\/www.peanutoem.com\/\"},{\"@type\":\"ListItem\",\"position\":2,\"name\":\"Products\",\"item\":\"https:\/\/www.peanutoem.com\/shop\/\"},{\"@type\":\"ListItem\",\"position\":3,\"name\":\"Roasted Peanut Kernels\"}]},{\"@type\":\"WebSite\",\"@id\":\"https:\/\/www.peanutoem.com\/#website\",\"url\":\"https:\/\/www.peanutoem.com\/\",\"name\":\"Peanut Butter Factory\",\"description\":\"Peanut Butter Manufacturer and Roast Peanut OEM Factory | Peanut Private Label China Supplier\",\"publisher\":{\"@id\":\"https:\/\/www.peanutoem.com\/#organization\"},\"alternateName\":\"Peanut Butter OEM and Wholesale\",\"potentialAction\":[{\"@type\":\"SearchAction\",\"target\":{\"@type\":\"EntryPoint\",\"urlTemplate\":\"https:\/\/www.peanutoem.com\/?s={search_term_string}\"},\"query-input\":{\"@type\":\"PropertyValueSpecification\",\"valueRequired\":true,\"valueName\":\"search_term_string\"}}],\"inLanguage\":\"fr-FR\"},{\"@type\":\"Organization\",\"@id\":\"https:\/\/www.peanutoem.com\/#organization\",\"name\":\"Peanut Butter Factory\",\"alternateName\":\"JuFeng Group\",\"url\":\"https:\/\/www.peanutoem.com\/\",\"logo\":{\"@type\":\"ImageObject\",\"inLanguage\":\"fr-FR\",\"@id\":\"https:\/\/www.peanutoem.com\/#\/schema\/logo\/image\/\",\"url\":\"https:\/\/www.peanutoem.com\/wp-content\/uploads\/2024\/09\/JUFENG-LOGO.png\",\"contentUrl\":\"https:\/\/www.peanutoem.com\/wp-content\/uploads\/2024\/09\/JUFENG-LOGO.png\",\"width\":600,\"height\":170,\"caption\":\"Peanut Butter Factory\"},\"image\":{\"@id\":\"https:\/\/www.peanutoem.com\/#\/schema\/logo\/image\/\"}}]}<\/script>\n<!-- \/ Yoast SEO plugin. -->","yoast_head_json":{"title":"Roasted Peanut Kernels - Peanut Butter Factory","description":"Premium Roasted Peanut Kernels OEM supplier, private label manufacturer, and exporter. Choose us for superior quality and customizable options.","robots":{"index":"index","follow":"follow","max-snippet":"max-snippet:-1","max-image-preview":"max-image-preview:large","max-video-preview":"max-video-preview:-1"},"canonical":"https:\/\/www.peanutoem.com\/fr\/manufacturer\/roasted-peanut-kernels\/","og_locale":"fr_FR","og_type":"article","og_title":"Roasted Peanut Kernels - Peanut Butter Factory","og_description":"Premium Roasted Peanut Kernels OEM supplier, private label manufacturer, and exporter. Choose us for superior quality and customizable options.","og_url":"https:\/\/www.peanutoem.com\/fr\/manufacturer\/roasted-peanut-kernels\/","og_site_name":"Peanut Butter Factory","article_modified_time":"2024-09-24T15:21:33+00:00","og_image":[{"width":2560,"height":1707,"url":"https:\/\/www.peanutoem.com\/wp-content\/uploads\/2024\/09\/Roasted-Peanut-Kernels-on-plate-scaled.webp","type":"image\/webp"}],"twitter_card":"summary_large_image","twitter_misc":{"Dur\u00e9e de lecture estim\u00e9e":"3 minutes"},"schema":{"@context":"https:\/\/schema.org","@graph":[{"@type":"WebPage","@id":"https:\/\/www.peanutoem.com\/manufacturer\/roasted-peanut-kernels\/","url":"https:\/\/www.peanutoem.com\/manufacturer\/roasted-peanut-kernels\/","name":"Roasted Peanut Kernels - Peanut Butter Factory","isPartOf":{"@id":"https:\/\/www.peanutoem.com\/#website"},"primaryImageOfPage":{"@id":"https:\/\/www.peanutoem.com\/manufacturer\/roasted-peanut-kernels\/#primaryimage"},"image":{"@id":"https:\/\/www.peanutoem.com\/manufacturer\/roasted-peanut-kernels\/#primaryimage"},"thumbnailUrl":"https:\/\/www.peanutoem.com\/wp-content\/uploads\/2024\/09\/Roasted-Peanut-Kernels-on-plate-scaled.webp","datePublished":"2024-09-02T13:58:23+00:00","dateModified":"2024-09-24T15:21:33+00:00","description":"Premium Roasted Peanut Kernels OEM supplier, private label manufacturer, and exporter. Choose us for superior quality and customizable options.","breadcrumb":{"@id":"https:\/\/www.peanutoem.com\/manufacturer\/roasted-peanut-kernels\/#breadcrumb"},"inLanguage":"fr-FR","potentialAction":[{"@type":"ReadAction","target":["https:\/\/www.peanutoem.com\/manufacturer\/roasted-peanut-kernels\/"]}]},{"@type":"ImageObject","inLanguage":"fr-FR","@id":"https:\/\/www.peanutoem.com\/manufacturer\/roasted-peanut-kernels\/#primaryimage","url":"https:\/\/www.peanutoem.com\/wp-content\/uploads\/2024\/09\/Roasted-Peanut-Kernels-on-plate-scaled.webp","contentUrl":"https:\/\/www.peanutoem.com\/wp-content\/uploads\/2024\/09\/Roasted-Peanut-Kernels-on-plate-scaled.webp","width":2560,"height":1707,"caption":"Roasted Peanut Kernels on plate"},{"@type":"BreadcrumbList","@id":"https:\/\/www.peanutoem.com\/manufacturer\/roasted-peanut-kernels\/#breadcrumb","itemListElement":[{"@type":"ListItem","position":1,"name":"Home","item":"https:\/\/www.peanutoem.com\/"},{"@type":"ListItem","position":2,"name":"Products","item":"https:\/\/www.peanutoem.com\/shop\/"},{"@type":"ListItem","position":3,"name":"Roasted Peanut Kernels"}]},{"@type":"WebSite","@id":"https:\/\/www.peanutoem.com\/#website","url":"https:\/\/www.peanutoem.com\/","name":"Peanut Butter Factory","description":"Peanut Butter Manufacturer and Roast Peanut OEM Factory | Peanut Private Label China Supplier","publisher":{"@id":"https:\/\/www.peanutoem.com\/#organization"},"alternateName":"Peanut Butter OEM and Wholesale","potentialAction":[{"@type":"SearchAction","target":{"@type":"EntryPoint","urlTemplate":"https:\/\/www.peanutoem.com\/?s={search_term_string}"},"query-input":{"@type":"PropertyValueSpecification","valueRequired":true,"valueName":"search_term_string"}}],"inLanguage":"fr-FR"},{"@type":"Organization","@id":"https:\/\/www.peanutoem.com\/#organization","name":"Peanut Butter Factory","alternateName":"JuFeng Group","url":"https:\/\/www.peanutoem.com\/","logo":{"@type":"ImageObject","inLanguage":"fr-FR","@id":"https:\/\/www.peanutoem.com\/#\/schema\/logo\/image\/","url":"https:\/\/www.peanutoem.com\/wp-content\/uploads\/2024\/09\/JUFENG-LOGO.png","contentUrl":"https:\/\/www.peanutoem.com\/wp-content\/uploads\/2024\/09\/JUFENG-LOGO.png","width":600,"height":170,"caption":"Peanut Butter Factory"},"image":{"@id":"https:\/\/www.peanutoem.com\/#\/schema\/logo\/image\/"}}]}},"_links":{"self":[{"href":"https:\/\/www.peanutoem.com\/fr\/wp-json\/wp\/v2\/product\/1553","targetHints":{"allow":["GET"]}}],"collection":[{"href":"https:\/\/www.peanutoem.com\/fr\/wp-json\/wp\/v2\/product"}],"about":[{"href":"https:\/\/www.peanutoem.com\/fr\/wp-json\/wp\/v2\/types\/product"}],"replies":[{"embeddable":true,"href":"https:\/\/www.peanutoem.com\/fr\/wp-json\/wp\/v2\/comments?post=1553"}],"wp:featuredmedia":[{"embeddable":true,"href":"https:\/\/www.peanutoem.com\/fr\/wp-json\/wp\/v2\/media\/1697"}],"wp:attachment":[{"href":"https:\/\/www.peanutoem.com\/fr\/wp-json\/wp\/v2\/media?parent=1553"}],"wp:term":[{"taxonomy":"product_cat","embeddable":true,"href":"https:\/\/www.peanutoem.com\/fr\/wp-json\/wp\/v2\/product_cat?post=1553"},{"taxonomy":"product_tag","embeddable":true,"href":"https:\/\/www.peanutoem.com\/fr\/wp-json\/wp\/v2\/product_tag?post=1553"}],"curies":[{"name":"wp","href":"https:\/\/api.w.org\/{rel}","templated":true}]}}