{"id":1554,"date":"2024-09-02T13:59:01","date_gmt":"2024-09-02T13:59:01","guid":{"rendered":"https:\/\/www.peanutoem.com\/?post_type=product&#038;p=1554"},"modified":"2024-09-28T05:11:42","modified_gmt":"2024-09-28T05:11:42","slug":"roasted-blanched-peanut","status":"publish","type":"product","link":"https:\/\/www.peanutoem.com\/fr\/manufacturer\/roasted-blanched-peanut\/","title":{"rendered":"Cacahu\u00e8tes blanchies grill\u00e9es"},"content":{"rendered":"<h3><strong>Qu&#039;est-ce que l&#039;arachide blanchie grill\u00e9e ?<\/strong><\/h3>\n<p>Les cacahu\u00e8tes blanchies et grill\u00e9es sont soumises \u00e0 un processus sp\u00e9cifique en deux \u00e9tapes. Tout d&#039;abord, les cacahu\u00e8tes crues sont blanchies, ce qui implique de retirer la peau ext\u00e9rieure par chauffage et par des moyens m\u00e9caniques doux. Ensuite, elles sont grill\u00e9es \u00e0 la perfection, ce qui leur donne une saveur riche et noiset\u00e9e et une texture croquante. Ces cacahu\u00e8tes sont id\u00e9ales pour diverses applications, notamment la production de snacks, de confiseries, de fabrication de beurre de cacahu\u00e8te et comme ingr\u00e9dients dans des plats sal\u00e9s.<\/p>\n<p>De plus, les cacahu\u00e8tes blanchies et grill\u00e9es pr\u00e9sentent l&#039;avantage suppl\u00e9mentaire d&#039;une apparence propre et lisse. Cette qualit\u00e9 les rend tr\u00e8s recherch\u00e9es pour les produits o\u00f9 l&#039;attrait visuel et l&#039;uniformit\u00e9 sont essentiels.<\/p>\n<h3><strong>Quels sont les autres noms des cacahu\u00e8tes blanchies grill\u00e9es\u00a0?<\/strong><\/h3>\n<p>Les cacahu\u00e8tes blanchies grill\u00e9es peuvent \u00eatre d\u00e9sign\u00e9es par plusieurs noms, selon les pr\u00e9f\u00e9rences r\u00e9gionales ou l&#039;usage industriel :<\/p>\n<ul>\n<li>Cacahu\u00e8tes grill\u00e9es sans peau<\/li>\n<li>Cacahu\u00e8tes blanchies et grill\u00e9es<\/li>\n<li>Cacahu\u00e8tes blanches grill\u00e9es<\/li>\n<li>Cacahu\u00e8tes blanchies<\/li>\n<li>Graines d&#039;arachides blanchies<\/li>\n<li>Cacahu\u00e8tes enti\u00e8res blanchies grill\u00e9es<\/li>\n<\/ul>\n<p>Ces noms refl\u00e8tent le processus de pr\u00e9paration, o\u00f9 les peaux d&#039;arachide sont retir\u00e9es avant la torr\u00e9faction, ce qui donne un produit final lisse et attrayant.<\/p>\n<h3><img loading=\"lazy\" decoding=\"async\" class=\"alignnone wp-image-1702 size-full\" src=\"https:\/\/www.peanutoem.com\/wp-content\/uploads\/2024\/09\/Whole-Roasted-Blanched-Peanut-.webp\" alt=\"Cacahu\u00e8tes blanchies grill\u00e9es enti\u00e8res\" width=\"1000\" height=\"1000\" srcset=\"https:\/\/www.peanutoem.com\/wp-content\/uploads\/2024\/09\/Whole-Roasted-Blanched-Peanut-.webp 1000w, https:\/\/www.peanutoem.com\/wp-content\/uploads\/2024\/09\/Whole-Roasted-Blanched-Peanut--300x300.webp 300w, https:\/\/www.peanutoem.com\/wp-content\/uploads\/2024\/09\/Whole-Roasted-Blanched-Peanut--150x150.webp 150w, https:\/\/www.peanutoem.com\/wp-content\/uploads\/2024\/09\/Whole-Roasted-Blanched-Peanut--768x768.webp 768w, https:\/\/www.peanutoem.com\/wp-content\/uploads\/2024\/09\/Whole-Roasted-Blanched-Peanut--12x12.webp 12w, https:\/\/www.peanutoem.com\/wp-content\/uploads\/2024\/09\/Whole-Roasted-Blanched-Peanut--600x600.webp 600w, https:\/\/www.peanutoem.com\/wp-content\/uploads\/2024\/09\/Whole-Roasted-Blanched-Peanut--100x100.webp 100w\" sizes=\"auto, (max-width: 1000px) 100vw, 1000px\" \/><\/h3>\n<h3><strong>Pourquoi nous choisir comme fournisseur OEM d&#039;arachides blanchies grill\u00e9es\u00a0?<\/strong><\/h3>\n<p>Nous sommes le leader du march\u00e9 de la production d&#039;arachides blanchies grill\u00e9es, en proposant \u00e0 la fois des arachides blanchies grill\u00e9es enti\u00e8res et des moiti\u00e9s d&#039;arachides blanchies grill\u00e9es. Voici pourquoi nous sommes votre meilleur partenaire :<\/p>\n<ul>\n<li><strong>Expertise en solutions OEM<\/strong>:Gr\u00e2ce \u00e0 nos capacit\u00e9s de production avanc\u00e9es, nous proposons des services OEM sur mesure qui r\u00e9pondent aux sp\u00e9cifications de vos produits, des niveaux de torr\u00e9faction aux exigences d&#039;emballage.<\/li>\n<li><strong>Fabrication de marques priv\u00e9es<\/strong>:Nous nous sp\u00e9cialisons dans la fabrication de marques priv\u00e9es, permettant aux marques de tirer parti de notre expertise tout en d\u00e9veloppant leurs propres produits distincts.<\/li>\n<li><strong>Capacit\u00e9s d\u2019exportation mondiales<\/strong>:En tant qu&#039;exportateur exp\u00e9riment\u00e9, nous servons des clients dans le monde entier avec une logistique efficace et une qualit\u00e9 constante.<\/li>\n<li><strong>Assurance qualit\u00e9 certifi\u00e9e<\/strong>:Nos produits sont certifi\u00e9s selon les normes HACCP, BRCGS, Halal, Kasher et Organic EU, garantissant ainsi le respect des r\u00e9glementations mondiales en mati\u00e8re de s\u00e9curit\u00e9 et de qualit\u00e9 des aliments.<\/li>\n<li><strong>Durabilit\u00e9 et fiabilit\u00e9<\/strong>:Nous privil\u00e9gions les m\u00e9thodes de production durables et maintenons une solide fiabilit\u00e9 de la cha\u00eene d\u2019approvisionnement pour r\u00e9pondre aux besoins de nos clients dans le monde entier.<\/li>\n<\/ul>\n<h3><strong>Sujets d&#039;actualit\u00e9 sur les cacahu\u00e8tes blanchies grill\u00e9es<\/strong><\/h3>\n<ul>\n<li><strong>Entier ou moiti\u00e9<\/strong>:Il est essentiel pour les fabricants de comprendre les cas d&#039;utilisation des cacahu\u00e8tes blanchies grill\u00e9es enti\u00e8res par rapport aux moiti\u00e9s de cacahu\u00e8tes blanchies grill\u00e9es. Les cacahu\u00e8tes enti\u00e8res sont souvent utilis\u00e9es dans les produits de collation haut de gamme, tandis que les moiti\u00e9s sont pr\u00e9f\u00e9r\u00e9es pour la production alimentaire, la p\u00e2tisserie et le beurre de cacahu\u00e8te.<\/li>\n<li><strong>Les bienfaits des cacahu\u00e8tes blanchies grill\u00e9es pour la sant\u00e9<\/strong>:Les arachides blanchies conservent de nombreux avantages nutritionnels des arachides crues, notamment des prot\u00e9ines, des graisses saines et des vitamines et min\u00e9raux essentiels, ce qui en fait un choix judicieux pour les consommateurs soucieux de leur sant\u00e9.<\/li>\n<li><strong>Demande croissante d&#039;ingr\u00e9dients \u00ab Clean Label \u00bb<\/strong>:Alors que de plus en plus de consommateurs recherchent des produits ayant subi un minimum de transformation, les cacahu\u00e8tes blanchies grill\u00e9es constituent un excellent choix d\u2019ingr\u00e9dient pour les collations et les produits alimentaires commercialis\u00e9s sous le nom de \u00ab clean label \u00bb.<\/li>\n<li><strong>Durabilit\u00e9 et impact environnemental des arachides<\/strong>:Par rapport aux autres noix, les arachides, y compris les vari\u00e9t\u00e9s blanchies, n\u00e9cessitent moins de ressources pour leur culture, ce qui en fait un choix durable pour les entreprises alimentaires qui cherchent \u00e0 r\u00e9duire leur empreinte environnementale.<\/li>\n<\/ul>\n<h3><strong>FAQ sur notre r\u00f4le en tant que fabricant d&#039;arachides blanchies grill\u00e9es<\/strong><\/h3>\n<ol>\n<li><strong>Quels sont les bienfaits des cacahu\u00e8tes blanchies ?<\/strong><br \/>\nLes cacahu\u00e8tes blanchies ont leur peau retir\u00e9e, ce qui leur donne un aspect plus propre et une texture uniforme, id\u00e9ale pour les collations et les produits \u00e0 vocation visuelle.<\/li>\n<li><strong>Proposez-vous des options de marque priv\u00e9e ?<\/strong><br \/>\nOui, nous nous sp\u00e9cialisons dans la fabrication de marques priv\u00e9es avec une personnalisation compl\u00e8te de l&#039;emballage et des sp\u00e9cifications de votre marque.<\/li>\n<li><strong>Puis-je personnaliser le niveau de torr\u00e9faction ?<\/strong><br \/>\nAbsolument ! Nous proposons des options de torr\u00e9faction allant de la torr\u00e9faction claire \u00e0 la torr\u00e9faction fonc\u00e9e, adapt\u00e9es \u00e0 vos pr\u00e9f\u00e9rences et aux besoins du march\u00e9.<\/li>\n<li><strong>Comment conserver la fra\u00eecheur ?<\/strong><br \/>\nNous stockons les arachides dans des installations \u00e0 temp\u00e9rature contr\u00f4l\u00e9e pour garantir qu&#039;elles restent fra\u00eeches et de haute qualit\u00e9 pendant le stockage et le transport.<\/li>\n<li><strong>Exportez-vous \u00e0 l\u2019international ?<\/strong><br \/>\nOui, nous avons une vaste exp\u00e9rience dans l\u2019exportation d\u2019arachides blanchies grill\u00e9es vers divers march\u00e9s internationaux avec une logistique efficace.<\/li>\n<li><strong>Quelle est la dur\u00e9e de conservation de vos cacahu\u00e8tes ?<\/strong><br \/>\nNos cacahu\u00e8tes blanchies grill\u00e9es durent de 12 \u00e0 18 mois lorsqu&#039;elles sont stock\u00e9es correctement, garantissant une fra\u00eecheur et une saveur durables.<\/li>\n<li><strong>Quelles sont les utilisations courantes des cacahu\u00e8tes blanchies grill\u00e9es\u00a0?<\/strong><br \/>\nIls sont populaires dans les snacks, les confiseries, le beurre de cacahu\u00e8te et comme ingr\u00e9dients dans les produits sal\u00e9s et de boulangerie.<\/li>\n<li><strong>Comment les cacahu\u00e8tes blanchies grill\u00e9es se comparent-elles aux autres vari\u00e9t\u00e9s\u00a0?<\/strong><br \/>\nLes cacahu\u00e8tes blanchies grill\u00e9es ont une apparence plus lisse et plus propre car leur peau est retir\u00e9e. Cette qualit\u00e9 les rend parfaites pour les produits haut de gamme n\u00e9cessitant une texture homog\u00e8ne.<\/li>\n<\/ol>\n<div class=\"flex max-w-full flex-col flex-grow\">\n<div class=\"min-h-8 text-message flex w-full flex-col items-end gap-2 whitespace-normal break-words [.text-message+&amp;]:mt-5\" dir=\"auto\" data-message-author-role=\"assistant\" data-message-id=\"31ea6229-78d6-4c3f-8f61-fea9e8392c9b\">\n<div class=\"flex w-full flex-col gap-1 empty:hidden first:pt-[3px]\">\n<div class=\"markdown prose w-full break-words dark:prose-invert dark\">\n<a href=\"mailto:globepeanut@gmail.com\" class=\"button primary is-primary is-medium\"  >\n    <span>Envoyez-nous un e-mail<\/span>\n  <\/a>\n\n<\/div>\n<\/div>\n<\/div>\n<\/div>\n<div class=\"mb-2 flex gap-3 empty:hidden -ml-2\">\n<div class=\"items-center justify-start rounded-xl p-1 flex\"><\/div>\n<\/div>","protected":false},"excerpt":{"rendered":"<p>Nous sommes fabricant et fournisseur d&#039;arachides blanchies grill\u00e9es en Chine<\/p>\n<p>\u2013 MOQ: 1 tonne<br \/>\n\u2013 Service OEM\/ODM offert<br \/>\n\u2013 \u00c9chantillon gratuit disponible<br \/>\n\u2013 Accepter la personnalisation (sp\u00e9cifications, tailles, couleur, design, etc.)<br \/>\n\u2013 Type : Cacahu\u00e8tes enti\u00e8res grill\u00e9es, Cacahu\u00e8tes grill\u00e9es coup\u00e9es en deux<\/p>\n<p>Si vous souhaitez obtenir les prix des cacahu\u00e8tes blanchies grill\u00e9es, veuillez nous contacter.<\/p>","protected":false},"featured_media":1701,"comment_status":"open","ping_status":"closed","template":"","meta":[],"product_cat":[37],"product_tag":[],"class_list":{"0":"post-1554","1":"product","2":"type-product","3":"status-publish","4":"has-post-thumbnail","6":"product_cat-roasted-peanut","8":"first","9":"instock","10":"shipping-taxable","11":"product-type-simple"},"yoast_head":"<!-- This site is optimized with the Yoast SEO plugin v24.9 - https:\/\/yoast.com\/wordpress\/plugins\/seo\/ -->\n<title>Roasted Blanched Peanut China Wholesaler - Peanut Butter Factory<\/title>\n<meta name=\"description\" content=\"High-quality Roasted Blanched Peanut OEM supplier, private label manufacturer, and exporter. Choose us for customizable solutions and global expertise.\" \/>\n<meta name=\"robots\" content=\"index, follow, max-snippet:-1, max-image-preview:large, max-video-preview:-1\" \/>\n<link rel=\"canonical\" href=\"https:\/\/www.peanutoem.com\/fr\/manufacturer\/roasted-blanched-peanut\/\" \/>\n<meta property=\"og:locale\" content=\"fr_FR\" \/>\n<meta property=\"og:type\" content=\"article\" \/>\n<meta property=\"og:title\" content=\"Roasted Blanched Peanut China Wholesaler - Peanut Butter Factory\" \/>\n<meta property=\"og:description\" content=\"High-quality Roasted Blanched Peanut OEM supplier, private label manufacturer, and exporter. Choose us for customizable solutions and global expertise.\" \/>\n<meta property=\"og:url\" content=\"https:\/\/www.peanutoem.com\/fr\/manufacturer\/roasted-blanched-peanut\/\" \/>\n<meta property=\"og:site_name\" content=\"Peanut Butter Factory\" \/>\n<meta property=\"article:modified_time\" content=\"2024-09-28T05:11:42+00:00\" \/>\n<meta property=\"og:image\" content=\"https:\/\/www.peanutoem.com\/wp-content\/uploads\/2024\/09\/Whole-Roast-Blanched-Peanut-.webp\" \/>\n\t<meta property=\"og:image:width\" content=\"1000\" \/>\n\t<meta property=\"og:image:height\" content=\"1000\" \/>\n\t<meta property=\"og:image:type\" content=\"image\/webp\" \/>\n<meta name=\"twitter:card\" content=\"summary_large_image\" \/>\n<meta name=\"twitter:label1\" content=\"Dur\u00e9e de lecture estim\u00e9e\" \/>\n\t<meta name=\"twitter:data1\" content=\"4 minutes\" \/>\n<script type=\"application\/ld+json\" class=\"yoast-schema-graph\">{\"@context\":\"https:\/\/schema.org\",\"@graph\":[{\"@type\":\"WebPage\",\"@id\":\"https:\/\/www.peanutoem.com\/manufacturer\/roasted-blanched-peanut\/\",\"url\":\"https:\/\/www.peanutoem.com\/manufacturer\/roasted-blanched-peanut\/\",\"name\":\"Roasted Blanched Peanut China Wholesaler - Peanut Butter Factory\",\"isPartOf\":{\"@id\":\"https:\/\/www.peanutoem.com\/#website\"},\"primaryImageOfPage\":{\"@id\":\"https:\/\/www.peanutoem.com\/manufacturer\/roasted-blanched-peanut\/#primaryimage\"},\"image\":{\"@id\":\"https:\/\/www.peanutoem.com\/manufacturer\/roasted-blanched-peanut\/#primaryimage\"},\"thumbnailUrl\":\"https:\/\/www.peanutoem.com\/wp-content\/uploads\/2024\/09\/Whole-Roast-Blanched-Peanut-.webp\",\"datePublished\":\"2024-09-02T13:59:01+00:00\",\"dateModified\":\"2024-09-28T05:11:42+00:00\",\"description\":\"High-quality Roasted Blanched Peanut OEM supplier, private label manufacturer, and exporter. Choose us for customizable solutions and global expertise.\",\"breadcrumb\":{\"@id\":\"https:\/\/www.peanutoem.com\/manufacturer\/roasted-blanched-peanut\/#breadcrumb\"},\"inLanguage\":\"fr-FR\",\"potentialAction\":[{\"@type\":\"ReadAction\",\"target\":[\"https:\/\/www.peanutoem.com\/manufacturer\/roasted-blanched-peanut\/\"]}]},{\"@type\":\"ImageObject\",\"inLanguage\":\"fr-FR\",\"@id\":\"https:\/\/www.peanutoem.com\/manufacturer\/roasted-blanched-peanut\/#primaryimage\",\"url\":\"https:\/\/www.peanutoem.com\/wp-content\/uploads\/2024\/09\/Whole-Roast-Blanched-Peanut-.webp\",\"contentUrl\":\"https:\/\/www.peanutoem.com\/wp-content\/uploads\/2024\/09\/Whole-Roast-Blanched-Peanut-.webp\",\"width\":1000,\"height\":1000,\"caption\":\"Whole Roast Blanched Peanut\"},{\"@type\":\"BreadcrumbList\",\"@id\":\"https:\/\/www.peanutoem.com\/manufacturer\/roasted-blanched-peanut\/#breadcrumb\",\"itemListElement\":[{\"@type\":\"ListItem\",\"position\":1,\"name\":\"Home\",\"item\":\"https:\/\/www.peanutoem.com\/\"},{\"@type\":\"ListItem\",\"position\":2,\"name\":\"Products\",\"item\":\"https:\/\/www.peanutoem.com\/shop\/\"},{\"@type\":\"ListItem\",\"position\":3,\"name\":\"Roasted Blanched Peanut\"}]},{\"@type\":\"WebSite\",\"@id\":\"https:\/\/www.peanutoem.com\/#website\",\"url\":\"https:\/\/www.peanutoem.com\/\",\"name\":\"Peanut Butter Factory\",\"description\":\"Peanut Butter Manufacturer and Roast Peanut OEM Factory | Peanut Private Label China Supplier\",\"publisher\":{\"@id\":\"https:\/\/www.peanutoem.com\/#organization\"},\"alternateName\":\"Peanut Butter OEM and Wholesale\",\"potentialAction\":[{\"@type\":\"SearchAction\",\"target\":{\"@type\":\"EntryPoint\",\"urlTemplate\":\"https:\/\/www.peanutoem.com\/?s={search_term_string}\"},\"query-input\":{\"@type\":\"PropertyValueSpecification\",\"valueRequired\":true,\"valueName\":\"search_term_string\"}}],\"inLanguage\":\"fr-FR\"},{\"@type\":\"Organization\",\"@id\":\"https:\/\/www.peanutoem.com\/#organization\",\"name\":\"Peanut Butter Factory\",\"alternateName\":\"JuFeng Group\",\"url\":\"https:\/\/www.peanutoem.com\/\",\"logo\":{\"@type\":\"ImageObject\",\"inLanguage\":\"fr-FR\",\"@id\":\"https:\/\/www.peanutoem.com\/#\/schema\/logo\/image\/\",\"url\":\"https:\/\/www.peanutoem.com\/wp-content\/uploads\/2024\/09\/JUFENG-LOGO.png\",\"contentUrl\":\"https:\/\/www.peanutoem.com\/wp-content\/uploads\/2024\/09\/JUFENG-LOGO.png\",\"width\":600,\"height\":170,\"caption\":\"Peanut Butter Factory\"},\"image\":{\"@id\":\"https:\/\/www.peanutoem.com\/#\/schema\/logo\/image\/\"}}]}<\/script>\n<!-- \/ Yoast SEO plugin. -->","yoast_head_json":{"title":"Roasted Blanched Peanut China Wholesaler - Peanut Butter Factory","description":"High-quality Roasted Blanched Peanut OEM supplier, private label manufacturer, and exporter. Choose us for customizable solutions and global expertise.","robots":{"index":"index","follow":"follow","max-snippet":"max-snippet:-1","max-image-preview":"max-image-preview:large","max-video-preview":"max-video-preview:-1"},"canonical":"https:\/\/www.peanutoem.com\/fr\/manufacturer\/roasted-blanched-peanut\/","og_locale":"fr_FR","og_type":"article","og_title":"Roasted Blanched Peanut China Wholesaler - Peanut Butter Factory","og_description":"High-quality Roasted Blanched Peanut OEM supplier, private label manufacturer, and exporter. Choose us for customizable solutions and global expertise.","og_url":"https:\/\/www.peanutoem.com\/fr\/manufacturer\/roasted-blanched-peanut\/","og_site_name":"Peanut Butter Factory","article_modified_time":"2024-09-28T05:11:42+00:00","og_image":[{"width":1000,"height":1000,"url":"https:\/\/www.peanutoem.com\/wp-content\/uploads\/2024\/09\/Whole-Roast-Blanched-Peanut-.webp","type":"image\/webp"}],"twitter_card":"summary_large_image","twitter_misc":{"Dur\u00e9e de lecture estim\u00e9e":"4 minutes"},"schema":{"@context":"https:\/\/schema.org","@graph":[{"@type":"WebPage","@id":"https:\/\/www.peanutoem.com\/manufacturer\/roasted-blanched-peanut\/","url":"https:\/\/www.peanutoem.com\/manufacturer\/roasted-blanched-peanut\/","name":"Roasted Blanched Peanut China Wholesaler - Peanut Butter Factory","isPartOf":{"@id":"https:\/\/www.peanutoem.com\/#website"},"primaryImageOfPage":{"@id":"https:\/\/www.peanutoem.com\/manufacturer\/roasted-blanched-peanut\/#primaryimage"},"image":{"@id":"https:\/\/www.peanutoem.com\/manufacturer\/roasted-blanched-peanut\/#primaryimage"},"thumbnailUrl":"https:\/\/www.peanutoem.com\/wp-content\/uploads\/2024\/09\/Whole-Roast-Blanched-Peanut-.webp","datePublished":"2024-09-02T13:59:01+00:00","dateModified":"2024-09-28T05:11:42+00:00","description":"High-quality Roasted Blanched Peanut OEM supplier, private label manufacturer, and exporter. Choose us for customizable solutions and global expertise.","breadcrumb":{"@id":"https:\/\/www.peanutoem.com\/manufacturer\/roasted-blanched-peanut\/#breadcrumb"},"inLanguage":"fr-FR","potentialAction":[{"@type":"ReadAction","target":["https:\/\/www.peanutoem.com\/manufacturer\/roasted-blanched-peanut\/"]}]},{"@type":"ImageObject","inLanguage":"fr-FR","@id":"https:\/\/www.peanutoem.com\/manufacturer\/roasted-blanched-peanut\/#primaryimage","url":"https:\/\/www.peanutoem.com\/wp-content\/uploads\/2024\/09\/Whole-Roast-Blanched-Peanut-.webp","contentUrl":"https:\/\/www.peanutoem.com\/wp-content\/uploads\/2024\/09\/Whole-Roast-Blanched-Peanut-.webp","width":1000,"height":1000,"caption":"Whole Roast Blanched Peanut"},{"@type":"BreadcrumbList","@id":"https:\/\/www.peanutoem.com\/manufacturer\/roasted-blanched-peanut\/#breadcrumb","itemListElement":[{"@type":"ListItem","position":1,"name":"Home","item":"https:\/\/www.peanutoem.com\/"},{"@type":"ListItem","position":2,"name":"Products","item":"https:\/\/www.peanutoem.com\/shop\/"},{"@type":"ListItem","position":3,"name":"Roasted Blanched Peanut"}]},{"@type":"WebSite","@id":"https:\/\/www.peanutoem.com\/#website","url":"https:\/\/www.peanutoem.com\/","name":"Peanut Butter Factory","description":"Peanut Butter Manufacturer and Roast Peanut OEM Factory | Peanut Private Label China Supplier","publisher":{"@id":"https:\/\/www.peanutoem.com\/#organization"},"alternateName":"Peanut Butter OEM and Wholesale","potentialAction":[{"@type":"SearchAction","target":{"@type":"EntryPoint","urlTemplate":"https:\/\/www.peanutoem.com\/?s={search_term_string}"},"query-input":{"@type":"PropertyValueSpecification","valueRequired":true,"valueName":"search_term_string"}}],"inLanguage":"fr-FR"},{"@type":"Organization","@id":"https:\/\/www.peanutoem.com\/#organization","name":"Peanut Butter Factory","alternateName":"JuFeng Group","url":"https:\/\/www.peanutoem.com\/","logo":{"@type":"ImageObject","inLanguage":"fr-FR","@id":"https:\/\/www.peanutoem.com\/#\/schema\/logo\/image\/","url":"https:\/\/www.peanutoem.com\/wp-content\/uploads\/2024\/09\/JUFENG-LOGO.png","contentUrl":"https:\/\/www.peanutoem.com\/wp-content\/uploads\/2024\/09\/JUFENG-LOGO.png","width":600,"height":170,"caption":"Peanut Butter Factory"},"image":{"@id":"https:\/\/www.peanutoem.com\/#\/schema\/logo\/image\/"}}]}},"_links":{"self":[{"href":"https:\/\/www.peanutoem.com\/fr\/wp-json\/wp\/v2\/product\/1554","targetHints":{"allow":["GET"]}}],"collection":[{"href":"https:\/\/www.peanutoem.com\/fr\/wp-json\/wp\/v2\/product"}],"about":[{"href":"https:\/\/www.peanutoem.com\/fr\/wp-json\/wp\/v2\/types\/product"}],"replies":[{"embeddable":true,"href":"https:\/\/www.peanutoem.com\/fr\/wp-json\/wp\/v2\/comments?post=1554"}],"wp:featuredmedia":[{"embeddable":true,"href":"https:\/\/www.peanutoem.com\/fr\/wp-json\/wp\/v2\/media\/1701"}],"wp:attachment":[{"href":"https:\/\/www.peanutoem.com\/fr\/wp-json\/wp\/v2\/media?parent=1554"}],"wp:term":[{"taxonomy":"product_cat","embeddable":true,"href":"https:\/\/www.peanutoem.com\/fr\/wp-json\/wp\/v2\/product_cat?post=1554"},{"taxonomy":"product_tag","embeddable":true,"href":"https:\/\/www.peanutoem.com\/fr\/wp-json\/wp\/v2\/product_tag?post=1554"}],"curies":[{"name":"wp","href":"https:\/\/api.w.org\/{rel}","templated":true}]}}