{"id":1555,"date":"2024-09-02T14:00:33","date_gmt":"2024-09-02T14:00:33","guid":{"rendered":"https:\/\/www.peanutoem.com\/?post_type=product&#038;p=1555"},"modified":"2024-09-28T04:44:51","modified_gmt":"2024-09-28T04:44:51","slug":"roasted-peanut-kernels-in-split","status":"publish","type":"product","link":"https:\/\/www.peanutoem.com\/fr\/manufacturer\/roasted-peanut-kernels-in-split\/","title":{"rendered":"Grains d&#039;arachides grill\u00e9s en morceaux | Grains d&#039;arachides grill\u00e9s en tranches"},"content":{"rendered":"<h3>Que sont les grains d&#039;arachides grill\u00e9s dans Split ?<\/h3>\n<p>Les cacahu\u00e8tes grill\u00e9es en deux, ou les cacahu\u00e8tes grill\u00e9es en deux, sont des cacahu\u00e8tes qui ont \u00e9t\u00e9 soigneusement grill\u00e9es \u00e0 la perfection, puis soigneusement coup\u00e9es en deux. Elles sont connues pour leur ar\u00f4me riche, leur go\u00fbt croustillant et leur large application dans les collations, les produits de boulangerie et une vari\u00e9t\u00e9 d&#039;aliments. Le processus de torr\u00e9faction am\u00e9liore non seulement le go\u00fbt naturel des cacahu\u00e8tes, mais en fait \u00e9galement un choix id\u00e9al pour les fabricants de produits alimentaires, les marques de collations et les consommateurs qui recherchent une alimentation plus saine.<\/p>\n<h3>Noms alternatifs pour les grains d&#039;arachides grill\u00e9s en morceaux<\/h3>\n<p>Les cacahu\u00e8tes grill\u00e9es en morceaux sont \u00e9galement d\u00e9sign\u00e9es par d&#039;autres noms selon la r\u00e9gion ou le march\u00e9, notamment\u00a0:<\/p>\n<ul>\n<li>Cacahu\u00e8tes grill\u00e9es fendues<\/li>\n<li>Moiti\u00e9s de cacahu\u00e8tes grill\u00e9es<\/li>\n<li>Grains d&#039;arachides grill\u00e9s fendus<\/li>\n<li>Splits aux cacahu\u00e8tes<\/li>\n<\/ul>\n<h3>Sujets d&#039;actualit\u00e9 pertinents<\/h3>\n<ol>\n<li><strong>Les bienfaits des cacahu\u00e8tes grill\u00e9es pour la sant\u00e9<\/strong>:Les cacahu\u00e8tes grill\u00e9es sont une source riche en prot\u00e9ines, en graisses saines et en vitamines essentielles. Elles constituent une collation nutritive ou un ingr\u00e9dient dans divers produits ax\u00e9s sur la sant\u00e9.<\/li>\n<li><strong>La demande croissante de snacks \u00e0 base d\u2019arachides :<\/strong> Les cacahu\u00e8tes grill\u00e9es sous forme fendue gagnent en popularit\u00e9 en raison de la demande croissante de collations saines.<\/li>\n<li><strong>S\u00e9curit\u00e9 alimentaire et contr\u00f4le de la qualit\u00e9 dans la transformation des arachides :<\/strong> Le maintien de normes de production et de manutention \u00e9lev\u00e9es est essentiel pour l\u2019int\u00e9grit\u00e9 du produit et le respect des r\u00e9glementations en mati\u00e8re de s\u00e9curit\u00e9 alimentaire.<\/li>\n<li><strong>Produits \u00e0 base d\u2019arachides de marque priv\u00e9e :<\/strong> De nombreuses marques choisissent nos services de marque priv\u00e9e pour proposer des cacahu\u00e8tes grill\u00e9es en tranches de qualit\u00e9 sup\u00e9rieure sous leur propre marque.<\/li>\n<\/ol>\n<p><img loading=\"lazy\" decoding=\"async\" class=\"alignnone wp-image-1720 size-large\" src=\"https:\/\/www.peanutoem.com\/wp-content\/uploads\/2024\/09\/Roasted-Peanut-Power-in-Carton-1024x908.webp\" alt=\"Cacahu\u00e8tes grill\u00e9es en poudre dans un carton\" width=\"1020\" height=\"904\" srcset=\"https:\/\/www.peanutoem.com\/wp-content\/uploads\/2024\/09\/Roasted-Peanut-Power-in-Carton-1024x908.webp 1024w, https:\/\/www.peanutoem.com\/wp-content\/uploads\/2024\/09\/Roasted-Peanut-Power-in-Carton-300x266.webp 300w, https:\/\/www.peanutoem.com\/wp-content\/uploads\/2024\/09\/Roasted-Peanut-Power-in-Carton-768x681.webp 768w, https:\/\/www.peanutoem.com\/wp-content\/uploads\/2024\/09\/Roasted-Peanut-Power-in-Carton-1536x1362.webp 1536w, https:\/\/www.peanutoem.com\/wp-content\/uploads\/2024\/09\/Roasted-Peanut-Power-in-Carton-2048x1816.webp 2048w, https:\/\/www.peanutoem.com\/wp-content\/uploads\/2024\/09\/Roasted-Peanut-Power-in-Carton-14x12.webp 14w, https:\/\/www.peanutoem.com\/wp-content\/uploads\/2024\/09\/Roasted-Peanut-Power-in-Carton-600x532.webp 600w\" sizes=\"auto, (max-width: 1020px) 100vw, 1020px\" \/><\/p>\n<hr \/>\n<h3>Pourquoi nous choisir comme fournisseur de grains d\u2019arachides grill\u00e9s en tranches\u00a0?<\/h3>\n<p>Nous sommes un fournisseur de confiance de grains d&#039;arachides grill\u00e9s \u00e0 Split pour plusieurs raisons convaincantes\u00a0:<\/p>\n<ul>\n<li><strong>Installations de production avanc\u00e9es :<\/strong> Notre usine utilise des lignes de production am\u00e9ricaines de pointe pour des processus de torr\u00e9faction et de d\u00e9coupe de premier ordre.<\/li>\n<li><strong>Assurance qualit\u00e9 stricte :<\/strong> Nous effectuons des tests complets dans notre laboratoire pour garantir que chaque lot r\u00e9pond aux normes mondiales.<\/li>\n<li><strong>Certifications mondiales :<\/strong> Nos cacahu\u00e8tes grill\u00e9es sont certifi\u00e9es HACCP, BRCGS, casher, halal et biologique de l&#039;UE pour leur qualit\u00e9 et leur s\u00e9curit\u00e9.<\/li>\n<li><strong>Cha\u00eene d&#039;approvisionnement fiable :<\/strong> Notre grand entrep\u00f4t \u00e0 temp\u00e9rature constante garantit la qualit\u00e9 des produits et la stabilit\u00e9 de l&#039;approvisionnement tout au long de l&#039;ann\u00e9e.<\/li>\n<li><strong>Services personnalis\u00e9s :<\/strong> Nous fournissons des solutions de marque priv\u00e9e adapt\u00e9es aux besoins sp\u00e9cifiques des marques et des importateurs du monde entier.<\/li>\n<li><strong>D\u00e9veloppement Durable :<\/strong> Nous nous concentrons sur des pratiques durables et travaillons en partenariat avec des cha\u00eenes de supermarch\u00e9s renomm\u00e9es pour une prosp\u00e9rit\u00e9 mutuelle.<\/li>\n<\/ul>\n<h3>Questions et r\u00e9ponses sur les grains d&#039;arachides grill\u00e9es en tranches<\/h3>\n<p><strong>Q : Qu&#039;est-ce qui fait de vous un fournisseur leader d&#039;arachides grill\u00e9es en morceaux ?<\/strong><br \/>\n<strong>UN:<\/strong> Nos installations de production avanc\u00e9es, notre assurance qualit\u00e9 rigoureuse et nos certifications mondiales garantissent que nous livrons constamment des produits de haute qualit\u00e9.<\/p>\n<p><strong>Q : Puis-je personnaliser l&#039;emballage sous ma marque ?<\/strong><br \/>\n<strong>UN:<\/strong> Oui, nous fournissons des services de marque priv\u00e9e, permettant une personnalisation compl\u00e8te de l&#039;emballage et de l&#039;image de marque pour r\u00e9pondre aux besoins de votre march\u00e9.<\/p>\n<p><strong>Q : Quelles certifications poss\u00e8dent vos cacahu\u00e8tes grill\u00e9es ?<\/strong><br \/>\n<strong>UN:<\/strong> Nos produits sont certifi\u00e9s HACCP, BRC, Halal, Kasher, EU Organic et d&#039;autres normes mondiales, garantissant qualit\u00e9 et s\u00e9curit\u00e9.<\/p>\n<p><strong>Q : Comment garantissez-vous la fra\u00eecheur et la qualit\u00e9 ?<\/strong><br \/>\n<strong>UN:<\/strong> Notre grande installation de stockage \u00e0 temp\u00e9rature constante maintient des conditions optimales, pr\u00e9servant la fra\u00eecheur et la qualit\u00e9 jusqu&#039;\u00e0 la livraison.<\/p>\n<p><strong>Q\u00a0: Proposez-vous des commandes group\u00e9es pour une exp\u00e9dition internationale\u00a0?<\/strong><br \/>\n<strong>UN:<\/strong> Oui, nous nous sp\u00e9cialisons dans les commandes group\u00e9es et les exp\u00e9ditions internationales, garantissant une cha\u00eene d\u2019approvisionnement transparente pour les clients mondiaux.<\/p>\n<p><strong>Q\u00a0: Quels sont les avantages de choisir des cacahu\u00e8tes grill\u00e9es sous forme fendue\u00a0?<\/strong><br \/>\n<strong>UN:<\/strong> Les grains d&#039;arachides grill\u00e9s fendus offrent un produit pr\u00eat \u00e0 l&#039;emploi avec une saveur et une texture am\u00e9lior\u00e9es, id\u00e9al pour les collations et les garnitures.<\/p>\n<p><strong>Q : Y a-t-il des additifs dans vos cacahu\u00e8tes grill\u00e9es ?<\/strong><br \/>\n<strong>UN:<\/strong> Non, nos cacahu\u00e8tes grill\u00e9es sont exemptes d&#039;additifs et de conservateurs, garantissant ainsi un produit naturel.<\/p>\n<p><strong>Q\u00a0:\u00a0Puis-je demander des niveaux de torr\u00e9faction sp\u00e9cifiques\u00a0?<\/strong><br \/>\n<strong>UN:<\/strong> Oui, nous pouvons personnaliser les niveaux de torr\u00e9faction selon vos sp\u00e9cifications, que vous pr\u00e9f\u00e9riez une torr\u00e9faction l\u00e9g\u00e8re, moyenne ou fonc\u00e9e.<\/p>\n<p><strong>Q : Comment puis-je demander un \u00e9chantillon ?<\/strong><br \/>\n<strong>UN:<\/strong> <a href=\"mailto:globepeanut@gmail.com\" target=\"_blank\" rel=\"noopener\">Contact <\/a>notre \u00e9quipe commerciale pour demander un \u00e9chantillon et discuter de vos besoins sp\u00e9cifiques.<\/p>\n<p><strong>Q : \u00c0 quels march\u00e9s approvisionnez-vous ?<\/strong><br \/>\n<strong>UN:<\/strong> Nous fournissons des cacahu\u00e8tes grill\u00e9es \u00e0 divers march\u00e9s mondiaux, notamment en Am\u00e9rique du Nord, en Europe, en Asie et au Moyen-Orient, avec de solides partenariats industriels.<\/p>\n<a href=\"mailto:globepeanut@gmail.com\" class=\"button primary is-primary is-medium\"  >\n    <span>Envoyez-nous un e-mail<\/span>\n  <\/a>","protected":false},"excerpt":{"rendered":"<p>Nous sommes fabricant et fournisseur de grains d&#039;arachides grill\u00e9s en tranches en Chine<\/p>\n<p>\u2013 MOQ: 1 tonne<br \/>\n\u2013 Service OEM\/ODM offert<br \/>\n\u2013 \u00c9chantillon gratuit disponible<br \/>\n\u2013 Accepter la personnalisation (sp\u00e9cifications, tailles, couleur, design, etc.)<br \/>\n\u2013 Sp\u00e9cifications (3-5 mesh, 4-7 mesh, 5-8 mesh, 6-10 mesh, 8-14 mesh ou selon vos besoins)<\/p>\n<p>Si vous souhaitez obtenir des grains d&#039;arachides grill\u00e9s en grains fendus ou tranch\u00e9s, veuillez nous contacter.<\/p>","protected":false},"featured_media":1712,"comment_status":"open","ping_status":"closed","template":"","meta":[],"product_cat":[37],"product_tag":[],"class_list":{"0":"post-1555","1":"product","2":"type-product","3":"status-publish","4":"has-post-thumbnail","6":"product_cat-roasted-peanut","8":"first","9":"instock","10":"shipping-taxable","11":"product-type-simple"},"yoast_head":"<!-- This site is optimized with the Yoast SEO plugin v24.9 - https:\/\/yoast.com\/wordpress\/plugins\/seo\/ -->\n<title>Roasted Peanut Kernels in Split | Sliced Roasted Peanut Kernels - Peanut Butter Factory<\/title>\n<meta name=\"description\" content=\"We are leading OEM manufacturer, supplier, and exporter of high-quality Roasted Peanut Kernels in Split. Private label services and global brands partner.\" \/>\n<meta name=\"robots\" content=\"index, follow, max-snippet:-1, max-image-preview:large, max-video-preview:-1\" \/>\n<link rel=\"canonical\" href=\"https:\/\/www.peanutoem.com\/fr\/manufacturer\/roasted-peanut-kernels-in-split\/\" \/>\n<meta property=\"og:locale\" content=\"fr_FR\" \/>\n<meta property=\"og:type\" content=\"article\" \/>\n<meta property=\"og:title\" content=\"Roasted Peanut Kernels in Split | Sliced Roasted Peanut Kernels - Peanut Butter Factory\" \/>\n<meta property=\"og:description\" content=\"We are leading OEM manufacturer, supplier, and exporter of high-quality Roasted Peanut Kernels in Split. Private label services and global brands partner.\" \/>\n<meta property=\"og:url\" content=\"https:\/\/www.peanutoem.com\/fr\/manufacturer\/roasted-peanut-kernels-in-split\/\" \/>\n<meta property=\"og:site_name\" content=\"Peanut Butter Factory\" \/>\n<meta property=\"article:modified_time\" content=\"2024-09-28T04:44:51+00:00\" \/>\n<meta property=\"og:image\" content=\"https:\/\/www.peanutoem.com\/wp-content\/uploads\/2024\/09\/4-6mm-roasted-peanut-kernels-scaled.webp\" \/>\n\t<meta property=\"og:image:width\" content=\"1920\" \/>\n\t<meta property=\"og:image:height\" content=\"2560\" \/>\n\t<meta property=\"og:image:type\" content=\"image\/webp\" \/>\n<meta name=\"twitter:card\" content=\"summary_large_image\" \/>\n<meta name=\"twitter:label1\" content=\"Dur\u00e9e de lecture estim\u00e9e\" \/>\n\t<meta name=\"twitter:data1\" content=\"4 minutes\" \/>\n<script type=\"application\/ld+json\" class=\"yoast-schema-graph\">{\"@context\":\"https:\/\/schema.org\",\"@graph\":[{\"@type\":\"WebPage\",\"@id\":\"https:\/\/www.peanutoem.com\/manufacturer\/roasted-peanut-kernels-in-split\/\",\"url\":\"https:\/\/www.peanutoem.com\/manufacturer\/roasted-peanut-kernels-in-split\/\",\"name\":\"Roasted Peanut Kernels in Split | Sliced Roasted Peanut Kernels - Peanut Butter Factory\",\"isPartOf\":{\"@id\":\"https:\/\/www.peanutoem.com\/#website\"},\"primaryImageOfPage\":{\"@id\":\"https:\/\/www.peanutoem.com\/manufacturer\/roasted-peanut-kernels-in-split\/#primaryimage\"},\"image\":{\"@id\":\"https:\/\/www.peanutoem.com\/manufacturer\/roasted-peanut-kernels-in-split\/#primaryimage\"},\"thumbnailUrl\":\"https:\/\/www.peanutoem.com\/wp-content\/uploads\/2024\/09\/4-6mm-roasted-peanut-kernels-scaled.webp\",\"datePublished\":\"2024-09-02T14:00:33+00:00\",\"dateModified\":\"2024-09-28T04:44:51+00:00\",\"description\":\"We are leading OEM manufacturer, supplier, and exporter of high-quality Roasted Peanut Kernels in Split. Private label services and global brands partner.\",\"breadcrumb\":{\"@id\":\"https:\/\/www.peanutoem.com\/manufacturer\/roasted-peanut-kernels-in-split\/#breadcrumb\"},\"inLanguage\":\"fr-FR\",\"potentialAction\":[{\"@type\":\"ReadAction\",\"target\":[\"https:\/\/www.peanutoem.com\/manufacturer\/roasted-peanut-kernels-in-split\/\"]}]},{\"@type\":\"ImageObject\",\"inLanguage\":\"fr-FR\",\"@id\":\"https:\/\/www.peanutoem.com\/manufacturer\/roasted-peanut-kernels-in-split\/#primaryimage\",\"url\":\"https:\/\/www.peanutoem.com\/wp-content\/uploads\/2024\/09\/4-6mm-roasted-peanut-kernels-scaled.webp\",\"contentUrl\":\"https:\/\/www.peanutoem.com\/wp-content\/uploads\/2024\/09\/4-6mm-roasted-peanut-kernels-scaled.webp\",\"width\":1920,\"height\":2560,\"caption\":\"4-6mm roasted peanut kernels\"},{\"@type\":\"BreadcrumbList\",\"@id\":\"https:\/\/www.peanutoem.com\/manufacturer\/roasted-peanut-kernels-in-split\/#breadcrumb\",\"itemListElement\":[{\"@type\":\"ListItem\",\"position\":1,\"name\":\"Home\",\"item\":\"https:\/\/www.peanutoem.com\/\"},{\"@type\":\"ListItem\",\"position\":2,\"name\":\"Products\",\"item\":\"https:\/\/www.peanutoem.com\/shop\/\"},{\"@type\":\"ListItem\",\"position\":3,\"name\":\"Roasted Peanut Kernels in Split | Sliced Roasted Peanut Kernels\"}]},{\"@type\":\"WebSite\",\"@id\":\"https:\/\/www.peanutoem.com\/#website\",\"url\":\"https:\/\/www.peanutoem.com\/\",\"name\":\"Peanut Butter Factory\",\"description\":\"Peanut Butter Manufacturer and Roast Peanut OEM Factory | Peanut Private Label China Supplier\",\"publisher\":{\"@id\":\"https:\/\/www.peanutoem.com\/#organization\"},\"alternateName\":\"Peanut Butter OEM and Wholesale\",\"potentialAction\":[{\"@type\":\"SearchAction\",\"target\":{\"@type\":\"EntryPoint\",\"urlTemplate\":\"https:\/\/www.peanutoem.com\/?s={search_term_string}\"},\"query-input\":{\"@type\":\"PropertyValueSpecification\",\"valueRequired\":true,\"valueName\":\"search_term_string\"}}],\"inLanguage\":\"fr-FR\"},{\"@type\":\"Organization\",\"@id\":\"https:\/\/www.peanutoem.com\/#organization\",\"name\":\"Peanut Butter Factory\",\"alternateName\":\"JuFeng Group\",\"url\":\"https:\/\/www.peanutoem.com\/\",\"logo\":{\"@type\":\"ImageObject\",\"inLanguage\":\"fr-FR\",\"@id\":\"https:\/\/www.peanutoem.com\/#\/schema\/logo\/image\/\",\"url\":\"https:\/\/www.peanutoem.com\/wp-content\/uploads\/2024\/09\/JUFENG-LOGO.png\",\"contentUrl\":\"https:\/\/www.peanutoem.com\/wp-content\/uploads\/2024\/09\/JUFENG-LOGO.png\",\"width\":600,\"height\":170,\"caption\":\"Peanut Butter Factory\"},\"image\":{\"@id\":\"https:\/\/www.peanutoem.com\/#\/schema\/logo\/image\/\"}}]}<\/script>\n<!-- \/ Yoast SEO plugin. -->","yoast_head_json":{"title":"Roasted Peanut Kernels in Split | Sliced Roasted Peanut Kernels - Peanut Butter Factory","description":"We are leading OEM manufacturer, supplier, and exporter of high-quality Roasted Peanut Kernels in Split. Private label services and global brands partner.","robots":{"index":"index","follow":"follow","max-snippet":"max-snippet:-1","max-image-preview":"max-image-preview:large","max-video-preview":"max-video-preview:-1"},"canonical":"https:\/\/www.peanutoem.com\/fr\/manufacturer\/roasted-peanut-kernels-in-split\/","og_locale":"fr_FR","og_type":"article","og_title":"Roasted Peanut Kernels in Split | Sliced Roasted Peanut Kernels - Peanut Butter Factory","og_description":"We are leading OEM manufacturer, supplier, and exporter of high-quality Roasted Peanut Kernels in Split. Private label services and global brands partner.","og_url":"https:\/\/www.peanutoem.com\/fr\/manufacturer\/roasted-peanut-kernels-in-split\/","og_site_name":"Peanut Butter Factory","article_modified_time":"2024-09-28T04:44:51+00:00","og_image":[{"width":1920,"height":2560,"url":"https:\/\/www.peanutoem.com\/wp-content\/uploads\/2024\/09\/4-6mm-roasted-peanut-kernels-scaled.webp","type":"image\/webp"}],"twitter_card":"summary_large_image","twitter_misc":{"Dur\u00e9e de lecture estim\u00e9e":"4 minutes"},"schema":{"@context":"https:\/\/schema.org","@graph":[{"@type":"WebPage","@id":"https:\/\/www.peanutoem.com\/manufacturer\/roasted-peanut-kernels-in-split\/","url":"https:\/\/www.peanutoem.com\/manufacturer\/roasted-peanut-kernels-in-split\/","name":"Roasted Peanut Kernels in Split | Sliced Roasted Peanut Kernels - Peanut Butter Factory","isPartOf":{"@id":"https:\/\/www.peanutoem.com\/#website"},"primaryImageOfPage":{"@id":"https:\/\/www.peanutoem.com\/manufacturer\/roasted-peanut-kernels-in-split\/#primaryimage"},"image":{"@id":"https:\/\/www.peanutoem.com\/manufacturer\/roasted-peanut-kernels-in-split\/#primaryimage"},"thumbnailUrl":"https:\/\/www.peanutoem.com\/wp-content\/uploads\/2024\/09\/4-6mm-roasted-peanut-kernels-scaled.webp","datePublished":"2024-09-02T14:00:33+00:00","dateModified":"2024-09-28T04:44:51+00:00","description":"We are leading OEM manufacturer, supplier, and exporter of high-quality Roasted Peanut Kernels in Split. Private label services and global brands partner.","breadcrumb":{"@id":"https:\/\/www.peanutoem.com\/manufacturer\/roasted-peanut-kernels-in-split\/#breadcrumb"},"inLanguage":"fr-FR","potentialAction":[{"@type":"ReadAction","target":["https:\/\/www.peanutoem.com\/manufacturer\/roasted-peanut-kernels-in-split\/"]}]},{"@type":"ImageObject","inLanguage":"fr-FR","@id":"https:\/\/www.peanutoem.com\/manufacturer\/roasted-peanut-kernels-in-split\/#primaryimage","url":"https:\/\/www.peanutoem.com\/wp-content\/uploads\/2024\/09\/4-6mm-roasted-peanut-kernels-scaled.webp","contentUrl":"https:\/\/www.peanutoem.com\/wp-content\/uploads\/2024\/09\/4-6mm-roasted-peanut-kernels-scaled.webp","width":1920,"height":2560,"caption":"4-6mm roasted peanut kernels"},{"@type":"BreadcrumbList","@id":"https:\/\/www.peanutoem.com\/manufacturer\/roasted-peanut-kernels-in-split\/#breadcrumb","itemListElement":[{"@type":"ListItem","position":1,"name":"Home","item":"https:\/\/www.peanutoem.com\/"},{"@type":"ListItem","position":2,"name":"Products","item":"https:\/\/www.peanutoem.com\/shop\/"},{"@type":"ListItem","position":3,"name":"Roasted Peanut Kernels in Split | Sliced Roasted Peanut Kernels"}]},{"@type":"WebSite","@id":"https:\/\/www.peanutoem.com\/#website","url":"https:\/\/www.peanutoem.com\/","name":"Peanut Butter Factory","description":"Peanut Butter Manufacturer and Roast Peanut OEM Factory | Peanut Private Label China Supplier","publisher":{"@id":"https:\/\/www.peanutoem.com\/#organization"},"alternateName":"Peanut Butter OEM and Wholesale","potentialAction":[{"@type":"SearchAction","target":{"@type":"EntryPoint","urlTemplate":"https:\/\/www.peanutoem.com\/?s={search_term_string}"},"query-input":{"@type":"PropertyValueSpecification","valueRequired":true,"valueName":"search_term_string"}}],"inLanguage":"fr-FR"},{"@type":"Organization","@id":"https:\/\/www.peanutoem.com\/#organization","name":"Peanut Butter Factory","alternateName":"JuFeng Group","url":"https:\/\/www.peanutoem.com\/","logo":{"@type":"ImageObject","inLanguage":"fr-FR","@id":"https:\/\/www.peanutoem.com\/#\/schema\/logo\/image\/","url":"https:\/\/www.peanutoem.com\/wp-content\/uploads\/2024\/09\/JUFENG-LOGO.png","contentUrl":"https:\/\/www.peanutoem.com\/wp-content\/uploads\/2024\/09\/JUFENG-LOGO.png","width":600,"height":170,"caption":"Peanut Butter Factory"},"image":{"@id":"https:\/\/www.peanutoem.com\/#\/schema\/logo\/image\/"}}]}},"_links":{"self":[{"href":"https:\/\/www.peanutoem.com\/fr\/wp-json\/wp\/v2\/product\/1555","targetHints":{"allow":["GET"]}}],"collection":[{"href":"https:\/\/www.peanutoem.com\/fr\/wp-json\/wp\/v2\/product"}],"about":[{"href":"https:\/\/www.peanutoem.com\/fr\/wp-json\/wp\/v2\/types\/product"}],"replies":[{"embeddable":true,"href":"https:\/\/www.peanutoem.com\/fr\/wp-json\/wp\/v2\/comments?post=1555"}],"wp:featuredmedia":[{"embeddable":true,"href":"https:\/\/www.peanutoem.com\/fr\/wp-json\/wp\/v2\/media\/1712"}],"wp:attachment":[{"href":"https:\/\/www.peanutoem.com\/fr\/wp-json\/wp\/v2\/media?parent=1555"}],"wp:term":[{"taxonomy":"product_cat","embeddable":true,"href":"https:\/\/www.peanutoem.com\/fr\/wp-json\/wp\/v2\/product_cat?post=1555"},{"taxonomy":"product_tag","embeddable":true,"href":"https:\/\/www.peanutoem.com\/fr\/wp-json\/wp\/v2\/product_tag?post=1555"}],"curies":[{"name":"wp","href":"https:\/\/api.w.org\/{rel}","templated":true}]}}