{"id":1556,"date":"2024-09-02T14:00:57","date_gmt":"2024-09-02T14:00:57","guid":{"rendered":"https:\/\/www.peanutoem.com\/?post_type=product&#038;p=1556"},"modified":"2024-09-28T04:23:49","modified_gmt":"2024-09-28T04:23:49","slug":"roasted-peanut-powder","status":"publish","type":"product","link":"https:\/\/www.peanutoem.com\/fr\/manufacturer\/roasted-peanut-powder\/","title":{"rendered":"Poudre d&#039;arachide grill\u00e9e"},"content":{"rendered":"<h3>Qu&#039;est-ce que la poudre d&#039;arachide grill\u00e9e ?<\/h3>\n<p>La poudre d&#039;arachide grill\u00e9e est fabriqu\u00e9e en broyant finement des arachides et en am\u00e9liorant leur saveur naturelle gr\u00e2ce \u00e0 un <a href=\"https:\/\/en.wikipedia.org\/wiki\/Roasting\" target=\"_blank\" rel=\"noopener\">grillage<\/a> Proc\u00e9d\u00e9. Cet ingr\u00e9dient polyvalent est populaire dans l&#039;industrie alimentaire, servant de composant de qualit\u00e9 sup\u00e9rieure dans les collations \u00e0 base d&#039;arachides, les produits de boulangerie, les sauces et les poudres prot\u00e9in\u00e9es. Le processus de torr\u00e9faction am\u00e9liore consid\u00e9rablement l&#039;ar\u00f4me de noisette des arachides, ce qui en fait un mat\u00e9riau privil\u00e9gi\u00e9 pour les fabricants de produits alimentaires \u00e0 la recherche d&#039;une riche saveur d&#039;arachides. Sa forme en poudre permet de l&#039;incorporer facilement dans une vari\u00e9t\u00e9 de recettes, apportant une saveur riche aux aliments sans avoir besoin d&#039;eau suppl\u00e9mentaire.<\/p>\n<h3><img loading=\"lazy\" decoding=\"async\" class=\"alignnone wp-image-1719 size-full\" src=\"https:\/\/www.peanutoem.com\/wp-content\/uploads\/2024\/09\/Roasted-Peanut-Powder-in-Pouch.webp\" alt=\"Poudre d&#039;arachide grill\u00e9e en sachet\" width=\"912\" height=\"1128\" srcset=\"https:\/\/www.peanutoem.com\/wp-content\/uploads\/2024\/09\/Roasted-Peanut-Powder-in-Pouch.webp 912w, https:\/\/www.peanutoem.com\/wp-content\/uploads\/2024\/09\/Roasted-Peanut-Powder-in-Pouch-243x300.webp 243w, https:\/\/www.peanutoem.com\/wp-content\/uploads\/2024\/09\/Roasted-Peanut-Powder-in-Pouch-828x1024.webp 828w, https:\/\/www.peanutoem.com\/wp-content\/uploads\/2024\/09\/Roasted-Peanut-Powder-in-Pouch-768x950.webp 768w, https:\/\/www.peanutoem.com\/wp-content\/uploads\/2024\/09\/Roasted-Peanut-Powder-in-Pouch-10x12.webp 10w, https:\/\/www.peanutoem.com\/wp-content\/uploads\/2024\/09\/Roasted-Peanut-Powder-in-Pouch-600x742.webp 600w\" sizes=\"auto, (max-width: 912px) 100vw, 912px\" \/><\/h3>\n<h3>Noms alternatifs pour la poudre d&#039;arachide grill\u00e9e<\/h3>\n<p>La poudre d&#039;arachide grill\u00e9e est connue sous diff\u00e9rents noms sur le march\u00e9. Voici quelques alternatives courantes\u00a0:<\/p>\n<ul>\n<li>Farine d&#039;arachide<\/li>\n<li>Poudre d&#039;arachide moulue grill\u00e9e<\/li>\n<li>Farine d&#039;arachide<\/li>\n<li>Poudre d&#039;arachides grill\u00e9es<\/li>\n<li>Poudre d&#039;arachide d\u00e9graiss\u00e9e<\/li>\n<\/ul>\n<div class=\"group\/conversation-turn relative flex w-full min-w-0 flex-col agent-turn\">\n<div class=\"flex-col gap-1 md:gap-3\">\n<h3>Sujets d&#039;actualit\u00e9 pertinents sur la poudre d&#039;arachide grill\u00e9e<\/h3>\n<ul>\n<li data-pm-slice=\"0 0 []\"><strong>Applications de p\u00e2tisserie sans gluten\u00a0:<\/strong> De plus en plus de boulangers utilisent de la poudre d\u2019arachide grill\u00e9e comme substitut de farine dans les recettes sans gluten, am\u00e9liorant ainsi \u00e0 la fois la saveur et la nutrition.<\/li>\n<li><strong>Avantages pour la sant\u00e9 :<\/strong> Les consommateurs soucieux de leur sant\u00e9 trouvent la poudre d\u2019arachide grill\u00e9e attrayante en raison de sa teneur \u00e9lev\u00e9e en prot\u00e9ines, en fibres et en graisses saines.<\/li>\n<li><strong>Demande croissante de prot\u00e9ines v\u00e9g\u00e9tales :<\/strong> \u00c0 mesure que les r\u00e9gimes \u00e0 base de plantes se d\u00e9veloppent, la poudre d\u2019arachide grill\u00e9e devient une source de prot\u00e9ines privil\u00e9gi\u00e9e pour les v\u00e9g\u00e9taliens et les v\u00e9g\u00e9tariens.<\/li>\n<li><strong>Applications de p\u00e2tisserie sans gluten\u00a0:<\/strong> Les boulangers choisissent de plus en plus la poudre d\u2019arachide grill\u00e9e comme substitut de farine dans les recettes sans gluten, am\u00e9liorant ainsi la saveur et la nutrition.<\/li>\n<li><strong>Utilisations innovantes dans l&#039;industrie alimentaire :<\/strong> Cet ingr\u00e9dient polyvalent rehausse le go\u00fbt et la texture de divers produits, des barres \u00e9nerg\u00e9tiques aux sauces.<\/li>\n<li><strong>Opportunit\u00e9s de marques priv\u00e9es :<\/strong> De nombreuses marques optent pour des produits \u00e0 base d&#039;arachides de marque priv\u00e9e, proposant des solutions de poudre d&#039;arachides grill\u00e9es personnalis\u00e9es avec nous en tant que partenaire OEM de confiance.<\/li>\n<\/ul>\n<h3 class=\"flex max-w-full flex-col flex-grow\"><span style=\"font-size: 20.16px;\">En tant que leader de confiance dans l&#039;industrie de la transformation des arachides, nous proposons de la poudre d&#039;arachides grill\u00e9es de premi\u00e8re qualit\u00e9 pour diverses applications. Voici comment nous nous d\u00e9marquons :<\/span><\/h3>\n<ul>\n<li><strong>Production de pointe :<\/strong> Nos lignes de production avanc\u00e9es garantissent une poudre d&#039;arachide grill\u00e9e de haute qualit\u00e9 avec une granulom\u00e9trie et une saveur constantes.<\/li>\n<li><strong>Solutions personnalis\u00e9es :<\/strong> En tant que fabricant OEM, nous proposons des services de marque priv\u00e9e, des niveaux de torr\u00e9faction personnalis\u00e9s et des options d&#039;emballage flexibles pour r\u00e9pondre \u00e0 vos besoins uniques.<\/li>\n<li><strong>Contr\u00f4le de qualit\u00e9 rigoureux :<\/strong> Nous maintenons les normes de produits les plus \u00e9lev\u00e9es gr\u00e2ce \u00e0 des tests sensoriels, chimiques et microbiens rigoureux dans nos laboratoires de pointe.<\/li>\n<li><strong>Certifications et conformit\u00e9 :<\/strong> Nos certifications (BRCGS, HACCP, Halal, Kasher et EU Organic) confirment que nous adh\u00e9rons \u00e0 des normes strictes de qualit\u00e9 et de s\u00e9curit\u00e9.<\/li>\n<li><strong>Expertise en exportation mondiale :<\/strong> Gr\u00e2ce \u00e0 notre vaste exp\u00e9rience en logistique internationale, nous garantissons un processus d\u2019exportation fluide et fiable vers les march\u00e9s du monde entier.<\/li>\n<li><strong>Engagement en mati\u00e8re de d\u00e9veloppement durable :<\/strong> Nous privil\u00e9gions l\u2019approvisionnement durable et les pratiques de production respectueuses de l\u2019environnement, contribuant ainsi \u00e0 un avenir meilleur pour l\u2019industrie de l\u2019arachide.<\/li>\n<\/ul>\n<h3>Pourquoi nous choisir?<\/h3>\n<ul>\n<li><strong>Meilleur choix :<\/strong> Notre technologie de pointe, nos options de personnalisation et nos certifications mondiales font de nous un fournisseur de premier plan.<\/li>\n<li><strong>Emballage personnalis\u00e9 :<\/strong> Nous proposons des services de marque priv\u00e9e pour adapter votre emballage et votre image de marque \u00e0 vos sp\u00e9cifications.<\/li>\n<li><strong>Assurance fra\u00eecheur :<\/strong> Nos installations de stockage \u00e0 temp\u00e9rature contr\u00f4l\u00e9e maintiennent la fra\u00eecheur des produits pendant le stockage et l&#039;exp\u00e9dition.<\/li>\n<li><strong>Niveaux de torr\u00e9faction :<\/strong> Profitez de niveaux de torr\u00e9faction personnalisables, du clair au fonc\u00e9, con\u00e7us pour s&#039;adapter \u00e0 vos pr\u00e9f\u00e9rences gustatives.<\/li>\n<li><strong>Commandes en gros :<\/strong> Contactez notre \u00e9quipe commerciale pour discuter et r\u00e9pondre facilement \u00e0 vos besoins de commandes en gros.<\/li>\n<li><strong>Applications industrielles :<\/strong> Notre poudre d&#039;arachide grill\u00e9e est populaire dans la p\u00e2tisserie, la fabrication de collations, les suppl\u00e9ments prot\u00e9iques, les sauces et les ar\u00f4mes.<\/li>\n<li><strong>Sans gluten :<\/strong> Naturellement sans gluten, c&#039;est un excellent choix pour les produits alimentaires sans gluten.<\/li>\n<li><strong>\u00c9chantillons disponibles :<\/strong> Nous fournissons des \u00e9chantillons aux clients potentiels pour \u00e9valuer la qualit\u00e9 et l&#039;ad\u00e9quation de notre produit.<\/li>\n<li><strong>Port\u00e9e mondiale :<\/strong> Nous exportons vers les march\u00e9s d\u2019Am\u00e9rique du Nord, d\u2019Europe, d\u2019Asie et du Moyen-Orient, garantissant ainsi un r\u00e9seau d\u2019approvisionnement international solide.<\/li>\n<\/ul>\n<a href=\"mailto:globepeanut@gmail.com\" class=\"button primary is-primary is-medium\"  >\n    <span>Envoyez-nous un e-mail<\/span>\n  <\/a>\n\n<\/div>\n<\/div>","protected":false},"excerpt":{"rendered":"<p>Nous sommes fabricant et fournisseur de poudre d&#039;arachide grill\u00e9e en Chine<\/p>\n<p>\u2013 MOQ: 1 tonne<br \/>\n\u2013 Service OEM\/ODM offert<br \/>\n\u2013 \u00c9chantillon gratuit disponible<br \/>\n\u2013 Accepter la personnalisation (sp\u00e9cifications, tailles, couleur, design, etc.)<br \/>\n\u2013 Sp\u00e9cifications (14 mesh plus petit, ou selon vos besoins)<\/p>\n<p>Si vous souhaitez obtenir de la poudre d&#039;arachide grill\u00e9e, veuillez nous contacter.<\/p>","protected":false},"featured_media":1714,"comment_status":"open","ping_status":"closed","template":"","meta":[],"product_cat":[37],"product_tag":[],"class_list":{"0":"post-1556","1":"product","2":"type-product","3":"status-publish","4":"has-post-thumbnail","6":"product_cat-roasted-peanut","8":"first","9":"instock","10":"shipping-taxable","11":"product-type-simple"},"yoast_head":"<!-- This site is optimized with the Yoast SEO plugin v24.9 - https:\/\/yoast.com\/wordpress\/plugins\/seo\/ -->\n<title>Roasted Peanut Powder Manufacturer - Peanut Butter Factory<\/title>\n<meta name=\"description\" content=\"We are a top OEM, private label manufacturer, and exporter of premium Roasted Peanut Powder, offering quality solutions globally.\" \/>\n<meta name=\"robots\" content=\"index, follow, max-snippet:-1, max-image-preview:large, max-video-preview:-1\" \/>\n<link rel=\"canonical\" href=\"https:\/\/www.peanutoem.com\/fr\/manufacturer\/roasted-peanut-powder\/\" \/>\n<meta property=\"og:locale\" content=\"fr_FR\" \/>\n<meta property=\"og:type\" content=\"article\" \/>\n<meta property=\"og:title\" content=\"Roasted Peanut Powder Manufacturer - Peanut Butter Factory\" \/>\n<meta property=\"og:description\" content=\"We are a top OEM, private label manufacturer, and exporter of premium Roasted Peanut Powder, offering quality solutions globally.\" \/>\n<meta property=\"og:url\" content=\"https:\/\/www.peanutoem.com\/fr\/manufacturer\/roasted-peanut-powder\/\" \/>\n<meta property=\"og:site_name\" content=\"Peanut Butter Factory\" \/>\n<meta property=\"article:modified_time\" content=\"2024-09-28T04:23:49+00:00\" \/>\n<meta property=\"og:image\" content=\"https:\/\/www.peanutoem.com\/wp-content\/uploads\/2024\/09\/Roasted-Peanut-Powder.webp\" \/>\n\t<meta property=\"og:image:width\" content=\"551\" \/>\n\t<meta property=\"og:image:height\" content=\"472\" \/>\n\t<meta property=\"og:image:type\" content=\"image\/webp\" \/>\n<meta name=\"twitter:card\" content=\"summary_large_image\" \/>\n<meta name=\"twitter:label1\" content=\"Dur\u00e9e de lecture estim\u00e9e\" \/>\n\t<meta name=\"twitter:data1\" content=\"3 minutes\" \/>\n<script type=\"application\/ld+json\" class=\"yoast-schema-graph\">{\"@context\":\"https:\/\/schema.org\",\"@graph\":[{\"@type\":\"WebPage\",\"@id\":\"https:\/\/www.peanutoem.com\/manufacturer\/roasted-peanut-powder\/\",\"url\":\"https:\/\/www.peanutoem.com\/manufacturer\/roasted-peanut-powder\/\",\"name\":\"Roasted Peanut Powder Manufacturer - Peanut Butter Factory\",\"isPartOf\":{\"@id\":\"https:\/\/www.peanutoem.com\/#website\"},\"primaryImageOfPage\":{\"@id\":\"https:\/\/www.peanutoem.com\/manufacturer\/roasted-peanut-powder\/#primaryimage\"},\"image\":{\"@id\":\"https:\/\/www.peanutoem.com\/manufacturer\/roasted-peanut-powder\/#primaryimage\"},\"thumbnailUrl\":\"https:\/\/www.peanutoem.com\/wp-content\/uploads\/2024\/09\/Roasted-Peanut-Powder.webp\",\"datePublished\":\"2024-09-02T14:00:57+00:00\",\"dateModified\":\"2024-09-28T04:23:49+00:00\",\"description\":\"We are a top OEM, private label manufacturer, and exporter of premium Roasted Peanut Powder, offering quality solutions globally.\",\"breadcrumb\":{\"@id\":\"https:\/\/www.peanutoem.com\/manufacturer\/roasted-peanut-powder\/#breadcrumb\"},\"inLanguage\":\"fr-FR\",\"potentialAction\":[{\"@type\":\"ReadAction\",\"target\":[\"https:\/\/www.peanutoem.com\/manufacturer\/roasted-peanut-powder\/\"]}]},{\"@type\":\"ImageObject\",\"inLanguage\":\"fr-FR\",\"@id\":\"https:\/\/www.peanutoem.com\/manufacturer\/roasted-peanut-powder\/#primaryimage\",\"url\":\"https:\/\/www.peanutoem.com\/wp-content\/uploads\/2024\/09\/Roasted-Peanut-Powder.webp\",\"contentUrl\":\"https:\/\/www.peanutoem.com\/wp-content\/uploads\/2024\/09\/Roasted-Peanut-Powder.webp\",\"width\":551,\"height\":472,\"caption\":\"Roasted Peanut Powder\"},{\"@type\":\"BreadcrumbList\",\"@id\":\"https:\/\/www.peanutoem.com\/manufacturer\/roasted-peanut-powder\/#breadcrumb\",\"itemListElement\":[{\"@type\":\"ListItem\",\"position\":1,\"name\":\"Home\",\"item\":\"https:\/\/www.peanutoem.com\/\"},{\"@type\":\"ListItem\",\"position\":2,\"name\":\"Products\",\"item\":\"https:\/\/www.peanutoem.com\/shop\/\"},{\"@type\":\"ListItem\",\"position\":3,\"name\":\"Roasted Peanut Powder\"}]},{\"@type\":\"WebSite\",\"@id\":\"https:\/\/www.peanutoem.com\/#website\",\"url\":\"https:\/\/www.peanutoem.com\/\",\"name\":\"Peanut Butter Factory\",\"description\":\"Peanut Butter Manufacturer and Roast Peanut OEM Factory | Peanut Private Label China Supplier\",\"publisher\":{\"@id\":\"https:\/\/www.peanutoem.com\/#organization\"},\"alternateName\":\"Peanut Butter OEM and Wholesale\",\"potentialAction\":[{\"@type\":\"SearchAction\",\"target\":{\"@type\":\"EntryPoint\",\"urlTemplate\":\"https:\/\/www.peanutoem.com\/?s={search_term_string}\"},\"query-input\":{\"@type\":\"PropertyValueSpecification\",\"valueRequired\":true,\"valueName\":\"search_term_string\"}}],\"inLanguage\":\"fr-FR\"},{\"@type\":\"Organization\",\"@id\":\"https:\/\/www.peanutoem.com\/#organization\",\"name\":\"Peanut Butter Factory\",\"alternateName\":\"JuFeng Group\",\"url\":\"https:\/\/www.peanutoem.com\/\",\"logo\":{\"@type\":\"ImageObject\",\"inLanguage\":\"fr-FR\",\"@id\":\"https:\/\/www.peanutoem.com\/#\/schema\/logo\/image\/\",\"url\":\"https:\/\/www.peanutoem.com\/wp-content\/uploads\/2024\/09\/JUFENG-LOGO.png\",\"contentUrl\":\"https:\/\/www.peanutoem.com\/wp-content\/uploads\/2024\/09\/JUFENG-LOGO.png\",\"width\":600,\"height\":170,\"caption\":\"Peanut Butter Factory\"},\"image\":{\"@id\":\"https:\/\/www.peanutoem.com\/#\/schema\/logo\/image\/\"}}]}<\/script>\n<!-- \/ Yoast SEO plugin. -->","yoast_head_json":{"title":"Roasted Peanut Powder Manufacturer - Peanut Butter Factory","description":"We are a top OEM, private label manufacturer, and exporter of premium Roasted Peanut Powder, offering quality solutions globally.","robots":{"index":"index","follow":"follow","max-snippet":"max-snippet:-1","max-image-preview":"max-image-preview:large","max-video-preview":"max-video-preview:-1"},"canonical":"https:\/\/www.peanutoem.com\/fr\/manufacturer\/roasted-peanut-powder\/","og_locale":"fr_FR","og_type":"article","og_title":"Roasted Peanut Powder Manufacturer - Peanut Butter Factory","og_description":"We are a top OEM, private label manufacturer, and exporter of premium Roasted Peanut Powder, offering quality solutions globally.","og_url":"https:\/\/www.peanutoem.com\/fr\/manufacturer\/roasted-peanut-powder\/","og_site_name":"Peanut Butter Factory","article_modified_time":"2024-09-28T04:23:49+00:00","og_image":[{"width":551,"height":472,"url":"https:\/\/www.peanutoem.com\/wp-content\/uploads\/2024\/09\/Roasted-Peanut-Powder.webp","type":"image\/webp"}],"twitter_card":"summary_large_image","twitter_misc":{"Dur\u00e9e de lecture estim\u00e9e":"3 minutes"},"schema":{"@context":"https:\/\/schema.org","@graph":[{"@type":"WebPage","@id":"https:\/\/www.peanutoem.com\/manufacturer\/roasted-peanut-powder\/","url":"https:\/\/www.peanutoem.com\/manufacturer\/roasted-peanut-powder\/","name":"Roasted Peanut Powder Manufacturer - Peanut Butter Factory","isPartOf":{"@id":"https:\/\/www.peanutoem.com\/#website"},"primaryImageOfPage":{"@id":"https:\/\/www.peanutoem.com\/manufacturer\/roasted-peanut-powder\/#primaryimage"},"image":{"@id":"https:\/\/www.peanutoem.com\/manufacturer\/roasted-peanut-powder\/#primaryimage"},"thumbnailUrl":"https:\/\/www.peanutoem.com\/wp-content\/uploads\/2024\/09\/Roasted-Peanut-Powder.webp","datePublished":"2024-09-02T14:00:57+00:00","dateModified":"2024-09-28T04:23:49+00:00","description":"We are a top OEM, private label manufacturer, and exporter of premium Roasted Peanut Powder, offering quality solutions globally.","breadcrumb":{"@id":"https:\/\/www.peanutoem.com\/manufacturer\/roasted-peanut-powder\/#breadcrumb"},"inLanguage":"fr-FR","potentialAction":[{"@type":"ReadAction","target":["https:\/\/www.peanutoem.com\/manufacturer\/roasted-peanut-powder\/"]}]},{"@type":"ImageObject","inLanguage":"fr-FR","@id":"https:\/\/www.peanutoem.com\/manufacturer\/roasted-peanut-powder\/#primaryimage","url":"https:\/\/www.peanutoem.com\/wp-content\/uploads\/2024\/09\/Roasted-Peanut-Powder.webp","contentUrl":"https:\/\/www.peanutoem.com\/wp-content\/uploads\/2024\/09\/Roasted-Peanut-Powder.webp","width":551,"height":472,"caption":"Roasted Peanut Powder"},{"@type":"BreadcrumbList","@id":"https:\/\/www.peanutoem.com\/manufacturer\/roasted-peanut-powder\/#breadcrumb","itemListElement":[{"@type":"ListItem","position":1,"name":"Home","item":"https:\/\/www.peanutoem.com\/"},{"@type":"ListItem","position":2,"name":"Products","item":"https:\/\/www.peanutoem.com\/shop\/"},{"@type":"ListItem","position":3,"name":"Roasted Peanut Powder"}]},{"@type":"WebSite","@id":"https:\/\/www.peanutoem.com\/#website","url":"https:\/\/www.peanutoem.com\/","name":"Peanut Butter Factory","description":"Peanut Butter Manufacturer and Roast Peanut OEM Factory | Peanut Private Label China Supplier","publisher":{"@id":"https:\/\/www.peanutoem.com\/#organization"},"alternateName":"Peanut Butter OEM and Wholesale","potentialAction":[{"@type":"SearchAction","target":{"@type":"EntryPoint","urlTemplate":"https:\/\/www.peanutoem.com\/?s={search_term_string}"},"query-input":{"@type":"PropertyValueSpecification","valueRequired":true,"valueName":"search_term_string"}}],"inLanguage":"fr-FR"},{"@type":"Organization","@id":"https:\/\/www.peanutoem.com\/#organization","name":"Peanut Butter Factory","alternateName":"JuFeng Group","url":"https:\/\/www.peanutoem.com\/","logo":{"@type":"ImageObject","inLanguage":"fr-FR","@id":"https:\/\/www.peanutoem.com\/#\/schema\/logo\/image\/","url":"https:\/\/www.peanutoem.com\/wp-content\/uploads\/2024\/09\/JUFENG-LOGO.png","contentUrl":"https:\/\/www.peanutoem.com\/wp-content\/uploads\/2024\/09\/JUFENG-LOGO.png","width":600,"height":170,"caption":"Peanut Butter Factory"},"image":{"@id":"https:\/\/www.peanutoem.com\/#\/schema\/logo\/image\/"}}]}},"_links":{"self":[{"href":"https:\/\/www.peanutoem.com\/fr\/wp-json\/wp\/v2\/product\/1556","targetHints":{"allow":["GET"]}}],"collection":[{"href":"https:\/\/www.peanutoem.com\/fr\/wp-json\/wp\/v2\/product"}],"about":[{"href":"https:\/\/www.peanutoem.com\/fr\/wp-json\/wp\/v2\/types\/product"}],"replies":[{"embeddable":true,"href":"https:\/\/www.peanutoem.com\/fr\/wp-json\/wp\/v2\/comments?post=1556"}],"wp:featuredmedia":[{"embeddable":true,"href":"https:\/\/www.peanutoem.com\/fr\/wp-json\/wp\/v2\/media\/1714"}],"wp:attachment":[{"href":"https:\/\/www.peanutoem.com\/fr\/wp-json\/wp\/v2\/media?parent=1556"}],"wp:term":[{"taxonomy":"product_cat","embeddable":true,"href":"https:\/\/www.peanutoem.com\/fr\/wp-json\/wp\/v2\/product_cat?post=1556"},{"taxonomy":"product_tag","embeddable":true,"href":"https:\/\/www.peanutoem.com\/fr\/wp-json\/wp\/v2\/product_tag?post=1556"}],"curies":[{"name":"wp","href":"https:\/\/api.w.org\/{rel}","templated":true}]}}