{"id":1637,"date":"2024-09-10T12:28:30","date_gmt":"2024-09-10T12:28:30","guid":{"rendered":"https:\/\/www.peanutoem.com\/?post_type=product&#038;p=1637"},"modified":"2024-10-06T09:58:03","modified_gmt":"2024-10-06T09:58:03","slug":"spicy-peanut-butter","status":"publish","type":"product","link":"https:\/\/www.peanutoem.com\/fr\/manufacturer\/spicy-peanut-butter\/","title":{"rendered":"Beurre de cacahu\u00e8te \u00e9pic\u00e9"},"content":{"rendered":"<h3>Qu&#039;est-ce que le beurre de cacahu\u00e8te \u00e9pic\u00e9 ?<\/h3>\n<p>Le beurre de cacahu\u00e8te \u00e9pic\u00e9 est une variante savoureuse du beurre de cacahu\u00e8te traditionnel, combinant la texture cr\u00e9meuse ou croquante des cacahu\u00e8tes avec une touche de chaleur provenant d&#039;\u00e9pices comme <a href=\"https:\/\/en.wikipedia.org\/wiki\/Chili\" target=\"_blank\" rel=\"noopener\">piment<\/a>, paprika ou poivre de Cayenne. Il est parfait pour ceux qui aiment m\u00e9langer les saveurs sucr\u00e9es et \u00e9pic\u00e9es, ajoutant du piquant aux collations, aux sandwichs et aux recettes. Qu&#039;il soit utilis\u00e9 comme trempette, tartinade ou ingr\u00e9dient, le beurre de cacahu\u00e8te \u00e9pic\u00e9 devient un choix populaire parmi les amateurs de cuisine.<\/p>\n<p><img loading=\"lazy\" decoding=\"async\" class=\"alignnone wp-image-1675 size-full\" src=\"https:\/\/www.peanutoem.com\/wp-content\/uploads\/2024\/09\/Spicy-Peanut-Butter-on-Table.webp\" alt=\"Beurre de cacahu\u00e8te \u00e9pic\u00e9 sur la table\" width=\"912\" height=\"1144\" srcset=\"https:\/\/www.peanutoem.com\/wp-content\/uploads\/2024\/09\/Spicy-Peanut-Butter-on-Table.webp 912w, https:\/\/www.peanutoem.com\/wp-content\/uploads\/2024\/09\/Spicy-Peanut-Butter-on-Table-239x300.webp 239w, https:\/\/www.peanutoem.com\/wp-content\/uploads\/2024\/09\/Spicy-Peanut-Butter-on-Table-816x1024.webp 816w, https:\/\/www.peanutoem.com\/wp-content\/uploads\/2024\/09\/Spicy-Peanut-Butter-on-Table-768x963.webp 768w, https:\/\/www.peanutoem.com\/wp-content\/uploads\/2024\/09\/Spicy-Peanut-Butter-on-Table-10x12.webp 10w, https:\/\/www.peanutoem.com\/wp-content\/uploads\/2024\/09\/Spicy-Peanut-Butter-on-Table-600x753.webp 600w\" sizes=\"auto, (max-width: 912px) 100vw, 912px\" \/><\/p>\n<h3>Quels sont les autres noms du beurre de cacahu\u00e8te \u00e9pic\u00e9\u00a0?<\/h3>\n<p>Le beurre de cacahu\u00e8te \u00e9pic\u00e9 peut porter diff\u00e9rents noms selon la r\u00e9gion et les profils de saveur. Ces noms mettent en valeur la composante piquante, ce qui permet aux consommateurs du monde entier de comprendre plus facilement son attrait unique. Voici quelques noms alternatifs :<\/p>\n<ul>\n<li>Beurre de cacahu\u00e8te chaud<\/li>\n<li>Beurre de cacahu\u00e8te infus\u00e9 au chili<\/li>\n<li>Tartinade au beurre de cacahu\u00e8te \u00e9pic\u00e9e<\/li>\n<li>Beurre de noix \u00e9pic\u00e9<\/li>\n<li>Tartinade d&#039;arachides \u00e9pic\u00e9e<\/li>\n<\/ul>\n<p><span style=\"font-size: 20.16px;\">Sujets d&#039;actualit\u00e9<\/span><\/p>\n<ul>\n<li><strong>D\u00e9couvrir les recettes de beurre de cacahu\u00e8te \u00e9pic\u00e9<\/strong><br \/>\nLe beurre de cacahu\u00e8te \u00e9pic\u00e9 est une v\u00e9ritable source de cr\u00e9ativit\u00e9 en cuisine. Il sert non seulement de sauce savoureuse, mais brille \u00e9galement dans divers plats. Il ajoute une touche \u00e9pic\u00e9e aux saut\u00e9s asiatiques, rehausse le go\u00fbt des aliments frits et des viandes grill\u00e9es et agit comme une marinade qui infuse les ingr\u00e9dients de d\u00e9licieuses surprises. Du pain grill\u00e9 piquant au petit-d\u00e9jeuner aux nouilles savoureuses au d\u00eener, chaque plat d\u00e9gage un charme unique gr\u00e2ce \u00e0 cet ingr\u00e9dient.<\/li>\n<li><strong>Les bienfaits pour la sant\u00e9 derri\u00e8re la saveur<\/strong><br \/>\nCette d\u00e9licieuse p\u00e2te \u00e0 tartiner est \u00e9galement un v\u00e9ritable tr\u00e9sor nutritionnel. Sa teneur \u00e9lev\u00e9e en prot\u00e9ines et en graisses saines alimente le corps, tandis que la capsa\u00efcine stimule le palais et facilite la digestion. De plus, elle soutient le m\u00e9tabolisme et la sant\u00e9 cardiaque, alliant efficacement go\u00fbt et bien-\u00eatre.<\/li>\n<li><strong>L&#039;int\u00e9grer aux repas quotidiens<\/strong><br \/>\nInt\u00e9grer du beurre de cacahu\u00e8te \u00e9pic\u00e9 \u00e0 votre alimentation quotidienne est \u00e0 la fois facile et agr\u00e9able. Il est le partenaire id\u00e9al des toasts du petit-d\u00e9jeuner, ajoute de la saveur aux smoothies de l&#039;apr\u00e8s-midi et rehausse les burritos du d\u00eener, apportant une touche de fra\u00eecheur \u00e0 chaque repas.<\/li>\n<li><strong>Une tendance mondiale en plein essor<\/strong><br \/>\nLe beurre de cacahu\u00e8te \u00e9pic\u00e9 est en passe de devenir une star internationale. \u00c0 mesure que les go\u00fbts des clients se diversifient, il transcende les fronti\u00e8res r\u00e9gionales et s\u00e9duit les amateurs du monde entier. Cette gamme ouvre la voie \u00e0 l&#039;exploration des saveurs, attirant les gourmands aventureux d\u00e9sireux d&#039;essayer quelque chose de nouveau.<\/li>\n<\/ul>\n<hr \/>\n<h3>FAQ sur le beurre de cacahu\u00e8te \u00e9pic\u00e9<\/h3>\n<ol>\n<li><strong>Pourquoi nous choisir pour vos besoins en beurre de cacahu\u00e8te \u00e9pic\u00e9 ?<\/strong><br \/>\nNous fournissons des services OEM complets avec des options de personnalisation compl\u00e8tes, garantissant que chaque produit s&#039;aligne parfaitement avec la vision de votre marque et les exigences du march\u00e9.<\/li>\n<li><strong>Pouvez-vous ajuster le niveau de piquant et cr\u00e9er une formule exclusive ?<\/strong><br \/>\nAbsolument ! Nous pouvons personnaliser le piquant de doux \u00e0 tr\u00e8s fort et d\u00e9velopper des formules uniques exclusivement pour votre marque.<\/li>\n<li><strong>Quelles options d\u2019emballage et de certification proposez-vous ?<\/strong><br \/>\nNous proposons une large gamme de solutions d&#039;emballage : pots, bouteilles, cartons, barils, seaux, sachets compressibles et conteneurs en vrac, tous personnalisables pour correspondre \u00e0 votre marque. De plus, nous d\u00e9tenons des certifications telles que HACCP, Kasher, Halal et BRCGS, garantissant que nos produits r\u00e9pondent aux normes internationales.<\/li>\n<li><strong>Proposez-vous du beurre de cacahu\u00e8te \u00e9pic\u00e9 biologique et des lots d&#039;\u00e9chantillons ?<\/strong><br \/>\nOui, nous produisons du beurre de cacahu\u00e8te \u00e9pic\u00e9 certifi\u00e9 biologique de l&#039;UE, fabriqu\u00e9 \u00e0 partir d&#039;ingr\u00e9dients naturels pour les consommateurs soucieux de leur sant\u00e9. De plus, nous proposons des lots d&#039;\u00e9chantillons afin que vous puissiez tester le produit avant de passer une commande importante.<\/li>\n<li><strong>Comment assurez-vous la qualit\u00e9 et quels sont vos d\u00e9lais de livraison ?<\/strong><br \/>\nNos tests rigoureux dans notre laboratoire interne, associ\u00e9s \u00e0 une logistique efficace, garantissent une qualit\u00e9 constante. Nous garantissons \u00e9galement des d\u00e9lais d&#039;ex\u00e9cution rapides en fonction du volume de commande et de la destination.<\/li>\n<li><strong>Exportez-vous \u00e0 l\u2019international ?<\/strong><br \/>\nOui, nous disposons d\u2019une vaste exp\u00e9rience dans l\u2019exportation \u00e0 l\u2019\u00e9chelle mondiale, g\u00e9rant tous les documents et r\u00e9glementations n\u00e9cessaires pour garantir une livraison en douceur.<\/li>\n<\/ol>\n<hr \/>\n<h3><img loading=\"lazy\" decoding=\"async\" class=\"alignnone wp-image-1677 size-full\" src=\"https:\/\/www.peanutoem.com\/wp-content\/uploads\/2024\/09\/Spicy-Peanut-Butter-Spread-on-Food.webp\" alt=\"Tartinade de beurre de cacahu\u00e8te \u00e9pic\u00e9 sur les aliments\" width=\"896\" height=\"1152\" srcset=\"https:\/\/www.peanutoem.com\/wp-content\/uploads\/2024\/09\/Spicy-Peanut-Butter-Spread-on-Food.webp 896w, https:\/\/www.peanutoem.com\/wp-content\/uploads\/2024\/09\/Spicy-Peanut-Butter-Spread-on-Food-233x300.webp 233w, https:\/\/www.peanutoem.com\/wp-content\/uploads\/2024\/09\/Spicy-Peanut-Butter-Spread-on-Food-796x1024.webp 796w, https:\/\/www.peanutoem.com\/wp-content\/uploads\/2024\/09\/Spicy-Peanut-Butter-Spread-on-Food-768x987.webp 768w, https:\/\/www.peanutoem.com\/wp-content\/uploads\/2024\/09\/Spicy-Peanut-Butter-Spread-on-Food-9x12.webp 9w, https:\/\/www.peanutoem.com\/wp-content\/uploads\/2024\/09\/Spicy-Peanut-Butter-Spread-on-Food-600x771.webp 600w\" sizes=\"auto, (max-width: 896px) 100vw, 896px\" \/><\/h3>\n<a href=\"mailto:globepeanut@gmail.com\" class=\"button primary is-primary is-medium\"  >\n    <span>Envoyez-nous un e-mail<\/span>\n  <\/a>","protected":false},"excerpt":{"rendered":"<table width=\"564\">\n<tbody>\n<tr>\n<td width=\"113\"><strong>Nom du produit<\/strong><\/td>\n<td width=\"402\">Beurre de cacahu\u00e8te \u00e9pic\u00e9<\/td>\n<\/tr>\n<tr>\n<td width=\"113\"><strong>Caract\u00e9ristiques<\/strong><\/td>\n<td width=\"402\">200gx36, 227gx24, 340gx12, 375gx12, 500gx12, 510gx12, 1kgx12, 10kgx1, 20kgx1, 220kgx1<\/td>\n<\/tr>\n<tr>\n<td width=\"113\"><strong>Formulaire d&#039;emballage<\/strong><\/td>\n<td width=\"402\">Pot, seau, sachet, sac, carton, bo\u00eete, baril, canette, bouteille, etc.<\/td>\n<\/tr>\n<tr>\n<td width=\"113\"><strong>D\u00e9lai de livraison<\/strong><\/td>\n<td width=\"402\">7 \u00e0 20 jours apr\u00e8s la commande<\/td>\n<\/tr>\n<tr>\n<td width=\"113\"><strong>Quantit\u00e9 minimale de commande<\/strong><\/td>\n<td width=\"402\">Une tonne<\/td>\n<\/tr>\n<tr>\n<td width=\"113\"><strong>\u00c9chantillon<\/strong><\/td>\n<td width=\"402\">\u00c9chantillon gratuit disponible<\/td>\n<\/tr>\n<tr>\n<td width=\"113\"><strong>Fabricant d&#039;\u00e9quipement d&#039;origine<\/strong><\/td>\n<td width=\"402\">\u00c9tiquette de l&#039;acheteur accept\u00e9e<\/td>\n<\/tr>\n<\/tbody>\n<\/table>","protected":false},"featured_media":1668,"comment_status":"open","ping_status":"closed","template":"","meta":[],"product_cat":[15],"product_tag":[],"class_list":{"0":"post-1637","1":"product","2":"type-product","3":"status-publish","4":"has-post-thumbnail","6":"product_cat-peanut-butter","8":"first","9":"instock","10":"shipping-taxable","11":"product-type-simple"},"yoast_head":"<!-- This site is optimized with the Yoast SEO plugin v24.9 - https:\/\/yoast.com\/wordpress\/plugins\/seo\/ -->\n<title>Spicy Peanut Butter China Manufacturer OEM - Peanut Butter Factory<\/title>\n<meta name=\"description\" content=\"Leading spicy peanut butter OEM private label manufacturer and exporter. Order your premium quality, custom-made spicy peanut butter.\" \/>\n<meta name=\"robots\" content=\"index, follow, max-snippet:-1, max-image-preview:large, max-video-preview:-1\" \/>\n<link rel=\"canonical\" href=\"https:\/\/www.peanutoem.com\/fr\/manufacturer\/spicy-peanut-butter\/\" \/>\n<meta property=\"og:locale\" content=\"fr_FR\" \/>\n<meta property=\"og:type\" content=\"article\" \/>\n<meta property=\"og:title\" content=\"Spicy Peanut Butter China Manufacturer OEM - Peanut Butter Factory\" \/>\n<meta property=\"og:description\" content=\"Leading spicy peanut butter OEM private label manufacturer and exporter. Order your premium quality, custom-made spicy peanut butter.\" \/>\n<meta property=\"og:url\" content=\"https:\/\/www.peanutoem.com\/fr\/manufacturer\/spicy-peanut-butter\/\" \/>\n<meta property=\"og:site_name\" content=\"Peanut Butter Factory\" \/>\n<meta property=\"article:modified_time\" content=\"2024-10-06T09:58:03+00:00\" \/>\n<meta property=\"og:image\" content=\"https:\/\/www.peanutoem.com\/wp-content\/uploads\/2024\/09\/Spicy-Peanut-Butter.webp\" \/>\n\t<meta property=\"og:image:width\" content=\"1000\" \/>\n\t<meta property=\"og:image:height\" content=\"1000\" \/>\n\t<meta property=\"og:image:type\" content=\"image\/webp\" \/>\n<meta name=\"twitter:card\" content=\"summary_large_image\" \/>\n<meta name=\"twitter:label1\" content=\"Dur\u00e9e de lecture estim\u00e9e\" \/>\n\t<meta name=\"twitter:data1\" content=\"4 minutes\" \/>\n<script type=\"application\/ld+json\" class=\"yoast-schema-graph\">{\"@context\":\"https:\/\/schema.org\",\"@graph\":[{\"@type\":\"WebPage\",\"@id\":\"https:\/\/www.peanutoem.com\/manufacturer\/spicy-peanut-butter\/\",\"url\":\"https:\/\/www.peanutoem.com\/manufacturer\/spicy-peanut-butter\/\",\"name\":\"Spicy Peanut Butter China Manufacturer OEM - Peanut Butter Factory\",\"isPartOf\":{\"@id\":\"https:\/\/www.peanutoem.com\/#website\"},\"primaryImageOfPage\":{\"@id\":\"https:\/\/www.peanutoem.com\/manufacturer\/spicy-peanut-butter\/#primaryimage\"},\"image\":{\"@id\":\"https:\/\/www.peanutoem.com\/manufacturer\/spicy-peanut-butter\/#primaryimage\"},\"thumbnailUrl\":\"https:\/\/www.peanutoem.com\/wp-content\/uploads\/2024\/09\/Spicy-Peanut-Butter.webp\",\"datePublished\":\"2024-09-10T12:28:30+00:00\",\"dateModified\":\"2024-10-06T09:58:03+00:00\",\"description\":\"Leading spicy peanut butter OEM private label manufacturer and exporter. Order your premium quality, custom-made spicy peanut butter.\",\"breadcrumb\":{\"@id\":\"https:\/\/www.peanutoem.com\/manufacturer\/spicy-peanut-butter\/#breadcrumb\"},\"inLanguage\":\"fr-FR\",\"potentialAction\":[{\"@type\":\"ReadAction\",\"target\":[\"https:\/\/www.peanutoem.com\/manufacturer\/spicy-peanut-butter\/\"]}]},{\"@type\":\"ImageObject\",\"inLanguage\":\"fr-FR\",\"@id\":\"https:\/\/www.peanutoem.com\/manufacturer\/spicy-peanut-butter\/#primaryimage\",\"url\":\"https:\/\/www.peanutoem.com\/wp-content\/uploads\/2024\/09\/Spicy-Peanut-Butter.webp\",\"contentUrl\":\"https:\/\/www.peanutoem.com\/wp-content\/uploads\/2024\/09\/Spicy-Peanut-Butter.webp\",\"width\":1000,\"height\":1000,\"caption\":\"Spicy Peanut Butter\"},{\"@type\":\"BreadcrumbList\",\"@id\":\"https:\/\/www.peanutoem.com\/manufacturer\/spicy-peanut-butter\/#breadcrumb\",\"itemListElement\":[{\"@type\":\"ListItem\",\"position\":1,\"name\":\"Home\",\"item\":\"https:\/\/www.peanutoem.com\/\"},{\"@type\":\"ListItem\",\"position\":2,\"name\":\"Products\",\"item\":\"https:\/\/www.peanutoem.com\/shop\/\"},{\"@type\":\"ListItem\",\"position\":3,\"name\":\"Spicy Peanut Butter\"}]},{\"@type\":\"WebSite\",\"@id\":\"https:\/\/www.peanutoem.com\/#website\",\"url\":\"https:\/\/www.peanutoem.com\/\",\"name\":\"Peanut Butter Factory\",\"description\":\"Peanut Butter Manufacturer and Roast Peanut OEM Factory | Peanut Private Label China Supplier\",\"publisher\":{\"@id\":\"https:\/\/www.peanutoem.com\/#organization\"},\"alternateName\":\"Peanut Butter OEM and Wholesale\",\"potentialAction\":[{\"@type\":\"SearchAction\",\"target\":{\"@type\":\"EntryPoint\",\"urlTemplate\":\"https:\/\/www.peanutoem.com\/?s={search_term_string}\"},\"query-input\":{\"@type\":\"PropertyValueSpecification\",\"valueRequired\":true,\"valueName\":\"search_term_string\"}}],\"inLanguage\":\"fr-FR\"},{\"@type\":\"Organization\",\"@id\":\"https:\/\/www.peanutoem.com\/#organization\",\"name\":\"Peanut Butter Factory\",\"alternateName\":\"JuFeng Group\",\"url\":\"https:\/\/www.peanutoem.com\/\",\"logo\":{\"@type\":\"ImageObject\",\"inLanguage\":\"fr-FR\",\"@id\":\"https:\/\/www.peanutoem.com\/#\/schema\/logo\/image\/\",\"url\":\"https:\/\/www.peanutoem.com\/wp-content\/uploads\/2024\/09\/JUFENG-LOGO.png\",\"contentUrl\":\"https:\/\/www.peanutoem.com\/wp-content\/uploads\/2024\/09\/JUFENG-LOGO.png\",\"width\":600,\"height\":170,\"caption\":\"Peanut Butter Factory\"},\"image\":{\"@id\":\"https:\/\/www.peanutoem.com\/#\/schema\/logo\/image\/\"}}]}<\/script>\n<!-- \/ Yoast SEO plugin. -->","yoast_head_json":{"title":"Spicy Peanut Butter China Manufacturer OEM - Peanut Butter Factory","description":"Leading spicy peanut butter OEM private label manufacturer and exporter. Order your premium quality, custom-made spicy peanut butter.","robots":{"index":"index","follow":"follow","max-snippet":"max-snippet:-1","max-image-preview":"max-image-preview:large","max-video-preview":"max-video-preview:-1"},"canonical":"https:\/\/www.peanutoem.com\/fr\/manufacturer\/spicy-peanut-butter\/","og_locale":"fr_FR","og_type":"article","og_title":"Spicy Peanut Butter China Manufacturer OEM - Peanut Butter Factory","og_description":"Leading spicy peanut butter OEM private label manufacturer and exporter. Order your premium quality, custom-made spicy peanut butter.","og_url":"https:\/\/www.peanutoem.com\/fr\/manufacturer\/spicy-peanut-butter\/","og_site_name":"Peanut Butter Factory","article_modified_time":"2024-10-06T09:58:03+00:00","og_image":[{"width":1000,"height":1000,"url":"https:\/\/www.peanutoem.com\/wp-content\/uploads\/2024\/09\/Spicy-Peanut-Butter.webp","type":"image\/webp"}],"twitter_card":"summary_large_image","twitter_misc":{"Dur\u00e9e de lecture estim\u00e9e":"4 minutes"},"schema":{"@context":"https:\/\/schema.org","@graph":[{"@type":"WebPage","@id":"https:\/\/www.peanutoem.com\/manufacturer\/spicy-peanut-butter\/","url":"https:\/\/www.peanutoem.com\/manufacturer\/spicy-peanut-butter\/","name":"Spicy Peanut Butter China Manufacturer OEM - Peanut Butter Factory","isPartOf":{"@id":"https:\/\/www.peanutoem.com\/#website"},"primaryImageOfPage":{"@id":"https:\/\/www.peanutoem.com\/manufacturer\/spicy-peanut-butter\/#primaryimage"},"image":{"@id":"https:\/\/www.peanutoem.com\/manufacturer\/spicy-peanut-butter\/#primaryimage"},"thumbnailUrl":"https:\/\/www.peanutoem.com\/wp-content\/uploads\/2024\/09\/Spicy-Peanut-Butter.webp","datePublished":"2024-09-10T12:28:30+00:00","dateModified":"2024-10-06T09:58:03+00:00","description":"Leading spicy peanut butter OEM private label manufacturer and exporter. Order your premium quality, custom-made spicy peanut butter.","breadcrumb":{"@id":"https:\/\/www.peanutoem.com\/manufacturer\/spicy-peanut-butter\/#breadcrumb"},"inLanguage":"fr-FR","potentialAction":[{"@type":"ReadAction","target":["https:\/\/www.peanutoem.com\/manufacturer\/spicy-peanut-butter\/"]}]},{"@type":"ImageObject","inLanguage":"fr-FR","@id":"https:\/\/www.peanutoem.com\/manufacturer\/spicy-peanut-butter\/#primaryimage","url":"https:\/\/www.peanutoem.com\/wp-content\/uploads\/2024\/09\/Spicy-Peanut-Butter.webp","contentUrl":"https:\/\/www.peanutoem.com\/wp-content\/uploads\/2024\/09\/Spicy-Peanut-Butter.webp","width":1000,"height":1000,"caption":"Spicy Peanut Butter"},{"@type":"BreadcrumbList","@id":"https:\/\/www.peanutoem.com\/manufacturer\/spicy-peanut-butter\/#breadcrumb","itemListElement":[{"@type":"ListItem","position":1,"name":"Home","item":"https:\/\/www.peanutoem.com\/"},{"@type":"ListItem","position":2,"name":"Products","item":"https:\/\/www.peanutoem.com\/shop\/"},{"@type":"ListItem","position":3,"name":"Spicy Peanut Butter"}]},{"@type":"WebSite","@id":"https:\/\/www.peanutoem.com\/#website","url":"https:\/\/www.peanutoem.com\/","name":"Peanut Butter Factory","description":"Peanut Butter Manufacturer and Roast Peanut OEM Factory | Peanut Private Label China Supplier","publisher":{"@id":"https:\/\/www.peanutoem.com\/#organization"},"alternateName":"Peanut Butter OEM and Wholesale","potentialAction":[{"@type":"SearchAction","target":{"@type":"EntryPoint","urlTemplate":"https:\/\/www.peanutoem.com\/?s={search_term_string}"},"query-input":{"@type":"PropertyValueSpecification","valueRequired":true,"valueName":"search_term_string"}}],"inLanguage":"fr-FR"},{"@type":"Organization","@id":"https:\/\/www.peanutoem.com\/#organization","name":"Peanut Butter Factory","alternateName":"JuFeng Group","url":"https:\/\/www.peanutoem.com\/","logo":{"@type":"ImageObject","inLanguage":"fr-FR","@id":"https:\/\/www.peanutoem.com\/#\/schema\/logo\/image\/","url":"https:\/\/www.peanutoem.com\/wp-content\/uploads\/2024\/09\/JUFENG-LOGO.png","contentUrl":"https:\/\/www.peanutoem.com\/wp-content\/uploads\/2024\/09\/JUFENG-LOGO.png","width":600,"height":170,"caption":"Peanut Butter Factory"},"image":{"@id":"https:\/\/www.peanutoem.com\/#\/schema\/logo\/image\/"}}]}},"_links":{"self":[{"href":"https:\/\/www.peanutoem.com\/fr\/wp-json\/wp\/v2\/product\/1637","targetHints":{"allow":["GET"]}}],"collection":[{"href":"https:\/\/www.peanutoem.com\/fr\/wp-json\/wp\/v2\/product"}],"about":[{"href":"https:\/\/www.peanutoem.com\/fr\/wp-json\/wp\/v2\/types\/product"}],"replies":[{"embeddable":true,"href":"https:\/\/www.peanutoem.com\/fr\/wp-json\/wp\/v2\/comments?post=1637"}],"wp:featuredmedia":[{"embeddable":true,"href":"https:\/\/www.peanutoem.com\/fr\/wp-json\/wp\/v2\/media\/1668"}],"wp:attachment":[{"href":"https:\/\/www.peanutoem.com\/fr\/wp-json\/wp\/v2\/media?parent=1637"}],"wp:term":[{"taxonomy":"product_cat","embeddable":true,"href":"https:\/\/www.peanutoem.com\/fr\/wp-json\/wp\/v2\/product_cat?post=1637"},{"taxonomy":"product_tag","embeddable":true,"href":"https:\/\/www.peanutoem.com\/fr\/wp-json\/wp\/v2\/product_tag?post=1637"}],"curies":[{"name":"wp","href":"https:\/\/api.w.org\/{rel}","templated":true}]}}