{"id":1638,"date":"2024-09-10T12:30:11","date_gmt":"2024-09-10T12:30:11","guid":{"rendered":"https:\/\/www.peanutoem.com\/?post_type=product&#038;p=1638"},"modified":"2024-10-06T09:55:00","modified_gmt":"2024-10-06T09:55:00","slug":"chocolate-peanut-butter","status":"publish","type":"product","link":"https:\/\/www.peanutoem.com\/fr\/manufacturer\/chocolate-peanut-butter\/","title":{"rendered":"Beurre de cacahu\u00e8te au chocolat"},"content":{"rendered":"<h3>Qu&#039;est-ce que le beurre de cacahu\u00e8te au chocolat ?<\/h3>\n<p>Le beurre de cacahu\u00e8te au chocolat est une d\u00e9licieuse fusion de beurre de cacahu\u00e8te cr\u00e9meux et riche <a href=\"https:\/\/en.wikipedia.org\/wiki\/Chocolate\" target=\"_blank\" rel=\"noopener\">chocolat<\/a>, cr\u00e9ant une p\u00e2te \u00e0 tartiner sucr\u00e9e et sal\u00e9e qui plaira \u00e0 un large \u00e9ventail de pr\u00e9f\u00e9rences gustatives. Ce m\u00e9lange d\u00e9licieux est parfait pour tartiner sur du pain, pour l&#039;utiliser dans des desserts ou simplement pour le d\u00e9guster \u00e0 la cuill\u00e8re. La combinaison de cacahu\u00e8tes et de chocolat offre une friandise \u00e9quilibr\u00e9e qui satisfait aussi bien les amateurs de beurre de noix que les amateurs de chocolat.<\/p>\n<h3>Quels sont les autres noms du chocolat dans le beurre de cacahu\u00e8te\u00a0?<\/h3>\n<p>Le beurre de cacahu\u00e8te au chocolat est souvent d\u00e9sign\u00e9 par diff\u00e9rents noms en fonction de sa saveur et de son utilisation. Voici quelques noms alternatifs\u00a0:<\/p>\n<ul>\n<li>Beurre de cacahu\u00e8te au chocolat<\/li>\n<li>Tartinade au beurre de cacahu\u00e8te et au cacao<\/li>\n<li>Beurre de cacahu\u00e8te au cacao<\/li>\n<li>P\u00e2te \u00e0 tartiner choco-cacahu\u00e8te<\/li>\n<li>Beurre de cacahu\u00e8te au chocolat<\/li>\n<li>P\u00e2te \u00e0 tartiner au chocolat et aux noix<\/li>\n<li>Beurre de cacahu\u00e8te infus\u00e9 au chocolat<\/li>\n<li>P\u00e2te \u00e0 tartiner au chocolat et aux noix<\/li>\n<\/ul>\n<p>Ces noms mettent en valeur le d\u00e9licieux m\u00e9lange de chocolat et de beurre de cacahu\u00e8te, ce qui le rend attrayant pour les consommateurs sur diff\u00e9rents march\u00e9s.<\/p>\n<h3><img loading=\"lazy\" decoding=\"async\" class=\"alignnone wp-image-1682 size-full\" src=\"https:\/\/www.peanutoem.com\/wp-content\/uploads\/2024\/09\/Chocolate-Peanut-Butter-on-Bread.webp\" alt=\"Pain au beurre de cacahu\u00e8te et au chocolat\" width=\"912\" height=\"1144\" srcset=\"https:\/\/www.peanutoem.com\/wp-content\/uploads\/2024\/09\/Chocolate-Peanut-Butter-on-Bread.webp 912w, https:\/\/www.peanutoem.com\/wp-content\/uploads\/2024\/09\/Chocolate-Peanut-Butter-on-Bread-239x300.webp 239w, https:\/\/www.peanutoem.com\/wp-content\/uploads\/2024\/09\/Chocolate-Peanut-Butter-on-Bread-816x1024.webp 816w, https:\/\/www.peanutoem.com\/wp-content\/uploads\/2024\/09\/Chocolate-Peanut-Butter-on-Bread-768x963.webp 768w, https:\/\/www.peanutoem.com\/wp-content\/uploads\/2024\/09\/Chocolate-Peanut-Butter-on-Bread-10x12.webp 10w, https:\/\/www.peanutoem.com\/wp-content\/uploads\/2024\/09\/Chocolate-Peanut-Butter-on-Bread-600x753.webp 600w\" sizes=\"auto, (max-width: 912px) 100vw, 912px\" \/><\/h3>\n<h3>Pourquoi nous choisir comme fournisseur partenaire ?<\/h3>\n<p>Nous sommes le premier fabricant et exportateur OEM de marques priv\u00e9es de beurre de cacahu\u00e8te au chocolat.<\/p>\n<ul>\n<li><strong>Expertise en personnalisation :<\/strong> Nous proposons des formulations enti\u00e8rement personnalis\u00e9es pour r\u00e9pondre \u00e0 vos exigences sp\u00e9cifiques en mati\u00e8re de go\u00fbt, de texture et d&#039;emballage.<\/li>\n<li><strong>Ingr\u00e9dients de premi\u00e8re qualit\u00e9 :<\/strong> En utilisant uniquement des cacahu\u00e8tes et du chocolat de la meilleure qualit\u00e9.<\/li>\n<li><strong>Fabrication avanc\u00e9e :<\/strong> Nos installations ultramodernes sont \u00e9quip\u00e9es de lignes de production de pointe en provenance des \u00c9tats-Unis, garantissant une qualit\u00e9 et une efficacit\u00e9 constantes dans chaque lot.<\/li>\n<li><strong>Certifications et assurance qualit\u00e9 :<\/strong> Nous d\u00e9tenons diverses certifications, notamment BRCGS, Kasher, Halal et HACCP, garantissant le respect des normes internationales de s\u00e9curit\u00e9 et de qualit\u00e9.<\/li>\n<li><strong>Distribution mondiale :<\/strong> Forts d&#039;une vaste exp\u00e9rience dans le commerce international, nous exportons du beurre de cacahu\u00e8te au chocolat vers les march\u00e9s du monde entier, garantissant une logistique fluide et des livraisons rapides.<\/li>\n<\/ul>\n<h3>Sujets d&#039;actualit\u00e9<\/h3>\n<div class=\"group\/conversation-turn relative flex w-full min-w-0 flex-col agent-turn\">\n<div class=\"flex-col gap-1 md:gap-3\">\n<div class=\"flex max-w-full flex-col flex-grow\">\n<div class=\"min-h-8 text-message flex w-full flex-col items-end gap-2 whitespace-normal break-words [.text-message+&amp;]:mt-5\" dir=\"auto\" data-message-author-role=\"assistant\" data-message-id=\"61c5f9c1-377c-4081-b461-888734723e68\">\n<div class=\"flex w-full flex-col gap-1 empty:hidden first:pt-[3px]\">\n<div class=\"markdown prose w-full break-words dark:prose-invert dark\">\n<ul>\n<li><span style=\"color: #282828;\"><strong>Dans les desserts<\/strong><\/span><br \/>\n<span style=\"color: #282828;\">Le beurre de cacahu\u00e8te au chocolat est un ingr\u00e9dient polyvalent qui am\u00e9liore consid\u00e9rablement la qualit\u00e9 et la saveur des desserts tels que les g\u00e2teaux, les brownies et les glaces. Sa texture cr\u00e9meuse et son go\u00fbt riche en font un excellent compagnon pour les produits de boulangerie et les confiseries.<\/span><\/li>\n<li><span style=\"color: #282828;\"><strong>Avantages pour la sant\u00e9<\/strong><\/span><br \/>\n<span style=\"color: #282828;\">En plus de son go\u00fbt irr\u00e9sistible, cette p\u00e2te \u00e0 tartiner est riche en prot\u00e9ines, en graisses saines et en fibres, offrant ainsi un soutien nutritionnel \u00e0 l&#039;organisme. Lorsqu&#039;elle est \u00e9labor\u00e9e avec du chocolat noir, elle ajoute des propri\u00e9t\u00e9s antioxydantes, ce qui conf\u00e8re au produit un attrait sain qui attire les consommateurs soucieux de leur sant\u00e9.<\/span><\/li>\n<li><span style=\"color: #282828;\"><strong>Popularit\u00e9 mondiale<\/strong><\/span><br \/>\n<span style=\"color: #282828;\">Les consommateurs \u00e9tant de plus en plus \u00e0 la recherche de snacks qui satisfont leurs papilles gustatives tout en \u00e9tant nutritifs, le beurre de cacahu\u00e8te au chocolat a gagn\u00e9 une immense popularit\u00e9 sur le march\u00e9 mondial. Il allie avec succ\u00e8s saveur et nutrition, gagnant l&#039;admiration g\u00e9n\u00e9rale des enfants et des adultes.<\/span><\/li>\n<li><span style=\"color: #282828;\"><strong>Utilisations cr\u00e9atives<\/strong><\/span><br \/>\n<span style=\"color: #282828;\">Au-del\u00e0 des associations traditionnelles comme les toasts ou les sandwichs, cet ingr\u00e9dient peut \u00eatre incorpor\u00e9 de mani\u00e8re cr\u00e9ative dans des smoothies, des barres \u00e9nerg\u00e9tiques ou utilis\u00e9 comme garniture pour des p\u00e2tisseries. Son adaptabilit\u00e9 gustative unique lui permet de briller dans des plats sucr\u00e9s et sal\u00e9s, ce qui en fait un incontournable dans de nombreuses cuisines familiales.<\/span><\/li>\n<\/ul>\n<\/div>\n<\/div>\n<\/div>\n<\/div>\n<\/div>\n<\/div>\n<hr \/>\n<h3><img loading=\"lazy\" decoding=\"async\" class=\"alignnone wp-image-1683 size-full\" src=\"https:\/\/www.peanutoem.com\/wp-content\/uploads\/2024\/09\/Chocolate-Peanut-Butter-Served.webp\" alt=\"Beurre de cacahu\u00e8te au chocolat servi\" width=\"896\" height=\"1152\" srcset=\"https:\/\/www.peanutoem.com\/wp-content\/uploads\/2024\/09\/Chocolate-Peanut-Butter-Served.webp 896w, https:\/\/www.peanutoem.com\/wp-content\/uploads\/2024\/09\/Chocolate-Peanut-Butter-Served-233x300.webp 233w, https:\/\/www.peanutoem.com\/wp-content\/uploads\/2024\/09\/Chocolate-Peanut-Butter-Served-796x1024.webp 796w, https:\/\/www.peanutoem.com\/wp-content\/uploads\/2024\/09\/Chocolate-Peanut-Butter-Served-768x987.webp 768w, https:\/\/www.peanutoem.com\/wp-content\/uploads\/2024\/09\/Chocolate-Peanut-Butter-Served-9x12.webp 9w, https:\/\/www.peanutoem.com\/wp-content\/uploads\/2024\/09\/Chocolate-Peanut-Butter-Served-600x771.webp 600w\" sizes=\"auto, (max-width: 896px) 100vw, 896px\" \/><\/h3>\n<h3>FAQ sur le beurre de cacahu\u00e8te au chocolat<\/h3>\n<ol>\n<li><strong>En tant que fabricant OEM leader, quel est votre principal avantage concurrentiel ?<\/strong><br \/>\nNous nous distinguons par notre offre de services de personnalisation diversifi\u00e9s, notre s\u00e9lection d&#039;ingr\u00e9dients de haute qualit\u00e9 et notre utilisation d&#039;une technologie de production avanc\u00e9e. Cela garantit que chaque lot de beurre de cacahu\u00e8te excelle sur le march\u00e9 et r\u00e9pond aux besoins uniques de nos clients.<\/li>\n<li><strong>Pouvez-vous ajuster le ratio chocolat\/cacahu\u00e8te selon mes sp\u00e9cifications et cr\u00e9er une formule personnalis\u00e9e pour ma marque ?<\/strong><br \/>\nAbsolument ! Nous proposons des services complets de personnalisation des saveurs pour vous aider \u00e0 trouver l&#039;\u00e9quilibre parfait entre le chocolat et les cacahu\u00e8tes, tout en d\u00e9veloppant une formule unique qui am\u00e9liore la comp\u00e9titivit\u00e9 de votre marque sur le march\u00e9.<\/li>\n<li><strong>Quelles options d&#039;emballage proposez-vous ?<\/strong><br \/>\nNous proposons une vari\u00e9t\u00e9 de solutions d&#039;emballage, notamment des pots \u00e9l\u00e9gants, des sachets compressibles pratiques et des contenants en vrac adapt\u00e9s au stockage \u00e0 grande \u00e9chelle. Tous les emballages peuvent \u00eatre personnalis\u00e9s pour refl\u00e9ter l&#039;identit\u00e9 de votre marque et votre strat\u00e9gie marketing.<\/li>\n<li><strong>Proposez-vous du beurre de cacahu\u00e8te au chocolat biologique et comment garantissez-vous la qualit\u00e9 du produit ?<\/strong><br \/>\nOui, nous produisons du beurre de cacahu\u00e8te certifi\u00e9 biologique de l&#039;UE, fabriqu\u00e9 \u00e0 partir d&#039;ingr\u00e9dients conformes aux normes biologiques. De plus, nous avons mis en place un syst\u00e8me de gestion de la qualit\u00e9 rigoureux, comprenant des tests en laboratoire internes, pour garantir que chaque lot r\u00e9pond aux normes les plus \u00e9lev\u00e9es de go\u00fbt, de texture et de s\u00e9curit\u00e9.<\/li>\n<li><strong>Puis-je demander des \u00e9chantillons pour d\u00e9gustation avant de passer une commande importante, et prenez-vous en charge les exportations mondiales ?<\/strong><br \/>\nBien s\u00fbr ! Nous vous fournissons volontiers des \u00e9chantillons de lots pour votre \u00e9valuation avant la production compl\u00e8te. De plus, nous disposons d&#039;une vaste exp\u00e9rience dans les exportations mondiales, ce qui garantit que vos produits arrivent en toute s\u00e9curit\u00e9 et \u00e0 temps dans le monde entier.<\/li>\n<\/ol>\n<a href=\"mailto:globepeanut@gmail.com\" class=\"button primary is-primary is-medium\"  >\n    <span>Envoyez-nous un e-mail<\/span>\n  <\/a>","protected":false},"excerpt":{"rendered":"<table width=\"564\">\n<tbody>\n<tr>\n<td width=\"113\"><strong>Nom du produit<\/strong><\/td>\n<td width=\"402\">Beurre de cacahu\u00e8te au chocolat<\/td>\n<\/tr>\n<tr>\n<td width=\"113\"><strong>Caract\u00e9ristiques<\/strong><\/td>\n<td width=\"402\">200gx36, 227gx24, 340gx12, 375gx12, 500gx12, 510gx12, 1kgx12, 10kgx1, 20kgx1, 220kgx1<\/td>\n<\/tr>\n<tr>\n<td width=\"113\"><strong>Formulaire d&#039;emballage<\/strong><\/td>\n<td width=\"402\">Pot, seau, sachet, sac, carton, bo\u00eete, baril, canette, bouteille, etc.<\/td>\n<\/tr>\n<tr>\n<td width=\"113\"><strong>D\u00e9lai de livraison<\/strong><\/td>\n<td width=\"402\">7 \u00e0 20 jours apr\u00e8s la commande<\/td>\n<\/tr>\n<tr>\n<td width=\"113\"><strong>Quantit\u00e9 minimale de commande<\/strong><\/td>\n<td width=\"402\">Une tonne<\/td>\n<\/tr>\n<tr>\n<td width=\"113\"><strong>\u00c9chantillon<\/strong><\/td>\n<td width=\"402\">\u00c9chantillon gratuit disponible<\/td>\n<\/tr>\n<tr>\n<td width=\"113\"><strong>Fabricant d&#039;\u00e9quipement d&#039;origine<\/strong><\/td>\n<td width=\"402\">\u00c9tiquette de l&#039;acheteur accept\u00e9e<\/td>\n<\/tr>\n<\/tbody>\n<\/table>\n<p>&nbsp;<\/p>","protected":false},"featured_media":1671,"comment_status":"open","ping_status":"closed","template":"","meta":[],"product_cat":[15],"product_tag":[],"class_list":{"0":"post-1638","1":"product","2":"type-product","3":"status-publish","4":"has-post-thumbnail","6":"product_cat-peanut-butter","8":"first","9":"instock","10":"shipping-taxable","11":"product-type-simple"},"yoast_head":"<!-- This site is optimized with the Yoast SEO plugin v24.9 - https:\/\/yoast.com\/wordpress\/plugins\/seo\/ -->\n<title>Chocolate Peanut Butter Manufacturer OEM - China Peanut Butter Factory<\/title>\n<meta name=\"description\" content=\"Leading chocolate peanut butter OEM private label manufacturer and exporter. Discover premium, customized chocolate peanut butter from us.\" \/>\n<meta name=\"robots\" content=\"index, follow, max-snippet:-1, max-image-preview:large, max-video-preview:-1\" \/>\n<link rel=\"canonical\" href=\"https:\/\/www.peanutoem.com\/fr\/manufacturer\/chocolate-peanut-butter\/\" \/>\n<meta property=\"og:locale\" content=\"fr_FR\" \/>\n<meta property=\"og:type\" content=\"article\" \/>\n<meta property=\"og:title\" content=\"Chocolate Peanut Butter Manufacturer OEM - China Peanut Butter Factory\" \/>\n<meta property=\"og:description\" content=\"Leading chocolate peanut butter OEM private label manufacturer and exporter. Discover premium, customized chocolate peanut butter from us.\" \/>\n<meta property=\"og:url\" content=\"https:\/\/www.peanutoem.com\/fr\/manufacturer\/chocolate-peanut-butter\/\" \/>\n<meta property=\"og:site_name\" content=\"Peanut Butter Factory\" \/>\n<meta property=\"article:modified_time\" content=\"2024-10-06T09:55:00+00:00\" \/>\n<meta property=\"og:image\" content=\"https:\/\/www.peanutoem.com\/wp-content\/uploads\/2024\/09\/Peanut-Butter-Chocolate-Flavor.webp\" \/>\n\t<meta property=\"og:image:width\" content=\"819\" \/>\n\t<meta property=\"og:image:height\" content=\"975\" \/>\n\t<meta property=\"og:image:type\" content=\"image\/webp\" \/>\n<meta name=\"twitter:card\" content=\"summary_large_image\" \/>\n<meta name=\"twitter:label1\" content=\"Dur\u00e9e de lecture estim\u00e9e\" \/>\n\t<meta name=\"twitter:data1\" content=\"4 minutes\" \/>\n<script type=\"application\/ld+json\" class=\"yoast-schema-graph\">{\"@context\":\"https:\/\/schema.org\",\"@graph\":[{\"@type\":\"WebPage\",\"@id\":\"https:\/\/www.peanutoem.com\/manufacturer\/chocolate-peanut-butter\/\",\"url\":\"https:\/\/www.peanutoem.com\/manufacturer\/chocolate-peanut-butter\/\",\"name\":\"Chocolate Peanut Butter Manufacturer OEM - China Peanut Butter Factory\",\"isPartOf\":{\"@id\":\"https:\/\/www.peanutoem.com\/#website\"},\"primaryImageOfPage\":{\"@id\":\"https:\/\/www.peanutoem.com\/manufacturer\/chocolate-peanut-butter\/#primaryimage\"},\"image\":{\"@id\":\"https:\/\/www.peanutoem.com\/manufacturer\/chocolate-peanut-butter\/#primaryimage\"},\"thumbnailUrl\":\"https:\/\/www.peanutoem.com\/wp-content\/uploads\/2024\/09\/Peanut-Butter-Chocolate-Flavor.webp\",\"datePublished\":\"2024-09-10T12:30:11+00:00\",\"dateModified\":\"2024-10-06T09:55:00+00:00\",\"description\":\"Leading chocolate peanut butter OEM private label manufacturer and exporter. Discover premium, customized chocolate peanut butter from us.\",\"breadcrumb\":{\"@id\":\"https:\/\/www.peanutoem.com\/manufacturer\/chocolate-peanut-butter\/#breadcrumb\"},\"inLanguage\":\"fr-FR\",\"potentialAction\":[{\"@type\":\"ReadAction\",\"target\":[\"https:\/\/www.peanutoem.com\/manufacturer\/chocolate-peanut-butter\/\"]}]},{\"@type\":\"ImageObject\",\"inLanguage\":\"fr-FR\",\"@id\":\"https:\/\/www.peanutoem.com\/manufacturer\/chocolate-peanut-butter\/#primaryimage\",\"url\":\"https:\/\/www.peanutoem.com\/wp-content\/uploads\/2024\/09\/Peanut-Butter-Chocolate-Flavor.webp\",\"contentUrl\":\"https:\/\/www.peanutoem.com\/wp-content\/uploads\/2024\/09\/Peanut-Butter-Chocolate-Flavor.webp\",\"width\":819,\"height\":975,\"caption\":\"Peanut Butter Chocolate Flavor\"},{\"@type\":\"BreadcrumbList\",\"@id\":\"https:\/\/www.peanutoem.com\/manufacturer\/chocolate-peanut-butter\/#breadcrumb\",\"itemListElement\":[{\"@type\":\"ListItem\",\"position\":1,\"name\":\"Home\",\"item\":\"https:\/\/www.peanutoem.com\/\"},{\"@type\":\"ListItem\",\"position\":2,\"name\":\"Products\",\"item\":\"https:\/\/www.peanutoem.com\/shop\/\"},{\"@type\":\"ListItem\",\"position\":3,\"name\":\"Chocolate Peanut Butter\"}]},{\"@type\":\"WebSite\",\"@id\":\"https:\/\/www.peanutoem.com\/#website\",\"url\":\"https:\/\/www.peanutoem.com\/\",\"name\":\"Peanut Butter Factory\",\"description\":\"Peanut Butter Manufacturer and Roast Peanut OEM Factory | Peanut Private Label China Supplier\",\"publisher\":{\"@id\":\"https:\/\/www.peanutoem.com\/#organization\"},\"alternateName\":\"Peanut Butter OEM and Wholesale\",\"potentialAction\":[{\"@type\":\"SearchAction\",\"target\":{\"@type\":\"EntryPoint\",\"urlTemplate\":\"https:\/\/www.peanutoem.com\/?s={search_term_string}\"},\"query-input\":{\"@type\":\"PropertyValueSpecification\",\"valueRequired\":true,\"valueName\":\"search_term_string\"}}],\"inLanguage\":\"fr-FR\"},{\"@type\":\"Organization\",\"@id\":\"https:\/\/www.peanutoem.com\/#organization\",\"name\":\"Peanut Butter Factory\",\"alternateName\":\"JuFeng Group\",\"url\":\"https:\/\/www.peanutoem.com\/\",\"logo\":{\"@type\":\"ImageObject\",\"inLanguage\":\"fr-FR\",\"@id\":\"https:\/\/www.peanutoem.com\/#\/schema\/logo\/image\/\",\"url\":\"https:\/\/www.peanutoem.com\/wp-content\/uploads\/2024\/09\/JUFENG-LOGO.png\",\"contentUrl\":\"https:\/\/www.peanutoem.com\/wp-content\/uploads\/2024\/09\/JUFENG-LOGO.png\",\"width\":600,\"height\":170,\"caption\":\"Peanut Butter Factory\"},\"image\":{\"@id\":\"https:\/\/www.peanutoem.com\/#\/schema\/logo\/image\/\"}}]}<\/script>\n<!-- \/ Yoast SEO plugin. -->","yoast_head_json":{"title":"Chocolate Peanut Butter Manufacturer OEM - China Peanut Butter Factory","description":"Leading chocolate peanut butter OEM private label manufacturer and exporter. Discover premium, customized chocolate peanut butter from us.","robots":{"index":"index","follow":"follow","max-snippet":"max-snippet:-1","max-image-preview":"max-image-preview:large","max-video-preview":"max-video-preview:-1"},"canonical":"https:\/\/www.peanutoem.com\/fr\/manufacturer\/chocolate-peanut-butter\/","og_locale":"fr_FR","og_type":"article","og_title":"Chocolate Peanut Butter Manufacturer OEM - China Peanut Butter Factory","og_description":"Leading chocolate peanut butter OEM private label manufacturer and exporter. Discover premium, customized chocolate peanut butter from us.","og_url":"https:\/\/www.peanutoem.com\/fr\/manufacturer\/chocolate-peanut-butter\/","og_site_name":"Peanut Butter Factory","article_modified_time":"2024-10-06T09:55:00+00:00","og_image":[{"width":819,"height":975,"url":"https:\/\/www.peanutoem.com\/wp-content\/uploads\/2024\/09\/Peanut-Butter-Chocolate-Flavor.webp","type":"image\/webp"}],"twitter_card":"summary_large_image","twitter_misc":{"Dur\u00e9e de lecture estim\u00e9e":"4 minutes"},"schema":{"@context":"https:\/\/schema.org","@graph":[{"@type":"WebPage","@id":"https:\/\/www.peanutoem.com\/manufacturer\/chocolate-peanut-butter\/","url":"https:\/\/www.peanutoem.com\/manufacturer\/chocolate-peanut-butter\/","name":"Chocolate Peanut Butter Manufacturer OEM - China Peanut Butter Factory","isPartOf":{"@id":"https:\/\/www.peanutoem.com\/#website"},"primaryImageOfPage":{"@id":"https:\/\/www.peanutoem.com\/manufacturer\/chocolate-peanut-butter\/#primaryimage"},"image":{"@id":"https:\/\/www.peanutoem.com\/manufacturer\/chocolate-peanut-butter\/#primaryimage"},"thumbnailUrl":"https:\/\/www.peanutoem.com\/wp-content\/uploads\/2024\/09\/Peanut-Butter-Chocolate-Flavor.webp","datePublished":"2024-09-10T12:30:11+00:00","dateModified":"2024-10-06T09:55:00+00:00","description":"Leading chocolate peanut butter OEM private label manufacturer and exporter. Discover premium, customized chocolate peanut butter from us.","breadcrumb":{"@id":"https:\/\/www.peanutoem.com\/manufacturer\/chocolate-peanut-butter\/#breadcrumb"},"inLanguage":"fr-FR","potentialAction":[{"@type":"ReadAction","target":["https:\/\/www.peanutoem.com\/manufacturer\/chocolate-peanut-butter\/"]}]},{"@type":"ImageObject","inLanguage":"fr-FR","@id":"https:\/\/www.peanutoem.com\/manufacturer\/chocolate-peanut-butter\/#primaryimage","url":"https:\/\/www.peanutoem.com\/wp-content\/uploads\/2024\/09\/Peanut-Butter-Chocolate-Flavor.webp","contentUrl":"https:\/\/www.peanutoem.com\/wp-content\/uploads\/2024\/09\/Peanut-Butter-Chocolate-Flavor.webp","width":819,"height":975,"caption":"Peanut Butter Chocolate Flavor"},{"@type":"BreadcrumbList","@id":"https:\/\/www.peanutoem.com\/manufacturer\/chocolate-peanut-butter\/#breadcrumb","itemListElement":[{"@type":"ListItem","position":1,"name":"Home","item":"https:\/\/www.peanutoem.com\/"},{"@type":"ListItem","position":2,"name":"Products","item":"https:\/\/www.peanutoem.com\/shop\/"},{"@type":"ListItem","position":3,"name":"Chocolate Peanut Butter"}]},{"@type":"WebSite","@id":"https:\/\/www.peanutoem.com\/#website","url":"https:\/\/www.peanutoem.com\/","name":"Peanut Butter Factory","description":"Peanut Butter Manufacturer and Roast Peanut OEM Factory | Peanut Private Label China Supplier","publisher":{"@id":"https:\/\/www.peanutoem.com\/#organization"},"alternateName":"Peanut Butter OEM and Wholesale","potentialAction":[{"@type":"SearchAction","target":{"@type":"EntryPoint","urlTemplate":"https:\/\/www.peanutoem.com\/?s={search_term_string}"},"query-input":{"@type":"PropertyValueSpecification","valueRequired":true,"valueName":"search_term_string"}}],"inLanguage":"fr-FR"},{"@type":"Organization","@id":"https:\/\/www.peanutoem.com\/#organization","name":"Peanut Butter Factory","alternateName":"JuFeng Group","url":"https:\/\/www.peanutoem.com\/","logo":{"@type":"ImageObject","inLanguage":"fr-FR","@id":"https:\/\/www.peanutoem.com\/#\/schema\/logo\/image\/","url":"https:\/\/www.peanutoem.com\/wp-content\/uploads\/2024\/09\/JUFENG-LOGO.png","contentUrl":"https:\/\/www.peanutoem.com\/wp-content\/uploads\/2024\/09\/JUFENG-LOGO.png","width":600,"height":170,"caption":"Peanut Butter Factory"},"image":{"@id":"https:\/\/www.peanutoem.com\/#\/schema\/logo\/image\/"}}]}},"_links":{"self":[{"href":"https:\/\/www.peanutoem.com\/fr\/wp-json\/wp\/v2\/product\/1638","targetHints":{"allow":["GET"]}}],"collection":[{"href":"https:\/\/www.peanutoem.com\/fr\/wp-json\/wp\/v2\/product"}],"about":[{"href":"https:\/\/www.peanutoem.com\/fr\/wp-json\/wp\/v2\/types\/product"}],"replies":[{"embeddable":true,"href":"https:\/\/www.peanutoem.com\/fr\/wp-json\/wp\/v2\/comments?post=1638"}],"wp:featuredmedia":[{"embeddable":true,"href":"https:\/\/www.peanutoem.com\/fr\/wp-json\/wp\/v2\/media\/1671"}],"wp:attachment":[{"href":"https:\/\/www.peanutoem.com\/fr\/wp-json\/wp\/v2\/media?parent=1638"}],"wp:term":[{"taxonomy":"product_cat","embeddable":true,"href":"https:\/\/www.peanutoem.com\/fr\/wp-json\/wp\/v2\/product_cat?post=1638"},{"taxonomy":"product_tag","embeddable":true,"href":"https:\/\/www.peanutoem.com\/fr\/wp-json\/wp\/v2\/product_tag?post=1638"}],"curies":[{"name":"wp","href":"https:\/\/api.w.org\/{rel}","templated":true}]}}