{"id":1402,"date":"2023-06-08T08:15:42","date_gmt":"2023-06-08T08:15:42","guid":{"rendered":"https:\/\/www.peanutoem.com\/?post_type=product&#038;p=1402"},"modified":"2024-09-28T06:53:33","modified_gmt":"2024-09-28T06:53:33","slug":"crunchy-peanut-butter","status":"publish","type":"product","link":"https:\/\/www.peanutoem.com\/hr\/manufacturer\/crunchy-peanut-butter\/","title":{"rendered":"Hrskavi maslac od kikirikija | Prilago\u0111eni hrskavi maslac od kikirikija"},"content":{"rendered":"<h3>Hrskavo <a href=\"https:\/\/www.peanutoem.com\/hr\/Wholesale\/peanut-butter\/\" target=\"_blank\" rel=\"noopener\">Maslac od kikirikija<\/a> \u2013 Premium OEM Private Label Manufacturer<\/h3>\n<p>Ponosni smo \u0161to smo vode\u0107i OEM proizvo\u0111a\u010d, izvoznik i dobavlja\u010d visokokvalitetnog hrskavog maslaca od kikirikija, koji nudi zadovoljavaju\u0107u teksturu, savr\u0161enu za maloprodaju i industrijsku upotrebu. Na\u0161e proizvodne mogu\u0107nosti, u kombinaciji s prilagodljivim opcijama, omogu\u0107uju nam da zadovoljimo jedinstvene potrebe marki \u0161irom svijeta.<\/p>\n<h3>Napredna proizvodnja &amp; <a href=\"https:\/\/www.peanutoem.com\/hr\/certificate\/\" target=\"_blank\" rel=\"noopener\">Certifikati<\/a><\/h3>\n<p>Na\u0161i moderni pogoni opremljeni su za proizvodnju velikih razmjera uz odr\u017eavanje stroge kontrole kvalitete. S certifikatima kao \u0161to su HACCP, BRCGS, Halal, Kosher i EU Organic, osiguravamo da na\u0161 hrskavi maslac od kikirikija zadovoljava najvi\u0161e svjetske standarde. To nas \u010dini preferiranim partnerom za tvrtke koje tra\u017ee pouzdana rje\u0161enja za OEM i privatne robne marke.<\/p>\n<h3>\u0160to je hrskavi maslac od kikirikija?<\/h3>\n<p>Hrskavi maslac od kikirikija sadr\u017ei male granule kikirikija, pru\u017eaju\u0107i teksturirani zalogaj i bogat okus kikirikija. Ova je sorta savr\u0161ena za potro\u0161a\u010de koji u\u017eivaju u zna\u010dajnijem iskustvu maslaca od kikirikija u usporedbi s glatkim ili kremastim opcijama. Na\u0161 maslac od kikirikija u obliku granula izra\u0111en je od najfinijeg kikirikija, osiguravaju\u0107i dosljednost u svakoj staklenci.<\/p>\n<p>Hrskavi maslac od kikirikija tako\u0111er se mo\u017ee nazivati i nekoliko drugih naziva, ovisno o regiji ili marketin\u0161kim preferencijama. Neka alternativna imena uklju\u010duju:<\/p>\n<ol>\n<li><strong>Zrnasti maslac od kikirikija<\/strong> \u2013 Ovo je uobi\u010dajen izraz, posebno u SAD-u, koji se odnosi na istu teksturiranu raznolikost.<\/li>\n<li><strong>Maslac od kikirikija u obliku granula<\/strong> \u2013 Opisivanje njegove granulirane teksture, koja se \u010desto koristi u vi\u0161e tehni\u010dkom ili industrijskom kontekstu.<\/li>\n<li><strong>Teksturirani maslac od kikirikija<\/strong> \u2013 Nagla\u0161avanje teksture komadi\u0107a kikirikija.<\/li>\n<li><strong>Maslac od oraha od kikirikija<\/strong> \u2013 Ponekad se koristi za nagla\u0161avanje komadi\u0107a kikirikija u namazu.<\/li>\n<\/ol>\n<p>Ovi nazivi su \u010desto me\u0111usobno zamjenjivi i prenose ideju da maslac od kikirikija sadr\u017ei male komadi\u0107e ili granule kikirikija.<\/p>\n<h3>Prilago\u0111ena rje\u0161enja privatne marke za hrskavi maslac od kikirikija<\/h3>\n<p>Kao istaknuti OEM proizvo\u0111a\u010d, nudimo prilago\u0111ene usluge privatne robne marke za hrskavi maslac od kikirikija. Bilo da trebate jedinstveno pakiranje ili specifi\u010dne veli\u010dine, nudimo fleksibilne mogu\u0107nosti koje odgovaraju potrebama va\u0161e marke. Na\u0161 tim blisko sura\u0111uje s vama na razvoju proizvoda koji je u skladu s identitetom va\u0161e robne marke i zahtjevima tr\u017ei\u0161ta.<\/p>\n<h3>Globalni izvoznik i dobavlja\u010d maslaca od kikirikija u granulama<\/h3>\n<p>Uz \u0161iroku izvoznu mre\u017eu, slu\u017eimo klijentima diljem svijeta, \u0161to nas \u010dini pouzdanim izvoznikom i dobavlja\u010dem maslaca od kikirikija u granulama. Na\u0161a u\u010dinkovita logistika osigurava pravovremenu isporuku, bilo da trebate male serije ili skupne narud\u017ebe. Shva\u0107amo va\u017enost dosljednosti i pouzdanosti na me\u0111unarodnim tr\u017ei\u0161tima.<\/p>\n<h3>Za\u0161to odabrati nas?<\/h3>\n<ul>\n<li><strong>Veliki proizvodni kapacitet<\/strong>: Velika proizvodnja prilago\u0111ena va\u0161em brendu<\/li>\n<li><strong>Globalno <a href=\"https:\/\/www.peanutoem.com\/hr\/certificate\/\" target=\"_blank\" rel=\"noopener\">Certifikati<\/a><\/strong>: Uklju\u010duju\u0107i HACCP, BRCGS, Halal, Kosher itd<\/li>\n<li><strong>Fleksibilne opcije OEM-a i privatnih robnih marki<\/strong>: Prilagodljivo va\u0161im specifikacijama<\/li>\n<li><strong>Pouzdani izvoznik i dobavlja\u010d<\/strong>: Opslu\u017eivanje tr\u017ei\u0161ta diljem svijeta dosljednom kvalitetom<\/li>\n<\/ul>\n<p>Spremni smo pru\u017eiti najbolje u hrskavom maslacu od kikirikija kroz na\u0161a fleksibilna rje\u0161enja OEM-a i privatnih robnih marki. Dopustite nam da vam pomognemo da svojim kupcima donesete vrhunski maslac od kikirikija u granulama, s fokusom na kvalitetu i prilagodbu.<\/p>\n<a href=\"mailto:globepeanut@gmail.com\" class=\"button primary is-primary is-medium\"  >\n    <span>Po\u0161aljite nam e-po\u0161tu<\/span>\n  <\/a>","protected":false},"excerpt":{"rendered":"<table width=\"564\">\n<tbody>\n<tr>\n<td width=\"113\"><strong>Naziv proizvoda<\/strong><\/td>\n<td width=\"402\">Hrskavi maslac od kikirikija<\/td>\n<\/tr>\n<tr>\n<td width=\"113\"><strong>Sastojci<\/strong><\/td>\n<td width=\"402\">Odabrane jezgre kikirikija, bijeli \u0161e\u0107er, hidrogenizirano biljno ulje, sol<\/td>\n<\/tr>\n<tr>\n<td width=\"113\"><strong>Tehni\u010dki podaci<\/strong><\/td>\n<td width=\"402\">200gx36, 227gx24, 340gx12, 375gx12, 500gx12, 510gx12, 1kgx12, 10kgx1, 20kgx1, 220kgx1<\/td>\n<\/tr>\n<tr>\n<td width=\"113\"><strong>Obrazac pakiranja<\/strong><\/td>\n<td width=\"402\">Staklenka, kanta, doy paket, torba, karton, limenka, ba\u010dva, limenka, boca itd.<\/td>\n<\/tr>\n<tr>\n<td width=\"113\"><strong>Vrijeme isporuke<\/strong><\/td>\n<td width=\"402\">7~20 dana nakon narud\u017ebe<\/td>\n<\/tr>\n<tr>\n<td width=\"113\"><strong>MOQ<\/strong><\/td>\n<td width=\"402\">Jedna tona<\/td>\n<\/tr>\n<tr>\n<td width=\"113\"><strong>Uzorak<\/strong><\/td>\n<td width=\"402\">Dostupan besplatni uzorak<\/td>\n<\/tr>\n<tr>\n<td width=\"113\"><strong>OEM<\/strong><\/td>\n<td width=\"402\">Prihva\u0107ena oznaka kupca<\/td>\n<\/tr>\n<\/tbody>\n<\/table>","protected":false},"featured_media":1652,"comment_status":"open","ping_status":"closed","template":"","meta":[],"product_cat":[15],"product_tag":[],"class_list":{"0":"post-1402","1":"product","2":"type-product","3":"status-publish","4":"has-post-thumbnail","6":"product_cat-peanut-butter","8":"first","9":"instock","10":"featured","11":"shipping-taxable","12":"product-type-simple"},"yoast_head":"<!-- This site is optimized with the Yoast SEO plugin v24.9 - https:\/\/yoast.com\/wordpress\/plugins\/seo\/ -->\n<title>Crunchy Peanut Butter | Custom Crunchy Peanut Butter OEM - Peanut Butter Factory<\/title>\n<meta name=\"description\" content=\"As a leading private label manufacturer, Our crunchy peanut butter is made with delightful granule texture and customizable packaging.\" \/>\n<meta name=\"robots\" content=\"index, follow, max-snippet:-1, max-image-preview:large, max-video-preview:-1\" \/>\n<link rel=\"canonical\" href=\"https:\/\/www.peanutoem.com\/hr\/manufacturer\/crunchy-peanut-butter\/\" \/>\n<meta property=\"og:locale\" content=\"hr_HR\" \/>\n<meta property=\"og:type\" content=\"article\" \/>\n<meta property=\"og:title\" content=\"Crunchy Peanut Butter | Custom Crunchy Peanut Butter OEM - Peanut Butter Factory\" \/>\n<meta property=\"og:description\" content=\"As a leading private label manufacturer, Our crunchy peanut butter is made with delightful granule texture and customizable packaging.\" \/>\n<meta property=\"og:url\" content=\"https:\/\/www.peanutoem.com\/hr\/manufacturer\/crunchy-peanut-butter\/\" \/>\n<meta property=\"og:site_name\" content=\"Peanut Butter Factory\" \/>\n<meta property=\"article:modified_time\" content=\"2024-09-28T06:53:33+00:00\" \/>\n<meta property=\"og:image\" content=\"https:\/\/www.peanutoem.com\/wp-content\/uploads\/2023\/06\/Crunchy-Type-Peanut-Butter-340g.webp\" \/>\n\t<meta property=\"og:image:width\" content=\"1000\" \/>\n\t<meta property=\"og:image:height\" content=\"1000\" \/>\n\t<meta property=\"og:image:type\" content=\"image\/webp\" \/>\n<meta name=\"twitter:card\" content=\"summary_large_image\" \/>\n<meta name=\"twitter:label1\" content=\"Procijenjeno vrijeme \u010ditanja\" \/>\n\t<meta name=\"twitter:data1\" content=\"3 minute\" \/>\n<script type=\"application\/ld+json\" class=\"yoast-schema-graph\">{\"@context\":\"https:\/\/schema.org\",\"@graph\":[{\"@type\":\"WebPage\",\"@id\":\"https:\/\/www.peanutoem.com\/manufacturer\/crunchy-peanut-butter\/\",\"url\":\"https:\/\/www.peanutoem.com\/manufacturer\/crunchy-peanut-butter\/\",\"name\":\"Crunchy Peanut Butter | Custom Crunchy Peanut Butter OEM - Peanut Butter Factory\",\"isPartOf\":{\"@id\":\"https:\/\/www.peanutoem.com\/#website\"},\"primaryImageOfPage\":{\"@id\":\"https:\/\/www.peanutoem.com\/manufacturer\/crunchy-peanut-butter\/#primaryimage\"},\"image\":{\"@id\":\"https:\/\/www.peanutoem.com\/manufacturer\/crunchy-peanut-butter\/#primaryimage\"},\"thumbnailUrl\":\"https:\/\/www.peanutoem.com\/wp-content\/uploads\/2023\/06\/Crunchy-Type-Peanut-Butter-340g.webp\",\"datePublished\":\"2023-06-08T08:15:42+00:00\",\"dateModified\":\"2024-09-28T06:53:33+00:00\",\"description\":\"As a leading private label manufacturer, Our crunchy peanut butter is made with delightful granule texture and customizable packaging.\",\"breadcrumb\":{\"@id\":\"https:\/\/www.peanutoem.com\/manufacturer\/crunchy-peanut-butter\/#breadcrumb\"},\"inLanguage\":\"hr\",\"potentialAction\":[{\"@type\":\"ReadAction\",\"target\":[\"https:\/\/www.peanutoem.com\/manufacturer\/crunchy-peanut-butter\/\"]}]},{\"@type\":\"ImageObject\",\"inLanguage\":\"hr\",\"@id\":\"https:\/\/www.peanutoem.com\/manufacturer\/crunchy-peanut-butter\/#primaryimage\",\"url\":\"https:\/\/www.peanutoem.com\/wp-content\/uploads\/2023\/06\/Crunchy-Type-Peanut-Butter-340g.webp\",\"contentUrl\":\"https:\/\/www.peanutoem.com\/wp-content\/uploads\/2023\/06\/Crunchy-Type-Peanut-Butter-340g.webp\",\"width\":1000,\"height\":1000,\"caption\":\"Crunchy Type Peanut Butter 340g\"},{\"@type\":\"BreadcrumbList\",\"@id\":\"https:\/\/www.peanutoem.com\/manufacturer\/crunchy-peanut-butter\/#breadcrumb\",\"itemListElement\":[{\"@type\":\"ListItem\",\"position\":1,\"name\":\"Home\",\"item\":\"https:\/\/www.peanutoem.com\/\"},{\"@type\":\"ListItem\",\"position\":2,\"name\":\"Products\",\"item\":\"https:\/\/www.peanutoem.com\/shop\/\"},{\"@type\":\"ListItem\",\"position\":3,\"name\":\"Crunchy Peanut Butter | Custom Crunchy Peanut Butter\"}]},{\"@type\":\"WebSite\",\"@id\":\"https:\/\/www.peanutoem.com\/#website\",\"url\":\"https:\/\/www.peanutoem.com\/\",\"name\":\"Peanut Butter Factory\",\"description\":\"Peanut Butter Manufacturer and Roast Peanut OEM Factory | Peanut Private Label China Supplier\",\"publisher\":{\"@id\":\"https:\/\/www.peanutoem.com\/#organization\"},\"alternateName\":\"Peanut Butter OEM and Wholesale\",\"potentialAction\":[{\"@type\":\"SearchAction\",\"target\":{\"@type\":\"EntryPoint\",\"urlTemplate\":\"https:\/\/www.peanutoem.com\/?s={search_term_string}\"},\"query-input\":{\"@type\":\"PropertyValueSpecification\",\"valueRequired\":true,\"valueName\":\"search_term_string\"}}],\"inLanguage\":\"hr\"},{\"@type\":\"Organization\",\"@id\":\"https:\/\/www.peanutoem.com\/#organization\",\"name\":\"Peanut Butter Factory\",\"alternateName\":\"JuFeng Group\",\"url\":\"https:\/\/www.peanutoem.com\/\",\"logo\":{\"@type\":\"ImageObject\",\"inLanguage\":\"hr\",\"@id\":\"https:\/\/www.peanutoem.com\/#\/schema\/logo\/image\/\",\"url\":\"https:\/\/www.peanutoem.com\/wp-content\/uploads\/2024\/09\/JUFENG-LOGO.png\",\"contentUrl\":\"https:\/\/www.peanutoem.com\/wp-content\/uploads\/2024\/09\/JUFENG-LOGO.png\",\"width\":600,\"height\":170,\"caption\":\"Peanut Butter Factory\"},\"image\":{\"@id\":\"https:\/\/www.peanutoem.com\/#\/schema\/logo\/image\/\"}}]}<\/script>\n<!-- \/ Yoast SEO plugin. -->","yoast_head_json":{"title":"Crunchy Peanut Butter | Custom Crunchy Peanut Butter OEM - Peanut Butter Factory","description":"As a leading private label manufacturer, Our crunchy peanut butter is made with delightful granule texture and customizable packaging.","robots":{"index":"index","follow":"follow","max-snippet":"max-snippet:-1","max-image-preview":"max-image-preview:large","max-video-preview":"max-video-preview:-1"},"canonical":"https:\/\/www.peanutoem.com\/hr\/manufacturer\/crunchy-peanut-butter\/","og_locale":"hr_HR","og_type":"article","og_title":"Crunchy Peanut Butter | Custom Crunchy Peanut Butter OEM - Peanut Butter Factory","og_description":"As a leading private label manufacturer, Our crunchy peanut butter is made with delightful granule texture and customizable packaging.","og_url":"https:\/\/www.peanutoem.com\/hr\/manufacturer\/crunchy-peanut-butter\/","og_site_name":"Peanut Butter Factory","article_modified_time":"2024-09-28T06:53:33+00:00","og_image":[{"width":1000,"height":1000,"url":"https:\/\/www.peanutoem.com\/wp-content\/uploads\/2023\/06\/Crunchy-Type-Peanut-Butter-340g.webp","type":"image\/webp"}],"twitter_card":"summary_large_image","twitter_misc":{"Procijenjeno vrijeme \u010ditanja":"3 minute"},"schema":{"@context":"https:\/\/schema.org","@graph":[{"@type":"WebPage","@id":"https:\/\/www.peanutoem.com\/manufacturer\/crunchy-peanut-butter\/","url":"https:\/\/www.peanutoem.com\/manufacturer\/crunchy-peanut-butter\/","name":"Crunchy Peanut Butter | Custom Crunchy Peanut Butter OEM - Peanut Butter Factory","isPartOf":{"@id":"https:\/\/www.peanutoem.com\/#website"},"primaryImageOfPage":{"@id":"https:\/\/www.peanutoem.com\/manufacturer\/crunchy-peanut-butter\/#primaryimage"},"image":{"@id":"https:\/\/www.peanutoem.com\/manufacturer\/crunchy-peanut-butter\/#primaryimage"},"thumbnailUrl":"https:\/\/www.peanutoem.com\/wp-content\/uploads\/2023\/06\/Crunchy-Type-Peanut-Butter-340g.webp","datePublished":"2023-06-08T08:15:42+00:00","dateModified":"2024-09-28T06:53:33+00:00","description":"As a leading private label manufacturer, Our crunchy peanut butter is made with delightful granule texture and customizable packaging.","breadcrumb":{"@id":"https:\/\/www.peanutoem.com\/manufacturer\/crunchy-peanut-butter\/#breadcrumb"},"inLanguage":"hr","potentialAction":[{"@type":"ReadAction","target":["https:\/\/www.peanutoem.com\/manufacturer\/crunchy-peanut-butter\/"]}]},{"@type":"ImageObject","inLanguage":"hr","@id":"https:\/\/www.peanutoem.com\/manufacturer\/crunchy-peanut-butter\/#primaryimage","url":"https:\/\/www.peanutoem.com\/wp-content\/uploads\/2023\/06\/Crunchy-Type-Peanut-Butter-340g.webp","contentUrl":"https:\/\/www.peanutoem.com\/wp-content\/uploads\/2023\/06\/Crunchy-Type-Peanut-Butter-340g.webp","width":1000,"height":1000,"caption":"Crunchy Type Peanut Butter 340g"},{"@type":"BreadcrumbList","@id":"https:\/\/www.peanutoem.com\/manufacturer\/crunchy-peanut-butter\/#breadcrumb","itemListElement":[{"@type":"ListItem","position":1,"name":"Home","item":"https:\/\/www.peanutoem.com\/"},{"@type":"ListItem","position":2,"name":"Products","item":"https:\/\/www.peanutoem.com\/shop\/"},{"@type":"ListItem","position":3,"name":"Crunchy Peanut Butter | Custom Crunchy Peanut Butter"}]},{"@type":"WebSite","@id":"https:\/\/www.peanutoem.com\/#website","url":"https:\/\/www.peanutoem.com\/","name":"Peanut Butter Factory","description":"Peanut Butter Manufacturer and Roast Peanut OEM Factory | Peanut Private Label China Supplier","publisher":{"@id":"https:\/\/www.peanutoem.com\/#organization"},"alternateName":"Peanut Butter OEM and Wholesale","potentialAction":[{"@type":"SearchAction","target":{"@type":"EntryPoint","urlTemplate":"https:\/\/www.peanutoem.com\/?s={search_term_string}"},"query-input":{"@type":"PropertyValueSpecification","valueRequired":true,"valueName":"search_term_string"}}],"inLanguage":"hr"},{"@type":"Organization","@id":"https:\/\/www.peanutoem.com\/#organization","name":"Peanut Butter Factory","alternateName":"JuFeng Group","url":"https:\/\/www.peanutoem.com\/","logo":{"@type":"ImageObject","inLanguage":"hr","@id":"https:\/\/www.peanutoem.com\/#\/schema\/logo\/image\/","url":"https:\/\/www.peanutoem.com\/wp-content\/uploads\/2024\/09\/JUFENG-LOGO.png","contentUrl":"https:\/\/www.peanutoem.com\/wp-content\/uploads\/2024\/09\/JUFENG-LOGO.png","width":600,"height":170,"caption":"Peanut Butter Factory"},"image":{"@id":"https:\/\/www.peanutoem.com\/#\/schema\/logo\/image\/"}}]}},"_links":{"self":[{"href":"https:\/\/www.peanutoem.com\/hr\/wp-json\/wp\/v2\/product\/1402","targetHints":{"allow":["GET"]}}],"collection":[{"href":"https:\/\/www.peanutoem.com\/hr\/wp-json\/wp\/v2\/product"}],"about":[{"href":"https:\/\/www.peanutoem.com\/hr\/wp-json\/wp\/v2\/types\/product"}],"replies":[{"embeddable":true,"href":"https:\/\/www.peanutoem.com\/hr\/wp-json\/wp\/v2\/comments?post=1402"}],"wp:featuredmedia":[{"embeddable":true,"href":"https:\/\/www.peanutoem.com\/hr\/wp-json\/wp\/v2\/media\/1652"}],"wp:attachment":[{"href":"https:\/\/www.peanutoem.com\/hr\/wp-json\/wp\/v2\/media?parent=1402"}],"wp:term":[{"taxonomy":"product_cat","embeddable":true,"href":"https:\/\/www.peanutoem.com\/hr\/wp-json\/wp\/v2\/product_cat?post=1402"},{"taxonomy":"product_tag","embeddable":true,"href":"https:\/\/www.peanutoem.com\/hr\/wp-json\/wp\/v2\/product_tag?post=1402"}],"curies":[{"name":"wp","href":"https:\/\/api.w.org\/{rel}","templated":true}]}}