{"id":1543,"date":"2024-09-02T13:37:15","date_gmt":"2024-09-02T13:37:15","guid":{"rendered":"https:\/\/www.peanutoem.com\/?post_type=product&#038;p=1543"},"modified":"2024-09-28T06:03:37","modified_gmt":"2024-09-28T06:03:37","slug":"pure-peanut-butter","status":"publish","type":"product","link":"https:\/\/www.peanutoem.com\/hr\/manufacturer\/pure-peanut-butter\/","title":{"rendered":"\u010cisti maslac od kikirikija"},"content":{"rendered":"<h3>\u010cisti maslac od kikirikija \u2013 vode\u0107i OEM dobavlja\u010d i proizvo\u0111a\u010d privatnih robnih marki<\/h3>\n<p>Specijalizirani smo za proizvodnju i opskrbu \u010distog maslaca od kikirikija kao pouzdani OEM dobavlja\u010d, proizvo\u0111a\u010d privatne robne marke i izvoznik. Na\u0161i proizvodi izra\u0111eni su od 100% kikirikija, pru\u017eaju\u0107i neusporedivu kvalitetu i autenti\u010dnost za va\u0161 brend. Uz napredne proizvodne mogu\u0107nosti i globalne certifikate, na\u0161a rje\u0161enja za maslac od kikirikija prilago\u0111avamo va\u0161im specifi\u010dnim zahtjevima.<\/p>\n<h3>\u0160to je \u010disti maslac od kikirikija?<\/h3>\n<p><strong>\u010dista <a href=\"https:\/\/www.peanutoem.com\/hr\/Wholesale\/peanut-butter\/\" target=\"_blank\" rel=\"noopener\">maslac od kikirikija<\/a><\/strong> izra\u0111en je od 100% <a href=\"https:\/\/en.wikipedia.org\/wiki\/Peanut\" target=\"_blank\" rel=\"noopener\">kikiriki<\/a>, bez dodanih \u0161e\u0107era, ulja i konzervansa. Nudi prirodan, neprera\u0111en okus koji privla\u010di potro\u0161a\u010de koji brinu o zdravlju. Ova vrsta maslaca od kikirikija zadr\u017eava bogat okus i prirodna ulja iz kikirikija, \u0161to ga \u010dini popularnim izborom za one koji tra\u017ee \u010diste proizvode.<\/p>\n<h3>Koji su drugi nazivi za \u010disti maslac od kikirikija?<\/h3>\n<p>Tako\u0111er je poznat pod razli\u010ditim nazivima u regijama i industrijama. Neka od naj\u010de\u0161\u0107ih alternativnih imena uklju\u010duju:<\/p>\n<ul>\n<li><strong>Prirodni maslac od kikirikija<\/strong><\/li>\n<li><strong>Nezasla\u0111eni maslac od kikirikija<\/strong><\/li>\n<li><strong>Maslac od kikirikija bez aditiva<\/strong><\/li>\n<li><strong>100% maslac od kikirikija<\/strong><\/li>\n<\/ul>\n<p>Ovi nazivi nagla\u0161avaju odsutnost dodatnih sastojaka, isti\u010du\u0107i \u010disto\u0107u proizvoda.<\/p>\n<h3>Za\u0161to odabrati nas kao svog dobavlja\u010da?<\/h3>\n<p>Kao vode\u0107i OEM dobavlja\u010d i proizvo\u0111a\u010d privatnih robnih marki, nudimo:<\/p>\n<ul>\n<li><strong>Proizvodi visoke kvalitete:<\/strong> Na\u0161 \u010disti maslac od kikirikija sadr\u017ei 100% odabranog kikirikija, bez dodanih \u0161e\u0107era, ulja ili konzervansa.<\/li>\n<li><strong>Prilagodljiva rje\u0161enja:<\/strong> Nudimo fleksibilne mogu\u0107nosti pakiranja, uklju\u010duju\u0107i staklenke, limenke i kante, u razli\u010ditim veli\u010dinama kako bismo zadovoljili zahtjeve tr\u017ei\u0161ta.<\/li>\n<li><strong>Globalno <a href=\"https:\/\/www.peanutoem.com\/hr\/certificate\/\" target=\"_blank\" rel=\"noopener\">Certifikati<\/a>:<\/strong> Na\u0161i certifikati, uklju\u010duju\u0107i HACCP, BRCGS, Halal i Kosher, jam\u010de sigurnost proizvoda i vrhunsku kvalitetu.<\/li>\n<li><strong>Veliki proizvodni kapacitet:<\/strong> Mo\u017eemo u\u010dinkovito obraditi i male i skupne narud\u017ebe, zadovoljavaju\u0107i razli\u010dite potrebe klijenata.<\/li>\n<li><strong>Stru\u010dnost u globalnom izvozu:<\/strong> Imamo veliko iskustvo u isporuci visokokvalitetnog maslaca od kikirikija klijentima \u0161irom svijeta.<\/li>\n<\/ul>\n<h3>\u010cesto postavljana pitanja o na\u0161oj poslovnoj ulozi kao proizvo\u0111a\u010da i veleprodaje<\/h3>\n<ol>\n<li><strong>Za\u0161to ste vode\u0107i OEM dobavlja\u010d u industriji maslaca od kikirikija?<\/strong><br \/>\nProizvodimo maslac od kikirikija za robne marke pod njihovom vlastitom markom, osiguravaju\u0107i prilago\u0111ena rje\u0161enja proizvoda.<\/li>\n<li><strong>Nudite li usluge privatne robne marke?<\/strong><br \/>\nDa, specijalizirali smo se za fleksibilna rje\u0161enja privatnih robnih marki kako bismo vam pomogli stvoriti brendirani maslac od kikirikija.<\/li>\n<li><strong>Koje sastojke koristite?<\/strong><br \/>\nNa\u0161 \u010disti maslac od kikirikija sastoji se od 100% odabranog kikirikija, bez dodanih \u0161e\u0107era, ulja ili konzervansa.<\/li>\n<li><strong>Kako mogu prilagoditi svoje pakiranje?<\/strong><br \/>\nMo\u017eete birati izme\u0111u razli\u010ditih opcija pakiranja i veli\u010dina, prilago\u0111enih va\u0161im potrebama, od maloprodaje do rinfuze.<\/li>\n<li><strong>Koja je minimalna koli\u010dina narud\u017ebe (MOQ)?<\/strong><br \/>\nMOQ iznosi jednu tonu, \u0161to pru\u017ea fleksibilnost i malim i velikim tvrtkama.<\/li>\n<li><strong>Po \u010demu se isti\u010de va\u0161 \u010disti maslac od kikirikija?<\/strong><br \/>\nNa\u0161a predanost kvaliteti, globalni certifikati i prilago\u0111ena rje\u0161enja privatnih robnih marki razlikuju nas od konkurencije.<\/li>\n<li><strong>Koliko dugo traje obrada narud\u017ebe?<\/strong><br \/>\nRok isporuke je od 7 do 20 dana, ovisno o veli\u010dini narud\u017ebe i zahtjevima pakiranja.<\/li>\n<li><strong>Mogu li zatra\u017eiti uzorke prije naru\u010divanja?<\/strong><br \/>\nDa, nudimo besplatne uzorke na\u0161eg \u010distog maslaca od kikirikija za procjenu kvalitete prije nego \u0161to naru\u010dite skupnu koli\u010dinu.<\/li>\n<li><strong>Izvozite li globalno?<\/strong><br \/>\nApsolutno! Iskusni smo u izvozu visokokvalitetnog \u010distog maslaca od kikirikija klijentima \u0161irom svijeta.<\/li>\n<\/ol>\n<h3>Za\u0161to \u010disti maslac od kikirikija?<\/h3>\n<p>\u010cisti maslac od kikirikija najbolja je opcija za potro\u0161a\u010de koji brinu o zdravlju i tra\u017ee prirodan proizvod bez aditiva. Bogat je proteinima, zdravim mastima i esencijalnim nutrijentima, \u0161to ga \u010dini svestranim sastojkom u kuhinjama diljem svijeta. Kako se potro\u0161a\u010di sve vi\u0161e fokusiraju na \u010diste etikete, potra\u017enja za 100% proizvodima na bazi kikirikija nastavlja rasti.<\/p>\n<p>Osiguravamo da na\u0161 \u010disti maslac od kikirikija ispunjava ove zahtjeve, pru\u017eaju\u0107i proizvod koji je \u0161to je mogu\u0107e bli\u017ei prirodi, a istovremeno se u potpunosti prilago\u0111ava potrebama va\u0161eg brenda. Bilo da \u017eelite pro\u0161iriti ponudu svoje robne marke ili u\u0107i na nova tr\u017ei\u0161ta, mi imamo kapacitet, stru\u010dnost i certifikate da to ostvarimo.<\/p>\n<a href=\"mailto:globepeanut@gmail.com\" class=\"button primary is-primary is-medium\"  >\n    <span>Po\u0161aljite nam e-po\u0161tu<\/span>\n  <\/a>","protected":false},"excerpt":{"rendered":"<table width=\"564\">\n<tbody>\n<tr>\n<td width=\"113\"><strong>Naziv proizvoda<\/strong><\/td>\n<td width=\"402\">\u010cisti maslac od kikirikija<\/td>\n<\/tr>\n<tr>\n<td width=\"113\"><strong>Sastojci<\/strong><\/td>\n<td width=\"402\">Odabrani maslac od kikirikija<\/td>\n<\/tr>\n<tr>\n<td width=\"113\"><strong>Tehni\u010dki podaci<\/strong><\/td>\n<td width=\"402\">10kgx1, 20kgx1, 22kgx1,220kgx1<\/td>\n<\/tr>\n<tr>\n<td width=\"113\"><strong>Obrazac pakiranja<\/strong><\/td>\n<td width=\"402\">Staklenka, kanta, torba, kutija, ba\u010dva, boca itd<\/td>\n<\/tr>\n<tr>\n<td width=\"113\"><strong>Vrijeme isporuke<\/strong><\/td>\n<td width=\"402\">7~20 dana nakon narud\u017ebe<\/td>\n<\/tr>\n<tr>\n<td width=\"113\"><strong>MOQ<\/strong><\/td>\n<td width=\"402\">Jedna tona<\/td>\n<\/tr>\n<tr>\n<td width=\"113\"><strong>Uzorak<\/strong><\/td>\n<td width=\"402\">Dostupan besplatni uzorak<\/td>\n<\/tr>\n<tr>\n<td width=\"113\"><strong>OEM<\/strong><\/td>\n<td width=\"402\">Prihva\u0107ena oznaka kupca<\/td>\n<\/tr>\n<\/tbody>\n<\/table>","protected":false},"featured_media":1659,"comment_status":"open","ping_status":"closed","template":"","meta":[],"product_cat":[15],"product_tag":[],"class_list":{"0":"post-1543","1":"product","2":"type-product","3":"status-publish","4":"has-post-thumbnail","6":"product_cat-peanut-butter","8":"first","9":"instock","10":"shipping-taxable","11":"product-type-simple"},"yoast_head":"<!-- This site is optimized with the Yoast SEO plugin v24.9 - https:\/\/yoast.com\/wordpress\/plugins\/seo\/ -->\n<title>Pure Peanut Butter OEM Producer - Peanut Butter Factory<\/title>\n<meta name=\"description\" content=\"As a top OEM manufacturer and exporter, we supply pure peanut butter made from 100% peanuts. Customizable private label solutions for your business needs.\" \/>\n<meta name=\"robots\" content=\"index, follow, max-snippet:-1, max-image-preview:large, max-video-preview:-1\" \/>\n<link rel=\"canonical\" href=\"https:\/\/www.peanutoem.com\/hr\/manufacturer\/pure-peanut-butter\/\" \/>\n<meta property=\"og:locale\" content=\"hr_HR\" \/>\n<meta property=\"og:type\" content=\"article\" \/>\n<meta property=\"og:title\" content=\"Pure Peanut Butter OEM Producer - Peanut Butter Factory\" \/>\n<meta property=\"og:description\" content=\"As a top OEM manufacturer and exporter, we supply pure peanut butter made from 100% peanuts. Customizable private label solutions for your business needs.\" \/>\n<meta property=\"og:url\" content=\"https:\/\/www.peanutoem.com\/hr\/manufacturer\/pure-peanut-butter\/\" \/>\n<meta property=\"og:site_name\" content=\"Peanut Butter Factory\" \/>\n<meta property=\"article:modified_time\" content=\"2024-09-28T06:03:37+00:00\" \/>\n<meta property=\"og:image\" content=\"https:\/\/www.peanutoem.com\/wp-content\/uploads\/2024\/09\/Pure-Peanut-Butter-OEM-Supplier.webp\" \/>\n\t<meta property=\"og:image:width\" content=\"1000\" \/>\n\t<meta property=\"og:image:height\" content=\"1000\" \/>\n\t<meta property=\"og:image:type\" content=\"image\/webp\" \/>\n<meta name=\"twitter:card\" content=\"summary_large_image\" \/>\n<meta name=\"twitter:label1\" content=\"Procijenjeno vrijeme \u010ditanja\" \/>\n\t<meta name=\"twitter:data1\" content=\"3 minute\" \/>\n<script type=\"application\/ld+json\" class=\"yoast-schema-graph\">{\"@context\":\"https:\/\/schema.org\",\"@graph\":[{\"@type\":\"WebPage\",\"@id\":\"https:\/\/www.peanutoem.com\/manufacturer\/pure-peanut-butter\/\",\"url\":\"https:\/\/www.peanutoem.com\/manufacturer\/pure-peanut-butter\/\",\"name\":\"Pure Peanut Butter OEM Producer - Peanut Butter Factory\",\"isPartOf\":{\"@id\":\"https:\/\/www.peanutoem.com\/#website\"},\"primaryImageOfPage\":{\"@id\":\"https:\/\/www.peanutoem.com\/manufacturer\/pure-peanut-butter\/#primaryimage\"},\"image\":{\"@id\":\"https:\/\/www.peanutoem.com\/manufacturer\/pure-peanut-butter\/#primaryimage\"},\"thumbnailUrl\":\"https:\/\/www.peanutoem.com\/wp-content\/uploads\/2024\/09\/Pure-Peanut-Butter-OEM-Supplier.webp\",\"datePublished\":\"2024-09-02T13:37:15+00:00\",\"dateModified\":\"2024-09-28T06:03:37+00:00\",\"description\":\"As a top OEM manufacturer and exporter, we supply pure peanut butter made from 100% peanuts. Customizable private label solutions for your business needs.\",\"breadcrumb\":{\"@id\":\"https:\/\/www.peanutoem.com\/manufacturer\/pure-peanut-butter\/#breadcrumb\"},\"inLanguage\":\"hr\",\"potentialAction\":[{\"@type\":\"ReadAction\",\"target\":[\"https:\/\/www.peanutoem.com\/manufacturer\/pure-peanut-butter\/\"]}]},{\"@type\":\"ImageObject\",\"inLanguage\":\"hr\",\"@id\":\"https:\/\/www.peanutoem.com\/manufacturer\/pure-peanut-butter\/#primaryimage\",\"url\":\"https:\/\/www.peanutoem.com\/wp-content\/uploads\/2024\/09\/Pure-Peanut-Butter-OEM-Supplier.webp\",\"contentUrl\":\"https:\/\/www.peanutoem.com\/wp-content\/uploads\/2024\/09\/Pure-Peanut-Butter-OEM-Supplier.webp\",\"width\":1000,\"height\":1000,\"caption\":\"Pure Peanut Butter OEM Supplier\"},{\"@type\":\"BreadcrumbList\",\"@id\":\"https:\/\/www.peanutoem.com\/manufacturer\/pure-peanut-butter\/#breadcrumb\",\"itemListElement\":[{\"@type\":\"ListItem\",\"position\":1,\"name\":\"Home\",\"item\":\"https:\/\/www.peanutoem.com\/\"},{\"@type\":\"ListItem\",\"position\":2,\"name\":\"Products\",\"item\":\"https:\/\/www.peanutoem.com\/shop\/\"},{\"@type\":\"ListItem\",\"position\":3,\"name\":\"Pure Peanut Butter\"}]},{\"@type\":\"WebSite\",\"@id\":\"https:\/\/www.peanutoem.com\/#website\",\"url\":\"https:\/\/www.peanutoem.com\/\",\"name\":\"Peanut Butter Factory\",\"description\":\"Peanut Butter Manufacturer and Roast Peanut OEM Factory | Peanut Private Label China Supplier\",\"publisher\":{\"@id\":\"https:\/\/www.peanutoem.com\/#organization\"},\"alternateName\":\"Peanut Butter OEM and Wholesale\",\"potentialAction\":[{\"@type\":\"SearchAction\",\"target\":{\"@type\":\"EntryPoint\",\"urlTemplate\":\"https:\/\/www.peanutoem.com\/?s={search_term_string}\"},\"query-input\":{\"@type\":\"PropertyValueSpecification\",\"valueRequired\":true,\"valueName\":\"search_term_string\"}}],\"inLanguage\":\"hr\"},{\"@type\":\"Organization\",\"@id\":\"https:\/\/www.peanutoem.com\/#organization\",\"name\":\"Peanut Butter Factory\",\"alternateName\":\"JuFeng Group\",\"url\":\"https:\/\/www.peanutoem.com\/\",\"logo\":{\"@type\":\"ImageObject\",\"inLanguage\":\"hr\",\"@id\":\"https:\/\/www.peanutoem.com\/#\/schema\/logo\/image\/\",\"url\":\"https:\/\/www.peanutoem.com\/wp-content\/uploads\/2024\/09\/JUFENG-LOGO.png\",\"contentUrl\":\"https:\/\/www.peanutoem.com\/wp-content\/uploads\/2024\/09\/JUFENG-LOGO.png\",\"width\":600,\"height\":170,\"caption\":\"Peanut Butter Factory\"},\"image\":{\"@id\":\"https:\/\/www.peanutoem.com\/#\/schema\/logo\/image\/\"}}]}<\/script>\n<!-- \/ Yoast SEO plugin. -->","yoast_head_json":{"title":"Pure Peanut Butter OEM Producer - Peanut Butter Factory","description":"As a top OEM manufacturer and exporter, we supply pure peanut butter made from 100% peanuts. Customizable private label solutions for your business needs.","robots":{"index":"index","follow":"follow","max-snippet":"max-snippet:-1","max-image-preview":"max-image-preview:large","max-video-preview":"max-video-preview:-1"},"canonical":"https:\/\/www.peanutoem.com\/hr\/manufacturer\/pure-peanut-butter\/","og_locale":"hr_HR","og_type":"article","og_title":"Pure Peanut Butter OEM Producer - Peanut Butter Factory","og_description":"As a top OEM manufacturer and exporter, we supply pure peanut butter made from 100% peanuts. Customizable private label solutions for your business needs.","og_url":"https:\/\/www.peanutoem.com\/hr\/manufacturer\/pure-peanut-butter\/","og_site_name":"Peanut Butter Factory","article_modified_time":"2024-09-28T06:03:37+00:00","og_image":[{"width":1000,"height":1000,"url":"https:\/\/www.peanutoem.com\/wp-content\/uploads\/2024\/09\/Pure-Peanut-Butter-OEM-Supplier.webp","type":"image\/webp"}],"twitter_card":"summary_large_image","twitter_misc":{"Procijenjeno vrijeme \u010ditanja":"3 minute"},"schema":{"@context":"https:\/\/schema.org","@graph":[{"@type":"WebPage","@id":"https:\/\/www.peanutoem.com\/manufacturer\/pure-peanut-butter\/","url":"https:\/\/www.peanutoem.com\/manufacturer\/pure-peanut-butter\/","name":"Pure Peanut Butter OEM Producer - Peanut Butter Factory","isPartOf":{"@id":"https:\/\/www.peanutoem.com\/#website"},"primaryImageOfPage":{"@id":"https:\/\/www.peanutoem.com\/manufacturer\/pure-peanut-butter\/#primaryimage"},"image":{"@id":"https:\/\/www.peanutoem.com\/manufacturer\/pure-peanut-butter\/#primaryimage"},"thumbnailUrl":"https:\/\/www.peanutoem.com\/wp-content\/uploads\/2024\/09\/Pure-Peanut-Butter-OEM-Supplier.webp","datePublished":"2024-09-02T13:37:15+00:00","dateModified":"2024-09-28T06:03:37+00:00","description":"As a top OEM manufacturer and exporter, we supply pure peanut butter made from 100% peanuts. Customizable private label solutions for your business needs.","breadcrumb":{"@id":"https:\/\/www.peanutoem.com\/manufacturer\/pure-peanut-butter\/#breadcrumb"},"inLanguage":"hr","potentialAction":[{"@type":"ReadAction","target":["https:\/\/www.peanutoem.com\/manufacturer\/pure-peanut-butter\/"]}]},{"@type":"ImageObject","inLanguage":"hr","@id":"https:\/\/www.peanutoem.com\/manufacturer\/pure-peanut-butter\/#primaryimage","url":"https:\/\/www.peanutoem.com\/wp-content\/uploads\/2024\/09\/Pure-Peanut-Butter-OEM-Supplier.webp","contentUrl":"https:\/\/www.peanutoem.com\/wp-content\/uploads\/2024\/09\/Pure-Peanut-Butter-OEM-Supplier.webp","width":1000,"height":1000,"caption":"Pure Peanut Butter OEM Supplier"},{"@type":"BreadcrumbList","@id":"https:\/\/www.peanutoem.com\/manufacturer\/pure-peanut-butter\/#breadcrumb","itemListElement":[{"@type":"ListItem","position":1,"name":"Home","item":"https:\/\/www.peanutoem.com\/"},{"@type":"ListItem","position":2,"name":"Products","item":"https:\/\/www.peanutoem.com\/shop\/"},{"@type":"ListItem","position":3,"name":"Pure Peanut Butter"}]},{"@type":"WebSite","@id":"https:\/\/www.peanutoem.com\/#website","url":"https:\/\/www.peanutoem.com\/","name":"Peanut Butter Factory","description":"Peanut Butter Manufacturer and Roast Peanut OEM Factory | Peanut Private Label China Supplier","publisher":{"@id":"https:\/\/www.peanutoem.com\/#organization"},"alternateName":"Peanut Butter OEM and Wholesale","potentialAction":[{"@type":"SearchAction","target":{"@type":"EntryPoint","urlTemplate":"https:\/\/www.peanutoem.com\/?s={search_term_string}"},"query-input":{"@type":"PropertyValueSpecification","valueRequired":true,"valueName":"search_term_string"}}],"inLanguage":"hr"},{"@type":"Organization","@id":"https:\/\/www.peanutoem.com\/#organization","name":"Peanut Butter Factory","alternateName":"JuFeng Group","url":"https:\/\/www.peanutoem.com\/","logo":{"@type":"ImageObject","inLanguage":"hr","@id":"https:\/\/www.peanutoem.com\/#\/schema\/logo\/image\/","url":"https:\/\/www.peanutoem.com\/wp-content\/uploads\/2024\/09\/JUFENG-LOGO.png","contentUrl":"https:\/\/www.peanutoem.com\/wp-content\/uploads\/2024\/09\/JUFENG-LOGO.png","width":600,"height":170,"caption":"Peanut Butter Factory"},"image":{"@id":"https:\/\/www.peanutoem.com\/#\/schema\/logo\/image\/"}}]}},"_links":{"self":[{"href":"https:\/\/www.peanutoem.com\/hr\/wp-json\/wp\/v2\/product\/1543","targetHints":{"allow":["GET"]}}],"collection":[{"href":"https:\/\/www.peanutoem.com\/hr\/wp-json\/wp\/v2\/product"}],"about":[{"href":"https:\/\/www.peanutoem.com\/hr\/wp-json\/wp\/v2\/types\/product"}],"replies":[{"embeddable":true,"href":"https:\/\/www.peanutoem.com\/hr\/wp-json\/wp\/v2\/comments?post=1543"}],"wp:featuredmedia":[{"embeddable":true,"href":"https:\/\/www.peanutoem.com\/hr\/wp-json\/wp\/v2\/media\/1659"}],"wp:attachment":[{"href":"https:\/\/www.peanutoem.com\/hr\/wp-json\/wp\/v2\/media?parent=1543"}],"wp:term":[{"taxonomy":"product_cat","embeddable":true,"href":"https:\/\/www.peanutoem.com\/hr\/wp-json\/wp\/v2\/product_cat?post=1543"},{"taxonomy":"product_tag","embeddable":true,"href":"https:\/\/www.peanutoem.com\/hr\/wp-json\/wp\/v2\/product_tag?post=1543"}],"curies":[{"name":"wp","href":"https:\/\/api.w.org\/{rel}","templated":true}]}}