{"id":1545,"date":"2024-09-02T13:38:22","date_gmt":"2024-09-02T13:38:22","guid":{"rendered":"https:\/\/www.peanutoem.com\/?post_type=product&#038;p=1545"},"modified":"2024-09-28T05:39:23","modified_gmt":"2024-09-28T05:39:23","slug":"stabilized-peanut-butter","status":"publish","type":"product","link":"https:\/\/www.peanutoem.com\/hr\/manufacturer\/stabilized-peanut-butter\/","title":{"rendered":"Stabilizirani maslac od kikirikija"},"content":{"rendered":"<h3>\u0160to je stabilizirani maslac od kikirikija?<\/h3>\n<p>Stabilizirano <a href=\"https:\/\/www.peanutoem.com\/hr\/Wholesale\/peanut-butter\/\" target=\"_blank\" rel=\"noopener\">maslac od kikirikija<\/a> je posebno formuliran <a href=\"https:\/\/en.wikipedia.org\/wiki\/Peanut\" target=\"_blank\" rel=\"noopener\">kikiriki<\/a> maslac koji tijekom vremena zadr\u017eava svoju svilenkastu, kremastu teksturu bez odvajanja ulja i vode do kojeg dolazi tijekom vremena. Za razliku od uobi\u010dajenog prirodnog maslaca od kikirikija, koji ima tendenciju prirodnog razdvajanja u slojeve ulja od kikirikija na vrhu i \u010dvrste mrvice kikirikija na dnu, stabilizirani maslac od kikirikija pametno je pomije\u0161an s prirodnim stabilizatorima, kao \u0161to su biljna ulja ili emulgatori, kako bi se osigurala ujedna\u010dena tekstura. Ova zna\u010dajka ga \u010dini najboljim izborom za potro\u0161a\u010de koji tra\u017ee prakti\u010dnost, jer nema potrebe za dodatnim radnjama kao \u0161to je mije\u0161anje prije upotrebe. Stabilizirani maslac od kikirikija popularan je zbog svoje postojane kvalitete i dugog roka trajanja, a ne vole ga samo ku\u0107ni korisnici, ve\u0107 se \u0161iroko koristi i u prehrambenoj industriji.<\/p>\n<h3>\u0160to su druga imena?<\/h3>\n<p>Stabilizirani maslac od kikirikija mo\u017ee se nazivati raznim imenima, uklju\u010duju\u0107i:<\/p>\n<ul>\n<li>Kremasti namaz od kikirikija<\/li>\n<li>Kremasti stabilizirani maslac od kikirikija<\/li>\n<li>Emulgirani maslac od kikirikija<\/li>\n<li>Homogen ili homogenizirani maslac od kikirikija<\/li>\n<li>Dugotrajni namaz od kikirikija<\/li>\n<li>Maslac od kikirikija bez mije\u0161anja<\/li>\n<li>Maslac od kikirikija koji se ne odvaja<\/li>\n<li>Prera\u0111eni maslac od kikirikija<\/li>\n<li>Maslac od kikirikija stabilan na polici<\/li>\n<li>Glatko namazan maslac od kikirikija<\/li>\n<li>Glatki maslac od kikirikija stabilan na \u010duvanju<\/li>\n<\/ul>\n<h3><strong>Vru\u0107e teme o stabiliziranom maslacu od kikirikija<\/strong><\/h3>\n<ol>\n<li><strong> Prednosti: <\/strong>Stabilizirani maslac od kikirikija nudi nekoliko prednosti, uklju\u010duju\u0107i ujedna\u010denu teksturu koja ne zahtijeva mije\u0161anje i du\u017ei rok trajanja. Idealan je za upotrebu u receptima i kao namaz gdje je postojana tekstura klju\u010dna.<\/li>\n<li><strong> Primjene u proizvodnji hrane:\u00a0<\/strong>Zbog svoje stabilnosti ima \u0161iroku primjenu u proizvodnji hrane. Slu\u017ei kao sastojak u raznim proizvodima, kao \u0161to su snack barovi, umaci i peciva, gdje su dosljednost i kvaliteta bitni.<\/li>\n<li><strong> Preferencije i trendovi potro\u0161a\u010da: <\/strong>Potro\u0161a\u010di sve vi\u0161e preferiraju stabilizirani maslac od kikirikija zbog njegove prakti\u010dnosti i pouzdanosti. Kako promjene na\u010dina \u017eivota dovode do gu\u0161\u0107ih rasporeda, proizvodi koji nude jednostavno spremanje i pripremu postaju sve popularniji.<\/li>\n<li><strong> Nutritivni aspekti: <\/strong>Stabilizirani maslac od kikirikija zadr\u017eava svoj nutritivni profil dok nudi stabilan, postojan proizvod. Sadr\u017ei esencijalne hranjive tvari poput proteina, zdravih masti i vitamina, \u0161to ga \u010dini zdravim izborom za razne dijete.<\/li>\n<\/ol>\n<h3><strong>Za\u0161to odabrati nas kao svog dobavlja\u010da?<\/strong><\/h3>\n<ol>\n<li><strong>Za\u0161to ste najbolji izbor za OEM usluge stabiliziranog maslaca od kikirikija?<\/strong><br \/>\nNudimo prilago\u0111ena rje\u0161enja, proizvode visoke kvalitete i opse\u017enu stru\u010dnost u globalnoj proizvodnji i izvozu.<\/li>\n<li><strong>Mo\u017eete li prilagoditi teksturu, konzistenciju i formulacije?<\/strong><br \/>\nDa, mo\u017eemo prilagoditi teksturu i razviti jedinstvene formulacije kako bismo zadovoljili va\u0161e specifi\u010dne zahtjeve i preferencije potro\u0161a\u010da.<\/li>\n<li><strong>Koje su mogu\u0107nosti pakiranja dostupne?<\/strong><br \/>\nNudimo razli\u010dite prilagodljive formate pakiranja, uklju\u010duju\u0107i staklenke, vre\u0107ice i spremnike za rasuti teret, prilago\u0111ene potrebama va\u0161eg brenda.<\/li>\n<li><strong>Je li dostupan u organskim opcijama?<\/strong><br \/>\nApsolutno! Nudimo stabilizirani maslac od kikirikija napravljen od organskog kikirikija i prirodnih sastojaka.<\/li>\n<li><strong>Kako osiguravate kvalitetu?<\/strong><br \/>\nNa\u0161i rigorozni procesi kontrole kvalitete i certifikati, kao \u0161to su HACCP, BRCGS i Ko\u0161er, jam\u010de da svaka serija zadovoljava najvi\u0161e standarde.<\/li>\n<li><strong>Koja su va\u0161a vremena isporuke za proizvodnju i otpremu?<\/strong><br \/>\nVrijeme isporuke razlikuje se ovisno o koli\u010dini narud\u017ebe i odredi\u0161tu, ali osiguravamo u\u010dinkovitu proizvodnju i pravovremenu isporuku, obi\u010dno u roku od nekoliko tjedana.<\/li>\n<li><strong>Bavite li se me\u0111unarodnim izvozom?<\/strong><br \/>\nDa, upravljamo svim aspektima globalne dostave i uskla\u0111enosti kako bismo osigurali besprijekornu isporuku.<\/li>\n<li><strong>Koje certifikate imate?<\/strong><br \/>\nNa\u0161 stabilizirani maslac od kikirikija certificiran je prema HACCP, Ko\u0161er, Halal, BRCGS i drugim relevantnim standardima, \u010dime se osigurava sigurnost i kvaliteta proizvoda.<\/li>\n<li><strong>Mo\u017eemo li zatra\u017eiti uzorke prije pune narud\u017ebe?<\/strong><br \/>\nDa, dajemo uzorke serija za testiranje, osiguravaju\u0107i da ispunjava va\u0161a o\u010dekivanja prije ve\u0107e obveze.<\/li>\n<\/ol>\n<h3><strong>\u010cinjenice o stabiliziranom maslacu od kikirikija\u00a0<\/strong><\/h3>\n<ol>\n<li><strong>Bez odvajanja:<\/strong> Stabilizirani maslac od kikirikija ne razdvaja se na ulje i krutine, osiguravaju\u0107i postojanu teksturu tijekom cijelog roka trajanja.<\/li>\n<li><strong>Produ\u017eeni rok trajanja:<\/strong> Ima du\u017ei rok trajanja u usporedbi s tradicionalnim maslacem od kikirikija, smanjuju\u0107i potrebu za \u010destim ponovnim kupnjama i otpadom.<\/li>\n<li><strong>Pogodnost:<\/strong> Idealno za kori\u0161tenje u razli\u010ditim primjenama gdje je stabilna konzistencija koja se mo\u017ee mazati klju\u010dna, kao \u0161to je proizvodnja hrane i maloprodajnih proizvoda.<\/li>\n<li><strong>Zadr\u017eavanje hranjivih tvari:<\/strong> Unato\u010d svojoj stabilnosti, zadr\u017eava nutritivne prednosti kikirikija, uklju\u010duju\u0107i proteine, zdrave masti i bitne vitamine.<\/li>\n<li><strong>Svestrana upotreba:<\/strong> Prikladno za niz proizvoda, od namaza i grickalica do baza sastojaka u prera\u0111enoj hrani.<\/li>\n<\/ol>\n<a href=\"mailto:globepeanut@gmail.com\" class=\"button primary is-primary is-medium\"  >\n    <span>Po\u0161aljite nam e-po\u0161tu<\/span>\n  <\/a>","protected":false},"excerpt":{"rendered":"<table width=\"564\">\n<tbody>\n<tr>\n<td width=\"113\"><strong>Naziv proizvoda<\/strong><\/td>\n<td width=\"402\">Stabilizirani maslac od kikirikija<\/td>\n<\/tr>\n<tr>\n<td width=\"113\"><strong>Tehni\u010dki podaci<\/strong><\/td>\n<td width=\"402\">10kgx1, 20kgx1, 22kgx1<\/td>\n<\/tr>\n<tr>\n<td width=\"113\"><strong>Obrazac pakiranja<\/strong><\/td>\n<td width=\"402\">Staklenka, kanta, doy paket, torba, karton, limenka, ba\u010dva, limenka, boca itd.<\/td>\n<\/tr>\n<tr>\n<td width=\"113\"><strong>Vrijeme isporuke<\/strong><\/td>\n<td width=\"402\">7~20 dana nakon narud\u017ebe<\/td>\n<\/tr>\n<tr>\n<td width=\"113\"><strong>MOQ<\/strong><\/td>\n<td width=\"402\">Jedna tona<\/td>\n<\/tr>\n<tr>\n<td width=\"113\"><strong>Uzorak<\/strong><\/td>\n<td width=\"402\">Dostupan besplatni uzorak<\/td>\n<\/tr>\n<tr>\n<td width=\"113\"><strong>OEM<\/strong><\/td>\n<td width=\"402\">Prihva\u0107ena oznaka kupca<\/td>\n<\/tr>\n<\/tbody>\n<\/table>","protected":false},"featured_media":1692,"comment_status":"open","ping_status":"closed","template":"","meta":[],"product_cat":[15],"product_tag":[],"class_list":{"0":"post-1545","1":"product","2":"type-product","3":"status-publish","4":"has-post-thumbnail","6":"product_cat-peanut-butter","8":"first","9":"instock","10":"shipping-taxable","11":"product-type-simple"},"yoast_head":"<!-- This site is optimized with the Yoast SEO plugin v24.9 - https:\/\/yoast.com\/wordpress\/plugins\/seo\/ -->\n<title>Stabilized Peanut Butter China Producer - Peanut Butter Factory<\/title>\n<meta name=\"description\" content=\"Leading stabilized peanut butter OEM private label manufacturer and exporter. High-quality and packaging customized to meet global market demands.\" \/>\n<meta name=\"robots\" content=\"index, follow, max-snippet:-1, max-image-preview:large, max-video-preview:-1\" \/>\n<link rel=\"canonical\" href=\"https:\/\/www.peanutoem.com\/hr\/manufacturer\/stabilized-peanut-butter\/\" \/>\n<meta property=\"og:locale\" content=\"hr_HR\" \/>\n<meta property=\"og:type\" content=\"article\" \/>\n<meta property=\"og:title\" content=\"Stabilized Peanut Butter China Producer - Peanut Butter Factory\" \/>\n<meta property=\"og:description\" content=\"Leading stabilized peanut butter OEM private label manufacturer and exporter. High-quality and packaging customized to meet global market demands.\" \/>\n<meta property=\"og:url\" content=\"https:\/\/www.peanutoem.com\/hr\/manufacturer\/stabilized-peanut-butter\/\" \/>\n<meta property=\"og:site_name\" content=\"Peanut Butter Factory\" \/>\n<meta property=\"article:modified_time\" content=\"2024-09-28T05:39:23+00:00\" \/>\n<meta property=\"og:image\" content=\"https:\/\/www.peanutoem.com\/wp-content\/uploads\/2024\/09\/Stabilized-Peanut-Butter-in-Jar.webp\" \/>\n\t<meta property=\"og:image:width\" content=\"1000\" \/>\n\t<meta property=\"og:image:height\" content=\"1000\" \/>\n\t<meta property=\"og:image:type\" content=\"image\/webp\" \/>\n<meta name=\"twitter:card\" content=\"summary_large_image\" \/>\n<meta name=\"twitter:label1\" content=\"Procijenjeno vrijeme \u010ditanja\" \/>\n\t<meta name=\"twitter:data1\" content=\"4 minute\" \/>\n<script type=\"application\/ld+json\" class=\"yoast-schema-graph\">{\"@context\":\"https:\/\/schema.org\",\"@graph\":[{\"@type\":\"WebPage\",\"@id\":\"https:\/\/www.peanutoem.com\/manufacturer\/stabilized-peanut-butter\/\",\"url\":\"https:\/\/www.peanutoem.com\/manufacturer\/stabilized-peanut-butter\/\",\"name\":\"Stabilized Peanut Butter China Producer - Peanut Butter Factory\",\"isPartOf\":{\"@id\":\"https:\/\/www.peanutoem.com\/#website\"},\"primaryImageOfPage\":{\"@id\":\"https:\/\/www.peanutoem.com\/manufacturer\/stabilized-peanut-butter\/#primaryimage\"},\"image\":{\"@id\":\"https:\/\/www.peanutoem.com\/manufacturer\/stabilized-peanut-butter\/#primaryimage\"},\"thumbnailUrl\":\"https:\/\/www.peanutoem.com\/wp-content\/uploads\/2024\/09\/Stabilized-Peanut-Butter-in-Jar.webp\",\"datePublished\":\"2024-09-02T13:38:22+00:00\",\"dateModified\":\"2024-09-28T05:39:23+00:00\",\"description\":\"Leading stabilized peanut butter OEM private label manufacturer and exporter. High-quality and packaging customized to meet global market demands.\",\"breadcrumb\":{\"@id\":\"https:\/\/www.peanutoem.com\/manufacturer\/stabilized-peanut-butter\/#breadcrumb\"},\"inLanguage\":\"hr\",\"potentialAction\":[{\"@type\":\"ReadAction\",\"target\":[\"https:\/\/www.peanutoem.com\/manufacturer\/stabilized-peanut-butter\/\"]}]},{\"@type\":\"ImageObject\",\"inLanguage\":\"hr\",\"@id\":\"https:\/\/www.peanutoem.com\/manufacturer\/stabilized-peanut-butter\/#primaryimage\",\"url\":\"https:\/\/www.peanutoem.com\/wp-content\/uploads\/2024\/09\/Stabilized-Peanut-Butter-in-Jar.webp\",\"contentUrl\":\"https:\/\/www.peanutoem.com\/wp-content\/uploads\/2024\/09\/Stabilized-Peanut-Butter-in-Jar.webp\",\"width\":1000,\"height\":1000,\"caption\":\"Stabilized Peanut Butter in Jar\"},{\"@type\":\"BreadcrumbList\",\"@id\":\"https:\/\/www.peanutoem.com\/manufacturer\/stabilized-peanut-butter\/#breadcrumb\",\"itemListElement\":[{\"@type\":\"ListItem\",\"position\":1,\"name\":\"Home\",\"item\":\"https:\/\/www.peanutoem.com\/\"},{\"@type\":\"ListItem\",\"position\":2,\"name\":\"Products\",\"item\":\"https:\/\/www.peanutoem.com\/shop\/\"},{\"@type\":\"ListItem\",\"position\":3,\"name\":\"Stabilized Peanut Butter\"}]},{\"@type\":\"WebSite\",\"@id\":\"https:\/\/www.peanutoem.com\/#website\",\"url\":\"https:\/\/www.peanutoem.com\/\",\"name\":\"Peanut Butter Factory\",\"description\":\"Peanut Butter Manufacturer and Roast Peanut OEM Factory | Peanut Private Label China Supplier\",\"publisher\":{\"@id\":\"https:\/\/www.peanutoem.com\/#organization\"},\"alternateName\":\"Peanut Butter OEM and Wholesale\",\"potentialAction\":[{\"@type\":\"SearchAction\",\"target\":{\"@type\":\"EntryPoint\",\"urlTemplate\":\"https:\/\/www.peanutoem.com\/?s={search_term_string}\"},\"query-input\":{\"@type\":\"PropertyValueSpecification\",\"valueRequired\":true,\"valueName\":\"search_term_string\"}}],\"inLanguage\":\"hr\"},{\"@type\":\"Organization\",\"@id\":\"https:\/\/www.peanutoem.com\/#organization\",\"name\":\"Peanut Butter Factory\",\"alternateName\":\"JuFeng Group\",\"url\":\"https:\/\/www.peanutoem.com\/\",\"logo\":{\"@type\":\"ImageObject\",\"inLanguage\":\"hr\",\"@id\":\"https:\/\/www.peanutoem.com\/#\/schema\/logo\/image\/\",\"url\":\"https:\/\/www.peanutoem.com\/wp-content\/uploads\/2024\/09\/JUFENG-LOGO.png\",\"contentUrl\":\"https:\/\/www.peanutoem.com\/wp-content\/uploads\/2024\/09\/JUFENG-LOGO.png\",\"width\":600,\"height\":170,\"caption\":\"Peanut Butter Factory\"},\"image\":{\"@id\":\"https:\/\/www.peanutoem.com\/#\/schema\/logo\/image\/\"}}]}<\/script>\n<!-- \/ Yoast SEO plugin. -->","yoast_head_json":{"title":"Stabilized Peanut Butter China Producer - Peanut Butter Factory","description":"Leading stabilized peanut butter OEM private label manufacturer and exporter. High-quality and packaging customized to meet global market demands.","robots":{"index":"index","follow":"follow","max-snippet":"max-snippet:-1","max-image-preview":"max-image-preview:large","max-video-preview":"max-video-preview:-1"},"canonical":"https:\/\/www.peanutoem.com\/hr\/manufacturer\/stabilized-peanut-butter\/","og_locale":"hr_HR","og_type":"article","og_title":"Stabilized Peanut Butter China Producer - Peanut Butter Factory","og_description":"Leading stabilized peanut butter OEM private label manufacturer and exporter. High-quality and packaging customized to meet global market demands.","og_url":"https:\/\/www.peanutoem.com\/hr\/manufacturer\/stabilized-peanut-butter\/","og_site_name":"Peanut Butter Factory","article_modified_time":"2024-09-28T05:39:23+00:00","og_image":[{"width":1000,"height":1000,"url":"https:\/\/www.peanutoem.com\/wp-content\/uploads\/2024\/09\/Stabilized-Peanut-Butter-in-Jar.webp","type":"image\/webp"}],"twitter_card":"summary_large_image","twitter_misc":{"Procijenjeno vrijeme \u010ditanja":"4 minute"},"schema":{"@context":"https:\/\/schema.org","@graph":[{"@type":"WebPage","@id":"https:\/\/www.peanutoem.com\/manufacturer\/stabilized-peanut-butter\/","url":"https:\/\/www.peanutoem.com\/manufacturer\/stabilized-peanut-butter\/","name":"Stabilized Peanut Butter China Producer - Peanut Butter Factory","isPartOf":{"@id":"https:\/\/www.peanutoem.com\/#website"},"primaryImageOfPage":{"@id":"https:\/\/www.peanutoem.com\/manufacturer\/stabilized-peanut-butter\/#primaryimage"},"image":{"@id":"https:\/\/www.peanutoem.com\/manufacturer\/stabilized-peanut-butter\/#primaryimage"},"thumbnailUrl":"https:\/\/www.peanutoem.com\/wp-content\/uploads\/2024\/09\/Stabilized-Peanut-Butter-in-Jar.webp","datePublished":"2024-09-02T13:38:22+00:00","dateModified":"2024-09-28T05:39:23+00:00","description":"Leading stabilized peanut butter OEM private label manufacturer and exporter. High-quality and packaging customized to meet global market demands.","breadcrumb":{"@id":"https:\/\/www.peanutoem.com\/manufacturer\/stabilized-peanut-butter\/#breadcrumb"},"inLanguage":"hr","potentialAction":[{"@type":"ReadAction","target":["https:\/\/www.peanutoem.com\/manufacturer\/stabilized-peanut-butter\/"]}]},{"@type":"ImageObject","inLanguage":"hr","@id":"https:\/\/www.peanutoem.com\/manufacturer\/stabilized-peanut-butter\/#primaryimage","url":"https:\/\/www.peanutoem.com\/wp-content\/uploads\/2024\/09\/Stabilized-Peanut-Butter-in-Jar.webp","contentUrl":"https:\/\/www.peanutoem.com\/wp-content\/uploads\/2024\/09\/Stabilized-Peanut-Butter-in-Jar.webp","width":1000,"height":1000,"caption":"Stabilized Peanut Butter in Jar"},{"@type":"BreadcrumbList","@id":"https:\/\/www.peanutoem.com\/manufacturer\/stabilized-peanut-butter\/#breadcrumb","itemListElement":[{"@type":"ListItem","position":1,"name":"Home","item":"https:\/\/www.peanutoem.com\/"},{"@type":"ListItem","position":2,"name":"Products","item":"https:\/\/www.peanutoem.com\/shop\/"},{"@type":"ListItem","position":3,"name":"Stabilized Peanut Butter"}]},{"@type":"WebSite","@id":"https:\/\/www.peanutoem.com\/#website","url":"https:\/\/www.peanutoem.com\/","name":"Peanut Butter Factory","description":"Peanut Butter Manufacturer and Roast Peanut OEM Factory | Peanut Private Label China Supplier","publisher":{"@id":"https:\/\/www.peanutoem.com\/#organization"},"alternateName":"Peanut Butter OEM and Wholesale","potentialAction":[{"@type":"SearchAction","target":{"@type":"EntryPoint","urlTemplate":"https:\/\/www.peanutoem.com\/?s={search_term_string}"},"query-input":{"@type":"PropertyValueSpecification","valueRequired":true,"valueName":"search_term_string"}}],"inLanguage":"hr"},{"@type":"Organization","@id":"https:\/\/www.peanutoem.com\/#organization","name":"Peanut Butter Factory","alternateName":"JuFeng Group","url":"https:\/\/www.peanutoem.com\/","logo":{"@type":"ImageObject","inLanguage":"hr","@id":"https:\/\/www.peanutoem.com\/#\/schema\/logo\/image\/","url":"https:\/\/www.peanutoem.com\/wp-content\/uploads\/2024\/09\/JUFENG-LOGO.png","contentUrl":"https:\/\/www.peanutoem.com\/wp-content\/uploads\/2024\/09\/JUFENG-LOGO.png","width":600,"height":170,"caption":"Peanut Butter Factory"},"image":{"@id":"https:\/\/www.peanutoem.com\/#\/schema\/logo\/image\/"}}]}},"_links":{"self":[{"href":"https:\/\/www.peanutoem.com\/hr\/wp-json\/wp\/v2\/product\/1545","targetHints":{"allow":["GET"]}}],"collection":[{"href":"https:\/\/www.peanutoem.com\/hr\/wp-json\/wp\/v2\/product"}],"about":[{"href":"https:\/\/www.peanutoem.com\/hr\/wp-json\/wp\/v2\/types\/product"}],"replies":[{"embeddable":true,"href":"https:\/\/www.peanutoem.com\/hr\/wp-json\/wp\/v2\/comments?post=1545"}],"wp:featuredmedia":[{"embeddable":true,"href":"https:\/\/www.peanutoem.com\/hr\/wp-json\/wp\/v2\/media\/1692"}],"wp:attachment":[{"href":"https:\/\/www.peanutoem.com\/hr\/wp-json\/wp\/v2\/media?parent=1545"}],"wp:term":[{"taxonomy":"product_cat","embeddable":true,"href":"https:\/\/www.peanutoem.com\/hr\/wp-json\/wp\/v2\/product_cat?post=1545"},{"taxonomy":"product_tag","embeddable":true,"href":"https:\/\/www.peanutoem.com\/hr\/wp-json\/wp\/v2\/product_tag?post=1545"}],"curies":[{"name":"wp","href":"https:\/\/api.w.org\/{rel}","templated":true}]}}