{"id":1553,"date":"2024-09-02T13:58:23","date_gmt":"2024-09-02T13:58:23","guid":{"rendered":"https:\/\/www.peanutoem.com\/?post_type=product&#038;p=1553"},"modified":"2024-09-24T15:21:33","modified_gmt":"2024-09-24T15:21:33","slug":"roasted-peanut-kernels","status":"publish","type":"product","link":"https:\/\/www.peanutoem.com\/hr\/manufacturer\/roasted-peanut-kernels\/","title":{"rendered":"Pr\u017eene jezgre kikirikija"},"content":{"rendered":"<h3>\u0160to su pr\u017eene jezgre kikirikija?<\/h3>\n<p>Pr\u017eena jezgra kikirikija jestivi su dio ljuske kikirikija koji je pa\u017eljivo pr\u017een. Proces pr\u017eenja uvelike pobolj\u0161ava okus i okus kikirikija. Kikirikiju daje atraktivnu ora\u0161astu aromu i hrskavu teksturu, \u0161to ga \u010dini popularnim me\u0111uobrokom i nezaobilaznim sastojkom mnogih namirnica. Ove pr\u017eene jezgre kikirikija imaju \u0161irok raspon namjena, od klasi\u010dne izrade maslaca od kikirikija do kreativnih kombinacija u pe\u010denim grickalicama i slatki\u0161ima, do dodavanja jedinstvenog okusa slanim jelima.<\/p>\n<h3>Koji su drugi nazivi za pr\u017eene jezgre kikirikija?<\/h3>\n<p>Pr\u017eena jezgra kikirikija ponekad se nazivaju alternativnim imenima, ovisno o regiji ili njihovoj primjeni. Uobi\u010dajena imena uklju\u010duju:<\/p>\n<ul>\n<li><strong>Pe\u010deni kikiriki<\/strong> (koristi se u odre\u0111enim zemljama)<\/li>\n<li><strong>Suhi pr\u017eeni kikiriki<\/strong><\/li>\n<li><strong>Tostirani kikiriki<\/strong><\/li>\n<li><strong>Pr\u017eene jezgre oraha<\/strong><\/li>\n<\/ul>\n<p>Ove varijacije nagla\u0161avaju isti ukusan, svestran proizvod od pr\u017eenog kikirikija, prilago\u0111en razli\u010ditim industrijama i ukusima.<\/p>\n<h3>Za\u0161to odabrati nas kao OEM dobavlja\u010da pr\u017eenih jezgri kikirikija?<\/h3>\n<p>Biranje <strong>Kina JuFeng grupa<\/strong> zna\u010di partnerstvo s jednim od najpouzdanijih dobavlja\u010da pr\u017eenih jezgri kikirikija u industriji i proizvo\u0111a\u010da privatnih robnih marki. Evo za\u0161to se izdvajamo:<\/p>\n<ul>\n<li><strong>Vrhunska proizvodnja<\/strong>: S dvije napredne proizvodne linije uvezene iz SAD-a, isporu\u010dujemo konstantno visoku kvalitetu pr\u017eenih jezgri kikirikija u velikim koli\u010dinama.<\/li>\n<li><strong>Prilagodljiva OEM rje\u0161enja<\/strong>: Nudimo fleksibilne usluge OEM-a i privatnih robnih marki, omogu\u0107uju\u0107i klijentima da prilagode specifikacije proizvoda, pakiranja i vi\u0161e kako bi zadovoljili specifi\u010dne potrebe tr\u017ei\u0161ta.<\/li>\n<li><strong>Certifikati i sukladnost<\/strong>: Na\u0161i proizvodi zadovoljavaju globalne standarde sigurnosti i kvalitete, certificirani od strane BRC, HACCP, Kosher, Halal i EU certifikata Organic.<\/li>\n<li><strong>Izvoznik od povjerenja<\/strong>: Kao vode\u0107i izvoznik, uspostavili smo partnerstvo s velikim supermarketima i markama hrane diljem svijeta.<\/li>\n<li><strong>Stru\u010dnost lanca opskrbe<\/strong>: Od obrade do skladi\u0161tenja, osiguravamo pravovremenu isporuku i kontrolu kvalitete s na\u0161im vlastito izgra\u0111enim postrojenjima s kontroliranom temperaturom.<\/li>\n<\/ul>\n<h3>Vru\u0107e teme o pr\u017eenim jezgrama kikirikija<\/h3>\n<ul>\n<li><strong>Odr\u017eivost u uzgoju kikirikija<\/strong>: Pr\u017eena jezgra kikirikija, kao i drugi proizvodi od kikirikija, imaju mali utjecaj na okoli\u0161 u usporedbi s drugim ora\u0161astim plodovima, \u0161to ih \u010dini ekolo\u0161ki prihvatljivim izborom za proizvo\u0111a\u010de hrane.<\/li>\n<li><strong>Zdravstvene dobrobiti<\/strong>: Pr\u017eeni kikiriki bogat je proteinima, zdravim mastima i vlaknima, \u0161to potro\u0161a\u010dima nudi hranjivu opciju me\u0111uobroka.<\/li>\n<li><strong>Inovacije u preradi kikirikija<\/strong>: Industrija kikirikija neprestano se razvija s novim tehnikama pr\u017eenja koje pobolj\u0161avaju okus uz o\u010duvanje hranjivih tvari.<\/li>\n<\/ul>\n<h3>Odaberite nas i \u010dinjenice o pr\u017eenim jezgrama kikirikija<\/h3>\n<p><strong>1. \u0160to \u010dini China JuFeng Group vode\u0107im dobavlja\u010dem jezgri pr\u017eenog kikirikija?<\/strong><br \/>\nKombiniramo vrhunsku tehnologiju, golemo iskustvo i vrhunsku prilagodbu proizvoda kako bismo globalnim tr\u017ei\u0161tima isporu\u010dili visokokvalitetna pr\u017eena jezgra kikirikija.<\/p>\n<p><strong>2. Nudite li usluge privatne robne marke za pr\u017eene jezgre kikirikija?<\/strong><br \/>\nDa, nudimo fleksibilna rje\u0161enja privatnih robnih marki, omogu\u0107uju\u0107i vam da prilagodite pakiranje proizvoda, markiranje i specifikacije kernela kako bi odgovarali potrebama va\u0161eg brenda.<\/p>\n<p><strong>3. Mogu li kod vas naru\u010diti pr\u017eene jezgre kikirikija u rinfuzi?<\/strong><br \/>\nApsolutno, nudimo opcije masovne kupnje kako bismo zadovoljili tvrtke svih veli\u010dina, uklju\u010duju\u0107i trgovce na malo, veletrgovce i proizvo\u0111a\u010de hrane.<\/p>\n<p><strong>4. Koje certifikate imaju va\u0161a jezgra pr\u017eenog kikirikija?<\/strong><br \/>\nNa\u0161i proizvodi zadovoljavaju stroge me\u0111unarodne standarde i certifikate, uklju\u010duju\u0107i HACCP, BRC, Kosher, Halal i EU Organic.<\/p>\n<p><strong>5. Kako osiguravate kvalitetu pr\u017eenih jezgri kikirikija?<\/strong><br \/>\nImamo namjenski interni laboratorij za provo\u0111enje temeljitog testiranja, osiguravaju\u0107i da svaka serija zadovoljava visoke senzorske, fizikalne, kemijske i mikrobne standarde.<\/p>\n<p><strong>6. Mo\u017eete li prilagoditi razinu pe\u010denja jezgri kikirikija?<\/strong><br \/>\nDa, nudimo prilagodljive razine pe\u010denja (svijetlo, srednje ili tamno pe\u010denje) na temelju \u017eelja kupaca i zahtjeva tr\u017ei\u0161ta.<\/p>\n<p><strong>7. Kako se va\u0161a pr\u017eena jezgra kikirikija \u010duvaju da zadr\u017ee svje\u017einu?<\/strong><br \/>\nNa\u0161e se jezgre pohranjuju u objektima s kontroliranom temperaturom koji sprje\u010davaju kvarenje i odr\u017eavaju cjelovitost proizvoda tijekom transporta i rukovanja.<\/p>\n<p><strong>8. Izvozite li pr\u017eene jezgre kikirikija u inozemstvo?<\/strong><br \/>\nDa, mi smo iskusni izvoznik s globalnom mre\u017eom, isporu\u010dujemo pr\u017eene jezgre kikirikija na razli\u010dita tr\u017ei\u0161ta na razli\u010ditim kontinentima.<\/p>\n<p><strong>9. Jesu li va\u0161a pr\u017eena jezgra kikirikija prikladna za upotrebu u proizvodnji maslaca od kikirikija?<\/strong><br \/>\nApsolutno, na\u0161e pr\u017eene jezgre kikirikija idealne su za upotrebu u proizvodnji maslaca od kikirikija, nude\u0107i vrhunski okus i teksturu.<\/p>","protected":false},"excerpt":{"rendered":"<p>Mi smo proizvo\u0111a\u010d i dobavlja\u010d pr\u017eenih jezgri kikirikija u Kini<\/p>\n<p>\u2013 MOQ: 1 tona<br \/>\n\u2013 Ponu\u0111ena OEM\/ODM usluga<br \/>\n\u2013 Dostupan besplatan uzorak<br \/>\n\u2013 Prihvatite prilagodbu (specifikacije, boja, veli\u010dine, pakiranje, dizajn itd.)<\/p>\n<p>Ako \u017eelite nabaviti pr\u017eene jezgre kikirikija, kontaktirajte nas.<\/p>","protected":false},"featured_media":1697,"comment_status":"open","ping_status":"closed","template":"","meta":[],"product_cat":[37],"product_tag":[],"class_list":{"0":"post-1553","1":"product","2":"type-product","3":"status-publish","4":"has-post-thumbnail","6":"product_cat-roasted-peanut","8":"first","9":"instock","10":"featured","11":"shipping-taxable","12":"product-type-simple"},"yoast_head":"<!-- This site is optimized with the Yoast SEO plugin v24.9 - https:\/\/yoast.com\/wordpress\/plugins\/seo\/ -->\n<title>Roasted Peanut Kernels - Peanut Butter Factory<\/title>\n<meta name=\"description\" content=\"Premium Roasted Peanut Kernels OEM supplier, private label manufacturer, and exporter. Choose us for superior quality and customizable options.\" \/>\n<meta name=\"robots\" content=\"index, follow, max-snippet:-1, max-image-preview:large, max-video-preview:-1\" \/>\n<link rel=\"canonical\" href=\"https:\/\/www.peanutoem.com\/hr\/manufacturer\/roasted-peanut-kernels\/\" \/>\n<meta property=\"og:locale\" content=\"hr_HR\" \/>\n<meta property=\"og:type\" content=\"article\" \/>\n<meta property=\"og:title\" content=\"Roasted Peanut Kernels - Peanut Butter Factory\" \/>\n<meta property=\"og:description\" content=\"Premium Roasted Peanut Kernels OEM supplier, private label manufacturer, and exporter. Choose us for superior quality and customizable options.\" \/>\n<meta property=\"og:url\" content=\"https:\/\/www.peanutoem.com\/hr\/manufacturer\/roasted-peanut-kernels\/\" \/>\n<meta property=\"og:site_name\" content=\"Peanut Butter Factory\" \/>\n<meta property=\"article:modified_time\" content=\"2024-09-24T15:21:33+00:00\" \/>\n<meta property=\"og:image\" content=\"https:\/\/www.peanutoem.com\/wp-content\/uploads\/2024\/09\/Roasted-Peanut-Kernels-on-plate-scaled.webp\" \/>\n\t<meta property=\"og:image:width\" content=\"2560\" \/>\n\t<meta property=\"og:image:height\" content=\"1707\" \/>\n\t<meta property=\"og:image:type\" content=\"image\/webp\" \/>\n<meta name=\"twitter:card\" content=\"summary_large_image\" \/>\n<meta name=\"twitter:label1\" content=\"Procijenjeno vrijeme \u010ditanja\" \/>\n\t<meta name=\"twitter:data1\" content=\"3 minute\" \/>\n<script type=\"application\/ld+json\" class=\"yoast-schema-graph\">{\"@context\":\"https:\/\/schema.org\",\"@graph\":[{\"@type\":\"WebPage\",\"@id\":\"https:\/\/www.peanutoem.com\/manufacturer\/roasted-peanut-kernels\/\",\"url\":\"https:\/\/www.peanutoem.com\/manufacturer\/roasted-peanut-kernels\/\",\"name\":\"Roasted Peanut Kernels - Peanut Butter Factory\",\"isPartOf\":{\"@id\":\"https:\/\/www.peanutoem.com\/#website\"},\"primaryImageOfPage\":{\"@id\":\"https:\/\/www.peanutoem.com\/manufacturer\/roasted-peanut-kernels\/#primaryimage\"},\"image\":{\"@id\":\"https:\/\/www.peanutoem.com\/manufacturer\/roasted-peanut-kernels\/#primaryimage\"},\"thumbnailUrl\":\"https:\/\/www.peanutoem.com\/wp-content\/uploads\/2024\/09\/Roasted-Peanut-Kernels-on-plate-scaled.webp\",\"datePublished\":\"2024-09-02T13:58:23+00:00\",\"dateModified\":\"2024-09-24T15:21:33+00:00\",\"description\":\"Premium Roasted Peanut Kernels OEM supplier, private label manufacturer, and exporter. Choose us for superior quality and customizable options.\",\"breadcrumb\":{\"@id\":\"https:\/\/www.peanutoem.com\/manufacturer\/roasted-peanut-kernels\/#breadcrumb\"},\"inLanguage\":\"hr\",\"potentialAction\":[{\"@type\":\"ReadAction\",\"target\":[\"https:\/\/www.peanutoem.com\/manufacturer\/roasted-peanut-kernels\/\"]}]},{\"@type\":\"ImageObject\",\"inLanguage\":\"hr\",\"@id\":\"https:\/\/www.peanutoem.com\/manufacturer\/roasted-peanut-kernels\/#primaryimage\",\"url\":\"https:\/\/www.peanutoem.com\/wp-content\/uploads\/2024\/09\/Roasted-Peanut-Kernels-on-plate-scaled.webp\",\"contentUrl\":\"https:\/\/www.peanutoem.com\/wp-content\/uploads\/2024\/09\/Roasted-Peanut-Kernels-on-plate-scaled.webp\",\"width\":2560,\"height\":1707,\"caption\":\"Roasted Peanut Kernels on plate\"},{\"@type\":\"BreadcrumbList\",\"@id\":\"https:\/\/www.peanutoem.com\/manufacturer\/roasted-peanut-kernels\/#breadcrumb\",\"itemListElement\":[{\"@type\":\"ListItem\",\"position\":1,\"name\":\"Home\",\"item\":\"https:\/\/www.peanutoem.com\/\"},{\"@type\":\"ListItem\",\"position\":2,\"name\":\"Products\",\"item\":\"https:\/\/www.peanutoem.com\/shop\/\"},{\"@type\":\"ListItem\",\"position\":3,\"name\":\"Roasted Peanut Kernels\"}]},{\"@type\":\"WebSite\",\"@id\":\"https:\/\/www.peanutoem.com\/#website\",\"url\":\"https:\/\/www.peanutoem.com\/\",\"name\":\"Peanut Butter Factory\",\"description\":\"Peanut Butter Manufacturer and Roast Peanut OEM Factory | Peanut Private Label China Supplier\",\"publisher\":{\"@id\":\"https:\/\/www.peanutoem.com\/#organization\"},\"alternateName\":\"Peanut Butter OEM and Wholesale\",\"potentialAction\":[{\"@type\":\"SearchAction\",\"target\":{\"@type\":\"EntryPoint\",\"urlTemplate\":\"https:\/\/www.peanutoem.com\/?s={search_term_string}\"},\"query-input\":{\"@type\":\"PropertyValueSpecification\",\"valueRequired\":true,\"valueName\":\"search_term_string\"}}],\"inLanguage\":\"hr\"},{\"@type\":\"Organization\",\"@id\":\"https:\/\/www.peanutoem.com\/#organization\",\"name\":\"Peanut Butter Factory\",\"alternateName\":\"JuFeng Group\",\"url\":\"https:\/\/www.peanutoem.com\/\",\"logo\":{\"@type\":\"ImageObject\",\"inLanguage\":\"hr\",\"@id\":\"https:\/\/www.peanutoem.com\/#\/schema\/logo\/image\/\",\"url\":\"https:\/\/www.peanutoem.com\/wp-content\/uploads\/2024\/09\/JUFENG-LOGO.png\",\"contentUrl\":\"https:\/\/www.peanutoem.com\/wp-content\/uploads\/2024\/09\/JUFENG-LOGO.png\",\"width\":600,\"height\":170,\"caption\":\"Peanut Butter Factory\"},\"image\":{\"@id\":\"https:\/\/www.peanutoem.com\/#\/schema\/logo\/image\/\"}}]}<\/script>\n<!-- \/ Yoast SEO plugin. -->","yoast_head_json":{"title":"Roasted Peanut Kernels - Peanut Butter Factory","description":"Premium Roasted Peanut Kernels OEM supplier, private label manufacturer, and exporter. Choose us for superior quality and customizable options.","robots":{"index":"index","follow":"follow","max-snippet":"max-snippet:-1","max-image-preview":"max-image-preview:large","max-video-preview":"max-video-preview:-1"},"canonical":"https:\/\/www.peanutoem.com\/hr\/manufacturer\/roasted-peanut-kernels\/","og_locale":"hr_HR","og_type":"article","og_title":"Roasted Peanut Kernels - Peanut Butter Factory","og_description":"Premium Roasted Peanut Kernels OEM supplier, private label manufacturer, and exporter. Choose us for superior quality and customizable options.","og_url":"https:\/\/www.peanutoem.com\/hr\/manufacturer\/roasted-peanut-kernels\/","og_site_name":"Peanut Butter Factory","article_modified_time":"2024-09-24T15:21:33+00:00","og_image":[{"width":2560,"height":1707,"url":"https:\/\/www.peanutoem.com\/wp-content\/uploads\/2024\/09\/Roasted-Peanut-Kernels-on-plate-scaled.webp","type":"image\/webp"}],"twitter_card":"summary_large_image","twitter_misc":{"Procijenjeno vrijeme \u010ditanja":"3 minute"},"schema":{"@context":"https:\/\/schema.org","@graph":[{"@type":"WebPage","@id":"https:\/\/www.peanutoem.com\/manufacturer\/roasted-peanut-kernels\/","url":"https:\/\/www.peanutoem.com\/manufacturer\/roasted-peanut-kernels\/","name":"Roasted Peanut Kernels - Peanut Butter Factory","isPartOf":{"@id":"https:\/\/www.peanutoem.com\/#website"},"primaryImageOfPage":{"@id":"https:\/\/www.peanutoem.com\/manufacturer\/roasted-peanut-kernels\/#primaryimage"},"image":{"@id":"https:\/\/www.peanutoem.com\/manufacturer\/roasted-peanut-kernels\/#primaryimage"},"thumbnailUrl":"https:\/\/www.peanutoem.com\/wp-content\/uploads\/2024\/09\/Roasted-Peanut-Kernels-on-plate-scaled.webp","datePublished":"2024-09-02T13:58:23+00:00","dateModified":"2024-09-24T15:21:33+00:00","description":"Premium Roasted Peanut Kernels OEM supplier, private label manufacturer, and exporter. Choose us for superior quality and customizable options.","breadcrumb":{"@id":"https:\/\/www.peanutoem.com\/manufacturer\/roasted-peanut-kernels\/#breadcrumb"},"inLanguage":"hr","potentialAction":[{"@type":"ReadAction","target":["https:\/\/www.peanutoem.com\/manufacturer\/roasted-peanut-kernels\/"]}]},{"@type":"ImageObject","inLanguage":"hr","@id":"https:\/\/www.peanutoem.com\/manufacturer\/roasted-peanut-kernels\/#primaryimage","url":"https:\/\/www.peanutoem.com\/wp-content\/uploads\/2024\/09\/Roasted-Peanut-Kernels-on-plate-scaled.webp","contentUrl":"https:\/\/www.peanutoem.com\/wp-content\/uploads\/2024\/09\/Roasted-Peanut-Kernels-on-plate-scaled.webp","width":2560,"height":1707,"caption":"Roasted Peanut Kernels on plate"},{"@type":"BreadcrumbList","@id":"https:\/\/www.peanutoem.com\/manufacturer\/roasted-peanut-kernels\/#breadcrumb","itemListElement":[{"@type":"ListItem","position":1,"name":"Home","item":"https:\/\/www.peanutoem.com\/"},{"@type":"ListItem","position":2,"name":"Products","item":"https:\/\/www.peanutoem.com\/shop\/"},{"@type":"ListItem","position":3,"name":"Roasted Peanut Kernels"}]},{"@type":"WebSite","@id":"https:\/\/www.peanutoem.com\/#website","url":"https:\/\/www.peanutoem.com\/","name":"Peanut Butter Factory","description":"Peanut Butter Manufacturer and Roast Peanut OEM Factory | Peanut Private Label China Supplier","publisher":{"@id":"https:\/\/www.peanutoem.com\/#organization"},"alternateName":"Peanut Butter OEM and Wholesale","potentialAction":[{"@type":"SearchAction","target":{"@type":"EntryPoint","urlTemplate":"https:\/\/www.peanutoem.com\/?s={search_term_string}"},"query-input":{"@type":"PropertyValueSpecification","valueRequired":true,"valueName":"search_term_string"}}],"inLanguage":"hr"},{"@type":"Organization","@id":"https:\/\/www.peanutoem.com\/#organization","name":"Peanut Butter Factory","alternateName":"JuFeng Group","url":"https:\/\/www.peanutoem.com\/","logo":{"@type":"ImageObject","inLanguage":"hr","@id":"https:\/\/www.peanutoem.com\/#\/schema\/logo\/image\/","url":"https:\/\/www.peanutoem.com\/wp-content\/uploads\/2024\/09\/JUFENG-LOGO.png","contentUrl":"https:\/\/www.peanutoem.com\/wp-content\/uploads\/2024\/09\/JUFENG-LOGO.png","width":600,"height":170,"caption":"Peanut Butter Factory"},"image":{"@id":"https:\/\/www.peanutoem.com\/#\/schema\/logo\/image\/"}}]}},"_links":{"self":[{"href":"https:\/\/www.peanutoem.com\/hr\/wp-json\/wp\/v2\/product\/1553","targetHints":{"allow":["GET"]}}],"collection":[{"href":"https:\/\/www.peanutoem.com\/hr\/wp-json\/wp\/v2\/product"}],"about":[{"href":"https:\/\/www.peanutoem.com\/hr\/wp-json\/wp\/v2\/types\/product"}],"replies":[{"embeddable":true,"href":"https:\/\/www.peanutoem.com\/hr\/wp-json\/wp\/v2\/comments?post=1553"}],"wp:featuredmedia":[{"embeddable":true,"href":"https:\/\/www.peanutoem.com\/hr\/wp-json\/wp\/v2\/media\/1697"}],"wp:attachment":[{"href":"https:\/\/www.peanutoem.com\/hr\/wp-json\/wp\/v2\/media?parent=1553"}],"wp:term":[{"taxonomy":"product_cat","embeddable":true,"href":"https:\/\/www.peanutoem.com\/hr\/wp-json\/wp\/v2\/product_cat?post=1553"},{"taxonomy":"product_tag","embeddable":true,"href":"https:\/\/www.peanutoem.com\/hr\/wp-json\/wp\/v2\/product_tag?post=1553"}],"curies":[{"name":"wp","href":"https:\/\/api.w.org\/{rel}","templated":true}]}}