{"id":1554,"date":"2024-09-02T13:59:01","date_gmt":"2024-09-02T13:59:01","guid":{"rendered":"https:\/\/www.peanutoem.com\/?post_type=product&#038;p=1554"},"modified":"2024-09-28T05:11:42","modified_gmt":"2024-09-28T05:11:42","slug":"roasted-blanched-peanut","status":"publish","type":"product","link":"https:\/\/www.peanutoem.com\/hr\/manufacturer\/roasted-blanched-peanut\/","title":{"rendered":"Pr\u017eeni blan\u0161irani kikiriki"},"content":{"rendered":"<h3><strong>\u0160to je pr\u017eeni blan\u0161irani kikiriki?<\/strong><\/h3>\n<p>Pr\u017eeni blan\u0161irani kikiriki prolazi specifi\u010dan proces u dva koraka. Prvo se sirovi kikiriki blan\u0161ira, \u0161to uklju\u010duje uklanjanje vanjske ovojnice grijanjem i nje\u017enim mehani\u010dkim sredstvima. Zatim se peku do savr\u0161enstva, \u0161to rezultira bogatim, ora\u0161astim okusom i hrskavom teksturom. Ovi kikiriki idealni su za razli\u010dite primjene, uklju\u010duju\u0107i proizvodnju grickalica, slastica, proizvodnju maslaca od kikirikija i kao sastojci u slanim jelima.<\/p>\n<p>\u0160tovi\u0161e, blan\u0161irani pr\u017eeni kikiriki nudi dodatnu prednost \u010distog, glatkog izgleda. Ova kvaliteta ih \u010dini vrlo po\u017eeljnim za proizvode kod kojih su vizualna privla\u010dnost i ujedna\u010denost klju\u010dni.<\/p>\n<h3><strong>Koji su drugi nazivi za pr\u017eeni blan\u0161irani kikiriki?<\/strong><\/h3>\n<p>Pr\u017eeni blan\u0161irani kikiriki mo\u017ee se nazivati pod nekoliko naziva, ovisno o regionalnim preferencijama ili upotrebi u industriji:<\/p>\n<ul>\n<li>Pe\u010deni kikiriki bez ko\u017ee<\/li>\n<li>Blan\u0161irani i pr\u017eeni kikiriki<\/li>\n<li>Pe\u010deni bijeli kikiriki<\/li>\n<li>Blan\u0161irani kikiriki<\/li>\n<li>Blan\u0161irana jezgra kikirikija<\/li>\n<li>Kikiriki cijeli blan\u0161irani pe\u010deni<\/li>\n<\/ul>\n<p>Ovi nazivi odra\u017eavaju proces pripreme, gdje se ko\u017eica kikirikija uklanja prije pr\u017eenja, \u0161to rezultira glatkim i privla\u010dnim kona\u010dnim proizvodom.<\/p>\n<h3><img loading=\"lazy\" decoding=\"async\" class=\"alignnone wp-image-1702 size-full\" src=\"https:\/\/www.peanutoem.com\/wp-content\/uploads\/2024\/09\/Whole-Roasted-Blanched-Peanut-.webp\" alt=\"Cijeli pr\u017eeni blan\u0161irani kikiriki\" width=\"1000\" height=\"1000\" srcset=\"https:\/\/www.peanutoem.com\/wp-content\/uploads\/2024\/09\/Whole-Roasted-Blanched-Peanut-.webp 1000w, https:\/\/www.peanutoem.com\/wp-content\/uploads\/2024\/09\/Whole-Roasted-Blanched-Peanut--300x300.webp 300w, https:\/\/www.peanutoem.com\/wp-content\/uploads\/2024\/09\/Whole-Roasted-Blanched-Peanut--150x150.webp 150w, https:\/\/www.peanutoem.com\/wp-content\/uploads\/2024\/09\/Whole-Roasted-Blanched-Peanut--768x768.webp 768w, https:\/\/www.peanutoem.com\/wp-content\/uploads\/2024\/09\/Whole-Roasted-Blanched-Peanut--12x12.webp 12w, https:\/\/www.peanutoem.com\/wp-content\/uploads\/2024\/09\/Whole-Roasted-Blanched-Peanut--600x600.webp 600w, https:\/\/www.peanutoem.com\/wp-content\/uploads\/2024\/09\/Whole-Roasted-Blanched-Peanut--100x100.webp 100w\" sizes=\"auto, (max-width: 1000px) 100vw, 1000px\" \/><\/h3>\n<h3><strong>Za\u0161to odabrati nas kao svog OEM dobavlja\u010da pr\u017eenog blan\u0161iranog kikirikija?<\/strong><\/h3>\n<p>Mi smo vode\u0107i na tr\u017ei\u0161tu u proizvodnji pr\u017eenog blan\u0161iranog kikirikija, nude\u0107i cijeli pr\u017eeni blan\u0161irani kikiriki i pr\u017eene polovice blan\u0161iranog kikirikija. Evo za\u0161to smo mi va\u0161 najbolji partner:<\/p>\n<ul>\n<li><strong>Stru\u010dnost u OEM rje\u0161enjima<\/strong>: S na\u0161im naprednim proizvodnim mogu\u0107nostima, nudimo prilago\u0111ene OEM usluge koje zadovoljavaju va\u0161e specifikacije proizvoda, od razine pr\u017eenja do zahtjeva za pakiranje.<\/li>\n<li><strong>Proizvodnja privatnih robnih marki<\/strong>: Specijalizirani smo za proizvodnju privatnih robnih marki, omogu\u0107uju\u0107i robnim markama da iskoriste na\u0161u stru\u010dnost dok razvijaju vlastite posebne proizvode.<\/li>\n<li><strong>Globalne izvozne mogu\u0107nosti<\/strong>: Kao iskusan izvoznik, slu\u017eimo klijentima diljem svijeta u\u010dinkovitom logistikom i dosljednom kvalitetom.<\/li>\n<li><strong>Certificirano osiguranje kvalitete<\/strong>: Na\u0161i su proizvodi certificirani prema standardima HACCP, BRCGS, Halal, Kosher i EU Organic, \u010dime se osigurava sukladnost s globalnim propisima o sigurnosti i kvaliteti hrane.<\/li>\n<li><strong>Odr\u017eivost i pouzdanost<\/strong>: Dajemo prioritet odr\u017eivim proizvodnim metodama i odr\u017eavamo jaku pouzdanost opskrbnog lanca kako bismo zadovoljili potrebe na\u0161ih klijenata diljem svijeta.<\/li>\n<\/ul>\n<h3><strong>Vru\u0107e teme o pr\u017eenom blan\u0161iranom kikirikiju<\/strong><\/h3>\n<ul>\n<li><strong>Cijeli protiv polovica<\/strong>: Razumijevanje slu\u010dajeva upotrebe pr\u017eenog blan\u0161iranog cijelog kikirikija u odnosu na pr\u017eene blan\u0161irane polovice kikirikija klju\u010dno je za proizvo\u0111a\u010de. Cijeli kikiriki \u010desto se koristi u vrhunskim grickalicama, dok se polovice preferiraju za proizvodnju hrane, pe\u010denje i maslac od kikirikija.<\/li>\n<li><strong>Zdravstvene prednosti pr\u017eenog blan\u0161iranog kikirikija<\/strong>: Blan\u0161irani kikiriki zadr\u017eava mnoge nutritivne prednosti sirovog kikirikija, uklju\u010duju\u0107i proteine, zdrave masti i bitne vitamine i minerale, \u0161to ga \u010dini pametnim izborom za potro\u0161a\u010de koji vode ra\u010duna o zdravlju.<\/li>\n<li><strong>Rastu\u0107a potra\u017enja za \u010distim sastojcima<\/strong>: Kako sve vi\u0161e potro\u0161a\u010da tra\u017ei proizvode s minimalnom preradom, pr\u017eeni blan\u0161irani kikiriki izvrstan je izbor sastojaka za grickalice i prehrambene proizvode koji se prodaju kao &quot;clean-label&quot;.<\/li>\n<li><strong>Odr\u017eivost kikirikija i utjecaj na okoli\u0161<\/strong>: U usporedbi s drugim ora\u0161astim plodovima, kikirikiju, uklju\u010duju\u0107i blan\u0161irane sorte, potrebno je manje resursa za uzgoj, \u0161to ga \u010dini odr\u017eivim izborom za prehrambene tvrtke koje \u017eele smanjiti svoj utjecaj na okoli\u0161.<\/li>\n<\/ul>\n<h3><strong>\u010cesto postavljana pitanja o na\u0161oj ulozi kao proizvo\u0111a\u010da pr\u017eenog blan\u0161iranog kikirikija<\/strong><\/h3>\n<ol>\n<li><strong>Koje su prednosti blan\u0161iranog kikirikija?<\/strong><br \/>\nBlan\u0161iranom kikirikiju uklonjena je kora, \u0161to daje \u010di\u0161\u0107i izgled i postojanu teksturu, idealno za grickalice i vizualno motivirane proizvode.<\/li>\n<li><strong>Nudite li opcije privatnih marki?<\/strong><br \/>\nDa, specijalizirani smo za proizvodnju privatnih robnih marki s potpunom prilagodbom pakiranja i specifikacija va\u0161eg brenda.<\/li>\n<li><strong>Mogu li prilagoditi razinu pe\u010denja?<\/strong><br \/>\nApsolutno! Nudimo opcije pe\u010denja od svijetlog do tamnog, prilago\u0111ene va\u0161im \u017eeljama i potrebama tr\u017ei\u0161ta.<\/li>\n<li><strong>Kako odr\u017eavate svje\u017einu?<\/strong><br \/>\nKikiriki skladi\u0161timo u prostorijama s kontroliranom temperaturom kako bismo osigurali da ostane svje\u017e i visoke kvalitete tijekom skladi\u0161tenja i transporta.<\/li>\n<li><strong>Izvozite li globalno?<\/strong><br \/>\nDa, imamo veliko iskustvo u izvozu pr\u017eenog blan\u0161iranog kikirikija na razli\u010dita me\u0111unarodna tr\u017ei\u0161ta uz u\u010dinkovitu logistiku.<\/li>\n<li><strong>Koliki je rok trajanja va\u0161eg kikirikija?<\/strong><br \/>\nNa\u0161 pr\u017eeni blan\u0161irani kikiriki traje 12 do 18 mjeseci ako se pravilno skladi\u0161ti, osiguravaju\u0107i trajnu svje\u017einu i okus.<\/li>\n<li><strong>Koje su uobi\u010dajene namjene pr\u017eenog blan\u0161iranog kikirikija?<\/strong><br \/>\nPopularni su u grickalicama, slasticama, maslacu od kikirikija i kao sastojci slanih i pekarskih proizvoda.<\/li>\n<li><strong>Kakvi su pr\u017eeni blan\u0161irani kikiriki u usporedbi s drugim vrstama?<\/strong><br \/>\nPr\u017eeni blan\u0161irani kikiriki ima glatkiji i \u010di\u0161\u0107i izgled jer mu je uklonjena kora. Ova ih kvaliteta \u010dini savr\u0161enima za vrhunske proizvode kojima je potrebna postojana tekstura.<\/li>\n<\/ol>\n<div class=\"flex max-w-full flex-col flex-grow\">\n<div class=\"min-h-8 text-message flex w-full flex-col items-end gap-2 whitespace-normal break-words [.text-message+&amp;]:mt-5\" dir=\"auto\" data-message-author-role=\"assistant\" data-message-id=\"31ea6229-78d6-4c3f-8f61-fea9e8392c9b\">\n<div class=\"flex w-full flex-col gap-1 empty:hidden first:pt-[3px]\">\n<div class=\"markdown prose w-full break-words dark:prose-invert dark\">\n<a href=\"mailto:globepeanut@gmail.com\" class=\"button primary is-primary is-medium\"  >\n    <span>Po\u0161aljite nam e-po\u0161tu<\/span>\n  <\/a>\n\n<\/div>\n<\/div>\n<\/div>\n<\/div>\n<div class=\"mb-2 flex gap-3 empty:hidden -ml-2\">\n<div class=\"items-center justify-start rounded-xl p-1 flex\"><\/div>\n<\/div>","protected":false},"excerpt":{"rendered":"<p>Mi smo proizvo\u0111a\u010d i dobavlja\u010d pr\u017eenog blan\u0161iranog kikirikija u Kini<\/p>\n<p>\u2013 MOQ: 1 tona<br \/>\n\u2013 Ponu\u0111ena OEM\/ODM usluga<br \/>\n\u2013 Dostupan besplatan uzorak<br \/>\n\u2013 Prihvatite prilagodbu (specifikacije, veli\u010dine, boja, dizajn itd.)<br \/>\n\u2013 Vrsta: Pe\u010deni kikiriki cijeli, Pr\u017eeni kikiriki polovica<\/p>\n<p>Ako \u017eelite dobiti cijene pr\u017eenog blan\u0161iranog kikirikija, kontaktirajte nas.<\/p>","protected":false},"featured_media":1701,"comment_status":"open","ping_status":"closed","template":"","meta":[],"product_cat":[37],"product_tag":[],"class_list":{"0":"post-1554","1":"product","2":"type-product","3":"status-publish","4":"has-post-thumbnail","6":"product_cat-roasted-peanut","8":"first","9":"instock","10":"shipping-taxable","11":"product-type-simple"},"yoast_head":"<!-- This site is optimized with the Yoast SEO plugin v24.9 - https:\/\/yoast.com\/wordpress\/plugins\/seo\/ -->\n<title>Roasted Blanched Peanut China Wholesaler - Peanut Butter Factory<\/title>\n<meta name=\"description\" content=\"High-quality Roasted Blanched Peanut OEM supplier, private label manufacturer, and exporter. Choose us for customizable solutions and global expertise.\" \/>\n<meta name=\"robots\" content=\"index, follow, max-snippet:-1, max-image-preview:large, max-video-preview:-1\" \/>\n<link rel=\"canonical\" href=\"https:\/\/www.peanutoem.com\/hr\/manufacturer\/roasted-blanched-peanut\/\" \/>\n<meta property=\"og:locale\" content=\"hr_HR\" \/>\n<meta property=\"og:type\" content=\"article\" \/>\n<meta property=\"og:title\" content=\"Roasted Blanched Peanut China Wholesaler - Peanut Butter Factory\" \/>\n<meta property=\"og:description\" content=\"High-quality Roasted Blanched Peanut OEM supplier, private label manufacturer, and exporter. Choose us for customizable solutions and global expertise.\" \/>\n<meta property=\"og:url\" content=\"https:\/\/www.peanutoem.com\/hr\/manufacturer\/roasted-blanched-peanut\/\" \/>\n<meta property=\"og:site_name\" content=\"Peanut Butter Factory\" \/>\n<meta property=\"article:modified_time\" content=\"2024-09-28T05:11:42+00:00\" \/>\n<meta property=\"og:image\" content=\"https:\/\/www.peanutoem.com\/wp-content\/uploads\/2024\/09\/Whole-Roast-Blanched-Peanut-.webp\" \/>\n\t<meta property=\"og:image:width\" content=\"1000\" \/>\n\t<meta property=\"og:image:height\" content=\"1000\" \/>\n\t<meta property=\"og:image:type\" content=\"image\/webp\" \/>\n<meta name=\"twitter:card\" content=\"summary_large_image\" \/>\n<meta name=\"twitter:label1\" content=\"Procijenjeno vrijeme \u010ditanja\" \/>\n\t<meta name=\"twitter:data1\" content=\"4 minute\" \/>\n<script type=\"application\/ld+json\" class=\"yoast-schema-graph\">{\"@context\":\"https:\/\/schema.org\",\"@graph\":[{\"@type\":\"WebPage\",\"@id\":\"https:\/\/www.peanutoem.com\/manufacturer\/roasted-blanched-peanut\/\",\"url\":\"https:\/\/www.peanutoem.com\/manufacturer\/roasted-blanched-peanut\/\",\"name\":\"Roasted Blanched Peanut China Wholesaler - Peanut Butter Factory\",\"isPartOf\":{\"@id\":\"https:\/\/www.peanutoem.com\/#website\"},\"primaryImageOfPage\":{\"@id\":\"https:\/\/www.peanutoem.com\/manufacturer\/roasted-blanched-peanut\/#primaryimage\"},\"image\":{\"@id\":\"https:\/\/www.peanutoem.com\/manufacturer\/roasted-blanched-peanut\/#primaryimage\"},\"thumbnailUrl\":\"https:\/\/www.peanutoem.com\/wp-content\/uploads\/2024\/09\/Whole-Roast-Blanched-Peanut-.webp\",\"datePublished\":\"2024-09-02T13:59:01+00:00\",\"dateModified\":\"2024-09-28T05:11:42+00:00\",\"description\":\"High-quality Roasted Blanched Peanut OEM supplier, private label manufacturer, and exporter. Choose us for customizable solutions and global expertise.\",\"breadcrumb\":{\"@id\":\"https:\/\/www.peanutoem.com\/manufacturer\/roasted-blanched-peanut\/#breadcrumb\"},\"inLanguage\":\"hr\",\"potentialAction\":[{\"@type\":\"ReadAction\",\"target\":[\"https:\/\/www.peanutoem.com\/manufacturer\/roasted-blanched-peanut\/\"]}]},{\"@type\":\"ImageObject\",\"inLanguage\":\"hr\",\"@id\":\"https:\/\/www.peanutoem.com\/manufacturer\/roasted-blanched-peanut\/#primaryimage\",\"url\":\"https:\/\/www.peanutoem.com\/wp-content\/uploads\/2024\/09\/Whole-Roast-Blanched-Peanut-.webp\",\"contentUrl\":\"https:\/\/www.peanutoem.com\/wp-content\/uploads\/2024\/09\/Whole-Roast-Blanched-Peanut-.webp\",\"width\":1000,\"height\":1000,\"caption\":\"Whole Roast Blanched Peanut\"},{\"@type\":\"BreadcrumbList\",\"@id\":\"https:\/\/www.peanutoem.com\/manufacturer\/roasted-blanched-peanut\/#breadcrumb\",\"itemListElement\":[{\"@type\":\"ListItem\",\"position\":1,\"name\":\"Home\",\"item\":\"https:\/\/www.peanutoem.com\/\"},{\"@type\":\"ListItem\",\"position\":2,\"name\":\"Products\",\"item\":\"https:\/\/www.peanutoem.com\/shop\/\"},{\"@type\":\"ListItem\",\"position\":3,\"name\":\"Roasted Blanched Peanut\"}]},{\"@type\":\"WebSite\",\"@id\":\"https:\/\/www.peanutoem.com\/#website\",\"url\":\"https:\/\/www.peanutoem.com\/\",\"name\":\"Peanut Butter Factory\",\"description\":\"Peanut Butter Manufacturer and Roast Peanut OEM Factory | Peanut Private Label China Supplier\",\"publisher\":{\"@id\":\"https:\/\/www.peanutoem.com\/#organization\"},\"alternateName\":\"Peanut Butter OEM and Wholesale\",\"potentialAction\":[{\"@type\":\"SearchAction\",\"target\":{\"@type\":\"EntryPoint\",\"urlTemplate\":\"https:\/\/www.peanutoem.com\/?s={search_term_string}\"},\"query-input\":{\"@type\":\"PropertyValueSpecification\",\"valueRequired\":true,\"valueName\":\"search_term_string\"}}],\"inLanguage\":\"hr\"},{\"@type\":\"Organization\",\"@id\":\"https:\/\/www.peanutoem.com\/#organization\",\"name\":\"Peanut Butter Factory\",\"alternateName\":\"JuFeng Group\",\"url\":\"https:\/\/www.peanutoem.com\/\",\"logo\":{\"@type\":\"ImageObject\",\"inLanguage\":\"hr\",\"@id\":\"https:\/\/www.peanutoem.com\/#\/schema\/logo\/image\/\",\"url\":\"https:\/\/www.peanutoem.com\/wp-content\/uploads\/2024\/09\/JUFENG-LOGO.png\",\"contentUrl\":\"https:\/\/www.peanutoem.com\/wp-content\/uploads\/2024\/09\/JUFENG-LOGO.png\",\"width\":600,\"height\":170,\"caption\":\"Peanut Butter Factory\"},\"image\":{\"@id\":\"https:\/\/www.peanutoem.com\/#\/schema\/logo\/image\/\"}}]}<\/script>\n<!-- \/ Yoast SEO plugin. -->","yoast_head_json":{"title":"Roasted Blanched Peanut China Wholesaler - Peanut Butter Factory","description":"High-quality Roasted Blanched Peanut OEM supplier, private label manufacturer, and exporter. Choose us for customizable solutions and global expertise.","robots":{"index":"index","follow":"follow","max-snippet":"max-snippet:-1","max-image-preview":"max-image-preview:large","max-video-preview":"max-video-preview:-1"},"canonical":"https:\/\/www.peanutoem.com\/hr\/manufacturer\/roasted-blanched-peanut\/","og_locale":"hr_HR","og_type":"article","og_title":"Roasted Blanched Peanut China Wholesaler - Peanut Butter Factory","og_description":"High-quality Roasted Blanched Peanut OEM supplier, private label manufacturer, and exporter. Choose us for customizable solutions and global expertise.","og_url":"https:\/\/www.peanutoem.com\/hr\/manufacturer\/roasted-blanched-peanut\/","og_site_name":"Peanut Butter Factory","article_modified_time":"2024-09-28T05:11:42+00:00","og_image":[{"width":1000,"height":1000,"url":"https:\/\/www.peanutoem.com\/wp-content\/uploads\/2024\/09\/Whole-Roast-Blanched-Peanut-.webp","type":"image\/webp"}],"twitter_card":"summary_large_image","twitter_misc":{"Procijenjeno vrijeme \u010ditanja":"4 minute"},"schema":{"@context":"https:\/\/schema.org","@graph":[{"@type":"WebPage","@id":"https:\/\/www.peanutoem.com\/manufacturer\/roasted-blanched-peanut\/","url":"https:\/\/www.peanutoem.com\/manufacturer\/roasted-blanched-peanut\/","name":"Roasted Blanched Peanut China Wholesaler - Peanut Butter Factory","isPartOf":{"@id":"https:\/\/www.peanutoem.com\/#website"},"primaryImageOfPage":{"@id":"https:\/\/www.peanutoem.com\/manufacturer\/roasted-blanched-peanut\/#primaryimage"},"image":{"@id":"https:\/\/www.peanutoem.com\/manufacturer\/roasted-blanched-peanut\/#primaryimage"},"thumbnailUrl":"https:\/\/www.peanutoem.com\/wp-content\/uploads\/2024\/09\/Whole-Roast-Blanched-Peanut-.webp","datePublished":"2024-09-02T13:59:01+00:00","dateModified":"2024-09-28T05:11:42+00:00","description":"High-quality Roasted Blanched Peanut OEM supplier, private label manufacturer, and exporter. Choose us for customizable solutions and global expertise.","breadcrumb":{"@id":"https:\/\/www.peanutoem.com\/manufacturer\/roasted-blanched-peanut\/#breadcrumb"},"inLanguage":"hr","potentialAction":[{"@type":"ReadAction","target":["https:\/\/www.peanutoem.com\/manufacturer\/roasted-blanched-peanut\/"]}]},{"@type":"ImageObject","inLanguage":"hr","@id":"https:\/\/www.peanutoem.com\/manufacturer\/roasted-blanched-peanut\/#primaryimage","url":"https:\/\/www.peanutoem.com\/wp-content\/uploads\/2024\/09\/Whole-Roast-Blanched-Peanut-.webp","contentUrl":"https:\/\/www.peanutoem.com\/wp-content\/uploads\/2024\/09\/Whole-Roast-Blanched-Peanut-.webp","width":1000,"height":1000,"caption":"Whole Roast Blanched Peanut"},{"@type":"BreadcrumbList","@id":"https:\/\/www.peanutoem.com\/manufacturer\/roasted-blanched-peanut\/#breadcrumb","itemListElement":[{"@type":"ListItem","position":1,"name":"Home","item":"https:\/\/www.peanutoem.com\/"},{"@type":"ListItem","position":2,"name":"Products","item":"https:\/\/www.peanutoem.com\/shop\/"},{"@type":"ListItem","position":3,"name":"Roasted Blanched Peanut"}]},{"@type":"WebSite","@id":"https:\/\/www.peanutoem.com\/#website","url":"https:\/\/www.peanutoem.com\/","name":"Peanut Butter Factory","description":"Peanut Butter Manufacturer and Roast Peanut OEM Factory | Peanut Private Label China Supplier","publisher":{"@id":"https:\/\/www.peanutoem.com\/#organization"},"alternateName":"Peanut Butter OEM and Wholesale","potentialAction":[{"@type":"SearchAction","target":{"@type":"EntryPoint","urlTemplate":"https:\/\/www.peanutoem.com\/?s={search_term_string}"},"query-input":{"@type":"PropertyValueSpecification","valueRequired":true,"valueName":"search_term_string"}}],"inLanguage":"hr"},{"@type":"Organization","@id":"https:\/\/www.peanutoem.com\/#organization","name":"Peanut Butter Factory","alternateName":"JuFeng Group","url":"https:\/\/www.peanutoem.com\/","logo":{"@type":"ImageObject","inLanguage":"hr","@id":"https:\/\/www.peanutoem.com\/#\/schema\/logo\/image\/","url":"https:\/\/www.peanutoem.com\/wp-content\/uploads\/2024\/09\/JUFENG-LOGO.png","contentUrl":"https:\/\/www.peanutoem.com\/wp-content\/uploads\/2024\/09\/JUFENG-LOGO.png","width":600,"height":170,"caption":"Peanut Butter Factory"},"image":{"@id":"https:\/\/www.peanutoem.com\/#\/schema\/logo\/image\/"}}]}},"_links":{"self":[{"href":"https:\/\/www.peanutoem.com\/hr\/wp-json\/wp\/v2\/product\/1554","targetHints":{"allow":["GET"]}}],"collection":[{"href":"https:\/\/www.peanutoem.com\/hr\/wp-json\/wp\/v2\/product"}],"about":[{"href":"https:\/\/www.peanutoem.com\/hr\/wp-json\/wp\/v2\/types\/product"}],"replies":[{"embeddable":true,"href":"https:\/\/www.peanutoem.com\/hr\/wp-json\/wp\/v2\/comments?post=1554"}],"wp:featuredmedia":[{"embeddable":true,"href":"https:\/\/www.peanutoem.com\/hr\/wp-json\/wp\/v2\/media\/1701"}],"wp:attachment":[{"href":"https:\/\/www.peanutoem.com\/hr\/wp-json\/wp\/v2\/media?parent=1554"}],"wp:term":[{"taxonomy":"product_cat","embeddable":true,"href":"https:\/\/www.peanutoem.com\/hr\/wp-json\/wp\/v2\/product_cat?post=1554"},{"taxonomy":"product_tag","embeddable":true,"href":"https:\/\/www.peanutoem.com\/hr\/wp-json\/wp\/v2\/product_tag?post=1554"}],"curies":[{"name":"wp","href":"https:\/\/api.w.org\/{rel}","templated":true}]}}