{"id":1555,"date":"2024-09-02T14:00:33","date_gmt":"2024-09-02T14:00:33","guid":{"rendered":"https:\/\/www.peanutoem.com\/?post_type=product&#038;p=1555"},"modified":"2024-09-28T04:44:51","modified_gmt":"2024-09-28T04:44:51","slug":"roasted-peanut-kernels-in-split","status":"publish","type":"product","link":"https:\/\/www.peanutoem.com\/hr\/manufacturer\/roasted-peanut-kernels-in-split\/","title":{"rendered":"Pr\u017eeni kikiriki u Splitu | Narezana jezgra pr\u017eenog kikirikija"},"content":{"rendered":"<h3>\u0160to su pr\u017eene jezgre kikirikija u Splitu?<\/h3>\n<p>Pe\u010dene jezgre kikirikija u Splitu ili zvane Pe\u010dene split jezgre kikirikija, su kikiriki koji su pa\u017eljivo pe\u010deni do savr\u0161enstva, a potom pa\u017eljivo prepolovljeni. Poznati su po svojoj bogatoj aromi, hrskavom okusu i \u0161irokoj primjeni u grickalicama, pekarskim proizvodima i raznovrsnoj hrani. Proces pr\u017eenja ne samo da pobolj\u0161ava prirodni okus kikirikija, ve\u0107 ga \u010dini i idealnim izborom za proizvo\u0111a\u010de hrane, brendove grickalica i potro\u0161a\u010de koji slijede zdraviju prehranu.<\/p>\n<h3>Alternativni nazivi za pr\u017eene jezgre kikirikija u Splitu<\/h3>\n<p>Pr\u017eene jezgre kikirikija u Splitu nazivaju se i drugim nazivima ovisno o regiji ili tr\u017ei\u0161tu, uklju\u010duju\u0107i:<\/p>\n<ul>\n<li>Split pe\u010deni kikiriki<\/li>\n<li>Polovice pe\u010denog kikirikija<\/li>\n<li>Split pr\u017eene jezgre kikirikija<\/li>\n<li>Kikiriki Split<\/li>\n<\/ul>\n<h3>Relevantne vru\u0107e teme<\/h3>\n<ol>\n<li><strong>Zdravstvene prednosti pr\u017eenih jezgri kikirikija<\/strong>: Pr\u017eena jezgra kikirikija bogat je izvor proteina, zdravih masti i esencijalnih vitamina. Oni su hranjivi me\u0111uobrok ili sastojak raznih proizvoda usmjerenih na zdravlje.<\/li>\n<li><strong>Rastu\u0107a potra\u017enja za grickalicama na bazi kikirikija:<\/strong> Pr\u017eena jezgra kikirikija u split obliku dobiva na popularnosti zbog porasta potra\u017enje za zdravim grickalicama.<\/li>\n<li><strong>Sigurnost hrane i kontrola kvalitete u preradi kikirikija:<\/strong> Odr\u017eavanje visokih standarda proizvodnje i rukovanja klju\u010dno je za cjelovitost proizvoda i uskla\u0111enost s propisima o sigurnosti hrane.<\/li>\n<li><strong>Proizvodi od kikirikija privatne marke:<\/strong> Mnoge robne marke odabiru na\u0161e usluge privatnih robnih marki kako bi ponudile prvoklasne jezgre pr\u017eenog kikirikija narezanog na plo\u0161ke pod svojom robnom markom.<\/li>\n<\/ol>\n<p><img loading=\"lazy\" decoding=\"async\" class=\"alignnone wp-image-1720 size-large\" src=\"https:\/\/www.peanutoem.com\/wp-content\/uploads\/2024\/09\/Roasted-Peanut-Power-in-Carton-1024x908.webp\" alt=\"Snaga pe\u010denog kikirikija u kartonu\" width=\"1020\" height=\"904\" srcset=\"https:\/\/www.peanutoem.com\/wp-content\/uploads\/2024\/09\/Roasted-Peanut-Power-in-Carton-1024x908.webp 1024w, https:\/\/www.peanutoem.com\/wp-content\/uploads\/2024\/09\/Roasted-Peanut-Power-in-Carton-300x266.webp 300w, https:\/\/www.peanutoem.com\/wp-content\/uploads\/2024\/09\/Roasted-Peanut-Power-in-Carton-768x681.webp 768w, https:\/\/www.peanutoem.com\/wp-content\/uploads\/2024\/09\/Roasted-Peanut-Power-in-Carton-1536x1362.webp 1536w, https:\/\/www.peanutoem.com\/wp-content\/uploads\/2024\/09\/Roasted-Peanut-Power-in-Carton-2048x1816.webp 2048w, https:\/\/www.peanutoem.com\/wp-content\/uploads\/2024\/09\/Roasted-Peanut-Power-in-Carton-14x12.webp 14w, https:\/\/www.peanutoem.com\/wp-content\/uploads\/2024\/09\/Roasted-Peanut-Power-in-Carton-600x532.webp 600w\" sizes=\"auto, (max-width: 1020px) 100vw, 1020px\" \/><\/p>\n<hr \/>\n<h3>Za\u0161to odabrati nas kao dobavlja\u010da narezanih pr\u017eenih jezgri kikirikija?<\/h3>\n<p>Pouzdani smo dobavlja\u010d pr\u017eenih jezgri kikirikija u Splitu iz nekoliko uvjerljivih razloga:<\/p>\n<ul>\n<li><strong>Napredni proizvodni pogoni:<\/strong> Na\u0161a tvornica koristi najsuvremenije ameri\u010dke proizvodne linije za vrhunske procese pe\u010denja i rezanja.<\/li>\n<li><strong>Strogo osiguranje kvalitete:<\/strong> Izvodimo sveobuhvatne testove u na\u0161em laboratoriju kako bismo osigurali da svaka serija zadovoljava globalne standarde.<\/li>\n<li><strong>Globalni certifikati:<\/strong> Na\u0161e pr\u017eene jezgre kikirikija imaju certifikate HACCP, BRCGS, Kosher, Halal i EU Organic za kvalitetu i sigurnost.<\/li>\n<li><strong>Pouzdan lanac opskrbe:<\/strong> Na\u0161e veliko skladi\u0161te konstantne temperature jam\u010di kvalitetu proizvoda i stabilnost opskrbe tijekom cijele godine.<\/li>\n<li><strong>Prilago\u0111ene usluge:<\/strong> Pru\u017eamo rje\u0161enja privatnih robnih marki prilago\u0111ena specifi\u010dnim potrebama robnih marki i uvoznika diljem svijeta.<\/li>\n<li><strong>Odr\u017eivi razvoj:<\/strong> Usredoto\u010deni smo na odr\u017eive prakse i partneri s renomiranim lancima supermarketa radi zajedni\u010dkog prosperiteta.<\/li>\n<\/ul>\n<h3>Pitanja i odgovori o narezanim pr\u017eenim jezgrama kikirikija<\/h3>\n<p><strong>P: \u0160to vas \u010dini vode\u0107im dobavlja\u010dem jezgri pr\u017eenog kikirikija u Splitu?<\/strong><br \/>\n<strong>A:<\/strong> Na\u0161i napredni proizvodni pogoni, rigorozno osiguranje kvalitete i globalni certifikati osiguravaju da isporu\u010dujemo proizvode visoke kvalitete.<\/p>\n<p><strong>P: Mogu li prilagoditi ambala\u017eu pod svojim brendom?<\/strong><br \/>\n<strong>A:<\/strong> Da, pru\u017eamo usluge privatnih robnih marki, omogu\u0107uju\u0107i potpunu prilagodbu pakiranja i brendiranja u skladu s va\u0161im tr\u017ei\u0161nim potrebama.<\/p>\n<p><strong>P: Koje certifikate imaju va\u0161a jezgra pr\u017eenog kikirikija?<\/strong><br \/>\n<strong>A:<\/strong> Na\u0161i proizvodi su certificirani prema HACCP, BRC, Halal, Kosher, EU Organic i drugim svjetskim standardima, \u010dime se jam\u010di kvaliteta i sigurnost.<\/p>\n<p><strong>P: Kako osiguravate svje\u017einu i kvalitetu?<\/strong><br \/>\n<strong>A:<\/strong> Na\u0161 veliki skladi\u0161ni prostor na stalnoj temperaturi odr\u017eava optimalne uvjete, \u010duvaju\u0107i svje\u017einu i kvalitetu do isporuke.<\/p>\n<p><strong>P: Dajete li skupne narud\u017ebe za me\u0111unarodne po\u0161iljke?<\/strong><br \/>\n<strong>A:<\/strong> Da, specijalizirani smo za masovne narud\u017ebe i me\u0111unarodne po\u0161iljke, osiguravaju\u0107i besprijekoran opskrbni lanac za globalne klijente.<\/p>\n<p><strong>P: Koje su prednosti odabira pr\u017eenih jezgri kikirikija u split obliku?<\/strong><br \/>\n<strong>A:<\/strong> Splitska pr\u017eena jezgra kikirikija nudi proizvod spreman za upotrebu s pobolj\u0161anim okusom i teksturom, idealan za grickalice i ukrase.<\/p>\n<p><strong>P: Ima li aditiva u va\u0161im pr\u017eenim jezgrama kikirikija?<\/strong><br \/>\n<strong>A:<\/strong> Ne, na\u0161e pr\u017eene jezgre kikirikija ne sadr\u017ee aditive i konzervanse, \u0161to osigurava prirodan proizvod.<\/p>\n<p><strong>P: Mogu li zatra\u017eiti odre\u0111ene razine pe\u010denja?<\/strong><br \/>\n<strong>A:<\/strong> Da, mo\u017eemo prilagoditi razine pe\u010denja va\u0161im specifikacijama, bilo da preferirate svijetlo, srednje ili tamno pe\u010denje.<\/p>\n<p><strong>P: Kako mogu zatra\u017eiti uzorak?<\/strong><br \/>\n<strong>A:<\/strong> <a href=\"mailto:globepeanut@gmail.com\" target=\"_blank\" rel=\"noopener\">Kontakt <\/a>na\u0161 prodajni tim da zatra\u017ei uzorak i razgovara o va\u0161im specifi\u010dnim potrebama.<\/p>\n<p><strong>P: Koja tr\u017ei\u0161ta opskrbljujete?<\/strong><br \/>\n<strong>A:<\/strong> Opskrbljujemo pr\u017eenim jezgrama kikirikija na razli\u010ditim tr\u017ei\u0161tima diljem svijeta, uklju\u010duju\u0107i Sjevernu Ameriku, Europu, Aziju i Bliski istok, uz sna\u017ena industrijska partnerstva.<\/p>\n<a href=\"mailto:globepeanut@gmail.com\" class=\"button primary is-primary is-medium\"  >\n    <span>Po\u0161aljite nam e-po\u0161tu<\/span>\n  <\/a>","protected":false},"excerpt":{"rendered":"<p>Mi smo proizvo\u0111a\u010d i dobavlja\u010d narezanih pr\u017eenih jezgri kikirikija u Kini<\/p>\n<p>\u2013 MOQ: 1 tona<br \/>\n\u2013 Ponu\u0111ena OEM\/ODM usluga<br \/>\n\u2013 Dostupan besplatan uzorak<br \/>\n\u2013 Prihvatite prilagodbu (specifikacije, veli\u010dine, boja, dizajn itd.)<br \/>\n\u2013 Specifikacije (3-5 mre\u017ea, 4-7 mre\u017ea, 5-8 mre\u017ea, 6-10 mre\u017ea, 8-14 mre\u017ea ili prema va\u0161em zahtjevu)<\/p>\n<p>Ako \u017eelite nabaviti pr\u017eene jezgre kikirikija u Splitu ili narezane jezgre pr\u017eenog kikirikija, kontaktirajte nas.<\/p>","protected":false},"featured_media":1712,"comment_status":"open","ping_status":"closed","template":"","meta":[],"product_cat":[37],"product_tag":[],"class_list":{"0":"post-1555","1":"product","2":"type-product","3":"status-publish","4":"has-post-thumbnail","6":"product_cat-roasted-peanut","8":"first","9":"instock","10":"shipping-taxable","11":"product-type-simple"},"yoast_head":"<!-- This site is optimized with the Yoast SEO plugin v24.9 - https:\/\/yoast.com\/wordpress\/plugins\/seo\/ -->\n<title>Roasted Peanut Kernels in Split | Sliced Roasted Peanut Kernels - Peanut Butter Factory<\/title>\n<meta name=\"description\" content=\"We are leading OEM manufacturer, supplier, and exporter of high-quality Roasted Peanut Kernels in Split. Private label services and global brands partner.\" \/>\n<meta name=\"robots\" content=\"index, follow, max-snippet:-1, max-image-preview:large, max-video-preview:-1\" \/>\n<link rel=\"canonical\" href=\"https:\/\/www.peanutoem.com\/hr\/manufacturer\/roasted-peanut-kernels-in-split\/\" \/>\n<meta property=\"og:locale\" content=\"hr_HR\" \/>\n<meta property=\"og:type\" content=\"article\" \/>\n<meta property=\"og:title\" content=\"Roasted Peanut Kernels in Split | Sliced Roasted Peanut Kernels - Peanut Butter Factory\" \/>\n<meta property=\"og:description\" content=\"We are leading OEM manufacturer, supplier, and exporter of high-quality Roasted Peanut Kernels in Split. Private label services and global brands partner.\" \/>\n<meta property=\"og:url\" content=\"https:\/\/www.peanutoem.com\/hr\/manufacturer\/roasted-peanut-kernels-in-split\/\" \/>\n<meta property=\"og:site_name\" content=\"Peanut Butter Factory\" \/>\n<meta property=\"article:modified_time\" content=\"2024-09-28T04:44:51+00:00\" \/>\n<meta property=\"og:image\" content=\"https:\/\/www.peanutoem.com\/wp-content\/uploads\/2024\/09\/4-6mm-roasted-peanut-kernels-scaled.webp\" \/>\n\t<meta property=\"og:image:width\" content=\"1920\" \/>\n\t<meta property=\"og:image:height\" content=\"2560\" \/>\n\t<meta property=\"og:image:type\" content=\"image\/webp\" \/>\n<meta name=\"twitter:card\" content=\"summary_large_image\" \/>\n<meta name=\"twitter:label1\" content=\"Procijenjeno vrijeme \u010ditanja\" \/>\n\t<meta name=\"twitter:data1\" content=\"4 minute\" \/>\n<script type=\"application\/ld+json\" class=\"yoast-schema-graph\">{\"@context\":\"https:\/\/schema.org\",\"@graph\":[{\"@type\":\"WebPage\",\"@id\":\"https:\/\/www.peanutoem.com\/manufacturer\/roasted-peanut-kernels-in-split\/\",\"url\":\"https:\/\/www.peanutoem.com\/manufacturer\/roasted-peanut-kernels-in-split\/\",\"name\":\"Roasted Peanut Kernels in Split | Sliced Roasted Peanut Kernels - Peanut Butter Factory\",\"isPartOf\":{\"@id\":\"https:\/\/www.peanutoem.com\/#website\"},\"primaryImageOfPage\":{\"@id\":\"https:\/\/www.peanutoem.com\/manufacturer\/roasted-peanut-kernels-in-split\/#primaryimage\"},\"image\":{\"@id\":\"https:\/\/www.peanutoem.com\/manufacturer\/roasted-peanut-kernels-in-split\/#primaryimage\"},\"thumbnailUrl\":\"https:\/\/www.peanutoem.com\/wp-content\/uploads\/2024\/09\/4-6mm-roasted-peanut-kernels-scaled.webp\",\"datePublished\":\"2024-09-02T14:00:33+00:00\",\"dateModified\":\"2024-09-28T04:44:51+00:00\",\"description\":\"We are leading OEM manufacturer, supplier, and exporter of high-quality Roasted Peanut Kernels in Split. Private label services and global brands partner.\",\"breadcrumb\":{\"@id\":\"https:\/\/www.peanutoem.com\/manufacturer\/roasted-peanut-kernels-in-split\/#breadcrumb\"},\"inLanguage\":\"hr\",\"potentialAction\":[{\"@type\":\"ReadAction\",\"target\":[\"https:\/\/www.peanutoem.com\/manufacturer\/roasted-peanut-kernels-in-split\/\"]}]},{\"@type\":\"ImageObject\",\"inLanguage\":\"hr\",\"@id\":\"https:\/\/www.peanutoem.com\/manufacturer\/roasted-peanut-kernels-in-split\/#primaryimage\",\"url\":\"https:\/\/www.peanutoem.com\/wp-content\/uploads\/2024\/09\/4-6mm-roasted-peanut-kernels-scaled.webp\",\"contentUrl\":\"https:\/\/www.peanutoem.com\/wp-content\/uploads\/2024\/09\/4-6mm-roasted-peanut-kernels-scaled.webp\",\"width\":1920,\"height\":2560,\"caption\":\"4-6mm roasted peanut kernels\"},{\"@type\":\"BreadcrumbList\",\"@id\":\"https:\/\/www.peanutoem.com\/manufacturer\/roasted-peanut-kernels-in-split\/#breadcrumb\",\"itemListElement\":[{\"@type\":\"ListItem\",\"position\":1,\"name\":\"Home\",\"item\":\"https:\/\/www.peanutoem.com\/\"},{\"@type\":\"ListItem\",\"position\":2,\"name\":\"Products\",\"item\":\"https:\/\/www.peanutoem.com\/shop\/\"},{\"@type\":\"ListItem\",\"position\":3,\"name\":\"Roasted Peanut Kernels in Split | Sliced Roasted Peanut Kernels\"}]},{\"@type\":\"WebSite\",\"@id\":\"https:\/\/www.peanutoem.com\/#website\",\"url\":\"https:\/\/www.peanutoem.com\/\",\"name\":\"Peanut Butter Factory\",\"description\":\"Peanut Butter Manufacturer and Roast Peanut OEM Factory | Peanut Private Label China Supplier\",\"publisher\":{\"@id\":\"https:\/\/www.peanutoem.com\/#organization\"},\"alternateName\":\"Peanut Butter OEM and Wholesale\",\"potentialAction\":[{\"@type\":\"SearchAction\",\"target\":{\"@type\":\"EntryPoint\",\"urlTemplate\":\"https:\/\/www.peanutoem.com\/?s={search_term_string}\"},\"query-input\":{\"@type\":\"PropertyValueSpecification\",\"valueRequired\":true,\"valueName\":\"search_term_string\"}}],\"inLanguage\":\"hr\"},{\"@type\":\"Organization\",\"@id\":\"https:\/\/www.peanutoem.com\/#organization\",\"name\":\"Peanut Butter Factory\",\"alternateName\":\"JuFeng Group\",\"url\":\"https:\/\/www.peanutoem.com\/\",\"logo\":{\"@type\":\"ImageObject\",\"inLanguage\":\"hr\",\"@id\":\"https:\/\/www.peanutoem.com\/#\/schema\/logo\/image\/\",\"url\":\"https:\/\/www.peanutoem.com\/wp-content\/uploads\/2024\/09\/JUFENG-LOGO.png\",\"contentUrl\":\"https:\/\/www.peanutoem.com\/wp-content\/uploads\/2024\/09\/JUFENG-LOGO.png\",\"width\":600,\"height\":170,\"caption\":\"Peanut Butter Factory\"},\"image\":{\"@id\":\"https:\/\/www.peanutoem.com\/#\/schema\/logo\/image\/\"}}]}<\/script>\n<!-- \/ Yoast SEO plugin. -->","yoast_head_json":{"title":"Roasted Peanut Kernels in Split | Sliced Roasted Peanut Kernels - Peanut Butter Factory","description":"We are leading OEM manufacturer, supplier, and exporter of high-quality Roasted Peanut Kernels in Split. Private label services and global brands partner.","robots":{"index":"index","follow":"follow","max-snippet":"max-snippet:-1","max-image-preview":"max-image-preview:large","max-video-preview":"max-video-preview:-1"},"canonical":"https:\/\/www.peanutoem.com\/hr\/manufacturer\/roasted-peanut-kernels-in-split\/","og_locale":"hr_HR","og_type":"article","og_title":"Roasted Peanut Kernels in Split | Sliced Roasted Peanut Kernels - Peanut Butter Factory","og_description":"We are leading OEM manufacturer, supplier, and exporter of high-quality Roasted Peanut Kernels in Split. Private label services and global brands partner.","og_url":"https:\/\/www.peanutoem.com\/hr\/manufacturer\/roasted-peanut-kernels-in-split\/","og_site_name":"Peanut Butter Factory","article_modified_time":"2024-09-28T04:44:51+00:00","og_image":[{"width":1920,"height":2560,"url":"https:\/\/www.peanutoem.com\/wp-content\/uploads\/2024\/09\/4-6mm-roasted-peanut-kernels-scaled.webp","type":"image\/webp"}],"twitter_card":"summary_large_image","twitter_misc":{"Procijenjeno vrijeme \u010ditanja":"4 minute"},"schema":{"@context":"https:\/\/schema.org","@graph":[{"@type":"WebPage","@id":"https:\/\/www.peanutoem.com\/manufacturer\/roasted-peanut-kernels-in-split\/","url":"https:\/\/www.peanutoem.com\/manufacturer\/roasted-peanut-kernels-in-split\/","name":"Roasted Peanut Kernels in Split | Sliced Roasted Peanut Kernels - Peanut Butter Factory","isPartOf":{"@id":"https:\/\/www.peanutoem.com\/#website"},"primaryImageOfPage":{"@id":"https:\/\/www.peanutoem.com\/manufacturer\/roasted-peanut-kernels-in-split\/#primaryimage"},"image":{"@id":"https:\/\/www.peanutoem.com\/manufacturer\/roasted-peanut-kernels-in-split\/#primaryimage"},"thumbnailUrl":"https:\/\/www.peanutoem.com\/wp-content\/uploads\/2024\/09\/4-6mm-roasted-peanut-kernels-scaled.webp","datePublished":"2024-09-02T14:00:33+00:00","dateModified":"2024-09-28T04:44:51+00:00","description":"We are leading OEM manufacturer, supplier, and exporter of high-quality Roasted Peanut Kernels in Split. Private label services and global brands partner.","breadcrumb":{"@id":"https:\/\/www.peanutoem.com\/manufacturer\/roasted-peanut-kernels-in-split\/#breadcrumb"},"inLanguage":"hr","potentialAction":[{"@type":"ReadAction","target":["https:\/\/www.peanutoem.com\/manufacturer\/roasted-peanut-kernels-in-split\/"]}]},{"@type":"ImageObject","inLanguage":"hr","@id":"https:\/\/www.peanutoem.com\/manufacturer\/roasted-peanut-kernels-in-split\/#primaryimage","url":"https:\/\/www.peanutoem.com\/wp-content\/uploads\/2024\/09\/4-6mm-roasted-peanut-kernels-scaled.webp","contentUrl":"https:\/\/www.peanutoem.com\/wp-content\/uploads\/2024\/09\/4-6mm-roasted-peanut-kernels-scaled.webp","width":1920,"height":2560,"caption":"4-6mm roasted peanut kernels"},{"@type":"BreadcrumbList","@id":"https:\/\/www.peanutoem.com\/manufacturer\/roasted-peanut-kernels-in-split\/#breadcrumb","itemListElement":[{"@type":"ListItem","position":1,"name":"Home","item":"https:\/\/www.peanutoem.com\/"},{"@type":"ListItem","position":2,"name":"Products","item":"https:\/\/www.peanutoem.com\/shop\/"},{"@type":"ListItem","position":3,"name":"Roasted Peanut Kernels in Split | Sliced Roasted Peanut Kernels"}]},{"@type":"WebSite","@id":"https:\/\/www.peanutoem.com\/#website","url":"https:\/\/www.peanutoem.com\/","name":"Peanut Butter Factory","description":"Peanut Butter Manufacturer and Roast Peanut OEM Factory | Peanut Private Label China Supplier","publisher":{"@id":"https:\/\/www.peanutoem.com\/#organization"},"alternateName":"Peanut Butter OEM and Wholesale","potentialAction":[{"@type":"SearchAction","target":{"@type":"EntryPoint","urlTemplate":"https:\/\/www.peanutoem.com\/?s={search_term_string}"},"query-input":{"@type":"PropertyValueSpecification","valueRequired":true,"valueName":"search_term_string"}}],"inLanguage":"hr"},{"@type":"Organization","@id":"https:\/\/www.peanutoem.com\/#organization","name":"Peanut Butter Factory","alternateName":"JuFeng Group","url":"https:\/\/www.peanutoem.com\/","logo":{"@type":"ImageObject","inLanguage":"hr","@id":"https:\/\/www.peanutoem.com\/#\/schema\/logo\/image\/","url":"https:\/\/www.peanutoem.com\/wp-content\/uploads\/2024\/09\/JUFENG-LOGO.png","contentUrl":"https:\/\/www.peanutoem.com\/wp-content\/uploads\/2024\/09\/JUFENG-LOGO.png","width":600,"height":170,"caption":"Peanut Butter Factory"},"image":{"@id":"https:\/\/www.peanutoem.com\/#\/schema\/logo\/image\/"}}]}},"_links":{"self":[{"href":"https:\/\/www.peanutoem.com\/hr\/wp-json\/wp\/v2\/product\/1555","targetHints":{"allow":["GET"]}}],"collection":[{"href":"https:\/\/www.peanutoem.com\/hr\/wp-json\/wp\/v2\/product"}],"about":[{"href":"https:\/\/www.peanutoem.com\/hr\/wp-json\/wp\/v2\/types\/product"}],"replies":[{"embeddable":true,"href":"https:\/\/www.peanutoem.com\/hr\/wp-json\/wp\/v2\/comments?post=1555"}],"wp:featuredmedia":[{"embeddable":true,"href":"https:\/\/www.peanutoem.com\/hr\/wp-json\/wp\/v2\/media\/1712"}],"wp:attachment":[{"href":"https:\/\/www.peanutoem.com\/hr\/wp-json\/wp\/v2\/media?parent=1555"}],"wp:term":[{"taxonomy":"product_cat","embeddable":true,"href":"https:\/\/www.peanutoem.com\/hr\/wp-json\/wp\/v2\/product_cat?post=1555"},{"taxonomy":"product_tag","embeddable":true,"href":"https:\/\/www.peanutoem.com\/hr\/wp-json\/wp\/v2\/product_tag?post=1555"}],"curies":[{"name":"wp","href":"https:\/\/api.w.org\/{rel}","templated":true}]}}