{"id":1556,"date":"2024-09-02T14:00:57","date_gmt":"2024-09-02T14:00:57","guid":{"rendered":"https:\/\/www.peanutoem.com\/?post_type=product&#038;p=1556"},"modified":"2024-09-28T04:23:49","modified_gmt":"2024-09-28T04:23:49","slug":"roasted-peanut-powder","status":"publish","type":"product","link":"https:\/\/www.peanutoem.com\/hr\/manufacturer\/roasted-peanut-powder\/","title":{"rendered":"Pr\u017eeni kikiriki u prahu"},"content":{"rendered":"<h3>\u0160to je pr\u017eeni kikiriki u prahu?<\/h3>\n<p>Pr\u017eeni kikiriki u prahu dobiva se finim mljevenjem kikirikija i pobolj\u0161avanjem njihove prirodne arome <a href=\"https:\/\/en.wikipedia.org\/wiki\/Roasting\" target=\"_blank\" rel=\"noopener\">pr\u017eenje<\/a> proces. Ovaj svestrani sastojak popularan je u prehrambenoj industriji, a slu\u017ei kao vrhunska komponenta u grickalicama s kikirikijem, pekarskim proizvodima, umacima i proteinskim prahovima. Proces pr\u017eenja zna\u010dajno poja\u010dava ora\u0161astu aromu kikirikija, \u0161to ga \u010dini preferiranim materijalom za proizvo\u0111a\u010de hrane koji tra\u017ee bogat okus kikirikija. Njegov oblik praha olak\u0161ava ugradnju u razne recepte, donose\u0107i bogat okus hrani bez potrebe za dodatnom vodom.<\/p>\n<h3><img loading=\"lazy\" decoding=\"async\" class=\"alignnone wp-image-1719 size-full\" src=\"https:\/\/www.peanutoem.com\/wp-content\/uploads\/2024\/09\/Roasted-Peanut-Powder-in-Pouch.webp\" alt=\"Pr\u017eeni kikiriki u prahu u vre\u0107ici\" width=\"912\" height=\"1128\" srcset=\"https:\/\/www.peanutoem.com\/wp-content\/uploads\/2024\/09\/Roasted-Peanut-Powder-in-Pouch.webp 912w, https:\/\/www.peanutoem.com\/wp-content\/uploads\/2024\/09\/Roasted-Peanut-Powder-in-Pouch-243x300.webp 243w, https:\/\/www.peanutoem.com\/wp-content\/uploads\/2024\/09\/Roasted-Peanut-Powder-in-Pouch-828x1024.webp 828w, https:\/\/www.peanutoem.com\/wp-content\/uploads\/2024\/09\/Roasted-Peanut-Powder-in-Pouch-768x950.webp 768w, https:\/\/www.peanutoem.com\/wp-content\/uploads\/2024\/09\/Roasted-Peanut-Powder-in-Pouch-10x12.webp 10w, https:\/\/www.peanutoem.com\/wp-content\/uploads\/2024\/09\/Roasted-Peanut-Powder-in-Pouch-600x742.webp 600w\" sizes=\"auto, (max-width: 912px) 100vw, 912px\" \/><\/h3>\n<h3>Alternativni nazivi za pr\u017eeni kikiriki u prahu<\/h3>\n<p>Pr\u017eeni kikiriki u prahu na tr\u017ei\u0161tu je poznat pod razli\u010ditim nazivima. Neke uobi\u010dajene alternative uklju\u010duju:<\/p>\n<ul>\n<li>Bra\u0161no od kikirikija<\/li>\n<li>Pr\u017eeni mljeveni kikiriki u prahu<\/li>\n<li>Obrok od kikirikija<\/li>\n<li>Pra\u0161ina od pr\u017eenog kikirikija<\/li>\n<li>Odma\u0161\u0107eni kikiriki u prahu<\/li>\n<\/ul>\n<div class=\"group\/conversation-turn relative flex w-full min-w-0 flex-col agent-turn\">\n<div class=\"flex-col gap-1 md:gap-3\">\n<h3>Relevantne vru\u0107e teme o pr\u017eenom kikirikiju u prahu<\/h3>\n<ul>\n<li data-pm-slice=\"0 0 []\"><strong>Primjene za pe\u010denje bez glutena:<\/strong> Vi\u0161e pekara koristi pr\u017eeni kikiriki u prahu kao zamjenu za bra\u0161no u receptima bez glutena, pobolj\u0161avaju\u0107i i okus i hranjivost.<\/li>\n<li><strong>Zdravstvene dobrobiti:<\/strong> Zdravstveno osvije\u0161teni potro\u0161a\u010di smatraju da je pr\u017eeni kikiriki u prahu privla\u010dan zbog visokog sadr\u017eaja proteina, vlakana i zdrave masti.<\/li>\n<li><strong>Rastu\u0107a potra\u017enja za biljnim proteinima:<\/strong> Kako biljna prehrana raste, pr\u017eeni kikiriki u prahu postaje omiljeni izvor proteina za vegane i vegetarijance.<\/li>\n<li><strong>Primjene za pe\u010denje bez glutena:<\/strong> Pekari sve vi\u0161e biraju pr\u017eeni kikiriki u prahu kao zamjenu za bra\u0161no u receptima bez glutena, pobolj\u0161avaju\u0107i okus i hranjivu vrijednost.<\/li>\n<li><strong>Inovativna upotreba u prehrambenoj industriji:<\/strong> Ovaj svestrani sastojak pobolj\u0161ava okus i teksturu raznih proizvoda, od energetskih plo\u010dica do umaka.<\/li>\n<li><strong>Mogu\u0107nosti privatne robne marke:<\/strong> Mnoge robne marke odlu\u010duju se za privatne robne marke proizvoda od kikirikija, nude\u0107i prilago\u0111ena rje\u0161enja pr\u017eenog kikirikija u prahu s nama kao pouzdanim OEM partnerom.<\/li>\n<\/ul>\n<h3 class=\"flex max-w-full flex-col flex-grow\"><span style=\"font-size: 20.16px;\">Kao pouzdani lider u industriji prerade kikirikija, nudimo vrhunski pr\u017eeni kikiriki u prahu za razli\u010dite primjene. Evo kako se isti\u010demo:<\/span><\/h3>\n<ul>\n<li><strong>Vrhunska proizvodnja:<\/strong> Na\u0161e napredne proizvodne linije osiguravaju visokokvalitetni prah pr\u017eenog kikirikija s dosljednom veli\u010dinom \u010destica i okusom.<\/li>\n<li><strong>Prilago\u0111ena rje\u0161enja:<\/strong> Kao OEM proizvo\u0111a\u010d, isporu\u010dujemo usluge privatne robne marke, prilago\u0111ene razine pe\u010denja i fleksibilne mogu\u0107nosti pakiranja kako bismo zadovoljili va\u0161e jedinstvene potrebe.<\/li>\n<li><strong>Stroga kontrola kvalitete:<\/strong> Podr\u017eavamo najvi\u0161e standarde proizvoda rigoroznim senzorskim, kemijskim i mikrobnim testiranjem u na\u0161im najsuvremenijim laboratorijima.<\/li>\n<li><strong>Certifikati i sukladnost:<\/strong> Na\u0161i certifikati\u2014BRCGS, HACCP, Halal, Kosher i EU Organic\u2014potvr\u0111uju da se pridr\u017eavamo strogih standarda kvalitete i sigurnosti.<\/li>\n<li><strong>Globalna izvozna stru\u010dnost:<\/strong> Uz veliko iskustvo u me\u0111unarodnoj logistici, jam\u010dimo nesmetan i pouzdan proces izvoza na tr\u017ei\u0161ta diljem svijeta.<\/li>\n<li><strong>Predanost odr\u017eivosti:<\/strong> Prioritet dajemo odr\u017eivim izvorima i ekolo\u0161ki prihvatljivim proizvodnim praksama, pridonose\u0107i boljoj budu\u0107nosti za industriju kikirikija.<\/li>\n<\/ul>\n<h3>Za\u0161to odabrati nas?<\/h3>\n<ul>\n<li><strong>Najbolji izbor:<\/strong> Na\u0161a vrhunska tehnologija, mogu\u0107nosti prilago\u0111avanja i globalni certifikati \u010dine nas vode\u0107im dobavlja\u010dem.<\/li>\n<li><strong>Prilago\u0111eno pakiranje:<\/strong> Nudimo usluge privatnih robnih marki kako bismo va\u0161e pakiranje i brendiranje prilagodili va\u0161im zahtjevima.<\/li>\n<li><strong>Jamstvo svje\u017eine:<\/strong> Na\u0161i prostori za skladi\u0161tenje s kontroliranom temperaturom odr\u017eavaju svje\u017einu proizvoda tijekom skladi\u0161tenja i otpreme.<\/li>\n<li><strong>Razine pe\u010denja:<\/strong> U\u017eivajte u prilagodljivim razinama pe\u010denja od svijetle do tamne, izra\u0111enim tako da odgovaraju va\u0161im preferencijama okusa.<\/li>\n<li><strong>Skupne narud\u017ebe:<\/strong> Obratite se na\u0161em prodajnom timu kako biste jednostavno razgovarali i ispunili svoje potrebe za skupno narud\u017ebom.<\/li>\n<li><strong>Primjene u industriji:<\/strong> Na\u0161 pr\u017eeni kikiriki u prahu popularan je u pekarstvu, proizvodnji grickalica, proteinskih dodataka, umaka i aroma.<\/li>\n<li><strong>Bez glutena:<\/strong> Prirodno bez glutena, odli\u010dan je izbor za prehrambene proizvode bez glutena.<\/li>\n<li><strong>Dostupni uzorci:<\/strong> Potencijalnim klijentima osiguravamo uzorke kako bi ocijenili kvalitetu i prikladnost na\u0161eg proizvoda.<\/li>\n<li><strong>Globalni doseg:<\/strong> Izvozimo na tr\u017ei\u0161ta Sjeverne Amerike, Europe, Azije i Bliskog istoka, osiguravaju\u0107i sna\u017enu me\u0111unarodnu opskrbnu mre\u017eu.<\/li>\n<\/ul>\n<a href=\"mailto:globepeanut@gmail.com\" class=\"button primary is-primary is-medium\"  >\n    <span>Po\u0161aljite nam e-po\u0161tu<\/span>\n  <\/a>\n\n<\/div>\n<\/div>","protected":false},"excerpt":{"rendered":"<p>Mi smo proizvo\u0111a\u010d i dobavlja\u010d pr\u017eenog kikirikija u prahu u Kini<\/p>\n<p>\u2013 MOQ: 1 tona<br \/>\n\u2013 Ponu\u0111ena OEM\/ODM usluga<br \/>\n\u2013 Dostupan besplatan uzorak<br \/>\n\u2013 Prihvatite prilagodbu (specifikacije, veli\u010dine, boja, dizajn itd.)<br \/>\n\u2013 Specifikacije (14 mre\u017ea manja, ili prema va\u0161em zahtjevu)<\/p>\n<p>Ako \u017eelite nabaviti pr\u017eeni kikiriki u prahu, kontaktirajte nas.<\/p>","protected":false},"featured_media":1714,"comment_status":"open","ping_status":"closed","template":"","meta":[],"product_cat":[37],"product_tag":[],"class_list":{"0":"post-1556","1":"product","2":"type-product","3":"status-publish","4":"has-post-thumbnail","6":"product_cat-roasted-peanut","8":"first","9":"instock","10":"shipping-taxable","11":"product-type-simple"},"yoast_head":"<!-- This site is optimized with the Yoast SEO plugin v24.9 - https:\/\/yoast.com\/wordpress\/plugins\/seo\/ -->\n<title>Roasted Peanut Powder Manufacturer - Peanut Butter Factory<\/title>\n<meta name=\"description\" content=\"We are a top OEM, private label manufacturer, and exporter of premium Roasted Peanut Powder, offering quality solutions globally.\" \/>\n<meta name=\"robots\" content=\"index, follow, max-snippet:-1, max-image-preview:large, max-video-preview:-1\" \/>\n<link rel=\"canonical\" href=\"https:\/\/www.peanutoem.com\/hr\/manufacturer\/roasted-peanut-powder\/\" \/>\n<meta property=\"og:locale\" content=\"hr_HR\" \/>\n<meta property=\"og:type\" content=\"article\" \/>\n<meta property=\"og:title\" content=\"Roasted Peanut Powder Manufacturer - Peanut Butter Factory\" \/>\n<meta property=\"og:description\" content=\"We are a top OEM, private label manufacturer, and exporter of premium Roasted Peanut Powder, offering quality solutions globally.\" \/>\n<meta property=\"og:url\" content=\"https:\/\/www.peanutoem.com\/hr\/manufacturer\/roasted-peanut-powder\/\" \/>\n<meta property=\"og:site_name\" content=\"Peanut Butter Factory\" \/>\n<meta property=\"article:modified_time\" content=\"2024-09-28T04:23:49+00:00\" \/>\n<meta property=\"og:image\" content=\"https:\/\/www.peanutoem.com\/wp-content\/uploads\/2024\/09\/Roasted-Peanut-Powder.webp\" \/>\n\t<meta property=\"og:image:width\" content=\"551\" \/>\n\t<meta property=\"og:image:height\" content=\"472\" \/>\n\t<meta property=\"og:image:type\" content=\"image\/webp\" \/>\n<meta name=\"twitter:card\" content=\"summary_large_image\" \/>\n<meta name=\"twitter:label1\" content=\"Procijenjeno vrijeme \u010ditanja\" \/>\n\t<meta name=\"twitter:data1\" content=\"3 minute\" \/>\n<script type=\"application\/ld+json\" class=\"yoast-schema-graph\">{\"@context\":\"https:\/\/schema.org\",\"@graph\":[{\"@type\":\"WebPage\",\"@id\":\"https:\/\/www.peanutoem.com\/manufacturer\/roasted-peanut-powder\/\",\"url\":\"https:\/\/www.peanutoem.com\/manufacturer\/roasted-peanut-powder\/\",\"name\":\"Roasted Peanut Powder Manufacturer - Peanut Butter Factory\",\"isPartOf\":{\"@id\":\"https:\/\/www.peanutoem.com\/#website\"},\"primaryImageOfPage\":{\"@id\":\"https:\/\/www.peanutoem.com\/manufacturer\/roasted-peanut-powder\/#primaryimage\"},\"image\":{\"@id\":\"https:\/\/www.peanutoem.com\/manufacturer\/roasted-peanut-powder\/#primaryimage\"},\"thumbnailUrl\":\"https:\/\/www.peanutoem.com\/wp-content\/uploads\/2024\/09\/Roasted-Peanut-Powder.webp\",\"datePublished\":\"2024-09-02T14:00:57+00:00\",\"dateModified\":\"2024-09-28T04:23:49+00:00\",\"description\":\"We are a top OEM, private label manufacturer, and exporter of premium Roasted Peanut Powder, offering quality solutions globally.\",\"breadcrumb\":{\"@id\":\"https:\/\/www.peanutoem.com\/manufacturer\/roasted-peanut-powder\/#breadcrumb\"},\"inLanguage\":\"hr\",\"potentialAction\":[{\"@type\":\"ReadAction\",\"target\":[\"https:\/\/www.peanutoem.com\/manufacturer\/roasted-peanut-powder\/\"]}]},{\"@type\":\"ImageObject\",\"inLanguage\":\"hr\",\"@id\":\"https:\/\/www.peanutoem.com\/manufacturer\/roasted-peanut-powder\/#primaryimage\",\"url\":\"https:\/\/www.peanutoem.com\/wp-content\/uploads\/2024\/09\/Roasted-Peanut-Powder.webp\",\"contentUrl\":\"https:\/\/www.peanutoem.com\/wp-content\/uploads\/2024\/09\/Roasted-Peanut-Powder.webp\",\"width\":551,\"height\":472,\"caption\":\"Roasted Peanut Powder\"},{\"@type\":\"BreadcrumbList\",\"@id\":\"https:\/\/www.peanutoem.com\/manufacturer\/roasted-peanut-powder\/#breadcrumb\",\"itemListElement\":[{\"@type\":\"ListItem\",\"position\":1,\"name\":\"Home\",\"item\":\"https:\/\/www.peanutoem.com\/\"},{\"@type\":\"ListItem\",\"position\":2,\"name\":\"Products\",\"item\":\"https:\/\/www.peanutoem.com\/shop\/\"},{\"@type\":\"ListItem\",\"position\":3,\"name\":\"Roasted Peanut Powder\"}]},{\"@type\":\"WebSite\",\"@id\":\"https:\/\/www.peanutoem.com\/#website\",\"url\":\"https:\/\/www.peanutoem.com\/\",\"name\":\"Peanut Butter Factory\",\"description\":\"Peanut Butter Manufacturer and Roast Peanut OEM Factory | Peanut Private Label China Supplier\",\"publisher\":{\"@id\":\"https:\/\/www.peanutoem.com\/#organization\"},\"alternateName\":\"Peanut Butter OEM and Wholesale\",\"potentialAction\":[{\"@type\":\"SearchAction\",\"target\":{\"@type\":\"EntryPoint\",\"urlTemplate\":\"https:\/\/www.peanutoem.com\/?s={search_term_string}\"},\"query-input\":{\"@type\":\"PropertyValueSpecification\",\"valueRequired\":true,\"valueName\":\"search_term_string\"}}],\"inLanguage\":\"hr\"},{\"@type\":\"Organization\",\"@id\":\"https:\/\/www.peanutoem.com\/#organization\",\"name\":\"Peanut Butter Factory\",\"alternateName\":\"JuFeng Group\",\"url\":\"https:\/\/www.peanutoem.com\/\",\"logo\":{\"@type\":\"ImageObject\",\"inLanguage\":\"hr\",\"@id\":\"https:\/\/www.peanutoem.com\/#\/schema\/logo\/image\/\",\"url\":\"https:\/\/www.peanutoem.com\/wp-content\/uploads\/2024\/09\/JUFENG-LOGO.png\",\"contentUrl\":\"https:\/\/www.peanutoem.com\/wp-content\/uploads\/2024\/09\/JUFENG-LOGO.png\",\"width\":600,\"height\":170,\"caption\":\"Peanut Butter Factory\"},\"image\":{\"@id\":\"https:\/\/www.peanutoem.com\/#\/schema\/logo\/image\/\"}}]}<\/script>\n<!-- \/ Yoast SEO plugin. -->","yoast_head_json":{"title":"Roasted Peanut Powder Manufacturer - Peanut Butter Factory","description":"We are a top OEM, private label manufacturer, and exporter of premium Roasted Peanut Powder, offering quality solutions globally.","robots":{"index":"index","follow":"follow","max-snippet":"max-snippet:-1","max-image-preview":"max-image-preview:large","max-video-preview":"max-video-preview:-1"},"canonical":"https:\/\/www.peanutoem.com\/hr\/manufacturer\/roasted-peanut-powder\/","og_locale":"hr_HR","og_type":"article","og_title":"Roasted Peanut Powder Manufacturer - Peanut Butter Factory","og_description":"We are a top OEM, private label manufacturer, and exporter of premium Roasted Peanut Powder, offering quality solutions globally.","og_url":"https:\/\/www.peanutoem.com\/hr\/manufacturer\/roasted-peanut-powder\/","og_site_name":"Peanut Butter Factory","article_modified_time":"2024-09-28T04:23:49+00:00","og_image":[{"width":551,"height":472,"url":"https:\/\/www.peanutoem.com\/wp-content\/uploads\/2024\/09\/Roasted-Peanut-Powder.webp","type":"image\/webp"}],"twitter_card":"summary_large_image","twitter_misc":{"Procijenjeno vrijeme \u010ditanja":"3 minute"},"schema":{"@context":"https:\/\/schema.org","@graph":[{"@type":"WebPage","@id":"https:\/\/www.peanutoem.com\/manufacturer\/roasted-peanut-powder\/","url":"https:\/\/www.peanutoem.com\/manufacturer\/roasted-peanut-powder\/","name":"Roasted Peanut Powder Manufacturer - Peanut Butter Factory","isPartOf":{"@id":"https:\/\/www.peanutoem.com\/#website"},"primaryImageOfPage":{"@id":"https:\/\/www.peanutoem.com\/manufacturer\/roasted-peanut-powder\/#primaryimage"},"image":{"@id":"https:\/\/www.peanutoem.com\/manufacturer\/roasted-peanut-powder\/#primaryimage"},"thumbnailUrl":"https:\/\/www.peanutoem.com\/wp-content\/uploads\/2024\/09\/Roasted-Peanut-Powder.webp","datePublished":"2024-09-02T14:00:57+00:00","dateModified":"2024-09-28T04:23:49+00:00","description":"We are a top OEM, private label manufacturer, and exporter of premium Roasted Peanut Powder, offering quality solutions globally.","breadcrumb":{"@id":"https:\/\/www.peanutoem.com\/manufacturer\/roasted-peanut-powder\/#breadcrumb"},"inLanguage":"hr","potentialAction":[{"@type":"ReadAction","target":["https:\/\/www.peanutoem.com\/manufacturer\/roasted-peanut-powder\/"]}]},{"@type":"ImageObject","inLanguage":"hr","@id":"https:\/\/www.peanutoem.com\/manufacturer\/roasted-peanut-powder\/#primaryimage","url":"https:\/\/www.peanutoem.com\/wp-content\/uploads\/2024\/09\/Roasted-Peanut-Powder.webp","contentUrl":"https:\/\/www.peanutoem.com\/wp-content\/uploads\/2024\/09\/Roasted-Peanut-Powder.webp","width":551,"height":472,"caption":"Roasted Peanut Powder"},{"@type":"BreadcrumbList","@id":"https:\/\/www.peanutoem.com\/manufacturer\/roasted-peanut-powder\/#breadcrumb","itemListElement":[{"@type":"ListItem","position":1,"name":"Home","item":"https:\/\/www.peanutoem.com\/"},{"@type":"ListItem","position":2,"name":"Products","item":"https:\/\/www.peanutoem.com\/shop\/"},{"@type":"ListItem","position":3,"name":"Roasted Peanut Powder"}]},{"@type":"WebSite","@id":"https:\/\/www.peanutoem.com\/#website","url":"https:\/\/www.peanutoem.com\/","name":"Peanut Butter Factory","description":"Peanut Butter Manufacturer and Roast Peanut OEM Factory | Peanut Private Label China Supplier","publisher":{"@id":"https:\/\/www.peanutoem.com\/#organization"},"alternateName":"Peanut Butter OEM and Wholesale","potentialAction":[{"@type":"SearchAction","target":{"@type":"EntryPoint","urlTemplate":"https:\/\/www.peanutoem.com\/?s={search_term_string}"},"query-input":{"@type":"PropertyValueSpecification","valueRequired":true,"valueName":"search_term_string"}}],"inLanguage":"hr"},{"@type":"Organization","@id":"https:\/\/www.peanutoem.com\/#organization","name":"Peanut Butter Factory","alternateName":"JuFeng Group","url":"https:\/\/www.peanutoem.com\/","logo":{"@type":"ImageObject","inLanguage":"hr","@id":"https:\/\/www.peanutoem.com\/#\/schema\/logo\/image\/","url":"https:\/\/www.peanutoem.com\/wp-content\/uploads\/2024\/09\/JUFENG-LOGO.png","contentUrl":"https:\/\/www.peanutoem.com\/wp-content\/uploads\/2024\/09\/JUFENG-LOGO.png","width":600,"height":170,"caption":"Peanut Butter Factory"},"image":{"@id":"https:\/\/www.peanutoem.com\/#\/schema\/logo\/image\/"}}]}},"_links":{"self":[{"href":"https:\/\/www.peanutoem.com\/hr\/wp-json\/wp\/v2\/product\/1556","targetHints":{"allow":["GET"]}}],"collection":[{"href":"https:\/\/www.peanutoem.com\/hr\/wp-json\/wp\/v2\/product"}],"about":[{"href":"https:\/\/www.peanutoem.com\/hr\/wp-json\/wp\/v2\/types\/product"}],"replies":[{"embeddable":true,"href":"https:\/\/www.peanutoem.com\/hr\/wp-json\/wp\/v2\/comments?post=1556"}],"wp:featuredmedia":[{"embeddable":true,"href":"https:\/\/www.peanutoem.com\/hr\/wp-json\/wp\/v2\/media\/1714"}],"wp:attachment":[{"href":"https:\/\/www.peanutoem.com\/hr\/wp-json\/wp\/v2\/media?parent=1556"}],"wp:term":[{"taxonomy":"product_cat","embeddable":true,"href":"https:\/\/www.peanutoem.com\/hr\/wp-json\/wp\/v2\/product_cat?post=1556"},{"taxonomy":"product_tag","embeddable":true,"href":"https:\/\/www.peanutoem.com\/hr\/wp-json\/wp\/v2\/product_tag?post=1556"}],"curies":[{"name":"wp","href":"https:\/\/api.w.org\/{rel}","templated":true}]}}