{"id":1637,"date":"2024-09-10T12:28:30","date_gmt":"2024-09-10T12:28:30","guid":{"rendered":"https:\/\/www.peanutoem.com\/?post_type=product&#038;p=1637"},"modified":"2024-10-06T09:58:03","modified_gmt":"2024-10-06T09:58:03","slug":"spicy-peanut-butter","status":"publish","type":"product","link":"https:\/\/www.peanutoem.com\/hr\/manufacturer\/spicy-peanut-butter\/","title":{"rendered":"Za\u010dinjeni maslac od kikirikija"},"content":{"rendered":"<h3>\u0160to je za\u010dinjeni maslac od kikirikija?<\/h3>\n<p>Za\u010dinjeni maslac od kikirikija aromati\u010dni je zaokret tradicionalnom maslacu od kikirikija, kombiniraju\u0107i kremastu ili hrskavu teksturu kikirikija s toplinom za\u010dina poput <a href=\"https:\/\/en.wikipedia.org\/wiki\/Chili\" target=\"_blank\" rel=\"noopener\">chili<\/a>, paprika ili kajenska paprika. Savr\u0161en je za one koji u\u017eivaju u mije\u0161anju slatkih i ljutih okusa, dodaju\u0107i uzbu\u0111enje grickalicama, sendvi\u010dima i receptima. Bilo da se koristi kao umak, namaz ili sastojak, za\u010dinjeni maslac od kikirikija postaje popularan izbor me\u0111u ljubiteljima hrane.<\/p>\n<p><img loading=\"lazy\" decoding=\"async\" class=\"alignnone wp-image-1675 size-full\" src=\"https:\/\/www.peanutoem.com\/wp-content\/uploads\/2024\/09\/Spicy-Peanut-Butter-on-Table.webp\" alt=\"Za\u010dinjeni maslac od kikirikija na stolu\" width=\"912\" height=\"1144\" srcset=\"https:\/\/www.peanutoem.com\/wp-content\/uploads\/2024\/09\/Spicy-Peanut-Butter-on-Table.webp 912w, https:\/\/www.peanutoem.com\/wp-content\/uploads\/2024\/09\/Spicy-Peanut-Butter-on-Table-239x300.webp 239w, https:\/\/www.peanutoem.com\/wp-content\/uploads\/2024\/09\/Spicy-Peanut-Butter-on-Table-816x1024.webp 816w, https:\/\/www.peanutoem.com\/wp-content\/uploads\/2024\/09\/Spicy-Peanut-Butter-on-Table-768x963.webp 768w, https:\/\/www.peanutoem.com\/wp-content\/uploads\/2024\/09\/Spicy-Peanut-Butter-on-Table-10x12.webp 10w, https:\/\/www.peanutoem.com\/wp-content\/uploads\/2024\/09\/Spicy-Peanut-Butter-on-Table-600x753.webp 600w\" sizes=\"auto, (max-width: 912px) 100vw, 912px\" \/><\/p>\n<h3>Koji su drugi nazivi za za\u010dinjeni maslac od kikirikija?<\/h3>\n<p>Za\u010dinjeni maslac od kikirikija mo\u017ee imati razli\u010dite nazive ovisno o regiji i profilima okusa. Ovi nazivi isti\u010du toplinsku komponentu, \u0161to globalnim potro\u0161a\u010dima olak\u0161ava razumijevanje njegove jedinstvene privla\u010dnosti. Neka alternativna imena uklju\u010duju:<\/p>\n<ul>\n<li>Vru\u0107i maslac od kikirikija<\/li>\n<li>Maslac od kikirikija s \u010dilijem<\/li>\n<li>Vatreni namaz od maslaca od kikirikija<\/li>\n<li>Za\u010dinjeni maslac od oraha<\/li>\n<li>Za\u010dinjeni namaz od kikirikija<\/li>\n<\/ul>\n<p><span style=\"font-size: 20.16px;\">Vru\u0107e teme<\/span><\/p>\n<ul>\n<li><strong>Istra\u017eivanje za\u010dinjenih recepata za maslac od kikirikija<\/strong><br \/>\nZa\u010dinjeni maslac od kikirikija kreativna je snaga u kuhinji, ne slu\u017ei samo kao aromati\u010dan umak, ve\u0107 tako\u0111er sjaji u raznim jelima. Dodaje vatreni zalogaj azijskim pr\u017eenim krumpiri\u0107ima, pobolj\u0161ava okus pr\u017eene hrane i mesa s ro\u0161tilja i djeluje kao marinada koja sastojcima daje ljupka iznena\u0111enja. Od ljutog tosta za doru\u010dak do slanih rezanaca za ve\u010deru, svako jelo zra\u010di jedinstvenim \u0161armom zahvaljuju\u0107i ovom sastojku.<\/li>\n<li><strong>Zdravstvene dobrobiti iza okusa<\/strong><br \/>\nOvaj ukusni namaz tako\u0111er je riznica hranjivih tvari. Visok sadr\u017eaj proteina i zdravih masno\u0107a puni tijelo, dok kapsaicin stimulira nepce i poma\u017ee probavu. \u0160tovi\u0161e, podr\u017eava metabolizam i zdravlje srca, u\u010dinkovito kombiniraju\u0107i okus i dobrobit.<\/li>\n<li><strong>Uklju\u010divanje u dnevne obroke<\/strong><br \/>\nUklju\u010divanje za\u010dinjenog maslaca od kikirikija u va\u0161u svakodnevnu prehranu jednostavno je i ugodno. Slu\u017ei kao savr\u0161en partner za tost za doru\u010dak, dodaje okus popodnevnim smoothiejima i pobolj\u0161ava burrito za ve\u010deru, donose\u0107i svje\u017einu svakom obroku.<\/li>\n<li><strong>Globalni trend u usponu<\/strong><br \/>\nZa\u010dinjeni maslac od kikirikija brzo se pojavljuje kao prekograni\u010dna zvijezda. Kako se ukusi restorana diverzificiraju, on nadilazi regionalne granice, osvajaju\u0107i obo\u017eavatelje diljem svijeta. Ovaj namaz vodi put u istra\u017eivanju okusa, privla\u010de\u0107i pustolovne ljubitelje hrane \u017eeljne isprobavanja ne\u010deg novog.<\/li>\n<\/ul>\n<hr \/>\n<h3>Za\u010dinjeni maslac od kikirikija FAQ<\/h3>\n<ol>\n<li><strong>Za\u0161to odabrati nas za svoje potrebe za\u010dinjenog maslaca od kikirikija?<\/strong><br \/>\nPru\u017eamo sveobuhvatne OEM usluge s potpunim mogu\u0107nostima prilagodbe, osiguravaju\u0107i da je svaki proizvod savr\u0161eno uskla\u0111en s vizijom va\u0161e marke i zahtjevima tr\u017ei\u0161ta.<\/li>\n<li><strong>Mo\u017eete li prilagoditi razinu ljutine i stvoriti vlastitu formulu?<\/strong><br \/>\nApsolutno! Mo\u017eemo prilagoditi ljutinu od blage do ekstra ljute i razviti jedinstvene formulacije isklju\u010divo za va\u0161 brend.<\/li>\n<li><strong>Koje mogu\u0107nosti pakiranja i certifikacije nudite?<\/strong><br \/>\nNudimo \u0161irok raspon rje\u0161enja za pakiranje - staklenke, boce, kartonske kutije, ba\u010dve, kante, vre\u0107ice za stiskanje i spremnike za rasuti teret - sve je mogu\u0107e prilagoditi va\u0161oj robnoj marki. Osim toga, posjedujemo certifikate kao \u0161to su HACCP, Kosher, Halal i BRCGS, osiguravaju\u0107i da na\u0161i proizvodi zadovoljavaju me\u0111unarodne standarde.<\/li>\n<li><strong>Nudite li organski za\u010dinjeni maslac od kikirikija i uzorke?<\/strong><br \/>\nDa, proizvodimo organski za\u010dinjeni maslac od kikirikija s EU certifikatom napravljen od prirodnih sastojaka za potro\u0161a\u010de koji brinu o zdravlju. Osim toga, nudimo uzorke serija kako biste mogli testirati proizvod prije nego \u0161to naru\u010dite veliku koli\u010dinu.<\/li>\n<li><strong>Kako osiguravate kvalitetu i koja su vam vremena isporuke?<\/strong><br \/>\nNa\u0161e rigorozno testiranje u na\u0161em internom laboratoriju, u kombinaciji s u\u010dinkovitom logistikom, jam\u010di dosljednu kvalitetu. Tako\u0111er osiguravamo brzo vrijeme obrade na temelju koli\u010dine narud\u017ebe i odredi\u0161ta.<\/li>\n<li><strong>Izvozite li globalno?<\/strong><br \/>\nDa, imamo veliko iskustvo u izvozu na globalnoj razini, upravljaju\u0107i svom potrebnom dokumentacijom i propisima kako bismo osigurali neometanu isporuku.<\/li>\n<\/ol>\n<hr \/>\n<h3><img loading=\"lazy\" decoding=\"async\" class=\"alignnone wp-image-1677 size-full\" src=\"https:\/\/www.peanutoem.com\/wp-content\/uploads\/2024\/09\/Spicy-Peanut-Butter-Spread-on-Food.webp\" alt=\"Za\u010dinjeni maslac od kikirikija namazan na hranu\" width=\"896\" height=\"1152\" srcset=\"https:\/\/www.peanutoem.com\/wp-content\/uploads\/2024\/09\/Spicy-Peanut-Butter-Spread-on-Food.webp 896w, https:\/\/www.peanutoem.com\/wp-content\/uploads\/2024\/09\/Spicy-Peanut-Butter-Spread-on-Food-233x300.webp 233w, https:\/\/www.peanutoem.com\/wp-content\/uploads\/2024\/09\/Spicy-Peanut-Butter-Spread-on-Food-796x1024.webp 796w, https:\/\/www.peanutoem.com\/wp-content\/uploads\/2024\/09\/Spicy-Peanut-Butter-Spread-on-Food-768x987.webp 768w, https:\/\/www.peanutoem.com\/wp-content\/uploads\/2024\/09\/Spicy-Peanut-Butter-Spread-on-Food-9x12.webp 9w, https:\/\/www.peanutoem.com\/wp-content\/uploads\/2024\/09\/Spicy-Peanut-Butter-Spread-on-Food-600x771.webp 600w\" sizes=\"auto, (max-width: 896px) 100vw, 896px\" \/><\/h3>\n<a href=\"mailto:globepeanut@gmail.com\" class=\"button primary is-primary is-medium\"  >\n    <span>Po\u0161aljite nam e-po\u0161tu<\/span>\n  <\/a>","protected":false},"excerpt":{"rendered":"<table width=\"564\">\n<tbody>\n<tr>\n<td width=\"113\"><strong>Naziv proizvoda<\/strong><\/td>\n<td width=\"402\">Za\u010dinjeni maslac od kikirikija<\/td>\n<\/tr>\n<tr>\n<td width=\"113\"><strong>Tehni\u010dki podaci<\/strong><\/td>\n<td width=\"402\">200gx36, 227gx24, 340gx12, 375gx12, 500gx12, 510gx12, 1kgx12, 10kgx1, 20kgx1, 220kgx1<\/td>\n<\/tr>\n<tr>\n<td width=\"113\"><strong>Obrazac pakiranja<\/strong><\/td>\n<td width=\"402\">Staklenka, kanta, doy paket, torba, karton, limenka, ba\u010dva, limenka, boca itd.<\/td>\n<\/tr>\n<tr>\n<td width=\"113\"><strong>Vrijeme isporuke<\/strong><\/td>\n<td width=\"402\">7~20 dana nakon narud\u017ebe<\/td>\n<\/tr>\n<tr>\n<td width=\"113\"><strong>MOQ<\/strong><\/td>\n<td width=\"402\">Jedna tona<\/td>\n<\/tr>\n<tr>\n<td width=\"113\"><strong>Uzorak<\/strong><\/td>\n<td width=\"402\">Dostupan besplatni uzorak<\/td>\n<\/tr>\n<tr>\n<td width=\"113\"><strong>OEM<\/strong><\/td>\n<td width=\"402\">Prihva\u0107ena oznaka kupca<\/td>\n<\/tr>\n<\/tbody>\n<\/table>","protected":false},"featured_media":1668,"comment_status":"open","ping_status":"closed","template":"","meta":[],"product_cat":[15],"product_tag":[],"class_list":{"0":"post-1637","1":"product","2":"type-product","3":"status-publish","4":"has-post-thumbnail","6":"product_cat-peanut-butter","8":"first","9":"instock","10":"shipping-taxable","11":"product-type-simple"},"yoast_head":"<!-- This site is optimized with the Yoast SEO plugin v24.9 - https:\/\/yoast.com\/wordpress\/plugins\/seo\/ -->\n<title>Spicy Peanut Butter China Manufacturer OEM - Peanut Butter Factory<\/title>\n<meta name=\"description\" content=\"Leading spicy peanut butter OEM private label manufacturer and exporter. Order your premium quality, custom-made spicy peanut butter.\" \/>\n<meta name=\"robots\" content=\"index, follow, max-snippet:-1, max-image-preview:large, max-video-preview:-1\" \/>\n<link rel=\"canonical\" href=\"https:\/\/www.peanutoem.com\/hr\/manufacturer\/spicy-peanut-butter\/\" \/>\n<meta property=\"og:locale\" content=\"hr_HR\" \/>\n<meta property=\"og:type\" content=\"article\" \/>\n<meta property=\"og:title\" content=\"Spicy Peanut Butter China Manufacturer OEM - Peanut Butter Factory\" \/>\n<meta property=\"og:description\" content=\"Leading spicy peanut butter OEM private label manufacturer and exporter. Order your premium quality, custom-made spicy peanut butter.\" \/>\n<meta property=\"og:url\" content=\"https:\/\/www.peanutoem.com\/hr\/manufacturer\/spicy-peanut-butter\/\" \/>\n<meta property=\"og:site_name\" content=\"Peanut Butter Factory\" \/>\n<meta property=\"article:modified_time\" content=\"2024-10-06T09:58:03+00:00\" \/>\n<meta property=\"og:image\" content=\"https:\/\/www.peanutoem.com\/wp-content\/uploads\/2024\/09\/Spicy-Peanut-Butter.webp\" \/>\n\t<meta property=\"og:image:width\" content=\"1000\" \/>\n\t<meta property=\"og:image:height\" content=\"1000\" \/>\n\t<meta property=\"og:image:type\" content=\"image\/webp\" \/>\n<meta name=\"twitter:card\" content=\"summary_large_image\" \/>\n<meta name=\"twitter:label1\" content=\"Procijenjeno vrijeme \u010ditanja\" \/>\n\t<meta name=\"twitter:data1\" content=\"4 minute\" \/>\n<script type=\"application\/ld+json\" class=\"yoast-schema-graph\">{\"@context\":\"https:\/\/schema.org\",\"@graph\":[{\"@type\":\"WebPage\",\"@id\":\"https:\/\/www.peanutoem.com\/manufacturer\/spicy-peanut-butter\/\",\"url\":\"https:\/\/www.peanutoem.com\/manufacturer\/spicy-peanut-butter\/\",\"name\":\"Spicy Peanut Butter China Manufacturer OEM - Peanut Butter Factory\",\"isPartOf\":{\"@id\":\"https:\/\/www.peanutoem.com\/#website\"},\"primaryImageOfPage\":{\"@id\":\"https:\/\/www.peanutoem.com\/manufacturer\/spicy-peanut-butter\/#primaryimage\"},\"image\":{\"@id\":\"https:\/\/www.peanutoem.com\/manufacturer\/spicy-peanut-butter\/#primaryimage\"},\"thumbnailUrl\":\"https:\/\/www.peanutoem.com\/wp-content\/uploads\/2024\/09\/Spicy-Peanut-Butter.webp\",\"datePublished\":\"2024-09-10T12:28:30+00:00\",\"dateModified\":\"2024-10-06T09:58:03+00:00\",\"description\":\"Leading spicy peanut butter OEM private label manufacturer and exporter. Order your premium quality, custom-made spicy peanut butter.\",\"breadcrumb\":{\"@id\":\"https:\/\/www.peanutoem.com\/manufacturer\/spicy-peanut-butter\/#breadcrumb\"},\"inLanguage\":\"hr\",\"potentialAction\":[{\"@type\":\"ReadAction\",\"target\":[\"https:\/\/www.peanutoem.com\/manufacturer\/spicy-peanut-butter\/\"]}]},{\"@type\":\"ImageObject\",\"inLanguage\":\"hr\",\"@id\":\"https:\/\/www.peanutoem.com\/manufacturer\/spicy-peanut-butter\/#primaryimage\",\"url\":\"https:\/\/www.peanutoem.com\/wp-content\/uploads\/2024\/09\/Spicy-Peanut-Butter.webp\",\"contentUrl\":\"https:\/\/www.peanutoem.com\/wp-content\/uploads\/2024\/09\/Spicy-Peanut-Butter.webp\",\"width\":1000,\"height\":1000,\"caption\":\"Spicy Peanut Butter\"},{\"@type\":\"BreadcrumbList\",\"@id\":\"https:\/\/www.peanutoem.com\/manufacturer\/spicy-peanut-butter\/#breadcrumb\",\"itemListElement\":[{\"@type\":\"ListItem\",\"position\":1,\"name\":\"Home\",\"item\":\"https:\/\/www.peanutoem.com\/\"},{\"@type\":\"ListItem\",\"position\":2,\"name\":\"Products\",\"item\":\"https:\/\/www.peanutoem.com\/shop\/\"},{\"@type\":\"ListItem\",\"position\":3,\"name\":\"Spicy Peanut Butter\"}]},{\"@type\":\"WebSite\",\"@id\":\"https:\/\/www.peanutoem.com\/#website\",\"url\":\"https:\/\/www.peanutoem.com\/\",\"name\":\"Peanut Butter Factory\",\"description\":\"Peanut Butter Manufacturer and Roast Peanut OEM Factory | Peanut Private Label China Supplier\",\"publisher\":{\"@id\":\"https:\/\/www.peanutoem.com\/#organization\"},\"alternateName\":\"Peanut Butter OEM and Wholesale\",\"potentialAction\":[{\"@type\":\"SearchAction\",\"target\":{\"@type\":\"EntryPoint\",\"urlTemplate\":\"https:\/\/www.peanutoem.com\/?s={search_term_string}\"},\"query-input\":{\"@type\":\"PropertyValueSpecification\",\"valueRequired\":true,\"valueName\":\"search_term_string\"}}],\"inLanguage\":\"hr\"},{\"@type\":\"Organization\",\"@id\":\"https:\/\/www.peanutoem.com\/#organization\",\"name\":\"Peanut Butter Factory\",\"alternateName\":\"JuFeng Group\",\"url\":\"https:\/\/www.peanutoem.com\/\",\"logo\":{\"@type\":\"ImageObject\",\"inLanguage\":\"hr\",\"@id\":\"https:\/\/www.peanutoem.com\/#\/schema\/logo\/image\/\",\"url\":\"https:\/\/www.peanutoem.com\/wp-content\/uploads\/2024\/09\/JUFENG-LOGO.png\",\"contentUrl\":\"https:\/\/www.peanutoem.com\/wp-content\/uploads\/2024\/09\/JUFENG-LOGO.png\",\"width\":600,\"height\":170,\"caption\":\"Peanut Butter Factory\"},\"image\":{\"@id\":\"https:\/\/www.peanutoem.com\/#\/schema\/logo\/image\/\"}}]}<\/script>\n<!-- \/ Yoast SEO plugin. -->","yoast_head_json":{"title":"Spicy Peanut Butter China Manufacturer OEM - Peanut Butter Factory","description":"Leading spicy peanut butter OEM private label manufacturer and exporter. Order your premium quality, custom-made spicy peanut butter.","robots":{"index":"index","follow":"follow","max-snippet":"max-snippet:-1","max-image-preview":"max-image-preview:large","max-video-preview":"max-video-preview:-1"},"canonical":"https:\/\/www.peanutoem.com\/hr\/manufacturer\/spicy-peanut-butter\/","og_locale":"hr_HR","og_type":"article","og_title":"Spicy Peanut Butter China Manufacturer OEM - Peanut Butter Factory","og_description":"Leading spicy peanut butter OEM private label manufacturer and exporter. Order your premium quality, custom-made spicy peanut butter.","og_url":"https:\/\/www.peanutoem.com\/hr\/manufacturer\/spicy-peanut-butter\/","og_site_name":"Peanut Butter Factory","article_modified_time":"2024-10-06T09:58:03+00:00","og_image":[{"width":1000,"height":1000,"url":"https:\/\/www.peanutoem.com\/wp-content\/uploads\/2024\/09\/Spicy-Peanut-Butter.webp","type":"image\/webp"}],"twitter_card":"summary_large_image","twitter_misc":{"Procijenjeno vrijeme \u010ditanja":"4 minute"},"schema":{"@context":"https:\/\/schema.org","@graph":[{"@type":"WebPage","@id":"https:\/\/www.peanutoem.com\/manufacturer\/spicy-peanut-butter\/","url":"https:\/\/www.peanutoem.com\/manufacturer\/spicy-peanut-butter\/","name":"Spicy Peanut Butter China Manufacturer OEM - Peanut Butter Factory","isPartOf":{"@id":"https:\/\/www.peanutoem.com\/#website"},"primaryImageOfPage":{"@id":"https:\/\/www.peanutoem.com\/manufacturer\/spicy-peanut-butter\/#primaryimage"},"image":{"@id":"https:\/\/www.peanutoem.com\/manufacturer\/spicy-peanut-butter\/#primaryimage"},"thumbnailUrl":"https:\/\/www.peanutoem.com\/wp-content\/uploads\/2024\/09\/Spicy-Peanut-Butter.webp","datePublished":"2024-09-10T12:28:30+00:00","dateModified":"2024-10-06T09:58:03+00:00","description":"Leading spicy peanut butter OEM private label manufacturer and exporter. Order your premium quality, custom-made spicy peanut butter.","breadcrumb":{"@id":"https:\/\/www.peanutoem.com\/manufacturer\/spicy-peanut-butter\/#breadcrumb"},"inLanguage":"hr","potentialAction":[{"@type":"ReadAction","target":["https:\/\/www.peanutoem.com\/manufacturer\/spicy-peanut-butter\/"]}]},{"@type":"ImageObject","inLanguage":"hr","@id":"https:\/\/www.peanutoem.com\/manufacturer\/spicy-peanut-butter\/#primaryimage","url":"https:\/\/www.peanutoem.com\/wp-content\/uploads\/2024\/09\/Spicy-Peanut-Butter.webp","contentUrl":"https:\/\/www.peanutoem.com\/wp-content\/uploads\/2024\/09\/Spicy-Peanut-Butter.webp","width":1000,"height":1000,"caption":"Spicy Peanut Butter"},{"@type":"BreadcrumbList","@id":"https:\/\/www.peanutoem.com\/manufacturer\/spicy-peanut-butter\/#breadcrumb","itemListElement":[{"@type":"ListItem","position":1,"name":"Home","item":"https:\/\/www.peanutoem.com\/"},{"@type":"ListItem","position":2,"name":"Products","item":"https:\/\/www.peanutoem.com\/shop\/"},{"@type":"ListItem","position":3,"name":"Spicy Peanut Butter"}]},{"@type":"WebSite","@id":"https:\/\/www.peanutoem.com\/#website","url":"https:\/\/www.peanutoem.com\/","name":"Peanut Butter Factory","description":"Peanut Butter Manufacturer and Roast Peanut OEM Factory | Peanut Private Label China Supplier","publisher":{"@id":"https:\/\/www.peanutoem.com\/#organization"},"alternateName":"Peanut Butter OEM and Wholesale","potentialAction":[{"@type":"SearchAction","target":{"@type":"EntryPoint","urlTemplate":"https:\/\/www.peanutoem.com\/?s={search_term_string}"},"query-input":{"@type":"PropertyValueSpecification","valueRequired":true,"valueName":"search_term_string"}}],"inLanguage":"hr"},{"@type":"Organization","@id":"https:\/\/www.peanutoem.com\/#organization","name":"Peanut Butter Factory","alternateName":"JuFeng Group","url":"https:\/\/www.peanutoem.com\/","logo":{"@type":"ImageObject","inLanguage":"hr","@id":"https:\/\/www.peanutoem.com\/#\/schema\/logo\/image\/","url":"https:\/\/www.peanutoem.com\/wp-content\/uploads\/2024\/09\/JUFENG-LOGO.png","contentUrl":"https:\/\/www.peanutoem.com\/wp-content\/uploads\/2024\/09\/JUFENG-LOGO.png","width":600,"height":170,"caption":"Peanut Butter Factory"},"image":{"@id":"https:\/\/www.peanutoem.com\/#\/schema\/logo\/image\/"}}]}},"_links":{"self":[{"href":"https:\/\/www.peanutoem.com\/hr\/wp-json\/wp\/v2\/product\/1637","targetHints":{"allow":["GET"]}}],"collection":[{"href":"https:\/\/www.peanutoem.com\/hr\/wp-json\/wp\/v2\/product"}],"about":[{"href":"https:\/\/www.peanutoem.com\/hr\/wp-json\/wp\/v2\/types\/product"}],"replies":[{"embeddable":true,"href":"https:\/\/www.peanutoem.com\/hr\/wp-json\/wp\/v2\/comments?post=1637"}],"wp:featuredmedia":[{"embeddable":true,"href":"https:\/\/www.peanutoem.com\/hr\/wp-json\/wp\/v2\/media\/1668"}],"wp:attachment":[{"href":"https:\/\/www.peanutoem.com\/hr\/wp-json\/wp\/v2\/media?parent=1637"}],"wp:term":[{"taxonomy":"product_cat","embeddable":true,"href":"https:\/\/www.peanutoem.com\/hr\/wp-json\/wp\/v2\/product_cat?post=1637"},{"taxonomy":"product_tag","embeddable":true,"href":"https:\/\/www.peanutoem.com\/hr\/wp-json\/wp\/v2\/product_tag?post=1637"}],"curies":[{"name":"wp","href":"https:\/\/api.w.org\/{rel}","templated":true}]}}