{"id":1638,"date":"2024-09-10T12:30:11","date_gmt":"2024-09-10T12:30:11","guid":{"rendered":"https:\/\/www.peanutoem.com\/?post_type=product&#038;p=1638"},"modified":"2024-10-06T09:55:00","modified_gmt":"2024-10-06T09:55:00","slug":"chocolate-peanut-butter","status":"publish","type":"product","link":"https:\/\/www.peanutoem.com\/hr\/manufacturer\/chocolate-peanut-butter\/","title":{"rendered":"\u010cokoladni maslac od kikirikija"},"content":{"rendered":"<h3>\u0160to je \u010dokoladni maslac od kikirikija?<\/h3>\n<p>\u010cokoladni maslac od kikirikija ukusna je kombinacija kremastog maslaca od kikirikija i bogatog <a href=\"https:\/\/en.wikipedia.org\/wiki\/Chocolate\" target=\"_blank\" rel=\"noopener\">\u010dokolada<\/a>, stvaraju\u0107i slatki i slani namaz koji privla\u010di \u0161irok raspon okusa. Ova slatka mje\u0161avina savr\u0161ena je za mazanje na kruh, kori\u0161tenje u desertima ili jednostavno u\u017eivanje na \u017elicu. Kombinacija kikirikija i \u010dokolade nudi uravnote\u017eenu poslasticu koja zadovoljava kako entuzijaste maslaca od oraha tako i ljubitelje \u010dokolade.<\/p>\n<h3>Koji su drugi nazivi za \u010dokoladu u maslacu od kikirikija?<\/h3>\n<p>\u010cokoladni maslac od kikirikija \u010desto se naziva razli\u010ditim imenima ovisno o okusu i upotrebi. Neka alternativna imena uklju\u010duju:<\/p>\n<ul>\n<li>Maslac od kikirikija s okusom \u010dokolade<\/li>\n<li>Kakao namaz od kikiriki maslaca<\/li>\n<li>Kakao maslac od kikirikija<\/li>\n<li>\u010coko-kikiriki namaz<\/li>\n<li>Maslac od kikirikija s \u010dokoladom<\/li>\n<li>Ora\u0161ast \u010dokoladni namaz<\/li>\n<li>Maslac od kikirikija pro\u017eet \u010dokoladom<\/li>\n<li>Ora\u0161ast \u010dokoladni namaz<\/li>\n<\/ul>\n<p>Ovi nazivi isti\u010du divnu mje\u0161avinu \u010dokolade i maslaca od kikirikija, \u010dine\u0107i ga privla\u010dnim potro\u0161a\u010dima na raznim tr\u017ei\u0161tima.<\/p>\n<h3><img loading=\"lazy\" decoding=\"async\" class=\"alignnone wp-image-1682 size-full\" src=\"https:\/\/www.peanutoem.com\/wp-content\/uploads\/2024\/09\/Chocolate-Peanut-Butter-on-Bread.webp\" alt=\"\u010cokoladni maslac od kikirikija na kruhu\" width=\"912\" height=\"1144\" srcset=\"https:\/\/www.peanutoem.com\/wp-content\/uploads\/2024\/09\/Chocolate-Peanut-Butter-on-Bread.webp 912w, https:\/\/www.peanutoem.com\/wp-content\/uploads\/2024\/09\/Chocolate-Peanut-Butter-on-Bread-239x300.webp 239w, https:\/\/www.peanutoem.com\/wp-content\/uploads\/2024\/09\/Chocolate-Peanut-Butter-on-Bread-816x1024.webp 816w, https:\/\/www.peanutoem.com\/wp-content\/uploads\/2024\/09\/Chocolate-Peanut-Butter-on-Bread-768x963.webp 768w, https:\/\/www.peanutoem.com\/wp-content\/uploads\/2024\/09\/Chocolate-Peanut-Butter-on-Bread-10x12.webp 10w, https:\/\/www.peanutoem.com\/wp-content\/uploads\/2024\/09\/Chocolate-Peanut-Butter-on-Bread-600x753.webp 600w\" sizes=\"auto, (max-width: 912px) 100vw, 912px\" \/><\/h3>\n<h3>Za\u0161to odabrati nas kao partnera dobavlja\u010da?<\/h3>\n<p>Mi smo vode\u0107i OEM privatni proizvo\u0111a\u010d i izvoznik maslaca od kikirikija i \u010dokolade.<\/p>\n<ul>\n<li><strong>Stru\u010dnost prilagodbe:<\/strong> Nudimo potpuno prilago\u0111ene formulacije koje odgovaraju va\u0161em specifi\u010dnom okusu, teksturi i zahtjevima pakiranja.<\/li>\n<li><strong>Premium sastojci:<\/strong> Koriste\u0107i samo najkvalitetniji kikiriki i \u010dokoladu.<\/li>\n<li><strong>Napredna proizvodnja:<\/strong> Na\u0161i najsuvremeniji pogoni opremljeni su vrhunskim proizvodnim linijama iz SAD-a, osiguravaju\u0107i dosljednu kvalitetu i u\u010dinkovitost u svakoj seriji.<\/li>\n<li><strong>Certifikati i osiguranje kvalitete:<\/strong> Posjedujemo razne certifikate, uklju\u010duju\u0107i BRCGS, Kosher, Halal i HACCP, jam\u010de\u0107i sukladnost s me\u0111unarodnim standardima sigurnosti i kvalitete.<\/li>\n<li><strong>Globalna distribucija:<\/strong> S velikim iskustvom u me\u0111unarodnoj trgovini, izvozimo \u010dokoladni maslac od kikirikija na tr\u017ei\u0161ta diljem svijeta, osiguravaju\u0107i neometanu logistiku i pravovremene isporuke.<\/li>\n<\/ul>\n<h3>Vru\u0107e teme<\/h3>\n<div class=\"group\/conversation-turn relative flex w-full min-w-0 flex-col agent-turn\">\n<div class=\"flex-col gap-1 md:gap-3\">\n<div class=\"flex max-w-full flex-col flex-grow\">\n<div class=\"min-h-8 text-message flex w-full flex-col items-end gap-2 whitespace-normal break-words [.text-message+&amp;]:mt-5\" dir=\"auto\" data-message-author-role=\"assistant\" data-message-id=\"61c5f9c1-377c-4081-b461-888734723e68\">\n<div class=\"flex w-full flex-col gap-1 empty:hidden first:pt-[3px]\">\n<div class=\"markdown prose w-full break-words dark:prose-invert dark\">\n<ul>\n<li><span style=\"color: #282828;\"><strong>U desertima<\/strong><\/span><br \/>\n<span style=\"color: #282828;\">Maslac od kikirikija s \u010dokoladom slu\u017ei kao svestrani sastojak koji zna\u010dajno pobolj\u0161ava kvalitetu i okus slastica poput kola\u010da, kola\u010da i sladoleda. Njegova kremasta tekstura i bogat okus \u010dine ga odli\u010dnim pratiocem pekarskih proizvoda i slastica.<\/span><\/li>\n<li><span style=\"color: #282828;\"><strong>Zdravstvene dobrobiti<\/strong><\/span><br \/>\n<span style=\"color: #282828;\">Uz neodoljivu slast, ovaj namaz obiluje proteinima, zdravim masno\u0107ama i vlaknima te pru\u017ea nutritivnu potporu organizmu. Kada se izradi s tamnom \u010dokoladom, dodaje antioksidativna svojstva, daju\u0107i proizvodu zdravu privla\u010dnost koja privla\u010di potro\u0161a\u010de koji brinu o zdravlju.<\/span><\/li>\n<li><span style=\"color: #282828;\"><strong>Globalna popularnost<\/strong><\/span><br \/>\n<span style=\"color: #282828;\">Kako potro\u0161a\u010di sve vi\u0161e tra\u017ee grickalice koje zadovoljavaju njihove okusne pupoljke, a istovremeno su hranjive, \u010dokoladni maslac od kikirikija stekao je ogromnu popularnost na globalnom tr\u017ei\u0161tu. Uspje\u0161no spaja okus i nutritivnost, zara\u0111uju\u0107i divljenje djece i odraslih.<\/span><\/li>\n<li><span style=\"color: #282828;\"><strong>Kreativna upotreba<\/strong><\/span><br \/>\n<span style=\"color: #282828;\">Osim tradicionalnih kombinacija poput tosta ili sendvi\u010da, ovaj se sastojak mo\u017ee kreativno uklopiti u smoothieje, energetske plo\u010dice ili koristiti kao nadjev za peciva. Njegova jedinstvena prilagodljivost okusu omogu\u0107uje mu da zablista iu slatkim i u slanim jelima, \u0161to ga \u010dini osnovnim proizvodom u mnogim ku\u0107nim kuhinjama.<\/span><\/li>\n<\/ul>\n<\/div>\n<\/div>\n<\/div>\n<\/div>\n<\/div>\n<\/div>\n<hr \/>\n<h3><img loading=\"lazy\" decoding=\"async\" class=\"alignnone wp-image-1683 size-full\" src=\"https:\/\/www.peanutoem.com\/wp-content\/uploads\/2024\/09\/Chocolate-Peanut-Butter-Served.webp\" alt=\"Poslu\u017een \u010dokoladni maslac od kikirikija\" width=\"896\" height=\"1152\" srcset=\"https:\/\/www.peanutoem.com\/wp-content\/uploads\/2024\/09\/Chocolate-Peanut-Butter-Served.webp 896w, https:\/\/www.peanutoem.com\/wp-content\/uploads\/2024\/09\/Chocolate-Peanut-Butter-Served-233x300.webp 233w, https:\/\/www.peanutoem.com\/wp-content\/uploads\/2024\/09\/Chocolate-Peanut-Butter-Served-796x1024.webp 796w, https:\/\/www.peanutoem.com\/wp-content\/uploads\/2024\/09\/Chocolate-Peanut-Butter-Served-768x987.webp 768w, https:\/\/www.peanutoem.com\/wp-content\/uploads\/2024\/09\/Chocolate-Peanut-Butter-Served-9x12.webp 9w, https:\/\/www.peanutoem.com\/wp-content\/uploads\/2024\/09\/Chocolate-Peanut-Butter-Served-600x771.webp 600w\" sizes=\"auto, (max-width: 896px) 100vw, 896px\" \/><\/h3>\n<h3>\u010cesto postavljana pitanja o \u010dokoladnom maslacu od kikirikija<\/h3>\n<ol>\n<li><strong>Kao vode\u0107i OEM proizvo\u0111a\u010d, koja je va\u0161a klju\u010dna konkurentska prednost?<\/strong><br \/>\nIsti\u010demo se jer nudimo raznolike usluge prilago\u0111avanja, biramo visokokvalitetne sastojke i koristimo naprednu proizvodnu tehnologiju. To osigurava da se svaka serija maslaca od kikirikija isti\u010de na tr\u017ei\u0161tu i zadovoljava jedinstvene potrebe na\u0161ih klijenata.<\/li>\n<li><strong>Mo\u017eete li prilagoditi omjer \u010dokolade i kikirikija prema mojim specifikacijama i stvoriti prilago\u0111enu formulu za moj brend?<\/strong><br \/>\nApsolutno! Pru\u017eamo sveobuhvatne usluge prilago\u0111avanja okusa kako bismo vam pomogli prona\u0107i savr\u0161enu ravnote\u017eu izme\u0111u \u010dokolade i kikirikija, dok tako\u0111er razvijamo jedinstvenu formulu koja pove\u0107ava tr\u017ei\u0161nu konkurentnost va\u0161eg brenda.<\/li>\n<li><strong>Koje mogu\u0107nosti pakiranja nudite?<\/strong><br \/>\nNudimo razna rje\u0161enja za pakiranje, uklju\u010duju\u0107i elegantne staklenke, prakti\u010dne vre\u0107ice za stiskanje i spremnike za rasuti teret prikladne za skladi\u0161tenje velikih razmjera. Sva pakiranja mogu se personalizirati kako bi odra\u017eavala identitet i marketin\u0161ku strategiju va\u0161eg brenda.<\/li>\n<li><strong>Nudite li organski \u010dokoladni maslac od kikirikija i kako osiguravate kvalitetu proizvoda?<\/strong><br \/>\nDa, proizvodimo organski certificirani EU maslac od kikirikija, napravljen od sastojaka koji zadovoljavaju organske standarde. Osim toga, uspostavili smo rigorozan sustav upravljanja kvalitetom, uklju\u010duju\u0107i testiranje u internom laboratoriju, kako bismo osigurali da svaka serija zadovoljava najvi\u0161e standarde okusa, teksture i sigurnosti.<\/li>\n<li><strong>Mogu li zatra\u017eiti uzorke za ku\u0161anje prije velike narud\u017ebe i podr\u017eavate li globalni izvoz?<\/strong><br \/>\nSigurno! Drago nam je \u0161to mo\u017eemo pru\u017eiti uzorke serija za va\u0161u procjenu prije pune proizvodnje. \u0160tovi\u0161e, imamo veliko iskustvo u globalnom izvozu, osiguravaju\u0107i da va\u0161i proizvodi stignu sigurno i na vrijeme diljem svijeta.<\/li>\n<\/ol>\n<a href=\"mailto:globepeanut@gmail.com\" class=\"button primary is-primary is-medium\"  >\n    <span>Po\u0161aljite nam e-po\u0161tu<\/span>\n  <\/a>","protected":false},"excerpt":{"rendered":"<table width=\"564\">\n<tbody>\n<tr>\n<td width=\"113\"><strong>Naziv proizvoda<\/strong><\/td>\n<td width=\"402\">\u010cokoladni maslac od kikirikija<\/td>\n<\/tr>\n<tr>\n<td width=\"113\"><strong>Tehni\u010dki podaci<\/strong><\/td>\n<td width=\"402\">200gx36, 227gx24, 340gx12, 375gx12, 500gx12, 510gx12, 1kgx12, 10kgx1, 20kgx1, 220kgx1<\/td>\n<\/tr>\n<tr>\n<td width=\"113\"><strong>Obrazac pakiranja<\/strong><\/td>\n<td width=\"402\">Staklenka, kanta, doy paket, torba, karton, limenka, ba\u010dva, limenka, boca itd.<\/td>\n<\/tr>\n<tr>\n<td width=\"113\"><strong>Vrijeme isporuke<\/strong><\/td>\n<td width=\"402\">7~20 dana nakon narud\u017ebe<\/td>\n<\/tr>\n<tr>\n<td width=\"113\"><strong>MOQ<\/strong><\/td>\n<td width=\"402\">Jedna tona<\/td>\n<\/tr>\n<tr>\n<td width=\"113\"><strong>Uzorak<\/strong><\/td>\n<td width=\"402\">Dostupan besplatni uzorak<\/td>\n<\/tr>\n<tr>\n<td width=\"113\"><strong>OEM<\/strong><\/td>\n<td width=\"402\">Prihva\u0107ena oznaka kupca<\/td>\n<\/tr>\n<\/tbody>\n<\/table>\n<p>&nbsp;<\/p>","protected":false},"featured_media":1671,"comment_status":"open","ping_status":"closed","template":"","meta":[],"product_cat":[15],"product_tag":[],"class_list":{"0":"post-1638","1":"product","2":"type-product","3":"status-publish","4":"has-post-thumbnail","6":"product_cat-peanut-butter","8":"first","9":"instock","10":"shipping-taxable","11":"product-type-simple"},"yoast_head":"<!-- This site is optimized with the Yoast SEO plugin v24.9 - https:\/\/yoast.com\/wordpress\/plugins\/seo\/ -->\n<title>Chocolate Peanut Butter Manufacturer OEM - China Peanut Butter Factory<\/title>\n<meta name=\"description\" content=\"Leading chocolate peanut butter OEM private label manufacturer and exporter. Discover premium, customized chocolate peanut butter from us.\" \/>\n<meta name=\"robots\" content=\"index, follow, max-snippet:-1, max-image-preview:large, max-video-preview:-1\" \/>\n<link rel=\"canonical\" href=\"https:\/\/www.peanutoem.com\/hr\/manufacturer\/chocolate-peanut-butter\/\" \/>\n<meta property=\"og:locale\" content=\"hr_HR\" \/>\n<meta property=\"og:type\" content=\"article\" \/>\n<meta property=\"og:title\" content=\"Chocolate Peanut Butter Manufacturer OEM - China Peanut Butter Factory\" \/>\n<meta property=\"og:description\" content=\"Leading chocolate peanut butter OEM private label manufacturer and exporter. Discover premium, customized chocolate peanut butter from us.\" \/>\n<meta property=\"og:url\" content=\"https:\/\/www.peanutoem.com\/hr\/manufacturer\/chocolate-peanut-butter\/\" \/>\n<meta property=\"og:site_name\" content=\"Peanut Butter Factory\" \/>\n<meta property=\"article:modified_time\" content=\"2024-10-06T09:55:00+00:00\" \/>\n<meta property=\"og:image\" content=\"https:\/\/www.peanutoem.com\/wp-content\/uploads\/2024\/09\/Peanut-Butter-Chocolate-Flavor.webp\" \/>\n\t<meta property=\"og:image:width\" content=\"819\" \/>\n\t<meta property=\"og:image:height\" content=\"975\" \/>\n\t<meta property=\"og:image:type\" content=\"image\/webp\" \/>\n<meta name=\"twitter:card\" content=\"summary_large_image\" \/>\n<meta name=\"twitter:label1\" content=\"Procijenjeno vrijeme \u010ditanja\" \/>\n\t<meta name=\"twitter:data1\" content=\"4 minute\" \/>\n<script type=\"application\/ld+json\" class=\"yoast-schema-graph\">{\"@context\":\"https:\/\/schema.org\",\"@graph\":[{\"@type\":\"WebPage\",\"@id\":\"https:\/\/www.peanutoem.com\/manufacturer\/chocolate-peanut-butter\/\",\"url\":\"https:\/\/www.peanutoem.com\/manufacturer\/chocolate-peanut-butter\/\",\"name\":\"Chocolate Peanut Butter Manufacturer OEM - China Peanut Butter Factory\",\"isPartOf\":{\"@id\":\"https:\/\/www.peanutoem.com\/#website\"},\"primaryImageOfPage\":{\"@id\":\"https:\/\/www.peanutoem.com\/manufacturer\/chocolate-peanut-butter\/#primaryimage\"},\"image\":{\"@id\":\"https:\/\/www.peanutoem.com\/manufacturer\/chocolate-peanut-butter\/#primaryimage\"},\"thumbnailUrl\":\"https:\/\/www.peanutoem.com\/wp-content\/uploads\/2024\/09\/Peanut-Butter-Chocolate-Flavor.webp\",\"datePublished\":\"2024-09-10T12:30:11+00:00\",\"dateModified\":\"2024-10-06T09:55:00+00:00\",\"description\":\"Leading chocolate peanut butter OEM private label manufacturer and exporter. Discover premium, customized chocolate peanut butter from us.\",\"breadcrumb\":{\"@id\":\"https:\/\/www.peanutoem.com\/manufacturer\/chocolate-peanut-butter\/#breadcrumb\"},\"inLanguage\":\"hr\",\"potentialAction\":[{\"@type\":\"ReadAction\",\"target\":[\"https:\/\/www.peanutoem.com\/manufacturer\/chocolate-peanut-butter\/\"]}]},{\"@type\":\"ImageObject\",\"inLanguage\":\"hr\",\"@id\":\"https:\/\/www.peanutoem.com\/manufacturer\/chocolate-peanut-butter\/#primaryimage\",\"url\":\"https:\/\/www.peanutoem.com\/wp-content\/uploads\/2024\/09\/Peanut-Butter-Chocolate-Flavor.webp\",\"contentUrl\":\"https:\/\/www.peanutoem.com\/wp-content\/uploads\/2024\/09\/Peanut-Butter-Chocolate-Flavor.webp\",\"width\":819,\"height\":975,\"caption\":\"Peanut Butter Chocolate Flavor\"},{\"@type\":\"BreadcrumbList\",\"@id\":\"https:\/\/www.peanutoem.com\/manufacturer\/chocolate-peanut-butter\/#breadcrumb\",\"itemListElement\":[{\"@type\":\"ListItem\",\"position\":1,\"name\":\"Home\",\"item\":\"https:\/\/www.peanutoem.com\/\"},{\"@type\":\"ListItem\",\"position\":2,\"name\":\"Products\",\"item\":\"https:\/\/www.peanutoem.com\/shop\/\"},{\"@type\":\"ListItem\",\"position\":3,\"name\":\"Chocolate Peanut Butter\"}]},{\"@type\":\"WebSite\",\"@id\":\"https:\/\/www.peanutoem.com\/#website\",\"url\":\"https:\/\/www.peanutoem.com\/\",\"name\":\"Peanut Butter Factory\",\"description\":\"Peanut Butter Manufacturer and Roast Peanut OEM Factory | Peanut Private Label China Supplier\",\"publisher\":{\"@id\":\"https:\/\/www.peanutoem.com\/#organization\"},\"alternateName\":\"Peanut Butter OEM and Wholesale\",\"potentialAction\":[{\"@type\":\"SearchAction\",\"target\":{\"@type\":\"EntryPoint\",\"urlTemplate\":\"https:\/\/www.peanutoem.com\/?s={search_term_string}\"},\"query-input\":{\"@type\":\"PropertyValueSpecification\",\"valueRequired\":true,\"valueName\":\"search_term_string\"}}],\"inLanguage\":\"hr\"},{\"@type\":\"Organization\",\"@id\":\"https:\/\/www.peanutoem.com\/#organization\",\"name\":\"Peanut Butter Factory\",\"alternateName\":\"JuFeng Group\",\"url\":\"https:\/\/www.peanutoem.com\/\",\"logo\":{\"@type\":\"ImageObject\",\"inLanguage\":\"hr\",\"@id\":\"https:\/\/www.peanutoem.com\/#\/schema\/logo\/image\/\",\"url\":\"https:\/\/www.peanutoem.com\/wp-content\/uploads\/2024\/09\/JUFENG-LOGO.png\",\"contentUrl\":\"https:\/\/www.peanutoem.com\/wp-content\/uploads\/2024\/09\/JUFENG-LOGO.png\",\"width\":600,\"height\":170,\"caption\":\"Peanut Butter Factory\"},\"image\":{\"@id\":\"https:\/\/www.peanutoem.com\/#\/schema\/logo\/image\/\"}}]}<\/script>\n<!-- \/ Yoast SEO plugin. -->","yoast_head_json":{"title":"Chocolate Peanut Butter Manufacturer OEM - China Peanut Butter Factory","description":"Leading chocolate peanut butter OEM private label manufacturer and exporter. Discover premium, customized chocolate peanut butter from us.","robots":{"index":"index","follow":"follow","max-snippet":"max-snippet:-1","max-image-preview":"max-image-preview:large","max-video-preview":"max-video-preview:-1"},"canonical":"https:\/\/www.peanutoem.com\/hr\/manufacturer\/chocolate-peanut-butter\/","og_locale":"hr_HR","og_type":"article","og_title":"Chocolate Peanut Butter Manufacturer OEM - China Peanut Butter Factory","og_description":"Leading chocolate peanut butter OEM private label manufacturer and exporter. Discover premium, customized chocolate peanut butter from us.","og_url":"https:\/\/www.peanutoem.com\/hr\/manufacturer\/chocolate-peanut-butter\/","og_site_name":"Peanut Butter Factory","article_modified_time":"2024-10-06T09:55:00+00:00","og_image":[{"width":819,"height":975,"url":"https:\/\/www.peanutoem.com\/wp-content\/uploads\/2024\/09\/Peanut-Butter-Chocolate-Flavor.webp","type":"image\/webp"}],"twitter_card":"summary_large_image","twitter_misc":{"Procijenjeno vrijeme \u010ditanja":"4 minute"},"schema":{"@context":"https:\/\/schema.org","@graph":[{"@type":"WebPage","@id":"https:\/\/www.peanutoem.com\/manufacturer\/chocolate-peanut-butter\/","url":"https:\/\/www.peanutoem.com\/manufacturer\/chocolate-peanut-butter\/","name":"Chocolate Peanut Butter Manufacturer OEM - China Peanut Butter Factory","isPartOf":{"@id":"https:\/\/www.peanutoem.com\/#website"},"primaryImageOfPage":{"@id":"https:\/\/www.peanutoem.com\/manufacturer\/chocolate-peanut-butter\/#primaryimage"},"image":{"@id":"https:\/\/www.peanutoem.com\/manufacturer\/chocolate-peanut-butter\/#primaryimage"},"thumbnailUrl":"https:\/\/www.peanutoem.com\/wp-content\/uploads\/2024\/09\/Peanut-Butter-Chocolate-Flavor.webp","datePublished":"2024-09-10T12:30:11+00:00","dateModified":"2024-10-06T09:55:00+00:00","description":"Leading chocolate peanut butter OEM private label manufacturer and exporter. Discover premium, customized chocolate peanut butter from us.","breadcrumb":{"@id":"https:\/\/www.peanutoem.com\/manufacturer\/chocolate-peanut-butter\/#breadcrumb"},"inLanguage":"hr","potentialAction":[{"@type":"ReadAction","target":["https:\/\/www.peanutoem.com\/manufacturer\/chocolate-peanut-butter\/"]}]},{"@type":"ImageObject","inLanguage":"hr","@id":"https:\/\/www.peanutoem.com\/manufacturer\/chocolate-peanut-butter\/#primaryimage","url":"https:\/\/www.peanutoem.com\/wp-content\/uploads\/2024\/09\/Peanut-Butter-Chocolate-Flavor.webp","contentUrl":"https:\/\/www.peanutoem.com\/wp-content\/uploads\/2024\/09\/Peanut-Butter-Chocolate-Flavor.webp","width":819,"height":975,"caption":"Peanut Butter Chocolate Flavor"},{"@type":"BreadcrumbList","@id":"https:\/\/www.peanutoem.com\/manufacturer\/chocolate-peanut-butter\/#breadcrumb","itemListElement":[{"@type":"ListItem","position":1,"name":"Home","item":"https:\/\/www.peanutoem.com\/"},{"@type":"ListItem","position":2,"name":"Products","item":"https:\/\/www.peanutoem.com\/shop\/"},{"@type":"ListItem","position":3,"name":"Chocolate Peanut Butter"}]},{"@type":"WebSite","@id":"https:\/\/www.peanutoem.com\/#website","url":"https:\/\/www.peanutoem.com\/","name":"Peanut Butter Factory","description":"Peanut Butter Manufacturer and Roast Peanut OEM Factory | Peanut Private Label China Supplier","publisher":{"@id":"https:\/\/www.peanutoem.com\/#organization"},"alternateName":"Peanut Butter OEM and Wholesale","potentialAction":[{"@type":"SearchAction","target":{"@type":"EntryPoint","urlTemplate":"https:\/\/www.peanutoem.com\/?s={search_term_string}"},"query-input":{"@type":"PropertyValueSpecification","valueRequired":true,"valueName":"search_term_string"}}],"inLanguage":"hr"},{"@type":"Organization","@id":"https:\/\/www.peanutoem.com\/#organization","name":"Peanut Butter Factory","alternateName":"JuFeng Group","url":"https:\/\/www.peanutoem.com\/","logo":{"@type":"ImageObject","inLanguage":"hr","@id":"https:\/\/www.peanutoem.com\/#\/schema\/logo\/image\/","url":"https:\/\/www.peanutoem.com\/wp-content\/uploads\/2024\/09\/JUFENG-LOGO.png","contentUrl":"https:\/\/www.peanutoem.com\/wp-content\/uploads\/2024\/09\/JUFENG-LOGO.png","width":600,"height":170,"caption":"Peanut Butter Factory"},"image":{"@id":"https:\/\/www.peanutoem.com\/#\/schema\/logo\/image\/"}}]}},"_links":{"self":[{"href":"https:\/\/www.peanutoem.com\/hr\/wp-json\/wp\/v2\/product\/1638","targetHints":{"allow":["GET"]}}],"collection":[{"href":"https:\/\/www.peanutoem.com\/hr\/wp-json\/wp\/v2\/product"}],"about":[{"href":"https:\/\/www.peanutoem.com\/hr\/wp-json\/wp\/v2\/types\/product"}],"replies":[{"embeddable":true,"href":"https:\/\/www.peanutoem.com\/hr\/wp-json\/wp\/v2\/comments?post=1638"}],"wp:featuredmedia":[{"embeddable":true,"href":"https:\/\/www.peanutoem.com\/hr\/wp-json\/wp\/v2\/media\/1671"}],"wp:attachment":[{"href":"https:\/\/www.peanutoem.com\/hr\/wp-json\/wp\/v2\/media?parent=1638"}],"wp:term":[{"taxonomy":"product_cat","embeddable":true,"href":"https:\/\/www.peanutoem.com\/hr\/wp-json\/wp\/v2\/product_cat?post=1638"},{"taxonomy":"product_tag","embeddable":true,"href":"https:\/\/www.peanutoem.com\/hr\/wp-json\/wp\/v2\/product_tag?post=1638"}],"curies":[{"name":"wp","href":"https:\/\/api.w.org\/{rel}","templated":true}]}}