{"id":1393,"date":"2023-06-08T07:38:38","date_gmt":"2023-06-08T07:38:38","guid":{"rendered":"https:\/\/www.peanutoem.com\/?post_type=product&#038;p=1393"},"modified":"2024-10-09T12:10:08","modified_gmt":"2024-10-09T12:10:08","slug":"salty-peanut-butter","status":"publish","type":"product","link":"https:\/\/www.peanutoem.com\/hu\/manufacturer\/salty-peanut-butter\/","title":{"rendered":"S\u00f3s mogyor\u00f3vaj"},"content":{"rendered":"<h3>A Salty vezet\u0151 OEM-szolg\u00e1ltat\u00f3ja \u00e9s saj\u00e1t m\u00e1rk\u00e1s gy\u00e1rt\u00f3ja <a href=\"https:\/\/www.peanutoem.com\/hu\/Wholesale\/peanut-butter\/\" target=\"_blank\" rel=\"noopener\">Mogyor\u00f3vaj<\/a><\/h3>\n<p>B\u00fcszk\u00e9n k\u00edn\u00e1ljuk a pr\u00e9mium s\u00f3s mogyor\u00f3kr\u00e9met megb\u00edzhat\u00f3 OEM-szolg\u00e1ltat\u00f3k\u00e9nt, saj\u00e1t m\u00e1rk\u00e1s gy\u00e1rt\u00f3k\u00e9nt \u00e9s glob\u00e1lis export\u0151rk\u00e9nt. A p\u00f6rk\u00f6lt f\u00f6ldimogyor\u00f3 t\u00f6k\u00e9letes egyens\u00faly\u00e1val k\u00e9sz\u00fclt <a href=\"https:\/\/en.wikipedia.org\/wiki\/Salt\" target=\"_blank\" rel=\"noopener\">s\u00f3<\/a>, zamatos \u00edzt biztos\u00edt, amely ide\u00e1lis falatokhoz \u00e9s f\u0151z\u00e9shez. Teljesen testreszabhat\u00f3 gy\u00e1rt\u00e1si megold\u00e1saink lehet\u0151v\u00e9 teszik a m\u00e1rk\u00e1k sz\u00e1m\u00e1ra, hogy egyedi vari\u00e1ci\u00f3kat hozzanak l\u00e9tre rugalmas csomagol\u00e1ssal \u00e9s rendel\u00e9si m\u00e9retekkel.<\/p>\n<h3>Mi az a s\u00f3s mogyor\u00f3vaj?<\/h3>\n<p>A s\u00f3s mogyor\u00f3vaj a hagyom\u00e1nyos mogyor\u00f3vaj \u00edzletes v\u00e1ltozata, amely s\u00f3s csavart k\u00edn\u00e1l hozz\u00e1adott s\u00f3val. Ez a fajta mogyor\u00f3vaj vonz\u00f3 azoknak a fogyaszt\u00f3knak, akik mer\u00e9szebb, kev\u00e9sb\u00e9 \u00e9des opci\u00f3t keresnek. A s\u00f3 fokozza a f\u00f6ldimogyor\u00f3 term\u00e9szetes di\u00f3ss\u00e1g\u00e1t, \u00edgy a s\u00f3s receptek, kenhet\u0151 kenhet\u0151 \u00e9telek \u00e9s r\u00e1gcs\u00e1lnival\u00f3k kedvence.<\/p>\n<p><img loading=\"lazy\" decoding=\"async\" class=\"alignnone wp-image-1970 size-large\" src=\"https:\/\/www.peanutoem.com\/wp-content\/uploads\/2023\/06\/Seasalt-Peanut-Butter-200g-1-1024x461.webp\" alt=\"Tengeri s\u00f3s mogyor\u00f3vaj 200g\" width=\"1020\" height=\"459\" srcset=\"https:\/\/www.peanutoem.com\/wp-content\/uploads\/2023\/06\/Seasalt-Peanut-Butter-200g-1-1024x461.webp 1024w, https:\/\/www.peanutoem.com\/wp-content\/uploads\/2023\/06\/Seasalt-Peanut-Butter-200g-1-300x135.webp 300w, https:\/\/www.peanutoem.com\/wp-content\/uploads\/2023\/06\/Seasalt-Peanut-Butter-200g-1-768x346.webp 768w, https:\/\/www.peanutoem.com\/wp-content\/uploads\/2023\/06\/Seasalt-Peanut-Butter-200g-1-1536x691.webp 1536w, https:\/\/www.peanutoem.com\/wp-content\/uploads\/2023\/06\/Seasalt-Peanut-Butter-200g-1-2048x922.webp 2048w, https:\/\/www.peanutoem.com\/wp-content\/uploads\/2023\/06\/Seasalt-Peanut-Butter-200g-1-18x8.webp 18w, https:\/\/www.peanutoem.com\/wp-content\/uploads\/2023\/06\/Seasalt-Peanut-Butter-200g-1-600x270.webp 600w\" sizes=\"auto, (max-width: 1020px) 100vw, 1020px\" \/><\/p>\n<h3>Mik az egy\u00e9b nevek?<\/h3>\n<p>A s\u00f3s mogyor\u00f3vajat \u00fagy is nevezhetj\u00fck, mint:<\/p>\n<ul>\n<li><strong>\u00cdzletes mogyor\u00f3vaj<\/strong><\/li>\n<li><strong>S\u00f3s mogyor\u00f3vaj<\/strong><\/li>\n<li><strong>Mogyor\u00f3vaj s\u00f3val<\/strong><\/li>\n<li><strong>S\u00f3val \u00e1titatott mogyor\u00f3vaj<\/strong><\/li>\n<\/ul>\n<p>Ezek a nevek hangs\u00falyozz\u00e1k azt a jellegzetes \u00edzes elemet, amely a s\u00f3s mogyor\u00f3vajat egyed\u00fcl\u00e1ll\u00f3 \u00e9s n\u00e9pszer\u0171 term\u00e9kk\u00e9 teszi.<\/p>\n<h3>Mi\u00e9rt v\u00e1lasszon minket sz\u00e1ll\u00edt\u00f3j\u00e1nak?<\/h3>\n<p>Megb\u00edzhat\u00f3 OEM szolg\u00e1ltat\u00f3k\u00e9nt \u00e9s saj\u00e1t m\u00e1rk\u00e1s gy\u00e1rt\u00f3k\u00e9nt a k\u00f6vetkez\u0151ket k\u00edn\u00e1ljuk:<\/p>\n<ul>\n<li><strong>Testreszabhat\u00f3 s\u00f3s mogyor\u00f3vaj<\/strong>: Szem\u00e9lyre szabott term\u00e9kek a m\u00e1rk\u00e1hoz igazodva.<\/li>\n<li><strong>Glob\u00e1lis <a href=\"https:\/\/www.peanutoem.com\/hu\/certificate\/\" target=\"_blank\" rel=\"noopener\">Tan\u00fas\u00edtv\u00e1nyok<\/a><\/strong>: Szabv\u00e1nyaink k\u00f6z\u00e9 tartozik a HACCP, a BRCGS, a Halal, a Kosher \u00e9s az EU Organic, biztos\u00edtva a cs\u00facsmin\u0151s\u00e9get.<\/li>\n<li><strong>Sokoldal\u00fa csomagol\u00e1si lehet\u0151s\u00e9gek<\/strong>: K\u00fcl\u00f6nb\u00f6z\u0151 m\u00e9retben gy\u00e1rtunk, a kiskereskedelmi \u00fcvegekt\u0151l az \u00f6mlesztett kont\u00e9nerekig.<\/li>\n<li><strong>Glob\u00e1lis exportszak\u00e9rtelem<\/strong>: Megb\u00edzhat\u00f3an sz\u00e1ll\u00edtunk nemzetk\u00f6zi piacokra.<\/li>\n<\/ul>\n<h3>GYIK a mogyor\u00f3vajr\u00f3l s\u00f3val<\/h3>\n<ol>\n<li><strong>Mi k\u00fcl\u00f6nb\u00f6zteti meg a s\u00f3s mogyor\u00f3vajat?<\/strong><br \/>\nPr\u00e9mium min\u0151s\u00e9g\u0171, konzisztens mogyor\u00f3vajat s\u00f3val sz\u00e1ll\u00edtunk testreszabhat\u00f3 lehet\u0151s\u00e9gekkel a saj\u00e1t m\u00e1rk\u00e1s gy\u00e1rt\u00e1shoz.<\/li>\n<li><strong>Milyen \u00f6sszetev\u0151ket haszn\u00e1lsz?<\/strong><br \/>\nS\u00f3s mogyor\u00f3vajunk kiv\u00e1l\u00f3 min\u0151s\u00e9g\u0171 p\u00f6rk\u00f6lt f\u00f6ldimogyor\u00f3t \u00e9s pontosan kim\u00e9rt s\u00f3t tartalmaz, adal\u00e9kanyagok n\u00e9lk\u00fcl.<\/li>\n<li><strong>Be\u00e1ll\u00edthatom a s\u00f3tartalmat?<\/strong><br \/>\nIgen, rugalmass\u00e1got k\u00edn\u00e1lunk a s\u00f3szint tekintet\u00e9ben, hogy megfeleljen a m\u00e1rk\u00e1ja \u00edzprofilj\u00e1nak.<\/li>\n<li><strong>Milyen csomagol\u00e1si lehet\u0151s\u00e9gek \u00e1llnak rendelkez\u00e9sre?<\/strong><br \/>\n\u00dcvegeket, v\u00f6dr\u00f6ket \u00e9s tasakokat k\u00edn\u00e1lunk kiskereskedelmi \u00e9s t\u00f6meges forgalmaz\u00e1sra egyar\u00e1nt alkalmas m\u00e9retben.<\/li>\n<li><strong>Mennyi a sz\u00e1ll\u00edt\u00e1si id\u0151?<\/strong><br \/>\nA sz\u00e1ll\u00edt\u00e1si id\u0151 \u00e1ltal\u00e1ban 7-20 nap, a rendel\u00e9s m\u00e9ret\u00e9t\u0151l \u00e9s specifik\u00e1ci\u00f3it\u00f3l f\u00fcgg\u0151en.<\/li>\n<li><strong>K\u00edn\u00e1l saj\u00e1t m\u00e1rk\u00e1s szolg\u00e1ltat\u00e1sokat?<\/strong><br \/>\nIgen, saj\u00e1t m\u00e1rk\u00e1s szolg\u00e1ltat\u00e1sokra specializ\u00e1l\u00f3dtunk, teljes testreszab\u00e1ssal a m\u00e1rkajelz\u00e9shez \u00e9s a csomagol\u00e1shoz.<\/li>\n<li><strong>Mi a minim\u00e1lis rendel\u00e9si mennyis\u00e9g (MOQ)?<\/strong><br \/>\nMOQ-unk egy tonn\u00e1s, nagy \u00e9s kisebb v\u00e1llalkoz\u00e1sok sz\u00e1m\u00e1ra egyar\u00e1nt alkalmas.<\/li>\n<\/ol>\n<h3>Fedezze fel testreszabhat\u00f3 term\u00e9keink sokoldal\u00fas\u00e1g\u00e1t<\/h3>\n<p>A s\u00f3s mogyor\u00f3vaj sokoldal\u00fa v\u00e1laszt\u00e1s azok sz\u00e1m\u00e1ra, akik s\u00f3s alternat\u00edv\u00e1t keresnek az \u00e9des fajt\u00e1k helyett. Egyed\u00fcl\u00e1ll\u00f3 \u00edze fokozza a nassol\u00e1st \u00e9s a f\u0151z\u00e9st, \u00edgy t\u00f6k\u00e9letes kenhet\u0151, m\u00e1rtogat\u00f3s \u00e9s sz\u00f3szokhoz. Megfelel\u00fcnk az \u00edzletes, kiv\u00e1l\u00f3 min\u0151s\u00e9g\u0171 opci\u00f3k ir\u00e1nti n\u00f6vekv\u0151 keresletnek, mik\u00f6zben teljes k\u00f6r\u0171 testreszab\u00e1st k\u00edn\u00e1lunk az \u00d6n ig\u00e9nyeinek megfelel\u0151en.<\/p>\n<p>Megb\u00edzhat\u00f3 OEM- \u00e9s saj\u00e1tm\u00e1rk\u00e1s partnerek\u00e9nt kiv\u00e1l\u00f3 min\u0151s\u00e9g\u0171, testreszabhat\u00f3 opci\u00f3kat k\u00edn\u00e1lunk glob\u00e1lis exportk\u00e9pess\u00e9ggel, \u00edgy minden ed\u00e9nyben kiv\u00e1l\u00f3 min\u0151s\u00e9get biztos\u00edtunk.<\/p>\n<a href=\"mailto:globepeanut@gmail.com\" class=\"button primary is-primary is-medium\"  >\n    <span>\u00cdrjon nek\u00fcnk e-mailt<\/span>\n  <\/a>","protected":false},"excerpt":{"rendered":"<table width=\"564\">\n<tbody>\n<tr>\n<td width=\"113\"><strong>Term\u00e9k neve<\/strong><\/td>\n<td width=\"402\">S\u00f3s mogyor\u00f3vaj<\/td>\n<\/tr>\n<tr>\n<td width=\"113\"><strong>Hozz\u00e1val\u00f3k<\/strong><\/td>\n<td width=\"402\">V\u00e1logatott f\u00f6ldimogyor\u00f3 mag, s\u00f3<\/td>\n<\/tr>\n<tr>\n<td width=\"113\"><strong>M\u0171szaki adatok<\/strong><\/td>\n<td width=\"402\">227 g x 24, 340 g x 12, 375 g x 12, 500 g x 12, 510 g x 12, 1 kg x 12, 10 kg x 1, 20 kg x 1, 220 kg x 1<\/td>\n<\/tr>\n<tr>\n<td width=\"113\"><strong>Csomagol\u00e1si forma<\/strong><\/td>\n<td width=\"402\">T\u00e9gely, V\u00f6d\u00f6r, Doy-csomag, t\u00e1ska, kartondoboz, \u00f3n, hord\u00f3, doboz, palack stb.<\/td>\n<\/tr>\n<tr>\n<td width=\"113\"><strong>Sz\u00e1ll\u00edt\u00e1si id\u0151<\/strong><\/td>\n<td width=\"402\">7-20 nappal a megrendel\u00e9s ut\u00e1n<\/td>\n<\/tr>\n<tr>\n<td width=\"113\"><strong>MOQ<\/strong><\/td>\n<td width=\"402\">Egy tonna<\/td>\n<\/tr>\n<tr>\n<td width=\"113\"><strong>Minta<\/strong><\/td>\n<td width=\"402\">Ingyenes minta kaphat\u00f3<\/td>\n<\/tr>\n<tr>\n<td width=\"113\"><strong>OEM<\/strong><\/td>\n<td width=\"402\">Vev\u0151 c\u00edmk\u00e9je elfogadva<\/td>\n<\/tr>\n<\/tbody>\n<\/table>","protected":false},"featured_media":1968,"comment_status":"open","ping_status":"closed","template":"","meta":[],"product_cat":[15],"product_tag":[],"class_list":{"0":"post-1393","1":"product","2":"type-product","3":"status-publish","4":"has-post-thumbnail","6":"product_cat-peanut-butter","8":"first","9":"instock","10":"shipping-taxable","11":"product-type-simple"},"yoast_head":"<!-- This site is optimized with the Yoast SEO plugin v24.9 - https:\/\/yoast.com\/wordpress\/plugins\/seo\/ -->\n<title>Salty Peanut Butter China Exporter OEM - Peanut Butter Factory<\/title>\n<meta name=\"description\" content=\"Discover premium salty peanut butter OEM service. Your trusted private label manufacturer. Enjoy customizable production, various packaging.\" \/>\n<meta name=\"robots\" content=\"index, follow, max-snippet:-1, max-image-preview:large, max-video-preview:-1\" \/>\n<link rel=\"canonical\" href=\"https:\/\/www.peanutoem.com\/hu\/manufacturer\/salty-peanut-butter\/\" \/>\n<meta property=\"og:locale\" content=\"hu_HU\" \/>\n<meta property=\"og:type\" content=\"article\" \/>\n<meta property=\"og:title\" content=\"Salty Peanut Butter China Exporter OEM - Peanut Butter Factory\" \/>\n<meta property=\"og:description\" content=\"Discover premium salty peanut butter OEM service. Your trusted private label manufacturer. Enjoy customizable production, various packaging.\" \/>\n<meta property=\"og:url\" content=\"https:\/\/www.peanutoem.com\/hu\/manufacturer\/salty-peanut-butter\/\" \/>\n<meta property=\"og:site_name\" content=\"Peanut Butter Factory\" \/>\n<meta property=\"article:modified_time\" content=\"2024-10-09T12:10:08+00:00\" \/>\n<meta property=\"og:image\" content=\"https:\/\/www.peanutoem.com\/wp-content\/uploads\/2023\/06\/200g-seasalt-peanut-butter-1-scaled.webp\" \/>\n\t<meta property=\"og:image:width\" content=\"2560\" \/>\n\t<meta property=\"og:image:height\" content=\"1152\" \/>\n\t<meta property=\"og:image:type\" content=\"image\/webp\" \/>\n<meta name=\"twitter:card\" content=\"summary_large_image\" \/>\n<meta name=\"twitter:label1\" content=\"Becs\u00fclt olvas\u00e1si id\u0151\" \/>\n\t<meta name=\"twitter:data1\" content=\"3 perc\" \/>\n<script type=\"application\/ld+json\" class=\"yoast-schema-graph\">{\"@context\":\"https:\/\/schema.org\",\"@graph\":[{\"@type\":\"WebPage\",\"@id\":\"https:\/\/www.peanutoem.com\/manufacturer\/salty-peanut-butter\/\",\"url\":\"https:\/\/www.peanutoem.com\/manufacturer\/salty-peanut-butter\/\",\"name\":\"Salty Peanut Butter China Exporter OEM - Peanut Butter Factory\",\"isPartOf\":{\"@id\":\"https:\/\/www.peanutoem.com\/#website\"},\"primaryImageOfPage\":{\"@id\":\"https:\/\/www.peanutoem.com\/manufacturer\/salty-peanut-butter\/#primaryimage\"},\"image\":{\"@id\":\"https:\/\/www.peanutoem.com\/manufacturer\/salty-peanut-butter\/#primaryimage\"},\"thumbnailUrl\":\"https:\/\/www.peanutoem.com\/wp-content\/uploads\/2023\/06\/200g-seasalt-peanut-butter-1-scaled.webp\",\"datePublished\":\"2023-06-08T07:38:38+00:00\",\"dateModified\":\"2024-10-09T12:10:08+00:00\",\"description\":\"Discover premium salty peanut butter OEM service. Your trusted private label manufacturer. Enjoy customizable production, various packaging.\",\"breadcrumb\":{\"@id\":\"https:\/\/www.peanutoem.com\/manufacturer\/salty-peanut-butter\/#breadcrumb\"},\"inLanguage\":\"hu\",\"potentialAction\":[{\"@type\":\"ReadAction\",\"target\":[\"https:\/\/www.peanutoem.com\/manufacturer\/salty-peanut-butter\/\"]}]},{\"@type\":\"ImageObject\",\"inLanguage\":\"hu\",\"@id\":\"https:\/\/www.peanutoem.com\/manufacturer\/salty-peanut-butter\/#primaryimage\",\"url\":\"https:\/\/www.peanutoem.com\/wp-content\/uploads\/2023\/06\/200g-seasalt-peanut-butter-1-scaled.webp\",\"contentUrl\":\"https:\/\/www.peanutoem.com\/wp-content\/uploads\/2023\/06\/200g-seasalt-peanut-butter-1-scaled.webp\",\"width\":2560,\"height\":1152,\"caption\":\"200g seasalt peanut butter\"},{\"@type\":\"BreadcrumbList\",\"@id\":\"https:\/\/www.peanutoem.com\/manufacturer\/salty-peanut-butter\/#breadcrumb\",\"itemListElement\":[{\"@type\":\"ListItem\",\"position\":1,\"name\":\"Home\",\"item\":\"https:\/\/www.peanutoem.com\/\"},{\"@type\":\"ListItem\",\"position\":2,\"name\":\"Products\",\"item\":\"https:\/\/www.peanutoem.com\/shop\/\"},{\"@type\":\"ListItem\",\"position\":3,\"name\":\"Salty Peanut Butter\"}]},{\"@type\":\"WebSite\",\"@id\":\"https:\/\/www.peanutoem.com\/#website\",\"url\":\"https:\/\/www.peanutoem.com\/\",\"name\":\"Peanut Butter Factory\",\"description\":\"Peanut Butter Manufacturer and Roast Peanut OEM Factory | Peanut Private Label China Supplier\",\"publisher\":{\"@id\":\"https:\/\/www.peanutoem.com\/#organization\"},\"alternateName\":\"Peanut Butter OEM and Wholesale\",\"potentialAction\":[{\"@type\":\"SearchAction\",\"target\":{\"@type\":\"EntryPoint\",\"urlTemplate\":\"https:\/\/www.peanutoem.com\/?s={search_term_string}\"},\"query-input\":{\"@type\":\"PropertyValueSpecification\",\"valueRequired\":true,\"valueName\":\"search_term_string\"}}],\"inLanguage\":\"hu\"},{\"@type\":\"Organization\",\"@id\":\"https:\/\/www.peanutoem.com\/#organization\",\"name\":\"Peanut Butter Factory\",\"alternateName\":\"JuFeng Group\",\"url\":\"https:\/\/www.peanutoem.com\/\",\"logo\":{\"@type\":\"ImageObject\",\"inLanguage\":\"hu\",\"@id\":\"https:\/\/www.peanutoem.com\/#\/schema\/logo\/image\/\",\"url\":\"https:\/\/www.peanutoem.com\/wp-content\/uploads\/2024\/09\/JUFENG-LOGO.png\",\"contentUrl\":\"https:\/\/www.peanutoem.com\/wp-content\/uploads\/2024\/09\/JUFENG-LOGO.png\",\"width\":600,\"height\":170,\"caption\":\"Peanut Butter Factory\"},\"image\":{\"@id\":\"https:\/\/www.peanutoem.com\/#\/schema\/logo\/image\/\"}}]}<\/script>\n<!-- \/ Yoast SEO plugin. -->","yoast_head_json":{"title":"Salty Peanut Butter China Exporter OEM - Peanut Butter Factory","description":"Discover premium salty peanut butter OEM service. Your trusted private label manufacturer. Enjoy customizable production, various packaging.","robots":{"index":"index","follow":"follow","max-snippet":"max-snippet:-1","max-image-preview":"max-image-preview:large","max-video-preview":"max-video-preview:-1"},"canonical":"https:\/\/www.peanutoem.com\/hu\/manufacturer\/salty-peanut-butter\/","og_locale":"hu_HU","og_type":"article","og_title":"Salty Peanut Butter China Exporter OEM - Peanut Butter Factory","og_description":"Discover premium salty peanut butter OEM service. Your trusted private label manufacturer. Enjoy customizable production, various packaging.","og_url":"https:\/\/www.peanutoem.com\/hu\/manufacturer\/salty-peanut-butter\/","og_site_name":"Peanut Butter Factory","article_modified_time":"2024-10-09T12:10:08+00:00","og_image":[{"width":2560,"height":1152,"url":"https:\/\/www.peanutoem.com\/wp-content\/uploads\/2023\/06\/200g-seasalt-peanut-butter-1-scaled.webp","type":"image\/webp"}],"twitter_card":"summary_large_image","twitter_misc":{"Becs\u00fclt olvas\u00e1si id\u0151":"3 perc"},"schema":{"@context":"https:\/\/schema.org","@graph":[{"@type":"WebPage","@id":"https:\/\/www.peanutoem.com\/manufacturer\/salty-peanut-butter\/","url":"https:\/\/www.peanutoem.com\/manufacturer\/salty-peanut-butter\/","name":"Salty Peanut Butter China Exporter OEM - Peanut Butter Factory","isPartOf":{"@id":"https:\/\/www.peanutoem.com\/#website"},"primaryImageOfPage":{"@id":"https:\/\/www.peanutoem.com\/manufacturer\/salty-peanut-butter\/#primaryimage"},"image":{"@id":"https:\/\/www.peanutoem.com\/manufacturer\/salty-peanut-butter\/#primaryimage"},"thumbnailUrl":"https:\/\/www.peanutoem.com\/wp-content\/uploads\/2023\/06\/200g-seasalt-peanut-butter-1-scaled.webp","datePublished":"2023-06-08T07:38:38+00:00","dateModified":"2024-10-09T12:10:08+00:00","description":"Discover premium salty peanut butter OEM service. Your trusted private label manufacturer. Enjoy customizable production, various packaging.","breadcrumb":{"@id":"https:\/\/www.peanutoem.com\/manufacturer\/salty-peanut-butter\/#breadcrumb"},"inLanguage":"hu","potentialAction":[{"@type":"ReadAction","target":["https:\/\/www.peanutoem.com\/manufacturer\/salty-peanut-butter\/"]}]},{"@type":"ImageObject","inLanguage":"hu","@id":"https:\/\/www.peanutoem.com\/manufacturer\/salty-peanut-butter\/#primaryimage","url":"https:\/\/www.peanutoem.com\/wp-content\/uploads\/2023\/06\/200g-seasalt-peanut-butter-1-scaled.webp","contentUrl":"https:\/\/www.peanutoem.com\/wp-content\/uploads\/2023\/06\/200g-seasalt-peanut-butter-1-scaled.webp","width":2560,"height":1152,"caption":"200g seasalt peanut butter"},{"@type":"BreadcrumbList","@id":"https:\/\/www.peanutoem.com\/manufacturer\/salty-peanut-butter\/#breadcrumb","itemListElement":[{"@type":"ListItem","position":1,"name":"Home","item":"https:\/\/www.peanutoem.com\/"},{"@type":"ListItem","position":2,"name":"Products","item":"https:\/\/www.peanutoem.com\/shop\/"},{"@type":"ListItem","position":3,"name":"Salty Peanut Butter"}]},{"@type":"WebSite","@id":"https:\/\/www.peanutoem.com\/#website","url":"https:\/\/www.peanutoem.com\/","name":"Peanut Butter Factory","description":"Peanut Butter Manufacturer and Roast Peanut OEM Factory | Peanut Private Label China Supplier","publisher":{"@id":"https:\/\/www.peanutoem.com\/#organization"},"alternateName":"Peanut Butter OEM and Wholesale","potentialAction":[{"@type":"SearchAction","target":{"@type":"EntryPoint","urlTemplate":"https:\/\/www.peanutoem.com\/?s={search_term_string}"},"query-input":{"@type":"PropertyValueSpecification","valueRequired":true,"valueName":"search_term_string"}}],"inLanguage":"hu"},{"@type":"Organization","@id":"https:\/\/www.peanutoem.com\/#organization","name":"Peanut Butter Factory","alternateName":"JuFeng Group","url":"https:\/\/www.peanutoem.com\/","logo":{"@type":"ImageObject","inLanguage":"hu","@id":"https:\/\/www.peanutoem.com\/#\/schema\/logo\/image\/","url":"https:\/\/www.peanutoem.com\/wp-content\/uploads\/2024\/09\/JUFENG-LOGO.png","contentUrl":"https:\/\/www.peanutoem.com\/wp-content\/uploads\/2024\/09\/JUFENG-LOGO.png","width":600,"height":170,"caption":"Peanut Butter Factory"},"image":{"@id":"https:\/\/www.peanutoem.com\/#\/schema\/logo\/image\/"}}]}},"_links":{"self":[{"href":"https:\/\/www.peanutoem.com\/hu\/wp-json\/wp\/v2\/product\/1393","targetHints":{"allow":["GET"]}}],"collection":[{"href":"https:\/\/www.peanutoem.com\/hu\/wp-json\/wp\/v2\/product"}],"about":[{"href":"https:\/\/www.peanutoem.com\/hu\/wp-json\/wp\/v2\/types\/product"}],"replies":[{"embeddable":true,"href":"https:\/\/www.peanutoem.com\/hu\/wp-json\/wp\/v2\/comments?post=1393"}],"wp:featuredmedia":[{"embeddable":true,"href":"https:\/\/www.peanutoem.com\/hu\/wp-json\/wp\/v2\/media\/1968"}],"wp:attachment":[{"href":"https:\/\/www.peanutoem.com\/hu\/wp-json\/wp\/v2\/media?parent=1393"}],"wp:term":[{"taxonomy":"product_cat","embeddable":true,"href":"https:\/\/www.peanutoem.com\/hu\/wp-json\/wp\/v2\/product_cat?post=1393"},{"taxonomy":"product_tag","embeddable":true,"href":"https:\/\/www.peanutoem.com\/hu\/wp-json\/wp\/v2\/product_tag?post=1393"}],"curies":[{"name":"wp","href":"https:\/\/api.w.org\/{rel}","templated":true}]}}