{"id":1397,"date":"2023-06-08T07:51:40","date_gmt":"2023-06-08T07:51:40","guid":{"rendered":"https:\/\/www.peanutoem.com\/?post_type=product&#038;p=1397"},"modified":"2024-09-28T07:06:47","modified_gmt":"2024-09-28T07:06:47","slug":"creamy-peanut-butter","status":"publish","type":"product","link":"https:\/\/www.peanutoem.com\/hu\/manufacturer\/creamy-peanut-butter\/","title":{"rendered":"Kr\u00e9mes mogyor\u00f3vaj | Sima mogyor\u00f3vaj"},"content":{"rendered":"<h3>Tejsz\u00ednes <a href=\"https:\/\/www.peanutoem.com\/hu\/Wholesale\/peanut-butter\/\" target=\"_blank\" rel=\"noopener\">Mogyor\u00f3vaj<\/a> | Sima f\u00f6ldimogyor\u00f3vaj \u2013 Vezet\u0151 OEM saj\u00e1t m\u00e1rk\u00e1s gy\u00e1rt\u00f3<\/h3>\n<p>B\u00fcszk\u00e9k vagyunk arra, hogy a kr\u00e9mes mogyor\u00f3vaj \u00e9s a sima mogyor\u00f3vaj vezet\u0151 OEM saj\u00e1t m\u00e1rk\u00e1s gy\u00e1rt\u00f3ja, export\u0151re \u00e9s sz\u00e1ll\u00edt\u00f3ja lehet\u00fcnk. A legmodernebb gy\u00e1rt\u00f3soraink \u00e9s magas min\u0151s\u00e9gi szabv\u00e1nyaink biztos\u00edtj\u00e1k, hogy minden t\u00e9gely mogyor\u00f3vaj megfeleljen az \u00edz \u00e9s az \u00e1llag tekintet\u00e9ben a glob\u00e1lis k\u00f6vetelm\u00e9nyeknek. T\u00e1mogatja a nemzetk\u00f6zileg elismert <a href=\"https:\/\/www.peanutoem.com\/hu\/certificate\/\" target=\"_blank\" rel=\"noopener\">tan\u00fas\u00edtv\u00e1nyok<\/a> A HACCP-hez, a BRCGS-hez, az ECOCERT-hez, a Halal-hoz \u00e9s a K\u00f3serhez hasonl\u00f3an mogyor\u00f3vaj-term\u00e9keink vil\u00e1gszerte alapvet\u0151 fontoss\u00e1g\u00faak a v\u00e1llalkoz\u00e1sok sz\u00e1m\u00e1ra.<\/p>\n<p><img loading=\"lazy\" decoding=\"async\" class=\"alignnone wp-image-1620 size-large\" src=\"https:\/\/www.peanutoem.com\/wp-content\/uploads\/2024\/09\/Peanut-Butter-Qualifications-1024x736.webp\" alt=\"Mogyor\u00f3vaj OEM-feldolgoz\u00f3 k\u00e9pes\u00edt\u00e9sek\" width=\"1020\" height=\"733\" srcset=\"https:\/\/www.peanutoem.com\/wp-content\/uploads\/2024\/09\/Peanut-Butter-Qualifications-1024x736.webp 1024w, https:\/\/www.peanutoem.com\/wp-content\/uploads\/2024\/09\/Peanut-Butter-Qualifications-300x216.webp 300w, https:\/\/www.peanutoem.com\/wp-content\/uploads\/2024\/09\/Peanut-Butter-Qualifications-768x552.webp 768w, https:\/\/www.peanutoem.com\/wp-content\/uploads\/2024\/09\/Peanut-Butter-Qualifications-18x12.webp 18w, https:\/\/www.peanutoem.com\/wp-content\/uploads\/2024\/09\/Peanut-Butter-Qualifications-600x431.webp 600w, https:\/\/www.peanutoem.com\/wp-content\/uploads\/2024\/09\/Peanut-Butter-Qualifications.webp 1341w\" sizes=\"auto, (max-width: 1020px) 100vw, 1020px\" \/><\/p>\n<h3>Mi az a kr\u00e9mes mogyor\u00f3vaj \u00e9s a sima mogyor\u00f3vaj?<\/h3>\n<p>A kr\u00e9mes mogyor\u00f3vaj \u00e9s a sima mogyor\u00f3vaj a k\u00e9t legn\u00e9pszer\u0171bb f\u00f6ldimogyor\u00f3-kr\u00e9m. Mindkett\u0151 finomra \u0151r\u00f6lt p\u00f6rk\u00f6lt f\u00f6ldimogyor\u00f3b\u00f3l k\u00e9sz\u00fcl, ami gazdag \u00e9s sima text\u00far\u00e1t eredm\u00e9nyez. A kr\u00e9mes mogyor\u00f3vaj azonban valamivel s\u0171r\u0171bb text\u00far\u00e1t k\u00edn\u00e1l a sima mogyor\u00f3vajhoz k\u00e9pest, \u00edgy ide\u00e1lis keny\u00e9rre ken\u00e9shez vagy s\u00fct\u00e9s-f\u0151z\u00e9s \u00f6sszetev\u0151jek\u00e9nt.<\/p>\n<h3>Kapacit\u00e1sunk<\/h3>\n<p>Korszer\u0171 feldolgoz\u00f3 l\u00e9tes\u00edtm\u00e9nyekkel m\u0171k\u00f6d\u00fcnk, amelyek \u00e9vente 30 000 tonna mogyor\u00f3vaj el\u0151\u00e1ll\u00edt\u00e1s\u00e1ra k\u00e9pesek. J\u00f3l felszerelt laborat\u00f3riumaink szigor\u00fa \u00e9rz\u00e9kszervi, fizikai, k\u00e9miai \u00e9s mikrobi\u00e1lis vizsg\u00e1latokat v\u00e9geznek, hogy biztos\u00edts\u00e1k minden t\u00e9tel min\u0151s\u00e9g\u00e9t \u00e9s biztons\u00e1g\u00e1t.<\/p>\n<h3>OEM saj\u00e1t m\u00e1rk\u00e1s megold\u00e1sok mogyor\u00f3vajhoz<\/h3>\n<p>Megb\u00edzhat\u00f3 OEM gy\u00e1rt\u00f3k\u00e9nt \u00e9s saj\u00e1t m\u00e1rk\u00e1s besz\u00e1ll\u00edt\u00f3k\u00e9nt szem\u00e9lyre szabott megold\u00e1sokat k\u00edn\u00e1lunk az \u00d6n m\u00e1rk\u00e1j\u00e1nak ig\u00e9nyeihez. Ak\u00e1r a kr\u00e9mes mogyor\u00f3vajat, ak\u00e1r a sima mogyor\u00f3vajat szeretn\u00e9 saj\u00e1t c\u00edmk\u00e9vel ell\u00e1tni, rugalmas csomagol\u00e1si \u00e9s term\u00e9km\u00e9reteket k\u00edn\u00e1lunk. Csapatunk gondoskodik arr\u00f3l, hogy term\u00e9kei gondosan \u00e9s a legmagasabb ipari szabv\u00e1nyok szerint k\u00e9sz\u00fcljenek.<\/p>\n<h3>Glob\u00e1lis export\u0151r \u00e9s sz\u00e1ll\u00edt\u00f3<\/h3>\n<p>Glob\u00e1lis jelenl\u00e9t\u00fcnkkel megb\u00edzhat\u00f3 f\u00f6ldimogyor\u00f3vaj-export\u0151rk\u00e9nt \u00e9s -besz\u00e1ll\u00edt\u00f3k\u00e9nt szolg\u00e1lunk, term\u00e9keinket a vil\u00e1g legnagyobb \u00e9lelmiszer-kiskeresked\u0151inek, franchise-oknak \u00e9s forgalmaz\u00f3knak sz\u00e1ll\u00edtjuk. Kiterjedt disztrib\u00faci\u00f3s h\u00e1l\u00f3zatunk \u00e9s hat\u00e9kony logisztik\u00e1nk gondoskodik az id\u0151ben t\u00f6rt\u00e9n\u0151 sz\u00e1ll\u00edt\u00e1sr\u00f3l, f\u00fcggetlen\u00fcl att\u00f3l, hogy hol tal\u00e1lhat\u00f3 v\u00e1llalkoz\u00e1sa.<\/p>\n<h3>Mi\u00e9rt v\u00e1lassz minket?<\/h3>\n<ul>\n<li><strong>Magas termel\u00e9si kapacit\u00e1s<\/strong>: 30 000 tonna \u00e9vente<\/li>\n<li><strong>\u00c1tfog\u00f3 tan\u00fas\u00edtv\u00e1nyok<\/strong>: HACCP, BRCGS, Halal, Kosher, EU Organic<\/li>\n<li><strong>OEM \u00e9s saj\u00e1t m\u00e1rk\u00e1s szak\u00e9rt\u0151k<\/strong>: Szem\u00e9lyre szabott megold\u00e1sok az \u00d6n m\u00e1rk\u00e1j\u00e1hoz<\/li>\n<li><strong>Glob\u00e1lis besz\u00e1ll\u00edt\u00f3 \u00e9s export\u0151r<\/strong>: Pr\u00e9mium f\u00f6ldimogyor\u00f3-term\u00e9kekkel szolg\u00e1lja ki az \u00fcgyfeleket vil\u00e1gszerte<\/li>\n<\/ul>\n<p>Elk\u00f6telezz\u00fck magunkat amellett, hogy a legjobb mogyor\u00f3vaj-term\u00e9keket sz\u00e1ll\u00edtjuk, amelyek megfelelnek a glob\u00e1lis piac v\u00e1ltoz\u00f3 ig\u00e9nyeinek. Ak\u00e1r kiskereskedelmi csomagra van sz\u00fcks\u00e9ge, ak\u00e1r nagy \u00f6mlesztett mennyis\u00e9gre, kiv\u00e1l\u00f3an sz\u00e1ll\u00edtunk.<\/p>\n<a href=\"mailto:globepeanut@gmail.com\" class=\"button primary is-primary is-medium\"  >\n    <span>\u00cdrjon nek\u00fcnk e-mailt<\/span>\n  <\/a>","protected":false},"excerpt":{"rendered":"<table style=\"height: 282px;\" width=\"564\">\n<tbody>\n<tr>\n<td width=\"113\"><strong>Term\u00e9k neve<\/strong><\/td>\n<td width=\"402\">Kr\u00e9mes mogyor\u00f3vaj | Sima mogyor\u00f3vaj<\/td>\n<\/tr>\n<tr>\n<td width=\"113\"><strong>Hozz\u00e1val\u00f3k<\/strong><\/td>\n<td width=\"402\">V\u00e1logatott f\u00f6ldimogyor\u00f3 mag, feh\u00e9r cukor, hidrog\u00e9nezett n\u00f6v\u00e9nyi olaj, s\u00f3<\/td>\n<\/tr>\n<tr>\n<td width=\"113\"><strong>M\u0171szaki adatok<\/strong><\/td>\n<td width=\"402\">200 g x 36, 227 g x 24, 340 g x 12, 375 g x 12, 500 g x 12, 510 g x 12, 1 kg x 12, 10 kg x 1, 20 kg x 1, 220 kg x 1<\/td>\n<\/tr>\n<tr>\n<td width=\"113\"><strong>Csomagol\u00e1si forma<\/strong><\/td>\n<td width=\"402\">T\u00e9gely, V\u00f6d\u00f6r, Doy-csomag, t\u00e1ska, kartondoboz, \u00f3n, hord\u00f3, doboz, palack stb.<\/td>\n<\/tr>\n<tr>\n<td width=\"113\"><strong>Sz\u00e1ll\u00edt\u00e1si id\u0151<\/strong><\/td>\n<td width=\"402\">7-20 nappal a megrendel\u00e9s ut\u00e1n<\/td>\n<\/tr>\n<tr>\n<td width=\"113\"><strong>MOQ<\/strong><\/td>\n<td width=\"402\">Egy tonna<\/td>\n<\/tr>\n<tr>\n<td width=\"113\"><strong>Minta<\/strong><\/td>\n<td width=\"402\">Ingyenes minta kaphat\u00f3<\/td>\n<\/tr>\n<tr>\n<td width=\"113\"><strong>OEM<\/strong><\/td>\n<td width=\"402\">Vev\u0151 c\u00edmk\u00e9je elfogadva<\/td>\n<\/tr>\n<\/tbody>\n<\/table>\n<p>&nbsp;<\/p>","protected":false},"featured_media":1641,"comment_status":"open","ping_status":"closed","template":"","meta":[],"product_cat":[15],"product_tag":[],"class_list":{"0":"post-1397","1":"product","2":"type-product","3":"status-publish","4":"has-post-thumbnail","6":"product_cat-peanut-butter","8":"first","9":"instock","10":"featured","11":"shipping-taxable","12":"product-type-simple"},"yoast_head":"<!-- This site is optimized with the Yoast SEO plugin v24.9 - https:\/\/yoast.com\/wordpress\/plugins\/seo\/ -->\n<title>Creamy Peanut Butter Manufacturer- Smooth Peanut Butter OEM - Peanut Butter Factory<\/title>\n<meta name=\"description\" content=\"As a leading OEM private label manufacturer, we offer premium creamy and smooth peanut butter with flexible packaging, certified to global standards.\" \/>\n<meta name=\"robots\" content=\"index, follow, max-snippet:-1, max-image-preview:large, max-video-preview:-1\" \/>\n<link rel=\"canonical\" href=\"https:\/\/www.peanutoem.com\/hu\/manufacturer\/creamy-peanut-butter\/\" \/>\n<meta property=\"og:locale\" content=\"hu_HU\" \/>\n<meta property=\"og:type\" content=\"article\" \/>\n<meta property=\"og:title\" content=\"Creamy Peanut Butter Manufacturer- Smooth Peanut Butter OEM - Peanut Butter Factory\" \/>\n<meta property=\"og:description\" content=\"As a leading OEM private label manufacturer, we offer premium creamy and smooth peanut butter with flexible packaging, certified to global standards.\" \/>\n<meta property=\"og:url\" content=\"https:\/\/www.peanutoem.com\/hu\/manufacturer\/creamy-peanut-butter\/\" \/>\n<meta property=\"og:site_name\" content=\"Peanut Butter Factory\" \/>\n<meta property=\"article:modified_time\" content=\"2024-09-28T07:06:47+00:00\" \/>\n<meta property=\"og:image\" content=\"https:\/\/www.peanutoem.com\/wp-content\/uploads\/2023\/06\/Creamy-Peanut-Butter-in-jar.webp\" \/>\n\t<meta property=\"og:image:width\" content=\"1000\" \/>\n\t<meta property=\"og:image:height\" content=\"1000\" \/>\n\t<meta property=\"og:image:type\" content=\"image\/webp\" \/>\n<meta name=\"twitter:card\" content=\"summary_large_image\" \/>\n<meta name=\"twitter:label1\" content=\"Becs\u00fclt olvas\u00e1si id\u0151\" \/>\n\t<meta name=\"twitter:data1\" content=\"3 perc\" \/>\n<script type=\"application\/ld+json\" class=\"yoast-schema-graph\">{\"@context\":\"https:\/\/schema.org\",\"@graph\":[{\"@type\":\"WebPage\",\"@id\":\"https:\/\/www.peanutoem.com\/manufacturer\/creamy-peanut-butter\/\",\"url\":\"https:\/\/www.peanutoem.com\/manufacturer\/creamy-peanut-butter\/\",\"name\":\"Creamy Peanut Butter Manufacturer- Smooth Peanut Butter OEM - Peanut Butter Factory\",\"isPartOf\":{\"@id\":\"https:\/\/www.peanutoem.com\/#website\"},\"primaryImageOfPage\":{\"@id\":\"https:\/\/www.peanutoem.com\/manufacturer\/creamy-peanut-butter\/#primaryimage\"},\"image\":{\"@id\":\"https:\/\/www.peanutoem.com\/manufacturer\/creamy-peanut-butter\/#primaryimage\"},\"thumbnailUrl\":\"https:\/\/www.peanutoem.com\/wp-content\/uploads\/2023\/06\/Creamy-Peanut-Butter-in-jar.webp\",\"datePublished\":\"2023-06-08T07:51:40+00:00\",\"dateModified\":\"2024-09-28T07:06:47+00:00\",\"description\":\"As a leading OEM private label manufacturer, we offer premium creamy and smooth peanut butter with flexible packaging, certified to global standards.\",\"breadcrumb\":{\"@id\":\"https:\/\/www.peanutoem.com\/manufacturer\/creamy-peanut-butter\/#breadcrumb\"},\"inLanguage\":\"hu\",\"potentialAction\":[{\"@type\":\"ReadAction\",\"target\":[\"https:\/\/www.peanutoem.com\/manufacturer\/creamy-peanut-butter\/\"]}]},{\"@type\":\"ImageObject\",\"inLanguage\":\"hu\",\"@id\":\"https:\/\/www.peanutoem.com\/manufacturer\/creamy-peanut-butter\/#primaryimage\",\"url\":\"https:\/\/www.peanutoem.com\/wp-content\/uploads\/2023\/06\/Creamy-Peanut-Butter-in-jar.webp\",\"contentUrl\":\"https:\/\/www.peanutoem.com\/wp-content\/uploads\/2023\/06\/Creamy-Peanut-Butter-in-jar.webp\",\"width\":1000,\"height\":1000,\"caption\":\"Creamy Peanut Butter in jar\"},{\"@type\":\"BreadcrumbList\",\"@id\":\"https:\/\/www.peanutoem.com\/manufacturer\/creamy-peanut-butter\/#breadcrumb\",\"itemListElement\":[{\"@type\":\"ListItem\",\"position\":1,\"name\":\"Home\",\"item\":\"https:\/\/www.peanutoem.com\/\"},{\"@type\":\"ListItem\",\"position\":2,\"name\":\"Products\",\"item\":\"https:\/\/www.peanutoem.com\/shop\/\"},{\"@type\":\"ListItem\",\"position\":3,\"name\":\"Creamy Peanut Butter | Smooth Peanut Butter\"}]},{\"@type\":\"WebSite\",\"@id\":\"https:\/\/www.peanutoem.com\/#website\",\"url\":\"https:\/\/www.peanutoem.com\/\",\"name\":\"Peanut Butter Factory\",\"description\":\"Peanut Butter Manufacturer and Roast Peanut OEM Factory | Peanut Private Label China Supplier\",\"publisher\":{\"@id\":\"https:\/\/www.peanutoem.com\/#organization\"},\"alternateName\":\"Peanut Butter OEM and Wholesale\",\"potentialAction\":[{\"@type\":\"SearchAction\",\"target\":{\"@type\":\"EntryPoint\",\"urlTemplate\":\"https:\/\/www.peanutoem.com\/?s={search_term_string}\"},\"query-input\":{\"@type\":\"PropertyValueSpecification\",\"valueRequired\":true,\"valueName\":\"search_term_string\"}}],\"inLanguage\":\"hu\"},{\"@type\":\"Organization\",\"@id\":\"https:\/\/www.peanutoem.com\/#organization\",\"name\":\"Peanut Butter Factory\",\"alternateName\":\"JuFeng Group\",\"url\":\"https:\/\/www.peanutoem.com\/\",\"logo\":{\"@type\":\"ImageObject\",\"inLanguage\":\"hu\",\"@id\":\"https:\/\/www.peanutoem.com\/#\/schema\/logo\/image\/\",\"url\":\"https:\/\/www.peanutoem.com\/wp-content\/uploads\/2024\/09\/JUFENG-LOGO.png\",\"contentUrl\":\"https:\/\/www.peanutoem.com\/wp-content\/uploads\/2024\/09\/JUFENG-LOGO.png\",\"width\":600,\"height\":170,\"caption\":\"Peanut Butter Factory\"},\"image\":{\"@id\":\"https:\/\/www.peanutoem.com\/#\/schema\/logo\/image\/\"}}]}<\/script>\n<!-- \/ Yoast SEO plugin. -->","yoast_head_json":{"title":"Creamy Peanut Butter Manufacturer- Smooth Peanut Butter OEM - Peanut Butter Factory","description":"As a leading OEM private label manufacturer, we offer premium creamy and smooth peanut butter with flexible packaging, certified to global standards.","robots":{"index":"index","follow":"follow","max-snippet":"max-snippet:-1","max-image-preview":"max-image-preview:large","max-video-preview":"max-video-preview:-1"},"canonical":"https:\/\/www.peanutoem.com\/hu\/manufacturer\/creamy-peanut-butter\/","og_locale":"hu_HU","og_type":"article","og_title":"Creamy Peanut Butter Manufacturer- Smooth Peanut Butter OEM - Peanut Butter Factory","og_description":"As a leading OEM private label manufacturer, we offer premium creamy and smooth peanut butter with flexible packaging, certified to global standards.","og_url":"https:\/\/www.peanutoem.com\/hu\/manufacturer\/creamy-peanut-butter\/","og_site_name":"Peanut Butter Factory","article_modified_time":"2024-09-28T07:06:47+00:00","og_image":[{"width":1000,"height":1000,"url":"https:\/\/www.peanutoem.com\/wp-content\/uploads\/2023\/06\/Creamy-Peanut-Butter-in-jar.webp","type":"image\/webp"}],"twitter_card":"summary_large_image","twitter_misc":{"Becs\u00fclt olvas\u00e1si id\u0151":"3 perc"},"schema":{"@context":"https:\/\/schema.org","@graph":[{"@type":"WebPage","@id":"https:\/\/www.peanutoem.com\/manufacturer\/creamy-peanut-butter\/","url":"https:\/\/www.peanutoem.com\/manufacturer\/creamy-peanut-butter\/","name":"Creamy Peanut Butter Manufacturer- Smooth Peanut Butter OEM - Peanut Butter Factory","isPartOf":{"@id":"https:\/\/www.peanutoem.com\/#website"},"primaryImageOfPage":{"@id":"https:\/\/www.peanutoem.com\/manufacturer\/creamy-peanut-butter\/#primaryimage"},"image":{"@id":"https:\/\/www.peanutoem.com\/manufacturer\/creamy-peanut-butter\/#primaryimage"},"thumbnailUrl":"https:\/\/www.peanutoem.com\/wp-content\/uploads\/2023\/06\/Creamy-Peanut-Butter-in-jar.webp","datePublished":"2023-06-08T07:51:40+00:00","dateModified":"2024-09-28T07:06:47+00:00","description":"As a leading OEM private label manufacturer, we offer premium creamy and smooth peanut butter with flexible packaging, certified to global standards.","breadcrumb":{"@id":"https:\/\/www.peanutoem.com\/manufacturer\/creamy-peanut-butter\/#breadcrumb"},"inLanguage":"hu","potentialAction":[{"@type":"ReadAction","target":["https:\/\/www.peanutoem.com\/manufacturer\/creamy-peanut-butter\/"]}]},{"@type":"ImageObject","inLanguage":"hu","@id":"https:\/\/www.peanutoem.com\/manufacturer\/creamy-peanut-butter\/#primaryimage","url":"https:\/\/www.peanutoem.com\/wp-content\/uploads\/2023\/06\/Creamy-Peanut-Butter-in-jar.webp","contentUrl":"https:\/\/www.peanutoem.com\/wp-content\/uploads\/2023\/06\/Creamy-Peanut-Butter-in-jar.webp","width":1000,"height":1000,"caption":"Creamy Peanut Butter in jar"},{"@type":"BreadcrumbList","@id":"https:\/\/www.peanutoem.com\/manufacturer\/creamy-peanut-butter\/#breadcrumb","itemListElement":[{"@type":"ListItem","position":1,"name":"Home","item":"https:\/\/www.peanutoem.com\/"},{"@type":"ListItem","position":2,"name":"Products","item":"https:\/\/www.peanutoem.com\/shop\/"},{"@type":"ListItem","position":3,"name":"Creamy Peanut Butter | Smooth Peanut Butter"}]},{"@type":"WebSite","@id":"https:\/\/www.peanutoem.com\/#website","url":"https:\/\/www.peanutoem.com\/","name":"Peanut Butter Factory","description":"Peanut Butter Manufacturer and Roast Peanut OEM Factory | Peanut Private Label China Supplier","publisher":{"@id":"https:\/\/www.peanutoem.com\/#organization"},"alternateName":"Peanut Butter OEM and Wholesale","potentialAction":[{"@type":"SearchAction","target":{"@type":"EntryPoint","urlTemplate":"https:\/\/www.peanutoem.com\/?s={search_term_string}"},"query-input":{"@type":"PropertyValueSpecification","valueRequired":true,"valueName":"search_term_string"}}],"inLanguage":"hu"},{"@type":"Organization","@id":"https:\/\/www.peanutoem.com\/#organization","name":"Peanut Butter Factory","alternateName":"JuFeng Group","url":"https:\/\/www.peanutoem.com\/","logo":{"@type":"ImageObject","inLanguage":"hu","@id":"https:\/\/www.peanutoem.com\/#\/schema\/logo\/image\/","url":"https:\/\/www.peanutoem.com\/wp-content\/uploads\/2024\/09\/JUFENG-LOGO.png","contentUrl":"https:\/\/www.peanutoem.com\/wp-content\/uploads\/2024\/09\/JUFENG-LOGO.png","width":600,"height":170,"caption":"Peanut Butter Factory"},"image":{"@id":"https:\/\/www.peanutoem.com\/#\/schema\/logo\/image\/"}}]}},"_links":{"self":[{"href":"https:\/\/www.peanutoem.com\/hu\/wp-json\/wp\/v2\/product\/1397","targetHints":{"allow":["GET"]}}],"collection":[{"href":"https:\/\/www.peanutoem.com\/hu\/wp-json\/wp\/v2\/product"}],"about":[{"href":"https:\/\/www.peanutoem.com\/hu\/wp-json\/wp\/v2\/types\/product"}],"replies":[{"embeddable":true,"href":"https:\/\/www.peanutoem.com\/hu\/wp-json\/wp\/v2\/comments?post=1397"}],"wp:featuredmedia":[{"embeddable":true,"href":"https:\/\/www.peanutoem.com\/hu\/wp-json\/wp\/v2\/media\/1641"}],"wp:attachment":[{"href":"https:\/\/www.peanutoem.com\/hu\/wp-json\/wp\/v2\/media?parent=1397"}],"wp:term":[{"taxonomy":"product_cat","embeddable":true,"href":"https:\/\/www.peanutoem.com\/hu\/wp-json\/wp\/v2\/product_cat?post=1397"},{"taxonomy":"product_tag","embeddable":true,"href":"https:\/\/www.peanutoem.com\/hu\/wp-json\/wp\/v2\/product_tag?post=1397"}],"curies":[{"name":"wp","href":"https:\/\/api.w.org\/{rel}","templated":true}]}}