{"id":1402,"date":"2023-06-08T08:15:42","date_gmt":"2023-06-08T08:15:42","guid":{"rendered":"https:\/\/www.peanutoem.com\/?post_type=product&#038;p=1402"},"modified":"2024-09-28T06:53:33","modified_gmt":"2024-09-28T06:53:33","slug":"crunchy-peanut-butter","status":"publish","type":"product","link":"https:\/\/www.peanutoem.com\/hu\/manufacturer\/crunchy-peanut-butter\/","title":{"rendered":"Ropog\u00f3s mogyor\u00f3vaj | Egyedi ropog\u00f3s mogyor\u00f3vaj"},"content":{"rendered":"<h3>Ropog\u00f3s <a href=\"https:\/\/www.peanutoem.com\/hu\/Wholesale\/peanut-butter\/\" target=\"_blank\" rel=\"noopener\">Mogyor\u00f3vaj<\/a> \u2013 Pr\u00e9mium OEM Private Label Manufacturer<\/h3>\n<p>B\u00fcszk\u00e9k vagyunk arra, hogy a kiv\u00e1l\u00f3 min\u0151s\u00e9g\u0171 ropog\u00f3s mogyor\u00f3vaj vezet\u0151 OEM saj\u00e1t m\u00e1rk\u00e1s gy\u00e1rt\u00f3ja, export\u0151re \u00e9s sz\u00e1ll\u00edt\u00f3ja lehet\u00fcnk, amely kiel\u00e9g\u00edt\u0151 text\u00far\u00e1t k\u00edn\u00e1l, \u00e9s t\u00f6k\u00e9letes kiskereskedelmi \u00e9s ipari felhaszn\u00e1l\u00e1sra. Gy\u00e1rt\u00e1si k\u00e9pess\u00e9geink a testreszabhat\u00f3 opci\u00f3kkal kombin\u00e1lva lehet\u0151v\u00e9 teszik sz\u00e1munkra, hogy vil\u00e1gszerte megfelelj\u00fcnk a m\u00e1rk\u00e1k egyedi ig\u00e9nyeinek.<\/p>\n<h3>Fejlett gy\u00e1rt\u00e1s \u00e9s <a href=\"https:\/\/www.peanutoem.com\/hu\/certificate\/\" target=\"_blank\" rel=\"noopener\">Tan\u00fas\u00edtv\u00e1nyok<\/a><\/h3>\n<p>Modern l\u00e9tes\u00edtm\u00e9nyeink a szigor\u00fa min\u0151s\u00e9gellen\u0151rz\u00e9s mellett nagy\u00fczemi termel\u00e9s kezel\u00e9s\u00e9re vannak felszerelve. Az olyan tan\u00fas\u00edtv\u00e1nyokkal, mint a HACCP, a BRCGS, a Halal, a Kosher \u00e9s az EU Organic, biztos\u00edtjuk, hogy ropog\u00f3s mogyor\u00f3vajunk megfeleljen a legmagasabb glob\u00e1lis szabv\u00e1nyoknak. Ez\u00e1ltal a megb\u00edzhat\u00f3 OEM \u00e9s saj\u00e1t m\u00e1rk\u00e1s megold\u00e1sokat keres\u0151 v\u00e1llalkoz\u00e1sok el\u0151nyben r\u00e9szes\u00edtett partner\u00e9v\u00e9 v\u00e1lunk.<\/p>\n<h3>Mi az a ropog\u00f3s mogyor\u00f3vaj?<\/h3>\n<p>A ropog\u00f3s mogyor\u00f3vaj kis mogyor\u00f3szemcs\u00e9ket tartalmaz, amelyek textur\u00e1lt falatot \u00e9s gazdag mogyor\u00f3\u00edzt biztos\u00edtanak. Ez a fajta t\u00f6k\u00e9letes azoknak a fogyaszt\u00f3knak, akik a sima vagy kr\u00e9mes v\u00e1ltozatokhoz k\u00e9pest tartalmasabb mogyor\u00f3vaj-\u00e9lm\u00e9nyt \u00e9lveznek. Granul\u00e1lt mogyor\u00f3vajunk a legfinomabb f\u00f6ldimogyor\u00f3 felhaszn\u00e1l\u00e1s\u00e1val k\u00e9sz\u00fclt, \u00edgy minden ed\u00e9nyben egyenletes \u00e1llagot biztos\u00edtunk.<\/p>\n<p>A ropog\u00f3s mogyor\u00f3vajat a r\u00e9gi\u00f3t\u00f3l vagy a marketingpreferenci\u00e1t\u00f3l f\u00fcgg\u0151en n\u00e9h\u00e1ny m\u00e1s n\u00e9ven is lehet emlegetni. N\u00e9h\u00e1ny alternat\u00edv n\u00e9v:<\/p>\n<ol>\n<li><strong>Vaskos mogyor\u00f3vaj<\/strong> \u2013 Ez egy gyakori kifejez\u00e9s, k\u00fcl\u00f6n\u00f6sen az USA-ban, ugyanazt a text\u00far\u00e1j\u00fa fajt\u00e1t jel\u00f6li.<\/li>\n<li><strong>Granul\u00e1lt mogyor\u00f3vaj<\/strong> \u2013 A granul\u00e1lt text\u00fara le\u00edr\u00e1sa, amelyet gyakran ink\u00e1bb m\u0171szaki vagy ipari kontextusban haszn\u00e1lnak.<\/li>\n<li><strong>Textur\u00e1lt mogyor\u00f3vaj<\/strong> \u2013 A mogyor\u00f3darabok \u00e1llag\u00e1nak kiemel\u00e9se.<\/li>\n<li><strong>Di\u00f3s mogyor\u00f3vaj<\/strong> \u2013 N\u00e9ha a f\u00f6ldimogyor\u00f3-darabok hangs\u00falyoz\u00e1s\u00e1ra haszn\u00e1lj\u00e1k a ken\u0151cs\u00f6n bel\u00fcl.<\/li>\n<\/ol>\n<p>Ezek a nevek gyakran felcser\u00e9lhet\u0151k, \u00e9s azt az elk\u00e9pzel\u00e9st k\u00f6zvet\u00edtik, hogy a mogyor\u00f3vaj kis mogyor\u00f3darabokat vagy szemcs\u00e9ket tartalmaz.<\/p>\n<h3>Szem\u00e9lyre szabott saj\u00e1t c\u00edmk\u00e9s megold\u00e1sok ropog\u00f3s mogyor\u00f3vajhoz<\/h3>\n<p>Prominens OEM-gy\u00e1rt\u00f3k\u00e9nt szem\u00e9lyre szabott saj\u00e1t m\u00e1rk\u00e1s szolg\u00e1ltat\u00e1sokat k\u00edn\u00e1lunk a ropog\u00f3s mogyor\u00f3vajhoz. Ak\u00e1r egyedi csomagol\u00e1sra, ak\u00e1r konkr\u00e9t m\u00e9retekre van sz\u00fcks\u00e9ge, rugalmas lehet\u0151s\u00e9geket k\u00edn\u00e1lunk m\u00e1rk\u00e1ja ig\u00e9nyeinek megfelel\u0151en. Csapatunk szorosan egy\u00fcttm\u0171k\u00f6dik \u00d6nnel, hogy olyan term\u00e9ket fejlesszenek ki, amely megfelel az \u00d6n m\u00e1rk\u00e1j\u00e1nak \u00e9s piaci k\u00f6vetelm\u00e9nyeinek.<\/p>\n<h3>Granul\u00e1lt t\u00edpus\u00fa mogyor\u00f3vaj glob\u00e1lis export\u0151re \u00e9s sz\u00e1ll\u00edt\u00f3ja<\/h3>\n<p>Sz\u00e9les exporth\u00e1l\u00f3zatunkkal vil\u00e1gszerte szolg\u00e1ljuk ki \u00fcgyfeleinket, \u00edgy a granul\u00e1lt mogyor\u00f3vaj megb\u00edzhat\u00f3 export\u0151re \u00e9s sz\u00e1ll\u00edt\u00f3ja vagyunk. Hat\u00e9kony logisztik\u00e1nk biztos\u00edtja az id\u0151ben t\u00f6rt\u00e9n\u0151 kisz\u00e1ll\u00edt\u00e1st, ak\u00e1r kis t\u00e9telekre, ak\u00e1r t\u00f6meges megrendel\u00e9sekre van sz\u00fcks\u00e9ge. Meg\u00e9rtj\u00fck a k\u00f6vetkezetess\u00e9g \u00e9s a megb\u00edzhat\u00f3s\u00e1g fontoss\u00e1g\u00e1t a nemzetk\u00f6zi piacokon.<\/p>\n<h3>Mi\u00e9rt v\u00e1lassz minket?<\/h3>\n<ul>\n<li><strong>Kiterjedt termel\u00e9si kapacit\u00e1s<\/strong>: Nagy\u00fczemi gy\u00e1rt\u00e1s az \u00d6n m\u00e1rk\u00e1j\u00e1hoz szabva<\/li>\n<li><strong>Glob\u00e1lis <a href=\"https:\/\/www.peanutoem.com\/hu\/certificate\/\" target=\"_blank\" rel=\"noopener\">Tan\u00fas\u00edtv\u00e1nyok<\/a><\/strong>: Bele\u00e9rtve a HACCP-t, a BRCGS-t, a Halal-t, a k\u00f3ser-t \u00e9s m\u00e9g sok m\u00e1st<\/li>\n<li><strong>Rugalmas OEM \u00e9s saj\u00e1t c\u00edmke opci\u00f3k<\/strong>: Testreszabhat\u00f3 az \u00d6n ig\u00e9nyei szerint<\/li>\n<li><strong>Megb\u00edzhat\u00f3 export\u0151r \u00e9s sz\u00e1ll\u00edt\u00f3<\/strong>: Folyamatos min\u0151s\u00e9ggel szolg\u00e1lja ki a piacokat vil\u00e1gszerte<\/li>\n<\/ul>\n<p>Rugalmas OEM \u00e9s saj\u00e1t m\u00e1rk\u00e1s megold\u00e1saink r\u00e9v\u00e9n k\u00e9szen \u00e1llunk arra, hogy a legjobb ropog\u00f3s mogyor\u00f3vajat k\u00edn\u00e1ljuk. Seg\u00edt\u00fcnk \u00d6nnek abban, hogy pr\u00e9mium, granul\u00e1lt mogyor\u00f3vajat tudjon eljuttatni v\u00e1s\u00e1rl\u00f3ihoz, a min\u0151s\u00e9gre \u00e9s a testreszab\u00e1sra \u00f6sszpontos\u00edtva.<\/p>\n<a href=\"mailto:globepeanut@gmail.com\" class=\"button primary is-primary is-medium\"  >\n    <span>\u00cdrjon nek\u00fcnk e-mailt<\/span>\n  <\/a>","protected":false},"excerpt":{"rendered":"<table width=\"564\">\n<tbody>\n<tr>\n<td width=\"113\"><strong>Term\u00e9k neve<\/strong><\/td>\n<td width=\"402\">Ropog\u00f3s mogyor\u00f3vaj<\/td>\n<\/tr>\n<tr>\n<td width=\"113\"><strong>Hozz\u00e1val\u00f3k<\/strong><\/td>\n<td width=\"402\">V\u00e1logatott f\u00f6ldimogyor\u00f3 mag, feh\u00e9r cukor, hidrog\u00e9nezett n\u00f6v\u00e9nyi olaj, s\u00f3<\/td>\n<\/tr>\n<tr>\n<td width=\"113\"><strong>M\u0171szaki adatok<\/strong><\/td>\n<td width=\"402\">200 g x 36, 227 g x 24, 340 g x 12, 375 g x 12, 500 g x 12, 510 g x 12, 1 kg x 12, 10 kg x 1, 20 kg x 1, 220 kg x 1<\/td>\n<\/tr>\n<tr>\n<td width=\"113\"><strong>Csomagol\u00e1si forma<\/strong><\/td>\n<td width=\"402\">T\u00e9gely, V\u00f6d\u00f6r, Doy-csomag, t\u00e1ska, kartondoboz, \u00f3n, hord\u00f3, doboz, palack stb.<\/td>\n<\/tr>\n<tr>\n<td width=\"113\"><strong>Sz\u00e1ll\u00edt\u00e1si id\u0151<\/strong><\/td>\n<td width=\"402\">7-20 nappal a megrendel\u00e9s ut\u00e1n<\/td>\n<\/tr>\n<tr>\n<td width=\"113\"><strong>MOQ<\/strong><\/td>\n<td width=\"402\">Egy tonna<\/td>\n<\/tr>\n<tr>\n<td width=\"113\"><strong>Minta<\/strong><\/td>\n<td width=\"402\">Ingyenes minta kaphat\u00f3<\/td>\n<\/tr>\n<tr>\n<td width=\"113\"><strong>OEM<\/strong><\/td>\n<td width=\"402\">Vev\u0151 c\u00edmk\u00e9je elfogadva<\/td>\n<\/tr>\n<\/tbody>\n<\/table>","protected":false},"featured_media":1652,"comment_status":"open","ping_status":"closed","template":"","meta":[],"product_cat":[15],"product_tag":[],"class_list":{"0":"post-1402","1":"product","2":"type-product","3":"status-publish","4":"has-post-thumbnail","6":"product_cat-peanut-butter","8":"first","9":"instock","10":"featured","11":"shipping-taxable","12":"product-type-simple"},"yoast_head":"<!-- This site is optimized with the Yoast SEO plugin v24.9 - https:\/\/yoast.com\/wordpress\/plugins\/seo\/ -->\n<title>Crunchy Peanut Butter | Custom Crunchy Peanut Butter OEM - Peanut Butter Factory<\/title>\n<meta name=\"description\" content=\"As a leading private label manufacturer, Our crunchy peanut butter is made with delightful granule texture and customizable packaging.\" \/>\n<meta name=\"robots\" content=\"index, follow, max-snippet:-1, max-image-preview:large, max-video-preview:-1\" \/>\n<link rel=\"canonical\" href=\"https:\/\/www.peanutoem.com\/hu\/manufacturer\/crunchy-peanut-butter\/\" \/>\n<meta property=\"og:locale\" content=\"hu_HU\" \/>\n<meta property=\"og:type\" content=\"article\" \/>\n<meta property=\"og:title\" content=\"Crunchy Peanut Butter | Custom Crunchy Peanut Butter OEM - Peanut Butter Factory\" \/>\n<meta property=\"og:description\" content=\"As a leading private label manufacturer, Our crunchy peanut butter is made with delightful granule texture and customizable packaging.\" \/>\n<meta property=\"og:url\" content=\"https:\/\/www.peanutoem.com\/hu\/manufacturer\/crunchy-peanut-butter\/\" \/>\n<meta property=\"og:site_name\" content=\"Peanut Butter Factory\" \/>\n<meta property=\"article:modified_time\" content=\"2024-09-28T06:53:33+00:00\" \/>\n<meta property=\"og:image\" content=\"https:\/\/www.peanutoem.com\/wp-content\/uploads\/2023\/06\/Crunchy-Type-Peanut-Butter-340g.webp\" \/>\n\t<meta property=\"og:image:width\" content=\"1000\" \/>\n\t<meta property=\"og:image:height\" content=\"1000\" \/>\n\t<meta property=\"og:image:type\" content=\"image\/webp\" \/>\n<meta name=\"twitter:card\" content=\"summary_large_image\" \/>\n<meta name=\"twitter:label1\" content=\"Becs\u00fclt olvas\u00e1si id\u0151\" \/>\n\t<meta name=\"twitter:data1\" content=\"3 perc\" \/>\n<script type=\"application\/ld+json\" class=\"yoast-schema-graph\">{\"@context\":\"https:\/\/schema.org\",\"@graph\":[{\"@type\":\"WebPage\",\"@id\":\"https:\/\/www.peanutoem.com\/manufacturer\/crunchy-peanut-butter\/\",\"url\":\"https:\/\/www.peanutoem.com\/manufacturer\/crunchy-peanut-butter\/\",\"name\":\"Crunchy Peanut Butter | Custom Crunchy Peanut Butter OEM - Peanut Butter Factory\",\"isPartOf\":{\"@id\":\"https:\/\/www.peanutoem.com\/#website\"},\"primaryImageOfPage\":{\"@id\":\"https:\/\/www.peanutoem.com\/manufacturer\/crunchy-peanut-butter\/#primaryimage\"},\"image\":{\"@id\":\"https:\/\/www.peanutoem.com\/manufacturer\/crunchy-peanut-butter\/#primaryimage\"},\"thumbnailUrl\":\"https:\/\/www.peanutoem.com\/wp-content\/uploads\/2023\/06\/Crunchy-Type-Peanut-Butter-340g.webp\",\"datePublished\":\"2023-06-08T08:15:42+00:00\",\"dateModified\":\"2024-09-28T06:53:33+00:00\",\"description\":\"As a leading private label manufacturer, Our crunchy peanut butter is made with delightful granule texture and customizable packaging.\",\"breadcrumb\":{\"@id\":\"https:\/\/www.peanutoem.com\/manufacturer\/crunchy-peanut-butter\/#breadcrumb\"},\"inLanguage\":\"hu\",\"potentialAction\":[{\"@type\":\"ReadAction\",\"target\":[\"https:\/\/www.peanutoem.com\/manufacturer\/crunchy-peanut-butter\/\"]}]},{\"@type\":\"ImageObject\",\"inLanguage\":\"hu\",\"@id\":\"https:\/\/www.peanutoem.com\/manufacturer\/crunchy-peanut-butter\/#primaryimage\",\"url\":\"https:\/\/www.peanutoem.com\/wp-content\/uploads\/2023\/06\/Crunchy-Type-Peanut-Butter-340g.webp\",\"contentUrl\":\"https:\/\/www.peanutoem.com\/wp-content\/uploads\/2023\/06\/Crunchy-Type-Peanut-Butter-340g.webp\",\"width\":1000,\"height\":1000,\"caption\":\"Crunchy Type Peanut Butter 340g\"},{\"@type\":\"BreadcrumbList\",\"@id\":\"https:\/\/www.peanutoem.com\/manufacturer\/crunchy-peanut-butter\/#breadcrumb\",\"itemListElement\":[{\"@type\":\"ListItem\",\"position\":1,\"name\":\"Home\",\"item\":\"https:\/\/www.peanutoem.com\/\"},{\"@type\":\"ListItem\",\"position\":2,\"name\":\"Products\",\"item\":\"https:\/\/www.peanutoem.com\/shop\/\"},{\"@type\":\"ListItem\",\"position\":3,\"name\":\"Crunchy Peanut Butter | Custom Crunchy Peanut Butter\"}]},{\"@type\":\"WebSite\",\"@id\":\"https:\/\/www.peanutoem.com\/#website\",\"url\":\"https:\/\/www.peanutoem.com\/\",\"name\":\"Peanut Butter Factory\",\"description\":\"Peanut Butter Manufacturer and Roast Peanut OEM Factory | Peanut Private Label China Supplier\",\"publisher\":{\"@id\":\"https:\/\/www.peanutoem.com\/#organization\"},\"alternateName\":\"Peanut Butter OEM and Wholesale\",\"potentialAction\":[{\"@type\":\"SearchAction\",\"target\":{\"@type\":\"EntryPoint\",\"urlTemplate\":\"https:\/\/www.peanutoem.com\/?s={search_term_string}\"},\"query-input\":{\"@type\":\"PropertyValueSpecification\",\"valueRequired\":true,\"valueName\":\"search_term_string\"}}],\"inLanguage\":\"hu\"},{\"@type\":\"Organization\",\"@id\":\"https:\/\/www.peanutoem.com\/#organization\",\"name\":\"Peanut Butter Factory\",\"alternateName\":\"JuFeng Group\",\"url\":\"https:\/\/www.peanutoem.com\/\",\"logo\":{\"@type\":\"ImageObject\",\"inLanguage\":\"hu\",\"@id\":\"https:\/\/www.peanutoem.com\/#\/schema\/logo\/image\/\",\"url\":\"https:\/\/www.peanutoem.com\/wp-content\/uploads\/2024\/09\/JUFENG-LOGO.png\",\"contentUrl\":\"https:\/\/www.peanutoem.com\/wp-content\/uploads\/2024\/09\/JUFENG-LOGO.png\",\"width\":600,\"height\":170,\"caption\":\"Peanut Butter Factory\"},\"image\":{\"@id\":\"https:\/\/www.peanutoem.com\/#\/schema\/logo\/image\/\"}}]}<\/script>\n<!-- \/ Yoast SEO plugin. -->","yoast_head_json":{"title":"Crunchy Peanut Butter | Custom Crunchy Peanut Butter OEM - Peanut Butter Factory","description":"As a leading private label manufacturer, Our crunchy peanut butter is made with delightful granule texture and customizable packaging.","robots":{"index":"index","follow":"follow","max-snippet":"max-snippet:-1","max-image-preview":"max-image-preview:large","max-video-preview":"max-video-preview:-1"},"canonical":"https:\/\/www.peanutoem.com\/hu\/manufacturer\/crunchy-peanut-butter\/","og_locale":"hu_HU","og_type":"article","og_title":"Crunchy Peanut Butter | Custom Crunchy Peanut Butter OEM - Peanut Butter Factory","og_description":"As a leading private label manufacturer, Our crunchy peanut butter is made with delightful granule texture and customizable packaging.","og_url":"https:\/\/www.peanutoem.com\/hu\/manufacturer\/crunchy-peanut-butter\/","og_site_name":"Peanut Butter Factory","article_modified_time":"2024-09-28T06:53:33+00:00","og_image":[{"width":1000,"height":1000,"url":"https:\/\/www.peanutoem.com\/wp-content\/uploads\/2023\/06\/Crunchy-Type-Peanut-Butter-340g.webp","type":"image\/webp"}],"twitter_card":"summary_large_image","twitter_misc":{"Becs\u00fclt olvas\u00e1si id\u0151":"3 perc"},"schema":{"@context":"https:\/\/schema.org","@graph":[{"@type":"WebPage","@id":"https:\/\/www.peanutoem.com\/manufacturer\/crunchy-peanut-butter\/","url":"https:\/\/www.peanutoem.com\/manufacturer\/crunchy-peanut-butter\/","name":"Crunchy Peanut Butter | Custom Crunchy Peanut Butter OEM - Peanut Butter Factory","isPartOf":{"@id":"https:\/\/www.peanutoem.com\/#website"},"primaryImageOfPage":{"@id":"https:\/\/www.peanutoem.com\/manufacturer\/crunchy-peanut-butter\/#primaryimage"},"image":{"@id":"https:\/\/www.peanutoem.com\/manufacturer\/crunchy-peanut-butter\/#primaryimage"},"thumbnailUrl":"https:\/\/www.peanutoem.com\/wp-content\/uploads\/2023\/06\/Crunchy-Type-Peanut-Butter-340g.webp","datePublished":"2023-06-08T08:15:42+00:00","dateModified":"2024-09-28T06:53:33+00:00","description":"As a leading private label manufacturer, Our crunchy peanut butter is made with delightful granule texture and customizable packaging.","breadcrumb":{"@id":"https:\/\/www.peanutoem.com\/manufacturer\/crunchy-peanut-butter\/#breadcrumb"},"inLanguage":"hu","potentialAction":[{"@type":"ReadAction","target":["https:\/\/www.peanutoem.com\/manufacturer\/crunchy-peanut-butter\/"]}]},{"@type":"ImageObject","inLanguage":"hu","@id":"https:\/\/www.peanutoem.com\/manufacturer\/crunchy-peanut-butter\/#primaryimage","url":"https:\/\/www.peanutoem.com\/wp-content\/uploads\/2023\/06\/Crunchy-Type-Peanut-Butter-340g.webp","contentUrl":"https:\/\/www.peanutoem.com\/wp-content\/uploads\/2023\/06\/Crunchy-Type-Peanut-Butter-340g.webp","width":1000,"height":1000,"caption":"Crunchy Type Peanut Butter 340g"},{"@type":"BreadcrumbList","@id":"https:\/\/www.peanutoem.com\/manufacturer\/crunchy-peanut-butter\/#breadcrumb","itemListElement":[{"@type":"ListItem","position":1,"name":"Home","item":"https:\/\/www.peanutoem.com\/"},{"@type":"ListItem","position":2,"name":"Products","item":"https:\/\/www.peanutoem.com\/shop\/"},{"@type":"ListItem","position":3,"name":"Crunchy Peanut Butter | Custom Crunchy Peanut Butter"}]},{"@type":"WebSite","@id":"https:\/\/www.peanutoem.com\/#website","url":"https:\/\/www.peanutoem.com\/","name":"Peanut Butter Factory","description":"Peanut Butter Manufacturer and Roast Peanut OEM Factory | Peanut Private Label China Supplier","publisher":{"@id":"https:\/\/www.peanutoem.com\/#organization"},"alternateName":"Peanut Butter OEM and Wholesale","potentialAction":[{"@type":"SearchAction","target":{"@type":"EntryPoint","urlTemplate":"https:\/\/www.peanutoem.com\/?s={search_term_string}"},"query-input":{"@type":"PropertyValueSpecification","valueRequired":true,"valueName":"search_term_string"}}],"inLanguage":"hu"},{"@type":"Organization","@id":"https:\/\/www.peanutoem.com\/#organization","name":"Peanut Butter Factory","alternateName":"JuFeng Group","url":"https:\/\/www.peanutoem.com\/","logo":{"@type":"ImageObject","inLanguage":"hu","@id":"https:\/\/www.peanutoem.com\/#\/schema\/logo\/image\/","url":"https:\/\/www.peanutoem.com\/wp-content\/uploads\/2024\/09\/JUFENG-LOGO.png","contentUrl":"https:\/\/www.peanutoem.com\/wp-content\/uploads\/2024\/09\/JUFENG-LOGO.png","width":600,"height":170,"caption":"Peanut Butter Factory"},"image":{"@id":"https:\/\/www.peanutoem.com\/#\/schema\/logo\/image\/"}}]}},"_links":{"self":[{"href":"https:\/\/www.peanutoem.com\/hu\/wp-json\/wp\/v2\/product\/1402","targetHints":{"allow":["GET"]}}],"collection":[{"href":"https:\/\/www.peanutoem.com\/hu\/wp-json\/wp\/v2\/product"}],"about":[{"href":"https:\/\/www.peanutoem.com\/hu\/wp-json\/wp\/v2\/types\/product"}],"replies":[{"embeddable":true,"href":"https:\/\/www.peanutoem.com\/hu\/wp-json\/wp\/v2\/comments?post=1402"}],"wp:featuredmedia":[{"embeddable":true,"href":"https:\/\/www.peanutoem.com\/hu\/wp-json\/wp\/v2\/media\/1652"}],"wp:attachment":[{"href":"https:\/\/www.peanutoem.com\/hu\/wp-json\/wp\/v2\/media?parent=1402"}],"wp:term":[{"taxonomy":"product_cat","embeddable":true,"href":"https:\/\/www.peanutoem.com\/hu\/wp-json\/wp\/v2\/product_cat?post=1402"},{"taxonomy":"product_tag","embeddable":true,"href":"https:\/\/www.peanutoem.com\/hu\/wp-json\/wp\/v2\/product_tag?post=1402"}],"curies":[{"name":"wp","href":"https:\/\/api.w.org\/{rel}","templated":true}]}}