{"id":1543,"date":"2024-09-02T13:37:15","date_gmt":"2024-09-02T13:37:15","guid":{"rendered":"https:\/\/www.peanutoem.com\/?post_type=product&#038;p=1543"},"modified":"2024-09-28T06:03:37","modified_gmt":"2024-09-28T06:03:37","slug":"pure-peanut-butter","status":"publish","type":"product","link":"https:\/\/www.peanutoem.com\/hu\/manufacturer\/pure-peanut-butter\/","title":{"rendered":"Tiszta mogyor\u00f3vaj"},"content":{"rendered":"<h3>Pure Mogyor\u00f3vaj \u2013 Vezet\u0151 OEM szolg\u00e1ltat\u00f3 \u00e9s saj\u00e1t m\u00e1rk\u00e1s gy\u00e1rt\u00f3<\/h3>\n<p>Megb\u00edzhat\u00f3 OEM-szolg\u00e1ltat\u00f3k\u00e9nt, saj\u00e1t m\u00e1rk\u00e1s gy\u00e1rt\u00f3k\u00e9nt \u00e9s export\u0151rk\u00e9nt tiszta mogyor\u00f3vaj el\u0151\u00e1ll\u00edt\u00e1s\u00e1ra \u00e9s sz\u00e1ll\u00edt\u00e1s\u00e1ra specializ\u00e1l\u00f3dtunk. Term\u00e9keink 100% f\u00f6ldimogyor\u00f3b\u00f3l k\u00e9sz\u00fclnek, p\u00e1ratlan min\u0151s\u00e9get \u00e9s hiteless\u00e9get biztos\u00edtva m\u00e1rk\u00e1j\u00e1nak. Fejlett gy\u00e1rt\u00e1si k\u00e9pess\u00e9gekkel \u00e9s glob\u00e1lis tan\u00fas\u00edtv\u00e1nyokkal a mogyor\u00f3vaj-megold\u00e1sainkat az \u00d6n egyedi ig\u00e9nyeihez szabjuk.<\/p>\n<h3>Mi az a tiszta mogyor\u00f3vaj?<\/h3>\n<p><strong>Tiszta <a href=\"https:\/\/www.peanutoem.com\/hu\/Wholesale\/peanut-butter\/\" target=\"_blank\" rel=\"noopener\">mogyor\u00f3vaj<\/a><\/strong> 100%-b\u0151l k\u00e9sz\u00fcl <a href=\"https:\/\/en.wikipedia.org\/wiki\/Peanut\" target=\"_blank\" rel=\"noopener\">f\u00f6ldimogyor\u00f3<\/a>, hozz\u00e1adott cukrok, olajok \u00e9s tart\u00f3s\u00edt\u00f3szerek n\u00e9lk\u00fcl. Term\u00e9szetes, feldolgozatlan \u00edzt k\u00edn\u00e1l, amely vonz\u00f3 az eg\u00e9szs\u00e9gtudatos fogyaszt\u00f3k sz\u00e1m\u00e1ra. Ez a fajta mogyor\u00f3vaj meg\u0151rzi a f\u00f6ldimogyor\u00f3 gazdag \u00edz\u00e9t \u00e9s term\u00e9szetes olajait, \u00edgy n\u00e9pszer\u0171 v\u00e1laszt\u00e1s azok sz\u00e1m\u00e1ra, akik tiszta c\u00edmk\u00e9t keresnek.<\/p>\n<h3>Mik a tiszta mogyor\u00f3vaj egy\u00e9b nevei?<\/h3>\n<p>R\u00e9gi\u00f3konk\u00e9nt \u00e9s ipar\u00e1gakonk\u00e9nt k\u00fcl\u00f6nb\u00f6z\u0151 neveken is ismert. A leggyakoribb alternat\u00edv nevek k\u00f6z\u00e9 tartozik:<\/p>\n<ul>\n<li><strong>Term\u00e9szetes mogyor\u00f3vaj<\/strong><\/li>\n<li><strong>\u00c9des\u00edtetlen mogyor\u00f3vaj<\/strong><\/li>\n<li><strong>Adal\u00e9kanyag mentes mogyor\u00f3vaj<\/strong><\/li>\n<li><strong>100% mogyor\u00f3vaj<\/strong><\/li>\n<\/ul>\n<p>Ezek a nevek hangs\u00falyozz\u00e1k a tov\u00e1bbi \u00f6sszetev\u0151k hi\u00e1ny\u00e1t, kiemelve a term\u00e9k tisztas\u00e1g\u00e1t.<\/p>\n<h3>Mi\u00e9rt v\u00e1lasszon minket sz\u00e1ll\u00edt\u00f3j\u00e1nak?<\/h3>\n<p>Vezet\u0151 OEM szolg\u00e1ltat\u00f3k\u00e9nt \u00e9s saj\u00e1t m\u00e1rk\u00e1s gy\u00e1rt\u00f3k\u00e9nt a k\u00f6vetkez\u0151ket k\u00edn\u00e1ljuk:<\/p>\n<ul>\n<li><strong>Kiv\u00e1l\u00f3 min\u0151s\u00e9g\u0171 term\u00e9kek:<\/strong> Tiszta mogyor\u00f3vajunk 100% v\u00e1logatott f\u00f6ldimogyor\u00f3t tartalmaz, hozz\u00e1adott cukrokt\u00f3l, olajokt\u00f3l \u00e9s tart\u00f3s\u00edt\u00f3szerekt\u0151l mentes.<\/li>\n<li><strong>Testreszabhat\u00f3 megold\u00e1sok:<\/strong> Rugalmas csomagol\u00e1si lehet\u0151s\u00e9geket k\u00edn\u00e1lunk, bele\u00e9rtve az \u00fcvegeket, konzervdobozokat \u00e9s v\u00f6dr\u00f6ket, k\u00fcl\u00f6nb\u00f6z\u0151 m\u00e9retekben, hogy megfelelj\u00fcnk a piaci ig\u00e9nyeknek.<\/li>\n<li><strong>Glob\u00e1lis <a href=\"https:\/\/www.peanutoem.com\/hu\/certificate\/\" target=\"_blank\" rel=\"noopener\">Tan\u00fas\u00edtv\u00e1nyok<\/a>:<\/strong> Tan\u00fas\u00edtv\u00e1nyaink, bele\u00e9rtve a HACCP-t, a BRCGS-t, a Halal-t \u00e9s a Kosher-t, garant\u00e1lj\u00e1k a term\u00e9kbiztons\u00e1got \u00e9s a pr\u00e9mium min\u0151s\u00e9get.<\/li>\n<li><strong>Nagy gy\u00e1rt\u00e1si kapacit\u00e1s:<\/strong> Hat\u00e9konyan tudjuk kezelni a kis \u00e9s t\u00f6meges megrendel\u00e9seket is, sokf\u00e9le \u00fcgyf\u00e9lig\u00e9nyt kiel\u00e9g\u00edtve.<\/li>\n<li><strong>Szak\u00e9rtelem a glob\u00e1lis exportban:<\/strong> Nagy tapasztalattal rendelkez\u00fcnk a kiv\u00e1l\u00f3 min\u0151s\u00e9g\u0171 mogyor\u00f3vaj \u00fcgyfeleink sz\u00e1m\u00e1ra vil\u00e1gszerte t\u00f6rt\u00e9n\u0151 sz\u00e1ll\u00edt\u00e1s\u00e1ban.<\/li>\n<\/ul>\n<h3>GYIK V\u00e1llalkoz\u00e1sunk gy\u00e1rt\u00f3i \u00e9s nagykereskedelmi szerepk\u00f6r\u00e9r\u0151l<\/h3>\n<ol>\n<li><strong>Mi\u00e9rt \u00d6n vezet\u0151 OEM-szolg\u00e1ltat\u00f3 a mogyor\u00f3vaj-iparban?<\/strong><br \/>\nMogyor\u00f3vajat gy\u00e1rtunk m\u00e1rk\u00e1k sz\u00e1m\u00e1ra saj\u00e1t c\u00edmk\u00e9vel, testreszabott term\u00e9kmegold\u00e1sokat biztos\u00edtva.<\/li>\n<li><strong>K\u00edn\u00e1l saj\u00e1t m\u00e1rk\u00e1s szolg\u00e1ltat\u00e1sokat?<\/strong><br \/>\nIgen, rugalmas saj\u00e1t m\u00e1rk\u00e1s megold\u00e1sokra specializ\u00e1l\u00f3dtunk, amelyek seg\u00edtenek \u00d6nnek elk\u00e9sz\u00edteni a m\u00e1rk\u00e1s mogyor\u00f3vajat.<\/li>\n<li><strong>Milyen \u00f6sszetev\u0151ket haszn\u00e1lsz?<\/strong><br \/>\nTiszta mogyor\u00f3vajunk 100% v\u00e1logatott f\u00f6ldimogyor\u00f3b\u00f3l \u00e1ll, hozz\u00e1adott cukrok, olajok vagy tart\u00f3s\u00edt\u00f3szerek n\u00e9lk\u00fcl.<\/li>\n<li><strong>Hogyan szabhatom testre a csomagol\u00e1somat?<\/strong><br \/>\nK\u00fcl\u00f6nf\u00e9le csomagol\u00e1si lehet\u0151s\u00e9gek \u00e9s m\u00e9retek k\u00f6z\u00fcl v\u00e1laszthat, az \u00d6n ig\u00e9nyeire szabva a kiskereskedelemt\u0151l a nagykereskedelmiig.<\/li>\n<li><strong>Mi a minim\u00e1lis rendel\u00e9si mennyis\u00e9g (MOQ)?<\/strong><br \/>\nA MOQ egy tonn\u00e1s, rugalmass\u00e1got biztos\u00edt kis- \u00e9s nagyv\u00e1llalatok sz\u00e1m\u00e1ra egyar\u00e1nt.<\/li>\n<li><strong>Mit\u0151l t\u0171nik ki a tiszta mogyor\u00f3vajat?<\/strong><br \/>\nA min\u0151s\u00e9g ir\u00e1nti elk\u00f6telezetts\u00e9g\u00fcnk, a glob\u00e1lis tan\u00fas\u00edtv\u00e1nyok \u00e9s a szem\u00e9lyre szabott saj\u00e1t m\u00e1rk\u00e1s megold\u00e1sok k\u00fcl\u00f6nb\u00f6ztetnek meg minket a versenyt\u00e1rsakt\u00f3l.<\/li>\n<li><strong>Mennyi ideig tart a rendel\u00e9s feldolgoz\u00e1sa?<\/strong><br \/>\nA sz\u00e1ll\u00edt\u00e1si id\u0151 7-20 nap, a megrendel\u00e9s m\u00e9ret\u00e9t\u0151l \u00e9s a csomagol\u00e1si k\u00f6vetelm\u00e9nyekt\u0151l f\u00fcgg\u0151en.<\/li>\n<li><strong>K\u00e9rhetek mint\u00e1kat a megrendel\u00e9s el\u0151tt?<\/strong><br \/>\nIgen, ingyenes mint\u00e1kat k\u00edn\u00e1lunk tiszta mogyor\u00f3vajunkb\u00f3l a min\u0151s\u00e9gi \u00e9rt\u00e9kel\u00e9shez, miel\u0151tt t\u00f6meges rendel\u00e9st adna le.<\/li>\n<li><strong>Vil\u00e1gszerte export\u00e1l?<\/strong><br \/>\nTeljesen! Tapasztaltunk kiv\u00e1l\u00f3 min\u0151s\u00e9g\u0171 tiszta mogyor\u00f3vaj export\u00e1l\u00e1s\u00e1ban \u00fcgyfeleink sz\u00e1m\u00e1ra vil\u00e1gszerte.<\/li>\n<\/ol>\n<h3>Mi\u00e9rt tiszta mogyor\u00f3vaj?<\/h3>\n<p>A tiszta f\u00f6ldimogyor\u00f3vaj a legjobb v\u00e1laszt\u00e1s az eg\u00e9szs\u00e9gtudatos fogyaszt\u00f3k sz\u00e1m\u00e1ra, akik term\u00e9szetes, adal\u00e9kanyagok n\u00e9lk\u00fcli term\u00e9ket keresnek. Gazdag feh\u00e9rj\u00e9ben, eg\u00e9szs\u00e9ges zs\u00edrokban \u00e9s alapvet\u0151 t\u00e1panyagokban, \u00edgy vil\u00e1gszerte sokoldal\u00fa konyhai alapanyag. Ahogy a fogyaszt\u00f3k egyre ink\u00e1bb a tiszta c\u00edmk\u00e9kre \u00f6sszpontos\u00edtanak, az 100% f\u00f6ldimogyor\u00f3 alap\u00fa term\u00e9kek ir\u00e1nti kereslet folyamatosan n\u00f6vekszik.<\/p>\n<p>Gondoskodunk arr\u00f3l, hogy tiszta mogyor\u00f3vajunk megfeleljen ezeknek az ig\u00e9nyeknek, olyan term\u00e9ket biztos\u00edtva, amely a lehet\u0151 legk\u00f6zelebb \u00e1ll a term\u00e9szethez, mik\u00f6zben teljes m\u00e9rt\u00e9kben szem\u00e9lyre szabhat\u00f3 az \u00d6n m\u00e1rk\u00e1j\u00e1nak ig\u00e9nyeihez. Ak\u00e1r b\u0151v\u00edteni szeretn\u00e9 m\u00e1rk\u00e1ja k\u00edn\u00e1lat\u00e1t, ak\u00e1r \u00faj piacokra szeretne bel\u00e9pni, mi rendelkez\u00fcnk a megfelel\u0151 kapacit\u00e1ssal, szak\u00e9rtelm\u00fcnkkel \u00e9s tan\u00fas\u00edtv\u00e1nyainkkal, hogy ezt megval\u00f3s\u00edtsuk.<\/p>\n<a href=\"mailto:globepeanut@gmail.com\" class=\"button primary is-primary is-medium\"  >\n    <span>\u00cdrjon nek\u00fcnk e-mailt<\/span>\n  <\/a>","protected":false},"excerpt":{"rendered":"<table width=\"564\">\n<tbody>\n<tr>\n<td width=\"113\"><strong>Term\u00e9k neve<\/strong><\/td>\n<td width=\"402\">Tiszta mogyor\u00f3vaj<\/td>\n<\/tr>\n<tr>\n<td width=\"113\"><strong>Hozz\u00e1val\u00f3k<\/strong><\/td>\n<td width=\"402\">V\u00e1logatott mogyor\u00f3vaj<\/td>\n<\/tr>\n<tr>\n<td width=\"113\"><strong>M\u0171szaki adatok<\/strong><\/td>\n<td width=\"402\">10 kg x 1, 20 kg x 1, 22 kg x 1 220 kg x 1<\/td>\n<\/tr>\n<tr>\n<td width=\"113\"><strong>Csomagol\u00e1si forma<\/strong><\/td>\n<td width=\"402\">\u00dcveg, v\u00f6d\u00f6r, t\u00e1ska, kartondoboz, hord\u00f3, palack stb<\/td>\n<\/tr>\n<tr>\n<td width=\"113\"><strong>Sz\u00e1ll\u00edt\u00e1si id\u0151<\/strong><\/td>\n<td width=\"402\">7-20 nappal a megrendel\u00e9s ut\u00e1n<\/td>\n<\/tr>\n<tr>\n<td width=\"113\"><strong>MOQ<\/strong><\/td>\n<td width=\"402\">Egy tonna<\/td>\n<\/tr>\n<tr>\n<td width=\"113\"><strong>Minta<\/strong><\/td>\n<td width=\"402\">Ingyenes minta kaphat\u00f3<\/td>\n<\/tr>\n<tr>\n<td width=\"113\"><strong>OEM<\/strong><\/td>\n<td width=\"402\">Vev\u0151 c\u00edmk\u00e9je elfogadva<\/td>\n<\/tr>\n<\/tbody>\n<\/table>","protected":false},"featured_media":1659,"comment_status":"open","ping_status":"closed","template":"","meta":[],"product_cat":[15],"product_tag":[],"class_list":{"0":"post-1543","1":"product","2":"type-product","3":"status-publish","4":"has-post-thumbnail","6":"product_cat-peanut-butter","8":"first","9":"instock","10":"shipping-taxable","11":"product-type-simple"},"yoast_head":"<!-- This site is optimized with the Yoast SEO plugin v24.9 - https:\/\/yoast.com\/wordpress\/plugins\/seo\/ -->\n<title>Pure Peanut Butter OEM Producer - Peanut Butter Factory<\/title>\n<meta name=\"description\" content=\"As a top OEM manufacturer and exporter, we supply pure peanut butter made from 100% peanuts. Customizable private label solutions for your business needs.\" \/>\n<meta name=\"robots\" content=\"index, follow, max-snippet:-1, max-image-preview:large, max-video-preview:-1\" \/>\n<link rel=\"canonical\" href=\"https:\/\/www.peanutoem.com\/hu\/manufacturer\/pure-peanut-butter\/\" \/>\n<meta property=\"og:locale\" content=\"hu_HU\" \/>\n<meta property=\"og:type\" content=\"article\" \/>\n<meta property=\"og:title\" content=\"Pure Peanut Butter OEM Producer - Peanut Butter Factory\" \/>\n<meta property=\"og:description\" content=\"As a top OEM manufacturer and exporter, we supply pure peanut butter made from 100% peanuts. Customizable private label solutions for your business needs.\" \/>\n<meta property=\"og:url\" content=\"https:\/\/www.peanutoem.com\/hu\/manufacturer\/pure-peanut-butter\/\" \/>\n<meta property=\"og:site_name\" content=\"Peanut Butter Factory\" \/>\n<meta property=\"article:modified_time\" content=\"2024-09-28T06:03:37+00:00\" \/>\n<meta property=\"og:image\" content=\"https:\/\/www.peanutoem.com\/wp-content\/uploads\/2024\/09\/Pure-Peanut-Butter-OEM-Supplier.webp\" \/>\n\t<meta property=\"og:image:width\" content=\"1000\" \/>\n\t<meta property=\"og:image:height\" content=\"1000\" \/>\n\t<meta property=\"og:image:type\" content=\"image\/webp\" \/>\n<meta name=\"twitter:card\" content=\"summary_large_image\" \/>\n<meta name=\"twitter:label1\" content=\"Becs\u00fclt olvas\u00e1si id\u0151\" \/>\n\t<meta name=\"twitter:data1\" content=\"3 perc\" \/>\n<script type=\"application\/ld+json\" class=\"yoast-schema-graph\">{\"@context\":\"https:\/\/schema.org\",\"@graph\":[{\"@type\":\"WebPage\",\"@id\":\"https:\/\/www.peanutoem.com\/manufacturer\/pure-peanut-butter\/\",\"url\":\"https:\/\/www.peanutoem.com\/manufacturer\/pure-peanut-butter\/\",\"name\":\"Pure Peanut Butter OEM Producer - Peanut Butter Factory\",\"isPartOf\":{\"@id\":\"https:\/\/www.peanutoem.com\/#website\"},\"primaryImageOfPage\":{\"@id\":\"https:\/\/www.peanutoem.com\/manufacturer\/pure-peanut-butter\/#primaryimage\"},\"image\":{\"@id\":\"https:\/\/www.peanutoem.com\/manufacturer\/pure-peanut-butter\/#primaryimage\"},\"thumbnailUrl\":\"https:\/\/www.peanutoem.com\/wp-content\/uploads\/2024\/09\/Pure-Peanut-Butter-OEM-Supplier.webp\",\"datePublished\":\"2024-09-02T13:37:15+00:00\",\"dateModified\":\"2024-09-28T06:03:37+00:00\",\"description\":\"As a top OEM manufacturer and exporter, we supply pure peanut butter made from 100% peanuts. Customizable private label solutions for your business needs.\",\"breadcrumb\":{\"@id\":\"https:\/\/www.peanutoem.com\/manufacturer\/pure-peanut-butter\/#breadcrumb\"},\"inLanguage\":\"hu\",\"potentialAction\":[{\"@type\":\"ReadAction\",\"target\":[\"https:\/\/www.peanutoem.com\/manufacturer\/pure-peanut-butter\/\"]}]},{\"@type\":\"ImageObject\",\"inLanguage\":\"hu\",\"@id\":\"https:\/\/www.peanutoem.com\/manufacturer\/pure-peanut-butter\/#primaryimage\",\"url\":\"https:\/\/www.peanutoem.com\/wp-content\/uploads\/2024\/09\/Pure-Peanut-Butter-OEM-Supplier.webp\",\"contentUrl\":\"https:\/\/www.peanutoem.com\/wp-content\/uploads\/2024\/09\/Pure-Peanut-Butter-OEM-Supplier.webp\",\"width\":1000,\"height\":1000,\"caption\":\"Pure Peanut Butter OEM Supplier\"},{\"@type\":\"BreadcrumbList\",\"@id\":\"https:\/\/www.peanutoem.com\/manufacturer\/pure-peanut-butter\/#breadcrumb\",\"itemListElement\":[{\"@type\":\"ListItem\",\"position\":1,\"name\":\"Home\",\"item\":\"https:\/\/www.peanutoem.com\/\"},{\"@type\":\"ListItem\",\"position\":2,\"name\":\"Products\",\"item\":\"https:\/\/www.peanutoem.com\/shop\/\"},{\"@type\":\"ListItem\",\"position\":3,\"name\":\"Pure Peanut Butter\"}]},{\"@type\":\"WebSite\",\"@id\":\"https:\/\/www.peanutoem.com\/#website\",\"url\":\"https:\/\/www.peanutoem.com\/\",\"name\":\"Peanut Butter Factory\",\"description\":\"Peanut Butter Manufacturer and Roast Peanut OEM Factory | Peanut Private Label China Supplier\",\"publisher\":{\"@id\":\"https:\/\/www.peanutoem.com\/#organization\"},\"alternateName\":\"Peanut Butter OEM and Wholesale\",\"potentialAction\":[{\"@type\":\"SearchAction\",\"target\":{\"@type\":\"EntryPoint\",\"urlTemplate\":\"https:\/\/www.peanutoem.com\/?s={search_term_string}\"},\"query-input\":{\"@type\":\"PropertyValueSpecification\",\"valueRequired\":true,\"valueName\":\"search_term_string\"}}],\"inLanguage\":\"hu\"},{\"@type\":\"Organization\",\"@id\":\"https:\/\/www.peanutoem.com\/#organization\",\"name\":\"Peanut Butter Factory\",\"alternateName\":\"JuFeng Group\",\"url\":\"https:\/\/www.peanutoem.com\/\",\"logo\":{\"@type\":\"ImageObject\",\"inLanguage\":\"hu\",\"@id\":\"https:\/\/www.peanutoem.com\/#\/schema\/logo\/image\/\",\"url\":\"https:\/\/www.peanutoem.com\/wp-content\/uploads\/2024\/09\/JUFENG-LOGO.png\",\"contentUrl\":\"https:\/\/www.peanutoem.com\/wp-content\/uploads\/2024\/09\/JUFENG-LOGO.png\",\"width\":600,\"height\":170,\"caption\":\"Peanut Butter Factory\"},\"image\":{\"@id\":\"https:\/\/www.peanutoem.com\/#\/schema\/logo\/image\/\"}}]}<\/script>\n<!-- \/ Yoast SEO plugin. -->","yoast_head_json":{"title":"Pure Peanut Butter OEM Producer - Peanut Butter Factory","description":"As a top OEM manufacturer and exporter, we supply pure peanut butter made from 100% peanuts. Customizable private label solutions for your business needs.","robots":{"index":"index","follow":"follow","max-snippet":"max-snippet:-1","max-image-preview":"max-image-preview:large","max-video-preview":"max-video-preview:-1"},"canonical":"https:\/\/www.peanutoem.com\/hu\/manufacturer\/pure-peanut-butter\/","og_locale":"hu_HU","og_type":"article","og_title":"Pure Peanut Butter OEM Producer - Peanut Butter Factory","og_description":"As a top OEM manufacturer and exporter, we supply pure peanut butter made from 100% peanuts. Customizable private label solutions for your business needs.","og_url":"https:\/\/www.peanutoem.com\/hu\/manufacturer\/pure-peanut-butter\/","og_site_name":"Peanut Butter Factory","article_modified_time":"2024-09-28T06:03:37+00:00","og_image":[{"width":1000,"height":1000,"url":"https:\/\/www.peanutoem.com\/wp-content\/uploads\/2024\/09\/Pure-Peanut-Butter-OEM-Supplier.webp","type":"image\/webp"}],"twitter_card":"summary_large_image","twitter_misc":{"Becs\u00fclt olvas\u00e1si id\u0151":"3 perc"},"schema":{"@context":"https:\/\/schema.org","@graph":[{"@type":"WebPage","@id":"https:\/\/www.peanutoem.com\/manufacturer\/pure-peanut-butter\/","url":"https:\/\/www.peanutoem.com\/manufacturer\/pure-peanut-butter\/","name":"Pure Peanut Butter OEM Producer - Peanut Butter Factory","isPartOf":{"@id":"https:\/\/www.peanutoem.com\/#website"},"primaryImageOfPage":{"@id":"https:\/\/www.peanutoem.com\/manufacturer\/pure-peanut-butter\/#primaryimage"},"image":{"@id":"https:\/\/www.peanutoem.com\/manufacturer\/pure-peanut-butter\/#primaryimage"},"thumbnailUrl":"https:\/\/www.peanutoem.com\/wp-content\/uploads\/2024\/09\/Pure-Peanut-Butter-OEM-Supplier.webp","datePublished":"2024-09-02T13:37:15+00:00","dateModified":"2024-09-28T06:03:37+00:00","description":"As a top OEM manufacturer and exporter, we supply pure peanut butter made from 100% peanuts. Customizable private label solutions for your business needs.","breadcrumb":{"@id":"https:\/\/www.peanutoem.com\/manufacturer\/pure-peanut-butter\/#breadcrumb"},"inLanguage":"hu","potentialAction":[{"@type":"ReadAction","target":["https:\/\/www.peanutoem.com\/manufacturer\/pure-peanut-butter\/"]}]},{"@type":"ImageObject","inLanguage":"hu","@id":"https:\/\/www.peanutoem.com\/manufacturer\/pure-peanut-butter\/#primaryimage","url":"https:\/\/www.peanutoem.com\/wp-content\/uploads\/2024\/09\/Pure-Peanut-Butter-OEM-Supplier.webp","contentUrl":"https:\/\/www.peanutoem.com\/wp-content\/uploads\/2024\/09\/Pure-Peanut-Butter-OEM-Supplier.webp","width":1000,"height":1000,"caption":"Pure Peanut Butter OEM Supplier"},{"@type":"BreadcrumbList","@id":"https:\/\/www.peanutoem.com\/manufacturer\/pure-peanut-butter\/#breadcrumb","itemListElement":[{"@type":"ListItem","position":1,"name":"Home","item":"https:\/\/www.peanutoem.com\/"},{"@type":"ListItem","position":2,"name":"Products","item":"https:\/\/www.peanutoem.com\/shop\/"},{"@type":"ListItem","position":3,"name":"Pure Peanut Butter"}]},{"@type":"WebSite","@id":"https:\/\/www.peanutoem.com\/#website","url":"https:\/\/www.peanutoem.com\/","name":"Peanut Butter Factory","description":"Peanut Butter Manufacturer and Roast Peanut OEM Factory | Peanut Private Label China Supplier","publisher":{"@id":"https:\/\/www.peanutoem.com\/#organization"},"alternateName":"Peanut Butter OEM and Wholesale","potentialAction":[{"@type":"SearchAction","target":{"@type":"EntryPoint","urlTemplate":"https:\/\/www.peanutoem.com\/?s={search_term_string}"},"query-input":{"@type":"PropertyValueSpecification","valueRequired":true,"valueName":"search_term_string"}}],"inLanguage":"hu"},{"@type":"Organization","@id":"https:\/\/www.peanutoem.com\/#organization","name":"Peanut Butter Factory","alternateName":"JuFeng Group","url":"https:\/\/www.peanutoem.com\/","logo":{"@type":"ImageObject","inLanguage":"hu","@id":"https:\/\/www.peanutoem.com\/#\/schema\/logo\/image\/","url":"https:\/\/www.peanutoem.com\/wp-content\/uploads\/2024\/09\/JUFENG-LOGO.png","contentUrl":"https:\/\/www.peanutoem.com\/wp-content\/uploads\/2024\/09\/JUFENG-LOGO.png","width":600,"height":170,"caption":"Peanut Butter Factory"},"image":{"@id":"https:\/\/www.peanutoem.com\/#\/schema\/logo\/image\/"}}]}},"_links":{"self":[{"href":"https:\/\/www.peanutoem.com\/hu\/wp-json\/wp\/v2\/product\/1543","targetHints":{"allow":["GET"]}}],"collection":[{"href":"https:\/\/www.peanutoem.com\/hu\/wp-json\/wp\/v2\/product"}],"about":[{"href":"https:\/\/www.peanutoem.com\/hu\/wp-json\/wp\/v2\/types\/product"}],"replies":[{"embeddable":true,"href":"https:\/\/www.peanutoem.com\/hu\/wp-json\/wp\/v2\/comments?post=1543"}],"wp:featuredmedia":[{"embeddable":true,"href":"https:\/\/www.peanutoem.com\/hu\/wp-json\/wp\/v2\/media\/1659"}],"wp:attachment":[{"href":"https:\/\/www.peanutoem.com\/hu\/wp-json\/wp\/v2\/media?parent=1543"}],"wp:term":[{"taxonomy":"product_cat","embeddable":true,"href":"https:\/\/www.peanutoem.com\/hu\/wp-json\/wp\/v2\/product_cat?post=1543"},{"taxonomy":"product_tag","embeddable":true,"href":"https:\/\/www.peanutoem.com\/hu\/wp-json\/wp\/v2\/product_tag?post=1543"}],"curies":[{"name":"wp","href":"https:\/\/api.w.org\/{rel}","templated":true}]}}