{"id":1545,"date":"2024-09-02T13:38:22","date_gmt":"2024-09-02T13:38:22","guid":{"rendered":"https:\/\/www.peanutoem.com\/?post_type=product&#038;p=1545"},"modified":"2024-09-28T05:39:23","modified_gmt":"2024-09-28T05:39:23","slug":"stabilized-peanut-butter","status":"publish","type":"product","link":"https:\/\/www.peanutoem.com\/hu\/manufacturer\/stabilized-peanut-butter\/","title":{"rendered":"Stabiliz\u00e1lt mogyor\u00f3vaj"},"content":{"rendered":"<h3>Mi az a stabiliz\u00e1lt mogyor\u00f3vaj?<\/h3>\n<p>Stabiliz\u00e1lt <a href=\"https:\/\/www.peanutoem.com\/hu\/Wholesale\/peanut-butter\/\" target=\"_blank\" rel=\"noopener\">mogyor\u00f3vaj<\/a> egy speci\u00e1lisan kialak\u00edtott <a href=\"https:\/\/en.wikipedia.org\/wiki\/Peanut\" target=\"_blank\" rel=\"noopener\">f\u00f6ldimogyor\u00f3<\/a> vaj, amely id\u0151vel meg\u0151rzi selymes, kr\u00e9mes \u00e1llag\u00e1t an\u00e9lk\u00fcl, hogy az id\u0151 m\u00fal\u00e1s\u00e1val fell\u00e9p\u0151 olaj-v\u00edz sz\u00e9tv\u00e1l\u00e1s k\u00f6vetkezik be. Ellent\u00e9tben a k\u00f6z\u00f6ns\u00e9ges term\u00e9szetes mogyor\u00f3vajjal, amely hajlamos term\u00e9szetes m\u00f3don sz\u00e9tv\u00e1lni a tetej\u00e9n f\u00f6ldimogyor\u00f3olaj \u00e9s az alj\u00e1n szil\u00e1rd f\u00f6ldimogyor\u00f3-morzsa r\u00e9tegekre, a stabiliz\u00e1lt mogyor\u00f3vajat \u00fcgyesen elkeverik term\u00e9szetes stabiliz\u00e1torokkal, p\u00e9ld\u00e1ul n\u00f6v\u00e9nyi olajokkal vagy emulge\u00e1l\u00f3szerekkel, hogy egyenletes \u00e1llagot biztos\u00edtsanak. Ez a funkci\u00f3 kiv\u00e1l\u00f3 v\u00e1laszt\u00e1ss\u00e1 teszi a k\u00e9nyelmet keres\u0151 fogyaszt\u00f3k sz\u00e1m\u00e1ra, mivel nincs sz\u00fcks\u00e9g tov\u00e1bbi m\u0171veletekre, p\u00e9ld\u00e1ul haszn\u00e1lat el\u0151tti kever\u00e9sre. A stabiliz\u00e1lt mogyor\u00f3vaj \u00e1lland\u00f3 min\u0151s\u00e9ge \u00e9s hossz\u00fa eltarthat\u00f3s\u00e1ga miatt n\u00e9pszer\u0171, \u00e9s nem csak az otthoni felhaszn\u00e1l\u00f3k szeretik, hanem az \u00e9lelmiszeriparban is sz\u00e9les k\u00f6rben haszn\u00e1lj\u00e1k.<\/p>\n<h3>Mik azok az egy\u00e9b nevek?<\/h3>\n<p>A stabiliz\u00e1lt mogyor\u00f3vajat k\u00fcl\u00f6nf\u00e9le neveken lehet emlegetni, t\u00f6bbek k\u00f6z\u00f6tt:<\/p>\n<ul>\n<li>Kr\u00e9mes f\u00f6ldimogyor\u00f3-kr\u00e9m<\/li>\n<li>Kr\u00e9mes stabiliz\u00e1lt mogyor\u00f3vaj<\/li>\n<li>Emulge\u00e1lt mogyor\u00f3vaj<\/li>\n<li>Homog\u00e9n vagy homogeniz\u00e1lt mogyor\u00f3vaj<\/li>\n<li>Hosszan tart\u00f3 f\u00f6ldimogyor\u00f3-kr\u00e9m<\/li>\n<li>Kever\u00e9s n\u00e9lk\u00fcli mogyor\u00f3vaj<\/li>\n<li>Nem elv\u00e1laszt\u00f3 mogyor\u00f3vaj<\/li>\n<li>Feldolgozott mogyor\u00f3vaj<\/li>\n<li>Eltarthat\u00f3 mogyor\u00f3vaj<\/li>\n<li>Sim\u00e1ra kenhet\u0151 mogyor\u00f3vaj<\/li>\n<li>Sima polcos mogyor\u00f3vaj<\/li>\n<\/ul>\n<h3><strong>Aktu\u00e1lis t\u00e9m\u00e1k a stabiliz\u00e1lt mogyor\u00f3vajr\u00f3l<\/strong><\/h3>\n<ol>\n<li><strong> El\u0151ny\u00f6k: <\/strong>A stabiliz\u00e1lt mogyor\u00f3vaj sz\u00e1mos el\u0151nnyel rendelkezik, bele\u00e9rtve a kever\u00e9st nem ig\u00e9nyl\u0151 egys\u00e9ges text\u00far\u00e1t \u00e9s a hosszabb eltarthat\u00f3s\u00e1got. Ide\u00e1lis receptekhez \u00e9s kenhet\u0151 ken\u00e9shez, ahol az \u00e1lland\u00f3 \u00e1llag d\u00f6nt\u0151 fontoss\u00e1g\u00fa.<\/li>\n<li><strong> Alkalmaz\u00e1sok az \u00e9lelmiszergy\u00e1rt\u00e1sban:\u00a0<\/strong>Stabilit\u00e1sa miatt sz\u00e9les k\u00f6rben haszn\u00e1lj\u00e1k az \u00e9lelmiszergy\u00e1rt\u00e1sban. K\u00fcl\u00f6nb\u00f6z\u0151 term\u00e9kek \u00f6sszetev\u0151jek\u00e9nt szolg\u00e1l, mint p\u00e9ld\u00e1ul snackszeletek, sz\u00f3szok \u00e9s p\u00e9k\u00e1ruk, ahol elengedhetetlen a k\u00f6vetkezetess\u00e9g \u00e9s a min\u0151s\u00e9g.<\/li>\n<li><strong> Fogyaszt\u00f3i preferenci\u00e1k \u00e9s trendek: <\/strong>A fogyaszt\u00f3k egyre ink\u00e1bb el\u0151nyben r\u00e9szes\u00edtik a stabiliz\u00e1lt mogyor\u00f3vajat k\u00e9nyelme \u00e9s megb\u00edzhat\u00f3s\u00e1ga miatt. Ahogy az \u00e9letm\u00f3dbeli v\u00e1ltoz\u00e1sok elfoglaltabb id\u0151beoszt\u00e1shoz vezetnek, egyre n\u00e9pszer\u0171bbek a probl\u00e9mamentes t\u00e1rol\u00e1st \u00e9s el\u0151k\u00e9sz\u00edt\u00e9st k\u00edn\u00e1l\u00f3 term\u00e9kek.<\/li>\n<li><strong> T\u00e1pl\u00e1lkoz\u00e1si szempontok: <\/strong>A stabiliz\u00e1lt mogyor\u00f3vaj meg\u0151rzi t\u00e1pl\u00e1lkoz\u00e1si profilj\u00e1t, mik\u00f6zben stabil, konzisztens term\u00e9ket k\u00edn\u00e1l. Olyan alapvet\u0151 t\u00e1panyagokat biztos\u00edt, mint a feh\u00e9rje, az eg\u00e9szs\u00e9ges zs\u00edrok \u00e9s a vitaminok, \u00edgy eg\u00e9szs\u00e9ges v\u00e1laszt\u00e1s a k\u00fcl\u00f6nf\u00e9le \u00e9trendekhez.<\/li>\n<\/ol>\n<h3><strong>Mi\u00e9rt v\u00e1lasszon minket sz\u00e1ll\u00edt\u00f3j\u00e1nak?<\/strong><\/h3>\n<ol>\n<li><strong>Mi\u00e9rt \u00d6n a legjobb v\u00e1laszt\u00e1s a stabiliz\u00e1lt mogyor\u00f3vaj OEM szolg\u00e1ltat\u00e1sokhoz?<\/strong><br \/>\nTestreszabott megold\u00e1sokat, kiv\u00e1l\u00f3 min\u0151s\u00e9g\u0171 term\u00e9keket \u00e9s kiterjedt szak\u00e9rtelmet k\u00edn\u00e1lunk a glob\u00e1lis gy\u00e1rt\u00e1s \u00e9s export ter\u00e9n.<\/li>\n<li><strong>Be\u00e1ll\u00edthatja a text\u00far\u00e1t, a konzisztenci\u00e1t \u00e9s a k\u00e9sz\u00edtm\u00e9nyt?<\/strong><br \/>\nIgen, testreszabhatjuk a text\u00far\u00e1t, \u00e9s egyedi \u00f6sszet\u00e9teleket fejleszthet\u00fcnk ki, hogy megfeleljenek az \u00d6n egyedi ig\u00e9nyeinek \u00e9s fogyaszt\u00f3i preferenci\u00e1inak.<\/li>\n<li><strong>Milyen csomagol\u00e1si lehet\u0151s\u00e9gek \u00e1llnak rendelkez\u00e9sre?<\/strong><br \/>\nK\u00fcl\u00f6nf\u00e9le testreszabhat\u00f3 csomagol\u00e1si form\u00e1tumokat k\u00edn\u00e1lunk, bele\u00e9rtve az ed\u00e9nyeket, tasakokat \u00e9s \u00f6mlesztett kont\u00e9nereket, amelyek az \u00d6n m\u00e1rk\u00e1j\u00e1nak ig\u00e9nyeihez igazodnak.<\/li>\n<li><strong>El\u00e9rhet\u0151 bio opci\u00f3kban?<\/strong><br \/>\nTeljesen! Stabiliz\u00e1lt mogyor\u00f3vajat k\u00edn\u00e1lunk bio f\u00f6ldimogyor\u00f3b\u00f3l \u00e9s term\u00e9szetes \u00f6sszetev\u0151kb\u0151l.<\/li>\n<li><strong>Hogyan biztos\u00edtod a min\u0151s\u00e9get?<\/strong><br \/>\nSzigor\u00fa min\u0151s\u00e9g-ellen\u0151rz\u00e9si folyamataink \u00e9s tan\u00fas\u00edtv\u00e1nyaink, mint p\u00e9ld\u00e1ul a HACCP, a BRCGS \u00e9s a Kosher, garant\u00e1lj\u00e1k, hogy minden t\u00e9tel megfelel a legmagasabb szabv\u00e1nyoknak.<\/li>\n<li><strong>Mennyi a gy\u00e1rt\u00e1si \u00e9s sz\u00e1ll\u00edt\u00e1si \u00e1tfut\u00e1si id\u0151?<\/strong><br \/>\nAz \u00e1tfut\u00e1si id\u0151 a megrendel\u00e9s mennyis\u00e9g\u00e9t\u0151l \u00e9s a rendeltet\u00e9si helyt\u0151l f\u00fcgg\u0151en v\u00e1ltozhat, de biztos\u00edtjuk a hat\u00e9kony gy\u00e1rt\u00e1st \u00e9s az id\u0151ben t\u00f6rt\u00e9n\u0151 sz\u00e1ll\u00edt\u00e1st, jellemz\u0151en n\u00e9h\u00e1ny h\u00e9ten bel\u00fcl.<\/li>\n<li><strong>Kezeli a nemzetk\u00f6zi exportot?<\/strong><br \/>\nIgen, a z\u00f6kken\u0151mentes sz\u00e1ll\u00edt\u00e1s \u00e9rdek\u00e9ben mi kezelj\u00fck a glob\u00e1lis sz\u00e1ll\u00edt\u00e1s \u00e9s a megfelel\u0151s\u00e9g minden vonatkoz\u00e1s\u00e1t.<\/li>\n<li><strong>Milyen bizony\u00edtv\u00e1nyai vannak?<\/strong><br \/>\nStabiliz\u00e1lt mogyor\u00f3vajunk a HACCP, Kosher, Halal, BRCGS \u00e9s m\u00e1s vonatkoz\u00f3 szabv\u00e1nyok szerint tan\u00fas\u00edtott, biztos\u00edtva a term\u00e9k biztons\u00e1g\u00e1t \u00e9s min\u0151s\u00e9g\u00e9t.<\/li>\n<li><strong>K\u00e9rhet\u00fcnk-e mint\u00e1kat a teljes megrendel\u00e9s lead\u00e1sa el\u0151tt?<\/strong><br \/>\nIgen, mintat\u00e9teleket biztos\u00edtunk a tesztel\u00e9shez, biztos\u00edtva, hogy megfeleljen az \u00d6n elv\u00e1r\u00e1sainak, miel\u0151tt nagyobb k\u00f6telezetts\u00e9get v\u00e1llalna.<\/li>\n<\/ol>\n<h3><strong>T\u00e9nyek a stabiliz\u00e1lt mogyor\u00f3vajr\u00f3l\u00a0<\/strong><\/h3>\n<ol>\n<li><strong>Nincs elv\u00e1laszt\u00e1s:<\/strong> A stabiliz\u00e1lt mogyor\u00f3vaj nem v\u00e1lik sz\u00e9t olajra \u00e9s szil\u00e1rd anyagokra, \u00edgy \u00e1lland\u00f3 \u00e1llagot biztos\u00edt eltarthat\u00f3s\u00e1ga alatt.<\/li>\n<li><strong>Meghosszabb\u00edtott eltarthat\u00f3s\u00e1g:<\/strong> A hagyom\u00e1nyos mogyor\u00f3vajhoz k\u00e9pest hosszabb az eltarthat\u00f3s\u00e1ga, \u00edgy cs\u00f6kken a gyakori \u00fajrav\u00e1s\u00e1rl\u00e1s \u00e9s a pazarl\u00e1s sz\u00fcks\u00e9gess\u00e9ge.<\/li>\n<li><strong>K\u00e9nyelem:<\/strong> Ide\u00e1lis k\u00fcl\u00f6nf\u00e9le alkalmaz\u00e1sokhoz, ahol a stabil, kenhet\u0151 \u00e1llag d\u00f6nt\u0151 fontoss\u00e1g\u00fa, p\u00e9ld\u00e1ul \u00e9lelmiszergy\u00e1rt\u00e1sban \u00e9s kiskereskedelmi term\u00e9kekben.<\/li>\n<li><strong>T\u00e1panyagmegtart\u00e1s:<\/strong> Stabilit\u00e1sa ellen\u00e9re meg\u0151rzi a f\u00f6ldimogyor\u00f3 t\u00e1pl\u00e1lkoz\u00e1si el\u0151nyeit, bele\u00e9rtve a feh\u00e9rj\u00e9t, az eg\u00e9szs\u00e9ges zs\u00edrokat \u00e9s az alapvet\u0151 vitaminokat.<\/li>\n<li><strong>Sokoldal\u00fa felhaszn\u00e1l\u00e1s:<\/strong> Sz\u00e1mos term\u00e9khez alkalmas, a kenhet\u0151 \u00e9telekt\u0151l \u00e9s r\u00e1gcs\u00e1lnival\u00f3kt\u00f3l a feldolgozott \u00e9lelmiszerek alapanyagaiig.<\/li>\n<\/ol>\n<a href=\"mailto:globepeanut@gmail.com\" class=\"button primary is-primary is-medium\"  >\n    <span>\u00cdrjon nek\u00fcnk e-mailt<\/span>\n  <\/a>","protected":false},"excerpt":{"rendered":"<table width=\"564\">\n<tbody>\n<tr>\n<td width=\"113\"><strong>Term\u00e9k neve<\/strong><\/td>\n<td width=\"402\">Stabiliz\u00e1lt mogyor\u00f3vaj<\/td>\n<\/tr>\n<tr>\n<td width=\"113\"><strong>M\u0171szaki adatok<\/strong><\/td>\n<td width=\"402\">10kgx1, 20kgx1, 22kgx1<\/td>\n<\/tr>\n<tr>\n<td width=\"113\"><strong>Csomagol\u00e1si forma<\/strong><\/td>\n<td width=\"402\">T\u00e9gely, V\u00f6d\u00f6r, Doy-csomag, t\u00e1ska, kartondoboz, \u00f3n, hord\u00f3, doboz, palack stb.<\/td>\n<\/tr>\n<tr>\n<td width=\"113\"><strong>Sz\u00e1ll\u00edt\u00e1si id\u0151<\/strong><\/td>\n<td width=\"402\">7-20 nappal a megrendel\u00e9s ut\u00e1n<\/td>\n<\/tr>\n<tr>\n<td width=\"113\"><strong>MOQ<\/strong><\/td>\n<td width=\"402\">Egy tonna<\/td>\n<\/tr>\n<tr>\n<td width=\"113\"><strong>Minta<\/strong><\/td>\n<td width=\"402\">Ingyenes minta kaphat\u00f3<\/td>\n<\/tr>\n<tr>\n<td width=\"113\"><strong>OEM<\/strong><\/td>\n<td width=\"402\">Vev\u0151 c\u00edmk\u00e9je elfogadva<\/td>\n<\/tr>\n<\/tbody>\n<\/table>","protected":false},"featured_media":1692,"comment_status":"open","ping_status":"closed","template":"","meta":[],"product_cat":[15],"product_tag":[],"class_list":{"0":"post-1545","1":"product","2":"type-product","3":"status-publish","4":"has-post-thumbnail","6":"product_cat-peanut-butter","8":"first","9":"instock","10":"shipping-taxable","11":"product-type-simple"},"yoast_head":"<!-- This site is optimized with the Yoast SEO plugin v24.9 - https:\/\/yoast.com\/wordpress\/plugins\/seo\/ -->\n<title>Stabilized Peanut Butter China Producer - Peanut Butter Factory<\/title>\n<meta name=\"description\" content=\"Leading stabilized peanut butter OEM private label manufacturer and exporter. High-quality and packaging customized to meet global market demands.\" \/>\n<meta name=\"robots\" content=\"index, follow, max-snippet:-1, max-image-preview:large, max-video-preview:-1\" \/>\n<link rel=\"canonical\" href=\"https:\/\/www.peanutoem.com\/hu\/manufacturer\/stabilized-peanut-butter\/\" \/>\n<meta property=\"og:locale\" content=\"hu_HU\" \/>\n<meta property=\"og:type\" content=\"article\" \/>\n<meta property=\"og:title\" content=\"Stabilized Peanut Butter China Producer - Peanut Butter Factory\" \/>\n<meta property=\"og:description\" content=\"Leading stabilized peanut butter OEM private label manufacturer and exporter. High-quality and packaging customized to meet global market demands.\" \/>\n<meta property=\"og:url\" content=\"https:\/\/www.peanutoem.com\/hu\/manufacturer\/stabilized-peanut-butter\/\" \/>\n<meta property=\"og:site_name\" content=\"Peanut Butter Factory\" \/>\n<meta property=\"article:modified_time\" content=\"2024-09-28T05:39:23+00:00\" \/>\n<meta property=\"og:image\" content=\"https:\/\/www.peanutoem.com\/wp-content\/uploads\/2024\/09\/Stabilized-Peanut-Butter-in-Jar.webp\" \/>\n\t<meta property=\"og:image:width\" content=\"1000\" \/>\n\t<meta property=\"og:image:height\" content=\"1000\" \/>\n\t<meta property=\"og:image:type\" content=\"image\/webp\" \/>\n<meta name=\"twitter:card\" content=\"summary_large_image\" \/>\n<meta name=\"twitter:label1\" content=\"Becs\u00fclt olvas\u00e1si id\u0151\" \/>\n\t<meta name=\"twitter:data1\" content=\"4 perc\" \/>\n<script type=\"application\/ld+json\" class=\"yoast-schema-graph\">{\"@context\":\"https:\/\/schema.org\",\"@graph\":[{\"@type\":\"WebPage\",\"@id\":\"https:\/\/www.peanutoem.com\/manufacturer\/stabilized-peanut-butter\/\",\"url\":\"https:\/\/www.peanutoem.com\/manufacturer\/stabilized-peanut-butter\/\",\"name\":\"Stabilized Peanut Butter China Producer - Peanut Butter Factory\",\"isPartOf\":{\"@id\":\"https:\/\/www.peanutoem.com\/#website\"},\"primaryImageOfPage\":{\"@id\":\"https:\/\/www.peanutoem.com\/manufacturer\/stabilized-peanut-butter\/#primaryimage\"},\"image\":{\"@id\":\"https:\/\/www.peanutoem.com\/manufacturer\/stabilized-peanut-butter\/#primaryimage\"},\"thumbnailUrl\":\"https:\/\/www.peanutoem.com\/wp-content\/uploads\/2024\/09\/Stabilized-Peanut-Butter-in-Jar.webp\",\"datePublished\":\"2024-09-02T13:38:22+00:00\",\"dateModified\":\"2024-09-28T05:39:23+00:00\",\"description\":\"Leading stabilized peanut butter OEM private label manufacturer and exporter. High-quality and packaging customized to meet global market demands.\",\"breadcrumb\":{\"@id\":\"https:\/\/www.peanutoem.com\/manufacturer\/stabilized-peanut-butter\/#breadcrumb\"},\"inLanguage\":\"hu\",\"potentialAction\":[{\"@type\":\"ReadAction\",\"target\":[\"https:\/\/www.peanutoem.com\/manufacturer\/stabilized-peanut-butter\/\"]}]},{\"@type\":\"ImageObject\",\"inLanguage\":\"hu\",\"@id\":\"https:\/\/www.peanutoem.com\/manufacturer\/stabilized-peanut-butter\/#primaryimage\",\"url\":\"https:\/\/www.peanutoem.com\/wp-content\/uploads\/2024\/09\/Stabilized-Peanut-Butter-in-Jar.webp\",\"contentUrl\":\"https:\/\/www.peanutoem.com\/wp-content\/uploads\/2024\/09\/Stabilized-Peanut-Butter-in-Jar.webp\",\"width\":1000,\"height\":1000,\"caption\":\"Stabilized Peanut Butter in Jar\"},{\"@type\":\"BreadcrumbList\",\"@id\":\"https:\/\/www.peanutoem.com\/manufacturer\/stabilized-peanut-butter\/#breadcrumb\",\"itemListElement\":[{\"@type\":\"ListItem\",\"position\":1,\"name\":\"Home\",\"item\":\"https:\/\/www.peanutoem.com\/\"},{\"@type\":\"ListItem\",\"position\":2,\"name\":\"Products\",\"item\":\"https:\/\/www.peanutoem.com\/shop\/\"},{\"@type\":\"ListItem\",\"position\":3,\"name\":\"Stabilized Peanut Butter\"}]},{\"@type\":\"WebSite\",\"@id\":\"https:\/\/www.peanutoem.com\/#website\",\"url\":\"https:\/\/www.peanutoem.com\/\",\"name\":\"Peanut Butter Factory\",\"description\":\"Peanut Butter Manufacturer and Roast Peanut OEM Factory | Peanut Private Label China Supplier\",\"publisher\":{\"@id\":\"https:\/\/www.peanutoem.com\/#organization\"},\"alternateName\":\"Peanut Butter OEM and Wholesale\",\"potentialAction\":[{\"@type\":\"SearchAction\",\"target\":{\"@type\":\"EntryPoint\",\"urlTemplate\":\"https:\/\/www.peanutoem.com\/?s={search_term_string}\"},\"query-input\":{\"@type\":\"PropertyValueSpecification\",\"valueRequired\":true,\"valueName\":\"search_term_string\"}}],\"inLanguage\":\"hu\"},{\"@type\":\"Organization\",\"@id\":\"https:\/\/www.peanutoem.com\/#organization\",\"name\":\"Peanut Butter Factory\",\"alternateName\":\"JuFeng Group\",\"url\":\"https:\/\/www.peanutoem.com\/\",\"logo\":{\"@type\":\"ImageObject\",\"inLanguage\":\"hu\",\"@id\":\"https:\/\/www.peanutoem.com\/#\/schema\/logo\/image\/\",\"url\":\"https:\/\/www.peanutoem.com\/wp-content\/uploads\/2024\/09\/JUFENG-LOGO.png\",\"contentUrl\":\"https:\/\/www.peanutoem.com\/wp-content\/uploads\/2024\/09\/JUFENG-LOGO.png\",\"width\":600,\"height\":170,\"caption\":\"Peanut Butter Factory\"},\"image\":{\"@id\":\"https:\/\/www.peanutoem.com\/#\/schema\/logo\/image\/\"}}]}<\/script>\n<!-- \/ Yoast SEO plugin. -->","yoast_head_json":{"title":"Stabilized Peanut Butter China Producer - Peanut Butter Factory","description":"Leading stabilized peanut butter OEM private label manufacturer and exporter. High-quality and packaging customized to meet global market demands.","robots":{"index":"index","follow":"follow","max-snippet":"max-snippet:-1","max-image-preview":"max-image-preview:large","max-video-preview":"max-video-preview:-1"},"canonical":"https:\/\/www.peanutoem.com\/hu\/manufacturer\/stabilized-peanut-butter\/","og_locale":"hu_HU","og_type":"article","og_title":"Stabilized Peanut Butter China Producer - Peanut Butter Factory","og_description":"Leading stabilized peanut butter OEM private label manufacturer and exporter. High-quality and packaging customized to meet global market demands.","og_url":"https:\/\/www.peanutoem.com\/hu\/manufacturer\/stabilized-peanut-butter\/","og_site_name":"Peanut Butter Factory","article_modified_time":"2024-09-28T05:39:23+00:00","og_image":[{"width":1000,"height":1000,"url":"https:\/\/www.peanutoem.com\/wp-content\/uploads\/2024\/09\/Stabilized-Peanut-Butter-in-Jar.webp","type":"image\/webp"}],"twitter_card":"summary_large_image","twitter_misc":{"Becs\u00fclt olvas\u00e1si id\u0151":"4 perc"},"schema":{"@context":"https:\/\/schema.org","@graph":[{"@type":"WebPage","@id":"https:\/\/www.peanutoem.com\/manufacturer\/stabilized-peanut-butter\/","url":"https:\/\/www.peanutoem.com\/manufacturer\/stabilized-peanut-butter\/","name":"Stabilized Peanut Butter China Producer - Peanut Butter Factory","isPartOf":{"@id":"https:\/\/www.peanutoem.com\/#website"},"primaryImageOfPage":{"@id":"https:\/\/www.peanutoem.com\/manufacturer\/stabilized-peanut-butter\/#primaryimage"},"image":{"@id":"https:\/\/www.peanutoem.com\/manufacturer\/stabilized-peanut-butter\/#primaryimage"},"thumbnailUrl":"https:\/\/www.peanutoem.com\/wp-content\/uploads\/2024\/09\/Stabilized-Peanut-Butter-in-Jar.webp","datePublished":"2024-09-02T13:38:22+00:00","dateModified":"2024-09-28T05:39:23+00:00","description":"Leading stabilized peanut butter OEM private label manufacturer and exporter. High-quality and packaging customized to meet global market demands.","breadcrumb":{"@id":"https:\/\/www.peanutoem.com\/manufacturer\/stabilized-peanut-butter\/#breadcrumb"},"inLanguage":"hu","potentialAction":[{"@type":"ReadAction","target":["https:\/\/www.peanutoem.com\/manufacturer\/stabilized-peanut-butter\/"]}]},{"@type":"ImageObject","inLanguage":"hu","@id":"https:\/\/www.peanutoem.com\/manufacturer\/stabilized-peanut-butter\/#primaryimage","url":"https:\/\/www.peanutoem.com\/wp-content\/uploads\/2024\/09\/Stabilized-Peanut-Butter-in-Jar.webp","contentUrl":"https:\/\/www.peanutoem.com\/wp-content\/uploads\/2024\/09\/Stabilized-Peanut-Butter-in-Jar.webp","width":1000,"height":1000,"caption":"Stabilized Peanut Butter in Jar"},{"@type":"BreadcrumbList","@id":"https:\/\/www.peanutoem.com\/manufacturer\/stabilized-peanut-butter\/#breadcrumb","itemListElement":[{"@type":"ListItem","position":1,"name":"Home","item":"https:\/\/www.peanutoem.com\/"},{"@type":"ListItem","position":2,"name":"Products","item":"https:\/\/www.peanutoem.com\/shop\/"},{"@type":"ListItem","position":3,"name":"Stabilized Peanut Butter"}]},{"@type":"WebSite","@id":"https:\/\/www.peanutoem.com\/#website","url":"https:\/\/www.peanutoem.com\/","name":"Peanut Butter Factory","description":"Peanut Butter Manufacturer and Roast Peanut OEM Factory | Peanut Private Label China Supplier","publisher":{"@id":"https:\/\/www.peanutoem.com\/#organization"},"alternateName":"Peanut Butter OEM and Wholesale","potentialAction":[{"@type":"SearchAction","target":{"@type":"EntryPoint","urlTemplate":"https:\/\/www.peanutoem.com\/?s={search_term_string}"},"query-input":{"@type":"PropertyValueSpecification","valueRequired":true,"valueName":"search_term_string"}}],"inLanguage":"hu"},{"@type":"Organization","@id":"https:\/\/www.peanutoem.com\/#organization","name":"Peanut Butter Factory","alternateName":"JuFeng Group","url":"https:\/\/www.peanutoem.com\/","logo":{"@type":"ImageObject","inLanguage":"hu","@id":"https:\/\/www.peanutoem.com\/#\/schema\/logo\/image\/","url":"https:\/\/www.peanutoem.com\/wp-content\/uploads\/2024\/09\/JUFENG-LOGO.png","contentUrl":"https:\/\/www.peanutoem.com\/wp-content\/uploads\/2024\/09\/JUFENG-LOGO.png","width":600,"height":170,"caption":"Peanut Butter Factory"},"image":{"@id":"https:\/\/www.peanutoem.com\/#\/schema\/logo\/image\/"}}]}},"_links":{"self":[{"href":"https:\/\/www.peanutoem.com\/hu\/wp-json\/wp\/v2\/product\/1545","targetHints":{"allow":["GET"]}}],"collection":[{"href":"https:\/\/www.peanutoem.com\/hu\/wp-json\/wp\/v2\/product"}],"about":[{"href":"https:\/\/www.peanutoem.com\/hu\/wp-json\/wp\/v2\/types\/product"}],"replies":[{"embeddable":true,"href":"https:\/\/www.peanutoem.com\/hu\/wp-json\/wp\/v2\/comments?post=1545"}],"wp:featuredmedia":[{"embeddable":true,"href":"https:\/\/www.peanutoem.com\/hu\/wp-json\/wp\/v2\/media\/1692"}],"wp:attachment":[{"href":"https:\/\/www.peanutoem.com\/hu\/wp-json\/wp\/v2\/media?parent=1545"}],"wp:term":[{"taxonomy":"product_cat","embeddable":true,"href":"https:\/\/www.peanutoem.com\/hu\/wp-json\/wp\/v2\/product_cat?post=1545"},{"taxonomy":"product_tag","embeddable":true,"href":"https:\/\/www.peanutoem.com\/hu\/wp-json\/wp\/v2\/product_tag?post=1545"}],"curies":[{"name":"wp","href":"https:\/\/api.w.org\/{rel}","templated":true}]}}