{"id":1554,"date":"2024-09-02T13:59:01","date_gmt":"2024-09-02T13:59:01","guid":{"rendered":"https:\/\/www.peanutoem.com\/?post_type=product&#038;p=1554"},"modified":"2024-09-28T05:11:42","modified_gmt":"2024-09-28T05:11:42","slug":"roasted-blanched-peanut","status":"publish","type":"product","link":"https:\/\/www.peanutoem.com\/hu\/manufacturer\/roasted-blanched-peanut\/","title":{"rendered":"P\u00f6rk\u00f6lt blans\u00edrozott f\u00f6ldimogyor\u00f3"},"content":{"rendered":"<h3><strong>Mi az a p\u00f6rk\u00f6lt blans\u00edrozott f\u00f6ldimogyor\u00f3?<\/strong><\/h3>\n<p>A p\u00f6rk\u00f6lt blans\u00edrozott f\u00f6ldimogyor\u00f3 egy speci\u00e1lis k\u00e9tl\u00e9p\u00e9ses folyamaton megy kereszt\u00fcl. El\u0151sz\u00f6r a nyers f\u00f6ldimogyor\u00f3t blans\u00edrozz\u00e1k, ami mag\u00e1ban foglalja a k\u00fcls\u0151 h\u00e9j elt\u00e1vol\u00edt\u00e1s\u00e1t meleg\u00edt\u00e9ssel \u00e9s k\u00edm\u00e9letes mechanikai eszk\u00f6z\u00f6kkel. Ezut\u00e1n t\u00f6k\u00e9letesre p\u00f6rk\u00f6lik \u0151ket, ami gazdag, di\u00f3s \u00edzt \u00e9s ropog\u00f3s text\u00far\u00e1t eredm\u00e9nyez. Ez a f\u00f6ldimogyor\u00f3 ide\u00e1lis k\u00fcl\u00f6nf\u00e9le alkalmaz\u00e1sokhoz, bele\u00e9rtve a snack-gy\u00e1rt\u00e1st, \u00e9dess\u00e9ggy\u00e1rt\u00e1st, mogyor\u00f3vaj-gy\u00e1rt\u00e1st, valamint s\u00f3s \u00e9telek \u00f6sszetev\u0151ik\u00e9nt.<\/p>\n<p>Ezenk\u00edv\u00fcl a blans\u00edrozott p\u00f6rk\u00f6lt f\u00f6ldimogyor\u00f3 tov\u00e1bbi el\u0151nye a tiszta, sima megjelen\u00e9s. Ez a min\u0151s\u00e9g rendk\u00edv\u00fcl k\u00edv\u00e1natoss\u00e1 teszi azokat azokn\u00e1l a term\u00e9kekn\u00e9l, ahol a l\u00e1tv\u00e1nyoss\u00e1g \u00e9s az egys\u00e9gess\u00e9g d\u00f6nt\u0151 fontoss\u00e1g\u00fa.<\/p>\n<h3><strong>Mik a t\u00f6bbi neve a s\u00fclt blans\u00edrozott f\u00f6ldimogyor\u00f3nak?<\/strong><\/h3>\n<p>A p\u00f6rk\u00f6lt blans\u00edrozott f\u00f6ldimogyor\u00f3 t\u00f6bb n\u00e9ven is szerepelhet, a region\u00e1lis preferenci\u00e1kt\u00f3l vagy az ipar\u00e1gi haszn\u00e1latt\u00f3l f\u00fcgg\u0151en:<\/p>\n<ul>\n<li>B\u0151r n\u00e9lk\u00fcli p\u00f6rk\u00f6lt f\u00f6ldimogyor\u00f3<\/li>\n<li>Blans\u00edrozott \u00e9s pir\u00edtott f\u00f6ldimogyor\u00f3<\/li>\n<li>Pir\u00edtott feh\u00e9r f\u00f6ldimogyor\u00f3<\/li>\n<li>Blans\u00edrozott f\u00f6ldimogyor\u00f3<\/li>\n<li>Blans\u00edrozott f\u00f6ldimogyor\u00f3 mag<\/li>\n<li>F\u00f6ldimogyor\u00f3 eg\u00e9szben blans\u00edrozott p\u00f6rk\u00f6lt<\/li>\n<\/ul>\n<p>Ezek az elnevez\u00e9sek az elk\u00e9sz\u00edt\u00e9si folyamatot t\u00fckr\u00f6zik, amelynek sor\u00e1n a f\u00f6ldimogyor\u00f3 h\u00e9j\u00e1t p\u00f6rk\u00f6l\u00e9s el\u0151tt elt\u00e1vol\u00edtj\u00e1k, \u00edgy sima \u00e9s tetszet\u0151s v\u00e9gterm\u00e9ket kapnak.<\/p>\n<h3><img loading=\"lazy\" decoding=\"async\" class=\"alignnone wp-image-1702 size-full\" src=\"https:\/\/www.peanutoem.com\/wp-content\/uploads\/2024\/09\/Whole-Roasted-Blanched-Peanut-.webp\" alt=\"Eg\u00e9szben s\u00fclt blans\u00edrozott f\u00f6ldimogyor\u00f3\" width=\"1000\" height=\"1000\" srcset=\"https:\/\/www.peanutoem.com\/wp-content\/uploads\/2024\/09\/Whole-Roasted-Blanched-Peanut-.webp 1000w, https:\/\/www.peanutoem.com\/wp-content\/uploads\/2024\/09\/Whole-Roasted-Blanched-Peanut--300x300.webp 300w, https:\/\/www.peanutoem.com\/wp-content\/uploads\/2024\/09\/Whole-Roasted-Blanched-Peanut--150x150.webp 150w, https:\/\/www.peanutoem.com\/wp-content\/uploads\/2024\/09\/Whole-Roasted-Blanched-Peanut--768x768.webp 768w, https:\/\/www.peanutoem.com\/wp-content\/uploads\/2024\/09\/Whole-Roasted-Blanched-Peanut--12x12.webp 12w, https:\/\/www.peanutoem.com\/wp-content\/uploads\/2024\/09\/Whole-Roasted-Blanched-Peanut--600x600.webp 600w, https:\/\/www.peanutoem.com\/wp-content\/uploads\/2024\/09\/Whole-Roasted-Blanched-Peanut--100x100.webp 100w\" sizes=\"auto, (max-width: 1000px) 100vw, 1000px\" \/><\/h3>\n<h3><strong>Mi\u00e9rt v\u00e1lasszon minket s\u00fclt, blans\u00edrozott f\u00f6ldimogyor\u00f3 OEM besz\u00e1ll\u00edt\u00f3j\u00e1nak?<\/strong><\/h3>\n<p>Mi vezetj\u00fck a piacot a p\u00f6rk\u00f6lt blans\u00edrozott f\u00f6ldimogyor\u00f3-termel\u00e9sben, mind a p\u00f6rk\u00f6lt blans\u00edrozott f\u00f6ldimogyor\u00f3 eg\u00e9sz\u00e9t, mind a pir\u00edtott blans\u00edrozott f\u00f6ldimogyor\u00f3-f\u00e9l\u00e9t egyar\u00e1nt k\u00edn\u00e1ljuk. Ez\u00e9rt mi vagyunk a legjobb partnere:<\/p>\n<ul>\n<li><strong>Szak\u00e9rtelem az OEM megold\u00e1sokban<\/strong>: Fejlett gy\u00e1rt\u00e1si k\u00e9pess\u00e9geinkkel szem\u00e9lyre szabott OEM szolg\u00e1ltat\u00e1sokat k\u00edn\u00e1lunk, amelyek megfelelnek az \u00d6n term\u00e9kspecifik\u00e1ci\u00f3inak, a p\u00f6rk\u00f6l\u00e9st\u0151l a csomagol\u00e1si k\u00f6vetelm\u00e9nyekig.<\/li>\n<li><strong>Saj\u00e1t m\u00e1rk\u00e1s gy\u00e1rt\u00e1s<\/strong>: Saj\u00e1t m\u00e1rk\u00e1s gy\u00e1rt\u00e1sra specializ\u00e1l\u00f3dtunk, lehet\u0151v\u00e9 t\u00e9ve a m\u00e1rk\u00e1knak, hogy kihaszn\u00e1lj\u00e1k szak\u00e9rtelm\u00fcnket saj\u00e1t, egyedi term\u00e9keik fejleszt\u00e9se sor\u00e1n.<\/li>\n<li><strong>Glob\u00e1lis exportk\u00e9pess\u00e9gek<\/strong>: Tapasztalt export\u0151rk\u00e9nt hat\u00e9kony logisztik\u00e1val \u00e9s \u00e1lland\u00f3 min\u0151s\u00e9ggel szolg\u00e1ljuk ki \u00fcgyfeleinket szerte a vil\u00e1gon.<\/li>\n<li><strong>Tan\u00fas\u00edtott min\u0151s\u00e9gbiztos\u00edt\u00e1s<\/strong>: Term\u00e9keink a HACCP, BRCGS, Halal, Kosher \u00e9s EU Organic szabv\u00e1nyok szerint tan\u00fas\u00edtottak, biztos\u00edtva a glob\u00e1lis \u00e9lelmiszerbiztons\u00e1gi \u00e9s min\u0151s\u00e9gi el\u0151\u00edr\u00e1soknak val\u00f3 megfelel\u00e9st.<\/li>\n<li><strong>Fenntarthat\u00f3s\u00e1g \u00e9s megb\u00edzhat\u00f3s\u00e1g<\/strong>: El\u0151t\u00e9rbe helyezz\u00fck a fenntarthat\u00f3 termel\u00e9si m\u00f3dszereket, \u00e9s fenntartjuk az er\u0151s ell\u00e1t\u00e1si l\u00e1nc megb\u00edzhat\u00f3s\u00e1g\u00e1t, hogy megfelelj\u00fcnk \u00fcgyfeleink ig\u00e9nyeinek szerte a vil\u00e1gon.<\/li>\n<\/ul>\n<h3><strong>Aktu\u00e1lis t\u00e9m\u00e1k a s\u00fclt blans\u00edrozott f\u00f6ldimogyor\u00f3r\u00f3l<\/strong><\/h3>\n<ul>\n<li><strong>Eg\u00e9sz vs. Felek<\/strong>: A p\u00f6rk\u00f6lt blans\u00edrozott eg\u00e9sz f\u00f6ldimogyor\u00f3 \u00e9s a pir\u00edtott blans\u00edrozott f\u00f6ldimogyor\u00f3 fele haszn\u00e1lati eseteinek meg\u00e9rt\u00e9se alapvet\u0151 fontoss\u00e1g\u00fa a gy\u00e1rt\u00f3k sz\u00e1m\u00e1ra. Az eg\u00e9sz f\u00f6ldimogyor\u00f3t gyakran haszn\u00e1lj\u00e1k pr\u00e9mium snack-term\u00e9kekben, m\u00edg a fel\u00e9t \u00e9lelmiszergy\u00e1rt\u00e1shoz, s\u00fct\u00e9shez \u00e9s mogyor\u00f3vajhoz haszn\u00e1lj\u00e1k.<\/li>\n<li><strong>A p\u00f6rk\u00f6lt blans\u00edrozott f\u00f6ldimogyor\u00f3 eg\u00e9szs\u00e9g\u00fcgyi el\u0151nyei<\/strong>: A blans\u00edrozott f\u00f6ldimogyor\u00f3 meg\u0151rzi a nyers f\u00f6ldimogyor\u00f3 sz\u00e1mos t\u00e1pl\u00e1lkoz\u00e1si el\u0151ny\u00e9t, bele\u00e9rtve a feh\u00e9rj\u00e9t, az eg\u00e9szs\u00e9ges zs\u00edrokat, valamint az alapvet\u0151 vitaminokat \u00e9s \u00e1sv\u00e1nyi anyagokat, \u00edgy okos v\u00e1laszt\u00e1s az eg\u00e9szs\u00e9gtudatos fogyaszt\u00f3k sz\u00e1m\u00e1ra.<\/li>\n<li><strong>N\u00f6vekv\u0151 kereslet a tiszta c\u00edmk\u00e9s \u00f6sszetev\u0151k ir\u00e1nt<\/strong>: Mivel egyre t\u00f6bb fogyaszt\u00f3 keres minim\u00e1lis feldolgoz\u00e1s\u00fa term\u00e9keket, a p\u00f6rk\u00f6lt blans\u00edrozott f\u00f6ldimogyor\u00f3 kiv\u00e1l\u00f3 alapanyagot jelent a \u201etiszta c\u00edmk\u00e9vel\u201d forgalmazott snackekhez \u00e9s \u00e9lelmiszerekhez.<\/li>\n<li><strong>A f\u00f6ldimogyor\u00f3 fenntarthat\u00f3s\u00e1ga \u00e9s k\u00f6rnyezeti hat\u00e1sa<\/strong>: M\u00e1s di\u00f3f\u00e9l\u00e9khez k\u00e9pest a f\u00f6ldimogyor\u00f3, bele\u00e9rtve a blans\u00edrozott fajt\u00e1kat is, kevesebb er\u0151forr\u00e1st ig\u00e9nyel a termeszt\u00e9shez, \u00edgy fenntarthat\u00f3 v\u00e1laszt\u00e1s lehet a k\u00f6rnyezeti l\u00e1bnyomukat cs\u00f6kkenteni k\u00edv\u00e1n\u00f3 \u00e9lelmiszeripari v\u00e1llalatok sz\u00e1m\u00e1ra.<\/li>\n<\/ul>\n<h3><strong>GYIK a p\u00f6rk\u00f6lt blans\u00edrozott f\u00f6ldimogyor\u00f3-gy\u00e1rt\u00f3i szerep\u00fcnkr\u0151l<\/strong><\/h3>\n<ol>\n<li><strong>Milyen el\u0151nyei vannak a blans\u00edrozott f\u00f6ldimogyor\u00f3nak?<\/strong><br \/>\nA blans\u00edrozott f\u00f6ldimogyor\u00f3 h\u00e9j\u00e1t elt\u00e1vol\u00edtj\u00e1k, \u00edgy tiszt\u00e1bb megjelen\u00e9st \u00e9s egyenletes text\u00far\u00e1t biztos\u00edtanak, amely ide\u00e1lis snackekhez \u00e9s vizu\u00e1lisan vez\u00e9relt term\u00e9kekhez.<\/li>\n<li><strong>Biztos\u00edtasz saj\u00e1t m\u00e1rk\u00e1s opci\u00f3kat?<\/strong><br \/>\nIgen, saj\u00e1t m\u00e1rk\u00e1s gy\u00e1rt\u00e1sra szakosodtunk, teljes testreszab\u00e1ssal az \u00d6n m\u00e1rk\u00e1j\u00e1nak csomagol\u00e1s\u00e1hoz \u00e9s specifik\u00e1ci\u00f3ihoz.<\/li>\n<li><strong>Testreszabhatom a s\u00fct\u00e9si szintet?<\/strong><br \/>\nTeljesen! P\u00f6rk\u00f6l\u00e9si lehet\u0151s\u00e9geket k\u00edn\u00e1lunk a vil\u00e1gost\u00f3l a s\u00f6t\u00e9tig, az \u00d6n preferenci\u00e1ihoz \u00e9s piaci ig\u00e9nyeihez szabva.<\/li>\n<li><strong>Hogyan \u0151rizd meg a frissess\u00e9get?<\/strong><br \/>\nA f\u00f6ldimogyor\u00f3t szab\u00e1lyozott h\u0151m\u00e9rs\u00e9klet\u0171 helyis\u00e9gekben t\u00e1roljuk, hogy a t\u00e1rol\u00e1s \u00e9s sz\u00e1ll\u00edt\u00e1s sor\u00e1n friss \u00e9s j\u00f3 min\u0151s\u00e9g\u0171 maradjon.<\/li>\n<li><strong>Vil\u00e1gszerte export\u00e1l?<\/strong><br \/>\nIgen, nagy tapasztalattal rendelkez\u00fcnk a p\u00f6rk\u00f6lt blans\u00edrozott f\u00f6ldimogyor\u00f3 export\u00e1l\u00e1s\u00e1ban k\u00fcl\u00f6nb\u00f6z\u0151 nemzetk\u00f6zi piacokra, hat\u00e9kony logisztik\u00e1val.<\/li>\n<li><strong>Mennyi a f\u00f6ldimogyor\u00f3 eltarthat\u00f3s\u00e1ga?<\/strong><br \/>\nP\u00f6rk\u00f6lt blans\u00edrozott f\u00f6ldimogyor\u00f3ink megfelel\u0151en t\u00e1rolva 12-18 h\u00f3napig el\u00e1llnak, \u00edgy biztos\u00edtva a tart\u00f3s frissess\u00e9get \u00e9s \u00edzt.<\/li>\n<li><strong>Mi a leggyakrabban haszn\u00e1lt p\u00f6rk\u00f6lt blans\u00edrozott f\u00f6ldimogyor\u00f3?<\/strong><br \/>\nN\u00e9pszer\u0171ek a snackekben, \u00e9dess\u00e9gekben, mogyor\u00f3vajban, valamint s\u00f3s \u00e9s p\u00e9k\u00e1ruk \u00f6sszetev\u0151ik\u00e9nt.<\/li>\n<li><strong>Hogyan hasonl\u00edt a p\u00f6rk\u00f6lt blans\u00edrozott f\u00f6ldimogyor\u00f3 m\u00e1s fajt\u00e1khoz?<\/strong><br \/>\nA p\u00f6rk\u00f6lt blans\u00edrozott f\u00f6ldimogyor\u00f3 sim\u00e1bb, tiszt\u00e1bb megjelen\u00e9s\u0171, mert elt\u00e1vol\u00edtj\u00e1k a h\u00e9j\u00e1t. Ez a min\u0151s\u00e9g t\u00f6k\u00e9letess\u00e9 teszi \u0151ket az \u00e1lland\u00f3 text\u00far\u00e1t ig\u00e9nyl\u0151 pr\u00e9mium term\u00e9kekhez.<\/li>\n<\/ol>\n<div class=\"flex max-w-full flex-col flex-grow\">\n<div class=\"min-h-8 text-message flex w-full flex-col items-end gap-2 whitespace-normal break-words [.text-message+&amp;]:mt-5\" dir=\"auto\" data-message-author-role=\"assistant\" data-message-id=\"31ea6229-78d6-4c3f-8f61-fea9e8392c9b\">\n<div class=\"flex w-full flex-col gap-1 empty:hidden first:pt-[3px]\">\n<div class=\"markdown prose w-full break-words dark:prose-invert dark\">\n<a href=\"mailto:globepeanut@gmail.com\" class=\"button primary is-primary is-medium\"  >\n    <span>\u00cdrjon nek\u00fcnk e-mailt<\/span>\n  <\/a>\n\n<\/div>\n<\/div>\n<\/div>\n<\/div>\n<div class=\"mb-2 flex gap-3 empty:hidden -ml-2\">\n<div class=\"items-center justify-start rounded-xl p-1 flex\"><\/div>\n<\/div>","protected":false},"excerpt":{"rendered":"<p>P\u00f6rk\u00f6lt blans\u00edrozott f\u00f6ldimogyor\u00f3 gy\u00e1rt\u00f3 \u00e9s sz\u00e1ll\u00edt\u00f3 vagyunk K\u00edn\u00e1ban<\/p>\n<p>- MOQ: 1 tonna<br \/>\n\u2013 OEM\/ODM szolg\u00e1ltat\u00e1s<br \/>\n- Ingyenes minta \u00e1ll rendelkez\u00e9sre<br \/>\n- Fogadja el a testreszab\u00e1st (specifik\u00e1ci\u00f3k, m\u00e9retek, sz\u00ednek, diz\u00e1jn stb.)<br \/>\n\u2013 T\u00edpus: eg\u00e9szben s\u00fclt f\u00f6ldimogyor\u00f3, f\u00e9lig pir\u00edtott f\u00f6ldimogyor\u00f3<\/p>\n<p>Ha pir\u00edtott blans\u00edrozott f\u00f6ldimogyor\u00f3 \u00e1rakat szeretne kapni, k\u00e9rj\u00fck, vegye fel vel\u00fcnk a kapcsolatot.<\/p>","protected":false},"featured_media":1701,"comment_status":"open","ping_status":"closed","template":"","meta":[],"product_cat":[37],"product_tag":[],"class_list":{"0":"post-1554","1":"product","2":"type-product","3":"status-publish","4":"has-post-thumbnail","6":"product_cat-roasted-peanut","8":"first","9":"instock","10":"shipping-taxable","11":"product-type-simple"},"yoast_head":"<!-- This site is optimized with the Yoast SEO plugin v24.9 - https:\/\/yoast.com\/wordpress\/plugins\/seo\/ -->\n<title>Roasted Blanched Peanut China Wholesaler - Peanut Butter Factory<\/title>\n<meta name=\"description\" content=\"High-quality Roasted Blanched Peanut OEM supplier, private label manufacturer, and exporter. Choose us for customizable solutions and global expertise.\" \/>\n<meta name=\"robots\" content=\"index, follow, max-snippet:-1, max-image-preview:large, max-video-preview:-1\" \/>\n<link rel=\"canonical\" href=\"https:\/\/www.peanutoem.com\/hu\/manufacturer\/roasted-blanched-peanut\/\" \/>\n<meta property=\"og:locale\" content=\"hu_HU\" \/>\n<meta property=\"og:type\" content=\"article\" \/>\n<meta property=\"og:title\" content=\"Roasted Blanched Peanut China Wholesaler - Peanut Butter Factory\" \/>\n<meta property=\"og:description\" content=\"High-quality Roasted Blanched Peanut OEM supplier, private label manufacturer, and exporter. Choose us for customizable solutions and global expertise.\" \/>\n<meta property=\"og:url\" content=\"https:\/\/www.peanutoem.com\/hu\/manufacturer\/roasted-blanched-peanut\/\" \/>\n<meta property=\"og:site_name\" content=\"Peanut Butter Factory\" \/>\n<meta property=\"article:modified_time\" content=\"2024-09-28T05:11:42+00:00\" \/>\n<meta property=\"og:image\" content=\"https:\/\/www.peanutoem.com\/wp-content\/uploads\/2024\/09\/Whole-Roast-Blanched-Peanut-.webp\" \/>\n\t<meta property=\"og:image:width\" content=\"1000\" \/>\n\t<meta property=\"og:image:height\" content=\"1000\" \/>\n\t<meta property=\"og:image:type\" content=\"image\/webp\" \/>\n<meta name=\"twitter:card\" content=\"summary_large_image\" \/>\n<meta name=\"twitter:label1\" content=\"Becs\u00fclt olvas\u00e1si id\u0151\" \/>\n\t<meta name=\"twitter:data1\" content=\"4 perc\" \/>\n<script type=\"application\/ld+json\" class=\"yoast-schema-graph\">{\"@context\":\"https:\/\/schema.org\",\"@graph\":[{\"@type\":\"WebPage\",\"@id\":\"https:\/\/www.peanutoem.com\/manufacturer\/roasted-blanched-peanut\/\",\"url\":\"https:\/\/www.peanutoem.com\/manufacturer\/roasted-blanched-peanut\/\",\"name\":\"Roasted Blanched Peanut China Wholesaler - Peanut Butter Factory\",\"isPartOf\":{\"@id\":\"https:\/\/www.peanutoem.com\/#website\"},\"primaryImageOfPage\":{\"@id\":\"https:\/\/www.peanutoem.com\/manufacturer\/roasted-blanched-peanut\/#primaryimage\"},\"image\":{\"@id\":\"https:\/\/www.peanutoem.com\/manufacturer\/roasted-blanched-peanut\/#primaryimage\"},\"thumbnailUrl\":\"https:\/\/www.peanutoem.com\/wp-content\/uploads\/2024\/09\/Whole-Roast-Blanched-Peanut-.webp\",\"datePublished\":\"2024-09-02T13:59:01+00:00\",\"dateModified\":\"2024-09-28T05:11:42+00:00\",\"description\":\"High-quality Roasted Blanched Peanut OEM supplier, private label manufacturer, and exporter. Choose us for customizable solutions and global expertise.\",\"breadcrumb\":{\"@id\":\"https:\/\/www.peanutoem.com\/manufacturer\/roasted-blanched-peanut\/#breadcrumb\"},\"inLanguage\":\"hu\",\"potentialAction\":[{\"@type\":\"ReadAction\",\"target\":[\"https:\/\/www.peanutoem.com\/manufacturer\/roasted-blanched-peanut\/\"]}]},{\"@type\":\"ImageObject\",\"inLanguage\":\"hu\",\"@id\":\"https:\/\/www.peanutoem.com\/manufacturer\/roasted-blanched-peanut\/#primaryimage\",\"url\":\"https:\/\/www.peanutoem.com\/wp-content\/uploads\/2024\/09\/Whole-Roast-Blanched-Peanut-.webp\",\"contentUrl\":\"https:\/\/www.peanutoem.com\/wp-content\/uploads\/2024\/09\/Whole-Roast-Blanched-Peanut-.webp\",\"width\":1000,\"height\":1000,\"caption\":\"Whole Roast Blanched Peanut\"},{\"@type\":\"BreadcrumbList\",\"@id\":\"https:\/\/www.peanutoem.com\/manufacturer\/roasted-blanched-peanut\/#breadcrumb\",\"itemListElement\":[{\"@type\":\"ListItem\",\"position\":1,\"name\":\"Home\",\"item\":\"https:\/\/www.peanutoem.com\/\"},{\"@type\":\"ListItem\",\"position\":2,\"name\":\"Products\",\"item\":\"https:\/\/www.peanutoem.com\/shop\/\"},{\"@type\":\"ListItem\",\"position\":3,\"name\":\"Roasted Blanched Peanut\"}]},{\"@type\":\"WebSite\",\"@id\":\"https:\/\/www.peanutoem.com\/#website\",\"url\":\"https:\/\/www.peanutoem.com\/\",\"name\":\"Peanut Butter Factory\",\"description\":\"Peanut Butter Manufacturer and Roast Peanut OEM Factory | Peanut Private Label China Supplier\",\"publisher\":{\"@id\":\"https:\/\/www.peanutoem.com\/#organization\"},\"alternateName\":\"Peanut Butter OEM and Wholesale\",\"potentialAction\":[{\"@type\":\"SearchAction\",\"target\":{\"@type\":\"EntryPoint\",\"urlTemplate\":\"https:\/\/www.peanutoem.com\/?s={search_term_string}\"},\"query-input\":{\"@type\":\"PropertyValueSpecification\",\"valueRequired\":true,\"valueName\":\"search_term_string\"}}],\"inLanguage\":\"hu\"},{\"@type\":\"Organization\",\"@id\":\"https:\/\/www.peanutoem.com\/#organization\",\"name\":\"Peanut Butter Factory\",\"alternateName\":\"JuFeng Group\",\"url\":\"https:\/\/www.peanutoem.com\/\",\"logo\":{\"@type\":\"ImageObject\",\"inLanguage\":\"hu\",\"@id\":\"https:\/\/www.peanutoem.com\/#\/schema\/logo\/image\/\",\"url\":\"https:\/\/www.peanutoem.com\/wp-content\/uploads\/2024\/09\/JUFENG-LOGO.png\",\"contentUrl\":\"https:\/\/www.peanutoem.com\/wp-content\/uploads\/2024\/09\/JUFENG-LOGO.png\",\"width\":600,\"height\":170,\"caption\":\"Peanut Butter Factory\"},\"image\":{\"@id\":\"https:\/\/www.peanutoem.com\/#\/schema\/logo\/image\/\"}}]}<\/script>\n<!-- \/ Yoast SEO plugin. -->","yoast_head_json":{"title":"Roasted Blanched Peanut China Wholesaler - Peanut Butter Factory","description":"High-quality Roasted Blanched Peanut OEM supplier, private label manufacturer, and exporter. Choose us for customizable solutions and global expertise.","robots":{"index":"index","follow":"follow","max-snippet":"max-snippet:-1","max-image-preview":"max-image-preview:large","max-video-preview":"max-video-preview:-1"},"canonical":"https:\/\/www.peanutoem.com\/hu\/manufacturer\/roasted-blanched-peanut\/","og_locale":"hu_HU","og_type":"article","og_title":"Roasted Blanched Peanut China Wholesaler - Peanut Butter Factory","og_description":"High-quality Roasted Blanched Peanut OEM supplier, private label manufacturer, and exporter. Choose us for customizable solutions and global expertise.","og_url":"https:\/\/www.peanutoem.com\/hu\/manufacturer\/roasted-blanched-peanut\/","og_site_name":"Peanut Butter Factory","article_modified_time":"2024-09-28T05:11:42+00:00","og_image":[{"width":1000,"height":1000,"url":"https:\/\/www.peanutoem.com\/wp-content\/uploads\/2024\/09\/Whole-Roast-Blanched-Peanut-.webp","type":"image\/webp"}],"twitter_card":"summary_large_image","twitter_misc":{"Becs\u00fclt olvas\u00e1si id\u0151":"4 perc"},"schema":{"@context":"https:\/\/schema.org","@graph":[{"@type":"WebPage","@id":"https:\/\/www.peanutoem.com\/manufacturer\/roasted-blanched-peanut\/","url":"https:\/\/www.peanutoem.com\/manufacturer\/roasted-blanched-peanut\/","name":"Roasted Blanched Peanut China Wholesaler - Peanut Butter Factory","isPartOf":{"@id":"https:\/\/www.peanutoem.com\/#website"},"primaryImageOfPage":{"@id":"https:\/\/www.peanutoem.com\/manufacturer\/roasted-blanched-peanut\/#primaryimage"},"image":{"@id":"https:\/\/www.peanutoem.com\/manufacturer\/roasted-blanched-peanut\/#primaryimage"},"thumbnailUrl":"https:\/\/www.peanutoem.com\/wp-content\/uploads\/2024\/09\/Whole-Roast-Blanched-Peanut-.webp","datePublished":"2024-09-02T13:59:01+00:00","dateModified":"2024-09-28T05:11:42+00:00","description":"High-quality Roasted Blanched Peanut OEM supplier, private label manufacturer, and exporter. Choose us for customizable solutions and global expertise.","breadcrumb":{"@id":"https:\/\/www.peanutoem.com\/manufacturer\/roasted-blanched-peanut\/#breadcrumb"},"inLanguage":"hu","potentialAction":[{"@type":"ReadAction","target":["https:\/\/www.peanutoem.com\/manufacturer\/roasted-blanched-peanut\/"]}]},{"@type":"ImageObject","inLanguage":"hu","@id":"https:\/\/www.peanutoem.com\/manufacturer\/roasted-blanched-peanut\/#primaryimage","url":"https:\/\/www.peanutoem.com\/wp-content\/uploads\/2024\/09\/Whole-Roast-Blanched-Peanut-.webp","contentUrl":"https:\/\/www.peanutoem.com\/wp-content\/uploads\/2024\/09\/Whole-Roast-Blanched-Peanut-.webp","width":1000,"height":1000,"caption":"Whole Roast Blanched Peanut"},{"@type":"BreadcrumbList","@id":"https:\/\/www.peanutoem.com\/manufacturer\/roasted-blanched-peanut\/#breadcrumb","itemListElement":[{"@type":"ListItem","position":1,"name":"Home","item":"https:\/\/www.peanutoem.com\/"},{"@type":"ListItem","position":2,"name":"Products","item":"https:\/\/www.peanutoem.com\/shop\/"},{"@type":"ListItem","position":3,"name":"Roasted Blanched Peanut"}]},{"@type":"WebSite","@id":"https:\/\/www.peanutoem.com\/#website","url":"https:\/\/www.peanutoem.com\/","name":"Peanut Butter Factory","description":"Peanut Butter Manufacturer and Roast Peanut OEM Factory | Peanut Private Label China Supplier","publisher":{"@id":"https:\/\/www.peanutoem.com\/#organization"},"alternateName":"Peanut Butter OEM and Wholesale","potentialAction":[{"@type":"SearchAction","target":{"@type":"EntryPoint","urlTemplate":"https:\/\/www.peanutoem.com\/?s={search_term_string}"},"query-input":{"@type":"PropertyValueSpecification","valueRequired":true,"valueName":"search_term_string"}}],"inLanguage":"hu"},{"@type":"Organization","@id":"https:\/\/www.peanutoem.com\/#organization","name":"Peanut Butter Factory","alternateName":"JuFeng Group","url":"https:\/\/www.peanutoem.com\/","logo":{"@type":"ImageObject","inLanguage":"hu","@id":"https:\/\/www.peanutoem.com\/#\/schema\/logo\/image\/","url":"https:\/\/www.peanutoem.com\/wp-content\/uploads\/2024\/09\/JUFENG-LOGO.png","contentUrl":"https:\/\/www.peanutoem.com\/wp-content\/uploads\/2024\/09\/JUFENG-LOGO.png","width":600,"height":170,"caption":"Peanut Butter Factory"},"image":{"@id":"https:\/\/www.peanutoem.com\/#\/schema\/logo\/image\/"}}]}},"_links":{"self":[{"href":"https:\/\/www.peanutoem.com\/hu\/wp-json\/wp\/v2\/product\/1554","targetHints":{"allow":["GET"]}}],"collection":[{"href":"https:\/\/www.peanutoem.com\/hu\/wp-json\/wp\/v2\/product"}],"about":[{"href":"https:\/\/www.peanutoem.com\/hu\/wp-json\/wp\/v2\/types\/product"}],"replies":[{"embeddable":true,"href":"https:\/\/www.peanutoem.com\/hu\/wp-json\/wp\/v2\/comments?post=1554"}],"wp:featuredmedia":[{"embeddable":true,"href":"https:\/\/www.peanutoem.com\/hu\/wp-json\/wp\/v2\/media\/1701"}],"wp:attachment":[{"href":"https:\/\/www.peanutoem.com\/hu\/wp-json\/wp\/v2\/media?parent=1554"}],"wp:term":[{"taxonomy":"product_cat","embeddable":true,"href":"https:\/\/www.peanutoem.com\/hu\/wp-json\/wp\/v2\/product_cat?post=1554"},{"taxonomy":"product_tag","embeddable":true,"href":"https:\/\/www.peanutoem.com\/hu\/wp-json\/wp\/v2\/product_tag?post=1554"}],"curies":[{"name":"wp","href":"https:\/\/api.w.org\/{rel}","templated":true}]}}