{"id":1555,"date":"2024-09-02T14:00:33","date_gmt":"2024-09-02T14:00:33","guid":{"rendered":"https:\/\/www.peanutoem.com\/?post_type=product&#038;p=1555"},"modified":"2024-09-28T04:44:51","modified_gmt":"2024-09-28T04:44:51","slug":"roasted-peanut-kernels-in-split","status":"publish","type":"product","link":"https:\/\/www.peanutoem.com\/hu\/manufacturer\/roasted-peanut-kernels-in-split\/","title":{"rendered":"P\u00f6rk\u00f6lt f\u00f6ldimogyor\u00f3 mag Splitben | Szeletelt p\u00f6rk\u00f6lt f\u00f6ldimogyor\u00f3 mag"},"content":{"rendered":"<h3>Mik azok a p\u00f6rk\u00f6lt f\u00f6ldimogyor\u00f3 magok Splitben?<\/h3>\n<p>A Splitben p\u00f6rk\u00f6lt f\u00f6ldimogyor\u00f3-mag, vagy az \u00fagynevezett Roasted split f\u00f6ldimogyor\u00f3-mag, olyan f\u00f6ldimogyor\u00f3, amelyet gondosan t\u00f6k\u00e9letesre p\u00f6rk\u00f6ltek, majd \u00f3vatosan kett\u00e9v\u00e1gtak. Gazdag arom\u00e1jukr\u00f3l, ropog\u00f3s \u00edz\u00fckr\u0151l \u00e9s harapnival\u00f3kban, p\u00e9k\u00e1rukban \u00e9s k\u00fcl\u00f6nf\u00e9le \u00e9telekben val\u00f3 sz\u00e9lesk\u00f6r\u0171 felhaszn\u00e1l\u00e1sukr\u00f3l ismertek. A p\u00f6rk\u00f6l\u00e9si folyamat nemcsak a f\u00f6ldimogyor\u00f3 term\u00e9szetes \u00edz\u00e9t er\u0151s\u00edti, hanem ide\u00e1lis v\u00e1laszt\u00e1ss\u00e1 teszi az \u00e9lelmiszergy\u00e1rt\u00f3k, snack-m\u00e1rk\u00e1k \u00e9s az eg\u00e9szs\u00e9gesebb t\u00e1pl\u00e1lkoz\u00e1st folytat\u00f3 fogyaszt\u00f3k sz\u00e1m\u00e1ra.<\/p>\n<h3>Alternat\u00edv nevek a p\u00f6rk\u00f6lt f\u00f6ldimogyor\u00f3-magokhoz Splitben<\/h3>\n<p>A spliti p\u00f6rk\u00f6lt f\u00f6ldimogyor\u00f3-magokat a r\u00e9gi\u00f3t\u00f3l vagy piact\u00f3l f\u00fcgg\u0151en m\u00e1s nevek is emlegetik, bele\u00e9rtve:<\/p>\n<ul>\n<li>Osztott p\u00f6rk\u00f6lt f\u00f6ldimogyor\u00f3<\/li>\n<li>P\u00f6rk\u00f6lt f\u00f6ldimogyor\u00f3 f\u00e9l<\/li>\n<li>Osztott p\u00f6rk\u00f6lt f\u00f6ldimogyor\u00f3 mag<\/li>\n<li>F\u00f6ldimogyor\u00f3 hasad<\/li>\n<\/ul>\n<h3>Relev\u00e1ns aktu\u00e1lis t\u00e9m\u00e1k<\/h3>\n<ol>\n<li><strong>A p\u00f6rk\u00f6lt f\u00f6ldimogyor\u00f3-mag eg\u00e9szs\u00e9g\u00fcgyi el\u0151nyei<\/strong>: A p\u00f6rk\u00f6lt f\u00f6ldimogyor\u00f3 magja gazdag feh\u00e9rjeforr\u00e1s, eg\u00e9szs\u00e9ges zs\u00edrok \u00e9s alapvet\u0151 vitaminok. T\u00e1pl\u00e1l\u00f3 r\u00e1gcs\u00e1lnival\u00f3k vagy k\u00fcl\u00f6nf\u00e9le eg\u00e9szs\u00e9gk\u00f6zpont\u00fa term\u00e9kek \u00f6sszetev\u0151je.<\/li>\n<li><strong>A f\u00f6ldimogyor\u00f3 alap\u00fa snackek ir\u00e1nti n\u00f6vekv\u0151 kereslet:<\/strong> Az osztott form\u00e1ban p\u00f6rk\u00f6lt f\u00f6ldimogyor\u00f3 magok egyre n\u00e9pszer\u0171bbek az eg\u00e9szs\u00e9ges r\u00e1gcs\u00e1lnival\u00f3k ir\u00e1nti kereslet n\u00f6veked\u00e9se miatt.<\/li>\n<li><strong>\u00c9lelmiszerbiztons\u00e1g \u00e9s min\u0151s\u00e9g-ellen\u0151rz\u00e9s a f\u00f6ldimogyor\u00f3-feldolgoz\u00e1sban:<\/strong> A magas gy\u00e1rt\u00e1si \u00e9s kezel\u00e9si szabv\u00e1nyok betart\u00e1sa kulcsfontoss\u00e1g\u00fa a term\u00e9k integrit\u00e1sa \u00e9s az \u00e9lelmiszer-biztons\u00e1gi el\u0151\u00edr\u00e1sok betart\u00e1sa szempontj\u00e1b\u00f3l.<\/li>\n<li><strong>Saj\u00e1t m\u00e1rk\u00e1s mogyor\u00f3term\u00e9kek:<\/strong> Sok m\u00e1rka v\u00e1lasztja saj\u00e1t m\u00e1rk\u00e1s szolg\u00e1ltat\u00e1sainkat, hogy pr\u00e9mium szeletelt p\u00f6rk\u00f6lt f\u00f6ldimogyor\u00f3-magot k\u00edn\u00e1ljon saj\u00e1t m\u00e1rkan\u00e9v alatt.<\/li>\n<\/ol>\n<p><img loading=\"lazy\" decoding=\"async\" class=\"alignnone wp-image-1720 size-large\" src=\"https:\/\/www.peanutoem.com\/wp-content\/uploads\/2024\/09\/Roasted-Peanut-Power-in-Carton-1024x908.webp\" alt=\"P\u00f6rk\u00f6lt f\u00f6ldimogyor\u00f3 Power kartondobozban\" width=\"1020\" height=\"904\" srcset=\"https:\/\/www.peanutoem.com\/wp-content\/uploads\/2024\/09\/Roasted-Peanut-Power-in-Carton-1024x908.webp 1024w, https:\/\/www.peanutoem.com\/wp-content\/uploads\/2024\/09\/Roasted-Peanut-Power-in-Carton-300x266.webp 300w, https:\/\/www.peanutoem.com\/wp-content\/uploads\/2024\/09\/Roasted-Peanut-Power-in-Carton-768x681.webp 768w, https:\/\/www.peanutoem.com\/wp-content\/uploads\/2024\/09\/Roasted-Peanut-Power-in-Carton-1536x1362.webp 1536w, https:\/\/www.peanutoem.com\/wp-content\/uploads\/2024\/09\/Roasted-Peanut-Power-in-Carton-2048x1816.webp 2048w, https:\/\/www.peanutoem.com\/wp-content\/uploads\/2024\/09\/Roasted-Peanut-Power-in-Carton-14x12.webp 14w, https:\/\/www.peanutoem.com\/wp-content\/uploads\/2024\/09\/Roasted-Peanut-Power-in-Carton-600x532.webp 600w\" sizes=\"auto, (max-width: 1020px) 100vw, 1020px\" \/><\/p>\n<hr \/>\n<h3>Mi\u00e9rt v\u00e1lasszon minket szeletelt p\u00f6rk\u00f6lt f\u00f6ldimogyor\u00f3-mag sz\u00e1ll\u00edt\u00f3jak\u00e9nt?<\/h3>\n<p>A p\u00f6rk\u00f6lt f\u00f6ldimogyor\u00f3-mag megb\u00edzhat\u00f3 sz\u00e1ll\u00edt\u00f3ja vagyunk Splitben, t\u00f6bb k\u00e9nyszer\u00edt\u0151 okb\u00f3l is:<\/p>\n<ul>\n<li><strong>Fejlett gy\u00e1rt\u00e1si l\u00e9tes\u00edtm\u00e9nyek:<\/strong> \u00dczem\u00fcnk \u00e9lvonalbeli amerikai gy\u00e1rt\u00f3sorokat haszn\u00e1l a legmagasabb szint\u0171 p\u00f6rk\u00f6l\u00e9si \u00e9s v\u00e1g\u00e1si folyamatokhoz.<\/li>\n<li><strong>Szigor\u00fa min\u0151s\u00e9gbiztos\u00edt\u00e1s:<\/strong> Laborat\u00f3riumunkban \u00e1tfog\u00f3 vizsg\u00e1latokat v\u00e9gz\u00fcnk annak biztos\u00edt\u00e1s\u00e1ra, hogy minden t\u00e9tel megfeleljen a glob\u00e1lis szabv\u00e1nyoknak.<\/li>\n<li><strong>Glob\u00e1lis tan\u00fas\u00edtv\u00e1nyok:<\/strong> P\u00f6rk\u00f6lt f\u00f6ldimogyor\u00f3-szemeink a HACCP, a BRCGS, a Kosher, a Halal \u00e9s az EU Organic \u00e1ltal tan\u00fas\u00edtott min\u0151s\u00e9gi \u00e9s biztons\u00e1gi tan\u00fas\u00edtv\u00e1nnyal rendelkeznek.<\/li>\n<li><strong>Megb\u00edzhat\u00f3 ell\u00e1t\u00e1si l\u00e1nc:<\/strong> Nagy, \u00e1lland\u00f3 h\u0151m\u00e9rs\u00e9klet\u0171 rakt\u00e1runk eg\u00e9sz \u00e9vben garant\u00e1lja a term\u00e9kmin\u0151s\u00e9get \u00e9s az ell\u00e1t\u00e1s stabilit\u00e1s\u00e1t.<\/li>\n<li><strong>Szem\u00e9lyre szabott szolg\u00e1ltat\u00e1sok:<\/strong> Saj\u00e1t m\u00e1rk\u00e1s megold\u00e1sokat k\u00edn\u00e1lunk a m\u00e1rk\u00e1k \u00e9s import\u0151r\u00f6k egyedi ig\u00e9nyeinek kiel\u00e9g\u00edt\u00e9s\u00e9re vil\u00e1gszerte.<\/li>\n<li><strong>Fenntarthat\u00f3 fejl\u0151d\u00e9s:<\/strong> Fenntarthat\u00f3 gyakorlatokra \u00f6sszpontos\u00edtunk, \u00e9s a k\u00f6lcs\u00f6n\u00f6s j\u00f3l\u00e9t \u00e9rdek\u00e9ben neves \u00e1ruh\u00e1zl\u00e1ncokkal m\u0171k\u00f6d\u00fcnk egy\u00fctt.<\/li>\n<\/ul>\n<h3>K\u00e9rd\u00e9sek \u00e9s v\u00e1laszok a szeletelt p\u00f6rk\u00f6lt f\u00f6ldimogyor\u00f3-magr\u00f3l<\/h3>\n<p><strong>K: Mi teszi \u00d6nt a p\u00f6rk\u00f6lt f\u00f6ldimogyor\u00f3-mag vezet\u0151 sz\u00e1ll\u00edt\u00f3j\u00e1v\u00e1?<\/strong><br \/>\n<strong>V:<\/strong> Fejlett gy\u00e1rt\u00e1si l\u00e9tes\u00edtm\u00e9nyeink, szigor\u00fa min\u0151s\u00e9gbiztos\u00edt\u00e1sunk \u00e9s glob\u00e1lis tan\u00fas\u00edtv\u00e1nyaink biztos\u00edtj\u00e1k, hogy folyamatosan kiv\u00e1l\u00f3 min\u0151s\u00e9g\u0171 term\u00e9keket sz\u00e1ll\u00edtsunk.<\/p>\n<p><strong>K: Testreszabhatom a csomagol\u00e1st a m\u00e1rk\u00e1m alatt?<\/strong><br \/>\n<strong>V:<\/strong> Igen, saj\u00e1t m\u00e1rk\u00e1s szolg\u00e1ltat\u00e1sokat ny\u00fajtunk, lehet\u0151v\u00e9 t\u00e9ve a csomagol\u00e1s \u00e9s a m\u00e1rkajelz\u00e9s teljes testreszab\u00e1s\u00e1t az \u00d6n piaci ig\u00e9nyeinek megfelel\u0151en.<\/p>\n<p><strong>K: Milyen tan\u00fas\u00edtv\u00e1nyokkal rendelkezik a p\u00f6rk\u00f6lt f\u00f6ldimogyor\u00f3-mag?<\/strong><br \/>\n<strong>V:<\/strong> Term\u00e9keink HACCP, BRC, Halal, Kosher, EU Organic \u00e9s m\u00e1s glob\u00e1lis szabv\u00e1nyok \u00e1ltal tan\u00fas\u00edtottak, biztos\u00edtva a min\u0151s\u00e9get \u00e9s a biztons\u00e1got.<\/p>\n<p><strong>K: Hogyan biztos\u00edtja a frissess\u00e9get \u00e9s a min\u0151s\u00e9get?<\/strong><br \/>\n<strong>V:<\/strong> Nagy, \u00e1lland\u00f3 h\u0151m\u00e9rs\u00e9klet\u0171 rakt\u00e1runk optim\u00e1lis k\u00f6r\u00fclm\u00e9nyeket tart fenn, meg\u0151rzi a frissess\u00e9get \u00e9s a min\u0151s\u00e9get a kisz\u00e1ll\u00edt\u00e1sig.<\/p>\n<p><strong>K: T\u00f6meges megrendel\u00e9seket biztos\u00edt nemzetk\u00f6zi sz\u00e1ll\u00edt\u00e1shoz?<\/strong><br \/>\n<strong>V:<\/strong> Igen, t\u00f6meges megrendel\u00e9sekre \u00e9s nemzetk\u00f6zi sz\u00e1ll\u00edt\u00e1sokra specializ\u00e1l\u00f3dtunk, biztos\u00edtva a z\u00f6kken\u0151mentes ell\u00e1t\u00e1si l\u00e1ncot a glob\u00e1lis \u00fcgyfelek sz\u00e1m\u00e1ra.<\/p>\n<p><strong>K: Milyen el\u0151ny\u00f6kkel j\u00e1r a p\u00f6rk\u00f6lt f\u00f6ldimogyor\u00f3-mag osztott form\u00e1ban t\u00f6rt\u00e9n\u0151 kiv\u00e1laszt\u00e1sa?<\/strong><br \/>\n<strong>V:<\/strong> Az osztott p\u00f6rk\u00f6lt f\u00f6ldimogyor\u00f3-szemek felhaszn\u00e1l\u00e1sra k\u00e9sz term\u00e9ket k\u00edn\u00e1lnak fokozott \u00edzzel \u00e9s \u00e1llaggal, ide\u00e1lis falatokhoz \u00e9s k\u00f6retekhez.<\/p>\n<p><strong>K: Vannak adal\u00e9kanyagok a p\u00f6rk\u00f6lt f\u00f6ldimogyor\u00f3-szemekben?<\/strong><br \/>\n<strong>V:<\/strong> Nem, p\u00f6rk\u00f6lt f\u00f6ldimogyor\u00f3-szemeink adal\u00e9kanyagokt\u00f3l \u00e9s tart\u00f3s\u00edt\u00f3szerekt\u0151l mentesek, \u00edgy biztos\u00edtva a term\u00e9szetes term\u00e9ket.<\/p>\n<p><strong>K: K\u00e9rhetek meghat\u00e1rozott p\u00f6rk\u00f6l\u00e9si fokozatokat?<\/strong><br \/>\n<strong>V:<\/strong> Igen, szem\u00e9lyre szabhatjuk a p\u00f6rk\u00f6l\u00e9si fokozatokat az \u00d6n ig\u00e9nyei szerint, f\u00fcggetlen\u00fcl att\u00f3l, hogy a vil\u00e1gos, k\u00f6zepes vagy s\u00f6t\u00e9t p\u00f6rk\u00f6l\u00e9st r\u00e9szes\u00edti el\u0151nyben.<\/p>\n<p><strong>K: Hogyan k\u00e9rhetek mint\u00e1t?<\/strong><br \/>\n<strong>V:<\/strong> <a href=\"mailto:globepeanut@gmail.com\" target=\"_blank\" rel=\"noopener\">\u00c9rintkez\u00e9s <\/a>\u00e9rt\u00e9kes\u00edt\u00e9si csapatunk, hogy k\u00e9rjen mint\u00e1t, \u00e9s megvitassa egyedi ig\u00e9nyeit.<\/p>\n<p><strong>K: Milyen piacokra sz\u00e1ll\u00edt?<\/strong><br \/>\n<strong>V:<\/strong> P\u00f6rk\u00f6lt f\u00f6ldimogyor\u00f3-szemeket sz\u00e1ll\u00edtunk a vil\u00e1g k\u00fcl\u00f6nb\u00f6z\u0151 piacaira, bele\u00e9rtve \u00c9szak-Amerik\u00e1t, Eur\u00f3p\u00e1t, \u00c1zsi\u00e1t \u00e9s a K\u00f6zel-Keletet, er\u0151s ipar\u00e1gi partners\u00e9gekkel.<\/p>\n<a href=\"mailto:globepeanut@gmail.com\" class=\"button primary is-primary is-medium\"  >\n    <span>\u00cdrjon nek\u00fcnk e-mailt<\/span>\n  <\/a>","protected":false},"excerpt":{"rendered":"<p>Szeletelt p\u00f6rk\u00f6lt f\u00f6ldimogyor\u00f3-mag gy\u00e1rt\u00f3 \u00e9s sz\u00e1ll\u00edt\u00f3 vagyunk K\u00edn\u00e1ban<\/p>\n<p>- MOQ: 1 tonna<br \/>\n\u2013 OEM\/ODM szolg\u00e1ltat\u00e1s<br \/>\n- Ingyenes minta \u00e1ll rendelkez\u00e9sre<br \/>\n- Fogadja el a testreszab\u00e1st (specifik\u00e1ci\u00f3k, m\u00e9retek, sz\u00ednek, diz\u00e1jn stb.)<br \/>\n- M\u0171szaki adatok (3-5 mesh, 4-7 mesh, 5-8 mesh, 6-10 mesh, 8-14 mesh vagy ig\u00e9ny szerint)<\/p>\n<p>Ha p\u00f6rk\u00f6lt f\u00f6ldimogyor\u00f3-magot szeretne kapni has\u00edtva vagy szeletelt p\u00f6rk\u00f6lt f\u00f6ldimogyor\u00f3-magban, k\u00e9rj\u00fck, vegye fel vel\u00fcnk a kapcsolatot.<\/p>","protected":false},"featured_media":1712,"comment_status":"open","ping_status":"closed","template":"","meta":[],"product_cat":[37],"product_tag":[],"class_list":{"0":"post-1555","1":"product","2":"type-product","3":"status-publish","4":"has-post-thumbnail","6":"product_cat-roasted-peanut","8":"first","9":"instock","10":"shipping-taxable","11":"product-type-simple"},"yoast_head":"<!-- This site is optimized with the Yoast SEO plugin v24.9 - https:\/\/yoast.com\/wordpress\/plugins\/seo\/ -->\n<title>Roasted Peanut Kernels in Split | Sliced Roasted Peanut Kernels - Peanut Butter Factory<\/title>\n<meta name=\"description\" content=\"We are leading OEM manufacturer, supplier, and exporter of high-quality Roasted Peanut Kernels in Split. Private label services and global brands partner.\" \/>\n<meta name=\"robots\" content=\"index, follow, max-snippet:-1, max-image-preview:large, max-video-preview:-1\" \/>\n<link rel=\"canonical\" href=\"https:\/\/www.peanutoem.com\/hu\/manufacturer\/roasted-peanut-kernels-in-split\/\" \/>\n<meta property=\"og:locale\" content=\"hu_HU\" \/>\n<meta property=\"og:type\" content=\"article\" \/>\n<meta property=\"og:title\" content=\"Roasted Peanut Kernels in Split | Sliced Roasted Peanut Kernels - Peanut Butter Factory\" \/>\n<meta property=\"og:description\" content=\"We are leading OEM manufacturer, supplier, and exporter of high-quality Roasted Peanut Kernels in Split. Private label services and global brands partner.\" \/>\n<meta property=\"og:url\" content=\"https:\/\/www.peanutoem.com\/hu\/manufacturer\/roasted-peanut-kernels-in-split\/\" \/>\n<meta property=\"og:site_name\" content=\"Peanut Butter Factory\" \/>\n<meta property=\"article:modified_time\" content=\"2024-09-28T04:44:51+00:00\" \/>\n<meta property=\"og:image\" content=\"https:\/\/www.peanutoem.com\/wp-content\/uploads\/2024\/09\/4-6mm-roasted-peanut-kernels-scaled.webp\" \/>\n\t<meta property=\"og:image:width\" content=\"1920\" \/>\n\t<meta property=\"og:image:height\" content=\"2560\" \/>\n\t<meta property=\"og:image:type\" content=\"image\/webp\" \/>\n<meta name=\"twitter:card\" content=\"summary_large_image\" \/>\n<meta name=\"twitter:label1\" content=\"Becs\u00fclt olvas\u00e1si id\u0151\" \/>\n\t<meta name=\"twitter:data1\" content=\"4 perc\" \/>\n<script type=\"application\/ld+json\" class=\"yoast-schema-graph\">{\"@context\":\"https:\/\/schema.org\",\"@graph\":[{\"@type\":\"WebPage\",\"@id\":\"https:\/\/www.peanutoem.com\/manufacturer\/roasted-peanut-kernels-in-split\/\",\"url\":\"https:\/\/www.peanutoem.com\/manufacturer\/roasted-peanut-kernels-in-split\/\",\"name\":\"Roasted Peanut Kernels in Split | Sliced Roasted Peanut Kernels - Peanut Butter Factory\",\"isPartOf\":{\"@id\":\"https:\/\/www.peanutoem.com\/#website\"},\"primaryImageOfPage\":{\"@id\":\"https:\/\/www.peanutoem.com\/manufacturer\/roasted-peanut-kernels-in-split\/#primaryimage\"},\"image\":{\"@id\":\"https:\/\/www.peanutoem.com\/manufacturer\/roasted-peanut-kernels-in-split\/#primaryimage\"},\"thumbnailUrl\":\"https:\/\/www.peanutoem.com\/wp-content\/uploads\/2024\/09\/4-6mm-roasted-peanut-kernels-scaled.webp\",\"datePublished\":\"2024-09-02T14:00:33+00:00\",\"dateModified\":\"2024-09-28T04:44:51+00:00\",\"description\":\"We are leading OEM manufacturer, supplier, and exporter of high-quality Roasted Peanut Kernels in Split. Private label services and global brands partner.\",\"breadcrumb\":{\"@id\":\"https:\/\/www.peanutoem.com\/manufacturer\/roasted-peanut-kernels-in-split\/#breadcrumb\"},\"inLanguage\":\"hu\",\"potentialAction\":[{\"@type\":\"ReadAction\",\"target\":[\"https:\/\/www.peanutoem.com\/manufacturer\/roasted-peanut-kernels-in-split\/\"]}]},{\"@type\":\"ImageObject\",\"inLanguage\":\"hu\",\"@id\":\"https:\/\/www.peanutoem.com\/manufacturer\/roasted-peanut-kernels-in-split\/#primaryimage\",\"url\":\"https:\/\/www.peanutoem.com\/wp-content\/uploads\/2024\/09\/4-6mm-roasted-peanut-kernels-scaled.webp\",\"contentUrl\":\"https:\/\/www.peanutoem.com\/wp-content\/uploads\/2024\/09\/4-6mm-roasted-peanut-kernels-scaled.webp\",\"width\":1920,\"height\":2560,\"caption\":\"4-6mm roasted peanut kernels\"},{\"@type\":\"BreadcrumbList\",\"@id\":\"https:\/\/www.peanutoem.com\/manufacturer\/roasted-peanut-kernels-in-split\/#breadcrumb\",\"itemListElement\":[{\"@type\":\"ListItem\",\"position\":1,\"name\":\"Home\",\"item\":\"https:\/\/www.peanutoem.com\/\"},{\"@type\":\"ListItem\",\"position\":2,\"name\":\"Products\",\"item\":\"https:\/\/www.peanutoem.com\/shop\/\"},{\"@type\":\"ListItem\",\"position\":3,\"name\":\"Roasted Peanut Kernels in Split | Sliced Roasted Peanut Kernels\"}]},{\"@type\":\"WebSite\",\"@id\":\"https:\/\/www.peanutoem.com\/#website\",\"url\":\"https:\/\/www.peanutoem.com\/\",\"name\":\"Peanut Butter Factory\",\"description\":\"Peanut Butter Manufacturer and Roast Peanut OEM Factory | Peanut Private Label China Supplier\",\"publisher\":{\"@id\":\"https:\/\/www.peanutoem.com\/#organization\"},\"alternateName\":\"Peanut Butter OEM and Wholesale\",\"potentialAction\":[{\"@type\":\"SearchAction\",\"target\":{\"@type\":\"EntryPoint\",\"urlTemplate\":\"https:\/\/www.peanutoem.com\/?s={search_term_string}\"},\"query-input\":{\"@type\":\"PropertyValueSpecification\",\"valueRequired\":true,\"valueName\":\"search_term_string\"}}],\"inLanguage\":\"hu\"},{\"@type\":\"Organization\",\"@id\":\"https:\/\/www.peanutoem.com\/#organization\",\"name\":\"Peanut Butter Factory\",\"alternateName\":\"JuFeng Group\",\"url\":\"https:\/\/www.peanutoem.com\/\",\"logo\":{\"@type\":\"ImageObject\",\"inLanguage\":\"hu\",\"@id\":\"https:\/\/www.peanutoem.com\/#\/schema\/logo\/image\/\",\"url\":\"https:\/\/www.peanutoem.com\/wp-content\/uploads\/2024\/09\/JUFENG-LOGO.png\",\"contentUrl\":\"https:\/\/www.peanutoem.com\/wp-content\/uploads\/2024\/09\/JUFENG-LOGO.png\",\"width\":600,\"height\":170,\"caption\":\"Peanut Butter Factory\"},\"image\":{\"@id\":\"https:\/\/www.peanutoem.com\/#\/schema\/logo\/image\/\"}}]}<\/script>\n<!-- \/ Yoast SEO plugin. -->","yoast_head_json":{"title":"Roasted Peanut Kernels in Split | Sliced Roasted Peanut Kernels - Peanut Butter Factory","description":"We are leading OEM manufacturer, supplier, and exporter of high-quality Roasted Peanut Kernels in Split. Private label services and global brands partner.","robots":{"index":"index","follow":"follow","max-snippet":"max-snippet:-1","max-image-preview":"max-image-preview:large","max-video-preview":"max-video-preview:-1"},"canonical":"https:\/\/www.peanutoem.com\/hu\/manufacturer\/roasted-peanut-kernels-in-split\/","og_locale":"hu_HU","og_type":"article","og_title":"Roasted Peanut Kernels in Split | Sliced Roasted Peanut Kernels - Peanut Butter Factory","og_description":"We are leading OEM manufacturer, supplier, and exporter of high-quality Roasted Peanut Kernels in Split. Private label services and global brands partner.","og_url":"https:\/\/www.peanutoem.com\/hu\/manufacturer\/roasted-peanut-kernels-in-split\/","og_site_name":"Peanut Butter Factory","article_modified_time":"2024-09-28T04:44:51+00:00","og_image":[{"width":1920,"height":2560,"url":"https:\/\/www.peanutoem.com\/wp-content\/uploads\/2024\/09\/4-6mm-roasted-peanut-kernels-scaled.webp","type":"image\/webp"}],"twitter_card":"summary_large_image","twitter_misc":{"Becs\u00fclt olvas\u00e1si id\u0151":"4 perc"},"schema":{"@context":"https:\/\/schema.org","@graph":[{"@type":"WebPage","@id":"https:\/\/www.peanutoem.com\/manufacturer\/roasted-peanut-kernels-in-split\/","url":"https:\/\/www.peanutoem.com\/manufacturer\/roasted-peanut-kernels-in-split\/","name":"Roasted Peanut Kernels in Split | Sliced Roasted Peanut Kernels - Peanut Butter Factory","isPartOf":{"@id":"https:\/\/www.peanutoem.com\/#website"},"primaryImageOfPage":{"@id":"https:\/\/www.peanutoem.com\/manufacturer\/roasted-peanut-kernels-in-split\/#primaryimage"},"image":{"@id":"https:\/\/www.peanutoem.com\/manufacturer\/roasted-peanut-kernels-in-split\/#primaryimage"},"thumbnailUrl":"https:\/\/www.peanutoem.com\/wp-content\/uploads\/2024\/09\/4-6mm-roasted-peanut-kernels-scaled.webp","datePublished":"2024-09-02T14:00:33+00:00","dateModified":"2024-09-28T04:44:51+00:00","description":"We are leading OEM manufacturer, supplier, and exporter of high-quality Roasted Peanut Kernels in Split. Private label services and global brands partner.","breadcrumb":{"@id":"https:\/\/www.peanutoem.com\/manufacturer\/roasted-peanut-kernels-in-split\/#breadcrumb"},"inLanguage":"hu","potentialAction":[{"@type":"ReadAction","target":["https:\/\/www.peanutoem.com\/manufacturer\/roasted-peanut-kernels-in-split\/"]}]},{"@type":"ImageObject","inLanguage":"hu","@id":"https:\/\/www.peanutoem.com\/manufacturer\/roasted-peanut-kernels-in-split\/#primaryimage","url":"https:\/\/www.peanutoem.com\/wp-content\/uploads\/2024\/09\/4-6mm-roasted-peanut-kernels-scaled.webp","contentUrl":"https:\/\/www.peanutoem.com\/wp-content\/uploads\/2024\/09\/4-6mm-roasted-peanut-kernels-scaled.webp","width":1920,"height":2560,"caption":"4-6mm roasted peanut kernels"},{"@type":"BreadcrumbList","@id":"https:\/\/www.peanutoem.com\/manufacturer\/roasted-peanut-kernels-in-split\/#breadcrumb","itemListElement":[{"@type":"ListItem","position":1,"name":"Home","item":"https:\/\/www.peanutoem.com\/"},{"@type":"ListItem","position":2,"name":"Products","item":"https:\/\/www.peanutoem.com\/shop\/"},{"@type":"ListItem","position":3,"name":"Roasted Peanut Kernels in Split | Sliced Roasted Peanut Kernels"}]},{"@type":"WebSite","@id":"https:\/\/www.peanutoem.com\/#website","url":"https:\/\/www.peanutoem.com\/","name":"Peanut Butter Factory","description":"Peanut Butter Manufacturer and Roast Peanut OEM Factory | Peanut Private Label China Supplier","publisher":{"@id":"https:\/\/www.peanutoem.com\/#organization"},"alternateName":"Peanut Butter OEM and Wholesale","potentialAction":[{"@type":"SearchAction","target":{"@type":"EntryPoint","urlTemplate":"https:\/\/www.peanutoem.com\/?s={search_term_string}"},"query-input":{"@type":"PropertyValueSpecification","valueRequired":true,"valueName":"search_term_string"}}],"inLanguage":"hu"},{"@type":"Organization","@id":"https:\/\/www.peanutoem.com\/#organization","name":"Peanut Butter Factory","alternateName":"JuFeng Group","url":"https:\/\/www.peanutoem.com\/","logo":{"@type":"ImageObject","inLanguage":"hu","@id":"https:\/\/www.peanutoem.com\/#\/schema\/logo\/image\/","url":"https:\/\/www.peanutoem.com\/wp-content\/uploads\/2024\/09\/JUFENG-LOGO.png","contentUrl":"https:\/\/www.peanutoem.com\/wp-content\/uploads\/2024\/09\/JUFENG-LOGO.png","width":600,"height":170,"caption":"Peanut Butter Factory"},"image":{"@id":"https:\/\/www.peanutoem.com\/#\/schema\/logo\/image\/"}}]}},"_links":{"self":[{"href":"https:\/\/www.peanutoem.com\/hu\/wp-json\/wp\/v2\/product\/1555","targetHints":{"allow":["GET"]}}],"collection":[{"href":"https:\/\/www.peanutoem.com\/hu\/wp-json\/wp\/v2\/product"}],"about":[{"href":"https:\/\/www.peanutoem.com\/hu\/wp-json\/wp\/v2\/types\/product"}],"replies":[{"embeddable":true,"href":"https:\/\/www.peanutoem.com\/hu\/wp-json\/wp\/v2\/comments?post=1555"}],"wp:featuredmedia":[{"embeddable":true,"href":"https:\/\/www.peanutoem.com\/hu\/wp-json\/wp\/v2\/media\/1712"}],"wp:attachment":[{"href":"https:\/\/www.peanutoem.com\/hu\/wp-json\/wp\/v2\/media?parent=1555"}],"wp:term":[{"taxonomy":"product_cat","embeddable":true,"href":"https:\/\/www.peanutoem.com\/hu\/wp-json\/wp\/v2\/product_cat?post=1555"},{"taxonomy":"product_tag","embeddable":true,"href":"https:\/\/www.peanutoem.com\/hu\/wp-json\/wp\/v2\/product_tag?post=1555"}],"curies":[{"name":"wp","href":"https:\/\/api.w.org\/{rel}","templated":true}]}}