{"id":1556,"date":"2024-09-02T14:00:57","date_gmt":"2024-09-02T14:00:57","guid":{"rendered":"https:\/\/www.peanutoem.com\/?post_type=product&#038;p=1556"},"modified":"2024-09-28T04:23:49","modified_gmt":"2024-09-28T04:23:49","slug":"roasted-peanut-powder","status":"publish","type":"product","link":"https:\/\/www.peanutoem.com\/hu\/manufacturer\/roasted-peanut-powder\/","title":{"rendered":"P\u00f6rk\u00f6lt f\u00f6ldimogyor\u00f3 por"},"content":{"rendered":"<h3>Mi az a p\u00f6rk\u00f6lt mogyor\u00f3por?<\/h3>\n<p>A p\u00f6rk\u00f6lt f\u00f6ldimogyor\u00f3 por a f\u00f6ldimogyor\u00f3 finom \u0151rl\u00e9s\u00e9vel \u00e9s term\u00e9szetes \u00edz\u00e9nek fokoz\u00e1s\u00e1val k\u00e9sz\u00fcl a <a href=\"https:\/\/en.wikipedia.org\/wiki\/Roasting\" target=\"_blank\" rel=\"noopener\">s\u00fct\u00e9s<\/a> folyamat. Ez a sokoldal\u00fa \u00f6sszetev\u0151 n\u00e9pszer\u0171 az \u00e9lelmiszeriparban, pr\u00e9mium komponensk\u00e9nt szolg\u00e1l f\u00f6ldimogyor\u00f3s snackekben, p\u00e9k\u00e1rukban, sz\u00f3szokban \u00e9s feh\u00e9rjeporokban. A p\u00f6rk\u00f6l\u00e9si folyamat jelent\u0151sen fokozza a f\u00f6ldimogyor\u00f3 di\u00f3s arom\u00e1j\u00e1t, \u00edgy a gazdag f\u00f6ldimogyor\u00f3 \u00edzt keres\u0151 \u00e9lelmiszergy\u00e1rt\u00f3k kedvelt alapanyag\u00e1v\u00e1 teszi. Por form\u00e1j\u00e1nak k\u00f6sz\u00f6nhet\u0151en k\u00f6nnyen beilleszthet\u0151 k\u00fcl\u00f6nf\u00e9le receptekbe, gazdag \u00edzt k\u00f6lcs\u00f6n\u00f6zve az \u00e9teleknek an\u00e9lk\u00fcl, hogy tov\u00e1bbi v\u00edzre lenne sz\u00fcks\u00e9g.<\/p>\n<h3><img loading=\"lazy\" decoding=\"async\" class=\"alignnone wp-image-1719 size-full\" src=\"https:\/\/www.peanutoem.com\/wp-content\/uploads\/2024\/09\/Roasted-Peanut-Powder-in-Pouch.webp\" alt=\"P\u00f6rk\u00f6lt mogyor\u00f3por tasakban\" width=\"912\" height=\"1128\" srcset=\"https:\/\/www.peanutoem.com\/wp-content\/uploads\/2024\/09\/Roasted-Peanut-Powder-in-Pouch.webp 912w, https:\/\/www.peanutoem.com\/wp-content\/uploads\/2024\/09\/Roasted-Peanut-Powder-in-Pouch-243x300.webp 243w, https:\/\/www.peanutoem.com\/wp-content\/uploads\/2024\/09\/Roasted-Peanut-Powder-in-Pouch-828x1024.webp 828w, https:\/\/www.peanutoem.com\/wp-content\/uploads\/2024\/09\/Roasted-Peanut-Powder-in-Pouch-768x950.webp 768w, https:\/\/www.peanutoem.com\/wp-content\/uploads\/2024\/09\/Roasted-Peanut-Powder-in-Pouch-10x12.webp 10w, https:\/\/www.peanutoem.com\/wp-content\/uploads\/2024\/09\/Roasted-Peanut-Powder-in-Pouch-600x742.webp 600w\" sizes=\"auto, (max-width: 912px) 100vw, 912px\" \/><\/h3>\n<h3>A p\u00f6rk\u00f6lt f\u00f6ldimogyor\u00f3-por alternat\u00edv nevei<\/h3>\n<p>A p\u00f6rk\u00f6lt f\u00f6ldimogyor\u00f3-port k\u00fcl\u00f6nb\u00f6z\u0151 neveken ismerik a piacon. N\u00e9h\u00e1ny gyakori alternat\u00edva:<\/p>\n<ul>\n<li>Mogyor\u00f3 liszt<\/li>\n<li>P\u00f6rk\u00f6lt \u0151r\u00f6lt f\u00f6ldimogyor\u00f3 por<\/li>\n<li>Mogyor\u00f3 \u00e9tkez\u00e9s<\/li>\n<li>P\u00f6rk\u00f6lt f\u00f6ldimogyor\u00f3 por<\/li>\n<li>Zs\u00edrtalan\u00edtott mogyor\u00f3por<\/li>\n<\/ul>\n<div class=\"group\/conversation-turn relative flex w-full min-w-0 flex-col agent-turn\">\n<div class=\"flex-col gap-1 md:gap-3\">\n<h3>Relev\u00e1ns aktu\u00e1lis t\u00e9m\u00e1k a p\u00f6rk\u00f6lt mogyor\u00f3porr\u00f3l<\/h3>\n<ul>\n<li data-pm-slice=\"0 0 []\"><strong>Glut\u00e9nmentes s\u00fct\u00e9si alkalmaz\u00e1sok:<\/strong> Egyre t\u00f6bb p\u00e9k haszn\u00e1l p\u00f6rk\u00f6lt f\u00f6ldimogyor\u00f3-port liszthelyettes\u00edt\u0151k\u00e9nt a glut\u00e9nmentes receptekben, jav\u00edtva ezzel az \u00edzt \u00e9s a t\u00e1pl\u00e1lkoz\u00e1st.<\/li>\n<li><strong>Eg\u00e9szs\u00e9g\u00fcgyi el\u0151ny\u00f6k:<\/strong> Az eg\u00e9szs\u00e9gtudatos fogyaszt\u00f3k a p\u00f6rk\u00f6lt mogyor\u00f3port vonz\u00f3nak tal\u00e1lj\u00e1k magas feh\u00e9rje-, rost- \u00e9s eg\u00e9szs\u00e9ges zs\u00edrtartalma miatt.<\/li>\n<li><strong>N\u00f6vekv\u0151 kereslet a n\u00f6v\u00e9nyi alap\u00fa feh\u00e9rj\u00e9k ir\u00e1nt:<\/strong> A n\u00f6v\u00e9nyi alap\u00fa \u00e9trend n\u00f6veked\u00e9s\u00e9vel a p\u00f6rk\u00f6lt f\u00f6ldimogyor\u00f3por a veg\u00e1nok \u00e9s veget\u00e1ri\u00e1nusok kedvelt feh\u00e9rjeforr\u00e1s\u00e1v\u00e1 v\u00e1lik.<\/li>\n<li><strong>Glut\u00e9nmentes s\u00fct\u00e9si alkalmaz\u00e1sok:<\/strong> A p\u00e9kek egyre gyakrabban v\u00e1lasztj\u00e1k a p\u00f6rk\u00f6lt f\u00f6ldimogyor\u00f3port liszthelyettes\u00edt\u0151k\u00e9nt a glut\u00e9nmentes receptekben, fokozva az \u00edzt \u00e9s a t\u00e1pl\u00e1lkoz\u00e1st.<\/li>\n<li><strong>Innovat\u00edv \u00e9lelmiszeripari felhaszn\u00e1l\u00e1sok:<\/strong> Ez a sokoldal\u00fa \u00f6sszetev\u0151 jav\u00edtja a k\u00fcl\u00f6nf\u00e9le term\u00e9kek \u00edz\u00e9t \u00e9s \u00e1llag\u00e1t, az energiaszeletekt\u0151l a sz\u00f3szokig.<\/li>\n<li><strong>Priv\u00e1t m\u00e1rk\u00e1s lehet\u0151s\u00e9gek:<\/strong> Sok m\u00e1rka a saj\u00e1t m\u00e1rk\u00e1s mogyor\u00f3term\u00e9kek mellett d\u00f6nt, \u00e9s szem\u00e9lyre szabott p\u00f6rk\u00f6lt f\u00f6ldimogyor\u00f3-por megold\u00e1sokat k\u00edn\u00e1l vel\u00fcnk, mint megb\u00edzhat\u00f3 OEM-partnerrel.<\/li>\n<\/ul>\n<h3 class=\"flex max-w-full flex-col flex-grow\"><span style=\"font-size: 20.16px;\">A f\u00f6ldimogyor\u00f3-feldolgoz\u00f3 ipar megb\u00edzhat\u00f3 vezet\u0151jek\u00e9nt pr\u00e9mium p\u00f6rk\u00f6lt mogyor\u00f3port k\u00edn\u00e1lunk k\u00fcl\u00f6nf\u00e9le alkalmaz\u00e1sokhoz. \u00cdgy t\u0171n\u00fcnk ki:<\/span><\/h3>\n<ul>\n<li><strong>A legmodernebb gy\u00e1rt\u00e1s:<\/strong> Fejlett gy\u00e1rt\u00f3soraink kiv\u00e1l\u00f3 min\u0151s\u00e9g\u0171 p\u00f6rk\u00f6lt f\u00f6ldimogyor\u00f3port biztos\u00edtanak \u00e1lland\u00f3 szemcsem\u00e9rettel \u00e9s \u00edzzel.<\/li>\n<li><strong>Testreszabott megold\u00e1sok:<\/strong> OEM-gy\u00e1rt\u00f3k\u00e9nt saj\u00e1t m\u00e1rk\u00e1s szolg\u00e1ltat\u00e1sokat, szem\u00e9lyre szabott p\u00f6rk\u00f6l\u00e9si szinteket \u00e9s rugalmas csomagol\u00e1si lehet\u0151s\u00e9geket k\u00edn\u00e1lunk az \u00d6n egyedi ig\u00e9nyeinek kiel\u00e9g\u00edt\u00e9s\u00e9re.<\/li>\n<li><strong>Szigor\u00fa min\u0151s\u00e9g-ellen\u0151rz\u00e9s:<\/strong> A legmodernebb laborat\u00f3riumainkban v\u00e9gzett szigor\u00fa \u00e9rz\u00e9kszervi, k\u00e9miai \u00e9s mikrobi\u00e1lis vizsg\u00e1latokkal a legmagasabb term\u00e9kszabv\u00e1nyokat tartjuk fenn.<\/li>\n<li><strong>Tan\u00fas\u00edtv\u00e1nyok \u00e9s megfelel\u0151s\u00e9g:<\/strong> Tan\u00fas\u00edtv\u00e1nyaink \u2013 BRCGS, HACCP, Halal, Kosher \u00e9s EU Organic \u2013 igazolj\u00e1k, hogy betartjuk a szigor\u00fa min\u0151s\u00e9gi \u00e9s biztons\u00e1gi el\u0151\u00edr\u00e1sokat.<\/li>\n<li><strong>Glob\u00e1lis exportszak\u00e9rtelem:<\/strong> A nemzetk\u00f6zi logisztika ter\u00fclet\u00e9n szerzett sz\u00e9lesk\u00f6r\u0171 tapasztalatunkkal garant\u00e1ljuk a z\u00f6kken\u0151mentes \u00e9s megb\u00edzhat\u00f3 exportfolyamatot a vil\u00e1g piacaira.<\/li>\n<li><strong>Fenntarthat\u00f3s\u00e1gi k\u00f6telezetts\u00e9gv\u00e1llal\u00e1s:<\/strong> El\u0151nyben r\u00e9szes\u00edtj\u00fck a fenntarthat\u00f3 beszerz\u00e9st \u00e9s a k\u00f6rnyezetbar\u00e1t termel\u00e9si gyakorlatokat, hozz\u00e1j\u00e1rulva a f\u00f6ldimogyor\u00f3-ipar jobb j\u00f6v\u0151j\u00e9hez.<\/li>\n<\/ul>\n<h3>Mi\u00e9rt v\u00e1lassz minket?<\/h3>\n<ul>\n<li><strong>Legjobb v\u00e1laszt\u00e1s:<\/strong> \u00c9lvonalbeli technol\u00f3gi\u00e1nk, testreszab\u00e1si lehet\u0151s\u00e9geink \u00e9s glob\u00e1lis tan\u00fas\u00edtv\u00e1nyaink vezet\u0151 besz\u00e1ll\u00edt\u00f3v\u00e1 tesznek benn\u00fcnket.<\/li>\n<li><strong>Egyedi csomagol\u00e1s:<\/strong> Saj\u00e1t m\u00e1rk\u00e1s szolg\u00e1ltat\u00e1sokat k\u00edn\u00e1lunk, hogy a csomagol\u00e1st \u00e9s a m\u00e1rkajelz\u00e9st az \u00d6n specifik\u00e1ci\u00f3ihoz igaz\u00edtsuk.<\/li>\n<li><strong>Frissess\u00e9gbiztos\u00edt\u00e1s:<\/strong> H\u0151m\u00e9rs\u00e9klet-szab\u00e1lyozott t\u00e1rol\u00f3helyeink meg\u0151rzik a term\u00e9k frissess\u00e9g\u00e9t a t\u00e1rol\u00e1s \u00e9s a sz\u00e1ll\u00edt\u00e1s sor\u00e1n.<\/li>\n<li><strong>P\u00f6rk\u00f6l\u00e9si szintek:<\/strong> \u00c9lvezze a testreszabhat\u00f3 p\u00f6rk\u00f6l\u00e9si fokozatokat a vil\u00e1gost\u00f3l a s\u00f6t\u00e9tig, \u00edzl\u00e9s\u00e9nek megfelel\u0151en kialak\u00edtva.<\/li>\n<li><strong>T\u00f6meges rendel\u00e9sek:<\/strong> Vegye fel a kapcsolatot \u00e9rt\u00e9kes\u00edt\u00e9si csapatunkkal, hogy k\u00f6nnyed\u00e9n megvitassa \u00e9s teljes\u00edtse t\u00f6meges rendel\u00e9si ig\u00e9nyeit.<\/li>\n<li><strong>Ipari alkalmaz\u00e1sok:<\/strong> P\u00f6rk\u00f6lt f\u00f6ldimogyor\u00f3porunk n\u00e9pszer\u0171 a s\u00fct\u00e9s, snack gy\u00e1rt\u00e1s, feh\u00e9rje-kieg\u00e9sz\u00edt\u0151k, sz\u00f3szok \u00e9s \u00edzes\u00edt\u0151k ter\u00fclet\u00e9n.<\/li>\n<li><strong>Glut\u00e9nmentes:<\/strong> Term\u00e9szetesen glut\u00e9nmentes, kiv\u00e1l\u00f3 v\u00e1laszt\u00e1s glut\u00e9nmentes \u00e9lelmiszerekhez.<\/li>\n<li><strong>El\u00e9rhet\u0151 mint\u00e1k:<\/strong> Leend\u0151 \u00fcgyfeleink sz\u00e1m\u00e1ra mint\u00e1kat biztos\u00edtunk term\u00e9keink min\u0151s\u00e9g\u00e9nek \u00e9s alkalmass\u00e1g\u00e1nak \u00e9rt\u00e9kel\u00e9s\u00e9hez.<\/li>\n<li><strong>Glob\u00e1lis el\u00e9r\u00e9s:<\/strong> \u00c9szak-Amerika, Eur\u00f3pa, \u00c1zsia \u00e9s a K\u00f6zel-Kelet piacaira export\u00e1lunk, biztos\u00edtva ezzel egy er\u0151s nemzetk\u00f6zi besz\u00e1ll\u00edt\u00f3i h\u00e1l\u00f3zatot.<\/li>\n<\/ul>\n<a href=\"mailto:globepeanut@gmail.com\" class=\"button primary is-primary is-medium\"  >\n    <span>\u00cdrjon nek\u00fcnk e-mailt<\/span>\n  <\/a>\n\n<\/div>\n<\/div>","protected":false},"excerpt":{"rendered":"<p>P\u00f6rk\u00f6lt f\u00f6ldimogyor\u00f3-por gy\u00e1rt\u00f3 \u00e9s sz\u00e1ll\u00edt\u00f3 vagyunk K\u00edn\u00e1ban<\/p>\n<p>- MOQ: 1 tonna<br \/>\n\u2013 OEM\/ODM szolg\u00e1ltat\u00e1s<br \/>\n- Ingyenes minta \u00e1ll rendelkez\u00e9sre<br \/>\n- Fogadja el a testreszab\u00e1st (specifik\u00e1ci\u00f3k, m\u00e9retek, sz\u00ednek, diz\u00e1jn stb.)<br \/>\n- M\u0171szaki adatok (14 h\u00e1l\u00f3val kisebb, vagy ig\u00e9ny szerint)<\/p>\n<p>Ha p\u00f6rk\u00f6lt mogyor\u00f3port szeretne beszerezni, k\u00e9rj\u00fck, vegye fel vel\u00fcnk a kapcsolatot.<\/p>","protected":false},"featured_media":1714,"comment_status":"open","ping_status":"closed","template":"","meta":[],"product_cat":[37],"product_tag":[],"class_list":{"0":"post-1556","1":"product","2":"type-product","3":"status-publish","4":"has-post-thumbnail","6":"product_cat-roasted-peanut","8":"first","9":"instock","10":"shipping-taxable","11":"product-type-simple"},"yoast_head":"<!-- This site is optimized with the Yoast SEO plugin v24.9 - https:\/\/yoast.com\/wordpress\/plugins\/seo\/ -->\n<title>Roasted Peanut Powder Manufacturer - Peanut Butter Factory<\/title>\n<meta name=\"description\" content=\"We are a top OEM, private label manufacturer, and exporter of premium Roasted Peanut Powder, offering quality solutions globally.\" \/>\n<meta name=\"robots\" content=\"index, follow, max-snippet:-1, max-image-preview:large, max-video-preview:-1\" \/>\n<link rel=\"canonical\" href=\"https:\/\/www.peanutoem.com\/hu\/manufacturer\/roasted-peanut-powder\/\" \/>\n<meta property=\"og:locale\" content=\"hu_HU\" \/>\n<meta property=\"og:type\" content=\"article\" \/>\n<meta property=\"og:title\" content=\"Roasted Peanut Powder Manufacturer - Peanut Butter Factory\" \/>\n<meta property=\"og:description\" content=\"We are a top OEM, private label manufacturer, and exporter of premium Roasted Peanut Powder, offering quality solutions globally.\" \/>\n<meta property=\"og:url\" content=\"https:\/\/www.peanutoem.com\/hu\/manufacturer\/roasted-peanut-powder\/\" \/>\n<meta property=\"og:site_name\" content=\"Peanut Butter Factory\" \/>\n<meta property=\"article:modified_time\" content=\"2024-09-28T04:23:49+00:00\" \/>\n<meta property=\"og:image\" content=\"https:\/\/www.peanutoem.com\/wp-content\/uploads\/2024\/09\/Roasted-Peanut-Powder.webp\" \/>\n\t<meta property=\"og:image:width\" content=\"551\" \/>\n\t<meta property=\"og:image:height\" content=\"472\" \/>\n\t<meta property=\"og:image:type\" content=\"image\/webp\" \/>\n<meta name=\"twitter:card\" content=\"summary_large_image\" \/>\n<meta name=\"twitter:label1\" content=\"Becs\u00fclt olvas\u00e1si id\u0151\" \/>\n\t<meta name=\"twitter:data1\" content=\"3 perc\" \/>\n<script type=\"application\/ld+json\" class=\"yoast-schema-graph\">{\"@context\":\"https:\/\/schema.org\",\"@graph\":[{\"@type\":\"WebPage\",\"@id\":\"https:\/\/www.peanutoem.com\/manufacturer\/roasted-peanut-powder\/\",\"url\":\"https:\/\/www.peanutoem.com\/manufacturer\/roasted-peanut-powder\/\",\"name\":\"Roasted Peanut Powder Manufacturer - Peanut Butter Factory\",\"isPartOf\":{\"@id\":\"https:\/\/www.peanutoem.com\/#website\"},\"primaryImageOfPage\":{\"@id\":\"https:\/\/www.peanutoem.com\/manufacturer\/roasted-peanut-powder\/#primaryimage\"},\"image\":{\"@id\":\"https:\/\/www.peanutoem.com\/manufacturer\/roasted-peanut-powder\/#primaryimage\"},\"thumbnailUrl\":\"https:\/\/www.peanutoem.com\/wp-content\/uploads\/2024\/09\/Roasted-Peanut-Powder.webp\",\"datePublished\":\"2024-09-02T14:00:57+00:00\",\"dateModified\":\"2024-09-28T04:23:49+00:00\",\"description\":\"We are a top OEM, private label manufacturer, and exporter of premium Roasted Peanut Powder, offering quality solutions globally.\",\"breadcrumb\":{\"@id\":\"https:\/\/www.peanutoem.com\/manufacturer\/roasted-peanut-powder\/#breadcrumb\"},\"inLanguage\":\"hu\",\"potentialAction\":[{\"@type\":\"ReadAction\",\"target\":[\"https:\/\/www.peanutoem.com\/manufacturer\/roasted-peanut-powder\/\"]}]},{\"@type\":\"ImageObject\",\"inLanguage\":\"hu\",\"@id\":\"https:\/\/www.peanutoem.com\/manufacturer\/roasted-peanut-powder\/#primaryimage\",\"url\":\"https:\/\/www.peanutoem.com\/wp-content\/uploads\/2024\/09\/Roasted-Peanut-Powder.webp\",\"contentUrl\":\"https:\/\/www.peanutoem.com\/wp-content\/uploads\/2024\/09\/Roasted-Peanut-Powder.webp\",\"width\":551,\"height\":472,\"caption\":\"Roasted Peanut Powder\"},{\"@type\":\"BreadcrumbList\",\"@id\":\"https:\/\/www.peanutoem.com\/manufacturer\/roasted-peanut-powder\/#breadcrumb\",\"itemListElement\":[{\"@type\":\"ListItem\",\"position\":1,\"name\":\"Home\",\"item\":\"https:\/\/www.peanutoem.com\/\"},{\"@type\":\"ListItem\",\"position\":2,\"name\":\"Products\",\"item\":\"https:\/\/www.peanutoem.com\/shop\/\"},{\"@type\":\"ListItem\",\"position\":3,\"name\":\"Roasted Peanut Powder\"}]},{\"@type\":\"WebSite\",\"@id\":\"https:\/\/www.peanutoem.com\/#website\",\"url\":\"https:\/\/www.peanutoem.com\/\",\"name\":\"Peanut Butter Factory\",\"description\":\"Peanut Butter Manufacturer and Roast Peanut OEM Factory | Peanut Private Label China Supplier\",\"publisher\":{\"@id\":\"https:\/\/www.peanutoem.com\/#organization\"},\"alternateName\":\"Peanut Butter OEM and Wholesale\",\"potentialAction\":[{\"@type\":\"SearchAction\",\"target\":{\"@type\":\"EntryPoint\",\"urlTemplate\":\"https:\/\/www.peanutoem.com\/?s={search_term_string}\"},\"query-input\":{\"@type\":\"PropertyValueSpecification\",\"valueRequired\":true,\"valueName\":\"search_term_string\"}}],\"inLanguage\":\"hu\"},{\"@type\":\"Organization\",\"@id\":\"https:\/\/www.peanutoem.com\/#organization\",\"name\":\"Peanut Butter Factory\",\"alternateName\":\"JuFeng Group\",\"url\":\"https:\/\/www.peanutoem.com\/\",\"logo\":{\"@type\":\"ImageObject\",\"inLanguage\":\"hu\",\"@id\":\"https:\/\/www.peanutoem.com\/#\/schema\/logo\/image\/\",\"url\":\"https:\/\/www.peanutoem.com\/wp-content\/uploads\/2024\/09\/JUFENG-LOGO.png\",\"contentUrl\":\"https:\/\/www.peanutoem.com\/wp-content\/uploads\/2024\/09\/JUFENG-LOGO.png\",\"width\":600,\"height\":170,\"caption\":\"Peanut Butter Factory\"},\"image\":{\"@id\":\"https:\/\/www.peanutoem.com\/#\/schema\/logo\/image\/\"}}]}<\/script>\n<!-- \/ Yoast SEO plugin. -->","yoast_head_json":{"title":"Roasted Peanut Powder Manufacturer - Peanut Butter Factory","description":"We are a top OEM, private label manufacturer, and exporter of premium Roasted Peanut Powder, offering quality solutions globally.","robots":{"index":"index","follow":"follow","max-snippet":"max-snippet:-1","max-image-preview":"max-image-preview:large","max-video-preview":"max-video-preview:-1"},"canonical":"https:\/\/www.peanutoem.com\/hu\/manufacturer\/roasted-peanut-powder\/","og_locale":"hu_HU","og_type":"article","og_title":"Roasted Peanut Powder Manufacturer - Peanut Butter Factory","og_description":"We are a top OEM, private label manufacturer, and exporter of premium Roasted Peanut Powder, offering quality solutions globally.","og_url":"https:\/\/www.peanutoem.com\/hu\/manufacturer\/roasted-peanut-powder\/","og_site_name":"Peanut Butter Factory","article_modified_time":"2024-09-28T04:23:49+00:00","og_image":[{"width":551,"height":472,"url":"https:\/\/www.peanutoem.com\/wp-content\/uploads\/2024\/09\/Roasted-Peanut-Powder.webp","type":"image\/webp"}],"twitter_card":"summary_large_image","twitter_misc":{"Becs\u00fclt olvas\u00e1si id\u0151":"3 perc"},"schema":{"@context":"https:\/\/schema.org","@graph":[{"@type":"WebPage","@id":"https:\/\/www.peanutoem.com\/manufacturer\/roasted-peanut-powder\/","url":"https:\/\/www.peanutoem.com\/manufacturer\/roasted-peanut-powder\/","name":"Roasted Peanut Powder Manufacturer - Peanut Butter Factory","isPartOf":{"@id":"https:\/\/www.peanutoem.com\/#website"},"primaryImageOfPage":{"@id":"https:\/\/www.peanutoem.com\/manufacturer\/roasted-peanut-powder\/#primaryimage"},"image":{"@id":"https:\/\/www.peanutoem.com\/manufacturer\/roasted-peanut-powder\/#primaryimage"},"thumbnailUrl":"https:\/\/www.peanutoem.com\/wp-content\/uploads\/2024\/09\/Roasted-Peanut-Powder.webp","datePublished":"2024-09-02T14:00:57+00:00","dateModified":"2024-09-28T04:23:49+00:00","description":"We are a top OEM, private label manufacturer, and exporter of premium Roasted Peanut Powder, offering quality solutions globally.","breadcrumb":{"@id":"https:\/\/www.peanutoem.com\/manufacturer\/roasted-peanut-powder\/#breadcrumb"},"inLanguage":"hu","potentialAction":[{"@type":"ReadAction","target":["https:\/\/www.peanutoem.com\/manufacturer\/roasted-peanut-powder\/"]}]},{"@type":"ImageObject","inLanguage":"hu","@id":"https:\/\/www.peanutoem.com\/manufacturer\/roasted-peanut-powder\/#primaryimage","url":"https:\/\/www.peanutoem.com\/wp-content\/uploads\/2024\/09\/Roasted-Peanut-Powder.webp","contentUrl":"https:\/\/www.peanutoem.com\/wp-content\/uploads\/2024\/09\/Roasted-Peanut-Powder.webp","width":551,"height":472,"caption":"Roasted Peanut Powder"},{"@type":"BreadcrumbList","@id":"https:\/\/www.peanutoem.com\/manufacturer\/roasted-peanut-powder\/#breadcrumb","itemListElement":[{"@type":"ListItem","position":1,"name":"Home","item":"https:\/\/www.peanutoem.com\/"},{"@type":"ListItem","position":2,"name":"Products","item":"https:\/\/www.peanutoem.com\/shop\/"},{"@type":"ListItem","position":3,"name":"Roasted Peanut Powder"}]},{"@type":"WebSite","@id":"https:\/\/www.peanutoem.com\/#website","url":"https:\/\/www.peanutoem.com\/","name":"Peanut Butter Factory","description":"Peanut Butter Manufacturer and Roast Peanut OEM Factory | Peanut Private Label China Supplier","publisher":{"@id":"https:\/\/www.peanutoem.com\/#organization"},"alternateName":"Peanut Butter OEM and Wholesale","potentialAction":[{"@type":"SearchAction","target":{"@type":"EntryPoint","urlTemplate":"https:\/\/www.peanutoem.com\/?s={search_term_string}"},"query-input":{"@type":"PropertyValueSpecification","valueRequired":true,"valueName":"search_term_string"}}],"inLanguage":"hu"},{"@type":"Organization","@id":"https:\/\/www.peanutoem.com\/#organization","name":"Peanut Butter Factory","alternateName":"JuFeng Group","url":"https:\/\/www.peanutoem.com\/","logo":{"@type":"ImageObject","inLanguage":"hu","@id":"https:\/\/www.peanutoem.com\/#\/schema\/logo\/image\/","url":"https:\/\/www.peanutoem.com\/wp-content\/uploads\/2024\/09\/JUFENG-LOGO.png","contentUrl":"https:\/\/www.peanutoem.com\/wp-content\/uploads\/2024\/09\/JUFENG-LOGO.png","width":600,"height":170,"caption":"Peanut Butter Factory"},"image":{"@id":"https:\/\/www.peanutoem.com\/#\/schema\/logo\/image\/"}}]}},"_links":{"self":[{"href":"https:\/\/www.peanutoem.com\/hu\/wp-json\/wp\/v2\/product\/1556","targetHints":{"allow":["GET"]}}],"collection":[{"href":"https:\/\/www.peanutoem.com\/hu\/wp-json\/wp\/v2\/product"}],"about":[{"href":"https:\/\/www.peanutoem.com\/hu\/wp-json\/wp\/v2\/types\/product"}],"replies":[{"embeddable":true,"href":"https:\/\/www.peanutoem.com\/hu\/wp-json\/wp\/v2\/comments?post=1556"}],"wp:featuredmedia":[{"embeddable":true,"href":"https:\/\/www.peanutoem.com\/hu\/wp-json\/wp\/v2\/media\/1714"}],"wp:attachment":[{"href":"https:\/\/www.peanutoem.com\/hu\/wp-json\/wp\/v2\/media?parent=1556"}],"wp:term":[{"taxonomy":"product_cat","embeddable":true,"href":"https:\/\/www.peanutoem.com\/hu\/wp-json\/wp\/v2\/product_cat?post=1556"},{"taxonomy":"product_tag","embeddable":true,"href":"https:\/\/www.peanutoem.com\/hu\/wp-json\/wp\/v2\/product_tag?post=1556"}],"curies":[{"name":"wp","href":"https:\/\/api.w.org\/{rel}","templated":true}]}}