{"id":1637,"date":"2024-09-10T12:28:30","date_gmt":"2024-09-10T12:28:30","guid":{"rendered":"https:\/\/www.peanutoem.com\/?post_type=product&#038;p=1637"},"modified":"2024-10-06T09:58:03","modified_gmt":"2024-10-06T09:58:03","slug":"spicy-peanut-butter","status":"publish","type":"product","link":"https:\/\/www.peanutoem.com\/hu\/manufacturer\/spicy-peanut-butter\/","title":{"rendered":"F\u0171szeres mogyor\u00f3vaj"},"content":{"rendered":"<h3>Mi az a f\u0171szeres mogyor\u00f3vaj?<\/h3>\n<p>A cs\u00edp\u0151s mogyor\u00f3vaj a hagyom\u00e1nyos mogyor\u00f3vaj \u00edzletes csavarja, amely a f\u00f6ldimogyor\u00f3 kr\u00e9mes vagy ropog\u00f3s text\u00far\u00e1j\u00e1t egyes\u00edti a f\u0171szerek (pl. <a href=\"https:\/\/en.wikipedia.org\/wiki\/Chili\" target=\"_blank\" rel=\"noopener\">chili<\/a>, paprika vagy cayenne. T\u00f6k\u00e9letes azok sz\u00e1m\u00e1ra, akik szeretik az \u00e9des \u00e9s cs\u00edp\u0151s \u00edzek kever\u00e9s\u00e9t, valamint a r\u00e1gcs\u00e1lnival\u00f3k, szendvicsek \u00e9s receptek izgalm\u00e1t. F\u00fcggetlen\u00fcl att\u00f3l, hogy m\u00e1rtogat\u00f3snak, kenhet\u0151nek vagy \u00f6sszetev\u0151nek haszn\u00e1lj\u00e1k, a f\u0171szeres mogyor\u00f3vaj egyre n\u00e9pszer\u0171bb az \u00e9lelmiszer-rajong\u00f3k k\u00f6r\u00e9ben.<\/p>\n<p><img loading=\"lazy\" decoding=\"async\" class=\"alignnone wp-image-1675 size-full\" src=\"https:\/\/www.peanutoem.com\/wp-content\/uploads\/2024\/09\/Spicy-Peanut-Butter-on-Table.webp\" alt=\"F\u0171szeres mogyor\u00f3vaj az asztalon\" width=\"912\" height=\"1144\" srcset=\"https:\/\/www.peanutoem.com\/wp-content\/uploads\/2024\/09\/Spicy-Peanut-Butter-on-Table.webp 912w, https:\/\/www.peanutoem.com\/wp-content\/uploads\/2024\/09\/Spicy-Peanut-Butter-on-Table-239x300.webp 239w, https:\/\/www.peanutoem.com\/wp-content\/uploads\/2024\/09\/Spicy-Peanut-Butter-on-Table-816x1024.webp 816w, https:\/\/www.peanutoem.com\/wp-content\/uploads\/2024\/09\/Spicy-Peanut-Butter-on-Table-768x963.webp 768w, https:\/\/www.peanutoem.com\/wp-content\/uploads\/2024\/09\/Spicy-Peanut-Butter-on-Table-10x12.webp 10w, https:\/\/www.peanutoem.com\/wp-content\/uploads\/2024\/09\/Spicy-Peanut-Butter-on-Table-600x753.webp 600w\" sizes=\"auto, (max-width: 912px) 100vw, 912px\" \/><\/p>\n<h3>Mik a f\u0171szeres mogyor\u00f3vaj egy\u00e9b nevei?<\/h3>\n<p>A f\u0171szeres mogyor\u00f3vaj a r\u00e9gi\u00f3t\u00f3l \u00e9s az \u00edzprofilokt\u00f3l f\u00fcgg\u0151en k\u00fcl\u00f6nf\u00e9le elnevez\u00e9seket kaphat. Ezek a nevek kiemelik a h\u0151komponenst, \u00edgy a glob\u00e1lis fogyaszt\u00f3k k\u00f6nnyebben meg\u00e9rthetik egyedi vonzerej\u00e9t. N\u00e9h\u00e1ny alternat\u00edv n\u00e9v:<\/p>\n<ul>\n<li>Forr\u00f3 mogyor\u00f3vaj<\/li>\n<li>Chilivel \u00edzes\u00edtett mogyor\u00f3vaj<\/li>\n<li>T\u00fczes mogyor\u00f3vajas kenhet\u0151<\/li>\n<li>F\u0171szeres di\u00f3vaj<\/li>\n<li>F\u0171szeres f\u00f6ldimogyor\u00f3-kr\u00e9m<\/li>\n<\/ul>\n<p><span style=\"font-size: 20.16px;\">Forr\u00f3 t\u00e9m\u00e1k<\/span><\/p>\n<ul>\n<li><strong>F\u0171szeres mogyor\u00f3vaj-receptek felfedez\u00e9se<\/strong><br \/>\nA f\u0171szeres mogyor\u00f3vaj kreat\u00edv er\u0151 a konyh\u00e1ban, nem csak \u00edzletes sz\u00f3szk\u00e9nt szolg\u00e1l, hanem k\u00fcl\u00f6nf\u00e9le \u00e9telekben is pomp\u00e1zik. T\u00fczes \u00fct\u00e9st ad az \u00e1zsiai r\u00e1ntott krumplihoz, fokozza a s\u00fclt \u00e9telek \u00e9s a grillezett h\u00fasok \u00edz\u00e9t, \u00e9s p\u00e1ck\u00e9nt m\u0171k\u00f6dik, amely kellemes meglepet\u00e9sekkel \u00e1rasztja el az \u00f6sszetev\u0151ket. A reggeli finom pir\u00edt\u00f3st\u00f3l a vacsora ut\u00e1ni s\u00f3s t\u00e9szt\u00e1ig minden \u00e9tel egyedi var\u00e1zst sug\u00e1roz ennek az \u00f6sszetev\u0151nek k\u00f6sz\u00f6nhet\u0151en.<\/li>\n<li><strong>Az \u00edzek m\u00f6g\u00f6tt rejl\u0151 eg\u00e9szs\u00e9g\u00fcgyi el\u0151ny\u00f6k<\/strong><br \/>\nEz a finom ken\u0151cs a t\u00e1pl\u00e1lkoz\u00e1s kincsesb\u00e1ny\u00e1ja is. Magas feh\u00e9rjetartalma \u00e9s eg\u00e9szs\u00e9ges zs\u00edrjai t\u00e1pl\u00e1lj\u00e1k a szervezetet, m\u00edg a kapszaicin serkenti a sz\u00e1jpadl\u00e1st \u00e9s seg\u00edti az em\u00e9szt\u00e9st. Ezenk\u00edv\u00fcl t\u00e1mogatja az anyagcser\u00e9t \u00e9s a sz\u00edv eg\u00e9szs\u00e9g\u00e9t, hat\u00e9konyan \u00f6tv\u00f6zi az \u00edzlel\u00e9st \u00e9s a j\u00f3l\u00e9tet.<\/li>\n<li><strong>Be\u00e9p\u00edt\u00e9se a napi \u00e9tkez\u00e9sbe<\/strong><br \/>\nA f\u0171szeres mogyor\u00f3vaj be\u00e9p\u00edt\u00e9se a napi \u00e9trendbe egyszer\u0171 \u00e9s \u00e9lvezetes. T\u00f6k\u00e9letes partner a reggeli pir\u00edt\u00f3shoz, \u00edzes\u00edti a d\u00e9lut\u00e1ni turmixokat, \u00e9s feljav\u00edtja a vacsora burrit\u00f3t, friss csavart hozva minden \u00e9tkez\u00e9sbe.<\/li>\n<li><strong>Emelked\u0151 glob\u00e1lis trend<\/strong><br \/>\nA cs\u00edp\u0151s mogyor\u00f3vaj gyorsan fejl\u0151dik a hat\u00e1rokon \u00e1tny\u00fal\u00f3 csillagok k\u00f6z\u00e9. Ahogy az \u00e9tkez\u0151k \u00edzl\u00e9se v\u00e1ltozatoss\u00e1 v\u00e1lik, t\u00fall\u00e9p a region\u00e1lis hat\u00e1rokon, \u00e9s vil\u00e1gszerte elb\u0171v\u00f6li a rajong\u00f3kat. Ez az elterjed\u00e9s \u00e9len j\u00e1r az \u00edzek felfedez\u00e9s\u00e9ben, \u00e9s vonzza a kalandv\u00e1gy\u00f3 ev\u0151ket, akik sz\u00edvesen pr\u00f3b\u00e1lnak ki valami \u00fajat.<\/li>\n<\/ul>\n<hr \/>\n<h3>F\u0171szeres mogyor\u00f3vaj GYIK<\/h3>\n<ol>\n<li><strong>Mi\u00e9rt v\u00e1lasszon minket f\u0171szeres mogyor\u00f3vaj ig\u00e9nyeihez?<\/strong><br \/>\n\u00c1tfog\u00f3 OEM szolg\u00e1ltat\u00e1sokat ny\u00fajtunk teljes testreszab\u00e1si lehet\u0151s\u00e9ggel, biztos\u00edtva, hogy minden term\u00e9k t\u00f6k\u00e9letesen illeszkedjen m\u00e1rk\u00e1ja j\u00f6v\u0151k\u00e9p\u00e9hez \u00e9s piaci ig\u00e9nyeihez.<\/li>\n<li><strong>Be tudod \u00e1ll\u00edtani a f\u0171szeress\u00e9get \u00e9s l\u00e9trehozni egy szabadalmaztatott formul\u00e1t?<\/strong><br \/>\nTeljesen! Testreszabhatjuk a f\u0171szeress\u00e9get az enyh\u00e9t\u0151l az extra cs\u00edp\u0151ig, \u00e9s egyedi k\u00e9sz\u00edtm\u00e9nyeket fejleszt\u00fcnk ki kiz\u00e1r\u00f3lag az \u00d6n m\u00e1rk\u00e1j\u00e1hoz.<\/li>\n<li><strong>Milyen csomagol\u00e1si \u00e9s tan\u00fas\u00edt\u00e1si lehet\u0151s\u00e9geket k\u00edn\u00e1l?<\/strong><br \/>\nCsomagol\u00e1si megold\u00e1sok sz\u00e9les sk\u00e1l\u00e1j\u00e1t k\u00edn\u00e1ljuk \u2013 t\u00e9gelyek, palackok, kartondobozok, hord\u00f3k, v\u00f6dr\u00f6k, kinyomhat\u00f3 tasakok \u00e9s \u00f6mlesztett kont\u00e9nerek \u2013, amelyek mindegyike testreszabhat\u00f3 az \u00d6n m\u00e1rk\u00e1j\u00e1hoz. Ezenk\u00edv\u00fcl olyan tan\u00fas\u00edtv\u00e1nyokkal rendelkez\u00fcnk, mint a HACCP, a k\u00f3ser, a halal \u00e9s a BRCGS, amelyek biztos\u00edtj\u00e1k, hogy term\u00e9keink megfeleljenek a nemzetk\u00f6zi szabv\u00e1nyoknak.<\/li>\n<li><strong>Biztos\u00edt bio f\u0171szeres mogyor\u00f3vajat \u00e9s mintat\u00e9teleket?<\/strong><br \/>\nIgen, EU Organic Tan\u00fas\u00edtv\u00e1nnyal rendelkez\u0151 f\u0171szeres mogyor\u00f3vajat gy\u00e1rtunk term\u00e9szetes alapanyagokb\u00f3l az eg\u00e9szs\u00e9gtudatos fogyaszt\u00f3k sz\u00e1m\u00e1ra. Ezenk\u00edv\u00fcl mintat\u00e9teleket k\u00edn\u00e1lunk, \u00edgy tesztelheti a term\u00e9ket a nagy rendel\u00e9s lead\u00e1sa el\u0151tt.<\/li>\n<li><strong>Hogyan biztos\u00edtod a min\u0151s\u00e9get \u00e9s mik az \u00e1tfut\u00e1si id\u0151k?<\/strong><br \/>\nA h\u00e1zon bel\u00fcli laborat\u00f3riumunkban v\u00e9gzett szigor\u00fa tesztel\u00e9s\u00fcnk a hat\u00e9kony logisztik\u00e1val kombin\u00e1lva garant\u00e1lja az \u00e1lland\u00f3 min\u0151s\u00e9get. Gyors \u00e1tfut\u00e1si id\u0151t is biztos\u00edtunk a rendel\u00e9s mennyis\u00e9ge \u00e9s a rendeltet\u00e9si hely alapj\u00e1n.<\/li>\n<li><strong>Vil\u00e1gszerte export\u00e1l?<\/strong><br \/>\nIgen, sz\u00e9lesk\u00f6r\u0171 tapasztalattal rendelkez\u00fcnk a glob\u00e1lis exportban, minden sz\u00fcks\u00e9ges pap\u00edrmunka \u00e9s szab\u00e1lyoz\u00e1s kezel\u00e9s\u00e9ben a z\u00f6kken\u0151mentes sz\u00e1ll\u00edt\u00e1s \u00e9rdek\u00e9ben.<\/li>\n<\/ol>\n<hr \/>\n<h3><img loading=\"lazy\" decoding=\"async\" class=\"alignnone wp-image-1677 size-full\" src=\"https:\/\/www.peanutoem.com\/wp-content\/uploads\/2024\/09\/Spicy-Peanut-Butter-Spread-on-Food.webp\" alt=\"\u00c9lelmiszerre kenhet\u0151 f\u0171szeres mogyor\u00f3vaj\" width=\"896\" height=\"1152\" srcset=\"https:\/\/www.peanutoem.com\/wp-content\/uploads\/2024\/09\/Spicy-Peanut-Butter-Spread-on-Food.webp 896w, https:\/\/www.peanutoem.com\/wp-content\/uploads\/2024\/09\/Spicy-Peanut-Butter-Spread-on-Food-233x300.webp 233w, https:\/\/www.peanutoem.com\/wp-content\/uploads\/2024\/09\/Spicy-Peanut-Butter-Spread-on-Food-796x1024.webp 796w, https:\/\/www.peanutoem.com\/wp-content\/uploads\/2024\/09\/Spicy-Peanut-Butter-Spread-on-Food-768x987.webp 768w, https:\/\/www.peanutoem.com\/wp-content\/uploads\/2024\/09\/Spicy-Peanut-Butter-Spread-on-Food-9x12.webp 9w, https:\/\/www.peanutoem.com\/wp-content\/uploads\/2024\/09\/Spicy-Peanut-Butter-Spread-on-Food-600x771.webp 600w\" sizes=\"auto, (max-width: 896px) 100vw, 896px\" \/><\/h3>\n<a href=\"mailto:globepeanut@gmail.com\" class=\"button primary is-primary is-medium\"  >\n    <span>\u00cdrjon nek\u00fcnk e-mailt<\/span>\n  <\/a>","protected":false},"excerpt":{"rendered":"<table width=\"564\">\n<tbody>\n<tr>\n<td width=\"113\"><strong>Term\u00e9k neve<\/strong><\/td>\n<td width=\"402\">F\u0171szeres mogyor\u00f3vaj<\/td>\n<\/tr>\n<tr>\n<td width=\"113\"><strong>M\u0171szaki adatok<\/strong><\/td>\n<td width=\"402\">200 g x 36, 227 g x 24, 340 g x 12, 375 g x 12, 500 g x 12, 510 g x 12, 1 kg x 12, 10 kg x 1, 20 kg x 1, 220 kg x 1<\/td>\n<\/tr>\n<tr>\n<td width=\"113\"><strong>Csomagol\u00e1si forma<\/strong><\/td>\n<td width=\"402\">T\u00e9gely, V\u00f6d\u00f6r, Doy-csomag, t\u00e1ska, kartondoboz, \u00f3n, hord\u00f3, doboz, palack stb.<\/td>\n<\/tr>\n<tr>\n<td width=\"113\"><strong>Sz\u00e1ll\u00edt\u00e1si id\u0151<\/strong><\/td>\n<td width=\"402\">7-20 nappal a megrendel\u00e9s ut\u00e1n<\/td>\n<\/tr>\n<tr>\n<td width=\"113\"><strong>MOQ<\/strong><\/td>\n<td width=\"402\">Egy tonna<\/td>\n<\/tr>\n<tr>\n<td width=\"113\"><strong>Minta<\/strong><\/td>\n<td width=\"402\">Ingyenes minta kaphat\u00f3<\/td>\n<\/tr>\n<tr>\n<td width=\"113\"><strong>OEM<\/strong><\/td>\n<td width=\"402\">Vev\u0151 c\u00edmk\u00e9je elfogadva<\/td>\n<\/tr>\n<\/tbody>\n<\/table>","protected":false},"featured_media":1668,"comment_status":"open","ping_status":"closed","template":"","meta":[],"product_cat":[15],"product_tag":[],"class_list":{"0":"post-1637","1":"product","2":"type-product","3":"status-publish","4":"has-post-thumbnail","6":"product_cat-peanut-butter","8":"first","9":"instock","10":"shipping-taxable","11":"product-type-simple"},"yoast_head":"<!-- This site is optimized with the Yoast SEO plugin v24.9 - https:\/\/yoast.com\/wordpress\/plugins\/seo\/ -->\n<title>Spicy Peanut Butter China Manufacturer OEM - Peanut Butter Factory<\/title>\n<meta name=\"description\" content=\"Leading spicy peanut butter OEM private label manufacturer and exporter. Order your premium quality, custom-made spicy peanut butter.\" \/>\n<meta name=\"robots\" content=\"index, follow, max-snippet:-1, max-image-preview:large, max-video-preview:-1\" \/>\n<link rel=\"canonical\" href=\"https:\/\/www.peanutoem.com\/hu\/manufacturer\/spicy-peanut-butter\/\" \/>\n<meta property=\"og:locale\" content=\"hu_HU\" \/>\n<meta property=\"og:type\" content=\"article\" \/>\n<meta property=\"og:title\" content=\"Spicy Peanut Butter China Manufacturer OEM - Peanut Butter Factory\" \/>\n<meta property=\"og:description\" content=\"Leading spicy peanut butter OEM private label manufacturer and exporter. Order your premium quality, custom-made spicy peanut butter.\" \/>\n<meta property=\"og:url\" content=\"https:\/\/www.peanutoem.com\/hu\/manufacturer\/spicy-peanut-butter\/\" \/>\n<meta property=\"og:site_name\" content=\"Peanut Butter Factory\" \/>\n<meta property=\"article:modified_time\" content=\"2024-10-06T09:58:03+00:00\" \/>\n<meta property=\"og:image\" content=\"https:\/\/www.peanutoem.com\/wp-content\/uploads\/2024\/09\/Spicy-Peanut-Butter.webp\" \/>\n\t<meta property=\"og:image:width\" content=\"1000\" \/>\n\t<meta property=\"og:image:height\" content=\"1000\" \/>\n\t<meta property=\"og:image:type\" content=\"image\/webp\" \/>\n<meta name=\"twitter:card\" content=\"summary_large_image\" \/>\n<meta name=\"twitter:label1\" content=\"Becs\u00fclt olvas\u00e1si id\u0151\" \/>\n\t<meta name=\"twitter:data1\" content=\"4 perc\" \/>\n<script type=\"application\/ld+json\" class=\"yoast-schema-graph\">{\"@context\":\"https:\/\/schema.org\",\"@graph\":[{\"@type\":\"WebPage\",\"@id\":\"https:\/\/www.peanutoem.com\/manufacturer\/spicy-peanut-butter\/\",\"url\":\"https:\/\/www.peanutoem.com\/manufacturer\/spicy-peanut-butter\/\",\"name\":\"Spicy Peanut Butter China Manufacturer OEM - Peanut Butter Factory\",\"isPartOf\":{\"@id\":\"https:\/\/www.peanutoem.com\/#website\"},\"primaryImageOfPage\":{\"@id\":\"https:\/\/www.peanutoem.com\/manufacturer\/spicy-peanut-butter\/#primaryimage\"},\"image\":{\"@id\":\"https:\/\/www.peanutoem.com\/manufacturer\/spicy-peanut-butter\/#primaryimage\"},\"thumbnailUrl\":\"https:\/\/www.peanutoem.com\/wp-content\/uploads\/2024\/09\/Spicy-Peanut-Butter.webp\",\"datePublished\":\"2024-09-10T12:28:30+00:00\",\"dateModified\":\"2024-10-06T09:58:03+00:00\",\"description\":\"Leading spicy peanut butter OEM private label manufacturer and exporter. Order your premium quality, custom-made spicy peanut butter.\",\"breadcrumb\":{\"@id\":\"https:\/\/www.peanutoem.com\/manufacturer\/spicy-peanut-butter\/#breadcrumb\"},\"inLanguage\":\"hu\",\"potentialAction\":[{\"@type\":\"ReadAction\",\"target\":[\"https:\/\/www.peanutoem.com\/manufacturer\/spicy-peanut-butter\/\"]}]},{\"@type\":\"ImageObject\",\"inLanguage\":\"hu\",\"@id\":\"https:\/\/www.peanutoem.com\/manufacturer\/spicy-peanut-butter\/#primaryimage\",\"url\":\"https:\/\/www.peanutoem.com\/wp-content\/uploads\/2024\/09\/Spicy-Peanut-Butter.webp\",\"contentUrl\":\"https:\/\/www.peanutoem.com\/wp-content\/uploads\/2024\/09\/Spicy-Peanut-Butter.webp\",\"width\":1000,\"height\":1000,\"caption\":\"Spicy Peanut Butter\"},{\"@type\":\"BreadcrumbList\",\"@id\":\"https:\/\/www.peanutoem.com\/manufacturer\/spicy-peanut-butter\/#breadcrumb\",\"itemListElement\":[{\"@type\":\"ListItem\",\"position\":1,\"name\":\"Home\",\"item\":\"https:\/\/www.peanutoem.com\/\"},{\"@type\":\"ListItem\",\"position\":2,\"name\":\"Products\",\"item\":\"https:\/\/www.peanutoem.com\/shop\/\"},{\"@type\":\"ListItem\",\"position\":3,\"name\":\"Spicy Peanut Butter\"}]},{\"@type\":\"WebSite\",\"@id\":\"https:\/\/www.peanutoem.com\/#website\",\"url\":\"https:\/\/www.peanutoem.com\/\",\"name\":\"Peanut Butter Factory\",\"description\":\"Peanut Butter Manufacturer and Roast Peanut OEM Factory | Peanut Private Label China Supplier\",\"publisher\":{\"@id\":\"https:\/\/www.peanutoem.com\/#organization\"},\"alternateName\":\"Peanut Butter OEM and Wholesale\",\"potentialAction\":[{\"@type\":\"SearchAction\",\"target\":{\"@type\":\"EntryPoint\",\"urlTemplate\":\"https:\/\/www.peanutoem.com\/?s={search_term_string}\"},\"query-input\":{\"@type\":\"PropertyValueSpecification\",\"valueRequired\":true,\"valueName\":\"search_term_string\"}}],\"inLanguage\":\"hu\"},{\"@type\":\"Organization\",\"@id\":\"https:\/\/www.peanutoem.com\/#organization\",\"name\":\"Peanut Butter Factory\",\"alternateName\":\"JuFeng Group\",\"url\":\"https:\/\/www.peanutoem.com\/\",\"logo\":{\"@type\":\"ImageObject\",\"inLanguage\":\"hu\",\"@id\":\"https:\/\/www.peanutoem.com\/#\/schema\/logo\/image\/\",\"url\":\"https:\/\/www.peanutoem.com\/wp-content\/uploads\/2024\/09\/JUFENG-LOGO.png\",\"contentUrl\":\"https:\/\/www.peanutoem.com\/wp-content\/uploads\/2024\/09\/JUFENG-LOGO.png\",\"width\":600,\"height\":170,\"caption\":\"Peanut Butter Factory\"},\"image\":{\"@id\":\"https:\/\/www.peanutoem.com\/#\/schema\/logo\/image\/\"}}]}<\/script>\n<!-- \/ Yoast SEO plugin. -->","yoast_head_json":{"title":"Spicy Peanut Butter China Manufacturer OEM - Peanut Butter Factory","description":"Leading spicy peanut butter OEM private label manufacturer and exporter. Order your premium quality, custom-made spicy peanut butter.","robots":{"index":"index","follow":"follow","max-snippet":"max-snippet:-1","max-image-preview":"max-image-preview:large","max-video-preview":"max-video-preview:-1"},"canonical":"https:\/\/www.peanutoem.com\/hu\/manufacturer\/spicy-peanut-butter\/","og_locale":"hu_HU","og_type":"article","og_title":"Spicy Peanut Butter China Manufacturer OEM - Peanut Butter Factory","og_description":"Leading spicy peanut butter OEM private label manufacturer and exporter. Order your premium quality, custom-made spicy peanut butter.","og_url":"https:\/\/www.peanutoem.com\/hu\/manufacturer\/spicy-peanut-butter\/","og_site_name":"Peanut Butter Factory","article_modified_time":"2024-10-06T09:58:03+00:00","og_image":[{"width":1000,"height":1000,"url":"https:\/\/www.peanutoem.com\/wp-content\/uploads\/2024\/09\/Spicy-Peanut-Butter.webp","type":"image\/webp"}],"twitter_card":"summary_large_image","twitter_misc":{"Becs\u00fclt olvas\u00e1si id\u0151":"4 perc"},"schema":{"@context":"https:\/\/schema.org","@graph":[{"@type":"WebPage","@id":"https:\/\/www.peanutoem.com\/manufacturer\/spicy-peanut-butter\/","url":"https:\/\/www.peanutoem.com\/manufacturer\/spicy-peanut-butter\/","name":"Spicy Peanut Butter China Manufacturer OEM - Peanut Butter Factory","isPartOf":{"@id":"https:\/\/www.peanutoem.com\/#website"},"primaryImageOfPage":{"@id":"https:\/\/www.peanutoem.com\/manufacturer\/spicy-peanut-butter\/#primaryimage"},"image":{"@id":"https:\/\/www.peanutoem.com\/manufacturer\/spicy-peanut-butter\/#primaryimage"},"thumbnailUrl":"https:\/\/www.peanutoem.com\/wp-content\/uploads\/2024\/09\/Spicy-Peanut-Butter.webp","datePublished":"2024-09-10T12:28:30+00:00","dateModified":"2024-10-06T09:58:03+00:00","description":"Leading spicy peanut butter OEM private label manufacturer and exporter. Order your premium quality, custom-made spicy peanut butter.","breadcrumb":{"@id":"https:\/\/www.peanutoem.com\/manufacturer\/spicy-peanut-butter\/#breadcrumb"},"inLanguage":"hu","potentialAction":[{"@type":"ReadAction","target":["https:\/\/www.peanutoem.com\/manufacturer\/spicy-peanut-butter\/"]}]},{"@type":"ImageObject","inLanguage":"hu","@id":"https:\/\/www.peanutoem.com\/manufacturer\/spicy-peanut-butter\/#primaryimage","url":"https:\/\/www.peanutoem.com\/wp-content\/uploads\/2024\/09\/Spicy-Peanut-Butter.webp","contentUrl":"https:\/\/www.peanutoem.com\/wp-content\/uploads\/2024\/09\/Spicy-Peanut-Butter.webp","width":1000,"height":1000,"caption":"Spicy Peanut Butter"},{"@type":"BreadcrumbList","@id":"https:\/\/www.peanutoem.com\/manufacturer\/spicy-peanut-butter\/#breadcrumb","itemListElement":[{"@type":"ListItem","position":1,"name":"Home","item":"https:\/\/www.peanutoem.com\/"},{"@type":"ListItem","position":2,"name":"Products","item":"https:\/\/www.peanutoem.com\/shop\/"},{"@type":"ListItem","position":3,"name":"Spicy Peanut Butter"}]},{"@type":"WebSite","@id":"https:\/\/www.peanutoem.com\/#website","url":"https:\/\/www.peanutoem.com\/","name":"Peanut Butter Factory","description":"Peanut Butter Manufacturer and Roast Peanut OEM Factory | Peanut Private Label China Supplier","publisher":{"@id":"https:\/\/www.peanutoem.com\/#organization"},"alternateName":"Peanut Butter OEM and Wholesale","potentialAction":[{"@type":"SearchAction","target":{"@type":"EntryPoint","urlTemplate":"https:\/\/www.peanutoem.com\/?s={search_term_string}"},"query-input":{"@type":"PropertyValueSpecification","valueRequired":true,"valueName":"search_term_string"}}],"inLanguage":"hu"},{"@type":"Organization","@id":"https:\/\/www.peanutoem.com\/#organization","name":"Peanut Butter Factory","alternateName":"JuFeng Group","url":"https:\/\/www.peanutoem.com\/","logo":{"@type":"ImageObject","inLanguage":"hu","@id":"https:\/\/www.peanutoem.com\/#\/schema\/logo\/image\/","url":"https:\/\/www.peanutoem.com\/wp-content\/uploads\/2024\/09\/JUFENG-LOGO.png","contentUrl":"https:\/\/www.peanutoem.com\/wp-content\/uploads\/2024\/09\/JUFENG-LOGO.png","width":600,"height":170,"caption":"Peanut Butter Factory"},"image":{"@id":"https:\/\/www.peanutoem.com\/#\/schema\/logo\/image\/"}}]}},"_links":{"self":[{"href":"https:\/\/www.peanutoem.com\/hu\/wp-json\/wp\/v2\/product\/1637","targetHints":{"allow":["GET"]}}],"collection":[{"href":"https:\/\/www.peanutoem.com\/hu\/wp-json\/wp\/v2\/product"}],"about":[{"href":"https:\/\/www.peanutoem.com\/hu\/wp-json\/wp\/v2\/types\/product"}],"replies":[{"embeddable":true,"href":"https:\/\/www.peanutoem.com\/hu\/wp-json\/wp\/v2\/comments?post=1637"}],"wp:featuredmedia":[{"embeddable":true,"href":"https:\/\/www.peanutoem.com\/hu\/wp-json\/wp\/v2\/media\/1668"}],"wp:attachment":[{"href":"https:\/\/www.peanutoem.com\/hu\/wp-json\/wp\/v2\/media?parent=1637"}],"wp:term":[{"taxonomy":"product_cat","embeddable":true,"href":"https:\/\/www.peanutoem.com\/hu\/wp-json\/wp\/v2\/product_cat?post=1637"},{"taxonomy":"product_tag","embeddable":true,"href":"https:\/\/www.peanutoem.com\/hu\/wp-json\/wp\/v2\/product_tag?post=1637"}],"curies":[{"name":"wp","href":"https:\/\/api.w.org\/{rel}","templated":true}]}}