{"id":1638,"date":"2024-09-10T12:30:11","date_gmt":"2024-09-10T12:30:11","guid":{"rendered":"https:\/\/www.peanutoem.com\/?post_type=product&#038;p=1638"},"modified":"2024-10-06T09:55:00","modified_gmt":"2024-10-06T09:55:00","slug":"chocolate-peanut-butter","status":"publish","type":"product","link":"https:\/\/www.peanutoem.com\/hu\/manufacturer\/chocolate-peanut-butter\/","title":{"rendered":"Csokol\u00e1d\u00e9 mogyor\u00f3vaj"},"content":{"rendered":"<h3>Mi az a csokol\u00e1d\u00e9 mogyor\u00f3vaj?<\/h3>\n<p>A csokol\u00e1d\u00e9 mogyor\u00f3vaj a kr\u00e9mes mogyor\u00f3vaj \u00e9s a gazdag kever\u00e9ke <a href=\"https:\/\/en.wikipedia.org\/wiki\/Chocolate\" target=\"_blank\" rel=\"noopener\">csokol\u00e1d\u00e9<\/a>, olyan \u00e9des \u00e9s s\u00f3s ken\u0151cs\u00f6t hoz l\u00e9tre, amely sokf\u00e9le \u00edzl\u00e9si preferenci\u00e1t kiel\u00e9g\u00edt. Ez a finom kever\u00e9k t\u00f6k\u00e9letes keny\u00e9rre ken\u00e9shez, desszertekben val\u00f3 felhaszn\u00e1l\u00e1sra, vagy egyszer\u0171en kanalank\u00e9nt fogyaszthat\u00f3. A f\u00f6ldimogyor\u00f3 \u00e9s a csokol\u00e1d\u00e9 kombin\u00e1ci\u00f3ja kiegyens\u00falyozott csemeg\u00e9t k\u00edn\u00e1l, amely a di\u00f3vaj-rajong\u00f3knak \u00e9s a csokol\u00e1d\u00e9 szerelmeseinek egyar\u00e1nt kiel\u00e9g\u00edti.<\/p>\n<h3>Mik a mogyor\u00f3vajban l\u00e9v\u0151 csokol\u00e1d\u00e9 egy\u00e9b nevei?<\/h3>\n<p>A csokol\u00e1d\u00e9 mogyor\u00f3vajat \u00edze \u00e9s felhaszn\u00e1l\u00e1sa alapj\u00e1n gyakran m\u00e1s-m\u00e1s n\u00e9vvel illetik. N\u00e9h\u00e1ny alternat\u00edv n\u00e9v:<\/p>\n<ul>\n<li>Csokol\u00e1d\u00e9 \u00edz\u0171 mogyor\u00f3vaj<\/li>\n<li>Kaka\u00f3s mogyor\u00f3vajas kenhet\u0151<\/li>\n<li>Kaka\u00f3s mogyor\u00f3vaj<\/li>\n<li>Csokis-mogyor\u00f3s kenhet\u0151<\/li>\n<li>Mogyor\u00f3vaj csokol\u00e1d\u00e9val<\/li>\n<li>Di\u00f3s csokis kenhet\u0151<\/li>\n<li>Csokol\u00e1d\u00e9val \u00e1titatott mogyor\u00f3vaj<\/li>\n<li>Di\u00f3s csokis kenhet\u0151<\/li>\n<\/ul>\n<p>Ezek a nevek kiemelik a csokol\u00e1d\u00e9 \u00e9s a mogyor\u00f3vaj elragad\u00f3 kever\u00e9k\u00e9t, amely vonz\u00f3v\u00e1 teszi a fogyaszt\u00f3k sz\u00e1m\u00e1ra a k\u00fcl\u00f6nb\u00f6z\u0151 piacokon.<\/p>\n<h3><img loading=\"lazy\" decoding=\"async\" class=\"alignnone wp-image-1682 size-full\" src=\"https:\/\/www.peanutoem.com\/wp-content\/uploads\/2024\/09\/Chocolate-Peanut-Butter-on-Bread.webp\" alt=\"Csokol\u00e1d\u00e9 mogyor\u00f3vaj a keny\u00e9ren\" width=\"912\" height=\"1144\" srcset=\"https:\/\/www.peanutoem.com\/wp-content\/uploads\/2024\/09\/Chocolate-Peanut-Butter-on-Bread.webp 912w, https:\/\/www.peanutoem.com\/wp-content\/uploads\/2024\/09\/Chocolate-Peanut-Butter-on-Bread-239x300.webp 239w, https:\/\/www.peanutoem.com\/wp-content\/uploads\/2024\/09\/Chocolate-Peanut-Butter-on-Bread-816x1024.webp 816w, https:\/\/www.peanutoem.com\/wp-content\/uploads\/2024\/09\/Chocolate-Peanut-Butter-on-Bread-768x963.webp 768w, https:\/\/www.peanutoem.com\/wp-content\/uploads\/2024\/09\/Chocolate-Peanut-Butter-on-Bread-10x12.webp 10w, https:\/\/www.peanutoem.com\/wp-content\/uploads\/2024\/09\/Chocolate-Peanut-Butter-on-Bread-600x753.webp 600w\" sizes=\"auto, (max-width: 912px) 100vw, 912px\" \/><\/h3>\n<h3>Mi\u00e9rt v\u00e1lasszon minket partner besz\u00e1ll\u00edt\u00f3nak?<\/h3>\n<p>Mi vagyunk a csokol\u00e1d\u00e9-mogyor\u00f3vaj vezet\u0151 OEM saj\u00e1t m\u00e1rk\u00e1s gy\u00e1rt\u00f3ja \u00e9s export\u0151re.<\/p>\n<ul>\n<li><strong>Testreszab\u00e1si szak\u00e9rtelem:<\/strong> Teljesen testreszabott k\u00e9sz\u00edtm\u00e9nyeket k\u00edn\u00e1lunk, hogy megfeleljenek az \u00d6n egyedi \u00edz\u00e9nek, \u00e1llag\u00e1nak \u00e9s csomagol\u00e1si k\u00f6vetelm\u00e9nyeinek.<\/li>\n<li><strong>Pr\u00e9mium \u00f6sszetev\u0151k:<\/strong> Csak a legjobb min\u0151s\u00e9g\u0171 f\u00f6ldimogyor\u00f3 \u00e9s csokol\u00e1d\u00e9 felhaszn\u00e1l\u00e1s\u00e1val.<\/li>\n<li><strong>Halad\u00f3 gy\u00e1rt\u00e1s:<\/strong> A legkorszer\u0171bb l\u00e9tes\u00edtm\u00e9nyeink az Egyes\u00fclt \u00c1llamokb\u00f3l sz\u00e1rmaz\u00f3 \u00e9lvonalbeli gy\u00e1rt\u00f3sorokkal vannak felszerelve, \u00edgy minden t\u00e9telben egyenletes min\u0151s\u00e9get \u00e9s hat\u00e9konys\u00e1got biztos\u00edtanak.<\/li>\n<li><strong>Tan\u00fas\u00edtv\u00e1nyok \u00e9s min\u0151s\u00e9gbiztos\u00edt\u00e1s:<\/strong> Sz\u00e1mos tan\u00fas\u00edtv\u00e1nnyal rendelkez\u00fcnk, bele\u00e9rtve a BRCGS-t, a Kosher-t, a Halal-t \u00e9s a HACCP-t, amelyek garant\u00e1lj\u00e1k a nemzetk\u00f6zi biztons\u00e1gi \u00e9s min\u0151s\u00e9gi szabv\u00e1nyoknak val\u00f3 megfelel\u00e9st.<\/li>\n<li><strong>Glob\u00e1lis eloszt\u00e1s:<\/strong> A nemzetk\u00f6zi kereskedelemben szerzett hatalmas tapasztalatunkkal csokol\u00e1d\u00e9-mogyor\u00f3vajat export\u00e1lunk a vil\u00e1g piacaira, biztos\u00edtva a z\u00f6kken\u0151mentes logisztik\u00e1t \u00e9s az id\u0151ben t\u00f6rt\u00e9n\u0151 sz\u00e1ll\u00edt\u00e1st.<\/li>\n<\/ul>\n<h3>Forr\u00f3 t\u00e9m\u00e1k<\/h3>\n<div class=\"group\/conversation-turn relative flex w-full min-w-0 flex-col agent-turn\">\n<div class=\"flex-col gap-1 md:gap-3\">\n<div class=\"flex max-w-full flex-col flex-grow\">\n<div class=\"min-h-8 text-message flex w-full flex-col items-end gap-2 whitespace-normal break-words [.text-message+&amp;]:mt-5\" dir=\"auto\" data-message-author-role=\"assistant\" data-message-id=\"61c5f9c1-377c-4081-b461-888734723e68\">\n<div class=\"flex w-full flex-col gap-1 empty:hidden first:pt-[3px]\">\n<div class=\"markdown prose w-full break-words dark:prose-invert dark\">\n<ul>\n<li><span style=\"color: #282828;\"><strong>A Desszertekben<\/strong><\/span><br \/>\n<span style=\"color: #282828;\">A mogyor\u00f3vaj csokol\u00e1d\u00e9val sokoldal\u00fa \u00f6sszetev\u0151k\u00e9nt szolg\u00e1l, amely jelent\u0151sen jav\u00edtja a desszertek, p\u00e9ld\u00e1ul s\u00fctem\u00e9nyek, brownie-k \u00e9s fagylaltok min\u0151s\u00e9g\u00e9t \u00e9s \u00edz\u00e9t. Kr\u00e9mes \u00e1llag\u00e1nak \u00e9s gazdag \u00edz\u00e9nek k\u00f6sz\u00f6nhet\u0151en p\u00e9k\u00e1ruk \u00e9s \u00e9dess\u00e9gek kiv\u00e1l\u00f3 t\u00e1rs\u00e1v\u00e1 v\u00e1lik.<\/span><\/li>\n<li><span style=\"color: #282828;\"><strong>Eg\u00e9szs\u00e9g\u00fcgyi el\u0151ny\u00f6k<\/strong><\/span><br \/>\n<span style=\"color: #282828;\">Amellett, hogy ellen\u00e1llhatatlanul finom, ez a ken\u0151cs gazdag feh\u00e9rj\u00e9ben, eg\u00e9szs\u00e9ges zs\u00edrokban \u00e9s rostokban, amelyek t\u00e1pl\u00e1lkoz\u00e1si t\u00e1mogat\u00e1st ny\u00fajtanak a szervezetnek. \u00c9tcsokol\u00e1d\u00e9val k\u00e9sz\u00edtve antioxid\u00e1ns tulajdons\u00e1gokkal ruh\u00e1zza fel, \u00edgy a term\u00e9k eg\u00e9szs\u00e9ges vonzerej\u00e9t vonzza, amely vonzza az eg\u00e9szs\u00e9gtudatos fogyaszt\u00f3kat.<\/span><\/li>\n<li><span style=\"color: #282828;\"><strong>Glob\u00e1lis n\u00e9pszer\u0171s\u00e9g<\/strong><\/span><br \/>\n<span style=\"color: #282828;\">Mivel a fogyaszt\u00f3k egyre gyakrabban keresnek olyan falatokat, amelyek kiel\u00e9g\u00edtik \u00edzlel\u0151bimb\u00f3ikat, mik\u00f6zben t\u00e1pl\u00e1l\u00f3ak is, a csokol\u00e1d\u00e9 mogyor\u00f3vaj \u00f3ri\u00e1si n\u00e9pszer\u0171s\u00e9gre tett szert a glob\u00e1lis piacon. Sikeresen \u00f6tv\u00f6zi az \u00edzt \u00e9s a t\u00e1panyagot, sz\u00e9les k\u00f6r\u0171 csod\u00e1latot kiv\u00edvva mind a gyermekek, mind a feln\u0151ttek k\u00f6r\u00e9ben.<\/span><\/li>\n<li><span style=\"color: #282828;\"><strong>Kreat\u00edv felhaszn\u00e1l\u00e1sok<\/strong><\/span><br \/>\n<span style=\"color: #282828;\">Az olyan hagyom\u00e1nyos p\u00e1ros\u00edt\u00e1sokon t\u00fal, mint a pir\u00edt\u00f3s vagy a szendvics, ez az \u00f6sszetev\u0151 kreat\u00edvan be\u00e9p\u00edthet\u0151 turmixokba, energiaszeletekbe, vagy p\u00e9ks\u00fctem\u00e9nyek t\u00f6ltel\u00e9kek\u00e9nt. Egyed\u00fcl\u00e1ll\u00f3 \u00edz-alkalmazkod\u00f3k\u00e9pess\u00e9ge lehet\u0151v\u00e9 teszi, hogy \u00e9des \u00e9s s\u00f3s \u00e9telekben is t\u00fcnd\u00f6k\u00f6lj\u00f6n, \u00edgy sz\u00e1mos otthoni konyh\u00e1ban alapeleme.<\/span><\/li>\n<\/ul>\n<\/div>\n<\/div>\n<\/div>\n<\/div>\n<\/div>\n<\/div>\n<hr \/>\n<h3><img loading=\"lazy\" decoding=\"async\" class=\"alignnone wp-image-1683 size-full\" src=\"https:\/\/www.peanutoem.com\/wp-content\/uploads\/2024\/09\/Chocolate-Peanut-Butter-Served.webp\" alt=\"Csokol\u00e1d\u00e9 mogyor\u00f3vaj t\u00e1lalva\" width=\"896\" height=\"1152\" srcset=\"https:\/\/www.peanutoem.com\/wp-content\/uploads\/2024\/09\/Chocolate-Peanut-Butter-Served.webp 896w, https:\/\/www.peanutoem.com\/wp-content\/uploads\/2024\/09\/Chocolate-Peanut-Butter-Served-233x300.webp 233w, https:\/\/www.peanutoem.com\/wp-content\/uploads\/2024\/09\/Chocolate-Peanut-Butter-Served-796x1024.webp 796w, https:\/\/www.peanutoem.com\/wp-content\/uploads\/2024\/09\/Chocolate-Peanut-Butter-Served-768x987.webp 768w, https:\/\/www.peanutoem.com\/wp-content\/uploads\/2024\/09\/Chocolate-Peanut-Butter-Served-9x12.webp 9w, https:\/\/www.peanutoem.com\/wp-content\/uploads\/2024\/09\/Chocolate-Peanut-Butter-Served-600x771.webp 600w\" sizes=\"auto, (max-width: 896px) 100vw, 896px\" \/><\/h3>\n<h3>Csokol\u00e1d\u00e9 mogyor\u00f3vaj GYIK<\/h3>\n<ol>\n<li><strong>Vezet\u0151 OEM-gy\u00e1rt\u00f3k\u00e9nt mi az \u00d6n alapvet\u0151 versenyel\u0151nye?<\/strong><br \/>\nKiemelked\u00fcnk, mert v\u00e1ltozatos testreszab\u00e1si szolg\u00e1ltat\u00e1sokat k\u00edn\u00e1lunk, kiv\u00e1l\u00f3 min\u0151s\u00e9g\u0171 alapanyagokat v\u00e1lasztunk, \u00e9s fejlett gy\u00e1rt\u00e1si technol\u00f3gi\u00e1t alkalmazunk. Ez biztos\u00edtja, hogy a mogyor\u00f3vaj minden t\u00e9tele kiv\u00e1l\u00f3 legyen a piacon, \u00e9s megfeleljen \u00fcgyfeleink egyedi ig\u00e9nyeinek.<\/li>\n<li><strong>Be tudja \u00e1ll\u00edtani a csokol\u00e1d\u00e9-f\u00f6ldimogyor\u00f3 ar\u00e1nyt a specifik\u00e1ci\u00f3im szerint, \u00e9s l\u00e9trehozhat egy egyedi formul\u00e1t a m\u00e1rk\u00e1mhoz?<\/strong><br \/>\nTeljesen! \u00c1tfog\u00f3 \u00edz-testreszab\u00e1si szolg\u00e1ltat\u00e1sokat ny\u00fajtunk, hogy seg\u00edts\u00fcnk megtal\u00e1lni a t\u00f6k\u00e9letes egyens\u00falyt a csokol\u00e1d\u00e9 \u00e9s a f\u00f6ldimogyor\u00f3 k\u00f6z\u00f6tt, mik\u00f6zben olyan egyedi formul\u00e1t is kifejleszt\u00fcnk, amely fokozza m\u00e1rk\u00e1ja piaci versenyk\u00e9pess\u00e9g\u00e9t.<\/li>\n<li><strong>Milyen csomagol\u00e1si lehet\u0151s\u00e9geket k\u00edn\u00e1l?<\/strong><br \/>\nK\u00fcl\u00f6nf\u00e9le csomagol\u00e1si megold\u00e1sokat k\u00edn\u00e1lunk, bele\u00e9rtve az eleg\u00e1ns t\u00e9gelyeket, a k\u00e9nyelmes kinyomhat\u00f3 tasakot \u00e9s a nagym\u00e9ret\u0171 t\u00e1rol\u00e1sra alkalmas \u00f6mlesztett kont\u00e9nereket. Minden csomagol\u00e1s szem\u00e9lyre szabhat\u00f3, hogy t\u00fckr\u00f6zze m\u00e1rk\u00e1ja identit\u00e1s\u00e1t \u00e9s marketingstrat\u00e9gi\u00e1j\u00e1t.<\/li>\n<li><strong>K\u00edn\u00e1l-e bio csokol\u00e1d\u00e9-mogyor\u00f3vajat, \u00e9s hogyan biztos\u00edtja a term\u00e9k min\u0151s\u00e9g\u00e9t?<\/strong><br \/>\nIgen, EU Organic Certified mogyor\u00f3kr\u00e9met gy\u00e1rtunk, bio szabv\u00e1nyoknak megfelel\u0151 \u00f6sszetev\u0151kb\u0151l. Ezenk\u00edv\u00fcl szigor\u00fa min\u0151s\u00e9gir\u00e1ny\u00edt\u00e1si rendszert hoztunk l\u00e9tre, bele\u00e9rtve a h\u00e1zon bel\u00fcli laborat\u00f3riumi vizsg\u00e1latokat is, hogy biztos\u00edtsuk, hogy minden t\u00e9tel megfeleljen a legmagasabb \u00edz-, \u00e1llag- \u00e9s biztons\u00e1gi el\u0151\u00edr\u00e1soknak.<\/li>\n<li><strong>K\u00e9rhetek-e mint\u00e1t k\u00f3stol\u00e1shoz, miel\u0151tt nagy rendel\u00e9st adn\u00e9k, \u00e9s t\u00e1mogatja-e a glob\u00e1lis exportot?<\/strong><br \/>\nBiztosan! \u00d6r\u00f6mmel biztos\u00edtunk mintat\u00e9teleket az \u00d6n \u00e9rt\u00e9kel\u00e9s\u00e9hez a teljes gy\u00e1rt\u00e1s el\u0151tt. Ezen t\u00falmen\u0151en sz\u00e9les k\u00f6r\u0171 tapasztalattal rendelkez\u00fcnk a glob\u00e1lis export ter\u00e9n, biztos\u00edtva, hogy term\u00e9kei biztons\u00e1gosan \u00e9s id\u0151ben meg\u00e9rkezzenek a vil\u00e1g minden t\u00e1j\u00e1ra.<\/li>\n<\/ol>\n<a href=\"mailto:globepeanut@gmail.com\" class=\"button primary is-primary is-medium\"  >\n    <span>\u00cdrjon nek\u00fcnk e-mailt<\/span>\n  <\/a>","protected":false},"excerpt":{"rendered":"<table width=\"564\">\n<tbody>\n<tr>\n<td width=\"113\"><strong>Term\u00e9k neve<\/strong><\/td>\n<td width=\"402\">Csokol\u00e1d\u00e9 mogyor\u00f3vaj<\/td>\n<\/tr>\n<tr>\n<td width=\"113\"><strong>M\u0171szaki adatok<\/strong><\/td>\n<td width=\"402\">200 g x 36, 227 g x 24, 340 g x 12, 375 g x 12, 500 g x 12, 510 g x 12, 1 kg x 12, 10 kg x 1, 20 kg x 1, 220 kg x 1<\/td>\n<\/tr>\n<tr>\n<td width=\"113\"><strong>Csomagol\u00e1si forma<\/strong><\/td>\n<td width=\"402\">T\u00e9gely, V\u00f6d\u00f6r, Doy-csomag, t\u00e1ska, kartondoboz, \u00f3n, hord\u00f3, doboz, palack stb.<\/td>\n<\/tr>\n<tr>\n<td width=\"113\"><strong>Sz\u00e1ll\u00edt\u00e1si id\u0151<\/strong><\/td>\n<td width=\"402\">7-20 nappal a megrendel\u00e9s ut\u00e1n<\/td>\n<\/tr>\n<tr>\n<td width=\"113\"><strong>MOQ<\/strong><\/td>\n<td width=\"402\">Egy tonna<\/td>\n<\/tr>\n<tr>\n<td width=\"113\"><strong>Minta<\/strong><\/td>\n<td width=\"402\">Ingyenes minta kaphat\u00f3<\/td>\n<\/tr>\n<tr>\n<td width=\"113\"><strong>OEM<\/strong><\/td>\n<td width=\"402\">Vev\u0151 c\u00edmk\u00e9je elfogadva<\/td>\n<\/tr>\n<\/tbody>\n<\/table>\n<p>&nbsp;<\/p>","protected":false},"featured_media":1671,"comment_status":"open","ping_status":"closed","template":"","meta":[],"product_cat":[15],"product_tag":[],"class_list":{"0":"post-1638","1":"product","2":"type-product","3":"status-publish","4":"has-post-thumbnail","6":"product_cat-peanut-butter","8":"first","9":"instock","10":"shipping-taxable","11":"product-type-simple"},"yoast_head":"<!-- This site is optimized with the Yoast SEO plugin v24.9 - https:\/\/yoast.com\/wordpress\/plugins\/seo\/ -->\n<title>Chocolate Peanut Butter Manufacturer OEM - China Peanut Butter Factory<\/title>\n<meta name=\"description\" content=\"Leading chocolate peanut butter OEM private label manufacturer and exporter. Discover premium, customized chocolate peanut butter from us.\" \/>\n<meta name=\"robots\" content=\"index, follow, max-snippet:-1, max-image-preview:large, max-video-preview:-1\" \/>\n<link rel=\"canonical\" href=\"https:\/\/www.peanutoem.com\/hu\/manufacturer\/chocolate-peanut-butter\/\" \/>\n<meta property=\"og:locale\" content=\"hu_HU\" \/>\n<meta property=\"og:type\" content=\"article\" \/>\n<meta property=\"og:title\" content=\"Chocolate Peanut Butter Manufacturer OEM - China Peanut Butter Factory\" \/>\n<meta property=\"og:description\" content=\"Leading chocolate peanut butter OEM private label manufacturer and exporter. Discover premium, customized chocolate peanut butter from us.\" \/>\n<meta property=\"og:url\" content=\"https:\/\/www.peanutoem.com\/hu\/manufacturer\/chocolate-peanut-butter\/\" \/>\n<meta property=\"og:site_name\" content=\"Peanut Butter Factory\" \/>\n<meta property=\"article:modified_time\" content=\"2024-10-06T09:55:00+00:00\" \/>\n<meta property=\"og:image\" content=\"https:\/\/www.peanutoem.com\/wp-content\/uploads\/2024\/09\/Peanut-Butter-Chocolate-Flavor.webp\" \/>\n\t<meta property=\"og:image:width\" content=\"819\" \/>\n\t<meta property=\"og:image:height\" content=\"975\" \/>\n\t<meta property=\"og:image:type\" content=\"image\/webp\" \/>\n<meta name=\"twitter:card\" content=\"summary_large_image\" \/>\n<meta name=\"twitter:label1\" content=\"Becs\u00fclt olvas\u00e1si id\u0151\" \/>\n\t<meta name=\"twitter:data1\" content=\"4 perc\" \/>\n<script type=\"application\/ld+json\" class=\"yoast-schema-graph\">{\"@context\":\"https:\/\/schema.org\",\"@graph\":[{\"@type\":\"WebPage\",\"@id\":\"https:\/\/www.peanutoem.com\/manufacturer\/chocolate-peanut-butter\/\",\"url\":\"https:\/\/www.peanutoem.com\/manufacturer\/chocolate-peanut-butter\/\",\"name\":\"Chocolate Peanut Butter Manufacturer OEM - China Peanut Butter Factory\",\"isPartOf\":{\"@id\":\"https:\/\/www.peanutoem.com\/#website\"},\"primaryImageOfPage\":{\"@id\":\"https:\/\/www.peanutoem.com\/manufacturer\/chocolate-peanut-butter\/#primaryimage\"},\"image\":{\"@id\":\"https:\/\/www.peanutoem.com\/manufacturer\/chocolate-peanut-butter\/#primaryimage\"},\"thumbnailUrl\":\"https:\/\/www.peanutoem.com\/wp-content\/uploads\/2024\/09\/Peanut-Butter-Chocolate-Flavor.webp\",\"datePublished\":\"2024-09-10T12:30:11+00:00\",\"dateModified\":\"2024-10-06T09:55:00+00:00\",\"description\":\"Leading chocolate peanut butter OEM private label manufacturer and exporter. Discover premium, customized chocolate peanut butter from us.\",\"breadcrumb\":{\"@id\":\"https:\/\/www.peanutoem.com\/manufacturer\/chocolate-peanut-butter\/#breadcrumb\"},\"inLanguage\":\"hu\",\"potentialAction\":[{\"@type\":\"ReadAction\",\"target\":[\"https:\/\/www.peanutoem.com\/manufacturer\/chocolate-peanut-butter\/\"]}]},{\"@type\":\"ImageObject\",\"inLanguage\":\"hu\",\"@id\":\"https:\/\/www.peanutoem.com\/manufacturer\/chocolate-peanut-butter\/#primaryimage\",\"url\":\"https:\/\/www.peanutoem.com\/wp-content\/uploads\/2024\/09\/Peanut-Butter-Chocolate-Flavor.webp\",\"contentUrl\":\"https:\/\/www.peanutoem.com\/wp-content\/uploads\/2024\/09\/Peanut-Butter-Chocolate-Flavor.webp\",\"width\":819,\"height\":975,\"caption\":\"Peanut Butter Chocolate Flavor\"},{\"@type\":\"BreadcrumbList\",\"@id\":\"https:\/\/www.peanutoem.com\/manufacturer\/chocolate-peanut-butter\/#breadcrumb\",\"itemListElement\":[{\"@type\":\"ListItem\",\"position\":1,\"name\":\"Home\",\"item\":\"https:\/\/www.peanutoem.com\/\"},{\"@type\":\"ListItem\",\"position\":2,\"name\":\"Products\",\"item\":\"https:\/\/www.peanutoem.com\/shop\/\"},{\"@type\":\"ListItem\",\"position\":3,\"name\":\"Chocolate Peanut Butter\"}]},{\"@type\":\"WebSite\",\"@id\":\"https:\/\/www.peanutoem.com\/#website\",\"url\":\"https:\/\/www.peanutoem.com\/\",\"name\":\"Peanut Butter Factory\",\"description\":\"Peanut Butter Manufacturer and Roast Peanut OEM Factory | Peanut Private Label China Supplier\",\"publisher\":{\"@id\":\"https:\/\/www.peanutoem.com\/#organization\"},\"alternateName\":\"Peanut Butter OEM and Wholesale\",\"potentialAction\":[{\"@type\":\"SearchAction\",\"target\":{\"@type\":\"EntryPoint\",\"urlTemplate\":\"https:\/\/www.peanutoem.com\/?s={search_term_string}\"},\"query-input\":{\"@type\":\"PropertyValueSpecification\",\"valueRequired\":true,\"valueName\":\"search_term_string\"}}],\"inLanguage\":\"hu\"},{\"@type\":\"Organization\",\"@id\":\"https:\/\/www.peanutoem.com\/#organization\",\"name\":\"Peanut Butter Factory\",\"alternateName\":\"JuFeng Group\",\"url\":\"https:\/\/www.peanutoem.com\/\",\"logo\":{\"@type\":\"ImageObject\",\"inLanguage\":\"hu\",\"@id\":\"https:\/\/www.peanutoem.com\/#\/schema\/logo\/image\/\",\"url\":\"https:\/\/www.peanutoem.com\/wp-content\/uploads\/2024\/09\/JUFENG-LOGO.png\",\"contentUrl\":\"https:\/\/www.peanutoem.com\/wp-content\/uploads\/2024\/09\/JUFENG-LOGO.png\",\"width\":600,\"height\":170,\"caption\":\"Peanut Butter Factory\"},\"image\":{\"@id\":\"https:\/\/www.peanutoem.com\/#\/schema\/logo\/image\/\"}}]}<\/script>\n<!-- \/ Yoast SEO plugin. -->","yoast_head_json":{"title":"Chocolate Peanut Butter Manufacturer OEM - China Peanut Butter Factory","description":"Leading chocolate peanut butter OEM private label manufacturer and exporter. Discover premium, customized chocolate peanut butter from us.","robots":{"index":"index","follow":"follow","max-snippet":"max-snippet:-1","max-image-preview":"max-image-preview:large","max-video-preview":"max-video-preview:-1"},"canonical":"https:\/\/www.peanutoem.com\/hu\/manufacturer\/chocolate-peanut-butter\/","og_locale":"hu_HU","og_type":"article","og_title":"Chocolate Peanut Butter Manufacturer OEM - China Peanut Butter Factory","og_description":"Leading chocolate peanut butter OEM private label manufacturer and exporter. Discover premium, customized chocolate peanut butter from us.","og_url":"https:\/\/www.peanutoem.com\/hu\/manufacturer\/chocolate-peanut-butter\/","og_site_name":"Peanut Butter Factory","article_modified_time":"2024-10-06T09:55:00+00:00","og_image":[{"width":819,"height":975,"url":"https:\/\/www.peanutoem.com\/wp-content\/uploads\/2024\/09\/Peanut-Butter-Chocolate-Flavor.webp","type":"image\/webp"}],"twitter_card":"summary_large_image","twitter_misc":{"Becs\u00fclt olvas\u00e1si id\u0151":"4 perc"},"schema":{"@context":"https:\/\/schema.org","@graph":[{"@type":"WebPage","@id":"https:\/\/www.peanutoem.com\/manufacturer\/chocolate-peanut-butter\/","url":"https:\/\/www.peanutoem.com\/manufacturer\/chocolate-peanut-butter\/","name":"Chocolate Peanut Butter Manufacturer OEM - China Peanut Butter Factory","isPartOf":{"@id":"https:\/\/www.peanutoem.com\/#website"},"primaryImageOfPage":{"@id":"https:\/\/www.peanutoem.com\/manufacturer\/chocolate-peanut-butter\/#primaryimage"},"image":{"@id":"https:\/\/www.peanutoem.com\/manufacturer\/chocolate-peanut-butter\/#primaryimage"},"thumbnailUrl":"https:\/\/www.peanutoem.com\/wp-content\/uploads\/2024\/09\/Peanut-Butter-Chocolate-Flavor.webp","datePublished":"2024-09-10T12:30:11+00:00","dateModified":"2024-10-06T09:55:00+00:00","description":"Leading chocolate peanut butter OEM private label manufacturer and exporter. Discover premium, customized chocolate peanut butter from us.","breadcrumb":{"@id":"https:\/\/www.peanutoem.com\/manufacturer\/chocolate-peanut-butter\/#breadcrumb"},"inLanguage":"hu","potentialAction":[{"@type":"ReadAction","target":["https:\/\/www.peanutoem.com\/manufacturer\/chocolate-peanut-butter\/"]}]},{"@type":"ImageObject","inLanguage":"hu","@id":"https:\/\/www.peanutoem.com\/manufacturer\/chocolate-peanut-butter\/#primaryimage","url":"https:\/\/www.peanutoem.com\/wp-content\/uploads\/2024\/09\/Peanut-Butter-Chocolate-Flavor.webp","contentUrl":"https:\/\/www.peanutoem.com\/wp-content\/uploads\/2024\/09\/Peanut-Butter-Chocolate-Flavor.webp","width":819,"height":975,"caption":"Peanut Butter Chocolate Flavor"},{"@type":"BreadcrumbList","@id":"https:\/\/www.peanutoem.com\/manufacturer\/chocolate-peanut-butter\/#breadcrumb","itemListElement":[{"@type":"ListItem","position":1,"name":"Home","item":"https:\/\/www.peanutoem.com\/"},{"@type":"ListItem","position":2,"name":"Products","item":"https:\/\/www.peanutoem.com\/shop\/"},{"@type":"ListItem","position":3,"name":"Chocolate Peanut Butter"}]},{"@type":"WebSite","@id":"https:\/\/www.peanutoem.com\/#website","url":"https:\/\/www.peanutoem.com\/","name":"Peanut Butter Factory","description":"Peanut Butter Manufacturer and Roast Peanut OEM Factory | Peanut Private Label China Supplier","publisher":{"@id":"https:\/\/www.peanutoem.com\/#organization"},"alternateName":"Peanut Butter OEM and Wholesale","potentialAction":[{"@type":"SearchAction","target":{"@type":"EntryPoint","urlTemplate":"https:\/\/www.peanutoem.com\/?s={search_term_string}"},"query-input":{"@type":"PropertyValueSpecification","valueRequired":true,"valueName":"search_term_string"}}],"inLanguage":"hu"},{"@type":"Organization","@id":"https:\/\/www.peanutoem.com\/#organization","name":"Peanut Butter Factory","alternateName":"JuFeng Group","url":"https:\/\/www.peanutoem.com\/","logo":{"@type":"ImageObject","inLanguage":"hu","@id":"https:\/\/www.peanutoem.com\/#\/schema\/logo\/image\/","url":"https:\/\/www.peanutoem.com\/wp-content\/uploads\/2024\/09\/JUFENG-LOGO.png","contentUrl":"https:\/\/www.peanutoem.com\/wp-content\/uploads\/2024\/09\/JUFENG-LOGO.png","width":600,"height":170,"caption":"Peanut Butter Factory"},"image":{"@id":"https:\/\/www.peanutoem.com\/#\/schema\/logo\/image\/"}}]}},"_links":{"self":[{"href":"https:\/\/www.peanutoem.com\/hu\/wp-json\/wp\/v2\/product\/1638","targetHints":{"allow":["GET"]}}],"collection":[{"href":"https:\/\/www.peanutoem.com\/hu\/wp-json\/wp\/v2\/product"}],"about":[{"href":"https:\/\/www.peanutoem.com\/hu\/wp-json\/wp\/v2\/types\/product"}],"replies":[{"embeddable":true,"href":"https:\/\/www.peanutoem.com\/hu\/wp-json\/wp\/v2\/comments?post=1638"}],"wp:featuredmedia":[{"embeddable":true,"href":"https:\/\/www.peanutoem.com\/hu\/wp-json\/wp\/v2\/media\/1671"}],"wp:attachment":[{"href":"https:\/\/www.peanutoem.com\/hu\/wp-json\/wp\/v2\/media?parent=1638"}],"wp:term":[{"taxonomy":"product_cat","embeddable":true,"href":"https:\/\/www.peanutoem.com\/hu\/wp-json\/wp\/v2\/product_cat?post=1638"},{"taxonomy":"product_tag","embeddable":true,"href":"https:\/\/www.peanutoem.com\/hu\/wp-json\/wp\/v2\/product_tag?post=1638"}],"curies":[{"name":"wp","href":"https:\/\/api.w.org\/{rel}","templated":true}]}}