{"id":1393,"date":"2023-06-08T07:38:38","date_gmt":"2023-06-08T07:38:38","guid":{"rendered":"https:\/\/www.peanutoem.com\/?post_type=product&#038;p=1393"},"modified":"2024-10-09T12:10:08","modified_gmt":"2024-10-09T12:10:08","slug":"salty-peanut-butter","status":"publish","type":"product","link":"https:\/\/www.peanutoem.com\/is\/manufacturer\/salty-peanut-butter\/","title":{"rendered":"Salt hnetusmj\u00f6r"},"content":{"rendered":"<h3>Lei\u00f0andi OEM veitandi og einkamerkjaframlei\u00f0andi Salty <a href=\"https:\/\/www.peanutoem.com\/is\/Wholesale\/peanut-butter\/\" target=\"_blank\" rel=\"noopener\">Hnetusmj\u00f6r<\/a><\/h3>\n<p>Vi\u00f0 bj\u00f3\u00f0um me\u00f0 stolti \u00farvals salt hnetusmj\u00f6r sem traustan OEM veitanda, einkamerkjaframlei\u00f0anda og al\u00fej\u00f3\u00f0legan \u00fatflytjanda. Hanna\u00f0 me\u00f0 fullkomnu jafnv\u00e6gi af ristu\u00f0um hnetum og <a href=\"https:\/\/en.wikipedia.org\/wiki\/Salt\" target=\"_blank\" rel=\"noopener\">salt<\/a>, \u00fea\u00f0 gefur brag\u00f0miki\u00f0 brag\u00f0 tilvali\u00f0 fyrir snarl og matrei\u00f0slu. Fullkomlega s\u00e9rhanna\u00f0ar framlei\u00f0slulausnir okkar gera v\u00f6rumerkjum kleift a\u00f0 b\u00faa til einst\u00f6k afbrig\u00f0i me\u00f0 sveigjanlegum umb\u00fa\u00f0um og p\u00f6ntunarst\u00e6r\u00f0um.<\/p>\n<h3>Hva\u00f0 er salt hnetusmj\u00f6r?<\/h3>\n<p>Salt hnetusmj\u00f6r er brag\u00f0miki\u00f0 afbrig\u00f0i af hef\u00f0bundnu hnetusmj\u00f6ri, sem b\u00fd\u00f0ur upp \u00e1 brag\u00f0miki\u00f0 \u00edvafi me\u00f0 vi\u00f0b\u00e6ttu salti. \u00deessi tegund af hnetusmj\u00f6ri h\u00f6f\u00f0ar til neytenda sem leita a\u00f0 djarfari, minna s\u00e6tum valkosti. Salti\u00f0 eykur n\u00e1tt\u00farulega hnetuna og gerir \u00fea\u00f0 a\u00f0 upp\u00e1haldi fyrir brag\u00f0miklar uppskriftir, \u00e1legg og snarl.<\/p>\n<p><img loading=\"lazy\" decoding=\"async\" class=\"alignnone wp-image-1970 size-large\" src=\"https:\/\/www.peanutoem.com\/wp-content\/uploads\/2023\/06\/Seasalt-Peanut-Butter-200g-1-1024x461.webp\" alt=\"Sj\u00f3salt hnetusmj\u00f6r 200g\" width=\"1020\" height=\"459\" srcset=\"https:\/\/www.peanutoem.com\/wp-content\/uploads\/2023\/06\/Seasalt-Peanut-Butter-200g-1-1024x461.webp 1024w, https:\/\/www.peanutoem.com\/wp-content\/uploads\/2023\/06\/Seasalt-Peanut-Butter-200g-1-300x135.webp 300w, https:\/\/www.peanutoem.com\/wp-content\/uploads\/2023\/06\/Seasalt-Peanut-Butter-200g-1-768x346.webp 768w, https:\/\/www.peanutoem.com\/wp-content\/uploads\/2023\/06\/Seasalt-Peanut-Butter-200g-1-1536x691.webp 1536w, https:\/\/www.peanutoem.com\/wp-content\/uploads\/2023\/06\/Seasalt-Peanut-Butter-200g-1-2048x922.webp 2048w, https:\/\/www.peanutoem.com\/wp-content\/uploads\/2023\/06\/Seasalt-Peanut-Butter-200g-1-18x8.webp 18w, https:\/\/www.peanutoem.com\/wp-content\/uploads\/2023\/06\/Seasalt-Peanut-Butter-200g-1-600x270.webp 600w\" sizes=\"auto, (max-width: 1020px) 100vw, 1020px\" \/><\/p>\n<h3>Hva\u00f0 eru \u00f6nnur n\u00f6fn?<\/h3>\n<p>Salt hnetusmj\u00f6r m\u00e1 einnig v\u00edsa til sem:<\/p>\n<ul>\n<li><strong>Brag\u00f0miki\u00f0 hnetusmj\u00f6r<\/strong><\/li>\n<li><strong>Salta\u00f0 hnetusmj\u00f6r<\/strong><\/li>\n<li><strong>Hnetusmj\u00f6r me\u00f0 salti<\/strong><\/li>\n<li><strong>Saltblanda\u00f0 hnetusmj\u00f6r<\/strong><\/li>\n<\/ul>\n<p>\u00deessi n\u00f6fn leggja \u00e1herslu \u00e1 s\u00e9rstaka brag\u00f0mikla \u00fe\u00e1ttinn sem gerir salt hnetusmj\u00f6r einstaka og vins\u00e6la v\u00f6ru.<\/p>\n<h3>Af hverju a\u00f0 velja okkur sem birgja?<\/h3>\n<p>Sem traustur OEM veitandi og einkamerkjaframlei\u00f0andi bj\u00f3\u00f0um vi\u00f0 upp \u00e1:<\/p>\n<ul>\n<li><strong>S\u00e9rhanna\u00f0 salt hnetusmj\u00f6r<\/strong>: S\u00e9rsni\u00f0nar v\u00f6rur til a\u00f0 samr\u00e6mast v\u00f6rumerkinu \u00fe\u00ednu.<\/li>\n<li><strong>Al\u00fej\u00f3\u00f0legt <a href=\"https:\/\/www.peanutoem.com\/is\/certificate\/\" target=\"_blank\" rel=\"noopener\">Vottanir<\/a><\/strong>: Sta\u00f0lar okkar innihalda HACCP, BRCGS, Halal, Kosher og ESB l\u00edfr\u00e6nt, sem tryggir h\u00e1g\u00e6\u00f0a.<\/li>\n<li><strong>Fj\u00f6lbreyttir umb\u00fa\u00f0ir<\/strong>: Vi\u00f0 framlei\u00f0um \u00fdmsar st\u00e6r\u00f0ir, allt fr\u00e1 sm\u00e1s\u00f6lukrukkum til magn\u00edl\u00e1ta.<\/li>\n<li><strong>Al\u00fej\u00f3\u00f0leg \u00fatflutnings\u00feekking<\/strong>: Vi\u00f0 afhendum \u00e1rei\u00f0anlega al\u00fej\u00f3\u00f0legum m\u00f6rku\u00f0um.<\/li>\n<\/ul>\n<h3>Algengar spurningar um hnetusmj\u00f6r me\u00f0 salti<\/h3>\n<ol>\n<li><strong>Hva\u00f0 a\u00f0greinir salt hnetusmj\u00f6ri\u00f0 \u00feitt?<\/strong><br \/>\nVi\u00f0 afhendum \u00farvals, samkv\u00e6mt hnetusmj\u00f6r me\u00f0 salti me\u00f0 s\u00e9rsni\u00f0num valkostum fyrir framlei\u00f0slu \u00e1 einkamerkjum.<\/li>\n<li><strong>Hva\u00f0a hr\u00e1efni notar \u00fe\u00fa?<\/strong><br \/>\nSalta hnetusmj\u00f6ri\u00f0 okkar inniheldur h\u00e1g\u00e6\u00f0a rista\u00f0ar jar\u00f0hnetur og n\u00e1kv\u00e6mlega m\u00e6lt salt, \u00e1n aukaefna.<\/li>\n<li><strong>Get \u00e9g stillt saltinnihaldi\u00f0?<\/strong><br \/>\nJ\u00e1, vi\u00f0 bj\u00f3\u00f0um upp \u00e1 sveigjanleika \u00ed saltmagni til a\u00f0 passa vi\u00f0 brag\u00f0sni\u00f0 v\u00f6rumerkisins \u00fe\u00edns.<\/li>\n<li><strong>Hva\u00f0a umb\u00fa\u00f0ir eru \u00ed bo\u00f0i?<\/strong><br \/>\nVi\u00f0 \u00fatvegum krukkur, f\u00f6tur og skammtapoka \u00ed st\u00e6r\u00f0um sem henta b\u00e6\u00f0i fyrir sm\u00e1s\u00f6lu og magndreifingu.<\/li>\n<li><strong>Hversu langur er afhendingart\u00edminn?<\/strong><br \/>\nAfhending er venjulega \u00e1 bilinu 7 til 20 dagar, allt eftir p\u00f6ntunarst\u00e6r\u00f0 og forskriftum.<\/li>\n<li><strong>B\u00fd\u00f0ur \u00fe\u00fa upp \u00e1 einkamerkja\u00fej\u00f3nustu?<\/strong><br \/>\nJ\u00e1, vi\u00f0 s\u00e9rh\u00e6fum okkur \u00ed einkamerkja\u00fej\u00f3nustu me\u00f0 fullri a\u00f0l\u00f6gun fyrir v\u00f6rumerki og p\u00f6kkun.<\/li>\n<li><strong>Hva\u00f0 er l\u00e1gmarks p\u00f6ntunarmagn (MOQ)?<\/strong><br \/>\nMOQ okkar er eitt tonn og r\u00famar b\u00e6\u00f0i st\u00f3r og sm\u00e6rri fyrirt\u00e6ki.<\/li>\n<\/ol>\n<h3>Uppg\u00f6tva\u00f0u fj\u00f6lh\u00e6fni s\u00e9rhanna\u00f0ar vara okkar<\/h3>\n<p>Salt hnetusmj\u00f6r er fj\u00f6lh\u00e6fur kostur fyrir \u00fe\u00e1 sem leita a\u00f0 brag\u00f0miklum valkosti vi\u00f0 s\u00e6tar afbrig\u00f0i. Einstakt brag\u00f0 \u00feess eykur snarl og eldamennsku, sem gerir \u00fea\u00f0 fullkomi\u00f0 fyrir \u00e1legg, \u00edd\u00fdfur og s\u00f3sur. Vi\u00f0 m\u00e6tum vaxandi eftirspurn eftir brag\u00f0miklum, h\u00e1g\u00e6\u00f0a valkostum \u00e1 sama t\u00edma og vi\u00f0 bj\u00f3\u00f0um upp \u00e1 fulla a\u00f0l\u00f6gun a\u00f0 \u00fe\u00ednum \u00fe\u00f6rfum.<\/p>\n<p>Sem \u00e1rei\u00f0anlegur f\u00e9lagi \u00feinn fyrir OEM og einkamerki, afhendum vi\u00f0 h\u00e1g\u00e6\u00f0a, s\u00e9rhanna\u00f0a valkosti me\u00f0 al\u00fej\u00f3\u00f0legum \u00fatflutningsm\u00f6guleikum, sem tryggir yfirbur\u00f0i \u00ed hverri krukku.<\/p>\n<a href=\"mailto:globepeanut@gmail.com\" class=\"button primary is-primary is-medium\"  >\n    <span>Sendu okkur t\u00f6lvup\u00f3st<\/span>\n  <\/a>","protected":false},"excerpt":{"rendered":"<table width=\"564\">\n<tbody>\n<tr>\n<td width=\"113\"><strong>V\u00f6ruheiti<\/strong><\/td>\n<td width=\"402\">Salt hnetusmj\u00f6r<\/td>\n<\/tr>\n<tr>\n<td width=\"113\"><strong>Hr\u00e1efni<\/strong><\/td>\n<td width=\"402\">Valdir hnetukjarnar, salt<\/td>\n<\/tr>\n<tr>\n<td width=\"113\"><strong>T\u00e6knil\u00fdsing<\/strong><\/td>\n<td width=\"402\">227gx24, 340gx12, 375gx12, 500gx12, 510gx12, 1kgx12, 10kgx1, 20kgx1, 220kgx1<\/td>\n<\/tr>\n<tr>\n<td width=\"113\"><strong>P\u00f6kkunarey\u00f0ubla\u00f0<\/strong><\/td>\n<td width=\"402\">Krukka, f\u00f6tu, Doy pakki, poki, \u00f6skju, tini, tunna, d\u00f3s, flaska osfrv<\/td>\n<\/tr>\n<tr>\n<td width=\"113\"><strong>Afhendingart\u00edmi<\/strong><\/td>\n<td width=\"402\">7 ~ 20 d\u00f6gum eftir p\u00f6ntun<\/td>\n<\/tr>\n<tr>\n<td width=\"113\"><strong>MOQ<\/strong><\/td>\n<td width=\"402\">Eitt tonn<\/td>\n<\/tr>\n<tr>\n<td width=\"113\"><strong>S\u00fdnishorn<\/strong><\/td>\n<td width=\"402\">\u00d3keypis s\u00fdnishorn \u00ed bo\u00f0i<\/td>\n<\/tr>\n<tr>\n<td width=\"113\"><strong>OEM<\/strong><\/td>\n<td width=\"402\">Merki kaupanda sam\u00feykkt<\/td>\n<\/tr>\n<\/tbody>\n<\/table>","protected":false},"featured_media":1968,"comment_status":"open","ping_status":"closed","template":"","meta":[],"product_cat":[15],"product_tag":[],"class_list":{"0":"post-1393","1":"product","2":"type-product","3":"status-publish","4":"has-post-thumbnail","6":"product_cat-peanut-butter","8":"first","9":"instock","10":"shipping-taxable","11":"product-type-simple"},"yoast_head":"<!-- This site is optimized with the Yoast SEO plugin v24.9 - https:\/\/yoast.com\/wordpress\/plugins\/seo\/ -->\n<title>Salty Peanut Butter China Exporter OEM - Peanut Butter Factory<\/title>\n<meta name=\"description\" content=\"Discover premium salty peanut butter OEM service. Your trusted private label manufacturer. Enjoy customizable production, various packaging.\" \/>\n<meta name=\"robots\" content=\"index, follow, max-snippet:-1, max-image-preview:large, max-video-preview:-1\" \/>\n<link rel=\"canonical\" href=\"https:\/\/www.peanutoem.com\/is\/manufacturer\/salty-peanut-butter\/\" \/>\n<meta property=\"og:locale\" content=\"is_IS\" \/>\n<meta property=\"og:type\" content=\"article\" \/>\n<meta property=\"og:title\" content=\"Salty Peanut Butter China Exporter OEM - Peanut Butter Factory\" \/>\n<meta property=\"og:description\" content=\"Discover premium salty peanut butter OEM service. Your trusted private label manufacturer. Enjoy customizable production, various packaging.\" \/>\n<meta property=\"og:url\" content=\"https:\/\/www.peanutoem.com\/is\/manufacturer\/salty-peanut-butter\/\" \/>\n<meta property=\"og:site_name\" content=\"Peanut Butter Factory\" \/>\n<meta property=\"article:modified_time\" content=\"2024-10-09T12:10:08+00:00\" \/>\n<meta property=\"og:image\" content=\"https:\/\/www.peanutoem.com\/wp-content\/uploads\/2023\/06\/200g-seasalt-peanut-butter-1-scaled.webp\" \/>\n\t<meta property=\"og:image:width\" content=\"2560\" \/>\n\t<meta property=\"og:image:height\" content=\"1152\" \/>\n\t<meta property=\"og:image:type\" content=\"image\/webp\" \/>\n<meta name=\"twitter:card\" content=\"summary_large_image\" \/>\n<meta name=\"twitter:label1\" content=\"Est. reading time\" \/>\n\t<meta name=\"twitter:data1\" content=\"3 minutes\" \/>\n<script type=\"application\/ld+json\" class=\"yoast-schema-graph\">{\"@context\":\"https:\/\/schema.org\",\"@graph\":[{\"@type\":\"WebPage\",\"@id\":\"https:\/\/www.peanutoem.com\/manufacturer\/salty-peanut-butter\/\",\"url\":\"https:\/\/www.peanutoem.com\/manufacturer\/salty-peanut-butter\/\",\"name\":\"Salty Peanut Butter China Exporter OEM - Peanut Butter Factory\",\"isPartOf\":{\"@id\":\"https:\/\/www.peanutoem.com\/#website\"},\"primaryImageOfPage\":{\"@id\":\"https:\/\/www.peanutoem.com\/manufacturer\/salty-peanut-butter\/#primaryimage\"},\"image\":{\"@id\":\"https:\/\/www.peanutoem.com\/manufacturer\/salty-peanut-butter\/#primaryimage\"},\"thumbnailUrl\":\"https:\/\/www.peanutoem.com\/wp-content\/uploads\/2023\/06\/200g-seasalt-peanut-butter-1-scaled.webp\",\"datePublished\":\"2023-06-08T07:38:38+00:00\",\"dateModified\":\"2024-10-09T12:10:08+00:00\",\"description\":\"Discover premium salty peanut butter OEM service. Your trusted private label manufacturer. Enjoy customizable production, various packaging.\",\"breadcrumb\":{\"@id\":\"https:\/\/www.peanutoem.com\/manufacturer\/salty-peanut-butter\/#breadcrumb\"},\"inLanguage\":\"is\",\"potentialAction\":[{\"@type\":\"ReadAction\",\"target\":[\"https:\/\/www.peanutoem.com\/manufacturer\/salty-peanut-butter\/\"]}]},{\"@type\":\"ImageObject\",\"inLanguage\":\"is\",\"@id\":\"https:\/\/www.peanutoem.com\/manufacturer\/salty-peanut-butter\/#primaryimage\",\"url\":\"https:\/\/www.peanutoem.com\/wp-content\/uploads\/2023\/06\/200g-seasalt-peanut-butter-1-scaled.webp\",\"contentUrl\":\"https:\/\/www.peanutoem.com\/wp-content\/uploads\/2023\/06\/200g-seasalt-peanut-butter-1-scaled.webp\",\"width\":2560,\"height\":1152,\"caption\":\"200g seasalt peanut butter\"},{\"@type\":\"BreadcrumbList\",\"@id\":\"https:\/\/www.peanutoem.com\/manufacturer\/salty-peanut-butter\/#breadcrumb\",\"itemListElement\":[{\"@type\":\"ListItem\",\"position\":1,\"name\":\"Home\",\"item\":\"https:\/\/www.peanutoem.com\/\"},{\"@type\":\"ListItem\",\"position\":2,\"name\":\"Products\",\"item\":\"https:\/\/www.peanutoem.com\/shop\/\"},{\"@type\":\"ListItem\",\"position\":3,\"name\":\"Salty Peanut Butter\"}]},{\"@type\":\"WebSite\",\"@id\":\"https:\/\/www.peanutoem.com\/#website\",\"url\":\"https:\/\/www.peanutoem.com\/\",\"name\":\"Peanut Butter Factory\",\"description\":\"Peanut Butter Manufacturer and Roast Peanut OEM Factory | Peanut Private Label China Supplier\",\"publisher\":{\"@id\":\"https:\/\/www.peanutoem.com\/#organization\"},\"alternateName\":\"Peanut Butter OEM and Wholesale\",\"potentialAction\":[{\"@type\":\"SearchAction\",\"target\":{\"@type\":\"EntryPoint\",\"urlTemplate\":\"https:\/\/www.peanutoem.com\/?s={search_term_string}\"},\"query-input\":{\"@type\":\"PropertyValueSpecification\",\"valueRequired\":true,\"valueName\":\"search_term_string\"}}],\"inLanguage\":\"is\"},{\"@type\":\"Organization\",\"@id\":\"https:\/\/www.peanutoem.com\/#organization\",\"name\":\"Peanut Butter Factory\",\"alternateName\":\"JuFeng Group\",\"url\":\"https:\/\/www.peanutoem.com\/\",\"logo\":{\"@type\":\"ImageObject\",\"inLanguage\":\"is\",\"@id\":\"https:\/\/www.peanutoem.com\/#\/schema\/logo\/image\/\",\"url\":\"https:\/\/www.peanutoem.com\/wp-content\/uploads\/2024\/09\/JUFENG-LOGO.png\",\"contentUrl\":\"https:\/\/www.peanutoem.com\/wp-content\/uploads\/2024\/09\/JUFENG-LOGO.png\",\"width\":600,\"height\":170,\"caption\":\"Peanut Butter Factory\"},\"image\":{\"@id\":\"https:\/\/www.peanutoem.com\/#\/schema\/logo\/image\/\"}}]}<\/script>\n<!-- \/ Yoast SEO plugin. -->","yoast_head_json":{"title":"Salty Peanut Butter China Exporter OEM - Peanut Butter Factory","description":"Discover premium salty peanut butter OEM service. Your trusted private label manufacturer. Enjoy customizable production, various packaging.","robots":{"index":"index","follow":"follow","max-snippet":"max-snippet:-1","max-image-preview":"max-image-preview:large","max-video-preview":"max-video-preview:-1"},"canonical":"https:\/\/www.peanutoem.com\/is\/manufacturer\/salty-peanut-butter\/","og_locale":"is_IS","og_type":"article","og_title":"Salty Peanut Butter China Exporter OEM - Peanut Butter Factory","og_description":"Discover premium salty peanut butter OEM service. Your trusted private label manufacturer. Enjoy customizable production, various packaging.","og_url":"https:\/\/www.peanutoem.com\/is\/manufacturer\/salty-peanut-butter\/","og_site_name":"Peanut Butter Factory","article_modified_time":"2024-10-09T12:10:08+00:00","og_image":[{"width":2560,"height":1152,"url":"https:\/\/www.peanutoem.com\/wp-content\/uploads\/2023\/06\/200g-seasalt-peanut-butter-1-scaled.webp","type":"image\/webp"}],"twitter_card":"summary_large_image","twitter_misc":{"Est. reading time":"3 minutes"},"schema":{"@context":"https:\/\/schema.org","@graph":[{"@type":"WebPage","@id":"https:\/\/www.peanutoem.com\/manufacturer\/salty-peanut-butter\/","url":"https:\/\/www.peanutoem.com\/manufacturer\/salty-peanut-butter\/","name":"Salty Peanut Butter China Exporter OEM - Peanut Butter Factory","isPartOf":{"@id":"https:\/\/www.peanutoem.com\/#website"},"primaryImageOfPage":{"@id":"https:\/\/www.peanutoem.com\/manufacturer\/salty-peanut-butter\/#primaryimage"},"image":{"@id":"https:\/\/www.peanutoem.com\/manufacturer\/salty-peanut-butter\/#primaryimage"},"thumbnailUrl":"https:\/\/www.peanutoem.com\/wp-content\/uploads\/2023\/06\/200g-seasalt-peanut-butter-1-scaled.webp","datePublished":"2023-06-08T07:38:38+00:00","dateModified":"2024-10-09T12:10:08+00:00","description":"Discover premium salty peanut butter OEM service. Your trusted private label manufacturer. Enjoy customizable production, various packaging.","breadcrumb":{"@id":"https:\/\/www.peanutoem.com\/manufacturer\/salty-peanut-butter\/#breadcrumb"},"inLanguage":"is","potentialAction":[{"@type":"ReadAction","target":["https:\/\/www.peanutoem.com\/manufacturer\/salty-peanut-butter\/"]}]},{"@type":"ImageObject","inLanguage":"is","@id":"https:\/\/www.peanutoem.com\/manufacturer\/salty-peanut-butter\/#primaryimage","url":"https:\/\/www.peanutoem.com\/wp-content\/uploads\/2023\/06\/200g-seasalt-peanut-butter-1-scaled.webp","contentUrl":"https:\/\/www.peanutoem.com\/wp-content\/uploads\/2023\/06\/200g-seasalt-peanut-butter-1-scaled.webp","width":2560,"height":1152,"caption":"200g seasalt peanut butter"},{"@type":"BreadcrumbList","@id":"https:\/\/www.peanutoem.com\/manufacturer\/salty-peanut-butter\/#breadcrumb","itemListElement":[{"@type":"ListItem","position":1,"name":"Home","item":"https:\/\/www.peanutoem.com\/"},{"@type":"ListItem","position":2,"name":"Products","item":"https:\/\/www.peanutoem.com\/shop\/"},{"@type":"ListItem","position":3,"name":"Salty Peanut Butter"}]},{"@type":"WebSite","@id":"https:\/\/www.peanutoem.com\/#website","url":"https:\/\/www.peanutoem.com\/","name":"Peanut Butter Factory","description":"Peanut Butter Manufacturer and Roast Peanut OEM Factory | Peanut Private Label China Supplier","publisher":{"@id":"https:\/\/www.peanutoem.com\/#organization"},"alternateName":"Peanut Butter OEM and Wholesale","potentialAction":[{"@type":"SearchAction","target":{"@type":"EntryPoint","urlTemplate":"https:\/\/www.peanutoem.com\/?s={search_term_string}"},"query-input":{"@type":"PropertyValueSpecification","valueRequired":true,"valueName":"search_term_string"}}],"inLanguage":"is"},{"@type":"Organization","@id":"https:\/\/www.peanutoem.com\/#organization","name":"Peanut Butter Factory","alternateName":"JuFeng Group","url":"https:\/\/www.peanutoem.com\/","logo":{"@type":"ImageObject","inLanguage":"is","@id":"https:\/\/www.peanutoem.com\/#\/schema\/logo\/image\/","url":"https:\/\/www.peanutoem.com\/wp-content\/uploads\/2024\/09\/JUFENG-LOGO.png","contentUrl":"https:\/\/www.peanutoem.com\/wp-content\/uploads\/2024\/09\/JUFENG-LOGO.png","width":600,"height":170,"caption":"Peanut Butter Factory"},"image":{"@id":"https:\/\/www.peanutoem.com\/#\/schema\/logo\/image\/"}}]}},"_links":{"self":[{"href":"https:\/\/www.peanutoem.com\/is\/wp-json\/wp\/v2\/product\/1393","targetHints":{"allow":["GET"]}}],"collection":[{"href":"https:\/\/www.peanutoem.com\/is\/wp-json\/wp\/v2\/product"}],"about":[{"href":"https:\/\/www.peanutoem.com\/is\/wp-json\/wp\/v2\/types\/product"}],"replies":[{"embeddable":true,"href":"https:\/\/www.peanutoem.com\/is\/wp-json\/wp\/v2\/comments?post=1393"}],"wp:featuredmedia":[{"embeddable":true,"href":"https:\/\/www.peanutoem.com\/is\/wp-json\/wp\/v2\/media\/1968"}],"wp:attachment":[{"href":"https:\/\/www.peanutoem.com\/is\/wp-json\/wp\/v2\/media?parent=1393"}],"wp:term":[{"taxonomy":"product_cat","embeddable":true,"href":"https:\/\/www.peanutoem.com\/is\/wp-json\/wp\/v2\/product_cat?post=1393"},{"taxonomy":"product_tag","embeddable":true,"href":"https:\/\/www.peanutoem.com\/is\/wp-json\/wp\/v2\/product_tag?post=1393"}],"curies":[{"name":"wp","href":"https:\/\/api.w.org\/{rel}","templated":true}]}}