{"id":1397,"date":"2023-06-08T07:51:40","date_gmt":"2023-06-08T07:51:40","guid":{"rendered":"https:\/\/www.peanutoem.com\/?post_type=product&#038;p=1397"},"modified":"2024-09-28T07:06:47","modified_gmt":"2024-09-28T07:06:47","slug":"creamy-peanut-butter","status":"publish","type":"product","link":"https:\/\/www.peanutoem.com\/is\/manufacturer\/creamy-peanut-butter\/","title":{"rendered":"Rj\u00f3malagt hnetusmj\u00f6r | Sl\u00e9tt hnetusmj\u00f6r"},"content":{"rendered":"<h3>Rj\u00f3mal\u00f6gu\u00f0 <a href=\"https:\/\/www.peanutoem.com\/is\/Wholesale\/peanut-butter\/\" target=\"_blank\" rel=\"noopener\">Hnetusmj\u00f6r<\/a> | Sl\u00e9tt hnetusmj\u00f6r \u2013 lei\u00f0andi OEM einkamerkjaframlei\u00f0andi<\/h3>\n<p>Vi\u00f0 leggjum metna\u00f0 okkar \u00ed a\u00f0 vera fremstur OEM einkamerkjaframlei\u00f0andi, \u00fatflytjandi og birgir rj\u00f3mal\u00f6gu\u00f0u hnetusmj\u00f6rs og sl\u00e9ttu hnetusmj\u00f6rs. N\u00fdjustu framlei\u00f0slul\u00ednur okkar og h\u00e1g\u00e6\u00f0a sta\u00f0lar tryggja a\u00f0 hver krukka af hnetusmj\u00f6ri uppfylli al\u00fej\u00f3\u00f0legar kr\u00f6fur um brag\u00f0 og samkv\u00e6mni. Stu\u00f0ningur af al\u00fej\u00f3\u00f0lega vi\u00f0urkenndum <a href=\"https:\/\/www.peanutoem.com\/is\/certificate\/\" target=\"_blank\" rel=\"noopener\">vottor\u00f0um<\/a> eins og HACCP, BRCGS, ECOCERT, Halal og Kosher, hnetusmj\u00f6rsv\u00f6rur okkar eru undirsta\u00f0a fyrir fyrirt\u00e6ki um allan heim.<\/p>\n<p><img loading=\"lazy\" decoding=\"async\" class=\"alignnone wp-image-1620 size-large\" src=\"https:\/\/www.peanutoem.com\/wp-content\/uploads\/2024\/09\/Peanut-Butter-Qualifications-1024x736.webp\" alt=\"Hnetusmj\u00f6r OEM \u00f6rgj\u00f6rva h\u00e6fi\" width=\"1020\" height=\"733\" srcset=\"https:\/\/www.peanutoem.com\/wp-content\/uploads\/2024\/09\/Peanut-Butter-Qualifications-1024x736.webp 1024w, https:\/\/www.peanutoem.com\/wp-content\/uploads\/2024\/09\/Peanut-Butter-Qualifications-300x216.webp 300w, https:\/\/www.peanutoem.com\/wp-content\/uploads\/2024\/09\/Peanut-Butter-Qualifications-768x552.webp 768w, https:\/\/www.peanutoem.com\/wp-content\/uploads\/2024\/09\/Peanut-Butter-Qualifications-18x12.webp 18w, https:\/\/www.peanutoem.com\/wp-content\/uploads\/2024\/09\/Peanut-Butter-Qualifications-600x431.webp 600w, https:\/\/www.peanutoem.com\/wp-content\/uploads\/2024\/09\/Peanut-Butter-Qualifications.webp 1341w\" sizes=\"auto, (max-width: 1020px) 100vw, 1020px\" \/><\/p>\n<h3>Hva\u00f0 er rj\u00f3makennt hnetusmj\u00f6r og sl\u00e9tt hnetusmj\u00f6r?<\/h3>\n<p>Rj\u00f3malagt hnetusmj\u00f6r og sl\u00e9tt hnetusmj\u00f6r eru tv\u00e6r af vins\u00e6lustu tegundunum af hnetusmj\u00f6ri. B\u00e1\u00f0ar eru ger\u00f0ar \u00far f\u00ednm\u00f6lu\u00f0um ristu\u00f0um hnetum, sem gefur r\u00edka og mj\u00faka \u00e1fer\u00f0. Hins vegar b\u00fd\u00f0ur rj\u00f3mal\u00f6gu\u00f0 hnetusmj\u00f6r a\u00f0eins \u00fe\u00e9ttari \u00e1fer\u00f0 samanbori\u00f0 vi\u00f0 sl\u00e9tt hnetusmj\u00f6r, sem gerir \u00fea\u00f0 tilvali\u00f0 til a\u00f0 smyrja \u00e1 brau\u00f0 e\u00f0a sem innihaldsefni \u00ed bakstur og matrei\u00f0slu.<\/p>\n<h3>Getu okkar<\/h3>\n<p>Vi\u00f0 erum me\u00f0 h\u00e1\u00fer\u00f3a\u00f0a vinnslua\u00f0st\u00f6\u00f0u sem getur framleitt 30.000 tonn af hnetusmj\u00f6ri \u00e1rlega. Vel b\u00fanar ranns\u00f3knarstofur okkar framkv\u00e6ma strangar skynjunar-, e\u00f0lis-, efna- og \u00f6rverupr\u00f3fanir til a\u00f0 tryggja g\u00e6\u00f0i og \u00f6ryggi hverrar lotu.<\/p>\n<h3>OEM einkamerkjalausnir fyrir hnetusmj\u00f6r<\/h3>\n<p>Sem traustur OEM framlei\u00f0andi og birgir einkamerkja bj\u00f3\u00f0um vi\u00f0 s\u00e9rsni\u00f0nar lausnir sem passa vi\u00f0 \u00fearfir v\u00f6rumerkisins \u00fe\u00edns. Hvort sem \u00fe\u00fa ert a\u00f0 leita a\u00f0 \u00fe\u00ednu eigin merki me\u00f0 rj\u00f3mal\u00f6gu\u00f0u hnetusmj\u00f6ri e\u00f0a sl\u00e9ttu hnetusmj\u00f6ri, bj\u00f3\u00f0um vi\u00f0 sveigjanlega valkosti \u00ed umb\u00fa\u00f0um og v\u00f6rust\u00e6r\u00f0. Li\u00f0 okkar tryggir a\u00f0 v\u00f6rur \u00fe\u00ednar s\u00e9u unnar af al\u00fa\u00f0 og \u00ed samr\u00e6mi vi\u00f0 str\u00f6ngustu i\u00f0na\u00f0arsta\u00f0la.<\/p>\n<h3>Al\u00fej\u00f3\u00f0legur \u00fatflytjandi og birgir<\/h3>\n<p>Me\u00f0 al\u00fej\u00f3\u00f0legri n\u00e6rveru erum vi\u00f0 \u00e1rei\u00f0anlegur \u00fatflytjandi og birgir hnetusmj\u00f6rs og afhendum v\u00f6rur okkar til helstu matv\u00e6las\u00f6lua\u00f0ila, s\u00e9rleyfisfyrirt\u00e6kja og dreifingara\u00f0ila um allan heim. V\u00ed\u00f0t\u00e6kt dreifikerfi okkar og skilvirk flutningakerfi tryggja t\u00edmanlega afhendingu, sama hvar fyrirt\u00e6ki\u00f0 \u00feitt er sta\u00f0sett.<\/p>\n<h3>Af hverju a\u00f0 velja okkur?<\/h3>\n<ul>\n<li><strong>Mikil framlei\u00f0slugeta<\/strong>: 30.000 tonn \u00e1rlega<\/li>\n<li><strong>Alhli\u00f0a vottanir<\/strong>: HACCP, BRCGS, Halal, Kosher, ESB l\u00edfr\u00e6nt<\/li>\n<li><strong>S\u00e9rfr\u00e6\u00f0ingar \u00ed OEM og einkamerkjum<\/strong>: S\u00e9rsni\u00f0nar lausnir fyrir v\u00f6rumerki\u00f0 \u00feitt<\/li>\n<li><strong>Al\u00fej\u00f3\u00f0legur birgir og \u00fatflytjandi<\/strong>: \u00dej\u00f3nar vi\u00f0skiptavinum um allan heim me\u00f0 h\u00e1g\u00e6\u00f0a hnetuv\u00f6rum<\/li>\n<\/ul>\n<p>Vi\u00f0 skuldbindum okkur til a\u00f0 afhenda bestu hnetusmj\u00f6rsv\u00f6rur sem uppfylla vaxandi kr\u00f6fur heimsmarka\u00f0arins. Hvort sem \u00fe\u00fa \u00fearft l\u00edtinn sm\u00e1s\u00f6lupakka e\u00f0a miki\u00f0 magn, \u00fe\u00e1 sendum vi\u00f0 me\u00f0 fr\u00e1b\u00e6rum h\u00e6tti.<\/p>\n<a href=\"mailto:globepeanut@gmail.com\" class=\"button primary is-primary is-medium\"  >\n    <span>Sendu okkur t\u00f6lvup\u00f3st<\/span>\n  <\/a>","protected":false},"excerpt":{"rendered":"<table style=\"height: 282px;\" width=\"564\">\n<tbody>\n<tr>\n<td width=\"113\"><strong>V\u00f6ruheiti<\/strong><\/td>\n<td width=\"402\">Rj\u00f3malagt hnetusmj\u00f6r | Sl\u00e9tt hnetusmj\u00f6r<\/td>\n<\/tr>\n<tr>\n<td width=\"113\"><strong>Hr\u00e1efni<\/strong><\/td>\n<td width=\"402\">Valdir hnetukjarnar, hv\u00edtur sykur, vetnu\u00f0 jurtaol\u00eda, salt<\/td>\n<\/tr>\n<tr>\n<td width=\"113\"><strong>T\u00e6knil\u00fdsing<\/strong><\/td>\n<td width=\"402\">200gx36, 227gx24, 340gx12, 375gx12, 500gx12, 510gx12, 1kgx12, 10kgx1, 20kgx1, 220kgx1<\/td>\n<\/tr>\n<tr>\n<td width=\"113\"><strong>P\u00f6kkunarey\u00f0ubla\u00f0<\/strong><\/td>\n<td width=\"402\">Krukka, f\u00f6tu, Doy pakki, poki, \u00f6skju, tini, tunna, d\u00f3s, flaska osfrv<\/td>\n<\/tr>\n<tr>\n<td width=\"113\"><strong>Afhendingart\u00edmi<\/strong><\/td>\n<td width=\"402\">7 ~ 20 d\u00f6gum eftir p\u00f6ntun<\/td>\n<\/tr>\n<tr>\n<td width=\"113\"><strong>MOQ<\/strong><\/td>\n<td width=\"402\">Eitt tonn<\/td>\n<\/tr>\n<tr>\n<td width=\"113\"><strong>S\u00fdnishorn<\/strong><\/td>\n<td width=\"402\">\u00d3keypis s\u00fdnishorn \u00ed bo\u00f0i<\/td>\n<\/tr>\n<tr>\n<td width=\"113\"><strong>OEM<\/strong><\/td>\n<td width=\"402\">Merki kaupanda sam\u00feykkt<\/td>\n<\/tr>\n<\/tbody>\n<\/table>\n<p>&nbsp;<\/p>","protected":false},"featured_media":1641,"comment_status":"open","ping_status":"closed","template":"","meta":[],"product_cat":[15],"product_tag":[],"class_list":{"0":"post-1397","1":"product","2":"type-product","3":"status-publish","4":"has-post-thumbnail","6":"product_cat-peanut-butter","8":"first","9":"instock","10":"featured","11":"shipping-taxable","12":"product-type-simple"},"yoast_head":"<!-- This site is optimized with the Yoast SEO plugin v24.9 - https:\/\/yoast.com\/wordpress\/plugins\/seo\/ -->\n<title>Creamy Peanut Butter Manufacturer- Smooth Peanut Butter OEM - Peanut Butter Factory<\/title>\n<meta name=\"description\" content=\"As a leading OEM private label manufacturer, we offer premium creamy and smooth peanut butter with flexible packaging, certified to global standards.\" \/>\n<meta name=\"robots\" content=\"index, follow, max-snippet:-1, max-image-preview:large, max-video-preview:-1\" \/>\n<link rel=\"canonical\" href=\"https:\/\/www.peanutoem.com\/is\/manufacturer\/creamy-peanut-butter\/\" \/>\n<meta property=\"og:locale\" content=\"is_IS\" \/>\n<meta property=\"og:type\" content=\"article\" \/>\n<meta property=\"og:title\" content=\"Creamy Peanut Butter Manufacturer- Smooth Peanut Butter OEM - Peanut Butter Factory\" \/>\n<meta property=\"og:description\" content=\"As a leading OEM private label manufacturer, we offer premium creamy and smooth peanut butter with flexible packaging, certified to global standards.\" \/>\n<meta property=\"og:url\" content=\"https:\/\/www.peanutoem.com\/is\/manufacturer\/creamy-peanut-butter\/\" \/>\n<meta property=\"og:site_name\" content=\"Peanut Butter Factory\" \/>\n<meta property=\"article:modified_time\" content=\"2024-09-28T07:06:47+00:00\" \/>\n<meta property=\"og:image\" content=\"https:\/\/www.peanutoem.com\/wp-content\/uploads\/2023\/06\/Creamy-Peanut-Butter-in-jar.webp\" \/>\n\t<meta property=\"og:image:width\" content=\"1000\" \/>\n\t<meta property=\"og:image:height\" content=\"1000\" \/>\n\t<meta property=\"og:image:type\" content=\"image\/webp\" \/>\n<meta name=\"twitter:card\" content=\"summary_large_image\" \/>\n<meta name=\"twitter:label1\" content=\"Est. reading time\" \/>\n\t<meta name=\"twitter:data1\" content=\"3 minutes\" \/>\n<script type=\"application\/ld+json\" class=\"yoast-schema-graph\">{\"@context\":\"https:\/\/schema.org\",\"@graph\":[{\"@type\":\"WebPage\",\"@id\":\"https:\/\/www.peanutoem.com\/manufacturer\/creamy-peanut-butter\/\",\"url\":\"https:\/\/www.peanutoem.com\/manufacturer\/creamy-peanut-butter\/\",\"name\":\"Creamy Peanut Butter Manufacturer- Smooth Peanut Butter OEM - Peanut Butter Factory\",\"isPartOf\":{\"@id\":\"https:\/\/www.peanutoem.com\/#website\"},\"primaryImageOfPage\":{\"@id\":\"https:\/\/www.peanutoem.com\/manufacturer\/creamy-peanut-butter\/#primaryimage\"},\"image\":{\"@id\":\"https:\/\/www.peanutoem.com\/manufacturer\/creamy-peanut-butter\/#primaryimage\"},\"thumbnailUrl\":\"https:\/\/www.peanutoem.com\/wp-content\/uploads\/2023\/06\/Creamy-Peanut-Butter-in-jar.webp\",\"datePublished\":\"2023-06-08T07:51:40+00:00\",\"dateModified\":\"2024-09-28T07:06:47+00:00\",\"description\":\"As a leading OEM private label manufacturer, we offer premium creamy and smooth peanut butter with flexible packaging, certified to global standards.\",\"breadcrumb\":{\"@id\":\"https:\/\/www.peanutoem.com\/manufacturer\/creamy-peanut-butter\/#breadcrumb\"},\"inLanguage\":\"is\",\"potentialAction\":[{\"@type\":\"ReadAction\",\"target\":[\"https:\/\/www.peanutoem.com\/manufacturer\/creamy-peanut-butter\/\"]}]},{\"@type\":\"ImageObject\",\"inLanguage\":\"is\",\"@id\":\"https:\/\/www.peanutoem.com\/manufacturer\/creamy-peanut-butter\/#primaryimage\",\"url\":\"https:\/\/www.peanutoem.com\/wp-content\/uploads\/2023\/06\/Creamy-Peanut-Butter-in-jar.webp\",\"contentUrl\":\"https:\/\/www.peanutoem.com\/wp-content\/uploads\/2023\/06\/Creamy-Peanut-Butter-in-jar.webp\",\"width\":1000,\"height\":1000,\"caption\":\"Creamy Peanut Butter in jar\"},{\"@type\":\"BreadcrumbList\",\"@id\":\"https:\/\/www.peanutoem.com\/manufacturer\/creamy-peanut-butter\/#breadcrumb\",\"itemListElement\":[{\"@type\":\"ListItem\",\"position\":1,\"name\":\"Home\",\"item\":\"https:\/\/www.peanutoem.com\/\"},{\"@type\":\"ListItem\",\"position\":2,\"name\":\"Products\",\"item\":\"https:\/\/www.peanutoem.com\/shop\/\"},{\"@type\":\"ListItem\",\"position\":3,\"name\":\"Creamy Peanut Butter | Smooth Peanut Butter\"}]},{\"@type\":\"WebSite\",\"@id\":\"https:\/\/www.peanutoem.com\/#website\",\"url\":\"https:\/\/www.peanutoem.com\/\",\"name\":\"Peanut Butter Factory\",\"description\":\"Peanut Butter Manufacturer and Roast Peanut OEM Factory | Peanut Private Label China Supplier\",\"publisher\":{\"@id\":\"https:\/\/www.peanutoem.com\/#organization\"},\"alternateName\":\"Peanut Butter OEM and Wholesale\",\"potentialAction\":[{\"@type\":\"SearchAction\",\"target\":{\"@type\":\"EntryPoint\",\"urlTemplate\":\"https:\/\/www.peanutoem.com\/?s={search_term_string}\"},\"query-input\":{\"@type\":\"PropertyValueSpecification\",\"valueRequired\":true,\"valueName\":\"search_term_string\"}}],\"inLanguage\":\"is\"},{\"@type\":\"Organization\",\"@id\":\"https:\/\/www.peanutoem.com\/#organization\",\"name\":\"Peanut Butter Factory\",\"alternateName\":\"JuFeng Group\",\"url\":\"https:\/\/www.peanutoem.com\/\",\"logo\":{\"@type\":\"ImageObject\",\"inLanguage\":\"is\",\"@id\":\"https:\/\/www.peanutoem.com\/#\/schema\/logo\/image\/\",\"url\":\"https:\/\/www.peanutoem.com\/wp-content\/uploads\/2024\/09\/JUFENG-LOGO.png\",\"contentUrl\":\"https:\/\/www.peanutoem.com\/wp-content\/uploads\/2024\/09\/JUFENG-LOGO.png\",\"width\":600,\"height\":170,\"caption\":\"Peanut Butter Factory\"},\"image\":{\"@id\":\"https:\/\/www.peanutoem.com\/#\/schema\/logo\/image\/\"}}]}<\/script>\n<!-- \/ Yoast SEO plugin. -->","yoast_head_json":{"title":"Creamy Peanut Butter Manufacturer- Smooth Peanut Butter OEM - Peanut Butter Factory","description":"As a leading OEM private label manufacturer, we offer premium creamy and smooth peanut butter with flexible packaging, certified to global standards.","robots":{"index":"index","follow":"follow","max-snippet":"max-snippet:-1","max-image-preview":"max-image-preview:large","max-video-preview":"max-video-preview:-1"},"canonical":"https:\/\/www.peanutoem.com\/is\/manufacturer\/creamy-peanut-butter\/","og_locale":"is_IS","og_type":"article","og_title":"Creamy Peanut Butter Manufacturer- Smooth Peanut Butter OEM - Peanut Butter Factory","og_description":"As a leading OEM private label manufacturer, we offer premium creamy and smooth peanut butter with flexible packaging, certified to global standards.","og_url":"https:\/\/www.peanutoem.com\/is\/manufacturer\/creamy-peanut-butter\/","og_site_name":"Peanut Butter Factory","article_modified_time":"2024-09-28T07:06:47+00:00","og_image":[{"width":1000,"height":1000,"url":"https:\/\/www.peanutoem.com\/wp-content\/uploads\/2023\/06\/Creamy-Peanut-Butter-in-jar.webp","type":"image\/webp"}],"twitter_card":"summary_large_image","twitter_misc":{"Est. reading time":"3 minutes"},"schema":{"@context":"https:\/\/schema.org","@graph":[{"@type":"WebPage","@id":"https:\/\/www.peanutoem.com\/manufacturer\/creamy-peanut-butter\/","url":"https:\/\/www.peanutoem.com\/manufacturer\/creamy-peanut-butter\/","name":"Creamy Peanut Butter Manufacturer- Smooth Peanut Butter OEM - Peanut Butter Factory","isPartOf":{"@id":"https:\/\/www.peanutoem.com\/#website"},"primaryImageOfPage":{"@id":"https:\/\/www.peanutoem.com\/manufacturer\/creamy-peanut-butter\/#primaryimage"},"image":{"@id":"https:\/\/www.peanutoem.com\/manufacturer\/creamy-peanut-butter\/#primaryimage"},"thumbnailUrl":"https:\/\/www.peanutoem.com\/wp-content\/uploads\/2023\/06\/Creamy-Peanut-Butter-in-jar.webp","datePublished":"2023-06-08T07:51:40+00:00","dateModified":"2024-09-28T07:06:47+00:00","description":"As a leading OEM private label manufacturer, we offer premium creamy and smooth peanut butter with flexible packaging, certified to global standards.","breadcrumb":{"@id":"https:\/\/www.peanutoem.com\/manufacturer\/creamy-peanut-butter\/#breadcrumb"},"inLanguage":"is","potentialAction":[{"@type":"ReadAction","target":["https:\/\/www.peanutoem.com\/manufacturer\/creamy-peanut-butter\/"]}]},{"@type":"ImageObject","inLanguage":"is","@id":"https:\/\/www.peanutoem.com\/manufacturer\/creamy-peanut-butter\/#primaryimage","url":"https:\/\/www.peanutoem.com\/wp-content\/uploads\/2023\/06\/Creamy-Peanut-Butter-in-jar.webp","contentUrl":"https:\/\/www.peanutoem.com\/wp-content\/uploads\/2023\/06\/Creamy-Peanut-Butter-in-jar.webp","width":1000,"height":1000,"caption":"Creamy Peanut Butter in jar"},{"@type":"BreadcrumbList","@id":"https:\/\/www.peanutoem.com\/manufacturer\/creamy-peanut-butter\/#breadcrumb","itemListElement":[{"@type":"ListItem","position":1,"name":"Home","item":"https:\/\/www.peanutoem.com\/"},{"@type":"ListItem","position":2,"name":"Products","item":"https:\/\/www.peanutoem.com\/shop\/"},{"@type":"ListItem","position":3,"name":"Creamy Peanut Butter | Smooth Peanut Butter"}]},{"@type":"WebSite","@id":"https:\/\/www.peanutoem.com\/#website","url":"https:\/\/www.peanutoem.com\/","name":"Peanut Butter Factory","description":"Peanut Butter Manufacturer and Roast Peanut OEM Factory | Peanut Private Label China Supplier","publisher":{"@id":"https:\/\/www.peanutoem.com\/#organization"},"alternateName":"Peanut Butter OEM and Wholesale","potentialAction":[{"@type":"SearchAction","target":{"@type":"EntryPoint","urlTemplate":"https:\/\/www.peanutoem.com\/?s={search_term_string}"},"query-input":{"@type":"PropertyValueSpecification","valueRequired":true,"valueName":"search_term_string"}}],"inLanguage":"is"},{"@type":"Organization","@id":"https:\/\/www.peanutoem.com\/#organization","name":"Peanut Butter Factory","alternateName":"JuFeng Group","url":"https:\/\/www.peanutoem.com\/","logo":{"@type":"ImageObject","inLanguage":"is","@id":"https:\/\/www.peanutoem.com\/#\/schema\/logo\/image\/","url":"https:\/\/www.peanutoem.com\/wp-content\/uploads\/2024\/09\/JUFENG-LOGO.png","contentUrl":"https:\/\/www.peanutoem.com\/wp-content\/uploads\/2024\/09\/JUFENG-LOGO.png","width":600,"height":170,"caption":"Peanut Butter Factory"},"image":{"@id":"https:\/\/www.peanutoem.com\/#\/schema\/logo\/image\/"}}]}},"_links":{"self":[{"href":"https:\/\/www.peanutoem.com\/is\/wp-json\/wp\/v2\/product\/1397","targetHints":{"allow":["GET"]}}],"collection":[{"href":"https:\/\/www.peanutoem.com\/is\/wp-json\/wp\/v2\/product"}],"about":[{"href":"https:\/\/www.peanutoem.com\/is\/wp-json\/wp\/v2\/types\/product"}],"replies":[{"embeddable":true,"href":"https:\/\/www.peanutoem.com\/is\/wp-json\/wp\/v2\/comments?post=1397"}],"wp:featuredmedia":[{"embeddable":true,"href":"https:\/\/www.peanutoem.com\/is\/wp-json\/wp\/v2\/media\/1641"}],"wp:attachment":[{"href":"https:\/\/www.peanutoem.com\/is\/wp-json\/wp\/v2\/media?parent=1397"}],"wp:term":[{"taxonomy":"product_cat","embeddable":true,"href":"https:\/\/www.peanutoem.com\/is\/wp-json\/wp\/v2\/product_cat?post=1397"},{"taxonomy":"product_tag","embeddable":true,"href":"https:\/\/www.peanutoem.com\/is\/wp-json\/wp\/v2\/product_tag?post=1397"}],"curies":[{"name":"wp","href":"https:\/\/api.w.org\/{rel}","templated":true}]}}