{"id":1402,"date":"2023-06-08T08:15:42","date_gmt":"2023-06-08T08:15:42","guid":{"rendered":"https:\/\/www.peanutoem.com\/?post_type=product&#038;p=1402"},"modified":"2024-09-28T06:53:33","modified_gmt":"2024-09-28T06:53:33","slug":"crunchy-peanut-butter","status":"publish","type":"product","link":"https:\/\/www.peanutoem.com\/is\/manufacturer\/crunchy-peanut-butter\/","title":{"rendered":"St\u00f6kkt hnetusmj\u00f6r | S\u00e9rsni\u00f0i\u00f0 crunchy hnetusmj\u00f6r"},"content":{"rendered":"<h3>Krakkandi <a href=\"https:\/\/www.peanutoem.com\/is\/Wholesale\/peanut-butter\/\" target=\"_blank\" rel=\"noopener\">Hnetusmj\u00f6r<\/a> - Premium OEM einkamerkjaframlei\u00f0andi<\/h3>\n<p>Vi\u00f0 erum stolt af \u00fev\u00ed a\u00f0 vera lei\u00f0andi OEM einkamerkjaframlei\u00f0andi, \u00fatflytjandi og birgir h\u00e1g\u00e6\u00f0a st\u00f6kku hnetusmj\u00f6rs, sem b\u00fd\u00f0ur upp \u00e1 \u00e1n\u00e6gjulega \u00e1fer\u00f0, fullkomi\u00f0 fyrir b\u00e6\u00f0i sm\u00e1s\u00f6lu og i\u00f0na\u00f0arnotkun. Framlei\u00f0slugeta okkar, \u00e1samt s\u00e9rhanna\u00f0ar valkostum, gerir okkur kleift a\u00f0 m\u00e6ta einst\u00f6kum \u00fe\u00f6rfum v\u00f6rumerkja um allan heim.<\/p>\n<h3>\u00cdtarleg framlei\u00f0sla &amp; <a href=\"https:\/\/www.peanutoem.com\/is\/certificate\/\" target=\"_blank\" rel=\"noopener\">Vottanir<\/a><\/h3>\n<p>N\u00fat\u00edmaleg a\u00f0sta\u00f0a okkar er b\u00fain til a\u00f0 takast \u00e1 vi\u00f0 st\u00f3rframlei\u00f0slu \u00e1 sama t\u00edma og strangt g\u00e6\u00f0aeftirlit er vi\u00f0haldi\u00f0. Me\u00f0 vottunum eins og HACCP, BRCGS, Halal, Kosher og EU Organic tryggjum vi\u00f0 a\u00f0 st\u00f6kka hnetusmj\u00f6ri\u00f0 okkar fylgi str\u00f6ngustu al\u00fej\u00f3\u00f0legum st\u00f6\u00f0lum. \u00deetta gerir okkur a\u00f0 \u00e1kj\u00f3sanlegum samstarfsa\u00f0ila fyrir fyrirt\u00e6ki sem leita a\u00f0 \u00e1rei\u00f0anlegum OEM og einkamerkjalausnum.<\/p>\n<h3>Hva\u00f0 er crunchy hnetusmj\u00f6r?<\/h3>\n<p>St\u00f6kkt hnetusmj\u00f6r inniheldur l\u00edtil hnetukorn, sem gefur \u00e1fer\u00f0armikinn bita og r\u00edkt hnetubrag\u00f0. \u00deessi fj\u00f6lbreytni er fullkomin fyrir neytendur sem nj\u00f3ta umfangsmeiri hnetusmj\u00f6rsupplifunar samanbori\u00f0 vi\u00f0 sl\u00e9tta e\u00f0a rj\u00f3malaga valkosti. Hnetusmj\u00f6ri\u00f0 okkar af korntegund er b\u00fai\u00f0 til me\u00f0 \u00fev\u00ed a\u00f0 nota bestu hneturnar, sem tryggir samkv\u00e6mni \u00ed hverri krukku.<\/p>\n<p>Einnig er h\u00e6gt a\u00f0 v\u00edsa til krassandi hnetusmj\u00f6rs me\u00f0 nokkrum \u00f6\u00f0rum n\u00f6fnum, allt eftir sv\u00e6\u00f0i e\u00f0a marka\u00f0svali. Sum \u00f6nnur n\u00f6fn innihalda:<\/p>\n<ol>\n<li><strong>Gr\u00f3ft hnetusmj\u00f6r<\/strong> \u2013 \u00deetta er algengt hugtak, s\u00e9rstaklega \u00ed Bandar\u00edkjunum, sem v\u00edsar til s\u00f6mu \u00e1fer\u00f0artegundar.<\/li>\n<li><strong>Hnetusmj\u00f6r af korntegund<\/strong> \u2013 L\u00fdsir korn\u00f3ttri \u00e1fer\u00f0 \u00feess, oft notu\u00f0 \u00ed t\u00e6knilegra e\u00f0a i\u00f0na\u00f0arsamhengi.<\/li>\n<li><strong>\u00c1fer\u00f0arfallegt hnetusmj\u00f6r<\/strong> \u2013 Legg\u00f0u \u00e1herslu \u00e1 \u00e1fer\u00f0 hnetubitanna.<\/li>\n<li><strong>Hnetusmj\u00f6r<\/strong> \u2013 Stundum nota\u00f0 til a\u00f0 leggja \u00e1herslu \u00e1 hnetubitana \u00ed \u00e1legginu.<\/li>\n<\/ol>\n<p>\u00deessi n\u00f6fn eru oft skiptanleg og gefa til kynna a\u00f0 hnetusmj\u00f6ri\u00f0 innihaldi litla hnetuklumpa e\u00f0a korn.<\/p>\n<h3>S\u00e9rsni\u00f0nar einkamerkjalausnir fyrir st\u00f6kkt hnetusmj\u00f6r<\/h3>\n<p>Sem \u00e1berandi OEM framlei\u00f0andi bj\u00f3\u00f0um vi\u00f0 s\u00e9rsni\u00f0na einkamerkja\u00fej\u00f3nustu fyrir st\u00f6kkt hnetusmj\u00f6r. Hvort sem \u00fe\u00fa \u00fearft einstakar umb\u00fa\u00f0ir e\u00f0a s\u00e9rstakar st\u00e6r\u00f0ir, bj\u00f3\u00f0um vi\u00f0 upp \u00e1 sveigjanlega valkosti sem henta \u00fe\u00ednum \u00fe\u00f6rfum v\u00f6rumerkisins. Teymi\u00f0 okkar vinnur n\u00e1i\u00f0 me\u00f0 \u00fe\u00e9r a\u00f0 \u00fev\u00ed a\u00f0 \u00fer\u00f3a v\u00f6ru sem er \u00ed takt vi\u00f0 v\u00f6rumerki \u00feitt og marka\u00f0skr\u00f6fur.<\/p>\n<h3>Al\u00fej\u00f3\u00f0legur \u00fatflytjandi og birgir hnetusmj\u00f6rs af korntegund<\/h3>\n<p>Me\u00f0 breitt \u00fatflutningsnet \u00fej\u00f3num vi\u00f0 vi\u00f0skiptavinum um allan heim, sem gerir okkur a\u00f0 traustum \u00fatflytjanda og birgi hnetusmj\u00f6rs af kornger\u00f0. Skilvirk v\u00f6rustj\u00f3rnun okkar tryggir t\u00edmanlega afhendingu, hvort sem \u00fe\u00fa \u00fearft litlar lotur e\u00f0a magnpantanir. Vi\u00f0 skiljum mikilv\u00e6gi samkv\u00e6mni og \u00e1rei\u00f0anleika \u00e1 al\u00fej\u00f3\u00f0legum m\u00f6rku\u00f0um.<\/p>\n<h3>Af hverju a\u00f0 velja okkur?<\/h3>\n<ul>\n<li><strong>Mikil framlei\u00f0slugeta<\/strong>: St\u00f3rframlei\u00f0sla sni\u00f0in a\u00f0 v\u00f6rumerkinu \u00fe\u00ednu<\/li>\n<li><strong>Al\u00fej\u00f3\u00f0legt <a href=\"https:\/\/www.peanutoem.com\/is\/certificate\/\" target=\"_blank\" rel=\"noopener\">Vottanir<\/a><\/strong>: \u00dear \u00e1 me\u00f0al HACCP, BRCGS, Halal, Kosher og fleira<\/li>\n<li><strong>Sveigjanlegir OEM &amp; Private Label valkostir<\/strong>: S\u00e9rhanna\u00f0ar a\u00f0 \u00fe\u00ednum forskriftum<\/li>\n<li><strong>Traustur \u00fatflytjandi og birgir<\/strong>: \u00dej\u00f3na m\u00f6rku\u00f0um um allan heim me\u00f0 st\u00f6\u00f0ugum g\u00e6\u00f0um<\/li>\n<\/ul>\n<p>Vi\u00f0 erum tilb\u00fain til a\u00f0 veita \u00fea\u00f0 besta \u00ed st\u00f6kku hnetusmj\u00f6ri me\u00f0 sveigjanlegum OEM og einkamerkjalausnum okkar. Leyf\u00f0u okkur a\u00f0 hj\u00e1lpa \u00fe\u00e9r a\u00f0 koma h\u00e1g\u00e6\u00f0a hnetusmj\u00f6ri af korntegund til vi\u00f0skiptavina \u00feinna, me\u00f0 \u00e1herslu \u00e1 g\u00e6\u00f0i og a\u00f0l\u00f6gun.<\/p>\n<a href=\"mailto:globepeanut@gmail.com\" class=\"button primary is-primary is-medium\"  >\n    <span>Sendu okkur t\u00f6lvup\u00f3st<\/span>\n  <\/a>","protected":false},"excerpt":{"rendered":"<table width=\"564\">\n<tbody>\n<tr>\n<td width=\"113\"><strong>V\u00f6ruheiti<\/strong><\/td>\n<td width=\"402\">St\u00f6kkt hnetusmj\u00f6r<\/td>\n<\/tr>\n<tr>\n<td width=\"113\"><strong>Hr\u00e1efni<\/strong><\/td>\n<td width=\"402\">Valdir hnetukjarnar, hv\u00edtur sykur, vetnu\u00f0 jurtaol\u00eda, salt<\/td>\n<\/tr>\n<tr>\n<td width=\"113\"><strong>T\u00e6knil\u00fdsing<\/strong><\/td>\n<td width=\"402\">200gx36, 227gx24, 340gx12, 375gx12, 500gx12, 510gx12, 1kgx12, 10kgx1, 20kgx1, 220kgx1<\/td>\n<\/tr>\n<tr>\n<td width=\"113\"><strong>P\u00f6kkunarey\u00f0ubla\u00f0<\/strong><\/td>\n<td width=\"402\">Krukka, f\u00f6tu, Doy pakki, poki, \u00f6skju, tini, tunna, d\u00f3s, flaska osfrv<\/td>\n<\/tr>\n<tr>\n<td width=\"113\"><strong>Afhendingart\u00edmi<\/strong><\/td>\n<td width=\"402\">7 ~ 20 d\u00f6gum eftir p\u00f6ntun<\/td>\n<\/tr>\n<tr>\n<td width=\"113\"><strong>MOQ<\/strong><\/td>\n<td width=\"402\">Eitt tonn<\/td>\n<\/tr>\n<tr>\n<td width=\"113\"><strong>S\u00fdnishorn<\/strong><\/td>\n<td width=\"402\">\u00d3keypis s\u00fdnishorn \u00ed bo\u00f0i<\/td>\n<\/tr>\n<tr>\n<td width=\"113\"><strong>OEM<\/strong><\/td>\n<td width=\"402\">Merki kaupanda sam\u00feykkt<\/td>\n<\/tr>\n<\/tbody>\n<\/table>","protected":false},"featured_media":1652,"comment_status":"open","ping_status":"closed","template":"","meta":[],"product_cat":[15],"product_tag":[],"class_list":{"0":"post-1402","1":"product","2":"type-product","3":"status-publish","4":"has-post-thumbnail","6":"product_cat-peanut-butter","8":"first","9":"instock","10":"featured","11":"shipping-taxable","12":"product-type-simple"},"yoast_head":"<!-- This site is optimized with the Yoast SEO plugin v24.9 - https:\/\/yoast.com\/wordpress\/plugins\/seo\/ -->\n<title>Crunchy Peanut Butter | Custom Crunchy Peanut Butter OEM - Peanut Butter Factory<\/title>\n<meta name=\"description\" content=\"As a leading private label manufacturer, Our crunchy peanut butter is made with delightful granule texture and customizable packaging.\" \/>\n<meta name=\"robots\" content=\"index, follow, max-snippet:-1, max-image-preview:large, max-video-preview:-1\" \/>\n<link rel=\"canonical\" href=\"https:\/\/www.peanutoem.com\/is\/manufacturer\/crunchy-peanut-butter\/\" \/>\n<meta property=\"og:locale\" content=\"is_IS\" \/>\n<meta property=\"og:type\" content=\"article\" \/>\n<meta property=\"og:title\" content=\"Crunchy Peanut Butter | Custom Crunchy Peanut Butter OEM - Peanut Butter Factory\" \/>\n<meta property=\"og:description\" content=\"As a leading private label manufacturer, Our crunchy peanut butter is made with delightful granule texture and customizable packaging.\" \/>\n<meta property=\"og:url\" content=\"https:\/\/www.peanutoem.com\/is\/manufacturer\/crunchy-peanut-butter\/\" \/>\n<meta property=\"og:site_name\" content=\"Peanut Butter Factory\" \/>\n<meta property=\"article:modified_time\" content=\"2024-09-28T06:53:33+00:00\" \/>\n<meta property=\"og:image\" content=\"https:\/\/www.peanutoem.com\/wp-content\/uploads\/2023\/06\/Crunchy-Type-Peanut-Butter-340g.webp\" \/>\n\t<meta property=\"og:image:width\" content=\"1000\" \/>\n\t<meta property=\"og:image:height\" content=\"1000\" \/>\n\t<meta property=\"og:image:type\" content=\"image\/webp\" \/>\n<meta name=\"twitter:card\" content=\"summary_large_image\" \/>\n<meta name=\"twitter:label1\" content=\"Est. reading time\" \/>\n\t<meta name=\"twitter:data1\" content=\"3 minutes\" \/>\n<script type=\"application\/ld+json\" class=\"yoast-schema-graph\">{\"@context\":\"https:\/\/schema.org\",\"@graph\":[{\"@type\":\"WebPage\",\"@id\":\"https:\/\/www.peanutoem.com\/manufacturer\/crunchy-peanut-butter\/\",\"url\":\"https:\/\/www.peanutoem.com\/manufacturer\/crunchy-peanut-butter\/\",\"name\":\"Crunchy Peanut Butter | Custom Crunchy Peanut Butter OEM - Peanut Butter Factory\",\"isPartOf\":{\"@id\":\"https:\/\/www.peanutoem.com\/#website\"},\"primaryImageOfPage\":{\"@id\":\"https:\/\/www.peanutoem.com\/manufacturer\/crunchy-peanut-butter\/#primaryimage\"},\"image\":{\"@id\":\"https:\/\/www.peanutoem.com\/manufacturer\/crunchy-peanut-butter\/#primaryimage\"},\"thumbnailUrl\":\"https:\/\/www.peanutoem.com\/wp-content\/uploads\/2023\/06\/Crunchy-Type-Peanut-Butter-340g.webp\",\"datePublished\":\"2023-06-08T08:15:42+00:00\",\"dateModified\":\"2024-09-28T06:53:33+00:00\",\"description\":\"As a leading private label manufacturer, Our crunchy peanut butter is made with delightful granule texture and customizable packaging.\",\"breadcrumb\":{\"@id\":\"https:\/\/www.peanutoem.com\/manufacturer\/crunchy-peanut-butter\/#breadcrumb\"},\"inLanguage\":\"is\",\"potentialAction\":[{\"@type\":\"ReadAction\",\"target\":[\"https:\/\/www.peanutoem.com\/manufacturer\/crunchy-peanut-butter\/\"]}]},{\"@type\":\"ImageObject\",\"inLanguage\":\"is\",\"@id\":\"https:\/\/www.peanutoem.com\/manufacturer\/crunchy-peanut-butter\/#primaryimage\",\"url\":\"https:\/\/www.peanutoem.com\/wp-content\/uploads\/2023\/06\/Crunchy-Type-Peanut-Butter-340g.webp\",\"contentUrl\":\"https:\/\/www.peanutoem.com\/wp-content\/uploads\/2023\/06\/Crunchy-Type-Peanut-Butter-340g.webp\",\"width\":1000,\"height\":1000,\"caption\":\"Crunchy Type Peanut Butter 340g\"},{\"@type\":\"BreadcrumbList\",\"@id\":\"https:\/\/www.peanutoem.com\/manufacturer\/crunchy-peanut-butter\/#breadcrumb\",\"itemListElement\":[{\"@type\":\"ListItem\",\"position\":1,\"name\":\"Home\",\"item\":\"https:\/\/www.peanutoem.com\/\"},{\"@type\":\"ListItem\",\"position\":2,\"name\":\"Products\",\"item\":\"https:\/\/www.peanutoem.com\/shop\/\"},{\"@type\":\"ListItem\",\"position\":3,\"name\":\"Crunchy Peanut Butter | Custom Crunchy Peanut Butter\"}]},{\"@type\":\"WebSite\",\"@id\":\"https:\/\/www.peanutoem.com\/#website\",\"url\":\"https:\/\/www.peanutoem.com\/\",\"name\":\"Peanut Butter Factory\",\"description\":\"Peanut Butter Manufacturer and Roast Peanut OEM Factory | Peanut Private Label China Supplier\",\"publisher\":{\"@id\":\"https:\/\/www.peanutoem.com\/#organization\"},\"alternateName\":\"Peanut Butter OEM and Wholesale\",\"potentialAction\":[{\"@type\":\"SearchAction\",\"target\":{\"@type\":\"EntryPoint\",\"urlTemplate\":\"https:\/\/www.peanutoem.com\/?s={search_term_string}\"},\"query-input\":{\"@type\":\"PropertyValueSpecification\",\"valueRequired\":true,\"valueName\":\"search_term_string\"}}],\"inLanguage\":\"is\"},{\"@type\":\"Organization\",\"@id\":\"https:\/\/www.peanutoem.com\/#organization\",\"name\":\"Peanut Butter Factory\",\"alternateName\":\"JuFeng Group\",\"url\":\"https:\/\/www.peanutoem.com\/\",\"logo\":{\"@type\":\"ImageObject\",\"inLanguage\":\"is\",\"@id\":\"https:\/\/www.peanutoem.com\/#\/schema\/logo\/image\/\",\"url\":\"https:\/\/www.peanutoem.com\/wp-content\/uploads\/2024\/09\/JUFENG-LOGO.png\",\"contentUrl\":\"https:\/\/www.peanutoem.com\/wp-content\/uploads\/2024\/09\/JUFENG-LOGO.png\",\"width\":600,\"height\":170,\"caption\":\"Peanut Butter Factory\"},\"image\":{\"@id\":\"https:\/\/www.peanutoem.com\/#\/schema\/logo\/image\/\"}}]}<\/script>\n<!-- \/ Yoast SEO plugin. -->","yoast_head_json":{"title":"Crunchy Peanut Butter | Custom Crunchy Peanut Butter OEM - Peanut Butter Factory","description":"As a leading private label manufacturer, Our crunchy peanut butter is made with delightful granule texture and customizable packaging.","robots":{"index":"index","follow":"follow","max-snippet":"max-snippet:-1","max-image-preview":"max-image-preview:large","max-video-preview":"max-video-preview:-1"},"canonical":"https:\/\/www.peanutoem.com\/is\/manufacturer\/crunchy-peanut-butter\/","og_locale":"is_IS","og_type":"article","og_title":"Crunchy Peanut Butter | Custom Crunchy Peanut Butter OEM - Peanut Butter Factory","og_description":"As a leading private label manufacturer, Our crunchy peanut butter is made with delightful granule texture and customizable packaging.","og_url":"https:\/\/www.peanutoem.com\/is\/manufacturer\/crunchy-peanut-butter\/","og_site_name":"Peanut Butter Factory","article_modified_time":"2024-09-28T06:53:33+00:00","og_image":[{"width":1000,"height":1000,"url":"https:\/\/www.peanutoem.com\/wp-content\/uploads\/2023\/06\/Crunchy-Type-Peanut-Butter-340g.webp","type":"image\/webp"}],"twitter_card":"summary_large_image","twitter_misc":{"Est. reading time":"3 minutes"},"schema":{"@context":"https:\/\/schema.org","@graph":[{"@type":"WebPage","@id":"https:\/\/www.peanutoem.com\/manufacturer\/crunchy-peanut-butter\/","url":"https:\/\/www.peanutoem.com\/manufacturer\/crunchy-peanut-butter\/","name":"Crunchy Peanut Butter | Custom Crunchy Peanut Butter OEM - Peanut Butter Factory","isPartOf":{"@id":"https:\/\/www.peanutoem.com\/#website"},"primaryImageOfPage":{"@id":"https:\/\/www.peanutoem.com\/manufacturer\/crunchy-peanut-butter\/#primaryimage"},"image":{"@id":"https:\/\/www.peanutoem.com\/manufacturer\/crunchy-peanut-butter\/#primaryimage"},"thumbnailUrl":"https:\/\/www.peanutoem.com\/wp-content\/uploads\/2023\/06\/Crunchy-Type-Peanut-Butter-340g.webp","datePublished":"2023-06-08T08:15:42+00:00","dateModified":"2024-09-28T06:53:33+00:00","description":"As a leading private label manufacturer, Our crunchy peanut butter is made with delightful granule texture and customizable packaging.","breadcrumb":{"@id":"https:\/\/www.peanutoem.com\/manufacturer\/crunchy-peanut-butter\/#breadcrumb"},"inLanguage":"is","potentialAction":[{"@type":"ReadAction","target":["https:\/\/www.peanutoem.com\/manufacturer\/crunchy-peanut-butter\/"]}]},{"@type":"ImageObject","inLanguage":"is","@id":"https:\/\/www.peanutoem.com\/manufacturer\/crunchy-peanut-butter\/#primaryimage","url":"https:\/\/www.peanutoem.com\/wp-content\/uploads\/2023\/06\/Crunchy-Type-Peanut-Butter-340g.webp","contentUrl":"https:\/\/www.peanutoem.com\/wp-content\/uploads\/2023\/06\/Crunchy-Type-Peanut-Butter-340g.webp","width":1000,"height":1000,"caption":"Crunchy Type Peanut Butter 340g"},{"@type":"BreadcrumbList","@id":"https:\/\/www.peanutoem.com\/manufacturer\/crunchy-peanut-butter\/#breadcrumb","itemListElement":[{"@type":"ListItem","position":1,"name":"Home","item":"https:\/\/www.peanutoem.com\/"},{"@type":"ListItem","position":2,"name":"Products","item":"https:\/\/www.peanutoem.com\/shop\/"},{"@type":"ListItem","position":3,"name":"Crunchy Peanut Butter | Custom Crunchy Peanut Butter"}]},{"@type":"WebSite","@id":"https:\/\/www.peanutoem.com\/#website","url":"https:\/\/www.peanutoem.com\/","name":"Peanut Butter Factory","description":"Peanut Butter Manufacturer and Roast Peanut OEM Factory | Peanut Private Label China Supplier","publisher":{"@id":"https:\/\/www.peanutoem.com\/#organization"},"alternateName":"Peanut Butter OEM and Wholesale","potentialAction":[{"@type":"SearchAction","target":{"@type":"EntryPoint","urlTemplate":"https:\/\/www.peanutoem.com\/?s={search_term_string}"},"query-input":{"@type":"PropertyValueSpecification","valueRequired":true,"valueName":"search_term_string"}}],"inLanguage":"is"},{"@type":"Organization","@id":"https:\/\/www.peanutoem.com\/#organization","name":"Peanut Butter Factory","alternateName":"JuFeng Group","url":"https:\/\/www.peanutoem.com\/","logo":{"@type":"ImageObject","inLanguage":"is","@id":"https:\/\/www.peanutoem.com\/#\/schema\/logo\/image\/","url":"https:\/\/www.peanutoem.com\/wp-content\/uploads\/2024\/09\/JUFENG-LOGO.png","contentUrl":"https:\/\/www.peanutoem.com\/wp-content\/uploads\/2024\/09\/JUFENG-LOGO.png","width":600,"height":170,"caption":"Peanut Butter Factory"},"image":{"@id":"https:\/\/www.peanutoem.com\/#\/schema\/logo\/image\/"}}]}},"_links":{"self":[{"href":"https:\/\/www.peanutoem.com\/is\/wp-json\/wp\/v2\/product\/1402","targetHints":{"allow":["GET"]}}],"collection":[{"href":"https:\/\/www.peanutoem.com\/is\/wp-json\/wp\/v2\/product"}],"about":[{"href":"https:\/\/www.peanutoem.com\/is\/wp-json\/wp\/v2\/types\/product"}],"replies":[{"embeddable":true,"href":"https:\/\/www.peanutoem.com\/is\/wp-json\/wp\/v2\/comments?post=1402"}],"wp:featuredmedia":[{"embeddable":true,"href":"https:\/\/www.peanutoem.com\/is\/wp-json\/wp\/v2\/media\/1652"}],"wp:attachment":[{"href":"https:\/\/www.peanutoem.com\/is\/wp-json\/wp\/v2\/media?parent=1402"}],"wp:term":[{"taxonomy":"product_cat","embeddable":true,"href":"https:\/\/www.peanutoem.com\/is\/wp-json\/wp\/v2\/product_cat?post=1402"},{"taxonomy":"product_tag","embeddable":true,"href":"https:\/\/www.peanutoem.com\/is\/wp-json\/wp\/v2\/product_tag?post=1402"}],"curies":[{"name":"wp","href":"https:\/\/api.w.org\/{rel}","templated":true}]}}