{"id":1543,"date":"2024-09-02T13:37:15","date_gmt":"2024-09-02T13:37:15","guid":{"rendered":"https:\/\/www.peanutoem.com\/?post_type=product&#038;p=1543"},"modified":"2024-09-28T06:03:37","modified_gmt":"2024-09-28T06:03:37","slug":"pure-peanut-butter","status":"publish","type":"product","link":"https:\/\/www.peanutoem.com\/is\/manufacturer\/pure-peanut-butter\/","title":{"rendered":"Hreint hnetusmj\u00f6r"},"content":{"rendered":"<h3>Hreint hnetusmj\u00f6r \u2013 lei\u00f0andi OEM veitandi og einkamerkjaframlei\u00f0andi<\/h3>\n<p>Vi\u00f0 s\u00e9rh\u00e6fum okkur \u00ed a\u00f0 framlei\u00f0a og \u00fatvega hreint hnetusmj\u00f6r sem traustur OEM veitandi, einkamerkjaframlei\u00f0andi og \u00fatflytjandi. V\u00f6rur okkar eru ger\u00f0ar me\u00f0 100% jar\u00f0hnetum, sem skilar \u00f3vi\u00f0jafnanlegum g\u00e6\u00f0um og \u00e1rei\u00f0anleika fyrir v\u00f6rumerki\u00f0 \u00feitt. Me\u00f0 h\u00e1\u00fer\u00f3a\u00f0ri framlei\u00f0slugetu og al\u00fej\u00f3\u00f0legum vottunum, sn\u00ed\u00f0um vi\u00f0 hnetusmj\u00f6rslausnir okkar a\u00f0 \u00fe\u00ednum s\u00e9rst\u00f6kum \u00fe\u00f6rfum.<\/p>\n<h3>Hva\u00f0 er hreint hnetusmj\u00f6r?<\/h3>\n<p><strong>Hreint <a href=\"https:\/\/www.peanutoem.com\/is\/Wholesale\/peanut-butter\/\" target=\"_blank\" rel=\"noopener\">hnetusmj\u00f6r<\/a><\/strong> er gert \u00far 100% <a href=\"https:\/\/en.wikipedia.org\/wiki\/Peanut\" target=\"_blank\" rel=\"noopener\">jar\u00f0hnetur<\/a>, \u00e1n vi\u00f0b\u00e6tts sykurs, ol\u00edu e\u00f0a rotvarnarefna. \u00dea\u00f0 b\u00fd\u00f0ur upp \u00e1 n\u00e1tt\u00farulegt, \u00f3unni\u00f0 brag\u00f0 sem h\u00f6f\u00f0ar til heilsume\u00f0vita\u00f0ra neytenda. \u00deessi tegund af hnetusmj\u00f6ri heldur r\u00edkulegu brag\u00f0i og n\u00e1tt\u00farulegum ol\u00edum \u00far hnetunum, sem gerir \u00fea\u00f0 a\u00f0 vins\u00e6lu vali fyrir \u00fe\u00e1 sem leita a\u00f0 hreinum v\u00f6rum.<\/p>\n<h3>Hver eru \u00f6nnur n\u00f6fn fyrir hreint hnetusmj\u00f6r?<\/h3>\n<p>\u00dea\u00f0 er einnig \u00feekkt undir mismunandi n\u00f6fnum \u00e1 milli sv\u00e6\u00f0a og atvinnugreina. Sum algengustu valn\u00f6fnin eru:<\/p>\n<ul>\n<li><strong>N\u00e1tt\u00farulegt hnetusmj\u00f6r<\/strong><\/li>\n<li><strong>\u00d3sykra\u00f0 hnetusmj\u00f6r<\/strong><\/li>\n<li><strong>Hnetusmj\u00f6r \u00e1n aukaefna<\/strong><\/li>\n<li><strong>100% hnetusmj\u00f6r<\/strong><\/li>\n<\/ul>\n<p>\u00deessi n\u00f6fn leggja \u00e1herslu \u00e1 skort \u00e1 vi\u00f0b\u00f3tar innihaldsefnum og undirstrika hreinleika v\u00f6runnar.<\/p>\n<h3>Af hverju a\u00f0 velja okkur sem birgja?<\/h3>\n<p>Sem lei\u00f0andi OEM veitandi og einkamerkjaframlei\u00f0andi bj\u00f3\u00f0um vi\u00f0 upp \u00e1:<\/p>\n<ul>\n<li><strong>H\u00e1g\u00e6\u00f0a v\u00f6rur:<\/strong> Hreina hnetusmj\u00f6ri\u00f0 okkar inniheldur 100% valdar jar\u00f0hnetur, lausar vi\u00f0 vi\u00f0b\u00e6ttan sykur, ol\u00edu e\u00f0a rotvarnarefni.<\/li>\n<li><strong>S\u00e9rhanna\u00f0ar lausnir:<\/strong> Vi\u00f0 bj\u00f3\u00f0um upp \u00e1 sveigjanlega umb\u00fa\u00f0ir, \u00fear \u00e1 me\u00f0al krukkur, d\u00f3sir og f\u00f6tur, \u00ed \u00fdmsum st\u00e6r\u00f0um til a\u00f0 m\u00e6ta kr\u00f6fum marka\u00f0arins.<\/li>\n<li><strong>Al\u00fej\u00f3\u00f0legt <a href=\"https:\/\/www.peanutoem.com\/is\/certificate\/\" target=\"_blank\" rel=\"noopener\">Vottanir<\/a>:<\/strong> Vottun okkar, \u00fear \u00e1 me\u00f0al HACCP, BRCGS, Halal og Kosher, tryggja v\u00f6ru\u00f6ryggi og h\u00e1g\u00e6\u00f0a g\u00e6\u00f0i.<\/li>\n<li><strong>St\u00f3r framlei\u00f0slugeta:<\/strong> Vi\u00f0 getum me\u00f0h\u00f6ndla\u00f0 b\u00e6\u00f0i litlar pantanir og magnpantanir \u00e1 skilvirkan h\u00e1tt og komi\u00f0 til m\u00f3ts vi\u00f0 fj\u00f6lbreyttar \u00fearfir vi\u00f0skiptavina.<\/li>\n<li><strong>S\u00e9rfr\u00e6\u00f0i\u00feekking \u00ed al\u00fej\u00f3\u00f0legum \u00fatflutningi:<\/strong> Vi\u00f0 h\u00f6fum mikla reynslu \u00ed a\u00f0 afhenda h\u00e1g\u00e6\u00f0a hnetusmj\u00f6r til vi\u00f0skiptavina um allan heim.<\/li>\n<\/ul>\n<h3>Algengar spurningar um vi\u00f0skiptahlutverk okkar sem framlei\u00f0andi og heilds\u00f6lu<\/h3>\n<ol>\n<li><strong>Af hverju ertu lei\u00f0andi OEM veitandi \u00ed hnetusmj\u00f6rsi\u00f0na\u00f0inum?<\/strong><br \/>\nVi\u00f0 framlei\u00f0um hnetusmj\u00f6r fyrir v\u00f6rumerki undir eigin merki og tryggjum s\u00e9rsni\u00f0nar v\u00f6rulausnir.<\/li>\n<li><strong>B\u00fd\u00f0ur \u00fe\u00fa upp \u00e1 einkamerkja\u00fej\u00f3nustu?<\/strong><br \/>\nJ\u00e1, vi\u00f0 s\u00e9rh\u00e6fum okkur \u00ed sveigjanlegum einkamerkjalausnum til a\u00f0 hj\u00e1lpa \u00fe\u00e9r a\u00f0 b\u00faa til v\u00f6rumerkjahnetusmj\u00f6ri\u00f0 \u00feitt.<\/li>\n<li><strong>Hva\u00f0a hr\u00e1efni notar \u00fe\u00fa?<\/strong><br \/>\nHreina hnetusmj\u00f6ri\u00f0 okkar samanstendur af 100% v\u00f6ldum hnetum, \u00e1n vi\u00f0b\u00e6tts sykurs, ol\u00edu e\u00f0a rotvarnarefna.<\/li>\n<li><strong>Hvernig get \u00e9g s\u00e9rsni\u00f0i\u00f0 umb\u00fa\u00f0irnar m\u00ednar?<\/strong><br \/>\n\u00de\u00fa getur vali\u00f0 \u00far \u00fdmsum umb\u00fa\u00f0um og st\u00e6r\u00f0um, s\u00e9rsni\u00f0nar a\u00f0 \u00fe\u00ednum \u00fe\u00f6rfum fr\u00e1 sm\u00e1s\u00f6lu til lausas\u00f6lu.<\/li>\n<li><strong>Hva\u00f0 er l\u00e1gmarks p\u00f6ntunarmagn (MOQ)?<\/strong><br \/>\nMOQ er eitt tonn, sem veitir sveigjanleika fyrir b\u00e6\u00f0i l\u00edtil og st\u00f3r fyrirt\u00e6ki.<\/li>\n<li><strong>Hva\u00f0 gerir hreina hnetusmj\u00f6ri\u00f0 \u00feitt \u00e1berandi?<\/strong><br \/>\nSkuldbinding okkar vi\u00f0 g\u00e6\u00f0i, al\u00fej\u00f3\u00f0legar vottanir og s\u00e9rsni\u00f0nar einkamerkjalausnir a\u00f0greina okkur fr\u00e1 samkeppnisa\u00f0ilum.<\/li>\n<li><strong>Hva\u00f0 tekur langan t\u00edma a\u00f0 afgrei\u00f0a p\u00f6ntun?<\/strong><br \/>\nAfhendingart\u00edmi er \u00e1 bilinu 7 til 20 dagar, allt eftir p\u00f6ntunarst\u00e6r\u00f0 og umb\u00fa\u00f0akr\u00f6fum.<\/li>\n<li><strong>Get \u00e9g be\u00f0i\u00f0 um s\u00fdnishorn \u00e1\u00f0ur en \u00e9g panta?<\/strong><br \/>\nJ\u00e1, vi\u00f0 bj\u00f3\u00f0um upp \u00e1 \u00f3keypis s\u00fdnishorn af hreinu hnetusmj\u00f6ri okkar til g\u00e6\u00f0amats \u00e1\u00f0ur en \u00fe\u00fa leggur inn magnp\u00f6ntun.<\/li>\n<li><strong>Flytur \u00fe\u00fa \u00fat \u00e1 heimsv\u00edsu?<\/strong><br \/>\nAlgj\u00f6rlega! Vi\u00f0 h\u00f6fum reynslu \u00ed a\u00f0 flytja \u00fat h\u00e1g\u00e6\u00f0a hreint hnetusmj\u00f6r til vi\u00f0skiptavina um allan heim.<\/li>\n<\/ol>\n<h3>Af hverju hreint hnetusmj\u00f6r?<\/h3>\n<p>Hreint hnetusmj\u00f6r er valkostur fyrir heilsume\u00f0vita\u00f0a neytendur sem leita a\u00f0 n\u00e1tt\u00farulegri v\u00f6ru \u00e1n aukaefna. \u00dea\u00f0 er r\u00edkt af pr\u00f3teini, hollri fitu og nau\u00f0synlegum n\u00e6ringarefnum, sem gerir \u00fea\u00f0 a\u00f0 fj\u00f6lh\u00e6fu innihaldsefni \u00ed eldh\u00fasum um allan heim. Eftir \u00fev\u00ed sem neytendur einbeita s\u00e9r a\u00f0 hreinum merkimi\u00f0um heldur eftirspurnin eftir 100% v\u00f6rum sem byggjast \u00e1 hnetum \u00e1fram a\u00f0 aukast.<\/p>\n<p>Vi\u00f0 tryggjum a\u00f0 hreina hnetusmj\u00f6ri\u00f0 okkar uppfylli \u00feessar kr\u00f6fur, \u00fatvegum v\u00f6ru sem er eins n\u00e1l\u00e6gt n\u00e1tt\u00farunni og m\u00f6gulegt er \u00e1 sama t\u00edma og h\u00fan er fullkomlega s\u00e9rsni\u00f0in a\u00f0 \u00fe\u00f6rfum v\u00f6rumerkisins \u00fe\u00edns. Hvort sem \u00fe\u00fa ert a\u00f0 leita a\u00f0 \u00fev\u00ed a\u00f0 auka v\u00f6rumerki\u00f0 \u00feitt e\u00f0a fara inn \u00e1 n\u00fdja marka\u00f0i h\u00f6fum vi\u00f0 getu, s\u00e9rfr\u00e6\u00f0i\u00feekkingu og vottor\u00f0 til a\u00f0 l\u00e1ta \u00fea\u00f0 gerast.<\/p>\n<a href=\"mailto:globepeanut@gmail.com\" class=\"button primary is-primary is-medium\"  >\n    <span>Sendu okkur t\u00f6lvup\u00f3st<\/span>\n  <\/a>","protected":false},"excerpt":{"rendered":"<table width=\"564\">\n<tbody>\n<tr>\n<td width=\"113\"><strong>V\u00f6ruheiti<\/strong><\/td>\n<td width=\"402\">Hreint hnetusmj\u00f6r<\/td>\n<\/tr>\n<tr>\n<td width=\"113\"><strong>Hr\u00e1efni<\/strong><\/td>\n<td width=\"402\">Vali\u00f0 hnetusmj\u00f6r<\/td>\n<\/tr>\n<tr>\n<td width=\"113\"><strong>T\u00e6knil\u00fdsing<\/strong><\/td>\n<td width=\"402\">10kgx1, 20kgx1, 22kgx1,220kgx1<\/td>\n<\/tr>\n<tr>\n<td width=\"113\"><strong>P\u00f6kkunarey\u00f0ubla\u00f0<\/strong><\/td>\n<td width=\"402\">Krukka, f\u00f6tu, poki, \u00f6skju, tunna, flaska osfrv<\/td>\n<\/tr>\n<tr>\n<td width=\"113\"><strong>Afhendingart\u00edmi<\/strong><\/td>\n<td width=\"402\">7 ~ 20 d\u00f6gum eftir p\u00f6ntun<\/td>\n<\/tr>\n<tr>\n<td width=\"113\"><strong>MOQ<\/strong><\/td>\n<td width=\"402\">Eitt tonn<\/td>\n<\/tr>\n<tr>\n<td width=\"113\"><strong>S\u00fdnishorn<\/strong><\/td>\n<td width=\"402\">\u00d3keypis s\u00fdnishorn \u00ed bo\u00f0i<\/td>\n<\/tr>\n<tr>\n<td width=\"113\"><strong>OEM<\/strong><\/td>\n<td width=\"402\">Merki kaupanda sam\u00feykkt<\/td>\n<\/tr>\n<\/tbody>\n<\/table>","protected":false},"featured_media":1659,"comment_status":"open","ping_status":"closed","template":"","meta":[],"product_cat":[15],"product_tag":[],"class_list":{"0":"post-1543","1":"product","2":"type-product","3":"status-publish","4":"has-post-thumbnail","6":"product_cat-peanut-butter","8":"first","9":"instock","10":"shipping-taxable","11":"product-type-simple"},"yoast_head":"<!-- This site is optimized with the Yoast SEO plugin v24.9 - https:\/\/yoast.com\/wordpress\/plugins\/seo\/ -->\n<title>Pure Peanut Butter OEM Producer - Peanut Butter Factory<\/title>\n<meta name=\"description\" content=\"As a top OEM manufacturer and exporter, we supply pure peanut butter made from 100% peanuts. Customizable private label solutions for your business needs.\" \/>\n<meta name=\"robots\" content=\"index, follow, max-snippet:-1, max-image-preview:large, max-video-preview:-1\" \/>\n<link rel=\"canonical\" href=\"https:\/\/www.peanutoem.com\/is\/manufacturer\/pure-peanut-butter\/\" \/>\n<meta property=\"og:locale\" content=\"is_IS\" \/>\n<meta property=\"og:type\" content=\"article\" \/>\n<meta property=\"og:title\" content=\"Pure Peanut Butter OEM Producer - Peanut Butter Factory\" \/>\n<meta property=\"og:description\" content=\"As a top OEM manufacturer and exporter, we supply pure peanut butter made from 100% peanuts. Customizable private label solutions for your business needs.\" \/>\n<meta property=\"og:url\" content=\"https:\/\/www.peanutoem.com\/is\/manufacturer\/pure-peanut-butter\/\" \/>\n<meta property=\"og:site_name\" content=\"Peanut Butter Factory\" \/>\n<meta property=\"article:modified_time\" content=\"2024-09-28T06:03:37+00:00\" \/>\n<meta property=\"og:image\" content=\"https:\/\/www.peanutoem.com\/wp-content\/uploads\/2024\/09\/Pure-Peanut-Butter-OEM-Supplier.webp\" \/>\n\t<meta property=\"og:image:width\" content=\"1000\" \/>\n\t<meta property=\"og:image:height\" content=\"1000\" \/>\n\t<meta property=\"og:image:type\" content=\"image\/webp\" \/>\n<meta name=\"twitter:card\" content=\"summary_large_image\" \/>\n<meta name=\"twitter:label1\" content=\"Est. reading time\" \/>\n\t<meta name=\"twitter:data1\" content=\"3 minutes\" \/>\n<script type=\"application\/ld+json\" class=\"yoast-schema-graph\">{\"@context\":\"https:\/\/schema.org\",\"@graph\":[{\"@type\":\"WebPage\",\"@id\":\"https:\/\/www.peanutoem.com\/manufacturer\/pure-peanut-butter\/\",\"url\":\"https:\/\/www.peanutoem.com\/manufacturer\/pure-peanut-butter\/\",\"name\":\"Pure Peanut Butter OEM Producer - Peanut Butter Factory\",\"isPartOf\":{\"@id\":\"https:\/\/www.peanutoem.com\/#website\"},\"primaryImageOfPage\":{\"@id\":\"https:\/\/www.peanutoem.com\/manufacturer\/pure-peanut-butter\/#primaryimage\"},\"image\":{\"@id\":\"https:\/\/www.peanutoem.com\/manufacturer\/pure-peanut-butter\/#primaryimage\"},\"thumbnailUrl\":\"https:\/\/www.peanutoem.com\/wp-content\/uploads\/2024\/09\/Pure-Peanut-Butter-OEM-Supplier.webp\",\"datePublished\":\"2024-09-02T13:37:15+00:00\",\"dateModified\":\"2024-09-28T06:03:37+00:00\",\"description\":\"As a top OEM manufacturer and exporter, we supply pure peanut butter made from 100% peanuts. Customizable private label solutions for your business needs.\",\"breadcrumb\":{\"@id\":\"https:\/\/www.peanutoem.com\/manufacturer\/pure-peanut-butter\/#breadcrumb\"},\"inLanguage\":\"is\",\"potentialAction\":[{\"@type\":\"ReadAction\",\"target\":[\"https:\/\/www.peanutoem.com\/manufacturer\/pure-peanut-butter\/\"]}]},{\"@type\":\"ImageObject\",\"inLanguage\":\"is\",\"@id\":\"https:\/\/www.peanutoem.com\/manufacturer\/pure-peanut-butter\/#primaryimage\",\"url\":\"https:\/\/www.peanutoem.com\/wp-content\/uploads\/2024\/09\/Pure-Peanut-Butter-OEM-Supplier.webp\",\"contentUrl\":\"https:\/\/www.peanutoem.com\/wp-content\/uploads\/2024\/09\/Pure-Peanut-Butter-OEM-Supplier.webp\",\"width\":1000,\"height\":1000,\"caption\":\"Pure Peanut Butter OEM Supplier\"},{\"@type\":\"BreadcrumbList\",\"@id\":\"https:\/\/www.peanutoem.com\/manufacturer\/pure-peanut-butter\/#breadcrumb\",\"itemListElement\":[{\"@type\":\"ListItem\",\"position\":1,\"name\":\"Home\",\"item\":\"https:\/\/www.peanutoem.com\/\"},{\"@type\":\"ListItem\",\"position\":2,\"name\":\"Products\",\"item\":\"https:\/\/www.peanutoem.com\/shop\/\"},{\"@type\":\"ListItem\",\"position\":3,\"name\":\"Pure Peanut Butter\"}]},{\"@type\":\"WebSite\",\"@id\":\"https:\/\/www.peanutoem.com\/#website\",\"url\":\"https:\/\/www.peanutoem.com\/\",\"name\":\"Peanut Butter Factory\",\"description\":\"Peanut Butter Manufacturer and Roast Peanut OEM Factory | Peanut Private Label China Supplier\",\"publisher\":{\"@id\":\"https:\/\/www.peanutoem.com\/#organization\"},\"alternateName\":\"Peanut Butter OEM and Wholesale\",\"potentialAction\":[{\"@type\":\"SearchAction\",\"target\":{\"@type\":\"EntryPoint\",\"urlTemplate\":\"https:\/\/www.peanutoem.com\/?s={search_term_string}\"},\"query-input\":{\"@type\":\"PropertyValueSpecification\",\"valueRequired\":true,\"valueName\":\"search_term_string\"}}],\"inLanguage\":\"is\"},{\"@type\":\"Organization\",\"@id\":\"https:\/\/www.peanutoem.com\/#organization\",\"name\":\"Peanut Butter Factory\",\"alternateName\":\"JuFeng Group\",\"url\":\"https:\/\/www.peanutoem.com\/\",\"logo\":{\"@type\":\"ImageObject\",\"inLanguage\":\"is\",\"@id\":\"https:\/\/www.peanutoem.com\/#\/schema\/logo\/image\/\",\"url\":\"https:\/\/www.peanutoem.com\/wp-content\/uploads\/2024\/09\/JUFENG-LOGO.png\",\"contentUrl\":\"https:\/\/www.peanutoem.com\/wp-content\/uploads\/2024\/09\/JUFENG-LOGO.png\",\"width\":600,\"height\":170,\"caption\":\"Peanut Butter Factory\"},\"image\":{\"@id\":\"https:\/\/www.peanutoem.com\/#\/schema\/logo\/image\/\"}}]}<\/script>\n<!-- \/ Yoast SEO plugin. -->","yoast_head_json":{"title":"Pure Peanut Butter OEM Producer - Peanut Butter Factory","description":"As a top OEM manufacturer and exporter, we supply pure peanut butter made from 100% peanuts. Customizable private label solutions for your business needs.","robots":{"index":"index","follow":"follow","max-snippet":"max-snippet:-1","max-image-preview":"max-image-preview:large","max-video-preview":"max-video-preview:-1"},"canonical":"https:\/\/www.peanutoem.com\/is\/manufacturer\/pure-peanut-butter\/","og_locale":"is_IS","og_type":"article","og_title":"Pure Peanut Butter OEM Producer - Peanut Butter Factory","og_description":"As a top OEM manufacturer and exporter, we supply pure peanut butter made from 100% peanuts. Customizable private label solutions for your business needs.","og_url":"https:\/\/www.peanutoem.com\/is\/manufacturer\/pure-peanut-butter\/","og_site_name":"Peanut Butter Factory","article_modified_time":"2024-09-28T06:03:37+00:00","og_image":[{"width":1000,"height":1000,"url":"https:\/\/www.peanutoem.com\/wp-content\/uploads\/2024\/09\/Pure-Peanut-Butter-OEM-Supplier.webp","type":"image\/webp"}],"twitter_card":"summary_large_image","twitter_misc":{"Est. reading time":"3 minutes"},"schema":{"@context":"https:\/\/schema.org","@graph":[{"@type":"WebPage","@id":"https:\/\/www.peanutoem.com\/manufacturer\/pure-peanut-butter\/","url":"https:\/\/www.peanutoem.com\/manufacturer\/pure-peanut-butter\/","name":"Pure Peanut Butter OEM Producer - Peanut Butter Factory","isPartOf":{"@id":"https:\/\/www.peanutoem.com\/#website"},"primaryImageOfPage":{"@id":"https:\/\/www.peanutoem.com\/manufacturer\/pure-peanut-butter\/#primaryimage"},"image":{"@id":"https:\/\/www.peanutoem.com\/manufacturer\/pure-peanut-butter\/#primaryimage"},"thumbnailUrl":"https:\/\/www.peanutoem.com\/wp-content\/uploads\/2024\/09\/Pure-Peanut-Butter-OEM-Supplier.webp","datePublished":"2024-09-02T13:37:15+00:00","dateModified":"2024-09-28T06:03:37+00:00","description":"As a top OEM manufacturer and exporter, we supply pure peanut butter made from 100% peanuts. Customizable private label solutions for your business needs.","breadcrumb":{"@id":"https:\/\/www.peanutoem.com\/manufacturer\/pure-peanut-butter\/#breadcrumb"},"inLanguage":"is","potentialAction":[{"@type":"ReadAction","target":["https:\/\/www.peanutoem.com\/manufacturer\/pure-peanut-butter\/"]}]},{"@type":"ImageObject","inLanguage":"is","@id":"https:\/\/www.peanutoem.com\/manufacturer\/pure-peanut-butter\/#primaryimage","url":"https:\/\/www.peanutoem.com\/wp-content\/uploads\/2024\/09\/Pure-Peanut-Butter-OEM-Supplier.webp","contentUrl":"https:\/\/www.peanutoem.com\/wp-content\/uploads\/2024\/09\/Pure-Peanut-Butter-OEM-Supplier.webp","width":1000,"height":1000,"caption":"Pure Peanut Butter OEM Supplier"},{"@type":"BreadcrumbList","@id":"https:\/\/www.peanutoem.com\/manufacturer\/pure-peanut-butter\/#breadcrumb","itemListElement":[{"@type":"ListItem","position":1,"name":"Home","item":"https:\/\/www.peanutoem.com\/"},{"@type":"ListItem","position":2,"name":"Products","item":"https:\/\/www.peanutoem.com\/shop\/"},{"@type":"ListItem","position":3,"name":"Pure Peanut Butter"}]},{"@type":"WebSite","@id":"https:\/\/www.peanutoem.com\/#website","url":"https:\/\/www.peanutoem.com\/","name":"Peanut Butter Factory","description":"Peanut Butter Manufacturer and Roast Peanut OEM Factory | Peanut Private Label China Supplier","publisher":{"@id":"https:\/\/www.peanutoem.com\/#organization"},"alternateName":"Peanut Butter OEM and Wholesale","potentialAction":[{"@type":"SearchAction","target":{"@type":"EntryPoint","urlTemplate":"https:\/\/www.peanutoem.com\/?s={search_term_string}"},"query-input":{"@type":"PropertyValueSpecification","valueRequired":true,"valueName":"search_term_string"}}],"inLanguage":"is"},{"@type":"Organization","@id":"https:\/\/www.peanutoem.com\/#organization","name":"Peanut Butter Factory","alternateName":"JuFeng Group","url":"https:\/\/www.peanutoem.com\/","logo":{"@type":"ImageObject","inLanguage":"is","@id":"https:\/\/www.peanutoem.com\/#\/schema\/logo\/image\/","url":"https:\/\/www.peanutoem.com\/wp-content\/uploads\/2024\/09\/JUFENG-LOGO.png","contentUrl":"https:\/\/www.peanutoem.com\/wp-content\/uploads\/2024\/09\/JUFENG-LOGO.png","width":600,"height":170,"caption":"Peanut Butter Factory"},"image":{"@id":"https:\/\/www.peanutoem.com\/#\/schema\/logo\/image\/"}}]}},"_links":{"self":[{"href":"https:\/\/www.peanutoem.com\/is\/wp-json\/wp\/v2\/product\/1543","targetHints":{"allow":["GET"]}}],"collection":[{"href":"https:\/\/www.peanutoem.com\/is\/wp-json\/wp\/v2\/product"}],"about":[{"href":"https:\/\/www.peanutoem.com\/is\/wp-json\/wp\/v2\/types\/product"}],"replies":[{"embeddable":true,"href":"https:\/\/www.peanutoem.com\/is\/wp-json\/wp\/v2\/comments?post=1543"}],"wp:featuredmedia":[{"embeddable":true,"href":"https:\/\/www.peanutoem.com\/is\/wp-json\/wp\/v2\/media\/1659"}],"wp:attachment":[{"href":"https:\/\/www.peanutoem.com\/is\/wp-json\/wp\/v2\/media?parent=1543"}],"wp:term":[{"taxonomy":"product_cat","embeddable":true,"href":"https:\/\/www.peanutoem.com\/is\/wp-json\/wp\/v2\/product_cat?post=1543"},{"taxonomy":"product_tag","embeddable":true,"href":"https:\/\/www.peanutoem.com\/is\/wp-json\/wp\/v2\/product_tag?post=1543"}],"curies":[{"name":"wp","href":"https:\/\/api.w.org\/{rel}","templated":true}]}}