{"id":1553,"date":"2024-09-02T13:58:23","date_gmt":"2024-09-02T13:58:23","guid":{"rendered":"https:\/\/www.peanutoem.com\/?post_type=product&#038;p=1553"},"modified":"2024-09-24T15:21:33","modified_gmt":"2024-09-24T15:21:33","slug":"roasted-peanut-kernels","status":"publish","type":"product","link":"https:\/\/www.peanutoem.com\/is\/manufacturer\/roasted-peanut-kernels\/","title":{"rendered":"Brenndir hnetukjarnar"},"content":{"rendered":"<h3>Hva\u00f0 eru rista\u00f0ir hnetukjarnar?<\/h3>\n<p>Brenndir hnetukjarnar eru \u00e6tilegur hluti hnetuskeljarnar sem hefur veri\u00f0 rista\u00f0ur vandlega. Brennsluferli\u00f0 eykur brag\u00f0i\u00f0 og brag\u00f0i\u00f0 af hnetum til muna. \u00dea\u00f0 gefur hnetum a\u00f0la\u00f0andi hnetukeim og st\u00f6kka \u00e1fer\u00f0, sem gerir \u00fe\u00e6r a\u00f0 vins\u00e6lu snakkvali og \u00f3missandi innihaldsefni \u00ed m\u00f6rgum matv\u00e6lum. \u00deessir ristu\u00f0u hnetukjarnar hafa margv\u00edslega notkun, allt fr\u00e1 klass\u00edskri hnetusmj\u00f6rsger\u00f0 til skapandi samsetninga \u00ed baku\u00f0u snarli og s\u00e6lg\u00e6ti, til a\u00f0 b\u00e6ta einst\u00f6ku brag\u00f0i vi\u00f0 brag\u00f0mikla r\u00e9tti.<\/p>\n<h3>Hver eru \u00f6nnur n\u00f6fn \u00e1 ristu\u00f0um hnetukjarnum?<\/h3>\n<p>Stundum er v\u00edsa\u00f0 til rista\u00f0ra hnetukjarna me\u00f0 \u00f6\u00f0rum n\u00f6fnum eftir \u00fev\u00ed sv\u00e6\u00f0i e\u00f0a notkun \u00feeirra. Algeng n\u00f6fn eru me\u00f0al annars:<\/p>\n<ul>\n<li><strong>Ristar jar\u00f0hnetur<\/strong> (nota\u00f0 \u00ed sumum l\u00f6ndum)<\/li>\n<li><strong>\u00deurrrista\u00f0ar jar\u00f0hnetur<\/strong><\/li>\n<li><strong>Ristar jar\u00f0hnetur<\/strong><\/li>\n<li><strong>Brenndir hnetukjarnar<\/strong><\/li>\n<\/ul>\n<p>\u00deessi afbrig\u00f0i leggja \u00e1herslu \u00e1 s\u00f6mu lj\u00faffengu, fj\u00f6lh\u00e6fu v\u00f6runa \u00far ristu\u00f0um jar\u00f0hnetum, sni\u00f0in a\u00f0 mismunandi atvinnugreinum og smekk.<\/p>\n<h3>Af hverju a\u00f0 velja okkur sem OEM birgir fyrir brennda hnetukjarna?<\/h3>\n<p>A\u00f0 velja <strong>K\u00edna JuFeng Group<\/strong> \u00fe\u00fd\u00f0ir samstarf vi\u00f0 einn traustasta birgja ristu\u00f0u hnetukjarna og einkamerkjaframlei\u00f0endur i\u00f0na\u00f0arins. H\u00e9r er \u00e1st\u00e6\u00f0an fyrir \u00fev\u00ed a\u00f0 vi\u00f0 skerum okkur \u00far:<\/p>\n<ul>\n<li><strong>Framlei\u00f0sla \u00e1 n\u00fdjustu t\u00edsku<\/strong>: Me\u00f0 tveimur h\u00e1\u00fer\u00f3u\u00f0um framlei\u00f0slul\u00ednum innfluttum fr\u00e1 Bandar\u00edkjunum, afhendum vi\u00f0 st\u00f6\u00f0ugt h\u00e1g\u00e6\u00f0a brennda hnetukjarna \u00ed st\u00e6r\u00f0argr\u00e1\u00f0u.<\/li>\n<li><strong>S\u00e9rhanna\u00f0ar OEM lausnir<\/strong>: Vi\u00f0 bj\u00f3\u00f0um upp \u00e1 sveigjanlega OEM og einkamerkja\u00fej\u00f3nustu, sem gerir vi\u00f0skiptavinum kleift a\u00f0 s\u00e9rsn\u00ed\u00f0a v\u00f6ruforskriftir, umb\u00fa\u00f0ir og fleira til a\u00f0 m\u00e6ta s\u00e9rst\u00f6kum \u00fe\u00f6rfum marka\u00f0arins.<\/li>\n<li><strong>Vottun og samr\u00e6mi<\/strong>: V\u00f6rur okkar uppfylla al\u00fej\u00f3\u00f0lega \u00f6ryggis- og g\u00e6\u00f0asta\u00f0la, votta\u00f0ar af BRC, HACCP, Kosher, Halal og EU Organic vottun.<\/li>\n<li><strong>Traustur \u00fatflytjandi<\/strong>: Sem lei\u00f0andi \u00fatflytjandi h\u00f6fum vi\u00f0 stofna\u00f0 til samstarfs vi\u00f0 helstu st\u00f3rmarka\u00f0i og matv\u00f6rumerki um allan heim.<\/li>\n<li><strong>S\u00e9rfr\u00e6\u00f0i\u00feekking \u00e1 birg\u00f0ake\u00f0ju<\/strong>: Fr\u00e1 vinnslu til geymslu, tryggjum vi\u00f0 t\u00edmanlega afhendingu og g\u00e6\u00f0aeftirlit me\u00f0 sj\u00e1lfbygg\u00f0ri hitast\u00fdr\u00f0ri a\u00f0st\u00f6\u00f0u okkar.<\/li>\n<\/ul>\n<h3>Heit efni um rista\u00f0ar hnetukjarna<\/h3>\n<ul>\n<li><strong>Sj\u00e1lfb\u00e6rni \u00ed hnetur\u00e6kt<\/strong>: Brenndir hnetukjarnar, eins og a\u00f0rar hnetuv\u00f6rur, hafa l\u00edtil umhverfis\u00e1hrif \u00ed samanbur\u00f0i vi\u00f0 a\u00f0rar hnetur, sem gerir \u00fe\u00e6r a\u00f0 umhverfisv\u00e6num vali fyrir matv\u00e6laframlei\u00f0endur.<\/li>\n<li><strong>Heilbrig\u00f0isb\u00e6tur<\/strong>: Brenndar jar\u00f0hnetur eru r\u00edkar af pr\u00f3teini, hollri fitu og trefjum og bj\u00f3\u00f0a neytendum upp \u00e1 n\u00e6ringarr\u00edkan snarl.<\/li>\n<li><strong>N\u00fdjungar \u00ed hnetuvinnslu<\/strong>: Hnetui\u00f0na\u00f0urinn er \u00ed st\u00f6\u00f0ugri \u00fer\u00f3un me\u00f0 n\u00fdjum steikingara\u00f0fer\u00f0um sem auka brag\u00f0i\u00f0 en var\u00f0veita n\u00e6ringarefni.<\/li>\n<\/ul>\n<h3>A\u00f0 velja okkur og sta\u00f0reyndir um rista\u00f0ar hnetukjarna<\/h3>\n<p><strong>1. Hva\u00f0 gerir China JuFeng Group a\u00f0 lei\u00f0andi birgi rista\u00f0ra hnetukjarna?<\/strong><br \/>\nVi\u00f0 sameinum h\u00e1\u00fer\u00f3a\u00f0a t\u00e6kni, mikla reynslu og fr\u00e1b\u00e6ra v\u00f6rua\u00f0l\u00f6gun til a\u00f0 skila h\u00e1g\u00e6\u00f0a ristu\u00f0um hnetukjarnum \u00e1 al\u00fej\u00f3\u00f0legum m\u00f6rku\u00f0um.<\/p>\n<p><strong>2. B\u00fd\u00f0ur \u00fe\u00fa upp \u00e1 einkamerkja\u00fej\u00f3nustu fyrir brennda hnetukjarna?<\/strong><br \/>\nJ\u00e1, vi\u00f0 bj\u00f3\u00f0um upp \u00e1 sveigjanlegar einkamerkjalausnir sem gera \u00fe\u00e9r kleift a\u00f0 s\u00e9rsn\u00ed\u00f0a v\u00f6ruumb\u00fa\u00f0ir, v\u00f6rumerki og kjarnaforskriftir a\u00f0 \u00fe\u00f6rfum v\u00f6rumerkisins.<\/p>\n<p><strong>3. M\u00e1 \u00e9g panta brennda hnetukjarna \u00ed lausu hj\u00e1 \u00fe\u00e9r?<\/strong><br \/>\nAlgj\u00f6rlega, vi\u00f0 bj\u00f3\u00f0um upp \u00e1 magninnkaupavalkosti til a\u00f0 koma til m\u00f3ts vi\u00f0 fyrirt\u00e6ki af \u00f6llum st\u00e6r\u00f0um, \u00fear \u00e1 me\u00f0al sm\u00e1s\u00f6lua\u00f0ilum, heilds\u00f6lum og matv\u00e6laframlei\u00f0endum.<\/p>\n<p><strong>4. Hva\u00f0a vottor\u00f0 hafa ristu\u00f0u hnetukjarnarnir \u00fe\u00ednir?<\/strong><br \/>\nV\u00f6rur okkar uppfylla stranga al\u00fej\u00f3\u00f0lega sta\u00f0la og vottun, \u00fear \u00e1 me\u00f0al HACCP, BRC, Kosher, Halal og EU Organic.<\/p>\n<p><strong>5. Hvernig tryggir \u00fe\u00fa g\u00e6\u00f0i ristu\u00f0u hnetukjarnanna \u00feinna?<\/strong><br \/>\nVi\u00f0 erum me\u00f0 s\u00e9rstakt ranns\u00f3knarstofu til a\u00f0 framkv\u00e6ma \u00edtarlegar pr\u00f3fanir og tryggja a\u00f0 hver lota uppfylli h\u00e1a skynjunar-, e\u00f0lis-, efna- og \u00f6rverusta\u00f0la.<\/p>\n<p><strong>6. Getur \u00fe\u00fa s\u00e9rsni\u00f0i\u00f0 steikt stig hnetukjarna?<\/strong><br \/>\nJ\u00e1, vi\u00f0 bj\u00f3\u00f0um upp \u00e1 s\u00e9rhanna\u00f0ar steikingarstig (lj\u00f3s, mi\u00f0lungs e\u00f0a d\u00f6kk steikt) byggt \u00e1 \u00f3skum vi\u00f0skiptavina og marka\u00f0skr\u00f6fum.<\/p>\n<p><strong>7. Hvernig eru ristu\u00f0u hnetukjarnarnir \u00fe\u00ednir geymdir til a\u00f0 vi\u00f0halda ferskleika?<\/strong><br \/>\nKjarnarnir okkar eru geymdir \u00ed hitast\u00fdr\u00f0um a\u00f0st\u00f6\u00f0u sem koma \u00ed veg fyrir skemmdir og vi\u00f0halda heilleika v\u00f6ru vi\u00f0 flutning og me\u00f0h\u00f6ndlun.<\/p>\n<p><strong>8. Flytur \u00fe\u00fa \u00fat brennda hnetukjarna \u00e1 al\u00fej\u00f3\u00f0avettvangi?<\/strong><br \/>\nJ\u00e1, vi\u00f0 erum reyndur \u00fatflytjandi me\u00f0 al\u00fej\u00f3\u00f0legt net, sem \u00fatvegum brennda hnetukjarna \u00e1 margv\u00edslega marka\u00f0i \u00ed mismunandi heims\u00e1lfum.<\/p>\n<p><strong>9. Eru ristu\u00f0u hnetukjarnarnir \u00fe\u00ednir hentugir til notkunar \u00ed hnetusmj\u00f6rsframlei\u00f0slu?<\/strong><br \/>\nSvo sannarlega, brenndu hnetukjarnarnir okkar eru tilvalnir til notkunar \u00ed hnetusmj\u00f6rsframlei\u00f0slu, bj\u00f3\u00f0a upp \u00e1 yfirbur\u00f0a brag\u00f0 og \u00e1fer\u00f0.<\/p>","protected":false},"excerpt":{"rendered":"<p>Vi\u00f0 erum framlei\u00f0andi og birgir rista\u00f0ar hnetukjarna \u00ed K\u00edna<\/p>\n<p>- MOQ: 1 tonn<br \/>\n- OEM \/ ODM \u00fej\u00f3nusta \u00ed bo\u00f0i<br \/>\n- \u00d3keypis s\u00fdnishorn \u00ed bo\u00f0i<br \/>\n- Sam\u00feykkja a\u00f0l\u00f6gun (forskriftir, litur, st\u00e6r\u00f0ir, umb\u00fa\u00f0ir, h\u00f6nnun osfrv.)<\/p>\n<p>Ef \u00fe\u00fa vilt f\u00e1 rista\u00f0ar hnetukjarna, vinsamlegast haf\u00f0u samband vi\u00f0 okkur.<\/p>","protected":false},"featured_media":1697,"comment_status":"open","ping_status":"closed","template":"","meta":[],"product_cat":[37],"product_tag":[],"class_list":{"0":"post-1553","1":"product","2":"type-product","3":"status-publish","4":"has-post-thumbnail","6":"product_cat-roasted-peanut","8":"first","9":"instock","10":"featured","11":"shipping-taxable","12":"product-type-simple"},"yoast_head":"<!-- This site is optimized with the Yoast SEO plugin v24.9 - https:\/\/yoast.com\/wordpress\/plugins\/seo\/ -->\n<title>Roasted Peanut Kernels - Peanut Butter Factory<\/title>\n<meta name=\"description\" content=\"Premium Roasted Peanut Kernels OEM supplier, private label manufacturer, and exporter. Choose us for superior quality and customizable options.\" \/>\n<meta name=\"robots\" content=\"index, follow, max-snippet:-1, max-image-preview:large, max-video-preview:-1\" \/>\n<link rel=\"canonical\" href=\"https:\/\/www.peanutoem.com\/is\/manufacturer\/roasted-peanut-kernels\/\" \/>\n<meta property=\"og:locale\" content=\"is_IS\" \/>\n<meta property=\"og:type\" content=\"article\" \/>\n<meta property=\"og:title\" content=\"Roasted Peanut Kernels - Peanut Butter Factory\" \/>\n<meta property=\"og:description\" content=\"Premium Roasted Peanut Kernels OEM supplier, private label manufacturer, and exporter. Choose us for superior quality and customizable options.\" \/>\n<meta property=\"og:url\" content=\"https:\/\/www.peanutoem.com\/is\/manufacturer\/roasted-peanut-kernels\/\" \/>\n<meta property=\"og:site_name\" content=\"Peanut Butter Factory\" \/>\n<meta property=\"article:modified_time\" content=\"2024-09-24T15:21:33+00:00\" \/>\n<meta property=\"og:image\" content=\"https:\/\/www.peanutoem.com\/wp-content\/uploads\/2024\/09\/Roasted-Peanut-Kernels-on-plate-scaled.webp\" \/>\n\t<meta property=\"og:image:width\" content=\"2560\" \/>\n\t<meta property=\"og:image:height\" content=\"1707\" \/>\n\t<meta property=\"og:image:type\" content=\"image\/webp\" \/>\n<meta name=\"twitter:card\" content=\"summary_large_image\" \/>\n<meta name=\"twitter:label1\" content=\"Est. reading time\" \/>\n\t<meta name=\"twitter:data1\" content=\"3 minutes\" \/>\n<script type=\"application\/ld+json\" class=\"yoast-schema-graph\">{\"@context\":\"https:\/\/schema.org\",\"@graph\":[{\"@type\":\"WebPage\",\"@id\":\"https:\/\/www.peanutoem.com\/manufacturer\/roasted-peanut-kernels\/\",\"url\":\"https:\/\/www.peanutoem.com\/manufacturer\/roasted-peanut-kernels\/\",\"name\":\"Roasted Peanut Kernels - Peanut Butter Factory\",\"isPartOf\":{\"@id\":\"https:\/\/www.peanutoem.com\/#website\"},\"primaryImageOfPage\":{\"@id\":\"https:\/\/www.peanutoem.com\/manufacturer\/roasted-peanut-kernels\/#primaryimage\"},\"image\":{\"@id\":\"https:\/\/www.peanutoem.com\/manufacturer\/roasted-peanut-kernels\/#primaryimage\"},\"thumbnailUrl\":\"https:\/\/www.peanutoem.com\/wp-content\/uploads\/2024\/09\/Roasted-Peanut-Kernels-on-plate-scaled.webp\",\"datePublished\":\"2024-09-02T13:58:23+00:00\",\"dateModified\":\"2024-09-24T15:21:33+00:00\",\"description\":\"Premium Roasted Peanut Kernels OEM supplier, private label manufacturer, and exporter. Choose us for superior quality and customizable options.\",\"breadcrumb\":{\"@id\":\"https:\/\/www.peanutoem.com\/manufacturer\/roasted-peanut-kernels\/#breadcrumb\"},\"inLanguage\":\"is\",\"potentialAction\":[{\"@type\":\"ReadAction\",\"target\":[\"https:\/\/www.peanutoem.com\/manufacturer\/roasted-peanut-kernels\/\"]}]},{\"@type\":\"ImageObject\",\"inLanguage\":\"is\",\"@id\":\"https:\/\/www.peanutoem.com\/manufacturer\/roasted-peanut-kernels\/#primaryimage\",\"url\":\"https:\/\/www.peanutoem.com\/wp-content\/uploads\/2024\/09\/Roasted-Peanut-Kernels-on-plate-scaled.webp\",\"contentUrl\":\"https:\/\/www.peanutoem.com\/wp-content\/uploads\/2024\/09\/Roasted-Peanut-Kernels-on-plate-scaled.webp\",\"width\":2560,\"height\":1707,\"caption\":\"Roasted Peanut Kernels on plate\"},{\"@type\":\"BreadcrumbList\",\"@id\":\"https:\/\/www.peanutoem.com\/manufacturer\/roasted-peanut-kernels\/#breadcrumb\",\"itemListElement\":[{\"@type\":\"ListItem\",\"position\":1,\"name\":\"Home\",\"item\":\"https:\/\/www.peanutoem.com\/\"},{\"@type\":\"ListItem\",\"position\":2,\"name\":\"Products\",\"item\":\"https:\/\/www.peanutoem.com\/shop\/\"},{\"@type\":\"ListItem\",\"position\":3,\"name\":\"Roasted Peanut Kernels\"}]},{\"@type\":\"WebSite\",\"@id\":\"https:\/\/www.peanutoem.com\/#website\",\"url\":\"https:\/\/www.peanutoem.com\/\",\"name\":\"Peanut Butter Factory\",\"description\":\"Peanut Butter Manufacturer and Roast Peanut OEM Factory | Peanut Private Label China Supplier\",\"publisher\":{\"@id\":\"https:\/\/www.peanutoem.com\/#organization\"},\"alternateName\":\"Peanut Butter OEM and Wholesale\",\"potentialAction\":[{\"@type\":\"SearchAction\",\"target\":{\"@type\":\"EntryPoint\",\"urlTemplate\":\"https:\/\/www.peanutoem.com\/?s={search_term_string}\"},\"query-input\":{\"@type\":\"PropertyValueSpecification\",\"valueRequired\":true,\"valueName\":\"search_term_string\"}}],\"inLanguage\":\"is\"},{\"@type\":\"Organization\",\"@id\":\"https:\/\/www.peanutoem.com\/#organization\",\"name\":\"Peanut Butter Factory\",\"alternateName\":\"JuFeng Group\",\"url\":\"https:\/\/www.peanutoem.com\/\",\"logo\":{\"@type\":\"ImageObject\",\"inLanguage\":\"is\",\"@id\":\"https:\/\/www.peanutoem.com\/#\/schema\/logo\/image\/\",\"url\":\"https:\/\/www.peanutoem.com\/wp-content\/uploads\/2024\/09\/JUFENG-LOGO.png\",\"contentUrl\":\"https:\/\/www.peanutoem.com\/wp-content\/uploads\/2024\/09\/JUFENG-LOGO.png\",\"width\":600,\"height\":170,\"caption\":\"Peanut Butter Factory\"},\"image\":{\"@id\":\"https:\/\/www.peanutoem.com\/#\/schema\/logo\/image\/\"}}]}<\/script>\n<!-- \/ Yoast SEO plugin. -->","yoast_head_json":{"title":"Roasted Peanut Kernels - Peanut Butter Factory","description":"Premium Roasted Peanut Kernels OEM supplier, private label manufacturer, and exporter. Choose us for superior quality and customizable options.","robots":{"index":"index","follow":"follow","max-snippet":"max-snippet:-1","max-image-preview":"max-image-preview:large","max-video-preview":"max-video-preview:-1"},"canonical":"https:\/\/www.peanutoem.com\/is\/manufacturer\/roasted-peanut-kernels\/","og_locale":"is_IS","og_type":"article","og_title":"Roasted Peanut Kernels - Peanut Butter Factory","og_description":"Premium Roasted Peanut Kernels OEM supplier, private label manufacturer, and exporter. Choose us for superior quality and customizable options.","og_url":"https:\/\/www.peanutoem.com\/is\/manufacturer\/roasted-peanut-kernels\/","og_site_name":"Peanut Butter Factory","article_modified_time":"2024-09-24T15:21:33+00:00","og_image":[{"width":2560,"height":1707,"url":"https:\/\/www.peanutoem.com\/wp-content\/uploads\/2024\/09\/Roasted-Peanut-Kernels-on-plate-scaled.webp","type":"image\/webp"}],"twitter_card":"summary_large_image","twitter_misc":{"Est. reading time":"3 minutes"},"schema":{"@context":"https:\/\/schema.org","@graph":[{"@type":"WebPage","@id":"https:\/\/www.peanutoem.com\/manufacturer\/roasted-peanut-kernels\/","url":"https:\/\/www.peanutoem.com\/manufacturer\/roasted-peanut-kernels\/","name":"Roasted Peanut Kernels - Peanut Butter Factory","isPartOf":{"@id":"https:\/\/www.peanutoem.com\/#website"},"primaryImageOfPage":{"@id":"https:\/\/www.peanutoem.com\/manufacturer\/roasted-peanut-kernels\/#primaryimage"},"image":{"@id":"https:\/\/www.peanutoem.com\/manufacturer\/roasted-peanut-kernels\/#primaryimage"},"thumbnailUrl":"https:\/\/www.peanutoem.com\/wp-content\/uploads\/2024\/09\/Roasted-Peanut-Kernels-on-plate-scaled.webp","datePublished":"2024-09-02T13:58:23+00:00","dateModified":"2024-09-24T15:21:33+00:00","description":"Premium Roasted Peanut Kernels OEM supplier, private label manufacturer, and exporter. Choose us for superior quality and customizable options.","breadcrumb":{"@id":"https:\/\/www.peanutoem.com\/manufacturer\/roasted-peanut-kernels\/#breadcrumb"},"inLanguage":"is","potentialAction":[{"@type":"ReadAction","target":["https:\/\/www.peanutoem.com\/manufacturer\/roasted-peanut-kernels\/"]}]},{"@type":"ImageObject","inLanguage":"is","@id":"https:\/\/www.peanutoem.com\/manufacturer\/roasted-peanut-kernels\/#primaryimage","url":"https:\/\/www.peanutoem.com\/wp-content\/uploads\/2024\/09\/Roasted-Peanut-Kernels-on-plate-scaled.webp","contentUrl":"https:\/\/www.peanutoem.com\/wp-content\/uploads\/2024\/09\/Roasted-Peanut-Kernels-on-plate-scaled.webp","width":2560,"height":1707,"caption":"Roasted Peanut Kernels on plate"},{"@type":"BreadcrumbList","@id":"https:\/\/www.peanutoem.com\/manufacturer\/roasted-peanut-kernels\/#breadcrumb","itemListElement":[{"@type":"ListItem","position":1,"name":"Home","item":"https:\/\/www.peanutoem.com\/"},{"@type":"ListItem","position":2,"name":"Products","item":"https:\/\/www.peanutoem.com\/shop\/"},{"@type":"ListItem","position":3,"name":"Roasted Peanut Kernels"}]},{"@type":"WebSite","@id":"https:\/\/www.peanutoem.com\/#website","url":"https:\/\/www.peanutoem.com\/","name":"Peanut Butter Factory","description":"Peanut Butter Manufacturer and Roast Peanut OEM Factory | Peanut Private Label China Supplier","publisher":{"@id":"https:\/\/www.peanutoem.com\/#organization"},"alternateName":"Peanut Butter OEM and Wholesale","potentialAction":[{"@type":"SearchAction","target":{"@type":"EntryPoint","urlTemplate":"https:\/\/www.peanutoem.com\/?s={search_term_string}"},"query-input":{"@type":"PropertyValueSpecification","valueRequired":true,"valueName":"search_term_string"}}],"inLanguage":"is"},{"@type":"Organization","@id":"https:\/\/www.peanutoem.com\/#organization","name":"Peanut Butter Factory","alternateName":"JuFeng Group","url":"https:\/\/www.peanutoem.com\/","logo":{"@type":"ImageObject","inLanguage":"is","@id":"https:\/\/www.peanutoem.com\/#\/schema\/logo\/image\/","url":"https:\/\/www.peanutoem.com\/wp-content\/uploads\/2024\/09\/JUFENG-LOGO.png","contentUrl":"https:\/\/www.peanutoem.com\/wp-content\/uploads\/2024\/09\/JUFENG-LOGO.png","width":600,"height":170,"caption":"Peanut Butter Factory"},"image":{"@id":"https:\/\/www.peanutoem.com\/#\/schema\/logo\/image\/"}}]}},"_links":{"self":[{"href":"https:\/\/www.peanutoem.com\/is\/wp-json\/wp\/v2\/product\/1553","targetHints":{"allow":["GET"]}}],"collection":[{"href":"https:\/\/www.peanutoem.com\/is\/wp-json\/wp\/v2\/product"}],"about":[{"href":"https:\/\/www.peanutoem.com\/is\/wp-json\/wp\/v2\/types\/product"}],"replies":[{"embeddable":true,"href":"https:\/\/www.peanutoem.com\/is\/wp-json\/wp\/v2\/comments?post=1553"}],"wp:featuredmedia":[{"embeddable":true,"href":"https:\/\/www.peanutoem.com\/is\/wp-json\/wp\/v2\/media\/1697"}],"wp:attachment":[{"href":"https:\/\/www.peanutoem.com\/is\/wp-json\/wp\/v2\/media?parent=1553"}],"wp:term":[{"taxonomy":"product_cat","embeddable":true,"href":"https:\/\/www.peanutoem.com\/is\/wp-json\/wp\/v2\/product_cat?post=1553"},{"taxonomy":"product_tag","embeddable":true,"href":"https:\/\/www.peanutoem.com\/is\/wp-json\/wp\/v2\/product_tag?post=1553"}],"curies":[{"name":"wp","href":"https:\/\/api.w.org\/{rel}","templated":true}]}}