{"id":1554,"date":"2024-09-02T13:59:01","date_gmt":"2024-09-02T13:59:01","guid":{"rendered":"https:\/\/www.peanutoem.com\/?post_type=product&#038;p=1554"},"modified":"2024-09-28T05:11:42","modified_gmt":"2024-09-28T05:11:42","slug":"roasted-blanched-peanut","status":"publish","type":"product","link":"https:\/\/www.peanutoem.com\/is\/manufacturer\/roasted-blanched-peanut\/","title":{"rendered":"Rista\u00f0 hv\u00edthneta"},"content":{"rendered":"<h3><strong>Hva\u00f0 er rista\u00f0ar blanchedar hnetur?<\/strong><\/h3>\n<p>Rista\u00f0 blanched hneta gengst undir \u00e1kve\u00f0i\u00f0 tveggja \u00ferepa ferli. \u00cd fyrsta lagi eru hr\u00e1u hneturnar hv\u00edta\u00f0ar, sem felur \u00ed s\u00e9r a\u00f0 ytri h\u00fa\u00f0in er fjarl\u00e6g\u00f0 me\u00f0 upphitun og varlega v\u00e9lr\u00e6nni a\u00f0fer\u00f0. N\u00e6st eru \u00feau steikt til fullkomnunar, sem lei\u00f0ir af s\u00e9r r\u00edkulegt, hnetubrag\u00f0 og st\u00f6kka \u00e1fer\u00f0. \u00deessar jar\u00f0hnetur eru tilvalnar til \u00fdmissa nota, \u00fear \u00e1 me\u00f0al snarlframlei\u00f0slu, s\u00e6lg\u00e6ti, hnetusmj\u00f6rsframlei\u00f0slu og sem innihaldsefni \u00ed brag\u00f0mikla r\u00e9tti.<\/p>\n<p>\u00dear a\u00f0 auki, blanched rista\u00f0ar jar\u00f0hnetur bj\u00f3\u00f0a upp \u00e1 aukinn \u00e1vinning af hreinu, sl\u00e9ttu \u00fatliti. \u00deessi g\u00e6\u00f0i gera \u00fe\u00e6r mj\u00f6g eftirs\u00f3knarver\u00f0ar fyrir v\u00f6rur \u00fear sem sj\u00f3nr\u00e6n a\u00f0dr\u00e1ttarafl og einsleitni skipta sk\u00f6pum.<\/p>\n<h3><strong>Hver eru \u00f6nnur n\u00f6fn fyrir rista\u00f0ar blanchedar jar\u00f0hnetur?<\/strong><\/h3>\n<p>H\u00e6gt er a\u00f0 v\u00edsa til rista\u00f0ar blanchedar jar\u00f0hnetur me\u00f0 nokkrum n\u00f6fnum, allt eftir sv\u00e6\u00f0isbundnum \u00f3skum e\u00f0a i\u00f0na\u00f0arnotkun:<\/p>\n<ul>\n<li>Ro\u00f0lausar rista\u00f0ar jar\u00f0hnetur<\/li>\n<li>Bl\u00f6nda\u00f0ar og rista\u00f0ar jar\u00f0hnetur<\/li>\n<li>Ristar hv\u00edtar hnetur<\/li>\n<li>Bl\u00e1ra\u00f0ar jar\u00f0hnetur<\/li>\n<li>Bl\u00e1ra\u00f0ir hnetukjarnar<\/li>\n<li>Jar\u00f0hnetur heilar hv\u00edta\u00f0ar rista\u00f0ar<\/li>\n<\/ul>\n<p>\u00deessi n\u00f6fn endurspegla undirb\u00faningsferli\u00f0, \u00fear sem hnetuskeljarnar eru fjarl\u00e6g\u00f0ar \u00e1\u00f0ur en \u00fe\u00e6r eru brenndar, sem lei\u00f0ir til sl\u00e9ttrar og a\u00f0la\u00f0andi lokaafur\u00f0ar.<\/p>\n<h3><img loading=\"lazy\" decoding=\"async\" class=\"alignnone wp-image-1702 size-full\" src=\"https:\/\/www.peanutoem.com\/wp-content\/uploads\/2024\/09\/Whole-Roasted-Blanched-Peanut-.webp\" alt=\"Heilrista\u00f0ar blanchedar hnetur\" width=\"1000\" height=\"1000\" srcset=\"https:\/\/www.peanutoem.com\/wp-content\/uploads\/2024\/09\/Whole-Roasted-Blanched-Peanut-.webp 1000w, https:\/\/www.peanutoem.com\/wp-content\/uploads\/2024\/09\/Whole-Roasted-Blanched-Peanut--300x300.webp 300w, https:\/\/www.peanutoem.com\/wp-content\/uploads\/2024\/09\/Whole-Roasted-Blanched-Peanut--150x150.webp 150w, https:\/\/www.peanutoem.com\/wp-content\/uploads\/2024\/09\/Whole-Roasted-Blanched-Peanut--768x768.webp 768w, https:\/\/www.peanutoem.com\/wp-content\/uploads\/2024\/09\/Whole-Roasted-Blanched-Peanut--12x12.webp 12w, https:\/\/www.peanutoem.com\/wp-content\/uploads\/2024\/09\/Whole-Roasted-Blanched-Peanut--600x600.webp 600w, https:\/\/www.peanutoem.com\/wp-content\/uploads\/2024\/09\/Whole-Roasted-Blanched-Peanut--100x100.webp 100w\" sizes=\"auto, (max-width: 1000px) 100vw, 1000px\" \/><\/h3>\n<h3><strong>Af hverju a\u00f0 velja okkur sem OEM birgir fyrir rista\u00f0ar hv\u00edthnetur?<\/strong><\/h3>\n<p>Vi\u00f0 lei\u00f0um marka\u00f0inn \u00ed framlei\u00f0slu \u00e1 ristu\u00f0um blanchedum hnetum og bj\u00f3\u00f0um b\u00e6\u00f0i upp \u00e1 rista\u00f0ar blanchedar hnetur heilar og rista\u00f0ar blanchedar hnetur. H\u00e9r er hvers vegna vi\u00f0 erum besti f\u00e9lagi \u00feinn:<\/p>\n<ul>\n<li><strong>S\u00e9rfr\u00e6\u00f0i\u00feekking \u00ed OEM lausnum<\/strong>: Me\u00f0 h\u00e1\u00fer\u00f3a\u00f0ri framlei\u00f0slugetu okkar bj\u00f3\u00f0um vi\u00f0 upp \u00e1 s\u00e9rsni\u00f0na OEM \u00fej\u00f3nustu sem uppfyllir v\u00f6ruforskriftir \u00fe\u00ednar, allt fr\u00e1 steikingarstigum til umb\u00fa\u00f0akr\u00f6fur.<\/li>\n<li><strong>Einkamerkjaframlei\u00f0sla<\/strong>: Vi\u00f0 s\u00e9rh\u00e6fum okkur \u00ed framlei\u00f0slu \u00e1 einkamerkjum, sem gerir v\u00f6rumerkjum kleift a\u00f0 n\u00fdta s\u00e9r\u00feekkingu okkar \u00e1 me\u00f0an \u00feau \u00fer\u00f3a s\u00ednar eigin a\u00f0skildar v\u00f6rur.<\/li>\n<li><strong>\u00datflutningsgeta \u00e1 heimsv\u00edsu<\/strong>: Sem reyndur \u00fatflytjandi \u00fej\u00f3num vi\u00f0 vi\u00f0skiptavinum um allan heim me\u00f0 skilvirkri flutningum og st\u00f6\u00f0ugum g\u00e6\u00f0um.<\/li>\n<li><strong>L\u00f6ggiltur g\u00e6\u00f0atrygging<\/strong>: V\u00f6rur okkar eru votta\u00f0ar samkv\u00e6mt HACCP, BRCGS, Halal, Kosher og l\u00edfr\u00e6num st\u00f6\u00f0lum ESB, sem tryggir a\u00f0 fari\u00f0 s\u00e9 a\u00f0 al\u00fej\u00f3\u00f0legum matv\u00e6la\u00f6ryggis- og g\u00e6\u00f0areglum.<\/li>\n<li><strong>Sj\u00e1lfb\u00e6rni og \u00e1rei\u00f0anleiki<\/strong>: Vi\u00f0 setjum sj\u00e1lfb\u00e6rar framlei\u00f0slua\u00f0fer\u00f0ir \u00ed forgang og vi\u00f0heldum sterkri \u00e1rei\u00f0anleika birg\u00f0ake\u00f0junnar til a\u00f0 m\u00e6ta \u00fe\u00f6rfum vi\u00f0skiptavina okkar um allan heim.<\/li>\n<\/ul>\n<h3><strong>Heit efni um rista\u00f0ar blanchedar jar\u00f0hnetur<\/strong><\/h3>\n<ul>\n<li><strong>Heilir \u00e1 m\u00f3ti Helmingum<\/strong>: Skilningur \u00e1 notkunartilvikum fyrir rista\u00f0ar blanchedar hnetur heilar \u00e1 m\u00f3ti ristu\u00f0um blanched hnetum helminga er mikilv\u00e6gt fyrir framlei\u00f0endur. Heilar jar\u00f0hnetur eru oft nota\u00f0ar \u00ed h\u00e1g\u00e6\u00f0a snakkv\u00f6rur, en helmingar eru valdir til matv\u00e6laframlei\u00f0slu, baksturs og hnetusmj\u00f6rs.<\/li>\n<li><strong>Heilbrig\u00f0is\u00e1vinningur af ristu\u00f0um blanchedu\u00f0um hnetum<\/strong>: Bl\u00e1ra\u00f0ar jar\u00f0hnetur halda m\u00f6rgum af n\u00e6ringarfr\u00e6\u00f0ilegum \u00e1vinningi hr\u00e1rra jar\u00f0hnetna, \u00fear \u00e1 me\u00f0al pr\u00f3tein, holla fitu og nau\u00f0synleg v\u00edtam\u00edn og steinefni, sem gerir \u00fe\u00e6r a\u00f0 snj\u00f6llu vali fyrir heilsume\u00f0vita\u00f0a neytendur.<\/li>\n<li><strong>Vaxandi eftirspurn eftir hreinum innihaldsefnum<\/strong>: \u00dear sem fleiri neytendur leita eftir v\u00f6rum me\u00f0 l\u00e1gmarks vinnslu, eru rista\u00f0ar bleika\u00f0ar jar\u00f0hnetur fr\u00e1b\u00e6rt innihaldsefni fyrir snarl og matv\u00f6rur sem eru marka\u00f0ssettar sem \u201ehreint merki\u201c.<\/li>\n<li><strong>Hnetur sj\u00e1lfb\u00e6rni og umhverfis\u00e1hrif<\/strong>: \u00cd samanbur\u00f0i vi\u00f0 a\u00f0rar hnetur, \u00feurfa jar\u00f0hnetur, \u00fear me\u00f0 tali\u00f0 bleika\u00f0ar tegundir, f\u00e6rri au\u00f0lindir til a\u00f0 vaxa, sem gerir \u00fe\u00e6r a\u00f0 sj\u00e1lfb\u00e6ru vali fyrir matv\u00e6lafyrirt\u00e6ki sem vilja minnka umhverfisf\u00f3tspor sitt.<\/li>\n<\/ul>\n<h3><strong>Algengar spurningar um hlutverk okkar sem framlei\u00f0andi rista\u00f0ar hv\u00edthnetur<\/strong><\/h3>\n<ol>\n<li><strong>Hver er \u00e1vinningurinn af hv\u00edtu\u00f0um jar\u00f0hnetum?<\/strong><br \/>\nBl\u00e1ra\u00f0ar jar\u00f0hnetur eru me\u00f0 h\u00fd\u00f0i fjarl\u00e6gt, sem gefur hreinna \u00fatlit og samr\u00e6mda \u00e1fer\u00f0, tilvali\u00f0 fyrir snarl og sj\u00f3nr\u00e6nar v\u00f6rur.<\/li>\n<li><strong>B\u00fd\u00f0ur \u00fe\u00fa upp \u00e1 valkosti fyrir einkamerki?<\/strong><br \/>\nJ\u00e1, vi\u00f0 s\u00e9rh\u00e6fum okkur \u00ed framlei\u00f0slu \u00e1 einkamerkjum me\u00f0 fullri a\u00f0l\u00f6gun fyrir umb\u00fa\u00f0ir v\u00f6rumerkisins og forskriftir.<\/li>\n<li><strong>Get \u00e9g s\u00e9rsni\u00f0i\u00f0 steikingarstigi\u00f0?<\/strong><br \/>\nAlgj\u00f6rlega! Vi\u00f0 bj\u00f3\u00f0um upp \u00e1 steikingarvalkosti fr\u00e1 lj\u00f3su til d\u00f6kku, sni\u00f0in a\u00f0 \u00f3skum \u00fe\u00ednum og marka\u00f0s\u00fe\u00f6rfum.<\/li>\n<li><strong>Hvernig heldur \u00fe\u00fa ferskleika?<\/strong><br \/>\nVi\u00f0 geymum jar\u00f0hnetur \u00ed hitast\u00fdr\u00f0um a\u00f0st\u00f6\u00f0u til a\u00f0 tryggja a\u00f0 \u00fe\u00e6r haldist ferskar og h\u00e1g\u00e6\u00f0a vi\u00f0 geymslu og flutning.<\/li>\n<li><strong>Flytur \u00fe\u00fa \u00fat \u00e1 heimsv\u00edsu?<\/strong><br \/>\nJ\u00e1, vi\u00f0 h\u00f6fum v\u00ed\u00f0t\u00e6ka reynslu af \u00fatflutningi \u00e1 ristu\u00f0um blanchedum jar\u00f0hnetum til \u00fdmissa al\u00fej\u00f3\u00f0legra marka\u00f0a me\u00f0 skilvirkri flutningastarfsemi.<\/li>\n<li><strong>Hva\u00f0 er geymslu\u00feol jar\u00f0hnetanna \u00feinna?<\/strong><br \/>\nBrenntu blanchu\u00f0u jar\u00f0hneturnar okkar endast \u00ed 12 til 18 m\u00e1nu\u00f0i \u00feegar \u00fe\u00e6r eru geymdar \u00e1 r\u00e9ttan h\u00e1tt, sem tryggir varanlegan ferskleika og brag\u00f0.<\/li>\n<li><strong>Hva\u00f0 er algengt a\u00f0 nota fyrir rista\u00f0ar blanchedar jar\u00f0hnetur?<\/strong><br \/>\n\u00deau eru vins\u00e6l \u00ed snarlmat, s\u00e6lg\u00e6ti, hnetusmj\u00f6ri og sem innihaldsefni \u00ed brag\u00f0miklar og baka\u00f0ar v\u00f6rur.<\/li>\n<li><strong>Hvernig eru rista\u00f0ar bleika\u00f0ar jar\u00f0hnetur samanbori\u00f0 vi\u00f0 a\u00f0rar tegundir?<\/strong><br \/>\nRista\u00f0ar bleika\u00f0ar jar\u00f0hnetur hafa sl\u00e9ttara og hreinna \u00fatlit vegna \u00feess a\u00f0 h\u00fd\u00f0i\u00f0 er fjarl\u00e6gt. \u00deessi g\u00e6\u00f0i gera \u00feau fullkomin fyrir h\u00e1g\u00e6\u00f0a v\u00f6rur sem \u00feurfa st\u00f6\u00f0uga \u00e1fer\u00f0.<\/li>\n<\/ol>\n<div class=\"flex max-w-full flex-col flex-grow\">\n<div class=\"min-h-8 text-message flex w-full flex-col items-end gap-2 whitespace-normal break-words [.text-message+&amp;]:mt-5\" dir=\"auto\" data-message-author-role=\"assistant\" data-message-id=\"31ea6229-78d6-4c3f-8f61-fea9e8392c9b\">\n<div class=\"flex w-full flex-col gap-1 empty:hidden first:pt-[3px]\">\n<div class=\"markdown prose w-full break-words dark:prose-invert dark\">\n<a href=\"mailto:globepeanut@gmail.com\" class=\"button primary is-primary is-medium\"  >\n    <span>Sendu okkur t\u00f6lvup\u00f3st<\/span>\n  <\/a>\n\n<\/div>\n<\/div>\n<\/div>\n<\/div>\n<div class=\"mb-2 flex gap-3 empty:hidden -ml-2\">\n<div class=\"items-center justify-start rounded-xl p-1 flex\"><\/div>\n<\/div>","protected":false},"excerpt":{"rendered":"<p>Vi\u00f0 erum framlei\u00f0andi og birgir \u00ed ristu\u00f0um blanched hnetum \u00ed K\u00edna<\/p>\n<p>- MOQ: 1 tonn<br \/>\n- OEM \/ ODM \u00fej\u00f3nusta \u00ed bo\u00f0i<br \/>\n- \u00d3keypis s\u00fdnishorn \u00ed bo\u00f0i<br \/>\n- Sam\u00feykkja a\u00f0l\u00f6gun (forskriftir, st\u00e6r\u00f0ir, litur, h\u00f6nnun osfrv.)<br \/>\n\u2013 Ger\u00f0: Rista\u00f0 hneta \u00ed heilu lagi, ristu\u00f0 hnetuhelmingur<\/p>\n<p>Ef \u00fe\u00fa vilt f\u00e1 ver\u00f0 \u00e1 ristu\u00f0um blanchedu\u00f0um hnetum, vinsamlegast haf\u00f0u samband vi\u00f0 okkur.<\/p>","protected":false},"featured_media":1701,"comment_status":"open","ping_status":"closed","template":"","meta":[],"product_cat":[37],"product_tag":[],"class_list":{"0":"post-1554","1":"product","2":"type-product","3":"status-publish","4":"has-post-thumbnail","6":"product_cat-roasted-peanut","8":"first","9":"instock","10":"shipping-taxable","11":"product-type-simple"},"yoast_head":"<!-- This site is optimized with the Yoast SEO plugin v24.9 - https:\/\/yoast.com\/wordpress\/plugins\/seo\/ -->\n<title>Roasted Blanched Peanut China Wholesaler - Peanut Butter Factory<\/title>\n<meta name=\"description\" content=\"High-quality Roasted Blanched Peanut OEM supplier, private label manufacturer, and exporter. Choose us for customizable solutions and global expertise.\" \/>\n<meta name=\"robots\" content=\"index, follow, max-snippet:-1, max-image-preview:large, max-video-preview:-1\" \/>\n<link rel=\"canonical\" href=\"https:\/\/www.peanutoem.com\/is\/manufacturer\/roasted-blanched-peanut\/\" \/>\n<meta property=\"og:locale\" content=\"is_IS\" \/>\n<meta property=\"og:type\" content=\"article\" \/>\n<meta property=\"og:title\" content=\"Roasted Blanched Peanut China Wholesaler - Peanut Butter Factory\" \/>\n<meta property=\"og:description\" content=\"High-quality Roasted Blanched Peanut OEM supplier, private label manufacturer, and exporter. Choose us for customizable solutions and global expertise.\" \/>\n<meta property=\"og:url\" content=\"https:\/\/www.peanutoem.com\/is\/manufacturer\/roasted-blanched-peanut\/\" \/>\n<meta property=\"og:site_name\" content=\"Peanut Butter Factory\" \/>\n<meta property=\"article:modified_time\" content=\"2024-09-28T05:11:42+00:00\" \/>\n<meta property=\"og:image\" content=\"https:\/\/www.peanutoem.com\/wp-content\/uploads\/2024\/09\/Whole-Roast-Blanched-Peanut-.webp\" \/>\n\t<meta property=\"og:image:width\" content=\"1000\" \/>\n\t<meta property=\"og:image:height\" content=\"1000\" \/>\n\t<meta property=\"og:image:type\" content=\"image\/webp\" \/>\n<meta name=\"twitter:card\" content=\"summary_large_image\" \/>\n<meta name=\"twitter:label1\" content=\"Est. reading time\" \/>\n\t<meta name=\"twitter:data1\" content=\"4 minutes\" \/>\n<script type=\"application\/ld+json\" class=\"yoast-schema-graph\">{\"@context\":\"https:\/\/schema.org\",\"@graph\":[{\"@type\":\"WebPage\",\"@id\":\"https:\/\/www.peanutoem.com\/manufacturer\/roasted-blanched-peanut\/\",\"url\":\"https:\/\/www.peanutoem.com\/manufacturer\/roasted-blanched-peanut\/\",\"name\":\"Roasted Blanched Peanut China Wholesaler - Peanut Butter Factory\",\"isPartOf\":{\"@id\":\"https:\/\/www.peanutoem.com\/#website\"},\"primaryImageOfPage\":{\"@id\":\"https:\/\/www.peanutoem.com\/manufacturer\/roasted-blanched-peanut\/#primaryimage\"},\"image\":{\"@id\":\"https:\/\/www.peanutoem.com\/manufacturer\/roasted-blanched-peanut\/#primaryimage\"},\"thumbnailUrl\":\"https:\/\/www.peanutoem.com\/wp-content\/uploads\/2024\/09\/Whole-Roast-Blanched-Peanut-.webp\",\"datePublished\":\"2024-09-02T13:59:01+00:00\",\"dateModified\":\"2024-09-28T05:11:42+00:00\",\"description\":\"High-quality Roasted Blanched Peanut OEM supplier, private label manufacturer, and exporter. Choose us for customizable solutions and global expertise.\",\"breadcrumb\":{\"@id\":\"https:\/\/www.peanutoem.com\/manufacturer\/roasted-blanched-peanut\/#breadcrumb\"},\"inLanguage\":\"is\",\"potentialAction\":[{\"@type\":\"ReadAction\",\"target\":[\"https:\/\/www.peanutoem.com\/manufacturer\/roasted-blanched-peanut\/\"]}]},{\"@type\":\"ImageObject\",\"inLanguage\":\"is\",\"@id\":\"https:\/\/www.peanutoem.com\/manufacturer\/roasted-blanched-peanut\/#primaryimage\",\"url\":\"https:\/\/www.peanutoem.com\/wp-content\/uploads\/2024\/09\/Whole-Roast-Blanched-Peanut-.webp\",\"contentUrl\":\"https:\/\/www.peanutoem.com\/wp-content\/uploads\/2024\/09\/Whole-Roast-Blanched-Peanut-.webp\",\"width\":1000,\"height\":1000,\"caption\":\"Whole Roast Blanched Peanut\"},{\"@type\":\"BreadcrumbList\",\"@id\":\"https:\/\/www.peanutoem.com\/manufacturer\/roasted-blanched-peanut\/#breadcrumb\",\"itemListElement\":[{\"@type\":\"ListItem\",\"position\":1,\"name\":\"Home\",\"item\":\"https:\/\/www.peanutoem.com\/\"},{\"@type\":\"ListItem\",\"position\":2,\"name\":\"Products\",\"item\":\"https:\/\/www.peanutoem.com\/shop\/\"},{\"@type\":\"ListItem\",\"position\":3,\"name\":\"Roasted Blanched Peanut\"}]},{\"@type\":\"WebSite\",\"@id\":\"https:\/\/www.peanutoem.com\/#website\",\"url\":\"https:\/\/www.peanutoem.com\/\",\"name\":\"Peanut Butter Factory\",\"description\":\"Peanut Butter Manufacturer and Roast Peanut OEM Factory | Peanut Private Label China Supplier\",\"publisher\":{\"@id\":\"https:\/\/www.peanutoem.com\/#organization\"},\"alternateName\":\"Peanut Butter OEM and Wholesale\",\"potentialAction\":[{\"@type\":\"SearchAction\",\"target\":{\"@type\":\"EntryPoint\",\"urlTemplate\":\"https:\/\/www.peanutoem.com\/?s={search_term_string}\"},\"query-input\":{\"@type\":\"PropertyValueSpecification\",\"valueRequired\":true,\"valueName\":\"search_term_string\"}}],\"inLanguage\":\"is\"},{\"@type\":\"Organization\",\"@id\":\"https:\/\/www.peanutoem.com\/#organization\",\"name\":\"Peanut Butter Factory\",\"alternateName\":\"JuFeng Group\",\"url\":\"https:\/\/www.peanutoem.com\/\",\"logo\":{\"@type\":\"ImageObject\",\"inLanguage\":\"is\",\"@id\":\"https:\/\/www.peanutoem.com\/#\/schema\/logo\/image\/\",\"url\":\"https:\/\/www.peanutoem.com\/wp-content\/uploads\/2024\/09\/JUFENG-LOGO.png\",\"contentUrl\":\"https:\/\/www.peanutoem.com\/wp-content\/uploads\/2024\/09\/JUFENG-LOGO.png\",\"width\":600,\"height\":170,\"caption\":\"Peanut Butter Factory\"},\"image\":{\"@id\":\"https:\/\/www.peanutoem.com\/#\/schema\/logo\/image\/\"}}]}<\/script>\n<!-- \/ Yoast SEO plugin. -->","yoast_head_json":{"title":"Roasted Blanched Peanut China Wholesaler - Peanut Butter Factory","description":"High-quality Roasted Blanched Peanut OEM supplier, private label manufacturer, and exporter. Choose us for customizable solutions and global expertise.","robots":{"index":"index","follow":"follow","max-snippet":"max-snippet:-1","max-image-preview":"max-image-preview:large","max-video-preview":"max-video-preview:-1"},"canonical":"https:\/\/www.peanutoem.com\/is\/manufacturer\/roasted-blanched-peanut\/","og_locale":"is_IS","og_type":"article","og_title":"Roasted Blanched Peanut China Wholesaler - Peanut Butter Factory","og_description":"High-quality Roasted Blanched Peanut OEM supplier, private label manufacturer, and exporter. Choose us for customizable solutions and global expertise.","og_url":"https:\/\/www.peanutoem.com\/is\/manufacturer\/roasted-blanched-peanut\/","og_site_name":"Peanut Butter Factory","article_modified_time":"2024-09-28T05:11:42+00:00","og_image":[{"width":1000,"height":1000,"url":"https:\/\/www.peanutoem.com\/wp-content\/uploads\/2024\/09\/Whole-Roast-Blanched-Peanut-.webp","type":"image\/webp"}],"twitter_card":"summary_large_image","twitter_misc":{"Est. reading time":"4 minutes"},"schema":{"@context":"https:\/\/schema.org","@graph":[{"@type":"WebPage","@id":"https:\/\/www.peanutoem.com\/manufacturer\/roasted-blanched-peanut\/","url":"https:\/\/www.peanutoem.com\/manufacturer\/roasted-blanched-peanut\/","name":"Roasted Blanched Peanut China Wholesaler - Peanut Butter Factory","isPartOf":{"@id":"https:\/\/www.peanutoem.com\/#website"},"primaryImageOfPage":{"@id":"https:\/\/www.peanutoem.com\/manufacturer\/roasted-blanched-peanut\/#primaryimage"},"image":{"@id":"https:\/\/www.peanutoem.com\/manufacturer\/roasted-blanched-peanut\/#primaryimage"},"thumbnailUrl":"https:\/\/www.peanutoem.com\/wp-content\/uploads\/2024\/09\/Whole-Roast-Blanched-Peanut-.webp","datePublished":"2024-09-02T13:59:01+00:00","dateModified":"2024-09-28T05:11:42+00:00","description":"High-quality Roasted Blanched Peanut OEM supplier, private label manufacturer, and exporter. Choose us for customizable solutions and global expertise.","breadcrumb":{"@id":"https:\/\/www.peanutoem.com\/manufacturer\/roasted-blanched-peanut\/#breadcrumb"},"inLanguage":"is","potentialAction":[{"@type":"ReadAction","target":["https:\/\/www.peanutoem.com\/manufacturer\/roasted-blanched-peanut\/"]}]},{"@type":"ImageObject","inLanguage":"is","@id":"https:\/\/www.peanutoem.com\/manufacturer\/roasted-blanched-peanut\/#primaryimage","url":"https:\/\/www.peanutoem.com\/wp-content\/uploads\/2024\/09\/Whole-Roast-Blanched-Peanut-.webp","contentUrl":"https:\/\/www.peanutoem.com\/wp-content\/uploads\/2024\/09\/Whole-Roast-Blanched-Peanut-.webp","width":1000,"height":1000,"caption":"Whole Roast Blanched Peanut"},{"@type":"BreadcrumbList","@id":"https:\/\/www.peanutoem.com\/manufacturer\/roasted-blanched-peanut\/#breadcrumb","itemListElement":[{"@type":"ListItem","position":1,"name":"Home","item":"https:\/\/www.peanutoem.com\/"},{"@type":"ListItem","position":2,"name":"Products","item":"https:\/\/www.peanutoem.com\/shop\/"},{"@type":"ListItem","position":3,"name":"Roasted Blanched Peanut"}]},{"@type":"WebSite","@id":"https:\/\/www.peanutoem.com\/#website","url":"https:\/\/www.peanutoem.com\/","name":"Peanut Butter Factory","description":"Peanut Butter Manufacturer and Roast Peanut OEM Factory | Peanut Private Label China Supplier","publisher":{"@id":"https:\/\/www.peanutoem.com\/#organization"},"alternateName":"Peanut Butter OEM and Wholesale","potentialAction":[{"@type":"SearchAction","target":{"@type":"EntryPoint","urlTemplate":"https:\/\/www.peanutoem.com\/?s={search_term_string}"},"query-input":{"@type":"PropertyValueSpecification","valueRequired":true,"valueName":"search_term_string"}}],"inLanguage":"is"},{"@type":"Organization","@id":"https:\/\/www.peanutoem.com\/#organization","name":"Peanut Butter Factory","alternateName":"JuFeng Group","url":"https:\/\/www.peanutoem.com\/","logo":{"@type":"ImageObject","inLanguage":"is","@id":"https:\/\/www.peanutoem.com\/#\/schema\/logo\/image\/","url":"https:\/\/www.peanutoem.com\/wp-content\/uploads\/2024\/09\/JUFENG-LOGO.png","contentUrl":"https:\/\/www.peanutoem.com\/wp-content\/uploads\/2024\/09\/JUFENG-LOGO.png","width":600,"height":170,"caption":"Peanut Butter Factory"},"image":{"@id":"https:\/\/www.peanutoem.com\/#\/schema\/logo\/image\/"}}]}},"_links":{"self":[{"href":"https:\/\/www.peanutoem.com\/is\/wp-json\/wp\/v2\/product\/1554","targetHints":{"allow":["GET"]}}],"collection":[{"href":"https:\/\/www.peanutoem.com\/is\/wp-json\/wp\/v2\/product"}],"about":[{"href":"https:\/\/www.peanutoem.com\/is\/wp-json\/wp\/v2\/types\/product"}],"replies":[{"embeddable":true,"href":"https:\/\/www.peanutoem.com\/is\/wp-json\/wp\/v2\/comments?post=1554"}],"wp:featuredmedia":[{"embeddable":true,"href":"https:\/\/www.peanutoem.com\/is\/wp-json\/wp\/v2\/media\/1701"}],"wp:attachment":[{"href":"https:\/\/www.peanutoem.com\/is\/wp-json\/wp\/v2\/media?parent=1554"}],"wp:term":[{"taxonomy":"product_cat","embeddable":true,"href":"https:\/\/www.peanutoem.com\/is\/wp-json\/wp\/v2\/product_cat?post=1554"},{"taxonomy":"product_tag","embeddable":true,"href":"https:\/\/www.peanutoem.com\/is\/wp-json\/wp\/v2\/product_tag?post=1554"}],"curies":[{"name":"wp","href":"https:\/\/api.w.org\/{rel}","templated":true}]}}