{"id":1556,"date":"2024-09-02T14:00:57","date_gmt":"2024-09-02T14:00:57","guid":{"rendered":"https:\/\/www.peanutoem.com\/?post_type=product&#038;p=1556"},"modified":"2024-09-28T04:23:49","modified_gmt":"2024-09-28T04:23:49","slug":"roasted-peanut-powder","status":"publish","type":"product","link":"https:\/\/www.peanutoem.com\/is\/manufacturer\/roasted-peanut-powder\/","title":{"rendered":"Rista\u00f0 hnetuduft"},"content":{"rendered":"<h3>Hva\u00f0 er rista\u00f0 hnetuduft?<\/h3>\n<p>Rista\u00f0 jar\u00f0hnetuduft er b\u00fai\u00f0 til me\u00f0 \u00fev\u00ed a\u00f0 f\u00ednmala jar\u00f0hnetur og auka n\u00e1tt\u00farulegt brag\u00f0 \u00feeirra me\u00f0 <a href=\"https:\/\/en.wikipedia.org\/wiki\/Roasting\" target=\"_blank\" rel=\"noopener\">steikingu<\/a> ferli. \u00deetta fj\u00f6lh\u00e6fa innihaldsefni er vins\u00e6lt \u00ed matv\u00e6lai\u00f0na\u00f0inum og \u00fej\u00f3nar sem \u00farvals\u00fe\u00e1ttur \u00ed hnetusnakk, bakkelsi, s\u00f3sur og pr\u00f3teinduft. Brennsluferli\u00f0 eykur verulega hnetuilminn af hnetum, sem gerir \u00fe\u00e6r a\u00f0 \u00e1kj\u00f3sanlegu efni fyrir matv\u00e6laframlei\u00f0endur sem leita a\u00f0 r\u00edkulegu hnetubrag\u00f0i. Duftformi\u00f0 gerir \u00fea\u00f0 au\u00f0velt a\u00f0 fella \u00fea\u00f0 inn \u00ed \u00fdmsar uppskriftir, sem gefur matv\u00e6lum r\u00edkulegt brag\u00f0 \u00e1n \u00feess a\u00f0 \u00fe\u00f6rf s\u00e9 \u00e1 vi\u00f0b\u00f3tarvatni.<\/p>\n<h3><img loading=\"lazy\" decoding=\"async\" class=\"alignnone wp-image-1719 size-full\" src=\"https:\/\/www.peanutoem.com\/wp-content\/uploads\/2024\/09\/Roasted-Peanut-Powder-in-Pouch.webp\" alt=\"Rista\u00f0 hnetuduft \u00ed poka\" width=\"912\" height=\"1128\" srcset=\"https:\/\/www.peanutoem.com\/wp-content\/uploads\/2024\/09\/Roasted-Peanut-Powder-in-Pouch.webp 912w, https:\/\/www.peanutoem.com\/wp-content\/uploads\/2024\/09\/Roasted-Peanut-Powder-in-Pouch-243x300.webp 243w, https:\/\/www.peanutoem.com\/wp-content\/uploads\/2024\/09\/Roasted-Peanut-Powder-in-Pouch-828x1024.webp 828w, https:\/\/www.peanutoem.com\/wp-content\/uploads\/2024\/09\/Roasted-Peanut-Powder-in-Pouch-768x950.webp 768w, https:\/\/www.peanutoem.com\/wp-content\/uploads\/2024\/09\/Roasted-Peanut-Powder-in-Pouch-10x12.webp 10w, https:\/\/www.peanutoem.com\/wp-content\/uploads\/2024\/09\/Roasted-Peanut-Powder-in-Pouch-600x742.webp 600w\" sizes=\"auto, (max-width: 912px) 100vw, 912px\" \/><\/h3>\n<h3>\u00d6nnur n\u00f6fn fyrir brennt hnetupuft<\/h3>\n<p>Rista\u00f0 hnetuduft er \u00feekkt undir mismunandi n\u00f6fnum \u00e1 marka\u00f0num. Sumir algengir valkostir eru:<\/p>\n<ul>\n<li>Hnetumj\u00f6l<\/li>\n<li>Rista\u00f0 mala\u00f0 hnetuduft<\/li>\n<li>Hnetum\u00e1lt\u00ed\u00f0<\/li>\n<li>Rista\u00f0 hneturyk<\/li>\n<li>Affita\u00f0 hnetuduft<\/li>\n<\/ul>\n<div class=\"group\/conversation-turn relative flex w-full min-w-0 flex-col agent-turn\">\n<div class=\"flex-col gap-1 md:gap-3\">\n<h3>Vi\u00f0eigandi heitt efni um rista\u00f0 hnetuduft<\/h3>\n<ul>\n<li data-pm-slice=\"0 0 []\"><strong>Gl\u00fatenlaus b\u00f6kunarforrit:<\/strong> Fleiri bakarar nota rista\u00f0 hnetuduft sem sta\u00f0gengill fyrir hveiti \u00ed gl\u00fatenlausum uppskriftum, sem eykur b\u00e6\u00f0i brag\u00f0i\u00f0 og n\u00e6ringu.<\/li>\n<li><strong>Heilsuhagur:<\/strong> Heilsume\u00f0vitu\u00f0um neytendum finnst brennt hnetuduft a\u00f0la\u00f0andi vegna mikils pr\u00f3teins, trefja og hollrar fitu.<\/li>\n<li><strong>Vaxandi eftirspurn eftir pl\u00f6ntupr\u00f3teini:<\/strong> \u00deegar matar\u00e6\u00f0i byggir \u00e1 pl\u00f6ntum vex, ver\u00f0ur rista\u00f0 hnetuduft a\u00f0 upp\u00e1haldi pr\u00f3teingjafa fyrir vegan og gr\u00e6nmetis\u00e6tur.<\/li>\n<li><strong>Gl\u00fatenlaus b\u00f6kunarforrit:<\/strong> Bakarar velja \u00ed auknum m\u00e6li rista\u00f0 hnetuduft sem sta\u00f0gengill fyrir hveiti \u00ed gl\u00fatenlausum uppskriftum, sem eykur brag\u00f0i\u00f0 og n\u00e6ringu.<\/li>\n<li><strong>N\u00fdst\u00e1rleg notkun matv\u00e6lai\u00f0na\u00f0ar:<\/strong> \u00deetta fj\u00f6lh\u00e6fa hr\u00e1efni eykur brag\u00f0 og \u00e1fer\u00f0 \u00fdmissa vara, allt fr\u00e1 orkubitum til s\u00f3sna.<\/li>\n<li><strong>T\u00e6kif\u00e6ri fyrir einkamerki:<\/strong> M\u00f6rg v\u00f6rumerki velja hnetuv\u00f6rur \u00e1 einkamerkjum og bj\u00f3\u00f0a upp \u00e1 s\u00e9rsni\u00f0nar rista\u00f0 hnetuduftlausnir me\u00f0 okkur sem traustum OEM samstarfsa\u00f0ila.<\/li>\n<\/ul>\n<h3 class=\"flex max-w-full flex-col flex-grow\"><span style=\"font-size: 20.16px;\">Sem traustur lei\u00f0togi \u00ed hnetuvinnslui\u00f0na\u00f0inum bj\u00f3\u00f0um vi\u00f0 upp \u00e1 \u00farvals rista\u00f0 hnetuduft fyrir fj\u00f6lbreytta notkun. Svona skerum vi\u00f0 okkur \u00far:<\/span><\/h3>\n<ul>\n<li><strong>N\u00fdjasta framlei\u00f0sla:<\/strong> H\u00e1\u00fer\u00f3a\u00f0ar framlei\u00f0slul\u00ednur okkar tryggja h\u00e1g\u00e6\u00f0a brennt hnetuduft me\u00f0 samr\u00e6mdri kornast\u00e6r\u00f0 og brag\u00f0i.<\/li>\n<li><strong>S\u00e9rsni\u00f0nar lausnir:<\/strong> Sem OEM framlei\u00f0andi, afhendum vi\u00f0 einkamerkja\u00fej\u00f3nustu, s\u00e9rsni\u00f0in steikingarstig og sveigjanlega umb\u00fa\u00f0ir til a\u00f0 m\u00e6ta einst\u00f6kum \u00fe\u00f6rfum \u00fe\u00ednum.<\/li>\n<li><strong>Strangt g\u00e6\u00f0aeftirlit:<\/strong> Vi\u00f0 upplifum str\u00f6ngustu v\u00f6rusta\u00f0la me\u00f0 str\u00f6ngum skynjunar-, efna- og \u00f6rverupr\u00f3funum \u00ed n\u00fdjustu ranns\u00f3knarstofum okkar.<\/li>\n<li><strong>Vottun og samr\u00e6mi:<\/strong> Vottun okkar - BRCGS, HACCP, Halal, Kosher og EU Organic - sta\u00f0festa a\u00f0 vi\u00f0 fylgjum str\u00f6ngum g\u00e6\u00f0a- og \u00f6ryggisst\u00f6\u00f0lum.<\/li>\n<li><strong>Al\u00fej\u00f3\u00f0leg \u00fatflutnings\u00feekking:<\/strong> Me\u00f0 v\u00ed\u00f0t\u00e6ka reynslu \u00ed al\u00fej\u00f3\u00f0legum flutningum tryggjum vi\u00f0 sl\u00e9tt og \u00e1rei\u00f0anlegt \u00fatflutningsferli \u00e1 marka\u00f0i um allan heim.<\/li>\n<li><strong>Skuldbinding um sj\u00e1lfb\u00e6rni:<\/strong> Vi\u00f0 setjum sj\u00e1lfb\u00e6ra uppsprettu og vistv\u00e6na framlei\u00f0slua\u00f0fer\u00f0ir \u00ed forgang, sem stu\u00f0lar a\u00f0 betri framt\u00ed\u00f0 fyrir jar\u00f0hnetui\u00f0na\u00f0inn.<\/li>\n<\/ul>\n<h3>Af hverju a\u00f0 velja okkur?<\/h3>\n<ul>\n<li><strong>Toppval:<\/strong> N\u00fdjasta t\u00e6kni okkar, s\u00e9rsni\u00f0nar valkostir og al\u00fej\u00f3\u00f0legar vottanir gera okkur a\u00f0 lei\u00f0andi birgi.<\/li>\n<li><strong>S\u00e9rsni\u00f0nar umb\u00fa\u00f0ir:<\/strong> Vi\u00f0 bj\u00f3\u00f0um upp \u00e1 einkamerkja\u00fej\u00f3nustu til a\u00f0 s\u00e9rsn\u00ed\u00f0a umb\u00fa\u00f0ir \u00fe\u00ednar og v\u00f6rumerki a\u00f0 \u00fe\u00ednum forskriftum.<\/li>\n<li><strong>Ferskleikatrygging:<\/strong> Hitast\u00fdr\u00f0ar geymslust\u00f6\u00f0var okkar vi\u00f0halda ferskleika v\u00f6ru vi\u00f0 geymslu og sendingu.<\/li>\n<li><strong>Steikingarstig:<\/strong> Nj\u00f3ttu s\u00e9rsni\u00f0inna steikingarstiga fr\u00e1 lj\u00f3su til d\u00f6kku, hanna\u00f0 til a\u00f0 henta \u00fe\u00ednum brag\u00f0\u00fe\u00f6rfum.<\/li>\n<li><strong>Magnpantanir:<\/strong> Haf\u00f0u samband vi\u00f0 s\u00f6luteymi okkar til a\u00f0 r\u00e6\u00f0a au\u00f0veldlega og uppfylla magnp\u00f6ntunar\u00fearfir \u00fe\u00ednar.<\/li>\n<li><strong>I\u00f0na\u00f0arums\u00f3knir:<\/strong> Brennt hnetudufti\u00f0 okkar er vins\u00e6lt \u00ed bakstri, snarlframlei\u00f0slu, pr\u00f3teinuppb\u00f3t, s\u00f3sum og brag\u00f0efnum.<\/li>\n<li><strong>Gl\u00fatenlaust:<\/strong> N\u00e1tt\u00farulega gl\u00fatenfr\u00edtt, \u00fea\u00f0 er fr\u00e1b\u00e6rt val fyrir gl\u00fatenfr\u00edar matv\u00f6rur.<\/li>\n<li><strong>S\u00fdnishorn \u00ed bo\u00f0i:<\/strong> Vi\u00f0 bj\u00f3\u00f0um upp \u00e1 s\u00fdnishorn fyrir v\u00e6ntanlega vi\u00f0skiptavini til a\u00f0 meta g\u00e6\u00f0i og h\u00e6fi v\u00f6ru okkar.<\/li>\n<li><strong>Al\u00fej\u00f3\u00f0legt n\u00e1:<\/strong> Vi\u00f0 flytjum \u00fat til marka\u00f0a \u00ed Nor\u00f0ur-Amer\u00edku, Evr\u00f3pu, As\u00edu og Mi\u00f0austurl\u00f6ndum og tryggjum \u00f6flugt al\u00fej\u00f3\u00f0legt frambo\u00f0snet.<\/li>\n<\/ul>\n<a href=\"mailto:globepeanut@gmail.com\" class=\"button primary is-primary is-medium\"  >\n    <span>Sendu okkur t\u00f6lvup\u00f3st<\/span>\n  <\/a>\n\n<\/div>\n<\/div>","protected":false},"excerpt":{"rendered":"<p>Vi\u00f0 erum framlei\u00f0andi og birgir \u00ed ristu\u00f0u hnetudufti \u00ed K\u00edna<\/p>\n<p>- MOQ: 1 tonn<br \/>\n- OEM \/ ODM \u00fej\u00f3nusta \u00ed bo\u00f0i<br \/>\n- \u00d3keypis s\u00fdnishorn \u00ed bo\u00f0i<br \/>\n- Sam\u00feykkja a\u00f0l\u00f6gun (forskriftir, st\u00e6r\u00f0ir, litur, h\u00f6nnun osfrv.)<br \/>\n- T\u00e6knil\u00fdsing (14 m\u00f6skva minni, e\u00f0a eftir \u00fe\u00f6rfum \u00fe\u00ednum)<\/p>\n<p>Ef \u00fe\u00fa vilt f\u00e1 rista\u00f0 hnetusp\u00fa\u00f0ur, vinsamlegast haf\u00f0u samband vi\u00f0 okkur.<\/p>","protected":false},"featured_media":1714,"comment_status":"open","ping_status":"closed","template":"","meta":[],"product_cat":[37],"product_tag":[],"class_list":{"0":"post-1556","1":"product","2":"type-product","3":"status-publish","4":"has-post-thumbnail","6":"product_cat-roasted-peanut","8":"first","9":"instock","10":"shipping-taxable","11":"product-type-simple"},"yoast_head":"<!-- This site is optimized with the Yoast SEO plugin v24.9 - https:\/\/yoast.com\/wordpress\/plugins\/seo\/ -->\n<title>Roasted Peanut Powder Manufacturer - Peanut Butter Factory<\/title>\n<meta name=\"description\" content=\"We are a top OEM, private label manufacturer, and exporter of premium Roasted Peanut Powder, offering quality solutions globally.\" \/>\n<meta name=\"robots\" content=\"index, follow, max-snippet:-1, max-image-preview:large, max-video-preview:-1\" \/>\n<link rel=\"canonical\" href=\"https:\/\/www.peanutoem.com\/is\/manufacturer\/roasted-peanut-powder\/\" \/>\n<meta property=\"og:locale\" content=\"is_IS\" \/>\n<meta property=\"og:type\" content=\"article\" \/>\n<meta property=\"og:title\" content=\"Roasted Peanut Powder Manufacturer - Peanut Butter Factory\" \/>\n<meta property=\"og:description\" content=\"We are a top OEM, private label manufacturer, and exporter of premium Roasted Peanut Powder, offering quality solutions globally.\" \/>\n<meta property=\"og:url\" content=\"https:\/\/www.peanutoem.com\/is\/manufacturer\/roasted-peanut-powder\/\" \/>\n<meta property=\"og:site_name\" content=\"Peanut Butter Factory\" \/>\n<meta property=\"article:modified_time\" content=\"2024-09-28T04:23:49+00:00\" \/>\n<meta property=\"og:image\" content=\"https:\/\/www.peanutoem.com\/wp-content\/uploads\/2024\/09\/Roasted-Peanut-Powder.webp\" \/>\n\t<meta property=\"og:image:width\" content=\"551\" \/>\n\t<meta property=\"og:image:height\" content=\"472\" \/>\n\t<meta property=\"og:image:type\" content=\"image\/webp\" \/>\n<meta name=\"twitter:card\" content=\"summary_large_image\" \/>\n<meta name=\"twitter:label1\" content=\"Est. reading time\" \/>\n\t<meta name=\"twitter:data1\" content=\"3 minutes\" \/>\n<script type=\"application\/ld+json\" class=\"yoast-schema-graph\">{\"@context\":\"https:\/\/schema.org\",\"@graph\":[{\"@type\":\"WebPage\",\"@id\":\"https:\/\/www.peanutoem.com\/manufacturer\/roasted-peanut-powder\/\",\"url\":\"https:\/\/www.peanutoem.com\/manufacturer\/roasted-peanut-powder\/\",\"name\":\"Roasted Peanut Powder Manufacturer - Peanut Butter Factory\",\"isPartOf\":{\"@id\":\"https:\/\/www.peanutoem.com\/#website\"},\"primaryImageOfPage\":{\"@id\":\"https:\/\/www.peanutoem.com\/manufacturer\/roasted-peanut-powder\/#primaryimage\"},\"image\":{\"@id\":\"https:\/\/www.peanutoem.com\/manufacturer\/roasted-peanut-powder\/#primaryimage\"},\"thumbnailUrl\":\"https:\/\/www.peanutoem.com\/wp-content\/uploads\/2024\/09\/Roasted-Peanut-Powder.webp\",\"datePublished\":\"2024-09-02T14:00:57+00:00\",\"dateModified\":\"2024-09-28T04:23:49+00:00\",\"description\":\"We are a top OEM, private label manufacturer, and exporter of premium Roasted Peanut Powder, offering quality solutions globally.\",\"breadcrumb\":{\"@id\":\"https:\/\/www.peanutoem.com\/manufacturer\/roasted-peanut-powder\/#breadcrumb\"},\"inLanguage\":\"is\",\"potentialAction\":[{\"@type\":\"ReadAction\",\"target\":[\"https:\/\/www.peanutoem.com\/manufacturer\/roasted-peanut-powder\/\"]}]},{\"@type\":\"ImageObject\",\"inLanguage\":\"is\",\"@id\":\"https:\/\/www.peanutoem.com\/manufacturer\/roasted-peanut-powder\/#primaryimage\",\"url\":\"https:\/\/www.peanutoem.com\/wp-content\/uploads\/2024\/09\/Roasted-Peanut-Powder.webp\",\"contentUrl\":\"https:\/\/www.peanutoem.com\/wp-content\/uploads\/2024\/09\/Roasted-Peanut-Powder.webp\",\"width\":551,\"height\":472,\"caption\":\"Roasted Peanut Powder\"},{\"@type\":\"BreadcrumbList\",\"@id\":\"https:\/\/www.peanutoem.com\/manufacturer\/roasted-peanut-powder\/#breadcrumb\",\"itemListElement\":[{\"@type\":\"ListItem\",\"position\":1,\"name\":\"Home\",\"item\":\"https:\/\/www.peanutoem.com\/\"},{\"@type\":\"ListItem\",\"position\":2,\"name\":\"Products\",\"item\":\"https:\/\/www.peanutoem.com\/shop\/\"},{\"@type\":\"ListItem\",\"position\":3,\"name\":\"Roasted Peanut Powder\"}]},{\"@type\":\"WebSite\",\"@id\":\"https:\/\/www.peanutoem.com\/#website\",\"url\":\"https:\/\/www.peanutoem.com\/\",\"name\":\"Peanut Butter Factory\",\"description\":\"Peanut Butter Manufacturer and Roast Peanut OEM Factory | Peanut Private Label China Supplier\",\"publisher\":{\"@id\":\"https:\/\/www.peanutoem.com\/#organization\"},\"alternateName\":\"Peanut Butter OEM and Wholesale\",\"potentialAction\":[{\"@type\":\"SearchAction\",\"target\":{\"@type\":\"EntryPoint\",\"urlTemplate\":\"https:\/\/www.peanutoem.com\/?s={search_term_string}\"},\"query-input\":{\"@type\":\"PropertyValueSpecification\",\"valueRequired\":true,\"valueName\":\"search_term_string\"}}],\"inLanguage\":\"is\"},{\"@type\":\"Organization\",\"@id\":\"https:\/\/www.peanutoem.com\/#organization\",\"name\":\"Peanut Butter Factory\",\"alternateName\":\"JuFeng Group\",\"url\":\"https:\/\/www.peanutoem.com\/\",\"logo\":{\"@type\":\"ImageObject\",\"inLanguage\":\"is\",\"@id\":\"https:\/\/www.peanutoem.com\/#\/schema\/logo\/image\/\",\"url\":\"https:\/\/www.peanutoem.com\/wp-content\/uploads\/2024\/09\/JUFENG-LOGO.png\",\"contentUrl\":\"https:\/\/www.peanutoem.com\/wp-content\/uploads\/2024\/09\/JUFENG-LOGO.png\",\"width\":600,\"height\":170,\"caption\":\"Peanut Butter Factory\"},\"image\":{\"@id\":\"https:\/\/www.peanutoem.com\/#\/schema\/logo\/image\/\"}}]}<\/script>\n<!-- \/ Yoast SEO plugin. -->","yoast_head_json":{"title":"Roasted Peanut Powder Manufacturer - Peanut Butter Factory","description":"We are a top OEM, private label manufacturer, and exporter of premium Roasted Peanut Powder, offering quality solutions globally.","robots":{"index":"index","follow":"follow","max-snippet":"max-snippet:-1","max-image-preview":"max-image-preview:large","max-video-preview":"max-video-preview:-1"},"canonical":"https:\/\/www.peanutoem.com\/is\/manufacturer\/roasted-peanut-powder\/","og_locale":"is_IS","og_type":"article","og_title":"Roasted Peanut Powder Manufacturer - Peanut Butter Factory","og_description":"We are a top OEM, private label manufacturer, and exporter of premium Roasted Peanut Powder, offering quality solutions globally.","og_url":"https:\/\/www.peanutoem.com\/is\/manufacturer\/roasted-peanut-powder\/","og_site_name":"Peanut Butter Factory","article_modified_time":"2024-09-28T04:23:49+00:00","og_image":[{"width":551,"height":472,"url":"https:\/\/www.peanutoem.com\/wp-content\/uploads\/2024\/09\/Roasted-Peanut-Powder.webp","type":"image\/webp"}],"twitter_card":"summary_large_image","twitter_misc":{"Est. reading time":"3 minutes"},"schema":{"@context":"https:\/\/schema.org","@graph":[{"@type":"WebPage","@id":"https:\/\/www.peanutoem.com\/manufacturer\/roasted-peanut-powder\/","url":"https:\/\/www.peanutoem.com\/manufacturer\/roasted-peanut-powder\/","name":"Roasted Peanut Powder Manufacturer - Peanut Butter Factory","isPartOf":{"@id":"https:\/\/www.peanutoem.com\/#website"},"primaryImageOfPage":{"@id":"https:\/\/www.peanutoem.com\/manufacturer\/roasted-peanut-powder\/#primaryimage"},"image":{"@id":"https:\/\/www.peanutoem.com\/manufacturer\/roasted-peanut-powder\/#primaryimage"},"thumbnailUrl":"https:\/\/www.peanutoem.com\/wp-content\/uploads\/2024\/09\/Roasted-Peanut-Powder.webp","datePublished":"2024-09-02T14:00:57+00:00","dateModified":"2024-09-28T04:23:49+00:00","description":"We are a top OEM, private label manufacturer, and exporter of premium Roasted Peanut Powder, offering quality solutions globally.","breadcrumb":{"@id":"https:\/\/www.peanutoem.com\/manufacturer\/roasted-peanut-powder\/#breadcrumb"},"inLanguage":"is","potentialAction":[{"@type":"ReadAction","target":["https:\/\/www.peanutoem.com\/manufacturer\/roasted-peanut-powder\/"]}]},{"@type":"ImageObject","inLanguage":"is","@id":"https:\/\/www.peanutoem.com\/manufacturer\/roasted-peanut-powder\/#primaryimage","url":"https:\/\/www.peanutoem.com\/wp-content\/uploads\/2024\/09\/Roasted-Peanut-Powder.webp","contentUrl":"https:\/\/www.peanutoem.com\/wp-content\/uploads\/2024\/09\/Roasted-Peanut-Powder.webp","width":551,"height":472,"caption":"Roasted Peanut Powder"},{"@type":"BreadcrumbList","@id":"https:\/\/www.peanutoem.com\/manufacturer\/roasted-peanut-powder\/#breadcrumb","itemListElement":[{"@type":"ListItem","position":1,"name":"Home","item":"https:\/\/www.peanutoem.com\/"},{"@type":"ListItem","position":2,"name":"Products","item":"https:\/\/www.peanutoem.com\/shop\/"},{"@type":"ListItem","position":3,"name":"Roasted Peanut Powder"}]},{"@type":"WebSite","@id":"https:\/\/www.peanutoem.com\/#website","url":"https:\/\/www.peanutoem.com\/","name":"Peanut Butter Factory","description":"Peanut Butter Manufacturer and Roast Peanut OEM Factory | Peanut Private Label China Supplier","publisher":{"@id":"https:\/\/www.peanutoem.com\/#organization"},"alternateName":"Peanut Butter OEM and Wholesale","potentialAction":[{"@type":"SearchAction","target":{"@type":"EntryPoint","urlTemplate":"https:\/\/www.peanutoem.com\/?s={search_term_string}"},"query-input":{"@type":"PropertyValueSpecification","valueRequired":true,"valueName":"search_term_string"}}],"inLanguage":"is"},{"@type":"Organization","@id":"https:\/\/www.peanutoem.com\/#organization","name":"Peanut Butter Factory","alternateName":"JuFeng Group","url":"https:\/\/www.peanutoem.com\/","logo":{"@type":"ImageObject","inLanguage":"is","@id":"https:\/\/www.peanutoem.com\/#\/schema\/logo\/image\/","url":"https:\/\/www.peanutoem.com\/wp-content\/uploads\/2024\/09\/JUFENG-LOGO.png","contentUrl":"https:\/\/www.peanutoem.com\/wp-content\/uploads\/2024\/09\/JUFENG-LOGO.png","width":600,"height":170,"caption":"Peanut Butter Factory"},"image":{"@id":"https:\/\/www.peanutoem.com\/#\/schema\/logo\/image\/"}}]}},"_links":{"self":[{"href":"https:\/\/www.peanutoem.com\/is\/wp-json\/wp\/v2\/product\/1556","targetHints":{"allow":["GET"]}}],"collection":[{"href":"https:\/\/www.peanutoem.com\/is\/wp-json\/wp\/v2\/product"}],"about":[{"href":"https:\/\/www.peanutoem.com\/is\/wp-json\/wp\/v2\/types\/product"}],"replies":[{"embeddable":true,"href":"https:\/\/www.peanutoem.com\/is\/wp-json\/wp\/v2\/comments?post=1556"}],"wp:featuredmedia":[{"embeddable":true,"href":"https:\/\/www.peanutoem.com\/is\/wp-json\/wp\/v2\/media\/1714"}],"wp:attachment":[{"href":"https:\/\/www.peanutoem.com\/is\/wp-json\/wp\/v2\/media?parent=1556"}],"wp:term":[{"taxonomy":"product_cat","embeddable":true,"href":"https:\/\/www.peanutoem.com\/is\/wp-json\/wp\/v2\/product_cat?post=1556"},{"taxonomy":"product_tag","embeddable":true,"href":"https:\/\/www.peanutoem.com\/is\/wp-json\/wp\/v2\/product_tag?post=1556"}],"curies":[{"name":"wp","href":"https:\/\/api.w.org\/{rel}","templated":true}]}}