{"id":1638,"date":"2024-09-10T12:30:11","date_gmt":"2024-09-10T12:30:11","guid":{"rendered":"https:\/\/www.peanutoem.com\/?post_type=product&#038;p=1638"},"modified":"2024-10-06T09:55:00","modified_gmt":"2024-10-06T09:55:00","slug":"chocolate-peanut-butter","status":"publish","type":"product","link":"https:\/\/www.peanutoem.com\/is\/manufacturer\/chocolate-peanut-butter\/","title":{"rendered":"S\u00fakkula\u00f0i hnetusmj\u00f6r"},"content":{"rendered":"<h3>Hva\u00f0 er s\u00fakkula\u00f0i hnetusmj\u00f6r?<\/h3>\n<p>S\u00fakkula\u00f0i hnetusmj\u00f6r er d\u00fdrindis blanda af rj\u00f3mal\u00f6gu\u00f0u hnetusmj\u00f6ri og r\u00edkulegu <a href=\"https:\/\/en.wikipedia.org\/wiki\/Chocolate\" target=\"_blank\" rel=\"noopener\">s\u00fakkula\u00f0i<\/a>, b\u00faa til s\u00e6tt og brag\u00f0miki\u00f0 \u00e1legg sem h\u00f6f\u00f0ar til margs konar smekksvala. \u00deessi lj\u00faffenga blanda er fullkomin til a\u00f0 smyrja \u00e1 brau\u00f0, nota \u00ed eftirr\u00e9tti e\u00f0a einfaldlega nj\u00f3ta me\u00f0 skei\u00f0. Samsetningin af hnetum og s\u00fakkula\u00f0i b\u00fd\u00f0ur upp \u00e1 yfirvega\u00f0a skemmtun sem fulln\u00e6gir b\u00e6\u00f0i hnetusmj\u00f6rs\u00e1hugam\u00f6nnum og s\u00fakkula\u00f0iunnendum.<\/p>\n<h3>Hver eru \u00f6nnur n\u00f6fn \u00e1 s\u00fakkula\u00f0i \u00ed hnetusmj\u00f6ri?<\/h3>\n<p>S\u00fakkula\u00f0i hnetusmj\u00f6r er oft nefnt mismunandi n\u00f6fnum eftir brag\u00f0i og notkun. Sum \u00f6nnur n\u00f6fn innihalda:<\/p>\n<ul>\n<li>Hnetusmj\u00f6r me\u00f0 s\u00fakkula\u00f0ibrag\u00f0i<\/li>\n<li>Kak\u00f3 hnetusmj\u00f6r smurt<\/li>\n<li>Kak\u00f3 hnetusmj\u00f6r<\/li>\n<li>S\u00fakk\u00f3-hnetu\u00e1legg<\/li>\n<li>Hnetusmj\u00f6r me\u00f0 s\u00fakkula\u00f0i<\/li>\n<li>Hnetus\u00fakkula\u00f0i\u00e1legg<\/li>\n<li>S\u00fakkula\u00f0iblanda\u00f0 hnetusmj\u00f6r<\/li>\n<li>Hnetus\u00fakkula\u00f0i\u00e1legg<\/li>\n<\/ul>\n<p>\u00deessi n\u00f6fn undirstrika hina yndislegu bl\u00f6ndu af s\u00fakkula\u00f0i og hnetusmj\u00f6ri, sem gerir hana a\u00f0la\u00f0andi fyrir neytendur \u00e1 \u00fdmsum m\u00f6rku\u00f0um.<\/p>\n<h3><img loading=\"lazy\" decoding=\"async\" class=\"alignnone wp-image-1682 size-full\" src=\"https:\/\/www.peanutoem.com\/wp-content\/uploads\/2024\/09\/Chocolate-Peanut-Butter-on-Bread.webp\" alt=\"S\u00fakkula\u00f0i hnetusmj\u00f6r \u00e1 brau\u00f0\" width=\"912\" height=\"1144\" srcset=\"https:\/\/www.peanutoem.com\/wp-content\/uploads\/2024\/09\/Chocolate-Peanut-Butter-on-Bread.webp 912w, https:\/\/www.peanutoem.com\/wp-content\/uploads\/2024\/09\/Chocolate-Peanut-Butter-on-Bread-239x300.webp 239w, https:\/\/www.peanutoem.com\/wp-content\/uploads\/2024\/09\/Chocolate-Peanut-Butter-on-Bread-816x1024.webp 816w, https:\/\/www.peanutoem.com\/wp-content\/uploads\/2024\/09\/Chocolate-Peanut-Butter-on-Bread-768x963.webp 768w, https:\/\/www.peanutoem.com\/wp-content\/uploads\/2024\/09\/Chocolate-Peanut-Butter-on-Bread-10x12.webp 10w, https:\/\/www.peanutoem.com\/wp-content\/uploads\/2024\/09\/Chocolate-Peanut-Butter-on-Bread-600x753.webp 600w\" sizes=\"auto, (max-width: 912px) 100vw, 912px\" \/><\/h3>\n<h3>Af hverju a\u00f0 velja okkur sem samstarfsa\u00f0ila?<\/h3>\n<p>Vi\u00f0 erum lei\u00f0andi OEM einkamerki framlei\u00f0andi og \u00fatflytjandi s\u00fakkula\u00f0i hnetusmj\u00f6rs.<\/p>\n<ul>\n<li><strong>S\u00e9rfr\u00e6\u00f0i\u00feekking:<\/strong> Vi\u00f0 bj\u00f3\u00f0um upp \u00e1 fullkomlega s\u00e9rsni\u00f0nar samsetningar til a\u00f0 passa vi\u00f0 s\u00e9rstakar kr\u00f6fur \u00fe\u00ednar um smekk, \u00e1fer\u00f0 og umb\u00fa\u00f0ir.<\/li>\n<li><strong>Premium hr\u00e1efni:<\/strong> Nota\u00f0u a\u00f0eins bestu g\u00e6\u00f0a jar\u00f0hnetur og s\u00fakkula\u00f0i.<\/li>\n<li><strong>\u00cdtarleg framlei\u00f0sla:<\/strong> N\u00fdjasta a\u00f0sta\u00f0a okkar er b\u00fain h\u00e1\u00fer\u00f3a\u00f0ri framlei\u00f0slul\u00ednum fr\u00e1 Bandar\u00edkjunum, sem tryggir st\u00f6\u00f0ug g\u00e6\u00f0i og skilvirkni \u00ed hverri lotu.<\/li>\n<li><strong>Vottun og g\u00e6\u00f0atrygging:<\/strong> Vi\u00f0 erum me\u00f0 margv\u00edslegar vottanir, \u00fear \u00e1 me\u00f0al BRCGS, Kosher, Halal og HACCP, sem tryggir a\u00f0 fari\u00f0 s\u00e9 a\u00f0 al\u00fej\u00f3\u00f0legum \u00f6ryggis- og g\u00e6\u00f0ast\u00f6\u00f0lum.<\/li>\n<li><strong>Alheimsdreifing:<\/strong> Me\u00f0 mikla reynslu \u00ed al\u00fej\u00f3\u00f0avi\u00f0skiptum flytjum vi\u00f0 \u00fat s\u00fakkula\u00f0ihnetusmj\u00f6r til marka\u00f0a um allan heim, sem tryggir hn\u00f6kralausa flutninga og t\u00edmanlega afhendingu.<\/li>\n<\/ul>\n<h3>Heit efni<\/h3>\n<div class=\"group\/conversation-turn relative flex w-full min-w-0 flex-col agent-turn\">\n<div class=\"flex-col gap-1 md:gap-3\">\n<div class=\"flex max-w-full flex-col flex-grow\">\n<div class=\"min-h-8 text-message flex w-full flex-col items-end gap-2 whitespace-normal break-words [.text-message+&amp;]:mt-5\" dir=\"auto\" data-message-author-role=\"assistant\" data-message-id=\"61c5f9c1-377c-4081-b461-888734723e68\">\n<div class=\"flex w-full flex-col gap-1 empty:hidden first:pt-[3px]\">\n<div class=\"markdown prose w-full break-words dark:prose-invert dark\">\n<ul>\n<li><span style=\"color: #282828;\"><strong>\u00cd eftirr\u00e9ttum<\/strong><\/span><br \/>\n<span style=\"color: #282828;\">Hnetusmj\u00f6r me\u00f0 s\u00fakkula\u00f0i \u00fej\u00f3nar sem fj\u00f6lh\u00e6ft hr\u00e1efni sem eykur verulega g\u00e6\u00f0i og brag\u00f0 eftirr\u00e9tti eins og k\u00f6kur, br\u00fank\u00f6kur og \u00eds. Rj\u00f3mal\u00f6gu\u00f0 \u00e1fer\u00f0 \u00feess og r\u00edkulegt brag\u00f0 gerir \u00fea\u00f0 a\u00f0 fr\u00e1b\u00e6rum f\u00e9laga fyrir baka\u00f0ar v\u00f6rur og s\u00e6lg\u00e6ti.<\/span><\/li>\n<li><span style=\"color: #282828;\"><strong>Heilbrig\u00f0isb\u00e6tur<\/strong><\/span><br \/>\n<span style=\"color: #282828;\">Auk \u00feess a\u00f0 vera \u00f3m\u00f3tst\u00e6\u00f0ilega lj\u00faffengur er \u00feetta smurefni r\u00edkt af pr\u00f3teini, hollri fitu og trefjum, sem veitir l\u00edkamanum n\u00e6ringarstu\u00f0ning. \u00deegar \u00fea\u00f0 er b\u00fai\u00f0 til me\u00f0 d\u00f6kku s\u00fakkula\u00f0i b\u00e6tir \u00fea\u00f0 vi\u00f0 andoxunareiginleikum, sem gefur v\u00f6runni heilsusamlega a\u00f0dr\u00e1ttarafl sem la\u00f0ar a\u00f0 heilsume\u00f0vita\u00f0a neytendur.<\/span><\/li>\n<li><span style=\"color: #282828;\"><strong>Vins\u00e6ldir \u00e1 heimsv\u00edsu<\/strong><\/span><br \/>\n<span style=\"color: #282828;\">\u00dear sem neytendur leita \u00ed auknum m\u00e6li eftir snarl sem setur brag\u00f0laukana \u00feeirra \u00e1 sama t\u00edma og \u00fea\u00f0 er n\u00e6ringarr\u00edkt, hefur s\u00fakkula\u00f0ihnetusmj\u00f6r n\u00e1\u00f0 gr\u00ed\u00f0arlegum vins\u00e6ldum \u00e1 heimsmarka\u00f0i. \u00dea\u00f0 sameinar me\u00f0 g\u00f3\u00f0um \u00e1rangri brag\u00f0 og n\u00e6ringu og vekur mikla a\u00f0d\u00e1un b\u00e6\u00f0i barna og fullor\u00f0inna.<\/span><\/li>\n<li><span style=\"color: #282828;\"><strong>Skapandi notkun<\/strong><\/span><br \/>\n<span style=\"color: #282828;\">Fyrir utan hef\u00f0bundnar p\u00f6run eins og rista\u00f0 brau\u00f0 e\u00f0a samlokur er h\u00e6gt a\u00f0 setja \u00feetta innihaldsefni \u00e1 skapandi h\u00e1tt \u00ed smoothies, orkustangir e\u00f0a nota sem fyllingu fyrir k\u00f6kur. Einst\u00f6k brag\u00f0a\u00f0l\u00f6gunarh\u00e6fni hennar gerir \u00fea\u00f0 kleift a\u00f0 sk\u00edna \u00ed b\u00e6\u00f0i s\u00e6tum og brag\u00f0miklum r\u00e9ttum, sem gerir \u00fea\u00f0 a\u00f0 verkum a\u00f0 hann er undirsta\u00f0a \u00ed m\u00f6rgum heimiliseldh\u00fasum.<\/span><\/li>\n<\/ul>\n<\/div>\n<\/div>\n<\/div>\n<\/div>\n<\/div>\n<\/div>\n<hr \/>\n<h3><img loading=\"lazy\" decoding=\"async\" class=\"alignnone wp-image-1683 size-full\" src=\"https:\/\/www.peanutoem.com\/wp-content\/uploads\/2024\/09\/Chocolate-Peanut-Butter-Served.webp\" alt=\"S\u00fakkula\u00f0i hnetusmj\u00f6r bori\u00f0 fram\" width=\"896\" height=\"1152\" srcset=\"https:\/\/www.peanutoem.com\/wp-content\/uploads\/2024\/09\/Chocolate-Peanut-Butter-Served.webp 896w, https:\/\/www.peanutoem.com\/wp-content\/uploads\/2024\/09\/Chocolate-Peanut-Butter-Served-233x300.webp 233w, https:\/\/www.peanutoem.com\/wp-content\/uploads\/2024\/09\/Chocolate-Peanut-Butter-Served-796x1024.webp 796w, https:\/\/www.peanutoem.com\/wp-content\/uploads\/2024\/09\/Chocolate-Peanut-Butter-Served-768x987.webp 768w, https:\/\/www.peanutoem.com\/wp-content\/uploads\/2024\/09\/Chocolate-Peanut-Butter-Served-9x12.webp 9w, https:\/\/www.peanutoem.com\/wp-content\/uploads\/2024\/09\/Chocolate-Peanut-Butter-Served-600x771.webp 600w\" sizes=\"auto, (max-width: 896px) 100vw, 896px\" \/><\/h3>\n<h3>Algengar spurningar um s\u00fakkula\u00f0i hnetusmj\u00f6r<\/h3>\n<ol>\n<li><strong>Sem lei\u00f0andi OEM framlei\u00f0andi, hva\u00f0 er helsta samkeppnisforskot \u00feitt?<\/strong><br \/>\nVi\u00f0 skerum okkur \u00far vegna \u00feess a\u00f0 vi\u00f0 bj\u00f3\u00f0um upp \u00e1 fj\u00f6lbreytta s\u00e9rsn\u00ed\u00f0a\u00fej\u00f3nustu, veljum h\u00e1g\u00e6\u00f0a hr\u00e1efni og n\u00fdtum h\u00e1\u00fer\u00f3a\u00f0a framlei\u00f0slut\u00e6kni. \u00deetta tryggir a\u00f0 s\u00e9rhver lota af hnetusmj\u00f6ri skarar fram \u00far \u00e1 marka\u00f0num og uppfyllir einstaka \u00fearfir vi\u00f0skiptavina okkar.<\/li>\n<li><strong>Getur \u00fe\u00fa stillt s\u00fakkula\u00f0i-til-hnetuhlutfalli\u00f0 \u00ed samr\u00e6mi vi\u00f0 forskriftirnar m\u00ednar og b\u00fai\u00f0 til s\u00e9rsni\u00f0na form\u00falu fyrir v\u00f6rumerki\u00f0 mitt?<\/strong><br \/>\nAlgj\u00f6rlega! Vi\u00f0 bj\u00f3\u00f0um upp \u00e1 alhli\u00f0a s\u00e9rsni\u00f0na \u00fej\u00f3nustu til a\u00f0 hj\u00e1lpa \u00fe\u00e9r a\u00f0 finna hi\u00f0 fullkomna jafnv\u00e6gi \u00e1 milli s\u00fakkula\u00f0is og jar\u00f0hnetna, \u00e1 sama t\u00edma og vi\u00f0 \u00fer\u00f3um einstaka form\u00falu sem eykur samkeppnish\u00e6fni v\u00f6rumerkisins \u00fe\u00edns \u00e1 marka\u00f0i.<\/li>\n<li><strong>Hva\u00f0a p\u00f6kkunarm\u00f6guleika b\u00fd\u00f0ur \u00fe\u00fa upp \u00e1?<\/strong><br \/>\nVi\u00f0 bj\u00f3\u00f0um upp \u00e1 margs konar umb\u00fa\u00f0alausnir, \u00fear \u00e1 me\u00f0al gl\u00e6silegar krukkur, \u00fe\u00e6gilega kreistupoka og magn\u00edl\u00e1t sem henta fyrir st\u00f3ra geymslu. Allar umb\u00fa\u00f0ir geta veri\u00f0 s\u00e9rsni\u00f0nar til a\u00f0 endurspegla au\u00f0kenni v\u00f6rumerkis \u00fe\u00edns og marka\u00f0sstefnu.<\/li>\n<li><strong>B\u00fd\u00f0ur \u00fe\u00fa upp \u00e1 l\u00edfr\u00e6nt s\u00fakkula\u00f0ihnetusmj\u00f6r og hvernig tryggir \u00fe\u00fa v\u00f6rug\u00e6\u00f0i?<\/strong><br \/>\nJ\u00e1, vi\u00f0 framlei\u00f0um ESB l\u00edfr\u00e6nt votta\u00f0 hnetusmj\u00f6r, gert \u00far hr\u00e1efnum sem uppfylla l\u00edfr\u00e6na sta\u00f0la. A\u00f0 auki h\u00f6fum vi\u00f0 komi\u00f0 \u00e1 f\u00f3t str\u00f6ngu g\u00e6\u00f0astj\u00f3rnunarkerfi, \u00fear \u00e1 me\u00f0al ranns\u00f3knarstofupr\u00f3fum innanh\u00fass, til a\u00f0 tryggja a\u00f0 hver lota uppfylli str\u00f6ngustu kr\u00f6fur um brag\u00f0, \u00e1fer\u00f0 og \u00f6ryggi.<\/li>\n<li><strong>Get \u00e9g be\u00f0i\u00f0 um s\u00fdnishorn til a\u00f0 smakka \u00e1\u00f0ur en \u00e9g panta st\u00f3ra p\u00f6ntun og sty\u00f0ur \u00fe\u00fa al\u00fej\u00f3\u00f0legan \u00fatflutning?<\/strong><br \/>\nVissulega! Vi\u00f0 erum f\u00fas til a\u00f0 veita s\u00fdnishorn fyrir mat \u00feitt fyrir fulla framlei\u00f0slu. \u00dear a\u00f0 auki h\u00f6fum vi\u00f0 mikla reynslu af al\u00fej\u00f3\u00f0legum \u00fatflutningi, sem tryggir a\u00f0 v\u00f6rur \u00fe\u00ednar berist \u00f6rugglega og \u00e1 r\u00e9ttum t\u00edma um allan heim.<\/li>\n<\/ol>\n<a href=\"mailto:globepeanut@gmail.com\" class=\"button primary is-primary is-medium\"  >\n    <span>Sendu okkur t\u00f6lvup\u00f3st<\/span>\n  <\/a>","protected":false},"excerpt":{"rendered":"<table width=\"564\">\n<tbody>\n<tr>\n<td width=\"113\"><strong>V\u00f6ruheiti<\/strong><\/td>\n<td width=\"402\">S\u00fakkula\u00f0i hnetusmj\u00f6r<\/td>\n<\/tr>\n<tr>\n<td width=\"113\"><strong>T\u00e6knil\u00fdsing<\/strong><\/td>\n<td width=\"402\">200gx36, 227gx24, 340gx12, 375gx12, 500gx12, 510gx12, 1kgx12, 10kgx1, 20kgx1, 220kgx1<\/td>\n<\/tr>\n<tr>\n<td width=\"113\"><strong>P\u00f6kkunarey\u00f0ubla\u00f0<\/strong><\/td>\n<td width=\"402\">Krukka, f\u00f6tu, Doy pakki, poki, \u00f6skju, tini, tunna, d\u00f3s, flaska osfrv<\/td>\n<\/tr>\n<tr>\n<td width=\"113\"><strong>Afhendingart\u00edmi<\/strong><\/td>\n<td width=\"402\">7 ~ 20 d\u00f6gum eftir p\u00f6ntun<\/td>\n<\/tr>\n<tr>\n<td width=\"113\"><strong>MOQ<\/strong><\/td>\n<td width=\"402\">Eitt tonn<\/td>\n<\/tr>\n<tr>\n<td width=\"113\"><strong>S\u00fdnishorn<\/strong><\/td>\n<td width=\"402\">\u00d3keypis s\u00fdnishorn \u00ed bo\u00f0i<\/td>\n<\/tr>\n<tr>\n<td width=\"113\"><strong>OEM<\/strong><\/td>\n<td width=\"402\">Merki kaupanda sam\u00feykkt<\/td>\n<\/tr>\n<\/tbody>\n<\/table>\n<p>&nbsp;<\/p>","protected":false},"featured_media":1671,"comment_status":"open","ping_status":"closed","template":"","meta":[],"product_cat":[15],"product_tag":[],"class_list":{"0":"post-1638","1":"product","2":"type-product","3":"status-publish","4":"has-post-thumbnail","6":"product_cat-peanut-butter","8":"first","9":"instock","10":"shipping-taxable","11":"product-type-simple"},"yoast_head":"<!-- This site is optimized with the Yoast SEO plugin v24.9 - https:\/\/yoast.com\/wordpress\/plugins\/seo\/ -->\n<title>Chocolate Peanut Butter Manufacturer OEM - China Peanut Butter Factory<\/title>\n<meta name=\"description\" content=\"Leading chocolate peanut butter OEM private label manufacturer and exporter. Discover premium, customized chocolate peanut butter from us.\" \/>\n<meta name=\"robots\" content=\"index, follow, max-snippet:-1, max-image-preview:large, max-video-preview:-1\" \/>\n<link rel=\"canonical\" href=\"https:\/\/www.peanutoem.com\/is\/manufacturer\/chocolate-peanut-butter\/\" \/>\n<meta property=\"og:locale\" content=\"is_IS\" \/>\n<meta property=\"og:type\" content=\"article\" \/>\n<meta property=\"og:title\" content=\"Chocolate Peanut Butter Manufacturer OEM - China Peanut Butter Factory\" \/>\n<meta property=\"og:description\" content=\"Leading chocolate peanut butter OEM private label manufacturer and exporter. Discover premium, customized chocolate peanut butter from us.\" \/>\n<meta property=\"og:url\" content=\"https:\/\/www.peanutoem.com\/is\/manufacturer\/chocolate-peanut-butter\/\" \/>\n<meta property=\"og:site_name\" content=\"Peanut Butter Factory\" \/>\n<meta property=\"article:modified_time\" content=\"2024-10-06T09:55:00+00:00\" \/>\n<meta property=\"og:image\" content=\"https:\/\/www.peanutoem.com\/wp-content\/uploads\/2024\/09\/Peanut-Butter-Chocolate-Flavor.webp\" \/>\n\t<meta property=\"og:image:width\" content=\"819\" \/>\n\t<meta property=\"og:image:height\" content=\"975\" \/>\n\t<meta property=\"og:image:type\" content=\"image\/webp\" \/>\n<meta name=\"twitter:card\" content=\"summary_large_image\" \/>\n<meta name=\"twitter:label1\" content=\"Est. reading time\" \/>\n\t<meta name=\"twitter:data1\" content=\"4 minutes\" \/>\n<script type=\"application\/ld+json\" class=\"yoast-schema-graph\">{\"@context\":\"https:\/\/schema.org\",\"@graph\":[{\"@type\":\"WebPage\",\"@id\":\"https:\/\/www.peanutoem.com\/manufacturer\/chocolate-peanut-butter\/\",\"url\":\"https:\/\/www.peanutoem.com\/manufacturer\/chocolate-peanut-butter\/\",\"name\":\"Chocolate Peanut Butter Manufacturer OEM - China Peanut Butter Factory\",\"isPartOf\":{\"@id\":\"https:\/\/www.peanutoem.com\/#website\"},\"primaryImageOfPage\":{\"@id\":\"https:\/\/www.peanutoem.com\/manufacturer\/chocolate-peanut-butter\/#primaryimage\"},\"image\":{\"@id\":\"https:\/\/www.peanutoem.com\/manufacturer\/chocolate-peanut-butter\/#primaryimage\"},\"thumbnailUrl\":\"https:\/\/www.peanutoem.com\/wp-content\/uploads\/2024\/09\/Peanut-Butter-Chocolate-Flavor.webp\",\"datePublished\":\"2024-09-10T12:30:11+00:00\",\"dateModified\":\"2024-10-06T09:55:00+00:00\",\"description\":\"Leading chocolate peanut butter OEM private label manufacturer and exporter. Discover premium, customized chocolate peanut butter from us.\",\"breadcrumb\":{\"@id\":\"https:\/\/www.peanutoem.com\/manufacturer\/chocolate-peanut-butter\/#breadcrumb\"},\"inLanguage\":\"is\",\"potentialAction\":[{\"@type\":\"ReadAction\",\"target\":[\"https:\/\/www.peanutoem.com\/manufacturer\/chocolate-peanut-butter\/\"]}]},{\"@type\":\"ImageObject\",\"inLanguage\":\"is\",\"@id\":\"https:\/\/www.peanutoem.com\/manufacturer\/chocolate-peanut-butter\/#primaryimage\",\"url\":\"https:\/\/www.peanutoem.com\/wp-content\/uploads\/2024\/09\/Peanut-Butter-Chocolate-Flavor.webp\",\"contentUrl\":\"https:\/\/www.peanutoem.com\/wp-content\/uploads\/2024\/09\/Peanut-Butter-Chocolate-Flavor.webp\",\"width\":819,\"height\":975,\"caption\":\"Peanut Butter Chocolate Flavor\"},{\"@type\":\"BreadcrumbList\",\"@id\":\"https:\/\/www.peanutoem.com\/manufacturer\/chocolate-peanut-butter\/#breadcrumb\",\"itemListElement\":[{\"@type\":\"ListItem\",\"position\":1,\"name\":\"Home\",\"item\":\"https:\/\/www.peanutoem.com\/\"},{\"@type\":\"ListItem\",\"position\":2,\"name\":\"Products\",\"item\":\"https:\/\/www.peanutoem.com\/shop\/\"},{\"@type\":\"ListItem\",\"position\":3,\"name\":\"Chocolate Peanut Butter\"}]},{\"@type\":\"WebSite\",\"@id\":\"https:\/\/www.peanutoem.com\/#website\",\"url\":\"https:\/\/www.peanutoem.com\/\",\"name\":\"Peanut Butter Factory\",\"description\":\"Peanut Butter Manufacturer and Roast Peanut OEM Factory | Peanut Private Label China Supplier\",\"publisher\":{\"@id\":\"https:\/\/www.peanutoem.com\/#organization\"},\"alternateName\":\"Peanut Butter OEM and Wholesale\",\"potentialAction\":[{\"@type\":\"SearchAction\",\"target\":{\"@type\":\"EntryPoint\",\"urlTemplate\":\"https:\/\/www.peanutoem.com\/?s={search_term_string}\"},\"query-input\":{\"@type\":\"PropertyValueSpecification\",\"valueRequired\":true,\"valueName\":\"search_term_string\"}}],\"inLanguage\":\"is\"},{\"@type\":\"Organization\",\"@id\":\"https:\/\/www.peanutoem.com\/#organization\",\"name\":\"Peanut Butter Factory\",\"alternateName\":\"JuFeng Group\",\"url\":\"https:\/\/www.peanutoem.com\/\",\"logo\":{\"@type\":\"ImageObject\",\"inLanguage\":\"is\",\"@id\":\"https:\/\/www.peanutoem.com\/#\/schema\/logo\/image\/\",\"url\":\"https:\/\/www.peanutoem.com\/wp-content\/uploads\/2024\/09\/JUFENG-LOGO.png\",\"contentUrl\":\"https:\/\/www.peanutoem.com\/wp-content\/uploads\/2024\/09\/JUFENG-LOGO.png\",\"width\":600,\"height\":170,\"caption\":\"Peanut Butter Factory\"},\"image\":{\"@id\":\"https:\/\/www.peanutoem.com\/#\/schema\/logo\/image\/\"}}]}<\/script>\n<!-- \/ Yoast SEO plugin. -->","yoast_head_json":{"title":"Chocolate Peanut Butter Manufacturer OEM - China Peanut Butter Factory","description":"Leading chocolate peanut butter OEM private label manufacturer and exporter. Discover premium, customized chocolate peanut butter from us.","robots":{"index":"index","follow":"follow","max-snippet":"max-snippet:-1","max-image-preview":"max-image-preview:large","max-video-preview":"max-video-preview:-1"},"canonical":"https:\/\/www.peanutoem.com\/is\/manufacturer\/chocolate-peanut-butter\/","og_locale":"is_IS","og_type":"article","og_title":"Chocolate Peanut Butter Manufacturer OEM - China Peanut Butter Factory","og_description":"Leading chocolate peanut butter OEM private label manufacturer and exporter. Discover premium, customized chocolate peanut butter from us.","og_url":"https:\/\/www.peanutoem.com\/is\/manufacturer\/chocolate-peanut-butter\/","og_site_name":"Peanut Butter Factory","article_modified_time":"2024-10-06T09:55:00+00:00","og_image":[{"width":819,"height":975,"url":"https:\/\/www.peanutoem.com\/wp-content\/uploads\/2024\/09\/Peanut-Butter-Chocolate-Flavor.webp","type":"image\/webp"}],"twitter_card":"summary_large_image","twitter_misc":{"Est. reading time":"4 minutes"},"schema":{"@context":"https:\/\/schema.org","@graph":[{"@type":"WebPage","@id":"https:\/\/www.peanutoem.com\/manufacturer\/chocolate-peanut-butter\/","url":"https:\/\/www.peanutoem.com\/manufacturer\/chocolate-peanut-butter\/","name":"Chocolate Peanut Butter Manufacturer OEM - China Peanut Butter Factory","isPartOf":{"@id":"https:\/\/www.peanutoem.com\/#website"},"primaryImageOfPage":{"@id":"https:\/\/www.peanutoem.com\/manufacturer\/chocolate-peanut-butter\/#primaryimage"},"image":{"@id":"https:\/\/www.peanutoem.com\/manufacturer\/chocolate-peanut-butter\/#primaryimage"},"thumbnailUrl":"https:\/\/www.peanutoem.com\/wp-content\/uploads\/2024\/09\/Peanut-Butter-Chocolate-Flavor.webp","datePublished":"2024-09-10T12:30:11+00:00","dateModified":"2024-10-06T09:55:00+00:00","description":"Leading chocolate peanut butter OEM private label manufacturer and exporter. Discover premium, customized chocolate peanut butter from us.","breadcrumb":{"@id":"https:\/\/www.peanutoem.com\/manufacturer\/chocolate-peanut-butter\/#breadcrumb"},"inLanguage":"is","potentialAction":[{"@type":"ReadAction","target":["https:\/\/www.peanutoem.com\/manufacturer\/chocolate-peanut-butter\/"]}]},{"@type":"ImageObject","inLanguage":"is","@id":"https:\/\/www.peanutoem.com\/manufacturer\/chocolate-peanut-butter\/#primaryimage","url":"https:\/\/www.peanutoem.com\/wp-content\/uploads\/2024\/09\/Peanut-Butter-Chocolate-Flavor.webp","contentUrl":"https:\/\/www.peanutoem.com\/wp-content\/uploads\/2024\/09\/Peanut-Butter-Chocolate-Flavor.webp","width":819,"height":975,"caption":"Peanut Butter Chocolate Flavor"},{"@type":"BreadcrumbList","@id":"https:\/\/www.peanutoem.com\/manufacturer\/chocolate-peanut-butter\/#breadcrumb","itemListElement":[{"@type":"ListItem","position":1,"name":"Home","item":"https:\/\/www.peanutoem.com\/"},{"@type":"ListItem","position":2,"name":"Products","item":"https:\/\/www.peanutoem.com\/shop\/"},{"@type":"ListItem","position":3,"name":"Chocolate Peanut Butter"}]},{"@type":"WebSite","@id":"https:\/\/www.peanutoem.com\/#website","url":"https:\/\/www.peanutoem.com\/","name":"Peanut Butter Factory","description":"Peanut Butter Manufacturer and Roast Peanut OEM Factory | Peanut Private Label China Supplier","publisher":{"@id":"https:\/\/www.peanutoem.com\/#organization"},"alternateName":"Peanut Butter OEM and Wholesale","potentialAction":[{"@type":"SearchAction","target":{"@type":"EntryPoint","urlTemplate":"https:\/\/www.peanutoem.com\/?s={search_term_string}"},"query-input":{"@type":"PropertyValueSpecification","valueRequired":true,"valueName":"search_term_string"}}],"inLanguage":"is"},{"@type":"Organization","@id":"https:\/\/www.peanutoem.com\/#organization","name":"Peanut Butter Factory","alternateName":"JuFeng Group","url":"https:\/\/www.peanutoem.com\/","logo":{"@type":"ImageObject","inLanguage":"is","@id":"https:\/\/www.peanutoem.com\/#\/schema\/logo\/image\/","url":"https:\/\/www.peanutoem.com\/wp-content\/uploads\/2024\/09\/JUFENG-LOGO.png","contentUrl":"https:\/\/www.peanutoem.com\/wp-content\/uploads\/2024\/09\/JUFENG-LOGO.png","width":600,"height":170,"caption":"Peanut Butter Factory"},"image":{"@id":"https:\/\/www.peanutoem.com\/#\/schema\/logo\/image\/"}}]}},"_links":{"self":[{"href":"https:\/\/www.peanutoem.com\/is\/wp-json\/wp\/v2\/product\/1638","targetHints":{"allow":["GET"]}}],"collection":[{"href":"https:\/\/www.peanutoem.com\/is\/wp-json\/wp\/v2\/product"}],"about":[{"href":"https:\/\/www.peanutoem.com\/is\/wp-json\/wp\/v2\/types\/product"}],"replies":[{"embeddable":true,"href":"https:\/\/www.peanutoem.com\/is\/wp-json\/wp\/v2\/comments?post=1638"}],"wp:featuredmedia":[{"embeddable":true,"href":"https:\/\/www.peanutoem.com\/is\/wp-json\/wp\/v2\/media\/1671"}],"wp:attachment":[{"href":"https:\/\/www.peanutoem.com\/is\/wp-json\/wp\/v2\/media?parent=1638"}],"wp:term":[{"taxonomy":"product_cat","embeddable":true,"href":"https:\/\/www.peanutoem.com\/is\/wp-json\/wp\/v2\/product_cat?post=1638"},{"taxonomy":"product_tag","embeddable":true,"href":"https:\/\/www.peanutoem.com\/is\/wp-json\/wp\/v2\/product_tag?post=1638"}],"curies":[{"name":"wp","href":"https:\/\/api.w.org\/{rel}","templated":true}]}}